{"id":8470,"date":"2025-05-23T00:35:57","date_gmt":"2025-05-23T00:35:57","guid":{"rendered":"https:\/\/vitablanca.ma\/?post_type=product&#038;p=8470"},"modified":"2025-07-23T16:50:51","modified_gmt":"2025-07-23T16:50:51","slug":"now-foods-kelp-325-mcg-iode-naturel-250-gelules-vegetales-maroc","status":"publish","type":"product","link":"https:\/\/vitablanca.ma\/en\/product\/now-foods-kelp-325-mcg-iode-naturel-250-gelules-vegetales-maroc\/","title":{"rendered":"Now Foods Kelp 325 mcg, Natural Iodine, 250 Veggie Caplets"},"content":{"rendered":"<p>SUPER GREENS \/ 325 mcg D\u2019IODE NATURELLE: NOW Kelp offre le profil nutritif naturel pr\u00e9sent dans les aliments Whole Whole.\u00a0Prendre 1 capsule par jour avec un repas.<\/p>\n\n\n\n<p>SUPPORTS HEALTHY THYROID FUNCTION*: Kelp is an excellent source of iodine, which has been shown to be essential for healthy thyroid function.*<\/p>\n\n\n\n<p>CLASSIFICATIONS \/ CERTIFICATIONS: Non-GMO, Kosher, Dairy-free, Egg-free, Nut-free, Soy-free, Vegan\/Vegetarian<\/p>\n\n\n\n<p>GMP Quality Assured: GMP A NPA A certification means that every aspect of NOW&#039;s manufacturing process has been reviewed, including our laboratory methods\/testing (for product stability, potency, and formulation).<\/p>\n\n\n\n<p>Le varech est une grande algue feuillue appartenant \u00e0 la famille des algues brunes qui pousse dans les \u00ab\u00a0for\u00eats\u00a0\u00bb des eaux plus froides des oc\u00e9ans du monde.\u00a0Le varech est utilis\u00e9 depuis des si\u00e8cles comme ingr\u00e9dient de base nutritif dans les cuisines chinoise, japonaise et cor\u00e9enne.\u00a0C\u2019est \u00e9galement une excellente source d\u2019iode, qui s\u2019est av\u00e9r\u00e9 essentiel pour la sant\u00e9 de la fonction thyro\u00efdienne. * NOW Kelp fournit le profil nutritionnel naturel que l\u2019on trouve dans les aliments Whole Whole.\u00a0Prendre 1 capsule par jour avec un repas.<a href=\"https:\/\/www.jumia.ma\/customer\/account\/login\/?tkWl=NO879DV1LI7K1NAFAMZ-22492568&return=%2Fnow-foods-kelp-325-mcg-iode-naturel-250-gelules-vegetales-31778569.html\"><\/a><\/p>","protected":false},"excerpt":{"rendered":"<ul class=\"a-unordered-list a-vertical a-spacing-none\">\n<li>SUPPORTS HEALTHY THYROID FUNCTION<\/li>\n<li>GMP quality assured<\/li>\n<li>Kelp has been used for centuries as a nutritious staple ingredient in Chinese, Japanese, and Korean cuisines.<\/li>\n<\/ul>","protected":false},"featured_media":8471,"template":"","meta":{"om_disable_all_campaigns":false},"product_brand":[83],"product_cat":[18],"product_tag":[1055,1056,1052,1050,1053,1049,91,388,726,1048,1051,1054],"class_list":{"0":"post-8470","1":"product","2":"type-product","3":"status-publish","4":"has-post-thumbnail","6":"product_brand-now-foods-maroc-prix","7":"product_cat-beaute-sante","8":"product_tag-algue-varech","9":"product_tag-complement-iode-maroc","10":"product_tag-fonction-metabolique","11":"product_tag-iode-naturel","12":"product_tag-kelp-325-mcg","13":"product_tag-now-foods-kelp","14":"product_tag-now-foods-maroc","15":"product_tag-now-foods-maroc-avis","16":"product_tag-now-foods-maroc-prix","17":"product_tag-sante-thyroidienne","18":"product_tag-soutien-thyroide","19":"product_tag-supplement-naturel-iode","21":"first","22":"instock","23":"taxable","24":"shipping-taxable","25":"purchasable","26":"product-type-simple"},"yoast_head":"<!-- This site is optimized with the Yoast SEO plugin v27.5 - https:\/\/yoast.com\/product\/yoast-seo-wordpress\/ -->\n<title>Now Foods Kelp 325 mcg, Iode Naturel, 250 G\u00e9lules - Maroc Prix<\/title>\n<meta name=\"description\" content=\"Now Foods Kelp (Iode Naturel) 325 mcg Soutien thyro\u00efdien &amp; m\u00e9tabolique 250 v\u00e9g\u00e9-g\u00e9lules). Vitalit\u00e9. Disponible au Maroc !\" \/>\n<meta name=\"robots\" content=\"index, follow, max-snippet:-1, max-image-preview:large, max-video-preview:-1\" \/>\n<link rel=\"canonical\" href=\"https:\/\/vitablanca.ma\/en\/product\/now-foods-kelp-325-mcg-iode-naturel-250-gelules-vegetales-maroc\/\" \/>\n<meta property=\"og:locale\" content=\"en_US\" \/>\n<meta property=\"og:type\" content=\"article\" \/>\n<meta property=\"og:title\" content=\"Now Foods Kelp 325 mcg, Iode Naturel, 250 G\u00e9lules - Maroc Prix\" \/>\n<meta property=\"og:description\" content=\"Now Foods Kelp (Iode Naturel) 325 mcg Soutien thyro\u00efdien &amp; m\u00e9tabolique 250 v\u00e9g\u00e9-g\u00e9lules). Vitalit\u00e9. Disponible au Maroc !\" \/>\n<meta property=\"og:url\" content=\"https:\/\/vitablanca.ma\/en\/product\/now-foods-kelp-325-mcg-iode-naturel-250-gelules-vegetales-maroc\/\" \/>\n<meta property=\"og:site_name\" content=\"Vitablanca.ma &ndash; Sant&eacute;, vitalit&eacute; et bien-&ecirc;tre pour tous les Marocains\" \/>\n<meta property=\"article:publisher\" content=\"https:\/\/www.facebook.com\/profile.php?id=61576678196717\" \/>\n<meta property=\"article:modified_time\" content=\"2025-07-23T16:50:51+00:00\" \/>\n<meta property=\"og:image\" content=\"https:\/\/vitablanca.ma\/wp-content\/uploads\/2025\/05\/now-foods-kelp-325-mcg-iode-naturel-250-gelules-vegetales-.jpg\" \/>\n\t<meta property=\"og:image:width\" content=\"680\" \/>\n\t<meta property=\"og:image:height\" content=\"680\" \/>\n\t<meta property=\"og:image:type\" content=\"image\/jpeg\" \/>\n<meta name=\"twitter:card\" content=\"summary_large_image\" \/>\n<meta name=\"twitter:label1\" content=\"Est. reading time\" \/>\n\t<meta name=\"twitter:data1\" content=\"2 minutes\" \/>\n<script type=\"application\/ld+json\" class=\"yoast-schema-graph\">{\"@context\":\"https:\\\/\\\/schema.org\",\"@graph\":[{\"@type\":[\"WebPage\",\"ItemPage\"],\"@id\":\"https:\\\/\\\/vitablanca.ma\\\/produit\\\/now-foods-kelp-325-mcg-iode-naturel-250-gelules-vegetales-maroc\\\/\",\"url\":\"https:\\\/\\\/vitablanca.ma\\\/produit\\\/now-foods-kelp-325-mcg-iode-naturel-250-gelules-vegetales-maroc\\\/\",\"name\":\"Now Foods Kelp 325 mcg, Iode Naturel, 250 G\u00e9lules - Maroc Prix\",\"isPartOf\":{\"@id\":\"https:\\\/\\\/vitablanca.ma\\\/#website\"},\"primaryImageOfPage\":{\"@id\":\"https:\\\/\\\/vitablanca.ma\\\/produit\\\/now-foods-kelp-325-mcg-iode-naturel-250-gelules-vegetales-maroc\\\/#primaryimage\"},\"image\":{\"@id\":\"https:\\\/\\\/vitablanca.ma\\\/produit\\\/now-foods-kelp-325-mcg-iode-naturel-250-gelules-vegetales-maroc\\\/#primaryimage\"},\"thumbnailUrl\":\"https:\\\/\\\/vitablanca.ma\\\/wp-content\\\/uploads\\\/2025\\\/05\\\/now-foods-kelp-325-mcg-iode-naturel-250-gelules-vegetales-.jpg\",\"datePublished\":\"2025-05-23T00:35:57+00:00\",\"dateModified\":\"2025-07-23T16:50:51+00:00\",\"description\":\"Now Foods Kelp (Iode Naturel) 325 mcg Soutien thyro\u00efdien & m\u00e9tabolique 250 v\u00e9g\u00e9-g\u00e9lules). Vitalit\u00e9. Disponible au Maroc !\",\"breadcrumb\":{\"@id\":\"https:\\\/\\\/vitablanca.ma\\\/produit\\\/now-foods-kelp-325-mcg-iode-naturel-250-gelules-vegetales-maroc\\\/#breadcrumb\"},\"inLanguage\":\"en-US\",\"potentialAction\":[{\"@type\":\"ReadAction\",\"target\":[\"https:\\\/\\\/vitablanca.ma\\\/produit\\\/now-foods-kelp-325-mcg-iode-naturel-250-gelules-vegetales-maroc\\\/\"]}]},{\"@type\":\"ImageObject\",\"inLanguage\":\"en-US\",\"@id\":\"https:\\\/\\\/vitablanca.ma\\\/produit\\\/now-foods-kelp-325-mcg-iode-naturel-250-gelules-vegetales-maroc\\\/#primaryimage\",\"url\":\"https:\\\/\\\/vitablanca.ma\\\/wp-content\\\/uploads\\\/2025\\\/05\\\/now-foods-kelp-325-mcg-iode-naturel-250-gelules-vegetales-.jpg\",\"contentUrl\":\"https:\\\/\\\/vitablanca.ma\\\/wp-content\\\/uploads\\\/2025\\\/05\\\/now-foods-kelp-325-mcg-iode-naturel-250-gelules-vegetales-.jpg\",\"width\":680,\"height\":680},{\"@type\":\"BreadcrumbList\",\"@id\":\"https:\\\/\\\/vitablanca.ma\\\/produit\\\/now-foods-kelp-325-mcg-iode-naturel-250-gelules-vegetales-maroc\\\/#breadcrumb\",\"itemListElement\":[{\"@type\":\"ListItem\",\"position\":1,\"name\":\"Home\",\"item\":\"https:\\\/\\\/vitablanca.ma\\\/\"},{\"@type\":\"ListItem\",\"position\":2,\"name\":\"Tous Les Produits\",\"item\":\"https:\\\/\\\/vitablanca.ma\\\/tous-les-produits\\\/\"},{\"@type\":\"ListItem\",\"position\":3,\"name\":\"Now Foods Kelp 325 mcg, Iode Naturel, 250 G\u00e9lules V\u00e9g\u00e9tales\"}]},{\"@type\":\"WebSite\",\"@id\":\"https:\\\/\\\/vitablanca.ma\\\/#website\",\"url\":\"https:\\\/\\\/vitablanca.ma\\\/\",\"name\":\"VitaBlanca.ma | Compl\u00e9ments alimentaires, sant\u00e9 & beaut\u00e9 au Maroc\",\"description\":\"vendre vitamines et compl\u00e9ments premium des USA &amp; Canada, Nouvelle Z\u00e9lande,Maroc (NOW Foods, Solgar, Manuka). Livraison rapide partout au Maroc.\",\"publisher\":{\"@id\":\"https:\\\/\\\/vitablanca.ma\\\/#organization\"},\"alternateName\":\"VitaBlanca.ma\",\"potentialAction\":[{\"@type\":\"SearchAction\",\"target\":{\"@type\":\"EntryPoint\",\"urlTemplate\":\"https:\\\/\\\/vitablanca.ma\\\/?s={search_term_string}\"},\"query-input\":{\"@type\":\"PropertyValueSpecification\",\"valueRequired\":true,\"valueName\":\"search_term_string\"}}],\"inLanguage\":\"en-US\"},{\"@type\":\"Organization\",\"@id\":\"https:\\\/\\\/vitablanca.ma\\\/#organization\",\"name\":\"VitaBlanca\",\"url\":\"https:\\\/\\\/vitablanca.ma\\\/\",\"logo\":{\"@type\":\"ImageObject\",\"inLanguage\":\"en-US\",\"@id\":\"https:\\\/\\\/vitablanca.ma\\\/#\\\/schema\\\/logo\\\/image\\\/\",\"url\":\"https:\\\/\\\/vitablanca.ma\\\/wp-content\\\/uploads\\\/2025\\\/05\\\/cropped-vitablanca.png\",\"contentUrl\":\"https:\\\/\\\/vitablanca.ma\\\/wp-content\\\/uploads\\\/2025\\\/05\\\/cropped-vitablanca.png\",\"width\":360,\"height\":67,\"caption\":\"VitaBlanca\"},\"image\":{\"@id\":\"https:\\\/\\\/vitablanca.ma\\\/#\\\/schema\\\/logo\\\/image\\\/\"},\"sameAs\":[\"https:\\\/\\\/www.facebook.com\\\/profile.php?id=61576678196717\",\"https:\\\/\\\/www.tiktok.com\\\/@vitablanca.ma\",\"https:\\\/\\\/www.instagram.com\\\/vitablanca.ma\\\/\"]}]}<\/script>\n<!-- \/ Yoast SEO plugin. -->","yoast_head_json":{"title":"Now Foods Kelp 325 mcg, Natural Iodine, 250 Capsules - Morocco Price","description":"Now Foods Kelp (Natural Iodine) 325 mcg Thyroid &amp; Metabolic Support 250 Veggie Caplets). Vitality. Available in Morocco!","robots":{"index":"index","follow":"follow","max-snippet":"max-snippet:-1","max-image-preview":"max-image-preview:large","max-video-preview":"max-video-preview:-1"},"canonical":"https:\/\/vitablanca.ma\/en\/product\/now-foods-kelp-325-mcg-iode-naturel-250-gelules-vegetales-maroc\/","og_locale":"en_US","og_type":"article","og_title":"Now Foods Kelp 325 mcg, Iode Naturel, 250 G\u00e9lules - Maroc Prix","og_description":"Now Foods Kelp (Iode Naturel) 325 mcg Soutien thyro\u00efdien & m\u00e9tabolique 250 v\u00e9g\u00e9-g\u00e9lules). Vitalit\u00e9. Disponible au Maroc !","og_url":"https:\/\/vitablanca.ma\/en\/product\/now-foods-kelp-325-mcg-iode-naturel-250-gelules-vegetales-maroc\/","og_site_name":"Vitablanca.ma &ndash; Sant&eacute;, vitalit&eacute; et bien-&ecirc;tre pour tous les Marocains","article_publisher":"https:\/\/www.facebook.com\/profile.php?id=61576678196717","article_modified_time":"2025-07-23T16:50:51+00:00","og_image":[{"width":680,"height":680,"url":"https:\/\/vitablanca.ma\/wp-content\/uploads\/2025\/05\/now-foods-kelp-325-mcg-iode-naturel-250-gelules-vegetales-.jpg","type":"image\/jpeg"}],"twitter_card":"summary_large_image","twitter_misc":{"Est. reading time":"2 minutes"},"schema":{"@context":"https:\/\/schema.org","@graph":[{"@type":["WebPage","ItemPage"],"@id":"https:\/\/vitablanca.ma\/produit\/now-foods-kelp-325-mcg-iode-naturel-250-gelules-vegetales-maroc\/","url":"https:\/\/vitablanca.ma\/produit\/now-foods-kelp-325-mcg-iode-naturel-250-gelules-vegetales-maroc\/","name":"Now Foods Kelp 325 mcg, Natural Iodine, 250 Capsules - Morocco Price","isPartOf":{"@id":"https:\/\/vitablanca.ma\/#website"},"primaryImageOfPage":{"@id":"https:\/\/vitablanca.ma\/produit\/now-foods-kelp-325-mcg-iode-naturel-250-gelules-vegetales-maroc\/#primaryimage"},"image":{"@id":"https:\/\/vitablanca.ma\/produit\/now-foods-kelp-325-mcg-iode-naturel-250-gelules-vegetales-maroc\/#primaryimage"},"thumbnailUrl":"https:\/\/vitablanca.ma\/wp-content\/uploads\/2025\/05\/now-foods-kelp-325-mcg-iode-naturel-250-gelules-vegetales-.jpg","datePublished":"2025-05-23T00:35:57+00:00","dateModified":"2025-07-23T16:50:51+00:00","description":"Now Foods Kelp (Natural Iodine) 325 mcg Thyroid &amp; Metabolic Support 250 Veggie Caplets). Vitality. Available in Morocco!","breadcrumb":{"@id":"https:\/\/vitablanca.ma\/produit\/now-foods-kelp-325-mcg-iode-naturel-250-gelules-vegetales-maroc\/#breadcrumb"},"inLanguage":"en-US","potentialAction":[{"@type":"ReadAction","target":["https:\/\/vitablanca.ma\/produit\/now-foods-kelp-325-mcg-iode-naturel-250-gelules-vegetales-maroc\/"]}]},{"@type":"ImageObject","inLanguage":"en-US","@id":"https:\/\/vitablanca.ma\/produit\/now-foods-kelp-325-mcg-iode-naturel-250-gelules-vegetales-maroc\/#primaryimage","url":"https:\/\/vitablanca.ma\/wp-content\/uploads\/2025\/05\/now-foods-kelp-325-mcg-iode-naturel-250-gelules-vegetales-.jpg","contentUrl":"https:\/\/vitablanca.ma\/wp-content\/uploads\/2025\/05\/now-foods-kelp-325-mcg-iode-naturel-250-gelules-vegetales-.jpg","width":680,"height":680},{"@type":"BreadcrumbList","@id":"https:\/\/vitablanca.ma\/produit\/now-foods-kelp-325-mcg-iode-naturel-250-gelules-vegetales-maroc\/#breadcrumb","itemListElement":[{"@type":"ListItem","position":1,"name":"Home","item":"https:\/\/vitablanca.ma\/"},{"@type":"ListItem","position":2,"name":"Tous Les Produits","item":"https:\/\/vitablanca.ma\/tous-les-produits\/"},{"@type":"ListItem","position":3,"name":"Now Foods Kelp 325 mcg, Iode Naturel, 250 G\u00e9lules V\u00e9g\u00e9tales"}]},{"@type":"WebSite","@id":"https:\/\/vitablanca.ma\/#website","url":"https:\/\/vitablanca.ma\/","name":"VitaBlanca.ma | Food supplements, health &amp; beauty in Morocco","description":"sell premium vitamins and supplements from USA &amp; Canada, New Zealand, Morocco (NOW Foods, Solgar, Manuka). Fast delivery anywhere in Morocco.","publisher":{"@id":"https:\/\/vitablanca.ma\/#organization"},"alternateName":"VitaBlanca.ma","potentialAction":[{"@type":"SearchAction","target":{"@type":"EntryPoint","urlTemplate":"https:\/\/vitablanca.ma\/?s={search_term_string}"},"query-input":{"@type":"PropertyValueSpecification","valueRequired":true,"valueName":"search_term_string"}}],"inLanguage":"en-US"},{"@type":"Organization","@id":"https:\/\/vitablanca.ma\/#organization","name":"VitaBlanca","url":"https:\/\/vitablanca.ma\/","logo":{"@type":"ImageObject","inLanguage":"en-US","@id":"https:\/\/vitablanca.ma\/#\/schema\/logo\/image\/","url":"https:\/\/vitablanca.ma\/wp-content\/uploads\/2025\/05\/cropped-vitablanca.png","contentUrl":"https:\/\/vitablanca.ma\/wp-content\/uploads\/2025\/05\/cropped-vitablanca.png","width":360,"height":67,"caption":"VitaBlanca"},"image":{"@id":"https:\/\/vitablanca.ma\/#\/schema\/logo\/image\/"},"sameAs":["https:\/\/www.facebook.com\/profile.php?id=61576678196717","https:\/\/www.tiktok.com\/@vitablanca.ma","https:\/\/www.instagram.com\/vitablanca.ma\/"]}]}},"jetpack_sharing_enabled":true,"_links":{"self":[{"href":"https:\/\/vitablanca.ma\/en\/wp-json\/wp\/v2\/product\/8470","targetHints":{"allow":["GET"]}}],"collection":[{"href":"https:\/\/vitablanca.ma\/en\/wp-json\/wp\/v2\/product"}],"about":[{"href":"https:\/\/vitablanca.ma\/en\/wp-json\/wp\/v2\/types\/product"}],"wp:featuredmedia":[{"embeddable":true,"href":"https:\/\/vitablanca.ma\/en\/wp-json\/wp\/v2\/media\/8471"}],"wp:attachment":[{"href":"https:\/\/vitablanca.ma\/en\/wp-json\/wp\/v2\/media?parent=8470"}],"wp:term":[{"taxonomy":"product_brand","embeddable":true,"href":"https:\/\/vitablanca.ma\/en\/wp-json\/wp\/v2\/product_brand?post=8470"},{"taxonomy":"product_cat","embeddable":true,"href":"https:\/\/vitablanca.ma\/en\/wp-json\/wp\/v2\/product_cat?post=8470"},{"taxonomy":"product_tag","embeddable":true,"href":"https:\/\/vitablanca.ma\/en\/wp-json\/wp\/v2\/product_tag?post=8470"}],"curies":[{"name":"wp","href":"https:\/\/api.w.org\/{rel}","templated":true}]}}