{"id":8467,"date":"2025-05-23T00:25:42","date_gmt":"2025-05-23T00:25:42","guid":{"rendered":"https:\/\/vitablanca.ma\/?post_type=product&#038;p=8467"},"modified":"2025-10-09T09:49:03","modified_gmt":"2025-10-09T09:49:03","slug":"now-foods-zma-90-gelules-maroc","status":"publish","type":"product","link":"https:\/\/vitablanca.ma\/en\/product\/now-foods-zma-90-gelules-maroc\/","title":{"rendered":"Now Foods ZMA (Zinc, Magnesium and Vitamin B-6) \u2013 90 Capsules."},"content":{"rendered":"<p>ZMA\u00a0\u00ae\u00a0est une combinaison de zinc, de magn\u00e9sium et de vitamine B-6 con\u00e7ue pour maximiser l\u2019absorption et favoriser la r\u00e9cup\u00e9ration apr\u00e8s l\u2019exercice. * Le zinc joue un r\u00f4le central dans la r\u00e9gulation de la croissance cellulaire et la r\u00e9paration des tissus, ainsi que dans le maintien d\u2019une immunit\u00e9 saine. Le magn\u00e9sium est essentiel au maintien de l\u2019\u00e9quilibre \u00e9lectrolytique, de la production d\u2019\u00e9nergie et du fonctionnement neuromusculaire normal. * L\u2019activit\u00e9 physique pouvant accro\u00eetre le besoin de ces deux min\u00e9raux, ZMA\u00a0\u00ae\u00a0est le compl\u00e9ment id\u00e9al pour faciliter leur r\u00e9approvisionnement. *<\/p>\n\n\n\n<p><strong>Zinc, magnesium, B-6<\/strong><\/p>\n\n\n\n<p><strong>Muscle strength*<\/strong><\/p>\n\n\n\n<p><strong>Improved absorption<\/strong><a href=\"https:\/\/www.jumia.ma\/customer\/account\/login\/?tkWl=NO879DV0O82U9NAFAMZ-22492636&return=%2Fzma-90-gelules-now-foods-mpg912158.html\"><\/a><\/p>","protected":false},"excerpt":{"rendered":"<ul>\n<li>Zinc, magnesium, B-6<\/li>\n<li>Muscle strength*<\/li>\n<li>Improved absorption<\/li>\n<\/ul>","protected":false},"featured_media":8468,"template":"","meta":[],"product_brand":[83],"product_cat":[18],"product_tag":[1046,91,388,726,1041,1040,1045,1042,1047,1043,1039,1044],"class_list":{"0":"post-8467","1":"product","2":"type-product","3":"status-publish","4":"has-post-thumbnail","6":"product_brand-now-foods-maroc-prix","7":"product_cat-beaute-sante","8":"product_tag-complement-sportif","9":"product_tag-now-foods-maroc","10":"product_tag-now-foods-maroc-avis","11":"product_tag-now-foods-maroc-prix","12":"product_tag-now-foods-zma","13":"product_tag-performance-naturelle","14":"product_tag-recuperation-musculaire","15":"product_tag-supplement-zma","16":"product_tag-testosterone-naturelle","17":"product_tag-zinc-magnesium-b6","18":"product_tag-zma-maroc","19":"product_tag-zma-recuperation-sommeil","21":"first","22":"instock","23":"sale","24":"taxable","25":"shipping-taxable","26":"purchasable","27":"product-type-simple"},"yoast_head":"<!-- This site is optimized with the Yoast SEO plugin v27.6 - https:\/\/yoast.com\/product\/yoast-seo-wordpress\/ -->\n<title>Now Foods ZMA - Zinc, Magnesium and Vitamin B-6 - Maroc Prix<\/title>\n<meta name=\"description\" content=\"Achetez Now Foods ZMA (90 g\u00e9lules) au Maroc. Ce compl\u00e9ment synergique de Zinc, Magn\u00e9sium et Vitamine B6 favorise la r\u00e9cup\u00e9ration musculaire, un sommeil r\u00e9parateur et soutient les niveaux de testost\u00e9rone. Id\u00e9al pour les sportifs et le bien-\u00eatre g\u00e9n\u00e9ral. Livraison rapide partout au Maroc!\" \/>\n<meta name=\"robots\" content=\"index, follow, max-snippet:-1, max-image-preview:large, max-video-preview:-1\" \/>\n<link rel=\"canonical\" href=\"https:\/\/vitablanca.ma\/en\/product\/now-foods-zma-90-gelules-maroc\/\" \/>\n<meta property=\"og:locale\" content=\"en_US\" \/>\n<meta property=\"og:type\" content=\"article\" \/>\n<meta property=\"og:title\" content=\"Now Foods ZMA - Zinc, Magnesium and Vitamin B-6 - Maroc Prix\" \/>\n<meta property=\"og:description\" content=\"Achetez Now Foods ZMA (90 g\u00e9lules) au Maroc. Ce compl\u00e9ment synergique de Zinc, Magn\u00e9sium et Vitamine B6 favorise la r\u00e9cup\u00e9ration musculaire, un sommeil r\u00e9parateur et soutient les niveaux de testost\u00e9rone. Id\u00e9al pour les sportifs et le bien-\u00eatre g\u00e9n\u00e9ral. Livraison rapide partout au Maroc!\" \/>\n<meta property=\"og:url\" content=\"https:\/\/vitablanca.ma\/en\/product\/now-foods-zma-90-gelules-maroc\/\" \/>\n<meta property=\"og:site_name\" content=\"Vitablanca.ma &ndash; Sant&eacute;, vitalit&eacute; et bien-&ecirc;tre pour tous les Marocains\" \/>\n<meta property=\"article:publisher\" content=\"https:\/\/www.facebook.com\/profile.php?id=61576678196717\" \/>\n<meta property=\"article:modified_time\" content=\"2025-10-09T09:49:03+00:00\" \/>\n<meta property=\"og:image\" content=\"https:\/\/vitablanca.ma\/wp-content\/uploads\/2025\/05\/zma-90-gelules-now-foods-.jpg\" \/>\n\t<meta property=\"og:image:width\" content=\"680\" \/>\n\t<meta property=\"og:image:height\" content=\"680\" \/>\n\t<meta property=\"og:image:type\" content=\"image\/jpeg\" \/>\n<meta name=\"twitter:card\" content=\"summary_large_image\" \/>\n<meta name=\"twitter:label1\" content=\"Est. reading time\" \/>\n\t<meta name=\"twitter:data1\" content=\"1 minute\" \/>\n<script type=\"application\/ld+json\" class=\"yoast-schema-graph\">{\"@context\":\"https:\\\/\\\/schema.org\",\"@graph\":[{\"@type\":[\"WebPage\",\"ItemPage\"],\"@id\":\"https:\\\/\\\/vitablanca.ma\\\/produit\\\/now-foods-zma-90-gelules-maroc\\\/\",\"url\":\"https:\\\/\\\/vitablanca.ma\\\/produit\\\/now-foods-zma-90-gelules-maroc\\\/\",\"name\":\"Now Foods ZMA - Zinc, Magnesium and Vitamin B-6 - Maroc Prix\",\"isPartOf\":{\"@id\":\"https:\\\/\\\/vitablanca.ma\\\/#website\"},\"primaryImageOfPage\":{\"@id\":\"https:\\\/\\\/vitablanca.ma\\\/produit\\\/now-foods-zma-90-gelules-maroc\\\/#primaryimage\"},\"image\":{\"@id\":\"https:\\\/\\\/vitablanca.ma\\\/produit\\\/now-foods-zma-90-gelules-maroc\\\/#primaryimage\"},\"thumbnailUrl\":\"https:\\\/\\\/vitablanca.ma\\\/wp-content\\\/uploads\\\/2025\\\/05\\\/zma-90-gelules-now-foods-.jpg\",\"datePublished\":\"2025-05-23T00:25:42+00:00\",\"dateModified\":\"2025-10-09T09:49:03+00:00\",\"description\":\"Achetez Now Foods ZMA (90 g\u00e9lules) au Maroc. Ce compl\u00e9ment synergique de Zinc, Magn\u00e9sium et Vitamine B6 favorise la r\u00e9cup\u00e9ration musculaire, un sommeil r\u00e9parateur et soutient les niveaux de testost\u00e9rone. Id\u00e9al pour les sportifs et le bien-\u00eatre g\u00e9n\u00e9ral. Livraison rapide partout au Maroc!\",\"breadcrumb\":{\"@id\":\"https:\\\/\\\/vitablanca.ma\\\/produit\\\/now-foods-zma-90-gelules-maroc\\\/#breadcrumb\"},\"inLanguage\":\"en-US\",\"potentialAction\":[{\"@type\":\"ReadAction\",\"target\":[\"https:\\\/\\\/vitablanca.ma\\\/produit\\\/now-foods-zma-90-gelules-maroc\\\/\"]}]},{\"@type\":\"ImageObject\",\"inLanguage\":\"en-US\",\"@id\":\"https:\\\/\\\/vitablanca.ma\\\/produit\\\/now-foods-zma-90-gelules-maroc\\\/#primaryimage\",\"url\":\"https:\\\/\\\/vitablanca.ma\\\/wp-content\\\/uploads\\\/2025\\\/05\\\/zma-90-gelules-now-foods-.jpg\",\"contentUrl\":\"https:\\\/\\\/vitablanca.ma\\\/wp-content\\\/uploads\\\/2025\\\/05\\\/zma-90-gelules-now-foods-.jpg\",\"width\":680,\"height\":680},{\"@type\":\"BreadcrumbList\",\"@id\":\"https:\\\/\\\/vitablanca.ma\\\/produit\\\/now-foods-zma-90-gelules-maroc\\\/#breadcrumb\",\"itemListElement\":[{\"@type\":\"ListItem\",\"position\":1,\"name\":\"Home\",\"item\":\"https:\\\/\\\/vitablanca.ma\\\/\"},{\"@type\":\"ListItem\",\"position\":2,\"name\":\"Tous Les Produits\",\"item\":\"https:\\\/\\\/vitablanca.ma\\\/tous-les-produits\\\/\"},{\"@type\":\"ListItem\",\"position\":3,\"name\":\"Now Foods ZMA (Zinc, Magnesium and Vitamin B-6) &#8211; 90 G\u00e9lules.\"}]},{\"@type\":\"WebSite\",\"@id\":\"https:\\\/\\\/vitablanca.ma\\\/#website\",\"url\":\"https:\\\/\\\/vitablanca.ma\\\/\",\"name\":\"VitaBlanca.ma | Compl\u00e9ments alimentaires, sant\u00e9 & beaut\u00e9 au Maroc\",\"description\":\"vendre vitamines et compl\u00e9ments premium des USA &amp; Canada, Nouvelle Z\u00e9lande,Maroc (NOW Foods, Solgar, Manuka). Livraison rapide partout au Maroc.\",\"publisher\":{\"@id\":\"https:\\\/\\\/vitablanca.ma\\\/#organization\"},\"alternateName\":\"VitaBlanca.ma\",\"potentialAction\":[{\"@type\":\"SearchAction\",\"target\":{\"@type\":\"EntryPoint\",\"urlTemplate\":\"https:\\\/\\\/vitablanca.ma\\\/?s={search_term_string}\"},\"query-input\":{\"@type\":\"PropertyValueSpecification\",\"valueRequired\":true,\"valueName\":\"search_term_string\"}}],\"inLanguage\":\"en-US\"},{\"@type\":\"Organization\",\"@id\":\"https:\\\/\\\/vitablanca.ma\\\/#organization\",\"name\":\"VitaBlanca\",\"url\":\"https:\\\/\\\/vitablanca.ma\\\/\",\"logo\":{\"@type\":\"ImageObject\",\"inLanguage\":\"en-US\",\"@id\":\"https:\\\/\\\/vitablanca.ma\\\/#\\\/schema\\\/logo\\\/image\\\/\",\"url\":\"https:\\\/\\\/vitablanca.ma\\\/wp-content\\\/uploads\\\/2025\\\/05\\\/cropped-vitablanca.png\",\"contentUrl\":\"https:\\\/\\\/vitablanca.ma\\\/wp-content\\\/uploads\\\/2025\\\/05\\\/cropped-vitablanca.png\",\"width\":360,\"height\":67,\"caption\":\"VitaBlanca\"},\"image\":{\"@id\":\"https:\\\/\\\/vitablanca.ma\\\/#\\\/schema\\\/logo\\\/image\\\/\"},\"sameAs\":[\"https:\\\/\\\/www.facebook.com\\\/profile.php?id=61576678196717\",\"https:\\\/\\\/www.tiktok.com\\\/@vitablanca.ma\",\"https:\\\/\\\/www.instagram.com\\\/vitablanca.ma\\\/\"]}]}<\/script>\n<!-- \/ Yoast SEO plugin. -->","yoast_head_json":{"title":"Now Foods ZMA - Zinc, Magnesium and Vitamin B-6 - Morocco Price","description":"Buy Now Foods ZMA (90 capsules) in Morocco. This synergistic supplement of Zinc, Magnesium, and Vitamin B6 promotes muscle recovery, restful sleep, and supports testosterone levels. Ideal for athletes and general well-being. Fast delivery throughout Morocco!","robots":{"index":"index","follow":"follow","max-snippet":"max-snippet:-1","max-image-preview":"max-image-preview:large","max-video-preview":"max-video-preview:-1"},"canonical":"https:\/\/vitablanca.ma\/en\/product\/now-foods-zma-90-gelules-maroc\/","og_locale":"en_US","og_type":"article","og_title":"Now Foods ZMA - Zinc, Magnesium and Vitamin B-6 - Maroc Prix","og_description":"Achetez Now Foods ZMA (90 g\u00e9lules) au Maroc. Ce compl\u00e9ment synergique de Zinc, Magn\u00e9sium et Vitamine B6 favorise la r\u00e9cup\u00e9ration musculaire, un sommeil r\u00e9parateur et soutient les niveaux de testost\u00e9rone. Id\u00e9al pour les sportifs et le bien-\u00eatre g\u00e9n\u00e9ral. Livraison rapide partout au Maroc!","og_url":"https:\/\/vitablanca.ma\/en\/product\/now-foods-zma-90-gelules-maroc\/","og_site_name":"Vitablanca.ma &ndash; Sant&eacute;, vitalit&eacute; et bien-&ecirc;tre pour tous les Marocains","article_publisher":"https:\/\/www.facebook.com\/profile.php?id=61576678196717","article_modified_time":"2025-10-09T09:49:03+00:00","og_image":[{"width":680,"height":680,"url":"https:\/\/vitablanca.ma\/wp-content\/uploads\/2025\/05\/zma-90-gelules-now-foods-.jpg","type":"image\/jpeg"}],"twitter_card":"summary_large_image","twitter_misc":{"Est. reading time":"1 minute"},"schema":{"@context":"https:\/\/schema.org","@graph":[{"@type":["WebPage","ItemPage"],"@id":"https:\/\/vitablanca.ma\/produit\/now-foods-zma-90-gelules-maroc\/","url":"https:\/\/vitablanca.ma\/produit\/now-foods-zma-90-gelules-maroc\/","name":"Now Foods ZMA - Zinc, Magnesium and Vitamin B-6 - Morocco Price","isPartOf":{"@id":"https:\/\/vitablanca.ma\/#website"},"primaryImageOfPage":{"@id":"https:\/\/vitablanca.ma\/produit\/now-foods-zma-90-gelules-maroc\/#primaryimage"},"image":{"@id":"https:\/\/vitablanca.ma\/produit\/now-foods-zma-90-gelules-maroc\/#primaryimage"},"thumbnailUrl":"https:\/\/vitablanca.ma\/wp-content\/uploads\/2025\/05\/zma-90-gelules-now-foods-.jpg","datePublished":"2025-05-23T00:25:42+00:00","dateModified":"2025-10-09T09:49:03+00:00","description":"Buy Now Foods ZMA (90 capsules) in Morocco. This synergistic supplement of Zinc, Magnesium, and Vitamin B6 promotes muscle recovery, restful sleep, and supports testosterone levels. Ideal for athletes and general well-being. Fast delivery throughout Morocco!","breadcrumb":{"@id":"https:\/\/vitablanca.ma\/produit\/now-foods-zma-90-gelules-maroc\/#breadcrumb"},"inLanguage":"en-US","potentialAction":[{"@type":"ReadAction","target":["https:\/\/vitablanca.ma\/produit\/now-foods-zma-90-gelules-maroc\/"]}]},{"@type":"ImageObject","inLanguage":"en-US","@id":"https:\/\/vitablanca.ma\/produit\/now-foods-zma-90-gelules-maroc\/#primaryimage","url":"https:\/\/vitablanca.ma\/wp-content\/uploads\/2025\/05\/zma-90-gelules-now-foods-.jpg","contentUrl":"https:\/\/vitablanca.ma\/wp-content\/uploads\/2025\/05\/zma-90-gelules-now-foods-.jpg","width":680,"height":680},{"@type":"BreadcrumbList","@id":"https:\/\/vitablanca.ma\/produit\/now-foods-zma-90-gelules-maroc\/#breadcrumb","itemListElement":[{"@type":"ListItem","position":1,"name":"Home","item":"https:\/\/vitablanca.ma\/"},{"@type":"ListItem","position":2,"name":"Tous Les Produits","item":"https:\/\/vitablanca.ma\/tous-les-produits\/"},{"@type":"ListItem","position":3,"name":"Now Foods ZMA (Zinc, Magnesium and Vitamin B-6) &#8211; 90 G\u00e9lules."}]},{"@type":"WebSite","@id":"https:\/\/vitablanca.ma\/#website","url":"https:\/\/vitablanca.ma\/","name":"VitaBlanca.ma | Food supplements, health &amp; beauty in Morocco","description":"sell premium vitamins and supplements from USA &amp; Canada, New Zealand, Morocco (NOW Foods, Solgar, Manuka). Fast delivery anywhere in Morocco.","publisher":{"@id":"https:\/\/vitablanca.ma\/#organization"},"alternateName":"VitaBlanca.ma","potentialAction":[{"@type":"SearchAction","target":{"@type":"EntryPoint","urlTemplate":"https:\/\/vitablanca.ma\/?s={search_term_string}"},"query-input":{"@type":"PropertyValueSpecification","valueRequired":true,"valueName":"search_term_string"}}],"inLanguage":"en-US"},{"@type":"Organization","@id":"https:\/\/vitablanca.ma\/#organization","name":"VitaBlanca","url":"https:\/\/vitablanca.ma\/","logo":{"@type":"ImageObject","inLanguage":"en-US","@id":"https:\/\/vitablanca.ma\/#\/schema\/logo\/image\/","url":"https:\/\/vitablanca.ma\/wp-content\/uploads\/2025\/05\/cropped-vitablanca.png","contentUrl":"https:\/\/vitablanca.ma\/wp-content\/uploads\/2025\/05\/cropped-vitablanca.png","width":360,"height":67,"caption":"VitaBlanca"},"image":{"@id":"https:\/\/vitablanca.ma\/#\/schema\/logo\/image\/"},"sameAs":["https:\/\/www.facebook.com\/profile.php?id=61576678196717","https:\/\/www.tiktok.com\/@vitablanca.ma","https:\/\/www.instagram.com\/vitablanca.ma\/"]}]}},"jetpack_sharing_enabled":true,"_links":{"self":[{"href":"https:\/\/vitablanca.ma\/en\/wp-json\/wp\/v2\/product\/8467","targetHints":{"allow":["GET"]}}],"collection":[{"href":"https:\/\/vitablanca.ma\/en\/wp-json\/wp\/v2\/product"}],"about":[{"href":"https:\/\/vitablanca.ma\/en\/wp-json\/wp\/v2\/types\/product"}],"wp:featuredmedia":[{"embeddable":true,"href":"https:\/\/vitablanca.ma\/en\/wp-json\/wp\/v2\/media\/8468"}],"wp:attachment":[{"href":"https:\/\/vitablanca.ma\/en\/wp-json\/wp\/v2\/media?parent=8467"}],"wp:term":[{"taxonomy":"product_brand","embeddable":true,"href":"https:\/\/vitablanca.ma\/en\/wp-json\/wp\/v2\/product_brand?post=8467"},{"taxonomy":"product_cat","embeddable":true,"href":"https:\/\/vitablanca.ma\/en\/wp-json\/wp\/v2\/product_cat?post=8467"},{"taxonomy":"product_tag","embeddable":true,"href":"https:\/\/vitablanca.ma\/en\/wp-json\/wp\/v2\/product_tag?post=8467"}],"curies":[{"name":"wp","href":"https:\/\/api.w.org\/{rel}","templated":true}]}}