{"id":8461,"date":"2025-05-22T23:51:42","date_gmt":"2025-05-22T23:51:42","guid":{"rendered":"https:\/\/vitablanca.ma\/?post_type=product&#038;p=8461"},"modified":"2025-12-02T17:58:26","modified_gmt":"2025-12-02T17:58:26","slug":"now-foods-l-glutamine-500-mg-acide-amine-120-gelules-maroc","status":"publish","type":"product","link":"https:\/\/vitablanca.ma\/en\/product\/now-foods-l-glutamine-500-mg-acide-amine-120-gelules-maroc\/","title":{"rendered":"Now Foods L-Glutamine 500 mg, Amino Acid, 120 Capsules"},"content":{"rendered":"<p>FONCTION IMMUNITAIRE DE L\u2019AMINOACIDE \/ SUPPORTS *: La glutamine est consid\u00e9r\u00e9e comme un acide amin\u00e9 conditionnellement essentiel, ce qui signifie que dans certaines circonstances, le corps peut avoir besoin de plus de glutamine qu\u2019il ne peut en produire.\u00a0Dans ce cas, une suppl\u00e9mentation en glutamine peut aider \u00e0 la r\u00e9cup\u00e9ration de l\u2019acide amin\u00e9 dans le corps. *<\/p>\n\n\n\n<p>TRANSPORTEUR D\u2019AZOTE: Dans le corps, la glutamine agit comme un important transporteur d\u2019azote et est essentielle au maintien d\u2019un bilan azot\u00e9 sain.\u00a0<a href=\"https:\/\/www.jumia.ma\/customer\/account\/login\/?tkWl=NO879DV15DKS1NAFAMZ-22493840&return=%2Fnow-foods-l-glutamine-500-mg-acide-amine-120-gelules-31779496.html\"><\/a><\/p>","protected":false},"excerpt":{"rendered":"<ul class=\"a-unordered-list a-vertical a-spacing-none\">\n<li>In this case, glutamine supplementation can help in the recovery of the amino acid in the body.<\/li>\n<li>Glutamine acts as an important nitrogen transporter<\/li>\n<li>Essential for maintaining a healthy nitrogen balance.<\/li>\n<\/ul>","protected":false},"featured_media":8463,"template":"","meta":{"om_disable_all_campaigns":false},"product_brand":[83],"product_cat":[18],"product_tag":[1027,1031,1028,1026,1030,1025,91,388,726,1032,955,1029],"class_list":{"0":"post-8461","1":"product","2":"type-product","3":"status-publish","4":"has-post-thumbnail","6":"product_brand-now-foods-maroc-prix","7":"product_cat-beaute-sante","8":"product_tag-acide-amine-glutamine","9":"product_tag-complement-musculaire","10":"product_tag-complement-now-foods","11":"product_tag-glutamine-500-mg","12":"product_tag-l-glutamine-maroc","13":"product_tag-now-foods-l-glutamine","14":"product_tag-now-foods-maroc","15":"product_tag-now-foods-maroc-avis","16":"product_tag-now-foods-maroc-prix","17":"product_tag-recuperation-sportive","18":"product_tag-sante-intestinale","19":"product_tag-systeme-immunitaire","21":"first","22":"instock","23":"taxable","24":"shipping-taxable","25":"purchasable","26":"product-type-simple"},"yoast_head":"<!-- This site is optimized with the Yoast SEO plugin v27.5 - https:\/\/yoast.com\/product\/yoast-seo-wordpress\/ -->\n<title>Now Foods L-Glutamine 500 mg, 120 G\u00e9lules - Maroc Prix<\/title>\n<meta name=\"description\" content=\"L-Glutamine est un alli\u00e9 pr\u00e9cieux pour les athl\u00e8tes et toute personne cherchant \u00e0 maintenir une bonne fonction digestive et un syst\u00e8me immunitaire robuste.\" \/>\n<meta name=\"robots\" content=\"index, follow, max-snippet:-1, max-image-preview:large, max-video-preview:-1\" \/>\n<link rel=\"canonical\" href=\"https:\/\/vitablanca.ma\/en\/product\/now-foods-l-glutamine-500-mg-acide-amine-120-gelules-maroc\/\" \/>\n<meta property=\"og:locale\" content=\"en_US\" \/>\n<meta property=\"og:type\" content=\"article\" \/>\n<meta property=\"og:title\" content=\"Now Foods L-Glutamine 500 mg, 120 G\u00e9lules - Maroc Prix\" \/>\n<meta property=\"og:description\" content=\"L-Glutamine est un alli\u00e9 pr\u00e9cieux pour les athl\u00e8tes et toute personne cherchant \u00e0 maintenir une bonne fonction digestive et un syst\u00e8me immunitaire robuste.\" \/>\n<meta property=\"og:url\" content=\"https:\/\/vitablanca.ma\/en\/product\/now-foods-l-glutamine-500-mg-acide-amine-120-gelules-maroc\/\" \/>\n<meta property=\"og:site_name\" content=\"Vitablanca.ma &ndash; Sant&eacute;, vitalit&eacute; et bien-&ecirc;tre pour tous les Marocains\" \/>\n<meta property=\"article:publisher\" content=\"https:\/\/www.facebook.com\/profile.php?id=61576678196717\" \/>\n<meta property=\"article:modified_time\" content=\"2025-12-02T17:58:26+00:00\" \/>\n<meta property=\"og:image\" content=\"https:\/\/vitablanca.ma\/wp-content\/uploads\/2025\/05\/now-foods-l-glutamine-500-mg-acide-amine-120-gelules-.jpg\" \/>\n\t<meta property=\"og:image:width\" content=\"680\" \/>\n\t<meta property=\"og:image:height\" content=\"680\" \/>\n\t<meta property=\"og:image:type\" content=\"image\/jpeg\" \/>\n<meta name=\"twitter:card\" content=\"summary_large_image\" \/>\n<meta name=\"twitter:label1\" content=\"Est. reading time\" \/>\n\t<meta name=\"twitter:data1\" content=\"1 minute\" \/>\n<script type=\"application\/ld+json\" class=\"yoast-schema-graph\">{\"@context\":\"https:\\\/\\\/schema.org\",\"@graph\":[{\"@type\":[\"WebPage\",\"ItemPage\"],\"@id\":\"https:\\\/\\\/vitablanca.ma\\\/produit\\\/now-foods-l-glutamine-500-mg-acide-amine-120-gelules-maroc\\\/\",\"url\":\"https:\\\/\\\/vitablanca.ma\\\/produit\\\/now-foods-l-glutamine-500-mg-acide-amine-120-gelules-maroc\\\/\",\"name\":\"Now Foods L-Glutamine 500 mg, 120 G\u00e9lules - Maroc Prix\",\"isPartOf\":{\"@id\":\"https:\\\/\\\/vitablanca.ma\\\/#website\"},\"primaryImageOfPage\":{\"@id\":\"https:\\\/\\\/vitablanca.ma\\\/produit\\\/now-foods-l-glutamine-500-mg-acide-amine-120-gelules-maroc\\\/#primaryimage\"},\"image\":{\"@id\":\"https:\\\/\\\/vitablanca.ma\\\/produit\\\/now-foods-l-glutamine-500-mg-acide-amine-120-gelules-maroc\\\/#primaryimage\"},\"thumbnailUrl\":\"https:\\\/\\\/vitablanca.ma\\\/wp-content\\\/uploads\\\/2025\\\/05\\\/now-foods-l-glutamine-500-mg-acide-amine-120-gelules-.jpg\",\"datePublished\":\"2025-05-22T23:51:42+00:00\",\"dateModified\":\"2025-12-02T17:58:26+00:00\",\"description\":\"L-Glutamine est un alli\u00e9 pr\u00e9cieux pour les athl\u00e8tes et toute personne cherchant \u00e0 maintenir une bonne fonction digestive et un syst\u00e8me immunitaire robuste.\",\"breadcrumb\":{\"@id\":\"https:\\\/\\\/vitablanca.ma\\\/produit\\\/now-foods-l-glutamine-500-mg-acide-amine-120-gelules-maroc\\\/#breadcrumb\"},\"inLanguage\":\"en-US\",\"potentialAction\":[{\"@type\":\"ReadAction\",\"target\":[\"https:\\\/\\\/vitablanca.ma\\\/produit\\\/now-foods-l-glutamine-500-mg-acide-amine-120-gelules-maroc\\\/\"]}]},{\"@type\":\"ImageObject\",\"inLanguage\":\"en-US\",\"@id\":\"https:\\\/\\\/vitablanca.ma\\\/produit\\\/now-foods-l-glutamine-500-mg-acide-amine-120-gelules-maroc\\\/#primaryimage\",\"url\":\"https:\\\/\\\/vitablanca.ma\\\/wp-content\\\/uploads\\\/2025\\\/05\\\/now-foods-l-glutamine-500-mg-acide-amine-120-gelules-.jpg\",\"contentUrl\":\"https:\\\/\\\/vitablanca.ma\\\/wp-content\\\/uploads\\\/2025\\\/05\\\/now-foods-l-glutamine-500-mg-acide-amine-120-gelules-.jpg\",\"width\":680,\"height\":680},{\"@type\":\"BreadcrumbList\",\"@id\":\"https:\\\/\\\/vitablanca.ma\\\/produit\\\/now-foods-l-glutamine-500-mg-acide-amine-120-gelules-maroc\\\/#breadcrumb\",\"itemListElement\":[{\"@type\":\"ListItem\",\"position\":1,\"name\":\"Home\",\"item\":\"https:\\\/\\\/vitablanca.ma\\\/\"},{\"@type\":\"ListItem\",\"position\":2,\"name\":\"Tous Les Produits\",\"item\":\"https:\\\/\\\/vitablanca.ma\\\/tous-les-produits\\\/\"},{\"@type\":\"ListItem\",\"position\":3,\"name\":\"Now Foods L-Glutamine 500 mg, Acide Amin\u00e9, 120 G\u00e9lules\"}]},{\"@type\":\"WebSite\",\"@id\":\"https:\\\/\\\/vitablanca.ma\\\/#website\",\"url\":\"https:\\\/\\\/vitablanca.ma\\\/\",\"name\":\"VitaBlanca.ma | Compl\u00e9ments alimentaires, sant\u00e9 & beaut\u00e9 au Maroc\",\"description\":\"vendre vitamines et compl\u00e9ments premium des USA &amp; Canada, Nouvelle Z\u00e9lande,Maroc (NOW Foods, Solgar, Manuka). Livraison rapide partout au Maroc.\",\"publisher\":{\"@id\":\"https:\\\/\\\/vitablanca.ma\\\/#organization\"},\"alternateName\":\"VitaBlanca.ma\",\"potentialAction\":[{\"@type\":\"SearchAction\",\"target\":{\"@type\":\"EntryPoint\",\"urlTemplate\":\"https:\\\/\\\/vitablanca.ma\\\/?s={search_term_string}\"},\"query-input\":{\"@type\":\"PropertyValueSpecification\",\"valueRequired\":true,\"valueName\":\"search_term_string\"}}],\"inLanguage\":\"en-US\"},{\"@type\":\"Organization\",\"@id\":\"https:\\\/\\\/vitablanca.ma\\\/#organization\",\"name\":\"VitaBlanca\",\"url\":\"https:\\\/\\\/vitablanca.ma\\\/\",\"logo\":{\"@type\":\"ImageObject\",\"inLanguage\":\"en-US\",\"@id\":\"https:\\\/\\\/vitablanca.ma\\\/#\\\/schema\\\/logo\\\/image\\\/\",\"url\":\"https:\\\/\\\/vitablanca.ma\\\/wp-content\\\/uploads\\\/2025\\\/05\\\/cropped-vitablanca.png\",\"contentUrl\":\"https:\\\/\\\/vitablanca.ma\\\/wp-content\\\/uploads\\\/2025\\\/05\\\/cropped-vitablanca.png\",\"width\":360,\"height\":67,\"caption\":\"VitaBlanca\"},\"image\":{\"@id\":\"https:\\\/\\\/vitablanca.ma\\\/#\\\/schema\\\/logo\\\/image\\\/\"},\"sameAs\":[\"https:\\\/\\\/www.facebook.com\\\/profile.php?id=61576678196717\",\"https:\\\/\\\/www.tiktok.com\\\/@vitablanca.ma\",\"https:\\\/\\\/www.instagram.com\\\/vitablanca.ma\\\/\"]}]}<\/script>\n<!-- \/ Yoast SEO plugin. -->","yoast_head_json":{"title":"Now Foods L-Glutamine 500 mg, 120 Capsules - Morocco Price","description":"L-Glutamine is a valuable ally for athletes and anyone looking to maintain good digestive function and a robust immune system.","robots":{"index":"index","follow":"follow","max-snippet":"max-snippet:-1","max-image-preview":"max-image-preview:large","max-video-preview":"max-video-preview:-1"},"canonical":"https:\/\/vitablanca.ma\/en\/product\/now-foods-l-glutamine-500-mg-acide-amine-120-gelules-maroc\/","og_locale":"en_US","og_type":"article","og_title":"Now Foods L-Glutamine 500 mg, 120 G\u00e9lules - Maroc Prix","og_description":"L-Glutamine est un alli\u00e9 pr\u00e9cieux pour les athl\u00e8tes et toute personne cherchant \u00e0 maintenir une bonne fonction digestive et un syst\u00e8me immunitaire robuste.","og_url":"https:\/\/vitablanca.ma\/en\/product\/now-foods-l-glutamine-500-mg-acide-amine-120-gelules-maroc\/","og_site_name":"Vitablanca.ma &ndash; Sant&eacute;, vitalit&eacute; et bien-&ecirc;tre pour tous les Marocains","article_publisher":"https:\/\/www.facebook.com\/profile.php?id=61576678196717","article_modified_time":"2025-12-02T17:58:26+00:00","og_image":[{"width":680,"height":680,"url":"https:\/\/vitablanca.ma\/wp-content\/uploads\/2025\/05\/now-foods-l-glutamine-500-mg-acide-amine-120-gelules-.jpg","type":"image\/jpeg"}],"twitter_card":"summary_large_image","twitter_misc":{"Est. reading time":"1 minute"},"schema":{"@context":"https:\/\/schema.org","@graph":[{"@type":["WebPage","ItemPage"],"@id":"https:\/\/vitablanca.ma\/produit\/now-foods-l-glutamine-500-mg-acide-amine-120-gelules-maroc\/","url":"https:\/\/vitablanca.ma\/produit\/now-foods-l-glutamine-500-mg-acide-amine-120-gelules-maroc\/","name":"Now Foods L-Glutamine 500 mg, 120 Capsules - Morocco Price","isPartOf":{"@id":"https:\/\/vitablanca.ma\/#website"},"primaryImageOfPage":{"@id":"https:\/\/vitablanca.ma\/produit\/now-foods-l-glutamine-500-mg-acide-amine-120-gelules-maroc\/#primaryimage"},"image":{"@id":"https:\/\/vitablanca.ma\/produit\/now-foods-l-glutamine-500-mg-acide-amine-120-gelules-maroc\/#primaryimage"},"thumbnailUrl":"https:\/\/vitablanca.ma\/wp-content\/uploads\/2025\/05\/now-foods-l-glutamine-500-mg-acide-amine-120-gelules-.jpg","datePublished":"2025-05-22T23:51:42+00:00","dateModified":"2025-12-02T17:58:26+00:00","description":"L-Glutamine is a valuable ally for athletes and anyone looking to maintain good digestive function and a robust immune system.","breadcrumb":{"@id":"https:\/\/vitablanca.ma\/produit\/now-foods-l-glutamine-500-mg-acide-amine-120-gelules-maroc\/#breadcrumb"},"inLanguage":"en-US","potentialAction":[{"@type":"ReadAction","target":["https:\/\/vitablanca.ma\/produit\/now-foods-l-glutamine-500-mg-acide-amine-120-gelules-maroc\/"]}]},{"@type":"ImageObject","inLanguage":"en-US","@id":"https:\/\/vitablanca.ma\/produit\/now-foods-l-glutamine-500-mg-acide-amine-120-gelules-maroc\/#primaryimage","url":"https:\/\/vitablanca.ma\/wp-content\/uploads\/2025\/05\/now-foods-l-glutamine-500-mg-acide-amine-120-gelules-.jpg","contentUrl":"https:\/\/vitablanca.ma\/wp-content\/uploads\/2025\/05\/now-foods-l-glutamine-500-mg-acide-amine-120-gelules-.jpg","width":680,"height":680},{"@type":"BreadcrumbList","@id":"https:\/\/vitablanca.ma\/produit\/now-foods-l-glutamine-500-mg-acide-amine-120-gelules-maroc\/#breadcrumb","itemListElement":[{"@type":"ListItem","position":1,"name":"Home","item":"https:\/\/vitablanca.ma\/"},{"@type":"ListItem","position":2,"name":"Tous Les Produits","item":"https:\/\/vitablanca.ma\/tous-les-produits\/"},{"@type":"ListItem","position":3,"name":"Now Foods L-Glutamine 500 mg, Acide Amin\u00e9, 120 G\u00e9lules"}]},{"@type":"WebSite","@id":"https:\/\/vitablanca.ma\/#website","url":"https:\/\/vitablanca.ma\/","name":"VitaBlanca.ma | Food supplements, health &amp; beauty in Morocco","description":"sell premium vitamins and supplements from USA &amp; Canada, New Zealand, Morocco (NOW Foods, Solgar, Manuka). Fast delivery anywhere in Morocco.","publisher":{"@id":"https:\/\/vitablanca.ma\/#organization"},"alternateName":"VitaBlanca.ma","potentialAction":[{"@type":"SearchAction","target":{"@type":"EntryPoint","urlTemplate":"https:\/\/vitablanca.ma\/?s={search_term_string}"},"query-input":{"@type":"PropertyValueSpecification","valueRequired":true,"valueName":"search_term_string"}}],"inLanguage":"en-US"},{"@type":"Organization","@id":"https:\/\/vitablanca.ma\/#organization","name":"VitaBlanca","url":"https:\/\/vitablanca.ma\/","logo":{"@type":"ImageObject","inLanguage":"en-US","@id":"https:\/\/vitablanca.ma\/#\/schema\/logo\/image\/","url":"https:\/\/vitablanca.ma\/wp-content\/uploads\/2025\/05\/cropped-vitablanca.png","contentUrl":"https:\/\/vitablanca.ma\/wp-content\/uploads\/2025\/05\/cropped-vitablanca.png","width":360,"height":67,"caption":"VitaBlanca"},"image":{"@id":"https:\/\/vitablanca.ma\/#\/schema\/logo\/image\/"},"sameAs":["https:\/\/www.facebook.com\/profile.php?id=61576678196717","https:\/\/www.tiktok.com\/@vitablanca.ma","https:\/\/www.instagram.com\/vitablanca.ma\/"]}]}},"jetpack_sharing_enabled":true,"_links":{"self":[{"href":"https:\/\/vitablanca.ma\/en\/wp-json\/wp\/v2\/product\/8461","targetHints":{"allow":["GET"]}}],"collection":[{"href":"https:\/\/vitablanca.ma\/en\/wp-json\/wp\/v2\/product"}],"about":[{"href":"https:\/\/vitablanca.ma\/en\/wp-json\/wp\/v2\/types\/product"}],"wp:featuredmedia":[{"embeddable":true,"href":"https:\/\/vitablanca.ma\/en\/wp-json\/wp\/v2\/media\/8463"}],"wp:attachment":[{"href":"https:\/\/vitablanca.ma\/en\/wp-json\/wp\/v2\/media?parent=8461"}],"wp:term":[{"taxonomy":"product_brand","embeddable":true,"href":"https:\/\/vitablanca.ma\/en\/wp-json\/wp\/v2\/product_brand?post=8461"},{"taxonomy":"product_cat","embeddable":true,"href":"https:\/\/vitablanca.ma\/en\/wp-json\/wp\/v2\/product_cat?post=8461"},{"taxonomy":"product_tag","embeddable":true,"href":"https:\/\/vitablanca.ma\/en\/wp-json\/wp\/v2\/product_tag?post=8461"}],"curies":[{"name":"wp","href":"https:\/\/api.w.org\/{rel}","templated":true}]}}