{"id":8440,"date":"2025-05-22T23:38:26","date_gmt":"2025-05-22T23:38:26","guid":{"rendered":"https:\/\/vitablanca.ma\/product\/beauty-of-joseon-relief-sun-aqua-fresh-rice-b5-spf-50pa-50ml\/"},"modified":"2026-03-23T23:13:17","modified_gmt":"2026-03-23T23:13:17","slug":"beauty-of-joseon-relief-sun-aqua-fresh-rice-b5-spf-50pa-50ml","status":"publish","type":"product","link":"https:\/\/vitablanca.ma\/en\/product\/beauty-of-joseon-relief-sun-aqua-fresh-rice-b5-spf-50pa-50ml\/","title":{"rendered":"BEAUTY OF JOSEON RELIEF SUN AQUA FRESH RICE + B5 SPF 50+PA++++ 50ML"},"content":{"rendered":"<p>Give your skin high-performance sun protection and soothing care with <strong>Relief Sun Aqua Fresh<\/strong> of <i>Beauty of Joseon<\/i>Enriched with fermented rice water and provitamin B5 (panthenol), this new generation sunscreen combines effectiveness, freshness and comfort on a daily basis.<\/p>\n<p>Its fluid and ultra-light water-based texture absorbs instantly without leaving a greasy film, sticky feeling or white marks, even when reapplied. It offers a silky finish, perfectly suited to combination to oily skin, while respecting sensitive skin.<\/p>\n<p>With a <strong>high protection factor SPF 50+ PA++++<\/strong>, it forms an effective shield against UVA and UVB rays, helping to prevent pigment spots, redness and signs of premature aging caused by sun exposure and external aggressions.<\/p>\n<p>This multifunctional sunscreen easily integrates into your daily routine, while providing a revitalizing feeling of freshness. It&#039;s ideal for daily use, even on cloudy days, to keep skin radiant, hydrated, and protected.<\/p>\n<h3><strong>Why we love it:<\/strong><\/h3>\n<ul>\n<li>Ultra-light and refreshing texture<\/li>\n<li>No greasy finish or white residue<\/li>\n<li>Formulated with rice, panthenol and soothing botanical extracts<\/li>\n<li>Suitable for all skin types, even sensitive<\/li>\n<li>Excellent makeup base<\/li>\n<\/ul>\n<h3><strong>Directions for use:<\/strong><\/h3>\n<ol>\n<li>Apply generously to the face and neck as the last step in your skincare routine.<\/li>\n<li>Rub in with light tapping movements.<\/li>\n<li>Reapply every two hours in case of prolonged sun exposure.<\/li>\n<li>Use daily, all year round.<\/li>\n<\/ol>\n<h3><strong>Key ingredients:<\/strong><\/h3>\n<ul>\n<li><strong>Fermented Rice Water (Oryza Sativa)<\/strong> : Brightens the complexion and deeply hydrates.<\/li>\n<li><strong>Panthenol (Vitamin B5)<\/strong> : Soothes, protects the skin barrier.<\/li>\n<li><strong>Oat and Artichoke Extract<\/strong> : Strengthens, calms and repairs the skin.<\/li>\n<li><strong>Ceramides &amp; Hyaluronic Acid<\/strong> : Improve hydration and suppleness.<\/li>\n<li><strong>Modern sunscreens<\/strong> : Provide high protection without compromising on comfort.<\/li>\n<\/ul>","protected":false},"excerpt":{"rendered":"<p>Offrez \u00e0 votre peau une protection solaire hautement performante et un soin apaisant gr\u00e2ce \u00e0 Relief Sun Aqua Fresh de Beauty of Joseon. Enrichi en eau de riz ferment\u00e9e et en provitamine B5 (panth\u00e9nol), ce solaire nouvelle g\u00e9n\u00e9ration combine efficacit\u00e9, fra\u00eecheur et confort au quotidien. Sa texture fluide et ultra-l\u00e9g\u00e8re \u00e0 base aqueuse p\u00e9n\u00e8tre instantan\u00e9ment [&hellip;]<\/p>\n","protected":false},"featured_media":8438,"template":"","meta":{"om_disable_all_campaigns":false},"product_brand":[3443],"product_cat":[18,1117],"product_tag":[],"class_list":{"0":"post-8440","1":"product","2":"type-product","3":"status-publish","4":"has-post-thumbnail","6":"product_brand-beauty-of-joseon-maroc-prix","7":"product_cat-beaute-sante","8":"product_cat-korean-skin-care","10":"first","11":"instock","12":"sale","13":"taxable","14":"shipping-taxable","15":"purchasable","16":"product-type-simple"},"yoast_head":"<!-- This site is optimized with the Yoast SEO plugin v27.4 - https:\/\/yoast.com\/product\/yoast-seo-wordpress\/ -->\n<title>Beauty of Joseon Relief Sun Aqua Fresh Rice + B5 SPF 50+ Maroc<\/title>\n<meta name=\"description\" content=\"D\u00e9couvrez le Beauty of Joseon Relief Sun Aqua Fresh Rice + B5 SPF 50+ PA++++ sur Vitablanca.ma. Cette cr\u00e8me solaire l\u00e9g\u00e8re au riz et \u00e0 la vitamine B5\" \/>\n<meta name=\"robots\" content=\"index, follow, max-snippet:-1, max-image-preview:large, max-video-preview:-1\" \/>\n<link rel=\"canonical\" href=\"https:\/\/vitablanca.ma\/en\/product\/beauty-of-joseon-relief-sun-aqua-fresh-rice-b5-spf-50pa-50ml\/\" \/>\n<meta property=\"og:locale\" content=\"en_US\" \/>\n<meta property=\"og:type\" content=\"article\" \/>\n<meta property=\"og:title\" content=\"Beauty of Joseon Relief Sun Aqua Fresh Rice + B5 SPF 50+ Maroc\" \/>\n<meta property=\"og:description\" content=\"D\u00e9couvrez le Beauty of Joseon Relief Sun Aqua Fresh Rice + B5 SPF 50+ PA++++ sur Vitablanca.ma. Cette cr\u00e8me solaire l\u00e9g\u00e8re au riz et \u00e0 la vitamine B5\" \/>\n<meta property=\"og:url\" content=\"https:\/\/vitablanca.ma\/en\/product\/beauty-of-joseon-relief-sun-aqua-fresh-rice-b5-spf-50pa-50ml\/\" \/>\n<meta property=\"og:site_name\" content=\"Vitablanca.ma &ndash; Sant&eacute;, vitalit&eacute; et bien-&ecirc;tre pour tous les Marocains\" \/>\n<meta property=\"article:publisher\" content=\"https:\/\/www.facebook.com\/profile.php?id=61576678196717\" \/>\n<meta property=\"article:modified_time\" content=\"2026-03-23T23:13:17+00:00\" \/>\n<meta property=\"og:image\" content=\"https:\/\/vitablanca.ma\/wp-content\/uploads\/2025\/05\/wtcth-315403-swatch-zoom-682dba252e09e.jpg\" \/>\n\t<meta property=\"og:image:width\" content=\"880\" \/>\n\t<meta property=\"og:image:height\" content=\"880\" \/>\n\t<meta property=\"og:image:type\" content=\"image\/jpeg\" \/>\n<meta name=\"twitter:card\" content=\"summary_large_image\" \/>\n<meta name=\"twitter:label1\" content=\"Est. reading time\" \/>\n\t<meta name=\"twitter:data1\" content=\"2 minutes\" \/>\n<script type=\"application\/ld+json\" class=\"yoast-schema-graph\">{\"@context\":\"https:\\\/\\\/schema.org\",\"@graph\":[{\"@type\":[\"WebPage\",\"ItemPage\"],\"@id\":\"https:\\\/\\\/vitablanca.ma\\\/produit\\\/beauty-of-joseon-relief-sun-aqua-fresh-rice-b5-spf-50pa-50ml\\\/\",\"url\":\"https:\\\/\\\/vitablanca.ma\\\/produit\\\/beauty-of-joseon-relief-sun-aqua-fresh-rice-b5-spf-50pa-50ml\\\/\",\"name\":\"Beauty of Joseon Relief Sun Aqua Fresh Rice + B5 SPF 50+ Maroc\",\"isPartOf\":{\"@id\":\"https:\\\/\\\/vitablanca.ma\\\/#website\"},\"primaryImageOfPage\":{\"@id\":\"https:\\\/\\\/vitablanca.ma\\\/produit\\\/beauty-of-joseon-relief-sun-aqua-fresh-rice-b5-spf-50pa-50ml\\\/#primaryimage\"},\"image\":{\"@id\":\"https:\\\/\\\/vitablanca.ma\\\/produit\\\/beauty-of-joseon-relief-sun-aqua-fresh-rice-b5-spf-50pa-50ml\\\/#primaryimage\"},\"thumbnailUrl\":\"https:\\\/\\\/vitablanca.ma\\\/wp-content\\\/uploads\\\/2025\\\/05\\\/wtcth-315403-swatch-zoom-682dba252e09e.jpg\",\"datePublished\":\"2025-05-22T23:38:26+00:00\",\"dateModified\":\"2026-03-23T23:13:17+00:00\",\"description\":\"D\u00e9couvrez le Beauty of Joseon Relief Sun Aqua Fresh Rice + B5 SPF 50+ PA++++ sur Vitablanca.ma. Cette cr\u00e8me solaire l\u00e9g\u00e8re au riz et \u00e0 la vitamine B5\",\"breadcrumb\":{\"@id\":\"https:\\\/\\\/vitablanca.ma\\\/produit\\\/beauty-of-joseon-relief-sun-aqua-fresh-rice-b5-spf-50pa-50ml\\\/#breadcrumb\"},\"inLanguage\":\"en-US\",\"potentialAction\":[{\"@type\":\"ReadAction\",\"target\":[\"https:\\\/\\\/vitablanca.ma\\\/produit\\\/beauty-of-joseon-relief-sun-aqua-fresh-rice-b5-spf-50pa-50ml\\\/\"]}]},{\"@type\":\"ImageObject\",\"inLanguage\":\"en-US\",\"@id\":\"https:\\\/\\\/vitablanca.ma\\\/produit\\\/beauty-of-joseon-relief-sun-aqua-fresh-rice-b5-spf-50pa-50ml\\\/#primaryimage\",\"url\":\"https:\\\/\\\/vitablanca.ma\\\/wp-content\\\/uploads\\\/2025\\\/05\\\/wtcth-315403-swatch-zoom-682dba252e09e.jpg\",\"contentUrl\":\"https:\\\/\\\/vitablanca.ma\\\/wp-content\\\/uploads\\\/2025\\\/05\\\/wtcth-315403-swatch-zoom-682dba252e09e.jpg\",\"width\":880,\"height\":880,\"caption\":\"BEAUTY OF JOSEON RELIEF SUN AQUA FRESH RICE + B5 SPF 50+PA++++ 50ML\"},{\"@type\":\"BreadcrumbList\",\"@id\":\"https:\\\/\\\/vitablanca.ma\\\/produit\\\/beauty-of-joseon-relief-sun-aqua-fresh-rice-b5-spf-50pa-50ml\\\/#breadcrumb\",\"itemListElement\":[{\"@type\":\"ListItem\",\"position\":1,\"name\":\"Home\",\"item\":\"https:\\\/\\\/vitablanca.ma\\\/\"},{\"@type\":\"ListItem\",\"position\":2,\"name\":\"Tous Les Produits\",\"item\":\"https:\\\/\\\/vitablanca.ma\\\/tous-les-produits\\\/\"},{\"@type\":\"ListItem\",\"position\":3,\"name\":\"BEAUTY OF JOSEON RELIEF SUN AQUA FRESH RICE + B5 SPF 50+PA++++ 50ML\"}]},{\"@type\":\"WebSite\",\"@id\":\"https:\\\/\\\/vitablanca.ma\\\/#website\",\"url\":\"https:\\\/\\\/vitablanca.ma\\\/\",\"name\":\"VitaBlanca.ma | Compl\u00e9ments alimentaires, sant\u00e9 & beaut\u00e9 au Maroc\",\"description\":\"vendre vitamines et compl\u00e9ments premium des USA &amp; Canada, Nouvelle Z\u00e9lande,Maroc (NOW Foods, Solgar, Manuka). Livraison rapide partout au Maroc.\",\"publisher\":{\"@id\":\"https:\\\/\\\/vitablanca.ma\\\/#organization\"},\"alternateName\":\"VitaBlanca.ma\",\"potentialAction\":[{\"@type\":\"SearchAction\",\"target\":{\"@type\":\"EntryPoint\",\"urlTemplate\":\"https:\\\/\\\/vitablanca.ma\\\/?s={search_term_string}\"},\"query-input\":{\"@type\":\"PropertyValueSpecification\",\"valueRequired\":true,\"valueName\":\"search_term_string\"}}],\"inLanguage\":\"en-US\"},{\"@type\":\"Organization\",\"@id\":\"https:\\\/\\\/vitablanca.ma\\\/#organization\",\"name\":\"VitaBlanca\",\"url\":\"https:\\\/\\\/vitablanca.ma\\\/\",\"logo\":{\"@type\":\"ImageObject\",\"inLanguage\":\"en-US\",\"@id\":\"https:\\\/\\\/vitablanca.ma\\\/#\\\/schema\\\/logo\\\/image\\\/\",\"url\":\"https:\\\/\\\/vitablanca.ma\\\/wp-content\\\/uploads\\\/2025\\\/05\\\/cropped-vitablanca.png\",\"contentUrl\":\"https:\\\/\\\/vitablanca.ma\\\/wp-content\\\/uploads\\\/2025\\\/05\\\/cropped-vitablanca.png\",\"width\":360,\"height\":67,\"caption\":\"VitaBlanca\"},\"image\":{\"@id\":\"https:\\\/\\\/vitablanca.ma\\\/#\\\/schema\\\/logo\\\/image\\\/\"},\"sameAs\":[\"https:\\\/\\\/www.facebook.com\\\/profile.php?id=61576678196717\",\"https:\\\/\\\/www.tiktok.com\\\/@vitablanca.ma\",\"https:\\\/\\\/www.instagram.com\\\/vitablanca.ma\\\/\"]}]}<\/script>\n<!-- \/ Yoast SEO plugin. -->","yoast_head_json":{"title":"Beauty of Joseon Relief Sun Aqua Fresh Rice + B5 SPF 50+ Maroc","description":"Discover the Beauty of Joseon Relief Sun Aqua Fresh Rice + B5 SPF 50+ PA++++ on Vitablanca.ma. This light sunscreen with rice and vitamin B5","robots":{"index":"index","follow":"follow","max-snippet":"max-snippet:-1","max-image-preview":"max-image-preview:large","max-video-preview":"max-video-preview:-1"},"canonical":"https:\/\/vitablanca.ma\/en\/product\/beauty-of-joseon-relief-sun-aqua-fresh-rice-b5-spf-50pa-50ml\/","og_locale":"en_US","og_type":"article","og_title":"Beauty of Joseon Relief Sun Aqua Fresh Rice + B5 SPF 50+ Maroc","og_description":"D\u00e9couvrez le Beauty of Joseon Relief Sun Aqua Fresh Rice + B5 SPF 50+ PA++++ sur Vitablanca.ma. Cette cr\u00e8me solaire l\u00e9g\u00e8re au riz et \u00e0 la vitamine B5","og_url":"https:\/\/vitablanca.ma\/en\/product\/beauty-of-joseon-relief-sun-aqua-fresh-rice-b5-spf-50pa-50ml\/","og_site_name":"Vitablanca.ma &ndash; Sant&eacute;, vitalit&eacute; et bien-&ecirc;tre pour tous les Marocains","article_publisher":"https:\/\/www.facebook.com\/profile.php?id=61576678196717","article_modified_time":"2026-03-23T23:13:17+00:00","og_image":[{"width":880,"height":880,"url":"https:\/\/vitablanca.ma\/wp-content\/uploads\/2025\/05\/wtcth-315403-swatch-zoom-682dba252e09e.jpg","type":"image\/jpeg"}],"twitter_card":"summary_large_image","twitter_misc":{"Est. reading time":"2 minutes"},"schema":{"@context":"https:\/\/schema.org","@graph":[{"@type":["WebPage","ItemPage"],"@id":"https:\/\/vitablanca.ma\/produit\/beauty-of-joseon-relief-sun-aqua-fresh-rice-b5-spf-50pa-50ml\/","url":"https:\/\/vitablanca.ma\/produit\/beauty-of-joseon-relief-sun-aqua-fresh-rice-b5-spf-50pa-50ml\/","name":"Beauty of Joseon Relief Sun Aqua Fresh Rice + B5 SPF 50+ Maroc","isPartOf":{"@id":"https:\/\/vitablanca.ma\/#website"},"primaryImageOfPage":{"@id":"https:\/\/vitablanca.ma\/produit\/beauty-of-joseon-relief-sun-aqua-fresh-rice-b5-spf-50pa-50ml\/#primaryimage"},"image":{"@id":"https:\/\/vitablanca.ma\/produit\/beauty-of-joseon-relief-sun-aqua-fresh-rice-b5-spf-50pa-50ml\/#primaryimage"},"thumbnailUrl":"https:\/\/vitablanca.ma\/wp-content\/uploads\/2025\/05\/wtcth-315403-swatch-zoom-682dba252e09e.jpg","datePublished":"2025-05-22T23:38:26+00:00","dateModified":"2026-03-23T23:13:17+00:00","description":"Discover the Beauty of Joseon Relief Sun Aqua Fresh Rice + B5 SPF 50+ PA++++ on Vitablanca.ma. This light sunscreen with rice and vitamin B5","breadcrumb":{"@id":"https:\/\/vitablanca.ma\/produit\/beauty-of-joseon-relief-sun-aqua-fresh-rice-b5-spf-50pa-50ml\/#breadcrumb"},"inLanguage":"en-US","potentialAction":[{"@type":"ReadAction","target":["https:\/\/vitablanca.ma\/produit\/beauty-of-joseon-relief-sun-aqua-fresh-rice-b5-spf-50pa-50ml\/"]}]},{"@type":"ImageObject","inLanguage":"en-US","@id":"https:\/\/vitablanca.ma\/produit\/beauty-of-joseon-relief-sun-aqua-fresh-rice-b5-spf-50pa-50ml\/#primaryimage","url":"https:\/\/vitablanca.ma\/wp-content\/uploads\/2025\/05\/wtcth-315403-swatch-zoom-682dba252e09e.jpg","contentUrl":"https:\/\/vitablanca.ma\/wp-content\/uploads\/2025\/05\/wtcth-315403-swatch-zoom-682dba252e09e.jpg","width":880,"height":880,"caption":"BEAUTY OF JOSEON RELIEF SUN AQUA FRESH RICE + B5 SPF 50+PA++++ 50ML"},{"@type":"BreadcrumbList","@id":"https:\/\/vitablanca.ma\/produit\/beauty-of-joseon-relief-sun-aqua-fresh-rice-b5-spf-50pa-50ml\/#breadcrumb","itemListElement":[{"@type":"ListItem","position":1,"name":"Home","item":"https:\/\/vitablanca.ma\/"},{"@type":"ListItem","position":2,"name":"Tous Les Produits","item":"https:\/\/vitablanca.ma\/tous-les-produits\/"},{"@type":"ListItem","position":3,"name":"BEAUTY OF JOSEON RELIEF SUN AQUA FRESH RICE + B5 SPF 50+PA++++ 50ML"}]},{"@type":"WebSite","@id":"https:\/\/vitablanca.ma\/#website","url":"https:\/\/vitablanca.ma\/","name":"VitaBlanca.ma | Food supplements, health &amp; beauty in Morocco","description":"sell premium vitamins and supplements from USA &amp; Canada, New Zealand, Morocco (NOW Foods, Solgar, Manuka). Fast delivery anywhere in Morocco.","publisher":{"@id":"https:\/\/vitablanca.ma\/#organization"},"alternateName":"VitaBlanca.ma","potentialAction":[{"@type":"SearchAction","target":{"@type":"EntryPoint","urlTemplate":"https:\/\/vitablanca.ma\/?s={search_term_string}"},"query-input":{"@type":"PropertyValueSpecification","valueRequired":true,"valueName":"search_term_string"}}],"inLanguage":"en-US"},{"@type":"Organization","@id":"https:\/\/vitablanca.ma\/#organization","name":"VitaBlanca","url":"https:\/\/vitablanca.ma\/","logo":{"@type":"ImageObject","inLanguage":"en-US","@id":"https:\/\/vitablanca.ma\/#\/schema\/logo\/image\/","url":"https:\/\/vitablanca.ma\/wp-content\/uploads\/2025\/05\/cropped-vitablanca.png","contentUrl":"https:\/\/vitablanca.ma\/wp-content\/uploads\/2025\/05\/cropped-vitablanca.png","width":360,"height":67,"caption":"VitaBlanca"},"image":{"@id":"https:\/\/vitablanca.ma\/#\/schema\/logo\/image\/"},"sameAs":["https:\/\/www.facebook.com\/profile.php?id=61576678196717","https:\/\/www.tiktok.com\/@vitablanca.ma","https:\/\/www.instagram.com\/vitablanca.ma\/"]}]}},"jetpack_sharing_enabled":true,"_links":{"self":[{"href":"https:\/\/vitablanca.ma\/en\/wp-json\/wp\/v2\/product\/8440","targetHints":{"allow":["GET"]}}],"collection":[{"href":"https:\/\/vitablanca.ma\/en\/wp-json\/wp\/v2\/product"}],"about":[{"href":"https:\/\/vitablanca.ma\/en\/wp-json\/wp\/v2\/types\/product"}],"wp:featuredmedia":[{"embeddable":true,"href":"https:\/\/vitablanca.ma\/en\/wp-json\/wp\/v2\/media\/8438"}],"wp:attachment":[{"href":"https:\/\/vitablanca.ma\/en\/wp-json\/wp\/v2\/media?parent=8440"}],"wp:term":[{"taxonomy":"product_brand","embeddable":true,"href":"https:\/\/vitablanca.ma\/en\/wp-json\/wp\/v2\/product_brand?post=8440"},{"taxonomy":"product_cat","embeddable":true,"href":"https:\/\/vitablanca.ma\/en\/wp-json\/wp\/v2\/product_cat?post=8440"},{"taxonomy":"product_tag","embeddable":true,"href":"https:\/\/vitablanca.ma\/en\/wp-json\/wp\/v2\/product_tag?post=8440"}],"curies":[{"name":"wp","href":"https:\/\/api.w.org\/{rel}","templated":true}]}}