{"id":8392,"date":"2025-05-22T23:36:36","date_gmt":"2025-05-22T23:36:36","guid":{"rendered":"https:\/\/vitablanca.ma\/product\/centella-poremizing-quick-clay-stick-mask\/"},"modified":"2026-03-08T01:45:09","modified_gmt":"2026-03-08T01:45:09","slug":"centella-poremizing-quick-clay-stick-mask","status":"publish","type":"product","link":"https:\/\/vitablanca.ma\/en\/product\/centella-poremizing-quick-clay-stick-mask\/","title":{"rendered":"Centella \u2013 Poremizing Quick Clay Stick Mask"},"content":{"rendered":"<div class=\"flex max-w-full flex-col flex-grow\">\n<div class=\"min-h-8 text-message flex w-full flex-col items-end gap-2 whitespace-normal break-words text-start [.text-message+&amp;]:mt-5\" dir=\"auto\" data-message-author-role=\"assistant\" data-message-id=\"42462eb1-73ed-4322-b8e6-9d06391f8633\" data-message-model-slug=\"gpt-4o\">\n<div class=\"flex w-full flex-col gap-1 empty:hidden first:pt-[3px]\">\n<div class=\"markdown prose w-full break-words dark:prose-invert light\">\n<p data-start=\"0\" data-end=\"38\"><strong data-start=\"0\" data-end=\"36\">Poremizing Quick Clay Stick Mask<\/strong><\/p>\n<p data-start=\"40\" data-end=\"455\">Le <strong data-start=\"43\" data-end=\"79\">Poremizing Quick Clay Stick Mask<\/strong> est un masque en stick formul\u00e9 avec des ingr\u00e9dients purifiants qui aident \u00e0 nettoyer en profondeur les pores tout en contr\u00f4lant l\u2019exc\u00e8s de s\u00e9bum. Gr\u00e2ce \u00e0 sa texture \u00e0 base d\u2019argile, il absorbe efficacement les impuret\u00e9s et laisse la peau fra\u00eeche et matifi\u00e9e. Son format stick permet une application facile et sans g\u00e2chis, id\u00e9ale pour une routine de soin rapide et efficace.<\/p>\n<ul data-start=\"457\" data-end=\"991\">\n<li data-start=\"457\" data-end=\"548\"><strong data-start=\"459\" data-end=\"489\">Masque \u00e0 l&rsquo;argile en stick<\/strong> qui purifie et resserre les pores sans dess\u00e9cher la peau<\/li>\n<li data-start=\"549\" data-end=\"635\"><strong data-start=\"551\" data-end=\"580\">Texture douce et cr\u00e9meuse<\/strong> qui s\u2019applique uniform\u00e9ment et s\u2019\u00e9limine sans effort<\/li>\n<li data-start=\"636\" data-end=\"729\"><strong data-start=\"638\" data-end=\"679\">Formul\u00e9 avec plusieurs types d\u2019argile<\/strong>, dont le kaolin, pour absorber l\u2019exc\u00e8s de s\u00e9bum<\/li>\n<li data-start=\"730\" data-end=\"820\"><strong data-start=\"732\" data-end=\"753\">Exfoliation douce<\/strong> gr\u00e2ce \u00e0 des poudres naturelles qui \u00e9liminent les cellules mortes<\/li>\n<li data-start=\"821\" data-end=\"911\"><strong data-start=\"823\" data-end=\"884\">Aide \u00e0 r\u00e9duire les points noirs et les impuret\u00e9s visibles<\/strong> pour une peau plus lisse<\/li>\n<li data-start=\"912\" data-end=\"991\"><strong data-start=\"914\" data-end=\"954\">Sans parfum ni colorants artificiels<\/strong> pour respecter les peaux sensibles<\/li>\n<\/ul>\n<p data-start=\"993\" data-end=\"1052\">\ud83d\udd39 <strong data-start=\"996\" data-end=\"1014\">Type de peau :<\/strong><br data-start=\"1014\" data-end=\"1017\" \/>\u2714\ufe0f Normale<br data-start=\"1027\" data-end=\"1030\" \/>\u2714\ufe0f Mixte<br data-start=\"1038\" data-end=\"1041\" \/>\u2714\ufe0f Grasse<\/p>\n<p data-start=\"1054\" data-end=\"1136\">\ud83d\udd39 <strong data-start=\"1057\" data-end=\"1077\">Pr\u00e9occupations :<\/strong><br data-start=\"1077\" data-end=\"1080\" \/>\u2714\ufe0f Pores dilat\u00e9s<br data-start=\"1096\" data-end=\"1099\" \/>\u2714\ufe0f Exc\u00e8s de s\u00e9bum<br data-start=\"1116\" data-end=\"1119\" \/>\u2714\ufe0f Points noirs<\/p>\n<p>&nbsp;<\/p>\n<\/div>\n<\/div>\n<\/div>\n<\/div>\n","protected":false},"excerpt":{"rendered":"<p>Poremizing Quick Clay Stick Mask Le Poremizing Quick Clay Stick Mask est un masque en stick formul\u00e9 avec des ingr\u00e9dients purifiants qui aident \u00e0 nettoyer en profondeur les pores tout en contr\u00f4lant l\u2019exc\u00e8s de s\u00e9bum. Gr\u00e2ce \u00e0 sa texture \u00e0 base d\u2019argile, il absorbe efficacement les impuret\u00e9s et laisse la peau fra\u00eeche et matifi\u00e9e. Son [&hellip;]<\/p>\n","protected":false},"featured_media":8387,"template":"","meta":{"om_disable_all_campaigns":false},"product_brand":[],"product_cat":[18,1117],"product_tag":[11323,11348,11344,11346,11347,9210,11349,6347,11345,11143],"class_list":{"0":"post-8392","1":"product","2":"type-product","3":"status-publish","4":"has-post-thumbnail","6":"product_cat-beaute-sante","7":"product_cat-korean-skin-care","8":"product_tag-centella-asiatica-skincare","9":"product_tag-korean-skincare-mask","10":"product_tag-madagascar-centella-quick-clay-stick-mask","11":"product_tag-masque-argile-visage","12":"product_tag-masque-pores-dilates","13":"product_tag-masque-purifiant","14":"product_tag-masque-visage-peau-grasse","15":"product_tag-skin1004","16":"product_tag-skin1004-clay-mask","17":"product_tag-skin1004-madagascar-centella","19":"first","20":"instock","21":"taxable","22":"shipping-taxable","23":"purchasable","24":"product-type-simple"},"yoast_head":"<!-- This site is optimized with the Yoast SEO plugin v27.4 - https:\/\/yoast.com\/product\/yoast-seo-wordpress\/ -->\n<title>Centella - Poremizing Quick Clay Stick Mask - Maroc Prix<\/title>\n<meta name=\"description\" content=\"SKIN1004 Madagascar Centella Poremizing Quick Clay Stick Mask est un masque \u00e0 l\u2019argile en stick qui purifie les pores, absorbe l\u2019exc\u00e8s de s\u00e9bum .\" \/>\n<meta name=\"robots\" content=\"index, follow, max-snippet:-1, max-image-preview:large, max-video-preview:-1\" \/>\n<link rel=\"canonical\" href=\"https:\/\/vitablanca.ma\/en\/product\/centella-poremizing-quick-clay-stick-mask\/\" \/>\n<meta property=\"og:locale\" content=\"en_US\" \/>\n<meta property=\"og:type\" content=\"article\" \/>\n<meta property=\"og:title\" content=\"Centella - Poremizing Quick Clay Stick Mask - Maroc Prix\" \/>\n<meta property=\"og:description\" content=\"SKIN1004 Madagascar Centella Poremizing Quick Clay Stick Mask est un masque \u00e0 l\u2019argile en stick qui purifie les pores, absorbe l\u2019exc\u00e8s de s\u00e9bum .\" \/>\n<meta property=\"og:url\" content=\"https:\/\/vitablanca.ma\/en\/product\/centella-poremizing-quick-clay-stick-mask\/\" \/>\n<meta property=\"og:site_name\" content=\"Vitablanca.ma &ndash; Sant&eacute;, vitalit&eacute; et bien-&ecirc;tre pour tous les Marocains\" \/>\n<meta property=\"article:publisher\" content=\"https:\/\/www.facebook.com\/profile.php?id=61576678196717\" \/>\n<meta property=\"article:modified_time\" content=\"2026-03-08T01:45:09+00:00\" \/>\n<meta property=\"og:image\" content=\"https:\/\/vitablanca.ma\/wp-content\/uploads\/2025\/05\/skin1004-madagascar-centella-poremizing-quick-clay-stick-mask.jpg\" \/>\n\t<meta property=\"og:image:width\" content=\"800\" \/>\n\t<meta property=\"og:image:height\" content=\"800\" \/>\n\t<meta property=\"og:image:type\" content=\"image\/jpeg\" \/>\n<meta name=\"twitter:card\" content=\"summary_large_image\" \/>\n<meta name=\"twitter:label1\" content=\"Est. reading time\" \/>\n\t<meta name=\"twitter:data1\" content=\"2 minutes\" \/>\n<script type=\"application\/ld+json\" class=\"yoast-schema-graph\">{\"@context\":\"https:\\\/\\\/schema.org\",\"@graph\":[{\"@type\":[\"WebPage\",\"ItemPage\"],\"@id\":\"https:\\\/\\\/vitablanca.ma\\\/produit\\\/centella-poremizing-quick-clay-stick-mask\\\/\",\"url\":\"https:\\\/\\\/vitablanca.ma\\\/produit\\\/centella-poremizing-quick-clay-stick-mask\\\/\",\"name\":\"Centella - Poremizing Quick Clay Stick Mask - Maroc Prix\",\"isPartOf\":{\"@id\":\"https:\\\/\\\/vitablanca.ma\\\/#website\"},\"primaryImageOfPage\":{\"@id\":\"https:\\\/\\\/vitablanca.ma\\\/produit\\\/centella-poremizing-quick-clay-stick-mask\\\/#primaryimage\"},\"image\":{\"@id\":\"https:\\\/\\\/vitablanca.ma\\\/produit\\\/centella-poremizing-quick-clay-stick-mask\\\/#primaryimage\"},\"thumbnailUrl\":\"https:\\\/\\\/vitablanca.ma\\\/wp-content\\\/uploads\\\/2025\\\/05\\\/skin1004-madagascar-centella-poremizing-quick-clay-stick-mask.jpg\",\"datePublished\":\"2025-05-22T23:36:36+00:00\",\"dateModified\":\"2026-03-08T01:45:09+00:00\",\"description\":\"SKIN1004 Madagascar Centella Poremizing Quick Clay Stick Mask est un masque \u00e0 l\u2019argile en stick qui purifie les pores, absorbe l\u2019exc\u00e8s de s\u00e9bum .\",\"breadcrumb\":{\"@id\":\"https:\\\/\\\/vitablanca.ma\\\/produit\\\/centella-poremizing-quick-clay-stick-mask\\\/#breadcrumb\"},\"inLanguage\":\"en-US\",\"potentialAction\":[{\"@type\":\"ReadAction\",\"target\":[\"https:\\\/\\\/vitablanca.ma\\\/produit\\\/centella-poremizing-quick-clay-stick-mask\\\/\"]}]},{\"@type\":\"ImageObject\",\"inLanguage\":\"en-US\",\"@id\":\"https:\\\/\\\/vitablanca.ma\\\/produit\\\/centella-poremizing-quick-clay-stick-mask\\\/#primaryimage\",\"url\":\"https:\\\/\\\/vitablanca.ma\\\/wp-content\\\/uploads\\\/2025\\\/05\\\/skin1004-madagascar-centella-poremizing-quick-clay-stick-mask.jpg\",\"contentUrl\":\"https:\\\/\\\/vitablanca.ma\\\/wp-content\\\/uploads\\\/2025\\\/05\\\/skin1004-madagascar-centella-poremizing-quick-clay-stick-mask.jpg\",\"width\":800,\"height\":800},{\"@type\":\"BreadcrumbList\",\"@id\":\"https:\\\/\\\/vitablanca.ma\\\/produit\\\/centella-poremizing-quick-clay-stick-mask\\\/#breadcrumb\",\"itemListElement\":[{\"@type\":\"ListItem\",\"position\":1,\"name\":\"Home\",\"item\":\"https:\\\/\\\/vitablanca.ma\\\/\"},{\"@type\":\"ListItem\",\"position\":2,\"name\":\"Tous Les Produits\",\"item\":\"https:\\\/\\\/vitablanca.ma\\\/tous-les-produits\\\/\"},{\"@type\":\"ListItem\",\"position\":3,\"name\":\"Centella &#8211; Poremizing Quick Clay Stick Mask\"}]},{\"@type\":\"WebSite\",\"@id\":\"https:\\\/\\\/vitablanca.ma\\\/#website\",\"url\":\"https:\\\/\\\/vitablanca.ma\\\/\",\"name\":\"VitaBlanca.ma | Compl\u00e9ments alimentaires, sant\u00e9 & beaut\u00e9 au Maroc\",\"description\":\"vendre vitamines et compl\u00e9ments premium des USA &amp; Canada, Nouvelle Z\u00e9lande,Maroc (NOW Foods, Solgar, Manuka). Livraison rapide partout au Maroc.\",\"publisher\":{\"@id\":\"https:\\\/\\\/vitablanca.ma\\\/#organization\"},\"alternateName\":\"VitaBlanca.ma\",\"potentialAction\":[{\"@type\":\"SearchAction\",\"target\":{\"@type\":\"EntryPoint\",\"urlTemplate\":\"https:\\\/\\\/vitablanca.ma\\\/?s={search_term_string}\"},\"query-input\":{\"@type\":\"PropertyValueSpecification\",\"valueRequired\":true,\"valueName\":\"search_term_string\"}}],\"inLanguage\":\"en-US\"},{\"@type\":\"Organization\",\"@id\":\"https:\\\/\\\/vitablanca.ma\\\/#organization\",\"name\":\"VitaBlanca\",\"url\":\"https:\\\/\\\/vitablanca.ma\\\/\",\"logo\":{\"@type\":\"ImageObject\",\"inLanguage\":\"en-US\",\"@id\":\"https:\\\/\\\/vitablanca.ma\\\/#\\\/schema\\\/logo\\\/image\\\/\",\"url\":\"https:\\\/\\\/vitablanca.ma\\\/wp-content\\\/uploads\\\/2025\\\/05\\\/cropped-vitablanca.png\",\"contentUrl\":\"https:\\\/\\\/vitablanca.ma\\\/wp-content\\\/uploads\\\/2025\\\/05\\\/cropped-vitablanca.png\",\"width\":360,\"height\":67,\"caption\":\"VitaBlanca\"},\"image\":{\"@id\":\"https:\\\/\\\/vitablanca.ma\\\/#\\\/schema\\\/logo\\\/image\\\/\"},\"sameAs\":[\"https:\\\/\\\/www.facebook.com\\\/profile.php?id=61576678196717\",\"https:\\\/\\\/www.tiktok.com\\\/@vitablanca.ma\",\"https:\\\/\\\/www.instagram.com\\\/vitablanca.ma\\\/\"]}]}<\/script>\n<!-- \/ Yoast SEO plugin. -->","yoast_head_json":{"title":"Centella - Poremizing Quick Clay Stick Mask - Morocco Price","description":"SKIN1004 Madagascar Centella Poremizing Quick Clay Stick Mask est un masque \u00e0 l\u2019argile en stick qui purifie les pores, absorbe l\u2019exc\u00e8s de s\u00e9bum .","robots":{"index":"index","follow":"follow","max-snippet":"max-snippet:-1","max-image-preview":"max-image-preview:large","max-video-preview":"max-video-preview:-1"},"canonical":"https:\/\/vitablanca.ma\/en\/product\/centella-poremizing-quick-clay-stick-mask\/","og_locale":"en_US","og_type":"article","og_title":"Centella - Poremizing Quick Clay Stick Mask - Maroc Prix","og_description":"SKIN1004 Madagascar Centella Poremizing Quick Clay Stick Mask est un masque \u00e0 l\u2019argile en stick qui purifie les pores, absorbe l\u2019exc\u00e8s de s\u00e9bum .","og_url":"https:\/\/vitablanca.ma\/en\/product\/centella-poremizing-quick-clay-stick-mask\/","og_site_name":"Vitablanca.ma &ndash; Sant&eacute;, vitalit&eacute; et bien-&ecirc;tre pour tous les Marocains","article_publisher":"https:\/\/www.facebook.com\/profile.php?id=61576678196717","article_modified_time":"2026-03-08T01:45:09+00:00","og_image":[{"width":800,"height":800,"url":"https:\/\/vitablanca.ma\/wp-content\/uploads\/2025\/05\/skin1004-madagascar-centella-poremizing-quick-clay-stick-mask.jpg","type":"image\/jpeg"}],"twitter_card":"summary_large_image","twitter_misc":{"Est. reading time":"2 minutes"},"schema":{"@context":"https:\/\/schema.org","@graph":[{"@type":["WebPage","ItemPage"],"@id":"https:\/\/vitablanca.ma\/produit\/centella-poremizing-quick-clay-stick-mask\/","url":"https:\/\/vitablanca.ma\/produit\/centella-poremizing-quick-clay-stick-mask\/","name":"Centella - Poremizing Quick Clay Stick Mask - Morocco Price","isPartOf":{"@id":"https:\/\/vitablanca.ma\/#website"},"primaryImageOfPage":{"@id":"https:\/\/vitablanca.ma\/produit\/centella-poremizing-quick-clay-stick-mask\/#primaryimage"},"image":{"@id":"https:\/\/vitablanca.ma\/produit\/centella-poremizing-quick-clay-stick-mask\/#primaryimage"},"thumbnailUrl":"https:\/\/vitablanca.ma\/wp-content\/uploads\/2025\/05\/skin1004-madagascar-centella-poremizing-quick-clay-stick-mask.jpg","datePublished":"2025-05-22T23:36:36+00:00","dateModified":"2026-03-08T01:45:09+00:00","description":"SKIN1004 Madagascar Centella Poremizing Quick Clay Stick Mask est un masque \u00e0 l\u2019argile en stick qui purifie les pores, absorbe l\u2019exc\u00e8s de s\u00e9bum .","breadcrumb":{"@id":"https:\/\/vitablanca.ma\/produit\/centella-poremizing-quick-clay-stick-mask\/#breadcrumb"},"inLanguage":"en-US","potentialAction":[{"@type":"ReadAction","target":["https:\/\/vitablanca.ma\/produit\/centella-poremizing-quick-clay-stick-mask\/"]}]},{"@type":"ImageObject","inLanguage":"en-US","@id":"https:\/\/vitablanca.ma\/produit\/centella-poremizing-quick-clay-stick-mask\/#primaryimage","url":"https:\/\/vitablanca.ma\/wp-content\/uploads\/2025\/05\/skin1004-madagascar-centella-poremizing-quick-clay-stick-mask.jpg","contentUrl":"https:\/\/vitablanca.ma\/wp-content\/uploads\/2025\/05\/skin1004-madagascar-centella-poremizing-quick-clay-stick-mask.jpg","width":800,"height":800},{"@type":"BreadcrumbList","@id":"https:\/\/vitablanca.ma\/produit\/centella-poremizing-quick-clay-stick-mask\/#breadcrumb","itemListElement":[{"@type":"ListItem","position":1,"name":"Home","item":"https:\/\/vitablanca.ma\/"},{"@type":"ListItem","position":2,"name":"Tous Les Produits","item":"https:\/\/vitablanca.ma\/tous-les-produits\/"},{"@type":"ListItem","position":3,"name":"Centella &#8211; Poremizing Quick Clay Stick Mask"}]},{"@type":"WebSite","@id":"https:\/\/vitablanca.ma\/#website","url":"https:\/\/vitablanca.ma\/","name":"VitaBlanca.ma | Food supplements, health &amp; beauty in Morocco","description":"sell premium vitamins and supplements from USA &amp; Canada, New Zealand, Morocco (NOW Foods, Solgar, Manuka). Fast delivery anywhere in Morocco.","publisher":{"@id":"https:\/\/vitablanca.ma\/#organization"},"alternateName":"VitaBlanca.ma","potentialAction":[{"@type":"SearchAction","target":{"@type":"EntryPoint","urlTemplate":"https:\/\/vitablanca.ma\/?s={search_term_string}"},"query-input":{"@type":"PropertyValueSpecification","valueRequired":true,"valueName":"search_term_string"}}],"inLanguage":"en-US"},{"@type":"Organization","@id":"https:\/\/vitablanca.ma\/#organization","name":"VitaBlanca","url":"https:\/\/vitablanca.ma\/","logo":{"@type":"ImageObject","inLanguage":"en-US","@id":"https:\/\/vitablanca.ma\/#\/schema\/logo\/image\/","url":"https:\/\/vitablanca.ma\/wp-content\/uploads\/2025\/05\/cropped-vitablanca.png","contentUrl":"https:\/\/vitablanca.ma\/wp-content\/uploads\/2025\/05\/cropped-vitablanca.png","width":360,"height":67,"caption":"VitaBlanca"},"image":{"@id":"https:\/\/vitablanca.ma\/#\/schema\/logo\/image\/"},"sameAs":["https:\/\/www.facebook.com\/profile.php?id=61576678196717","https:\/\/www.tiktok.com\/@vitablanca.ma","https:\/\/www.instagram.com\/vitablanca.ma\/"]}]}},"jetpack_sharing_enabled":true,"_links":{"self":[{"href":"https:\/\/vitablanca.ma\/en\/wp-json\/wp\/v2\/product\/8392","targetHints":{"allow":["GET"]}}],"collection":[{"href":"https:\/\/vitablanca.ma\/en\/wp-json\/wp\/v2\/product"}],"about":[{"href":"https:\/\/vitablanca.ma\/en\/wp-json\/wp\/v2\/types\/product"}],"wp:featuredmedia":[{"embeddable":true,"href":"https:\/\/vitablanca.ma\/en\/wp-json\/wp\/v2\/media\/8387"}],"wp:attachment":[{"href":"https:\/\/vitablanca.ma\/en\/wp-json\/wp\/v2\/media?parent=8392"}],"wp:term":[{"taxonomy":"product_brand","embeddable":true,"href":"https:\/\/vitablanca.ma\/en\/wp-json\/wp\/v2\/product_brand?post=8392"},{"taxonomy":"product_cat","embeddable":true,"href":"https:\/\/vitablanca.ma\/en\/wp-json\/wp\/v2\/product_cat?post=8392"},{"taxonomy":"product_tag","embeddable":true,"href":"https:\/\/vitablanca.ma\/en\/wp-json\/wp\/v2\/product_tag?post=8392"}],"curies":[{"name":"wp","href":"https:\/\/api.w.org\/{rel}","templated":true}]}}