{"id":8318,"date":"2025-05-22T23:33:32","date_gmt":"2025-05-22T23:33:32","guid":{"rendered":"https:\/\/vitablanca.ma\/product\/beauty-of-joseon-hanbang-serum-discovery-kit\/"},"modified":"2026-01-06T14:03:52","modified_gmt":"2026-01-06T14:03:52","slug":"beauty-of-joseon-hanbang-serum-discovery-kit","status":"publish","type":"product","link":"https:\/\/vitablanca.ma\/en\/product\/beauty-of-joseon-hanbang-serum-discovery-kit\/","title":{"rendered":"Beauty of Joseon Hanbang Serum Discovery Kit"},"content":{"rendered":"<p>Discover the benefits of Beauty of Joseon&#039;s &#039;Hanbang Discovery Kit&#039;, perfect for finding the right BOJ serum for your skin. This discovery kit of four 10ml mini serums allows you to use or mix them according to your skin type or skin concerns. With ingredients such as green tea extract and niacinamide, choose between soothing or radiant action for radiant and balanced skin.<\/p>","protected":false},"excerpt":{"rendered":"<p>D\u00e9couvrez les bienfaits du &lsquo;Hanbang discovery kit&rsquo; de Beauty of Joseon, parfait pour trouver le s\u00e9rum BOJ adapt\u00e9 \u00e0 votre peau. Ce kit d\u00e9couverte de 4 mini-s\u00e9rums de 10ml vous permet de les utiliser ou m\u00e9langer en fonction de votre type de peau ou probl\u00e8mes cutan\u00e9s. Avec des ingr\u00e9dients tels que l&rsquo;extrait de th\u00e9 vert [&hellip;]<\/p>\n","protected":false},"featured_media":8316,"template":"","meta":{"om_disable_all_campaigns":false},"product_brand":[3443],"product_cat":[18,1117],"product_tag":[],"class_list":{"0":"post-8318","1":"product","2":"type-product","3":"status-publish","4":"has-post-thumbnail","6":"product_brand-beauty-of-joseon-maroc-prix","7":"product_cat-beaute-sante","8":"product_cat-korean-skin-care","10":"first","11":"instock","12":"taxable","13":"shipping-taxable","14":"purchasable","15":"product-type-simple"},"yoast_head":"<!-- This site is optimized with the Yoast SEO plugin v27.4 - https:\/\/yoast.com\/product\/yoast-seo-wordpress\/ -->\n<title>Beauty of Joseon Hanbang Serum Discovery Kit - Maroc Prix<\/title>\n<meta name=\"description\" content=\"Beauty of Joseon Hanbang Serum Discovery Kit sur Vitablanca.ma. Ce kit de s\u00e9rums Hanbang, inspir\u00e9 de la m\u00e9decine traditionnelle cor\u00e9enne, au Maroc.\" \/>\n<meta name=\"robots\" content=\"index, follow, max-snippet:-1, max-image-preview:large, max-video-preview:-1\" \/>\n<link rel=\"canonical\" href=\"https:\/\/vitablanca.ma\/en\/product\/beauty-of-joseon-hanbang-serum-discovery-kit\/\" \/>\n<meta property=\"og:locale\" content=\"en_US\" \/>\n<meta property=\"og:type\" content=\"article\" \/>\n<meta property=\"og:title\" content=\"Beauty of Joseon Hanbang Serum Discovery Kit - Maroc Prix\" \/>\n<meta property=\"og:description\" content=\"Beauty of Joseon Hanbang Serum Discovery Kit sur Vitablanca.ma. Ce kit de s\u00e9rums Hanbang, inspir\u00e9 de la m\u00e9decine traditionnelle cor\u00e9enne, au Maroc.\" \/>\n<meta property=\"og:url\" content=\"https:\/\/vitablanca.ma\/en\/product\/beauty-of-joseon-hanbang-serum-discovery-kit\/\" \/>\n<meta property=\"og:site_name\" content=\"Vitablanca.ma &ndash; Sant&eacute;, vitalit&eacute; et bien-&ecirc;tre pour tous les Marocains\" \/>\n<meta property=\"article:publisher\" content=\"https:\/\/www.facebook.com\/profile.php?id=61576678196717\" \/>\n<meta property=\"article:modified_time\" content=\"2026-01-06T14:03:52+00:00\" \/>\n<meta property=\"og:image\" content=\"https:\/\/vitablanca.ma\/wp-content\/uploads\/2025\/05\/BEAUTY-OF-JOSEON-Hanbang-Serum-Discovery-Kit-Decouverte-de-4-Serums.jpg\" \/>\n\t<meta property=\"og:image:width\" content=\"800\" \/>\n\t<meta property=\"og:image:height\" content=\"800\" \/>\n\t<meta property=\"og:image:type\" content=\"image\/jpeg\" \/>\n<meta name=\"twitter:card\" content=\"summary_large_image\" \/>\n<meta name=\"twitter:label1\" content=\"Est. reading time\" \/>\n\t<meta name=\"twitter:data1\" content=\"1 minute\" \/>\n<script type=\"application\/ld+json\" class=\"yoast-schema-graph\">{\"@context\":\"https:\\\/\\\/schema.org\",\"@graph\":[{\"@type\":[\"WebPage\",\"ItemPage\"],\"@id\":\"https:\\\/\\\/vitablanca.ma\\\/produit\\\/beauty-of-joseon-hanbang-serum-discovery-kit\\\/\",\"url\":\"https:\\\/\\\/vitablanca.ma\\\/produit\\\/beauty-of-joseon-hanbang-serum-discovery-kit\\\/\",\"name\":\"Beauty of Joseon Hanbang Serum Discovery Kit - Maroc Prix\",\"isPartOf\":{\"@id\":\"https:\\\/\\\/vitablanca.ma\\\/#website\"},\"primaryImageOfPage\":{\"@id\":\"https:\\\/\\\/vitablanca.ma\\\/produit\\\/beauty-of-joseon-hanbang-serum-discovery-kit\\\/#primaryimage\"},\"image\":{\"@id\":\"https:\\\/\\\/vitablanca.ma\\\/produit\\\/beauty-of-joseon-hanbang-serum-discovery-kit\\\/#primaryimage\"},\"thumbnailUrl\":\"https:\\\/\\\/vitablanca.ma\\\/wp-content\\\/uploads\\\/2025\\\/05\\\/BEAUTY-OF-JOSEON-Hanbang-Serum-Discovery-Kit-Decouverte-de-4-Serums.jpg\",\"datePublished\":\"2025-05-22T23:33:32+00:00\",\"dateModified\":\"2026-01-06T14:03:52+00:00\",\"description\":\"Beauty of Joseon Hanbang Serum Discovery Kit sur Vitablanca.ma. Ce kit de s\u00e9rums Hanbang, inspir\u00e9 de la m\u00e9decine traditionnelle cor\u00e9enne, au Maroc.\",\"breadcrumb\":{\"@id\":\"https:\\\/\\\/vitablanca.ma\\\/produit\\\/beauty-of-joseon-hanbang-serum-discovery-kit\\\/#breadcrumb\"},\"inLanguage\":\"en-US\",\"potentialAction\":[{\"@type\":\"ReadAction\",\"target\":[\"https:\\\/\\\/vitablanca.ma\\\/produit\\\/beauty-of-joseon-hanbang-serum-discovery-kit\\\/\"]}]},{\"@type\":\"ImageObject\",\"inLanguage\":\"en-US\",\"@id\":\"https:\\\/\\\/vitablanca.ma\\\/produit\\\/beauty-of-joseon-hanbang-serum-discovery-kit\\\/#primaryimage\",\"url\":\"https:\\\/\\\/vitablanca.ma\\\/wp-content\\\/uploads\\\/2025\\\/05\\\/BEAUTY-OF-JOSEON-Hanbang-Serum-Discovery-Kit-Decouverte-de-4-Serums.jpg\",\"contentUrl\":\"https:\\\/\\\/vitablanca.ma\\\/wp-content\\\/uploads\\\/2025\\\/05\\\/BEAUTY-OF-JOSEON-Hanbang-Serum-Discovery-Kit-Decouverte-de-4-Serums.jpg\",\"width\":800,\"height\":800},{\"@type\":\"BreadcrumbList\",\"@id\":\"https:\\\/\\\/vitablanca.ma\\\/produit\\\/beauty-of-joseon-hanbang-serum-discovery-kit\\\/#breadcrumb\",\"itemListElement\":[{\"@type\":\"ListItem\",\"position\":1,\"name\":\"Home\",\"item\":\"https:\\\/\\\/vitablanca.ma\\\/\"},{\"@type\":\"ListItem\",\"position\":2,\"name\":\"Tous Les Produits\",\"item\":\"https:\\\/\\\/vitablanca.ma\\\/tous-les-produits\\\/\"},{\"@type\":\"ListItem\",\"position\":3,\"name\":\"Beauty of Joseon Hanbang Serum Discovery Kit\"}]},{\"@type\":\"WebSite\",\"@id\":\"https:\\\/\\\/vitablanca.ma\\\/#website\",\"url\":\"https:\\\/\\\/vitablanca.ma\\\/\",\"name\":\"VitaBlanca.ma | Compl\u00e9ments alimentaires, sant\u00e9 & beaut\u00e9 au Maroc\",\"description\":\"vendre vitamines et compl\u00e9ments premium des USA &amp; Canada, Nouvelle Z\u00e9lande,Maroc (NOW Foods, Solgar, Manuka). Livraison rapide partout au Maroc.\",\"publisher\":{\"@id\":\"https:\\\/\\\/vitablanca.ma\\\/#organization\"},\"alternateName\":\"VitaBlanca.ma\",\"potentialAction\":[{\"@type\":\"SearchAction\",\"target\":{\"@type\":\"EntryPoint\",\"urlTemplate\":\"https:\\\/\\\/vitablanca.ma\\\/?s={search_term_string}\"},\"query-input\":{\"@type\":\"PropertyValueSpecification\",\"valueRequired\":true,\"valueName\":\"search_term_string\"}}],\"inLanguage\":\"en-US\"},{\"@type\":\"Organization\",\"@id\":\"https:\\\/\\\/vitablanca.ma\\\/#organization\",\"name\":\"VitaBlanca\",\"url\":\"https:\\\/\\\/vitablanca.ma\\\/\",\"logo\":{\"@type\":\"ImageObject\",\"inLanguage\":\"en-US\",\"@id\":\"https:\\\/\\\/vitablanca.ma\\\/#\\\/schema\\\/logo\\\/image\\\/\",\"url\":\"https:\\\/\\\/vitablanca.ma\\\/wp-content\\\/uploads\\\/2025\\\/05\\\/cropped-vitablanca.png\",\"contentUrl\":\"https:\\\/\\\/vitablanca.ma\\\/wp-content\\\/uploads\\\/2025\\\/05\\\/cropped-vitablanca.png\",\"width\":360,\"height\":67,\"caption\":\"VitaBlanca\"},\"image\":{\"@id\":\"https:\\\/\\\/vitablanca.ma\\\/#\\\/schema\\\/logo\\\/image\\\/\"},\"sameAs\":[\"https:\\\/\\\/www.facebook.com\\\/profile.php?id=61576678196717\",\"https:\\\/\\\/www.tiktok.com\\\/@vitablanca.ma\",\"https:\\\/\\\/www.instagram.com\\\/vitablanca.ma\\\/\"]}]}<\/script>\n<!-- \/ Yoast SEO plugin. -->","yoast_head_json":{"title":"Beauty of Joseon Hanbang Serum Discovery Kit - Morocco Price","description":"Beauty of Joseon Hanbang Serum Discovery Kit on Vitablanca.ma. This Hanbang serum kit, inspired by traditional Korean medicine, is from Morocco.","robots":{"index":"index","follow":"follow","max-snippet":"max-snippet:-1","max-image-preview":"max-image-preview:large","max-video-preview":"max-video-preview:-1"},"canonical":"https:\/\/vitablanca.ma\/en\/product\/beauty-of-joseon-hanbang-serum-discovery-kit\/","og_locale":"en_US","og_type":"article","og_title":"Beauty of Joseon Hanbang Serum Discovery Kit - Maroc Prix","og_description":"Beauty of Joseon Hanbang Serum Discovery Kit sur Vitablanca.ma. Ce kit de s\u00e9rums Hanbang, inspir\u00e9 de la m\u00e9decine traditionnelle cor\u00e9enne, au Maroc.","og_url":"https:\/\/vitablanca.ma\/en\/product\/beauty-of-joseon-hanbang-serum-discovery-kit\/","og_site_name":"Vitablanca.ma &ndash; Sant&eacute;, vitalit&eacute; et bien-&ecirc;tre pour tous les Marocains","article_publisher":"https:\/\/www.facebook.com\/profile.php?id=61576678196717","article_modified_time":"2026-01-06T14:03:52+00:00","og_image":[{"width":800,"height":800,"url":"https:\/\/vitablanca.ma\/wp-content\/uploads\/2025\/05\/BEAUTY-OF-JOSEON-Hanbang-Serum-Discovery-Kit-Decouverte-de-4-Serums.jpg","type":"image\/jpeg"}],"twitter_card":"summary_large_image","twitter_misc":{"Est. reading time":"1 minute"},"schema":{"@context":"https:\/\/schema.org","@graph":[{"@type":["WebPage","ItemPage"],"@id":"https:\/\/vitablanca.ma\/produit\/beauty-of-joseon-hanbang-serum-discovery-kit\/","url":"https:\/\/vitablanca.ma\/produit\/beauty-of-joseon-hanbang-serum-discovery-kit\/","name":"Beauty of Joseon Hanbang Serum Discovery Kit - Morocco Price","isPartOf":{"@id":"https:\/\/vitablanca.ma\/#website"},"primaryImageOfPage":{"@id":"https:\/\/vitablanca.ma\/produit\/beauty-of-joseon-hanbang-serum-discovery-kit\/#primaryimage"},"image":{"@id":"https:\/\/vitablanca.ma\/produit\/beauty-of-joseon-hanbang-serum-discovery-kit\/#primaryimage"},"thumbnailUrl":"https:\/\/vitablanca.ma\/wp-content\/uploads\/2025\/05\/BEAUTY-OF-JOSEON-Hanbang-Serum-Discovery-Kit-Decouverte-de-4-Serums.jpg","datePublished":"2025-05-22T23:33:32+00:00","dateModified":"2026-01-06T14:03:52+00:00","description":"Beauty of Joseon Hanbang Serum Discovery Kit on Vitablanca.ma. This Hanbang serum kit, inspired by traditional Korean medicine, is from Morocco.","breadcrumb":{"@id":"https:\/\/vitablanca.ma\/produit\/beauty-of-joseon-hanbang-serum-discovery-kit\/#breadcrumb"},"inLanguage":"en-US","potentialAction":[{"@type":"ReadAction","target":["https:\/\/vitablanca.ma\/produit\/beauty-of-joseon-hanbang-serum-discovery-kit\/"]}]},{"@type":"ImageObject","inLanguage":"en-US","@id":"https:\/\/vitablanca.ma\/produit\/beauty-of-joseon-hanbang-serum-discovery-kit\/#primaryimage","url":"https:\/\/vitablanca.ma\/wp-content\/uploads\/2025\/05\/BEAUTY-OF-JOSEON-Hanbang-Serum-Discovery-Kit-Decouverte-de-4-Serums.jpg","contentUrl":"https:\/\/vitablanca.ma\/wp-content\/uploads\/2025\/05\/BEAUTY-OF-JOSEON-Hanbang-Serum-Discovery-Kit-Decouverte-de-4-Serums.jpg","width":800,"height":800},{"@type":"BreadcrumbList","@id":"https:\/\/vitablanca.ma\/produit\/beauty-of-joseon-hanbang-serum-discovery-kit\/#breadcrumb","itemListElement":[{"@type":"ListItem","position":1,"name":"Home","item":"https:\/\/vitablanca.ma\/"},{"@type":"ListItem","position":2,"name":"Tous Les Produits","item":"https:\/\/vitablanca.ma\/tous-les-produits\/"},{"@type":"ListItem","position":3,"name":"Beauty of Joseon Hanbang Serum Discovery Kit"}]},{"@type":"WebSite","@id":"https:\/\/vitablanca.ma\/#website","url":"https:\/\/vitablanca.ma\/","name":"VitaBlanca.ma | Food supplements, health &amp; beauty in Morocco","description":"sell premium vitamins and supplements from USA &amp; Canada, New Zealand, Morocco (NOW Foods, Solgar, Manuka). Fast delivery anywhere in Morocco.","publisher":{"@id":"https:\/\/vitablanca.ma\/#organization"},"alternateName":"VitaBlanca.ma","potentialAction":[{"@type":"SearchAction","target":{"@type":"EntryPoint","urlTemplate":"https:\/\/vitablanca.ma\/?s={search_term_string}"},"query-input":{"@type":"PropertyValueSpecification","valueRequired":true,"valueName":"search_term_string"}}],"inLanguage":"en-US"},{"@type":"Organization","@id":"https:\/\/vitablanca.ma\/#organization","name":"VitaBlanca","url":"https:\/\/vitablanca.ma\/","logo":{"@type":"ImageObject","inLanguage":"en-US","@id":"https:\/\/vitablanca.ma\/#\/schema\/logo\/image\/","url":"https:\/\/vitablanca.ma\/wp-content\/uploads\/2025\/05\/cropped-vitablanca.png","contentUrl":"https:\/\/vitablanca.ma\/wp-content\/uploads\/2025\/05\/cropped-vitablanca.png","width":360,"height":67,"caption":"VitaBlanca"},"image":{"@id":"https:\/\/vitablanca.ma\/#\/schema\/logo\/image\/"},"sameAs":["https:\/\/www.facebook.com\/profile.php?id=61576678196717","https:\/\/www.tiktok.com\/@vitablanca.ma","https:\/\/www.instagram.com\/vitablanca.ma\/"]}]}},"jetpack_sharing_enabled":true,"_links":{"self":[{"href":"https:\/\/vitablanca.ma\/en\/wp-json\/wp\/v2\/product\/8318","targetHints":{"allow":["GET"]}}],"collection":[{"href":"https:\/\/vitablanca.ma\/en\/wp-json\/wp\/v2\/product"}],"about":[{"href":"https:\/\/vitablanca.ma\/en\/wp-json\/wp\/v2\/types\/product"}],"wp:featuredmedia":[{"embeddable":true,"href":"https:\/\/vitablanca.ma\/en\/wp-json\/wp\/v2\/media\/8316"}],"wp:attachment":[{"href":"https:\/\/vitablanca.ma\/en\/wp-json\/wp\/v2\/media?parent=8318"}],"wp:term":[{"taxonomy":"product_brand","embeddable":true,"href":"https:\/\/vitablanca.ma\/en\/wp-json\/wp\/v2\/product_brand?post=8318"},{"taxonomy":"product_cat","embeddable":true,"href":"https:\/\/vitablanca.ma\/en\/wp-json\/wp\/v2\/product_cat?post=8318"},{"taxonomy":"product_tag","embeddable":true,"href":"https:\/\/vitablanca.ma\/en\/wp-json\/wp\/v2\/product_tag?post=8318"}],"curies":[{"name":"wp","href":"https:\/\/api.w.org\/{rel}","templated":true}]}}