{"id":8305,"date":"2025-05-22T23:33:12","date_gmt":"2025-05-22T23:33:12","guid":{"rendered":"https:\/\/vitablanca.ma\/product\/anua-airy-sub-cream-spf-50\/"},"modified":"2026-01-06T14:03:52","modified_gmt":"2026-01-06T14:03:52","slug":"anua-airy-sub-cream-spf-50","status":"publish","type":"product","link":"https:\/\/vitablanca.ma\/en\/product\/anua-airy-sub-cream-spf-50\/","title":{"rendered":"ANUA AIRY SUB CREAM SPF 50"},"content":{"rendered":"<p><span><br \/>Enjoy ultimate UV protection with ANUA AIRY SUB CREAM SPF 50. This lightweight, non-greasy cream provides complete coverage for your skin while still allowing it to breathe. With SPF 50, protect your skin from the sun and prevent UV damage, for healthy, protected skin.<\/span><\/p>","protected":false},"excerpt":{"rendered":"<p>Profitez d&rsquo;une protection ultime contre les rayons UV avec ANUA AIRY SUB CREAM SPF 50. Cette cr\u00e8me l\u00e9g\u00e8re et non grasse offre une couverture compl\u00e8te pour votre peau tout en la laissant respirer. Avec un SPF 50, pr\u00e9servez votre peau du soleil et \u00e9vitez les dommages caus\u00e9s par les rayons UV, pour une peau saine [&hellip;]<\/p>\n","protected":false},"featured_media":8303,"template":"","meta":{"om_disable_all_campaigns":false},"product_brand":[3371],"product_cat":[18,1117],"product_tag":[],"class_list":{"0":"post-8305","1":"product","2":"type-product","3":"status-publish","4":"has-post-thumbnail","6":"product_brand-produits-anua-maroc","7":"product_cat-beaute-sante","8":"product_cat-korean-skin-care","10":"first","11":"instock","12":"taxable","13":"shipping-taxable","14":"purchasable","15":"product-type-simple"},"yoast_head":"<!-- This site is optimized with the Yoast SEO plugin v27.4 - https:\/\/yoast.com\/product\/yoast-seo-wordpress\/ -->\n<title>ANUA AIRY SUB CREAM SPF 50 - Maroc Prix<\/title>\n<meta name=\"description\" content=\"Prot\u00e9gez votre peau avec la cr\u00e8me solaire Anua Airy. Sensation l\u00e9g\u00e8re, fini non gras et sans trace blanche. Protection SPF 50+ UVA\/UVB. au Vitablanca.ma\" \/>\n<meta name=\"robots\" content=\"index, follow, max-snippet:-1, max-image-preview:large, max-video-preview:-1\" \/>\n<link rel=\"canonical\" href=\"https:\/\/vitablanca.ma\/en\/product\/anua-airy-sub-cream-spf-50\/\" \/>\n<meta property=\"og:locale\" content=\"en_US\" \/>\n<meta property=\"og:type\" content=\"article\" \/>\n<meta property=\"og:title\" content=\"ANUA AIRY SUB CREAM SPF 50 - Maroc Prix\" \/>\n<meta property=\"og:description\" content=\"Prot\u00e9gez votre peau avec la cr\u00e8me solaire Anua Airy. Sensation l\u00e9g\u00e8re, fini non gras et sans trace blanche. Protection SPF 50+ UVA\/UVB. au Vitablanca.ma\" \/>\n<meta property=\"og:url\" content=\"https:\/\/vitablanca.ma\/en\/product\/anua-airy-sub-cream-spf-50\/\" \/>\n<meta property=\"og:site_name\" content=\"Vitablanca.ma &ndash; Sant&eacute;, vitalit&eacute; et bien-&ecirc;tre pour tous les Marocains\" \/>\n<meta property=\"article:publisher\" content=\"https:\/\/www.facebook.com\/profile.php?id=61576678196717\" \/>\n<meta property=\"article:modified_time\" content=\"2026-01-06T14:03:52+00:00\" \/>\n<meta property=\"og:image\" content=\"https:\/\/vitablanca.ma\/wp-content\/uploads\/2025\/05\/IMG-3120.jpg\" \/>\n\t<meta property=\"og:image:width\" content=\"640\" \/>\n\t<meta property=\"og:image:height\" content=\"640\" \/>\n\t<meta property=\"og:image:type\" content=\"image\/jpeg\" \/>\n<meta name=\"twitter:card\" content=\"summary_large_image\" \/>\n<meta name=\"twitter:label1\" content=\"Est. reading time\" \/>\n\t<meta name=\"twitter:data1\" content=\"1 minute\" \/>\n<script type=\"application\/ld+json\" class=\"yoast-schema-graph\">{\"@context\":\"https:\\\/\\\/schema.org\",\"@graph\":[{\"@type\":[\"WebPage\",\"ItemPage\"],\"@id\":\"https:\\\/\\\/vitablanca.ma\\\/produit\\\/anua-airy-sub-cream-spf-50\\\/\",\"url\":\"https:\\\/\\\/vitablanca.ma\\\/produit\\\/anua-airy-sub-cream-spf-50\\\/\",\"name\":\"ANUA AIRY SUB CREAM SPF 50 - Maroc Prix\",\"isPartOf\":{\"@id\":\"https:\\\/\\\/vitablanca.ma\\\/#website\"},\"primaryImageOfPage\":{\"@id\":\"https:\\\/\\\/vitablanca.ma\\\/produit\\\/anua-airy-sub-cream-spf-50\\\/#primaryimage\"},\"image\":{\"@id\":\"https:\\\/\\\/vitablanca.ma\\\/produit\\\/anua-airy-sub-cream-spf-50\\\/#primaryimage\"},\"thumbnailUrl\":\"https:\\\/\\\/vitablanca.ma\\\/wp-content\\\/uploads\\\/2025\\\/05\\\/IMG-3120.jpg\",\"datePublished\":\"2025-05-22T23:33:12+00:00\",\"dateModified\":\"2026-01-06T14:03:52+00:00\",\"description\":\"Prot\u00e9gez votre peau avec la cr\u00e8me solaire Anua Airy. Sensation l\u00e9g\u00e8re, fini non gras et sans trace blanche. Protection SPF 50+ UVA\\\/UVB. au Vitablanca.ma\",\"breadcrumb\":{\"@id\":\"https:\\\/\\\/vitablanca.ma\\\/produit\\\/anua-airy-sub-cream-spf-50\\\/#breadcrumb\"},\"inLanguage\":\"en-US\",\"potentialAction\":[{\"@type\":\"ReadAction\",\"target\":[\"https:\\\/\\\/vitablanca.ma\\\/produit\\\/anua-airy-sub-cream-spf-50\\\/\"]}]},{\"@type\":\"ImageObject\",\"inLanguage\":\"en-US\",\"@id\":\"https:\\\/\\\/vitablanca.ma\\\/produit\\\/anua-airy-sub-cream-spf-50\\\/#primaryimage\",\"url\":\"https:\\\/\\\/vitablanca.ma\\\/wp-content\\\/uploads\\\/2025\\\/05\\\/IMG-3120.jpg\",\"contentUrl\":\"https:\\\/\\\/vitablanca.ma\\\/wp-content\\\/uploads\\\/2025\\\/05\\\/IMG-3120.jpg\",\"width\":640,\"height\":640},{\"@type\":\"BreadcrumbList\",\"@id\":\"https:\\\/\\\/vitablanca.ma\\\/produit\\\/anua-airy-sub-cream-spf-50\\\/#breadcrumb\",\"itemListElement\":[{\"@type\":\"ListItem\",\"position\":1,\"name\":\"Home\",\"item\":\"https:\\\/\\\/vitablanca.ma\\\/\"},{\"@type\":\"ListItem\",\"position\":2,\"name\":\"Tous Les Produits\",\"item\":\"https:\\\/\\\/vitablanca.ma\\\/tous-les-produits\\\/\"},{\"@type\":\"ListItem\",\"position\":3,\"name\":\"ANUA AIRY SUB CREAM SPF 50\"}]},{\"@type\":\"WebSite\",\"@id\":\"https:\\\/\\\/vitablanca.ma\\\/#website\",\"url\":\"https:\\\/\\\/vitablanca.ma\\\/\",\"name\":\"VitaBlanca.ma | Compl\u00e9ments alimentaires, sant\u00e9 & beaut\u00e9 au Maroc\",\"description\":\"vendre vitamines et compl\u00e9ments premium des USA &amp; Canada, Nouvelle Z\u00e9lande,Maroc (NOW Foods, Solgar, Manuka). Livraison rapide partout au Maroc.\",\"publisher\":{\"@id\":\"https:\\\/\\\/vitablanca.ma\\\/#organization\"},\"alternateName\":\"VitaBlanca.ma\",\"potentialAction\":[{\"@type\":\"SearchAction\",\"target\":{\"@type\":\"EntryPoint\",\"urlTemplate\":\"https:\\\/\\\/vitablanca.ma\\\/?s={search_term_string}\"},\"query-input\":{\"@type\":\"PropertyValueSpecification\",\"valueRequired\":true,\"valueName\":\"search_term_string\"}}],\"inLanguage\":\"en-US\"},{\"@type\":\"Organization\",\"@id\":\"https:\\\/\\\/vitablanca.ma\\\/#organization\",\"name\":\"VitaBlanca\",\"url\":\"https:\\\/\\\/vitablanca.ma\\\/\",\"logo\":{\"@type\":\"ImageObject\",\"inLanguage\":\"en-US\",\"@id\":\"https:\\\/\\\/vitablanca.ma\\\/#\\\/schema\\\/logo\\\/image\\\/\",\"url\":\"https:\\\/\\\/vitablanca.ma\\\/wp-content\\\/uploads\\\/2025\\\/05\\\/cropped-vitablanca.png\",\"contentUrl\":\"https:\\\/\\\/vitablanca.ma\\\/wp-content\\\/uploads\\\/2025\\\/05\\\/cropped-vitablanca.png\",\"width\":360,\"height\":67,\"caption\":\"VitaBlanca\"},\"image\":{\"@id\":\"https:\\\/\\\/vitablanca.ma\\\/#\\\/schema\\\/logo\\\/image\\\/\"},\"sameAs\":[\"https:\\\/\\\/www.facebook.com\\\/profile.php?id=61576678196717\",\"https:\\\/\\\/www.tiktok.com\\\/@vitablanca.ma\",\"https:\\\/\\\/www.instagram.com\\\/vitablanca.ma\\\/\"]}]}<\/script>\n<!-- \/ Yoast SEO plugin. -->","yoast_head_json":{"title":"ANUA AIRY SUB CREAM SPF 50 - Morocco Price","description":"Protect your skin with Anua Airy sunscreen. Lightweight, non-greasy, and cast-free. SPF 50+ UVA\/UVB protection. at Vitablanca.ma","robots":{"index":"index","follow":"follow","max-snippet":"max-snippet:-1","max-image-preview":"max-image-preview:large","max-video-preview":"max-video-preview:-1"},"canonical":"https:\/\/vitablanca.ma\/en\/product\/anua-airy-sub-cream-spf-50\/","og_locale":"en_US","og_type":"article","og_title":"ANUA AIRY SUB CREAM SPF 50 - Maroc Prix","og_description":"Prot\u00e9gez votre peau avec la cr\u00e8me solaire Anua Airy. Sensation l\u00e9g\u00e8re, fini non gras et sans trace blanche. Protection SPF 50+ UVA\/UVB. au Vitablanca.ma","og_url":"https:\/\/vitablanca.ma\/en\/product\/anua-airy-sub-cream-spf-50\/","og_site_name":"Vitablanca.ma &ndash; Sant&eacute;, vitalit&eacute; et bien-&ecirc;tre pour tous les Marocains","article_publisher":"https:\/\/www.facebook.com\/profile.php?id=61576678196717","article_modified_time":"2026-01-06T14:03:52+00:00","og_image":[{"width":640,"height":640,"url":"https:\/\/vitablanca.ma\/wp-content\/uploads\/2025\/05\/IMG-3120.jpg","type":"image\/jpeg"}],"twitter_card":"summary_large_image","twitter_misc":{"Est. reading time":"1 minute"},"schema":{"@context":"https:\/\/schema.org","@graph":[{"@type":["WebPage","ItemPage"],"@id":"https:\/\/vitablanca.ma\/produit\/anua-airy-sub-cream-spf-50\/","url":"https:\/\/vitablanca.ma\/produit\/anua-airy-sub-cream-spf-50\/","name":"ANUA AIRY SUB CREAM SPF 50 - Morocco Price","isPartOf":{"@id":"https:\/\/vitablanca.ma\/#website"},"primaryImageOfPage":{"@id":"https:\/\/vitablanca.ma\/produit\/anua-airy-sub-cream-spf-50\/#primaryimage"},"image":{"@id":"https:\/\/vitablanca.ma\/produit\/anua-airy-sub-cream-spf-50\/#primaryimage"},"thumbnailUrl":"https:\/\/vitablanca.ma\/wp-content\/uploads\/2025\/05\/IMG-3120.jpg","datePublished":"2025-05-22T23:33:12+00:00","dateModified":"2026-01-06T14:03:52+00:00","description":"Protect your skin with Anua Airy sunscreen. Lightweight, non-greasy, and cast-free. SPF 50+ UVA\/UVB protection. at Vitablanca.ma","breadcrumb":{"@id":"https:\/\/vitablanca.ma\/produit\/anua-airy-sub-cream-spf-50\/#breadcrumb"},"inLanguage":"en-US","potentialAction":[{"@type":"ReadAction","target":["https:\/\/vitablanca.ma\/produit\/anua-airy-sub-cream-spf-50\/"]}]},{"@type":"ImageObject","inLanguage":"en-US","@id":"https:\/\/vitablanca.ma\/produit\/anua-airy-sub-cream-spf-50\/#primaryimage","url":"https:\/\/vitablanca.ma\/wp-content\/uploads\/2025\/05\/IMG-3120.jpg","contentUrl":"https:\/\/vitablanca.ma\/wp-content\/uploads\/2025\/05\/IMG-3120.jpg","width":640,"height":640},{"@type":"BreadcrumbList","@id":"https:\/\/vitablanca.ma\/produit\/anua-airy-sub-cream-spf-50\/#breadcrumb","itemListElement":[{"@type":"ListItem","position":1,"name":"Home","item":"https:\/\/vitablanca.ma\/"},{"@type":"ListItem","position":2,"name":"Tous Les Produits","item":"https:\/\/vitablanca.ma\/tous-les-produits\/"},{"@type":"ListItem","position":3,"name":"ANUA AIRY SUB CREAM SPF 50"}]},{"@type":"WebSite","@id":"https:\/\/vitablanca.ma\/#website","url":"https:\/\/vitablanca.ma\/","name":"VitaBlanca.ma | Food supplements, health &amp; beauty in Morocco","description":"sell premium vitamins and supplements from USA &amp; Canada, New Zealand, Morocco (NOW Foods, Solgar, Manuka). Fast delivery anywhere in Morocco.","publisher":{"@id":"https:\/\/vitablanca.ma\/#organization"},"alternateName":"VitaBlanca.ma","potentialAction":[{"@type":"SearchAction","target":{"@type":"EntryPoint","urlTemplate":"https:\/\/vitablanca.ma\/?s={search_term_string}"},"query-input":{"@type":"PropertyValueSpecification","valueRequired":true,"valueName":"search_term_string"}}],"inLanguage":"en-US"},{"@type":"Organization","@id":"https:\/\/vitablanca.ma\/#organization","name":"VitaBlanca","url":"https:\/\/vitablanca.ma\/","logo":{"@type":"ImageObject","inLanguage":"en-US","@id":"https:\/\/vitablanca.ma\/#\/schema\/logo\/image\/","url":"https:\/\/vitablanca.ma\/wp-content\/uploads\/2025\/05\/cropped-vitablanca.png","contentUrl":"https:\/\/vitablanca.ma\/wp-content\/uploads\/2025\/05\/cropped-vitablanca.png","width":360,"height":67,"caption":"VitaBlanca"},"image":{"@id":"https:\/\/vitablanca.ma\/#\/schema\/logo\/image\/"},"sameAs":["https:\/\/www.facebook.com\/profile.php?id=61576678196717","https:\/\/www.tiktok.com\/@vitablanca.ma","https:\/\/www.instagram.com\/vitablanca.ma\/"]}]}},"jetpack_sharing_enabled":true,"_links":{"self":[{"href":"https:\/\/vitablanca.ma\/en\/wp-json\/wp\/v2\/product\/8305","targetHints":{"allow":["GET"]}}],"collection":[{"href":"https:\/\/vitablanca.ma\/en\/wp-json\/wp\/v2\/product"}],"about":[{"href":"https:\/\/vitablanca.ma\/en\/wp-json\/wp\/v2\/types\/product"}],"wp:featuredmedia":[{"embeddable":true,"href":"https:\/\/vitablanca.ma\/en\/wp-json\/wp\/v2\/media\/8303"}],"wp:attachment":[{"href":"https:\/\/vitablanca.ma\/en\/wp-json\/wp\/v2\/media?parent=8305"}],"wp:term":[{"taxonomy":"product_brand","embeddable":true,"href":"https:\/\/vitablanca.ma\/en\/wp-json\/wp\/v2\/product_brand?post=8305"},{"taxonomy":"product_cat","embeddable":true,"href":"https:\/\/vitablanca.ma\/en\/wp-json\/wp\/v2\/product_cat?post=8305"},{"taxonomy":"product_tag","embeddable":true,"href":"https:\/\/vitablanca.ma\/en\/wp-json\/wp\/v2\/product_tag?post=8305"}],"curies":[{"name":"wp","href":"https:\/\/api.w.org\/{rel}","templated":true}]}}