{"id":8302,"date":"2025-05-22T23:33:03","date_gmt":"2025-05-22T23:33:03","guid":{"rendered":"https:\/\/vitablanca.ma\/product\/beauty-of-joseon-ginseng-essence-water\/"},"modified":"2026-01-06T14:03:52","modified_gmt":"2026-01-06T14:03:52","slug":"beauty-of-joseon-ginseng-essence-water","status":"publish","type":"product","link":"https:\/\/vitablanca.ma\/en\/product\/beauty-of-joseon-ginseng-essence-water\/","title":{"rendered":"Beauty Of Joseon Ginseng Essence Water"},"content":{"rendered":"<p>Discover the Beauty of Joseon Ginseng Essence Water, an intensely nourishing essence with 80% ginseng root extract and enriched with traditional Korean medicinal herbs. Moisturizes and controls oil production for healthy, clear skin, while preventing signs of aging with Niacinamide and Panax Ginseng Extract. Alcohol-free, fragrance-free, and essential oil-free, suitable for sensitive and dry skin.<\/p>","protected":false},"excerpt":{"rendered":"<p>D\u00e9couvrez la Beaut\u00e9 de Joseon Ginseng Essence Water, une essence nourrissante intens\u00e9ment avec 80% d&rsquo;extrait de racine de ginseng et enrichie avec des herbes m\u00e9dicinales cor\u00e9ennes traditionnelles. Hydrate et contr\u00f4le la production de s\u00e9bum pour une peau saine et claire, tout en \u00e9vitant les signes de vieillissement gr\u00e2ce au Niacinamide et \u00e0 l&rsquo;Extrait de Panax [&hellip;]<\/p>\n","protected":false},"featured_media":8298,"template":"","meta":{"om_disable_all_campaigns":false},"product_brand":[3443],"product_cat":[18,1117],"product_tag":[],"class_list":{"0":"post-8302","1":"product","2":"type-product","3":"status-publish","4":"has-post-thumbnail","6":"product_brand-beauty-of-joseon-maroc-prix","7":"product_cat-beaute-sante","8":"product_cat-korean-skin-care","10":"first","11":"instock","12":"taxable","13":"shipping-taxable","14":"purchasable","15":"product-type-simple"},"yoast_head":"<!-- This site is optimized with the Yoast SEO plugin v27.4 - https:\/\/yoast.com\/product\/yoast-seo-wordpress\/ -->\n<title>Beauty Of Joseon Ginseng Essence Water - Maroc Prix<\/title>\n<meta name=\"description\" content=\"D\u00e9couvrez le Beauty Of Joseon Ginseng Essence Water sur Vitablanca.ma. Cette essence au ginseng hydrate, r\u00e9g\u00e9n\u00e8re et illumine la peau au Maroc.\" \/>\n<meta name=\"robots\" content=\"index, follow, max-snippet:-1, max-image-preview:large, max-video-preview:-1\" \/>\n<link rel=\"canonical\" href=\"https:\/\/vitablanca.ma\/en\/product\/beauty-of-joseon-ginseng-essence-water\/\" \/>\n<meta property=\"og:locale\" content=\"en_US\" \/>\n<meta property=\"og:type\" content=\"article\" \/>\n<meta property=\"og:title\" content=\"Beauty Of Joseon Ginseng Essence Water - Maroc Prix\" \/>\n<meta property=\"og:description\" content=\"D\u00e9couvrez le Beauty Of Joseon Ginseng Essence Water sur Vitablanca.ma. Cette essence au ginseng hydrate, r\u00e9g\u00e9n\u00e8re et illumine la peau au Maroc.\" \/>\n<meta property=\"og:url\" content=\"https:\/\/vitablanca.ma\/en\/product\/beauty-of-joseon-ginseng-essence-water\/\" \/>\n<meta property=\"og:site_name\" content=\"Vitablanca.ma &ndash; Sant&eacute;, vitalit&eacute; et bien-&ecirc;tre pour tous les Marocains\" \/>\n<meta property=\"article:publisher\" content=\"https:\/\/www.facebook.com\/profile.php?id=61576678196717\" \/>\n<meta property=\"article:modified_time\" content=\"2026-01-06T14:03:52+00:00\" \/>\n<meta property=\"og:image\" content=\"https:\/\/vitablanca.ma\/wp-content\/uploads\/2025\/05\/image_a2ffc88a-3418-41f5-8f2f-e5346150ad34.jpg\" \/>\n\t<meta property=\"og:image:width\" content=\"1445\" \/>\n\t<meta property=\"og:image:height\" content=\"1445\" \/>\n\t<meta property=\"og:image:type\" content=\"image\/jpeg\" \/>\n<meta name=\"twitter:card\" content=\"summary_large_image\" \/>\n<meta name=\"twitter:label1\" content=\"Est. reading time\" \/>\n\t<meta name=\"twitter:data1\" content=\"1 minute\" \/>\n<script type=\"application\/ld+json\" class=\"yoast-schema-graph\">{\"@context\":\"https:\\\/\\\/schema.org\",\"@graph\":[{\"@type\":[\"WebPage\",\"ItemPage\"],\"@id\":\"https:\\\/\\\/vitablanca.ma\\\/produit\\\/beauty-of-joseon-ginseng-essence-water\\\/\",\"url\":\"https:\\\/\\\/vitablanca.ma\\\/produit\\\/beauty-of-joseon-ginseng-essence-water\\\/\",\"name\":\"Beauty Of Joseon Ginseng Essence Water - Maroc Prix\",\"isPartOf\":{\"@id\":\"https:\\\/\\\/vitablanca.ma\\\/#website\"},\"primaryImageOfPage\":{\"@id\":\"https:\\\/\\\/vitablanca.ma\\\/produit\\\/beauty-of-joseon-ginseng-essence-water\\\/#primaryimage\"},\"image\":{\"@id\":\"https:\\\/\\\/vitablanca.ma\\\/produit\\\/beauty-of-joseon-ginseng-essence-water\\\/#primaryimage\"},\"thumbnailUrl\":\"https:\\\/\\\/vitablanca.ma\\\/wp-content\\\/uploads\\\/2025\\\/05\\\/image_a2ffc88a-3418-41f5-8f2f-e5346150ad34.jpg\",\"datePublished\":\"2025-05-22T23:33:03+00:00\",\"dateModified\":\"2026-01-06T14:03:52+00:00\",\"description\":\"D\u00e9couvrez le Beauty Of Joseon Ginseng Essence Water sur Vitablanca.ma. Cette essence au ginseng hydrate, r\u00e9g\u00e9n\u00e8re et illumine la peau au Maroc.\",\"breadcrumb\":{\"@id\":\"https:\\\/\\\/vitablanca.ma\\\/produit\\\/beauty-of-joseon-ginseng-essence-water\\\/#breadcrumb\"},\"inLanguage\":\"en-US\",\"potentialAction\":[{\"@type\":\"ReadAction\",\"target\":[\"https:\\\/\\\/vitablanca.ma\\\/produit\\\/beauty-of-joseon-ginseng-essence-water\\\/\"]}]},{\"@type\":\"ImageObject\",\"inLanguage\":\"en-US\",\"@id\":\"https:\\\/\\\/vitablanca.ma\\\/produit\\\/beauty-of-joseon-ginseng-essence-water\\\/#primaryimage\",\"url\":\"https:\\\/\\\/vitablanca.ma\\\/wp-content\\\/uploads\\\/2025\\\/05\\\/image_a2ffc88a-3418-41f5-8f2f-e5346150ad34.jpg\",\"contentUrl\":\"https:\\\/\\\/vitablanca.ma\\\/wp-content\\\/uploads\\\/2025\\\/05\\\/image_a2ffc88a-3418-41f5-8f2f-e5346150ad34.jpg\",\"width\":1445,\"height\":1445},{\"@type\":\"BreadcrumbList\",\"@id\":\"https:\\\/\\\/vitablanca.ma\\\/produit\\\/beauty-of-joseon-ginseng-essence-water\\\/#breadcrumb\",\"itemListElement\":[{\"@type\":\"ListItem\",\"position\":1,\"name\":\"Home\",\"item\":\"https:\\\/\\\/vitablanca.ma\\\/\"},{\"@type\":\"ListItem\",\"position\":2,\"name\":\"Tous Les Produits\",\"item\":\"https:\\\/\\\/vitablanca.ma\\\/tous-les-produits\\\/\"},{\"@type\":\"ListItem\",\"position\":3,\"name\":\"Beauty Of Joseon Ginseng Essence Water\"}]},{\"@type\":\"WebSite\",\"@id\":\"https:\\\/\\\/vitablanca.ma\\\/#website\",\"url\":\"https:\\\/\\\/vitablanca.ma\\\/\",\"name\":\"VitaBlanca.ma | Compl\u00e9ments alimentaires, sant\u00e9 & beaut\u00e9 au Maroc\",\"description\":\"vendre vitamines et compl\u00e9ments premium des USA &amp; Canada, Nouvelle Z\u00e9lande,Maroc (NOW Foods, Solgar, Manuka). Livraison rapide partout au Maroc.\",\"publisher\":{\"@id\":\"https:\\\/\\\/vitablanca.ma\\\/#organization\"},\"alternateName\":\"VitaBlanca.ma\",\"potentialAction\":[{\"@type\":\"SearchAction\",\"target\":{\"@type\":\"EntryPoint\",\"urlTemplate\":\"https:\\\/\\\/vitablanca.ma\\\/?s={search_term_string}\"},\"query-input\":{\"@type\":\"PropertyValueSpecification\",\"valueRequired\":true,\"valueName\":\"search_term_string\"}}],\"inLanguage\":\"en-US\"},{\"@type\":\"Organization\",\"@id\":\"https:\\\/\\\/vitablanca.ma\\\/#organization\",\"name\":\"VitaBlanca\",\"url\":\"https:\\\/\\\/vitablanca.ma\\\/\",\"logo\":{\"@type\":\"ImageObject\",\"inLanguage\":\"en-US\",\"@id\":\"https:\\\/\\\/vitablanca.ma\\\/#\\\/schema\\\/logo\\\/image\\\/\",\"url\":\"https:\\\/\\\/vitablanca.ma\\\/wp-content\\\/uploads\\\/2025\\\/05\\\/cropped-vitablanca.png\",\"contentUrl\":\"https:\\\/\\\/vitablanca.ma\\\/wp-content\\\/uploads\\\/2025\\\/05\\\/cropped-vitablanca.png\",\"width\":360,\"height\":67,\"caption\":\"VitaBlanca\"},\"image\":{\"@id\":\"https:\\\/\\\/vitablanca.ma\\\/#\\\/schema\\\/logo\\\/image\\\/\"},\"sameAs\":[\"https:\\\/\\\/www.facebook.com\\\/profile.php?id=61576678196717\",\"https:\\\/\\\/www.tiktok.com\\\/@vitablanca.ma\",\"https:\\\/\\\/www.instagram.com\\\/vitablanca.ma\\\/\"]}]}<\/script>\n<!-- \/ Yoast SEO plugin. -->","yoast_head_json":{"title":"Beauty Of Joseon Ginseng Essence Water - Morocco Price","description":"Discover the Beauty of Joseon Ginseng Essence Water on Vitablanca.ma. This Moroccan ginseng essence hydrates, regenerates, and brightens skin.","robots":{"index":"index","follow":"follow","max-snippet":"max-snippet:-1","max-image-preview":"max-image-preview:large","max-video-preview":"max-video-preview:-1"},"canonical":"https:\/\/vitablanca.ma\/en\/product\/beauty-of-joseon-ginseng-essence-water\/","og_locale":"en_US","og_type":"article","og_title":"Beauty Of Joseon Ginseng Essence Water - Maroc Prix","og_description":"D\u00e9couvrez le Beauty Of Joseon Ginseng Essence Water sur Vitablanca.ma. Cette essence au ginseng hydrate, r\u00e9g\u00e9n\u00e8re et illumine la peau au Maroc.","og_url":"https:\/\/vitablanca.ma\/en\/product\/beauty-of-joseon-ginseng-essence-water\/","og_site_name":"Vitablanca.ma &ndash; Sant&eacute;, vitalit&eacute; et bien-&ecirc;tre pour tous les Marocains","article_publisher":"https:\/\/www.facebook.com\/profile.php?id=61576678196717","article_modified_time":"2026-01-06T14:03:52+00:00","og_image":[{"width":1445,"height":1445,"url":"https:\/\/vitablanca.ma\/wp-content\/uploads\/2025\/05\/image_a2ffc88a-3418-41f5-8f2f-e5346150ad34.jpg","type":"image\/jpeg"}],"twitter_card":"summary_large_image","twitter_misc":{"Est. reading time":"1 minute"},"schema":{"@context":"https:\/\/schema.org","@graph":[{"@type":["WebPage","ItemPage"],"@id":"https:\/\/vitablanca.ma\/produit\/beauty-of-joseon-ginseng-essence-water\/","url":"https:\/\/vitablanca.ma\/produit\/beauty-of-joseon-ginseng-essence-water\/","name":"Beauty Of Joseon Ginseng Essence Water - Morocco Price","isPartOf":{"@id":"https:\/\/vitablanca.ma\/#website"},"primaryImageOfPage":{"@id":"https:\/\/vitablanca.ma\/produit\/beauty-of-joseon-ginseng-essence-water\/#primaryimage"},"image":{"@id":"https:\/\/vitablanca.ma\/produit\/beauty-of-joseon-ginseng-essence-water\/#primaryimage"},"thumbnailUrl":"https:\/\/vitablanca.ma\/wp-content\/uploads\/2025\/05\/image_a2ffc88a-3418-41f5-8f2f-e5346150ad34.jpg","datePublished":"2025-05-22T23:33:03+00:00","dateModified":"2026-01-06T14:03:52+00:00","description":"Discover the Beauty of Joseon Ginseng Essence Water on Vitablanca.ma. This Moroccan ginseng essence hydrates, regenerates, and brightens skin.","breadcrumb":{"@id":"https:\/\/vitablanca.ma\/produit\/beauty-of-joseon-ginseng-essence-water\/#breadcrumb"},"inLanguage":"en-US","potentialAction":[{"@type":"ReadAction","target":["https:\/\/vitablanca.ma\/produit\/beauty-of-joseon-ginseng-essence-water\/"]}]},{"@type":"ImageObject","inLanguage":"en-US","@id":"https:\/\/vitablanca.ma\/produit\/beauty-of-joseon-ginseng-essence-water\/#primaryimage","url":"https:\/\/vitablanca.ma\/wp-content\/uploads\/2025\/05\/image_a2ffc88a-3418-41f5-8f2f-e5346150ad34.jpg","contentUrl":"https:\/\/vitablanca.ma\/wp-content\/uploads\/2025\/05\/image_a2ffc88a-3418-41f5-8f2f-e5346150ad34.jpg","width":1445,"height":1445},{"@type":"BreadcrumbList","@id":"https:\/\/vitablanca.ma\/produit\/beauty-of-joseon-ginseng-essence-water\/#breadcrumb","itemListElement":[{"@type":"ListItem","position":1,"name":"Home","item":"https:\/\/vitablanca.ma\/"},{"@type":"ListItem","position":2,"name":"Tous Les Produits","item":"https:\/\/vitablanca.ma\/tous-les-produits\/"},{"@type":"ListItem","position":3,"name":"Beauty Of Joseon Ginseng Essence Water"}]},{"@type":"WebSite","@id":"https:\/\/vitablanca.ma\/#website","url":"https:\/\/vitablanca.ma\/","name":"VitaBlanca.ma | Food supplements, health &amp; beauty in Morocco","description":"sell premium vitamins and supplements from USA &amp; Canada, New Zealand, Morocco (NOW Foods, Solgar, Manuka). Fast delivery anywhere in Morocco.","publisher":{"@id":"https:\/\/vitablanca.ma\/#organization"},"alternateName":"VitaBlanca.ma","potentialAction":[{"@type":"SearchAction","target":{"@type":"EntryPoint","urlTemplate":"https:\/\/vitablanca.ma\/?s={search_term_string}"},"query-input":{"@type":"PropertyValueSpecification","valueRequired":true,"valueName":"search_term_string"}}],"inLanguage":"en-US"},{"@type":"Organization","@id":"https:\/\/vitablanca.ma\/#organization","name":"VitaBlanca","url":"https:\/\/vitablanca.ma\/","logo":{"@type":"ImageObject","inLanguage":"en-US","@id":"https:\/\/vitablanca.ma\/#\/schema\/logo\/image\/","url":"https:\/\/vitablanca.ma\/wp-content\/uploads\/2025\/05\/cropped-vitablanca.png","contentUrl":"https:\/\/vitablanca.ma\/wp-content\/uploads\/2025\/05\/cropped-vitablanca.png","width":360,"height":67,"caption":"VitaBlanca"},"image":{"@id":"https:\/\/vitablanca.ma\/#\/schema\/logo\/image\/"},"sameAs":["https:\/\/www.facebook.com\/profile.php?id=61576678196717","https:\/\/www.tiktok.com\/@vitablanca.ma","https:\/\/www.instagram.com\/vitablanca.ma\/"]}]}},"jetpack_sharing_enabled":true,"_links":{"self":[{"href":"https:\/\/vitablanca.ma\/en\/wp-json\/wp\/v2\/product\/8302","targetHints":{"allow":["GET"]}}],"collection":[{"href":"https:\/\/vitablanca.ma\/en\/wp-json\/wp\/v2\/product"}],"about":[{"href":"https:\/\/vitablanca.ma\/en\/wp-json\/wp\/v2\/types\/product"}],"wp:featuredmedia":[{"embeddable":true,"href":"https:\/\/vitablanca.ma\/en\/wp-json\/wp\/v2\/media\/8298"}],"wp:attachment":[{"href":"https:\/\/vitablanca.ma\/en\/wp-json\/wp\/v2\/media?parent=8302"}],"wp:term":[{"taxonomy":"product_brand","embeddable":true,"href":"https:\/\/vitablanca.ma\/en\/wp-json\/wp\/v2\/product_brand?post=8302"},{"taxonomy":"product_cat","embeddable":true,"href":"https:\/\/vitablanca.ma\/en\/wp-json\/wp\/v2\/product_cat?post=8302"},{"taxonomy":"product_tag","embeddable":true,"href":"https:\/\/vitablanca.ma\/en\/wp-json\/wp\/v2\/product_tag?post=8302"}],"curies":[{"name":"wp","href":"https:\/\/api.w.org\/{rel}","templated":true}]}}