{"id":8284,"date":"2025-05-22T23:32:17","date_gmt":"2025-05-22T23:32:17","guid":{"rendered":"https:\/\/vitablanca.ma\/product\/beauty-of-joseon-matte-sun-stick-mugwort-camelia\/"},"modified":"2026-01-06T14:03:53","modified_gmt":"2026-01-06T14:03:53","slug":"beauty-of-joseon-matte-sun-stick-mugwort-camelia","status":"publish","type":"product","link":"https:\/\/vitablanca.ma\/en\/product\/beauty-of-joseon-matte-sun-stick-mugwort-camelia\/","title":{"rendered":"BEAUTY OF JOSEON Matte sun stick mugwort + Camelia"},"content":{"rendered":"<p><span><br \/>Protect your skin with BEAUTY OF JOSEON Matte Sun Stick Mugwort + Camelia. Developed with an influencer and cosmetic chemist, this SPF 50+ PA++++ sun stick applies beautifully over makeup and combats excess oiliness with silica powder. Asian mugwort hydrates and refreshes your skin, while Artemisia capillaris has therapeutic properties. Certified vegan, no white cast.<\/span><\/p>","protected":false},"excerpt":{"rendered":"<p>Prot\u00e9gez votre peau avec BEAUTY OF JOSEON Matte sun stick mugwort + Camelia. D\u00e9velopp\u00e9 avec un influenceur et chimiste cosm\u00e9tique, ce stick solaire SPF 50+ PA++++ s&rsquo;applique magnifiquement sur le maquillage et combat l&rsquo;exc\u00e8s de gras gr\u00e2ce \u00e0 la poudre de silice. L&rsquo;armoise asiatique hydrate et rafra\u00eechit votre peau tandis que l&rsquo;Artemisia capillaris a des [&hellip;]<\/p>\n","protected":false},"featured_media":8282,"template":"","meta":{"om_disable_all_campaigns":false},"product_brand":[3443],"product_cat":[18,1117],"product_tag":[],"class_list":{"0":"post-8284","1":"product","2":"type-product","3":"status-publish","4":"has-post-thumbnail","6":"product_brand-beauty-of-joseon-maroc-prix","7":"product_cat-beaute-sante","8":"product_cat-korean-skin-care","10":"first","11":"instock","12":"taxable","13":"shipping-taxable","14":"purchasable","15":"product-type-simple"},"yoast_head":"<!-- This site is optimized with the Yoast SEO plugin v27.4 - https:\/\/yoast.com\/product\/yoast-seo-wordpress\/ -->\n<title>BEAUTY OF JOSEON Matte sun stick mugwort + Camelia - Maroc<\/title>\n<meta name=\"description\" content=\"Beauty of Joseon Matte Sun Stick Mugwort + Camelia, un \u00e9cran solaire matifiant \u00e0 base de mugwort et cam\u00e9lia. Protection solaire efficace et l\u00e9g\u00e8re\" \/>\n<meta name=\"robots\" content=\"index, follow, max-snippet:-1, max-image-preview:large, max-video-preview:-1\" \/>\n<link rel=\"canonical\" href=\"https:\/\/vitablanca.ma\/en\/product\/beauty-of-joseon-matte-sun-stick-mugwort-camelia\/\" \/>\n<meta property=\"og:locale\" content=\"en_US\" \/>\n<meta property=\"og:type\" content=\"article\" \/>\n<meta property=\"og:title\" content=\"BEAUTY OF JOSEON Matte sun stick mugwort + Camelia - Maroc\" \/>\n<meta property=\"og:description\" content=\"Beauty of Joseon Matte Sun Stick Mugwort + Camelia, un \u00e9cran solaire matifiant \u00e0 base de mugwort et cam\u00e9lia. Protection solaire efficace et l\u00e9g\u00e8re\" \/>\n<meta property=\"og:url\" content=\"https:\/\/vitablanca.ma\/en\/product\/beauty-of-joseon-matte-sun-stick-mugwort-camelia\/\" \/>\n<meta property=\"og:site_name\" content=\"Vitablanca.ma &ndash; Sant&eacute;, vitalit&eacute; et bien-&ecirc;tre pour tous les Marocains\" \/>\n<meta property=\"article:publisher\" content=\"https:\/\/www.facebook.com\/profile.php?id=61576678196717\" \/>\n<meta property=\"article:modified_time\" content=\"2026-01-06T14:03:53+00:00\" \/>\n<meta property=\"og:image\" content=\"https:\/\/vitablanca.ma\/wp-content\/uploads\/2025\/05\/IMG-8746.jpg\" \/>\n\t<meta property=\"og:image:width\" content=\"1000\" \/>\n\t<meta property=\"og:image:height\" content=\"1000\" \/>\n\t<meta property=\"og:image:type\" content=\"image\/jpeg\" \/>\n<meta name=\"twitter:card\" content=\"summary_large_image\" \/>\n<meta name=\"twitter:label1\" content=\"Est. reading time\" \/>\n\t<meta name=\"twitter:data1\" content=\"1 minute\" \/>\n<script type=\"application\/ld+json\" class=\"yoast-schema-graph\">{\"@context\":\"https:\\\/\\\/schema.org\",\"@graph\":[{\"@type\":[\"WebPage\",\"ItemPage\"],\"@id\":\"https:\\\/\\\/vitablanca.ma\\\/produit\\\/beauty-of-joseon-matte-sun-stick-mugwort-camelia\\\/\",\"url\":\"https:\\\/\\\/vitablanca.ma\\\/produit\\\/beauty-of-joseon-matte-sun-stick-mugwort-camelia\\\/\",\"name\":\"BEAUTY OF JOSEON Matte sun stick mugwort + Camelia - Maroc\",\"isPartOf\":{\"@id\":\"https:\\\/\\\/vitablanca.ma\\\/#website\"},\"primaryImageOfPage\":{\"@id\":\"https:\\\/\\\/vitablanca.ma\\\/produit\\\/beauty-of-joseon-matte-sun-stick-mugwort-camelia\\\/#primaryimage\"},\"image\":{\"@id\":\"https:\\\/\\\/vitablanca.ma\\\/produit\\\/beauty-of-joseon-matte-sun-stick-mugwort-camelia\\\/#primaryimage\"},\"thumbnailUrl\":\"https:\\\/\\\/vitablanca.ma\\\/wp-content\\\/uploads\\\/2025\\\/05\\\/IMG-8746.jpg\",\"datePublished\":\"2025-05-22T23:32:17+00:00\",\"dateModified\":\"2026-01-06T14:03:53+00:00\",\"description\":\"Beauty of Joseon Matte Sun Stick Mugwort + Camelia, un \u00e9cran solaire matifiant \u00e0 base de mugwort et cam\u00e9lia. Protection solaire efficace et l\u00e9g\u00e8re\",\"breadcrumb\":{\"@id\":\"https:\\\/\\\/vitablanca.ma\\\/produit\\\/beauty-of-joseon-matte-sun-stick-mugwort-camelia\\\/#breadcrumb\"},\"inLanguage\":\"en-US\",\"potentialAction\":[{\"@type\":\"ReadAction\",\"target\":[\"https:\\\/\\\/vitablanca.ma\\\/produit\\\/beauty-of-joseon-matte-sun-stick-mugwort-camelia\\\/\"]}]},{\"@type\":\"ImageObject\",\"inLanguage\":\"en-US\",\"@id\":\"https:\\\/\\\/vitablanca.ma\\\/produit\\\/beauty-of-joseon-matte-sun-stick-mugwort-camelia\\\/#primaryimage\",\"url\":\"https:\\\/\\\/vitablanca.ma\\\/wp-content\\\/uploads\\\/2025\\\/05\\\/IMG-8746.jpg\",\"contentUrl\":\"https:\\\/\\\/vitablanca.ma\\\/wp-content\\\/uploads\\\/2025\\\/05\\\/IMG-8746.jpg\",\"width\":1000,\"height\":1000},{\"@type\":\"BreadcrumbList\",\"@id\":\"https:\\\/\\\/vitablanca.ma\\\/produit\\\/beauty-of-joseon-matte-sun-stick-mugwort-camelia\\\/#breadcrumb\",\"itemListElement\":[{\"@type\":\"ListItem\",\"position\":1,\"name\":\"Home\",\"item\":\"https:\\\/\\\/vitablanca.ma\\\/\"},{\"@type\":\"ListItem\",\"position\":2,\"name\":\"Tous Les Produits\",\"item\":\"https:\\\/\\\/vitablanca.ma\\\/tous-les-produits\\\/\"},{\"@type\":\"ListItem\",\"position\":3,\"name\":\"BEAUTY OF JOSEON Matte sun stick mugwort + Camelia\"}]},{\"@type\":\"WebSite\",\"@id\":\"https:\\\/\\\/vitablanca.ma\\\/#website\",\"url\":\"https:\\\/\\\/vitablanca.ma\\\/\",\"name\":\"VitaBlanca.ma | Compl\u00e9ments alimentaires, sant\u00e9 & beaut\u00e9 au Maroc\",\"description\":\"vendre vitamines et compl\u00e9ments premium des USA &amp; Canada, Nouvelle Z\u00e9lande,Maroc (NOW Foods, Solgar, Manuka). Livraison rapide partout au Maroc.\",\"publisher\":{\"@id\":\"https:\\\/\\\/vitablanca.ma\\\/#organization\"},\"alternateName\":\"VitaBlanca.ma\",\"potentialAction\":[{\"@type\":\"SearchAction\",\"target\":{\"@type\":\"EntryPoint\",\"urlTemplate\":\"https:\\\/\\\/vitablanca.ma\\\/?s={search_term_string}\"},\"query-input\":{\"@type\":\"PropertyValueSpecification\",\"valueRequired\":true,\"valueName\":\"search_term_string\"}}],\"inLanguage\":\"en-US\"},{\"@type\":\"Organization\",\"@id\":\"https:\\\/\\\/vitablanca.ma\\\/#organization\",\"name\":\"VitaBlanca\",\"url\":\"https:\\\/\\\/vitablanca.ma\\\/\",\"logo\":{\"@type\":\"ImageObject\",\"inLanguage\":\"en-US\",\"@id\":\"https:\\\/\\\/vitablanca.ma\\\/#\\\/schema\\\/logo\\\/image\\\/\",\"url\":\"https:\\\/\\\/vitablanca.ma\\\/wp-content\\\/uploads\\\/2025\\\/05\\\/cropped-vitablanca.png\",\"contentUrl\":\"https:\\\/\\\/vitablanca.ma\\\/wp-content\\\/uploads\\\/2025\\\/05\\\/cropped-vitablanca.png\",\"width\":360,\"height\":67,\"caption\":\"VitaBlanca\"},\"image\":{\"@id\":\"https:\\\/\\\/vitablanca.ma\\\/#\\\/schema\\\/logo\\\/image\\\/\"},\"sameAs\":[\"https:\\\/\\\/www.facebook.com\\\/profile.php?id=61576678196717\",\"https:\\\/\\\/www.tiktok.com\\\/@vitablanca.ma\",\"https:\\\/\\\/www.instagram.com\\\/vitablanca.ma\\\/\"]}]}<\/script>\n<!-- \/ Yoast SEO plugin. -->","yoast_head_json":{"title":"BEAUTY OF JOSEON Matte sun stick mugwort + Camelia - Morocco","description":"Beauty of Joseon Matte Sun Stick Mugwort + Camellia, a mattifying sunscreen with mugwort and camellia. Effective and lightweight sun protection.","robots":{"index":"index","follow":"follow","max-snippet":"max-snippet:-1","max-image-preview":"max-image-preview:large","max-video-preview":"max-video-preview:-1"},"canonical":"https:\/\/vitablanca.ma\/en\/product\/beauty-of-joseon-matte-sun-stick-mugwort-camelia\/","og_locale":"en_US","og_type":"article","og_title":"BEAUTY OF JOSEON Matte sun stick mugwort + Camelia - Maroc","og_description":"Beauty of Joseon Matte Sun Stick Mugwort + Camelia, un \u00e9cran solaire matifiant \u00e0 base de mugwort et cam\u00e9lia. Protection solaire efficace et l\u00e9g\u00e8re","og_url":"https:\/\/vitablanca.ma\/en\/product\/beauty-of-joseon-matte-sun-stick-mugwort-camelia\/","og_site_name":"Vitablanca.ma &ndash; Sant&eacute;, vitalit&eacute; et bien-&ecirc;tre pour tous les Marocains","article_publisher":"https:\/\/www.facebook.com\/profile.php?id=61576678196717","article_modified_time":"2026-01-06T14:03:53+00:00","og_image":[{"width":1000,"height":1000,"url":"https:\/\/vitablanca.ma\/wp-content\/uploads\/2025\/05\/IMG-8746.jpg","type":"image\/jpeg"}],"twitter_card":"summary_large_image","twitter_misc":{"Est. reading time":"1 minute"},"schema":{"@context":"https:\/\/schema.org","@graph":[{"@type":["WebPage","ItemPage"],"@id":"https:\/\/vitablanca.ma\/produit\/beauty-of-joseon-matte-sun-stick-mugwort-camelia\/","url":"https:\/\/vitablanca.ma\/produit\/beauty-of-joseon-matte-sun-stick-mugwort-camelia\/","name":"BEAUTY OF JOSEON Matte sun stick mugwort + Camelia - Morocco","isPartOf":{"@id":"https:\/\/vitablanca.ma\/#website"},"primaryImageOfPage":{"@id":"https:\/\/vitablanca.ma\/produit\/beauty-of-joseon-matte-sun-stick-mugwort-camelia\/#primaryimage"},"image":{"@id":"https:\/\/vitablanca.ma\/produit\/beauty-of-joseon-matte-sun-stick-mugwort-camelia\/#primaryimage"},"thumbnailUrl":"https:\/\/vitablanca.ma\/wp-content\/uploads\/2025\/05\/IMG-8746.jpg","datePublished":"2025-05-22T23:32:17+00:00","dateModified":"2026-01-06T14:03:53+00:00","description":"Beauty of Joseon Matte Sun Stick Mugwort + Camellia, a mattifying sunscreen with mugwort and camellia. Effective and lightweight sun protection.","breadcrumb":{"@id":"https:\/\/vitablanca.ma\/produit\/beauty-of-joseon-matte-sun-stick-mugwort-camelia\/#breadcrumb"},"inLanguage":"en-US","potentialAction":[{"@type":"ReadAction","target":["https:\/\/vitablanca.ma\/produit\/beauty-of-joseon-matte-sun-stick-mugwort-camelia\/"]}]},{"@type":"ImageObject","inLanguage":"en-US","@id":"https:\/\/vitablanca.ma\/produit\/beauty-of-joseon-matte-sun-stick-mugwort-camelia\/#primaryimage","url":"https:\/\/vitablanca.ma\/wp-content\/uploads\/2025\/05\/IMG-8746.jpg","contentUrl":"https:\/\/vitablanca.ma\/wp-content\/uploads\/2025\/05\/IMG-8746.jpg","width":1000,"height":1000},{"@type":"BreadcrumbList","@id":"https:\/\/vitablanca.ma\/produit\/beauty-of-joseon-matte-sun-stick-mugwort-camelia\/#breadcrumb","itemListElement":[{"@type":"ListItem","position":1,"name":"Home","item":"https:\/\/vitablanca.ma\/"},{"@type":"ListItem","position":2,"name":"Tous Les Produits","item":"https:\/\/vitablanca.ma\/tous-les-produits\/"},{"@type":"ListItem","position":3,"name":"BEAUTY OF JOSEON Matte sun stick mugwort + Camelia"}]},{"@type":"WebSite","@id":"https:\/\/vitablanca.ma\/#website","url":"https:\/\/vitablanca.ma\/","name":"VitaBlanca.ma | Food supplements, health &amp; beauty in Morocco","description":"sell premium vitamins and supplements from USA &amp; Canada, New Zealand, Morocco (NOW Foods, Solgar, Manuka). Fast delivery anywhere in Morocco.","publisher":{"@id":"https:\/\/vitablanca.ma\/#organization"},"alternateName":"VitaBlanca.ma","potentialAction":[{"@type":"SearchAction","target":{"@type":"EntryPoint","urlTemplate":"https:\/\/vitablanca.ma\/?s={search_term_string}"},"query-input":{"@type":"PropertyValueSpecification","valueRequired":true,"valueName":"search_term_string"}}],"inLanguage":"en-US"},{"@type":"Organization","@id":"https:\/\/vitablanca.ma\/#organization","name":"VitaBlanca","url":"https:\/\/vitablanca.ma\/","logo":{"@type":"ImageObject","inLanguage":"en-US","@id":"https:\/\/vitablanca.ma\/#\/schema\/logo\/image\/","url":"https:\/\/vitablanca.ma\/wp-content\/uploads\/2025\/05\/cropped-vitablanca.png","contentUrl":"https:\/\/vitablanca.ma\/wp-content\/uploads\/2025\/05\/cropped-vitablanca.png","width":360,"height":67,"caption":"VitaBlanca"},"image":{"@id":"https:\/\/vitablanca.ma\/#\/schema\/logo\/image\/"},"sameAs":["https:\/\/www.facebook.com\/profile.php?id=61576678196717","https:\/\/www.tiktok.com\/@vitablanca.ma","https:\/\/www.instagram.com\/vitablanca.ma\/"]}]}},"jetpack_sharing_enabled":true,"_links":{"self":[{"href":"https:\/\/vitablanca.ma\/en\/wp-json\/wp\/v2\/product\/8284","targetHints":{"allow":["GET"]}}],"collection":[{"href":"https:\/\/vitablanca.ma\/en\/wp-json\/wp\/v2\/product"}],"about":[{"href":"https:\/\/vitablanca.ma\/en\/wp-json\/wp\/v2\/types\/product"}],"wp:featuredmedia":[{"embeddable":true,"href":"https:\/\/vitablanca.ma\/en\/wp-json\/wp\/v2\/media\/8282"}],"wp:attachment":[{"href":"https:\/\/vitablanca.ma\/en\/wp-json\/wp\/v2\/media?parent=8284"}],"wp:term":[{"taxonomy":"product_brand","embeddable":true,"href":"https:\/\/vitablanca.ma\/en\/wp-json\/wp\/v2\/product_brand?post=8284"},{"taxonomy":"product_cat","embeddable":true,"href":"https:\/\/vitablanca.ma\/en\/wp-json\/wp\/v2\/product_cat?post=8284"},{"taxonomy":"product_tag","embeddable":true,"href":"https:\/\/vitablanca.ma\/en\/wp-json\/wp\/v2\/product_tag?post=8284"}],"curies":[{"name":"wp","href":"https:\/\/api.w.org\/{rel}","templated":true}]}}