{"id":8281,"date":"2025-05-22T23:32:13","date_gmt":"2025-05-22T23:32:13","guid":{"rendered":"https:\/\/vitablanca.ma\/product\/skin-1004-probio-cica-enrich-cream\/"},"modified":"2026-01-06T14:03:53","modified_gmt":"2026-01-06T14:03:53","slug":"skin-1004-probio-cica-enrich-cream","status":"publish","type":"product","link":"https:\/\/vitablanca.ma\/en\/product\/skin-1004-probio-cica-enrich-cream\/","title":{"rendered":"SKIN 1004 PROBIO-CICA ENRICH CREAM"},"content":{"rendered":"<p>Discover SKIN 1004 PROBIO-CICA ENRICH CREAM, a thick, creamy cream that combines fermented Centella, shea butter, and ceramide NP for intense hydration without feeling heavy or sticky. Soothing, anti-aging, and hydrating, this cream is suitable for all skin types. With key ingredients such as Lactobacillus\/Centella Asiatica Extract Ferment Filtrate and Madecassic Acid, your skin will be pampered and protected.<\/p>","protected":false},"excerpt":{"rendered":"<p>D\u00e9couvrez SKIN 1004 PROBIO-CICA ENRICH CREAM, une cr\u00e8me \u00e9paisse et onctueuse qui combine Centella ferment\u00e9e, beurre de karit\u00e9 et c\u00e9ramide NP pour une hydratation intense sans sensation de lourdeur ou de collant. Apaisante, anti-\u00e2ge et hydratante, cette cr\u00e8me convient \u00e0 tous les types de peau. Avec des ingr\u00e9dients cl\u00e9s tels que le Lactobacillus\/Centella Asiatica Extract [&hellip;]<\/p>\n","protected":false},"featured_media":8279,"template":"","meta":{"om_disable_all_campaigns":false},"product_brand":[],"product_cat":[18,1117],"product_tag":[],"class_list":{"0":"post-8281","1":"product","2":"type-product","3":"status-publish","4":"has-post-thumbnail","6":"product_cat-beaute-sante","7":"product_cat-korean-skin-care","9":"first","10":"instock","11":"taxable","12":"shipping-taxable","13":"purchasable","14":"product-type-simple"},"yoast_head":"<!-- This site is optimized with the Yoast SEO plugin v27.4 - https:\/\/yoast.com\/product\/yoast-seo-wordpress\/ -->\n<title>SKIN 1004 PROBIO-CICA ENRICH CREAM - Maroc Prix<\/title>\n<meta name=\"description\" content=\"D\u00e9couvrez la SKIN 1004 PROBIO-CICA ENRICH CREAM sur Vitablanca.ma. Cr\u00e8me enrichie en CICA et probiotiques pour apaiser, r\u00e9parer et hydrater la peau.\" \/>\n<meta name=\"robots\" content=\"index, follow, max-snippet:-1, max-image-preview:large, max-video-preview:-1\" \/>\n<link rel=\"canonical\" href=\"https:\/\/vitablanca.ma\/en\/product\/skin-1004-probio-cica-enrich-cream\/\" \/>\n<meta property=\"og:locale\" content=\"en_US\" \/>\n<meta property=\"og:type\" content=\"article\" \/>\n<meta property=\"og:title\" content=\"SKIN 1004 PROBIO-CICA ENRICH CREAM - Maroc Prix\" \/>\n<meta property=\"og:description\" content=\"D\u00e9couvrez la SKIN 1004 PROBIO-CICA ENRICH CREAM sur Vitablanca.ma. Cr\u00e8me enrichie en CICA et probiotiques pour apaiser, r\u00e9parer et hydrater la peau.\" \/>\n<meta property=\"og:url\" content=\"https:\/\/vitablanca.ma\/en\/product\/skin-1004-probio-cica-enrich-cream\/\" \/>\n<meta property=\"og:site_name\" content=\"Vitablanca.ma &ndash; Sant&eacute;, vitalit&eacute; et bien-&ecirc;tre pour tous les Marocains\" \/>\n<meta property=\"article:publisher\" content=\"https:\/\/www.facebook.com\/profile.php?id=61576678196717\" \/>\n<meta property=\"article:modified_time\" content=\"2026-01-06T14:03:53+00:00\" \/>\n<meta property=\"og:image\" content=\"https:\/\/vitablanca.ma\/wp-content\/uploads\/2025\/05\/XXL_p0189930917.jpg\" \/>\n\t<meta property=\"og:image:width\" content=\"640\" \/>\n\t<meta property=\"og:image:height\" content=\"640\" \/>\n\t<meta property=\"og:image:type\" content=\"image\/jpeg\" \/>\n<meta name=\"twitter:card\" content=\"summary_large_image\" \/>\n<meta name=\"twitter:label1\" content=\"Est. reading time\" \/>\n\t<meta name=\"twitter:data1\" content=\"1 minute\" \/>\n<script type=\"application\/ld+json\" class=\"yoast-schema-graph\">{\"@context\":\"https:\\\/\\\/schema.org\",\"@graph\":[{\"@type\":[\"WebPage\",\"ItemPage\"],\"@id\":\"https:\\\/\\\/vitablanca.ma\\\/produit\\\/skin-1004-probio-cica-enrich-cream\\\/\",\"url\":\"https:\\\/\\\/vitablanca.ma\\\/produit\\\/skin-1004-probio-cica-enrich-cream\\\/\",\"name\":\"SKIN 1004 PROBIO-CICA ENRICH CREAM - Maroc Prix\",\"isPartOf\":{\"@id\":\"https:\\\/\\\/vitablanca.ma\\\/#website\"},\"primaryImageOfPage\":{\"@id\":\"https:\\\/\\\/vitablanca.ma\\\/produit\\\/skin-1004-probio-cica-enrich-cream\\\/#primaryimage\"},\"image\":{\"@id\":\"https:\\\/\\\/vitablanca.ma\\\/produit\\\/skin-1004-probio-cica-enrich-cream\\\/#primaryimage\"},\"thumbnailUrl\":\"https:\\\/\\\/vitablanca.ma\\\/wp-content\\\/uploads\\\/2025\\\/05\\\/XXL_p0189930917.jpg\",\"datePublished\":\"2025-05-22T23:32:13+00:00\",\"dateModified\":\"2026-01-06T14:03:53+00:00\",\"description\":\"D\u00e9couvrez la SKIN 1004 PROBIO-CICA ENRICH CREAM sur Vitablanca.ma. Cr\u00e8me enrichie en CICA et probiotiques pour apaiser, r\u00e9parer et hydrater la peau.\",\"breadcrumb\":{\"@id\":\"https:\\\/\\\/vitablanca.ma\\\/produit\\\/skin-1004-probio-cica-enrich-cream\\\/#breadcrumb\"},\"inLanguage\":\"en-US\",\"potentialAction\":[{\"@type\":\"ReadAction\",\"target\":[\"https:\\\/\\\/vitablanca.ma\\\/produit\\\/skin-1004-probio-cica-enrich-cream\\\/\"]}]},{\"@type\":\"ImageObject\",\"inLanguage\":\"en-US\",\"@id\":\"https:\\\/\\\/vitablanca.ma\\\/produit\\\/skin-1004-probio-cica-enrich-cream\\\/#primaryimage\",\"url\":\"https:\\\/\\\/vitablanca.ma\\\/wp-content\\\/uploads\\\/2025\\\/05\\\/XXL_p0189930917.jpg\",\"contentUrl\":\"https:\\\/\\\/vitablanca.ma\\\/wp-content\\\/uploads\\\/2025\\\/05\\\/XXL_p0189930917.jpg\",\"width\":640,\"height\":640},{\"@type\":\"BreadcrumbList\",\"@id\":\"https:\\\/\\\/vitablanca.ma\\\/produit\\\/skin-1004-probio-cica-enrich-cream\\\/#breadcrumb\",\"itemListElement\":[{\"@type\":\"ListItem\",\"position\":1,\"name\":\"Home\",\"item\":\"https:\\\/\\\/vitablanca.ma\\\/\"},{\"@type\":\"ListItem\",\"position\":2,\"name\":\"Tous Les Produits\",\"item\":\"https:\\\/\\\/vitablanca.ma\\\/tous-les-produits\\\/\"},{\"@type\":\"ListItem\",\"position\":3,\"name\":\"SKIN 1004 PROBIO-CICA ENRICH CREAM\"}]},{\"@type\":\"WebSite\",\"@id\":\"https:\\\/\\\/vitablanca.ma\\\/#website\",\"url\":\"https:\\\/\\\/vitablanca.ma\\\/\",\"name\":\"VitaBlanca.ma | Compl\u00e9ments alimentaires, sant\u00e9 & beaut\u00e9 au Maroc\",\"description\":\"vendre vitamines et compl\u00e9ments premium des USA &amp; Canada, Nouvelle Z\u00e9lande,Maroc (NOW Foods, Solgar, Manuka). Livraison rapide partout au Maroc.\",\"publisher\":{\"@id\":\"https:\\\/\\\/vitablanca.ma\\\/#organization\"},\"alternateName\":\"VitaBlanca.ma\",\"potentialAction\":[{\"@type\":\"SearchAction\",\"target\":{\"@type\":\"EntryPoint\",\"urlTemplate\":\"https:\\\/\\\/vitablanca.ma\\\/?s={search_term_string}\"},\"query-input\":{\"@type\":\"PropertyValueSpecification\",\"valueRequired\":true,\"valueName\":\"search_term_string\"}}],\"inLanguage\":\"en-US\"},{\"@type\":\"Organization\",\"@id\":\"https:\\\/\\\/vitablanca.ma\\\/#organization\",\"name\":\"VitaBlanca\",\"url\":\"https:\\\/\\\/vitablanca.ma\\\/\",\"logo\":{\"@type\":\"ImageObject\",\"inLanguage\":\"en-US\",\"@id\":\"https:\\\/\\\/vitablanca.ma\\\/#\\\/schema\\\/logo\\\/image\\\/\",\"url\":\"https:\\\/\\\/vitablanca.ma\\\/wp-content\\\/uploads\\\/2025\\\/05\\\/cropped-vitablanca.png\",\"contentUrl\":\"https:\\\/\\\/vitablanca.ma\\\/wp-content\\\/uploads\\\/2025\\\/05\\\/cropped-vitablanca.png\",\"width\":360,\"height\":67,\"caption\":\"VitaBlanca\"},\"image\":{\"@id\":\"https:\\\/\\\/vitablanca.ma\\\/#\\\/schema\\\/logo\\\/image\\\/\"},\"sameAs\":[\"https:\\\/\\\/www.facebook.com\\\/profile.php?id=61576678196717\",\"https:\\\/\\\/www.tiktok.com\\\/@vitablanca.ma\",\"https:\\\/\\\/www.instagram.com\\\/vitablanca.ma\\\/\"]}]}<\/script>\n<!-- \/ Yoast SEO plugin. -->","yoast_head_json":{"title":"SKIN 1004 PROBIO-CICA ENRICH CREAM - Morocco Price","description":"D\u00e9couvrez la SKIN 1004 PROBIO-CICA ENRICH CREAM sur Vitablanca.ma. Cr\u00e8me enrichie en CICA et probiotiques pour apaiser, r\u00e9parer et hydrater la peau.","robots":{"index":"index","follow":"follow","max-snippet":"max-snippet:-1","max-image-preview":"max-image-preview:large","max-video-preview":"max-video-preview:-1"},"canonical":"https:\/\/vitablanca.ma\/en\/product\/skin-1004-probio-cica-enrich-cream\/","og_locale":"en_US","og_type":"article","og_title":"SKIN 1004 PROBIO-CICA ENRICH CREAM - Maroc Prix","og_description":"D\u00e9couvrez la SKIN 1004 PROBIO-CICA ENRICH CREAM sur Vitablanca.ma. Cr\u00e8me enrichie en CICA et probiotiques pour apaiser, r\u00e9parer et hydrater la peau.","og_url":"https:\/\/vitablanca.ma\/en\/product\/skin-1004-probio-cica-enrich-cream\/","og_site_name":"Vitablanca.ma &ndash; Sant&eacute;, vitalit&eacute; et bien-&ecirc;tre pour tous les Marocains","article_publisher":"https:\/\/www.facebook.com\/profile.php?id=61576678196717","article_modified_time":"2026-01-06T14:03:53+00:00","og_image":[{"width":640,"height":640,"url":"https:\/\/vitablanca.ma\/wp-content\/uploads\/2025\/05\/XXL_p0189930917.jpg","type":"image\/jpeg"}],"twitter_card":"summary_large_image","twitter_misc":{"Est. reading time":"1 minute"},"schema":{"@context":"https:\/\/schema.org","@graph":[{"@type":["WebPage","ItemPage"],"@id":"https:\/\/vitablanca.ma\/produit\/skin-1004-probio-cica-enrich-cream\/","url":"https:\/\/vitablanca.ma\/produit\/skin-1004-probio-cica-enrich-cream\/","name":"SKIN 1004 PROBIO-CICA ENRICH CREAM - Morocco Price","isPartOf":{"@id":"https:\/\/vitablanca.ma\/#website"},"primaryImageOfPage":{"@id":"https:\/\/vitablanca.ma\/produit\/skin-1004-probio-cica-enrich-cream\/#primaryimage"},"image":{"@id":"https:\/\/vitablanca.ma\/produit\/skin-1004-probio-cica-enrich-cream\/#primaryimage"},"thumbnailUrl":"https:\/\/vitablanca.ma\/wp-content\/uploads\/2025\/05\/XXL_p0189930917.jpg","datePublished":"2025-05-22T23:32:13+00:00","dateModified":"2026-01-06T14:03:53+00:00","description":"D\u00e9couvrez la SKIN 1004 PROBIO-CICA ENRICH CREAM sur Vitablanca.ma. Cr\u00e8me enrichie en CICA et probiotiques pour apaiser, r\u00e9parer et hydrater la peau.","breadcrumb":{"@id":"https:\/\/vitablanca.ma\/produit\/skin-1004-probio-cica-enrich-cream\/#breadcrumb"},"inLanguage":"en-US","potentialAction":[{"@type":"ReadAction","target":["https:\/\/vitablanca.ma\/produit\/skin-1004-probio-cica-enrich-cream\/"]}]},{"@type":"ImageObject","inLanguage":"en-US","@id":"https:\/\/vitablanca.ma\/produit\/skin-1004-probio-cica-enrich-cream\/#primaryimage","url":"https:\/\/vitablanca.ma\/wp-content\/uploads\/2025\/05\/XXL_p0189930917.jpg","contentUrl":"https:\/\/vitablanca.ma\/wp-content\/uploads\/2025\/05\/XXL_p0189930917.jpg","width":640,"height":640},{"@type":"BreadcrumbList","@id":"https:\/\/vitablanca.ma\/produit\/skin-1004-probio-cica-enrich-cream\/#breadcrumb","itemListElement":[{"@type":"ListItem","position":1,"name":"Home","item":"https:\/\/vitablanca.ma\/"},{"@type":"ListItem","position":2,"name":"Tous Les Produits","item":"https:\/\/vitablanca.ma\/tous-les-produits\/"},{"@type":"ListItem","position":3,"name":"SKIN 1004 PROBIO-CICA ENRICH CREAM"}]},{"@type":"WebSite","@id":"https:\/\/vitablanca.ma\/#website","url":"https:\/\/vitablanca.ma\/","name":"VitaBlanca.ma | Food supplements, health &amp; beauty in Morocco","description":"sell premium vitamins and supplements from USA &amp; Canada, New Zealand, Morocco (NOW Foods, Solgar, Manuka). Fast delivery anywhere in Morocco.","publisher":{"@id":"https:\/\/vitablanca.ma\/#organization"},"alternateName":"VitaBlanca.ma","potentialAction":[{"@type":"SearchAction","target":{"@type":"EntryPoint","urlTemplate":"https:\/\/vitablanca.ma\/?s={search_term_string}"},"query-input":{"@type":"PropertyValueSpecification","valueRequired":true,"valueName":"search_term_string"}}],"inLanguage":"en-US"},{"@type":"Organization","@id":"https:\/\/vitablanca.ma\/#organization","name":"VitaBlanca","url":"https:\/\/vitablanca.ma\/","logo":{"@type":"ImageObject","inLanguage":"en-US","@id":"https:\/\/vitablanca.ma\/#\/schema\/logo\/image\/","url":"https:\/\/vitablanca.ma\/wp-content\/uploads\/2025\/05\/cropped-vitablanca.png","contentUrl":"https:\/\/vitablanca.ma\/wp-content\/uploads\/2025\/05\/cropped-vitablanca.png","width":360,"height":67,"caption":"VitaBlanca"},"image":{"@id":"https:\/\/vitablanca.ma\/#\/schema\/logo\/image\/"},"sameAs":["https:\/\/www.facebook.com\/profile.php?id=61576678196717","https:\/\/www.tiktok.com\/@vitablanca.ma","https:\/\/www.instagram.com\/vitablanca.ma\/"]}]}},"jetpack_sharing_enabled":true,"_links":{"self":[{"href":"https:\/\/vitablanca.ma\/en\/wp-json\/wp\/v2\/product\/8281","targetHints":{"allow":["GET"]}}],"collection":[{"href":"https:\/\/vitablanca.ma\/en\/wp-json\/wp\/v2\/product"}],"about":[{"href":"https:\/\/vitablanca.ma\/en\/wp-json\/wp\/v2\/types\/product"}],"wp:featuredmedia":[{"embeddable":true,"href":"https:\/\/vitablanca.ma\/en\/wp-json\/wp\/v2\/media\/8279"}],"wp:attachment":[{"href":"https:\/\/vitablanca.ma\/en\/wp-json\/wp\/v2\/media?parent=8281"}],"wp:term":[{"taxonomy":"product_brand","embeddable":true,"href":"https:\/\/vitablanca.ma\/en\/wp-json\/wp\/v2\/product_brand?post=8281"},{"taxonomy":"product_cat","embeddable":true,"href":"https:\/\/vitablanca.ma\/en\/wp-json\/wp\/v2\/product_cat?post=8281"},{"taxonomy":"product_tag","embeddable":true,"href":"https:\/\/vitablanca.ma\/en\/wp-json\/wp\/v2\/product_tag?post=8281"}],"curies":[{"name":"wp","href":"https:\/\/api.w.org\/{rel}","templated":true}]}}