{"id":8231,"date":"2025-05-22T23:31:03","date_gmt":"2025-05-22T23:31:03","guid":{"rendered":"https:\/\/vitablanca.ma\/product\/retinol-intensive-mask-22g-some-by-mi\/"},"modified":"2026-01-06T14:03:54","modified_gmt":"2026-01-06T14:03:54","slug":"retinol-intensive-mask-22g-some-by-mi","status":"publish","type":"product","link":"https:\/\/vitablanca.ma\/en\/product\/retinol-intensive-mask-22g-some-by-mi\/","title":{"rendered":"RETINOL INTENSIVE MASK 22g \u2013 SOME BY MI"},"content":{"rendered":"<p data-mce-fragment=\"1\">D\u00e9couvrez le masque anti-\u00e2ge incontournable de SOME BY MI ! Fabriqu\u00e9 en tissu, ce masque aide \u00e0 r\u00e9duire les signes de vieillissement et am\u00e9liore l\u2019\u00e9lasticit\u00e9 de la peau. Enrichi en R\u00e9tinol, R\u00e9tinal et Bakuchiol, il r\u00e9duit les rides et ridules pour une peau ferme et douce. \u00c9galement formul\u00e9 avec 10 types d\u2019acide hyaluronique, il hydrate intens\u00e9ment et renforce la barri\u00e8re cutan\u00e9e pour une peau \u00e9clatante et prot\u00e9g\u00e9e. Convient \u00e0 tous les types de peau.<\/p>\n<p><strong>This sheet mask:<\/strong><\/p>\n<ul>\n<li>prevents skin aging<\/li>\n<li>am\u00e9liore l\u2019\u00e9lasticit\u00e9 de la peau<\/li>\n<li>enriched with retinol, retinal and bakuchiol<\/li>\n<li>reduces fine lines and wrinkles<\/li>\n<li>contient 10 sortes d\u2019acide hyaluronique<\/li>\n<li>intensely hydrates<\/li>\n<li>strengthens the moisture barrier<\/li>\n<li>ensures youthful and radiant skin<\/li>\n<li>suitable for all skin types<\/li>\n<li>also for sensitive skin<\/li>\n<li>cruelty-free<\/li>\n<\/ul>\n<p><strong>Content :<\/strong><span>\u00a01 sheet mask<\/span><\/p>","protected":false},"excerpt":{"rendered":"<p>D\u00e9couvrez le masque anti-\u00e2ge incontournable de SOME BY MI ! Fabriqu\u00e9 en tissu, ce masque aide \u00e0 r\u00e9duire les signes de vieillissement et am\u00e9liore l\u2019\u00e9lasticit\u00e9 de la peau. Enrichi en R\u00e9tinol, R\u00e9tinal et Bakuchiol, il r\u00e9duit les rides et ridules pour une peau ferme et douce. \u00c9galement formul\u00e9 avec 10 types d\u2019acide hyaluronique, il hydrate [&hellip;]<\/p>\n","protected":false},"featured_media":8228,"template":"","meta":{"om_disable_all_campaigns":false},"product_brand":[],"product_cat":[18,1117],"product_tag":[],"class_list":{"0":"post-8231","1":"product","2":"type-product","3":"status-publish","4":"has-post-thumbnail","6":"product_cat-beaute-sante","7":"product_cat-korean-skin-care","9":"first","10":"instock","11":"taxable","12":"shipping-taxable","13":"purchasable","14":"product-type-simple"},"yoast_head":"<!-- This site is optimized with the Yoast SEO plugin v27.5 - https:\/\/yoast.com\/product\/yoast-seo-wordpress\/ -->\n<title>RETINOL INTENSIVE MASK 22g - SOME BY MI - Maroc Prix<\/title>\n<meta name=\"description\" content=\"D\u00e9couvrez le RETINOL INTENSIVE MASK 22g de SOME BY MI. Masque intensif au r\u00e9tinol pour r\u00e9duire les rides et am\u00e9liorer la texture de la peau au Maroc.\" \/>\n<meta name=\"robots\" content=\"index, follow, max-snippet:-1, max-image-preview:large, max-video-preview:-1\" \/>\n<link rel=\"canonical\" href=\"https:\/\/vitablanca.ma\/en\/product\/retinol-intensive-mask-22g-some-by-mi\/\" \/>\n<meta property=\"og:locale\" content=\"en_US\" \/>\n<meta property=\"og:type\" content=\"article\" \/>\n<meta property=\"og:title\" content=\"RETINOL INTENSIVE MASK 22g - SOME BY MI - Maroc Prix\" \/>\n<meta property=\"og:description\" content=\"D\u00e9couvrez le RETINOL INTENSIVE MASK 22g de SOME BY MI. Masque intensif au r\u00e9tinol pour r\u00e9duire les rides et am\u00e9liorer la texture de la peau au Maroc.\" \/>\n<meta property=\"og:url\" content=\"https:\/\/vitablanca.ma\/en\/product\/retinol-intensive-mask-22g-some-by-mi\/\" \/>\n<meta property=\"og:site_name\" content=\"Vitablanca.ma &ndash; Sant&eacute;, vitalit&eacute; et bien-&ecirc;tre pour tous les Marocains\" \/>\n<meta property=\"article:publisher\" content=\"https:\/\/www.facebook.com\/profile.php?id=61576678196717\" \/>\n<meta property=\"article:modified_time\" content=\"2026-01-06T14:03:54+00:00\" \/>\n<meta property=\"og:image\" content=\"https:\/\/vitablanca.ma\/wp-content\/uploads\/2025\/05\/retinolmask.png\" \/>\n\t<meta property=\"og:image:width\" content=\"713\" \/>\n\t<meta property=\"og:image:height\" content=\"713\" \/>\n\t<meta property=\"og:image:type\" content=\"image\/png\" \/>\n<meta name=\"twitter:card\" content=\"summary_large_image\" \/>\n<meta name=\"twitter:label1\" content=\"Est. reading time\" \/>\n\t<meta name=\"twitter:data1\" content=\"1 minute\" \/>\n<script type=\"application\/ld+json\" class=\"yoast-schema-graph\">{\"@context\":\"https:\\\/\\\/schema.org\",\"@graph\":[{\"@type\":[\"WebPage\",\"ItemPage\"],\"@id\":\"https:\\\/\\\/vitablanca.ma\\\/produit\\\/retinol-intensive-mask-22g-some-by-mi\\\/\",\"url\":\"https:\\\/\\\/vitablanca.ma\\\/produit\\\/retinol-intensive-mask-22g-some-by-mi\\\/\",\"name\":\"RETINOL INTENSIVE MASK 22g - SOME BY MI - Maroc Prix\",\"isPartOf\":{\"@id\":\"https:\\\/\\\/vitablanca.ma\\\/#website\"},\"primaryImageOfPage\":{\"@id\":\"https:\\\/\\\/vitablanca.ma\\\/produit\\\/retinol-intensive-mask-22g-some-by-mi\\\/#primaryimage\"},\"image\":{\"@id\":\"https:\\\/\\\/vitablanca.ma\\\/produit\\\/retinol-intensive-mask-22g-some-by-mi\\\/#primaryimage\"},\"thumbnailUrl\":\"https:\\\/\\\/vitablanca.ma\\\/wp-content\\\/uploads\\\/2025\\\/05\\\/retinolmask.png\",\"datePublished\":\"2025-05-22T23:31:03+00:00\",\"dateModified\":\"2026-01-06T14:03:54+00:00\",\"description\":\"D\u00e9couvrez le RETINOL INTENSIVE MASK 22g de SOME BY MI. Masque intensif au r\u00e9tinol pour r\u00e9duire les rides et am\u00e9liorer la texture de la peau au Maroc.\",\"breadcrumb\":{\"@id\":\"https:\\\/\\\/vitablanca.ma\\\/produit\\\/retinol-intensive-mask-22g-some-by-mi\\\/#breadcrumb\"},\"inLanguage\":\"en-US\",\"potentialAction\":[{\"@type\":\"ReadAction\",\"target\":[\"https:\\\/\\\/vitablanca.ma\\\/produit\\\/retinol-intensive-mask-22g-some-by-mi\\\/\"]}]},{\"@type\":\"ImageObject\",\"inLanguage\":\"en-US\",\"@id\":\"https:\\\/\\\/vitablanca.ma\\\/produit\\\/retinol-intensive-mask-22g-some-by-mi\\\/#primaryimage\",\"url\":\"https:\\\/\\\/vitablanca.ma\\\/wp-content\\\/uploads\\\/2025\\\/05\\\/retinolmask.png\",\"contentUrl\":\"https:\\\/\\\/vitablanca.ma\\\/wp-content\\\/uploads\\\/2025\\\/05\\\/retinolmask.png\",\"width\":713,\"height\":713},{\"@type\":\"BreadcrumbList\",\"@id\":\"https:\\\/\\\/vitablanca.ma\\\/produit\\\/retinol-intensive-mask-22g-some-by-mi\\\/#breadcrumb\",\"itemListElement\":[{\"@type\":\"ListItem\",\"position\":1,\"name\":\"Home\",\"item\":\"https:\\\/\\\/vitablanca.ma\\\/\"},{\"@type\":\"ListItem\",\"position\":2,\"name\":\"Tous Les Produits\",\"item\":\"https:\\\/\\\/vitablanca.ma\\\/tous-les-produits\\\/\"},{\"@type\":\"ListItem\",\"position\":3,\"name\":\"RETINOL INTENSIVE MASK 22g &#8211; SOME BY MI\"}]},{\"@type\":\"WebSite\",\"@id\":\"https:\\\/\\\/vitablanca.ma\\\/#website\",\"url\":\"https:\\\/\\\/vitablanca.ma\\\/\",\"name\":\"VitaBlanca.ma | Compl\u00e9ments alimentaires, sant\u00e9 & beaut\u00e9 au Maroc\",\"description\":\"vendre vitamines et compl\u00e9ments premium des USA &amp; Canada, Nouvelle Z\u00e9lande,Maroc (NOW Foods, Solgar, Manuka). Livraison rapide partout au Maroc.\",\"publisher\":{\"@id\":\"https:\\\/\\\/vitablanca.ma\\\/#organization\"},\"alternateName\":\"VitaBlanca.ma\",\"potentialAction\":[{\"@type\":\"SearchAction\",\"target\":{\"@type\":\"EntryPoint\",\"urlTemplate\":\"https:\\\/\\\/vitablanca.ma\\\/?s={search_term_string}\"},\"query-input\":{\"@type\":\"PropertyValueSpecification\",\"valueRequired\":true,\"valueName\":\"search_term_string\"}}],\"inLanguage\":\"en-US\"},{\"@type\":\"Organization\",\"@id\":\"https:\\\/\\\/vitablanca.ma\\\/#organization\",\"name\":\"VitaBlanca\",\"url\":\"https:\\\/\\\/vitablanca.ma\\\/\",\"logo\":{\"@type\":\"ImageObject\",\"inLanguage\":\"en-US\",\"@id\":\"https:\\\/\\\/vitablanca.ma\\\/#\\\/schema\\\/logo\\\/image\\\/\",\"url\":\"https:\\\/\\\/vitablanca.ma\\\/wp-content\\\/uploads\\\/2025\\\/05\\\/cropped-vitablanca.png\",\"contentUrl\":\"https:\\\/\\\/vitablanca.ma\\\/wp-content\\\/uploads\\\/2025\\\/05\\\/cropped-vitablanca.png\",\"width\":360,\"height\":67,\"caption\":\"VitaBlanca\"},\"image\":{\"@id\":\"https:\\\/\\\/vitablanca.ma\\\/#\\\/schema\\\/logo\\\/image\\\/\"},\"sameAs\":[\"https:\\\/\\\/www.facebook.com\\\/profile.php?id=61576678196717\",\"https:\\\/\\\/www.tiktok.com\\\/@vitablanca.ma\",\"https:\\\/\\\/www.instagram.com\\\/vitablanca.ma\\\/\"]}]}<\/script>\n<!-- \/ Yoast SEO plugin. -->","yoast_head_json":{"title":"RETINOL INTENSIVE MASK 22g - SOME BY MI - Morocco Price","description":"Discover the RETINOL INTENSIVE MASK 22g from SOME BY MI. Intensive retinol mask to reduce wrinkles and improve skin texture in Morocco.","robots":{"index":"index","follow":"follow","max-snippet":"max-snippet:-1","max-image-preview":"max-image-preview:large","max-video-preview":"max-video-preview:-1"},"canonical":"https:\/\/vitablanca.ma\/en\/product\/retinol-intensive-mask-22g-some-by-mi\/","og_locale":"en_US","og_type":"article","og_title":"RETINOL INTENSIVE MASK 22g - SOME BY MI - Maroc Prix","og_description":"D\u00e9couvrez le RETINOL INTENSIVE MASK 22g de SOME BY MI. Masque intensif au r\u00e9tinol pour r\u00e9duire les rides et am\u00e9liorer la texture de la peau au Maroc.","og_url":"https:\/\/vitablanca.ma\/en\/product\/retinol-intensive-mask-22g-some-by-mi\/","og_site_name":"Vitablanca.ma &ndash; Sant&eacute;, vitalit&eacute; et bien-&ecirc;tre pour tous les Marocains","article_publisher":"https:\/\/www.facebook.com\/profile.php?id=61576678196717","article_modified_time":"2026-01-06T14:03:54+00:00","og_image":[{"width":713,"height":713,"url":"https:\/\/vitablanca.ma\/wp-content\/uploads\/2025\/05\/retinolmask.png","type":"image\/png"}],"twitter_card":"summary_large_image","twitter_misc":{"Est. reading time":"1 minute"},"schema":{"@context":"https:\/\/schema.org","@graph":[{"@type":["WebPage","ItemPage"],"@id":"https:\/\/vitablanca.ma\/produit\/retinol-intensive-mask-22g-some-by-mi\/","url":"https:\/\/vitablanca.ma\/produit\/retinol-intensive-mask-22g-some-by-mi\/","name":"RETINOL INTENSIVE MASK 22g - SOME BY MI - Morocco Price","isPartOf":{"@id":"https:\/\/vitablanca.ma\/#website"},"primaryImageOfPage":{"@id":"https:\/\/vitablanca.ma\/produit\/retinol-intensive-mask-22g-some-by-mi\/#primaryimage"},"image":{"@id":"https:\/\/vitablanca.ma\/produit\/retinol-intensive-mask-22g-some-by-mi\/#primaryimage"},"thumbnailUrl":"https:\/\/vitablanca.ma\/wp-content\/uploads\/2025\/05\/retinolmask.png","datePublished":"2025-05-22T23:31:03+00:00","dateModified":"2026-01-06T14:03:54+00:00","description":"Discover the RETINOL INTENSIVE MASK 22g from SOME BY MI. Intensive retinol mask to reduce wrinkles and improve skin texture in Morocco.","breadcrumb":{"@id":"https:\/\/vitablanca.ma\/produit\/retinol-intensive-mask-22g-some-by-mi\/#breadcrumb"},"inLanguage":"en-US","potentialAction":[{"@type":"ReadAction","target":["https:\/\/vitablanca.ma\/produit\/retinol-intensive-mask-22g-some-by-mi\/"]}]},{"@type":"ImageObject","inLanguage":"en-US","@id":"https:\/\/vitablanca.ma\/produit\/retinol-intensive-mask-22g-some-by-mi\/#primaryimage","url":"https:\/\/vitablanca.ma\/wp-content\/uploads\/2025\/05\/retinolmask.png","contentUrl":"https:\/\/vitablanca.ma\/wp-content\/uploads\/2025\/05\/retinolmask.png","width":713,"height":713},{"@type":"BreadcrumbList","@id":"https:\/\/vitablanca.ma\/produit\/retinol-intensive-mask-22g-some-by-mi\/#breadcrumb","itemListElement":[{"@type":"ListItem","position":1,"name":"Home","item":"https:\/\/vitablanca.ma\/"},{"@type":"ListItem","position":2,"name":"Tous Les Produits","item":"https:\/\/vitablanca.ma\/tous-les-produits\/"},{"@type":"ListItem","position":3,"name":"RETINOL INTENSIVE MASK 22g &#8211; SOME BY MI"}]},{"@type":"WebSite","@id":"https:\/\/vitablanca.ma\/#website","url":"https:\/\/vitablanca.ma\/","name":"VitaBlanca.ma | Food supplements, health &amp; beauty in Morocco","description":"sell premium vitamins and supplements from USA &amp; Canada, New Zealand, Morocco (NOW Foods, Solgar, Manuka). Fast delivery anywhere in Morocco.","publisher":{"@id":"https:\/\/vitablanca.ma\/#organization"},"alternateName":"VitaBlanca.ma","potentialAction":[{"@type":"SearchAction","target":{"@type":"EntryPoint","urlTemplate":"https:\/\/vitablanca.ma\/?s={search_term_string}"},"query-input":{"@type":"PropertyValueSpecification","valueRequired":true,"valueName":"search_term_string"}}],"inLanguage":"en-US"},{"@type":"Organization","@id":"https:\/\/vitablanca.ma\/#organization","name":"VitaBlanca","url":"https:\/\/vitablanca.ma\/","logo":{"@type":"ImageObject","inLanguage":"en-US","@id":"https:\/\/vitablanca.ma\/#\/schema\/logo\/image\/","url":"https:\/\/vitablanca.ma\/wp-content\/uploads\/2025\/05\/cropped-vitablanca.png","contentUrl":"https:\/\/vitablanca.ma\/wp-content\/uploads\/2025\/05\/cropped-vitablanca.png","width":360,"height":67,"caption":"VitaBlanca"},"image":{"@id":"https:\/\/vitablanca.ma\/#\/schema\/logo\/image\/"},"sameAs":["https:\/\/www.facebook.com\/profile.php?id=61576678196717","https:\/\/www.tiktok.com\/@vitablanca.ma","https:\/\/www.instagram.com\/vitablanca.ma\/"]}]}},"jetpack_sharing_enabled":true,"_links":{"self":[{"href":"https:\/\/vitablanca.ma\/en\/wp-json\/wp\/v2\/product\/8231","targetHints":{"allow":["GET"]}}],"collection":[{"href":"https:\/\/vitablanca.ma\/en\/wp-json\/wp\/v2\/product"}],"about":[{"href":"https:\/\/vitablanca.ma\/en\/wp-json\/wp\/v2\/types\/product"}],"wp:featuredmedia":[{"embeddable":true,"href":"https:\/\/vitablanca.ma\/en\/wp-json\/wp\/v2\/media\/8228"}],"wp:attachment":[{"href":"https:\/\/vitablanca.ma\/en\/wp-json\/wp\/v2\/media?parent=8231"}],"wp:term":[{"taxonomy":"product_brand","embeddable":true,"href":"https:\/\/vitablanca.ma\/en\/wp-json\/wp\/v2\/product_brand?post=8231"},{"taxonomy":"product_cat","embeddable":true,"href":"https:\/\/vitablanca.ma\/en\/wp-json\/wp\/v2\/product_cat?post=8231"},{"taxonomy":"product_tag","embeddable":true,"href":"https:\/\/vitablanca.ma\/en\/wp-json\/wp\/v2\/product_tag?post=8231"}],"curies":[{"name":"wp","href":"https:\/\/api.w.org\/{rel}","templated":true}]}}