{"id":8208,"date":"2025-05-22T23:29:46","date_gmt":"2025-05-22T23:29:46","guid":{"rendered":"https:\/\/vitablanca.ma\/product\/some-by-mi-aha-bha-pha-30-days-miracle-serum-50ml\/"},"modified":"2026-01-06T14:03:55","modified_gmt":"2026-01-06T14:03:55","slug":"some-by-mi-aha-bha-pha-30-days-miracle-serum-50ml","status":"publish","type":"product","link":"https:\/\/vitablanca.ma\/en\/product\/some-by-mi-aha-bha-pha-30-days-miracle-serum-50ml\/","title":{"rendered":"SOME BY MI \u2013 AHA, BHA, PHA 30 Days Miracle Serum 50ml"},"content":{"rendered":"<p>This highly concentrated tea tree extract serum helps improve your skin condition in just 30 days. Soothes irritated and damaged skin.<\/p>\n<ul>\n<li>Reduces the appearance of imperfections.<\/li>\n<li>Eliminates dead cells.<\/li>\n<li>Reduces pore size for a smoother complexion.<\/li>\n<li>AHA removes dead cells and impurities from the surface of your skin.<\/li>\n<li>BHA removes impurities and sebum from inside your pores.<\/li>\n<li>PHA helps keep your skin hydrated.<\/li>\n<\/ul>","protected":false},"excerpt":{"rendered":"<p>Ce s\u00e9rum fortement concentr\u00e9 en extrait d&rsquo;arbre \u00e0 th\u00e9 aide \u00e0 am\u00e9liorer l&rsquo;\u00e9tat de votre peau en seulement 30 jours Apaise les peaux irrit\u00e9es et ab\u00eem\u00e9es. Diminue l&rsquo;apparence des imperfections. \u00c9limine les cellules mortes. R\u00e9duit la taille des pores pour un teint plus lisse. L&rsquo;AHA \u00e9limine les cellules mortes et les impuret\u00e9s pr\u00e9sentes \u00e0 la [&hellip;]<\/p>\n","protected":false},"featured_media":8206,"template":"","meta":{"om_disable_all_campaigns":false},"product_brand":[],"product_cat":[18,1117],"product_tag":[],"class_list":{"0":"post-8208","1":"product","2":"type-product","3":"status-publish","4":"has-post-thumbnail","6":"product_cat-beaute-sante","7":"product_cat-korean-skin-care","9":"first","10":"instock","11":"taxable","12":"shipping-taxable","13":"purchasable","14":"product-type-simple"},"yoast_head":"<!-- This site is optimized with the Yoast SEO plugin v27.3 - https:\/\/yoast.com\/product\/yoast-seo-wordpress\/ -->\n<title>SOME BY MI - AHA, BHA, PHA 30 Days Miracle Serum - Maroc<\/title>\n<meta name=\"description\" content=\"D\u00e9couvrez le SOME BY MI - AHA, BHA, PHA 30 Days Miracle Serum 50ml sur Vitablanca.ma. S\u00e9rum \u00e9claircissant et purifiant pour traiter l&#039;acn\u00e9\" \/>\n<meta name=\"robots\" content=\"index, follow, max-snippet:-1, max-image-preview:large, max-video-preview:-1\" \/>\n<link rel=\"canonical\" href=\"https:\/\/vitablanca.ma\/en\/product\/some-by-mi-aha-bha-pha-30-days-miracle-serum-50ml\/\" \/>\n<meta property=\"og:locale\" content=\"en_US\" \/>\n<meta property=\"og:type\" content=\"article\" \/>\n<meta property=\"og:title\" content=\"SOME BY MI - AHA, BHA, PHA 30 Days Miracle Serum - Maroc\" \/>\n<meta property=\"og:description\" content=\"D\u00e9couvrez le SOME BY MI - AHA, BHA, PHA 30 Days Miracle Serum 50ml sur Vitablanca.ma. S\u00e9rum \u00e9claircissant et purifiant pour traiter l&#039;acn\u00e9\" \/>\n<meta property=\"og:url\" content=\"https:\/\/vitablanca.ma\/en\/product\/some-by-mi-aha-bha-pha-30-days-miracle-serum-50ml\/\" \/>\n<meta property=\"og:site_name\" content=\"Vitablanca.ma &ndash; Sant&eacute;, vitalit&eacute; et bien-&ecirc;tre pour tous les Marocains\" \/>\n<meta property=\"article:publisher\" content=\"https:\/\/www.facebook.com\/profile.php?id=61576678196717\" \/>\n<meta property=\"article:modified_time\" content=\"2026-01-06T14:03:55+00:00\" \/>\n<meta property=\"og:image\" content=\"https:\/\/vitablanca.ma\/wp-content\/uploads\/2025\/05\/image_150b4638-d5a4-4c83-992a-c997a34362cd.jpg\" \/>\n\t<meta property=\"og:image:width\" content=\"1000\" \/>\n\t<meta property=\"og:image:height\" content=\"1125\" \/>\n\t<meta property=\"og:image:type\" content=\"image\/jpeg\" \/>\n<meta name=\"twitter:card\" content=\"summary_large_image\" \/>\n<meta name=\"twitter:label1\" content=\"Est. reading time\" \/>\n\t<meta name=\"twitter:data1\" content=\"1 minute\" \/>\n<script type=\"application\/ld+json\" class=\"yoast-schema-graph\">{\"@context\":\"https:\\\/\\\/schema.org\",\"@graph\":[{\"@type\":[\"WebPage\",\"ItemPage\"],\"@id\":\"https:\\\/\\\/vitablanca.ma\\\/produit\\\/some-by-mi-aha-bha-pha-30-days-miracle-serum-50ml\\\/\",\"url\":\"https:\\\/\\\/vitablanca.ma\\\/produit\\\/some-by-mi-aha-bha-pha-30-days-miracle-serum-50ml\\\/\",\"name\":\"SOME BY MI - AHA, BHA, PHA 30 Days Miracle Serum - Maroc\",\"isPartOf\":{\"@id\":\"https:\\\/\\\/vitablanca.ma\\\/#website\"},\"primaryImageOfPage\":{\"@id\":\"https:\\\/\\\/vitablanca.ma\\\/produit\\\/some-by-mi-aha-bha-pha-30-days-miracle-serum-50ml\\\/#primaryimage\"},\"image\":{\"@id\":\"https:\\\/\\\/vitablanca.ma\\\/produit\\\/some-by-mi-aha-bha-pha-30-days-miracle-serum-50ml\\\/#primaryimage\"},\"thumbnailUrl\":\"https:\\\/\\\/vitablanca.ma\\\/wp-content\\\/uploads\\\/2025\\\/05\\\/image_150b4638-d5a4-4c83-992a-c997a34362cd.jpg\",\"datePublished\":\"2025-05-22T23:29:46+00:00\",\"dateModified\":\"2026-01-06T14:03:55+00:00\",\"description\":\"D\u00e9couvrez le SOME BY MI - AHA, BHA, PHA 30 Days Miracle Serum 50ml sur Vitablanca.ma. S\u00e9rum \u00e9claircissant et purifiant pour traiter l'acn\u00e9\",\"breadcrumb\":{\"@id\":\"https:\\\/\\\/vitablanca.ma\\\/produit\\\/some-by-mi-aha-bha-pha-30-days-miracle-serum-50ml\\\/#breadcrumb\"},\"inLanguage\":\"en-US\",\"potentialAction\":[{\"@type\":\"ReadAction\",\"target\":[\"https:\\\/\\\/vitablanca.ma\\\/produit\\\/some-by-mi-aha-bha-pha-30-days-miracle-serum-50ml\\\/\"]}]},{\"@type\":\"ImageObject\",\"inLanguage\":\"en-US\",\"@id\":\"https:\\\/\\\/vitablanca.ma\\\/produit\\\/some-by-mi-aha-bha-pha-30-days-miracle-serum-50ml\\\/#primaryimage\",\"url\":\"https:\\\/\\\/vitablanca.ma\\\/wp-content\\\/uploads\\\/2025\\\/05\\\/image_150b4638-d5a4-4c83-992a-c997a34362cd.jpg\",\"contentUrl\":\"https:\\\/\\\/vitablanca.ma\\\/wp-content\\\/uploads\\\/2025\\\/05\\\/image_150b4638-d5a4-4c83-992a-c997a34362cd.jpg\",\"width\":1000,\"height\":1125},{\"@type\":\"BreadcrumbList\",\"@id\":\"https:\\\/\\\/vitablanca.ma\\\/produit\\\/some-by-mi-aha-bha-pha-30-days-miracle-serum-50ml\\\/#breadcrumb\",\"itemListElement\":[{\"@type\":\"ListItem\",\"position\":1,\"name\":\"Home\",\"item\":\"https:\\\/\\\/vitablanca.ma\\\/\"},{\"@type\":\"ListItem\",\"position\":2,\"name\":\"Tous Les Produits\",\"item\":\"https:\\\/\\\/vitablanca.ma\\\/tous-les-produits\\\/\"},{\"@type\":\"ListItem\",\"position\":3,\"name\":\"SOME BY MI &#8211; AHA, BHA, PHA 30 Days Miracle Serum 50ml\"}]},{\"@type\":\"WebSite\",\"@id\":\"https:\\\/\\\/vitablanca.ma\\\/#website\",\"url\":\"https:\\\/\\\/vitablanca.ma\\\/\",\"name\":\"VitaBlanca.ma | Compl\u00e9ments alimentaires, sant\u00e9 & beaut\u00e9 au Maroc\",\"description\":\"vendre vitamines et compl\u00e9ments premium des USA &amp; Canada, Nouvelle Z\u00e9lande,Maroc (NOW Foods, Solgar, Manuka). Livraison rapide partout au Maroc.\",\"publisher\":{\"@id\":\"https:\\\/\\\/vitablanca.ma\\\/#organization\"},\"alternateName\":\"VitaBlanca.ma\",\"potentialAction\":[{\"@type\":\"SearchAction\",\"target\":{\"@type\":\"EntryPoint\",\"urlTemplate\":\"https:\\\/\\\/vitablanca.ma\\\/?s={search_term_string}\"},\"query-input\":{\"@type\":\"PropertyValueSpecification\",\"valueRequired\":true,\"valueName\":\"search_term_string\"}}],\"inLanguage\":\"en-US\"},{\"@type\":\"Organization\",\"@id\":\"https:\\\/\\\/vitablanca.ma\\\/#organization\",\"name\":\"VitaBlanca\",\"url\":\"https:\\\/\\\/vitablanca.ma\\\/\",\"logo\":{\"@type\":\"ImageObject\",\"inLanguage\":\"en-US\",\"@id\":\"https:\\\/\\\/vitablanca.ma\\\/#\\\/schema\\\/logo\\\/image\\\/\",\"url\":\"https:\\\/\\\/vitablanca.ma\\\/wp-content\\\/uploads\\\/2025\\\/05\\\/cropped-vitablanca.png\",\"contentUrl\":\"https:\\\/\\\/vitablanca.ma\\\/wp-content\\\/uploads\\\/2025\\\/05\\\/cropped-vitablanca.png\",\"width\":360,\"height\":67,\"caption\":\"VitaBlanca\"},\"image\":{\"@id\":\"https:\\\/\\\/vitablanca.ma\\\/#\\\/schema\\\/logo\\\/image\\\/\"},\"sameAs\":[\"https:\\\/\\\/www.facebook.com\\\/profile.php?id=61576678196717\",\"https:\\\/\\\/www.tiktok.com\\\/@vitablanca.ma\",\"https:\\\/\\\/www.instagram.com\\\/vitablanca.ma\\\/\"]}]}<\/script>\n<!-- \/ Yoast SEO plugin. -->","yoast_head_json":{"title":"SOME BY MI - AHA, BHA, PHA 30 Days Miracle Serum - Morocco","description":"Discover SOME BY MI - AHA, BHA, PHA 30 Days Miracle Serum 50ml on Vitablanca.ma. Brightening and purifying serum to treat acne","robots":{"index":"index","follow":"follow","max-snippet":"max-snippet:-1","max-image-preview":"max-image-preview:large","max-video-preview":"max-video-preview:-1"},"canonical":"https:\/\/vitablanca.ma\/en\/product\/some-by-mi-aha-bha-pha-30-days-miracle-serum-50ml\/","og_locale":"en_US","og_type":"article","og_title":"SOME BY MI - AHA, BHA, PHA 30 Days Miracle Serum - Maroc","og_description":"D\u00e9couvrez le SOME BY MI - AHA, BHA, PHA 30 Days Miracle Serum 50ml sur Vitablanca.ma. S\u00e9rum \u00e9claircissant et purifiant pour traiter l'acn\u00e9","og_url":"https:\/\/vitablanca.ma\/en\/product\/some-by-mi-aha-bha-pha-30-days-miracle-serum-50ml\/","og_site_name":"Vitablanca.ma &ndash; Sant&eacute;, vitalit&eacute; et bien-&ecirc;tre pour tous les Marocains","article_publisher":"https:\/\/www.facebook.com\/profile.php?id=61576678196717","article_modified_time":"2026-01-06T14:03:55+00:00","og_image":[{"width":1000,"height":1125,"url":"https:\/\/vitablanca.ma\/wp-content\/uploads\/2025\/05\/image_150b4638-d5a4-4c83-992a-c997a34362cd.jpg","type":"image\/jpeg"}],"twitter_card":"summary_large_image","twitter_misc":{"Est. reading time":"1 minute"},"schema":{"@context":"https:\/\/schema.org","@graph":[{"@type":["WebPage","ItemPage"],"@id":"https:\/\/vitablanca.ma\/produit\/some-by-mi-aha-bha-pha-30-days-miracle-serum-50ml\/","url":"https:\/\/vitablanca.ma\/produit\/some-by-mi-aha-bha-pha-30-days-miracle-serum-50ml\/","name":"SOME BY MI - AHA, BHA, PHA 30 Days Miracle Serum - Morocco","isPartOf":{"@id":"https:\/\/vitablanca.ma\/#website"},"primaryImageOfPage":{"@id":"https:\/\/vitablanca.ma\/produit\/some-by-mi-aha-bha-pha-30-days-miracle-serum-50ml\/#primaryimage"},"image":{"@id":"https:\/\/vitablanca.ma\/produit\/some-by-mi-aha-bha-pha-30-days-miracle-serum-50ml\/#primaryimage"},"thumbnailUrl":"https:\/\/vitablanca.ma\/wp-content\/uploads\/2025\/05\/image_150b4638-d5a4-4c83-992a-c997a34362cd.jpg","datePublished":"2025-05-22T23:29:46+00:00","dateModified":"2026-01-06T14:03:55+00:00","description":"Discover SOME BY MI - AHA, BHA, PHA 30 Days Miracle Serum 50ml on Vitablanca.ma. Brightening and purifying serum to treat acne","breadcrumb":{"@id":"https:\/\/vitablanca.ma\/produit\/some-by-mi-aha-bha-pha-30-days-miracle-serum-50ml\/#breadcrumb"},"inLanguage":"en-US","potentialAction":[{"@type":"ReadAction","target":["https:\/\/vitablanca.ma\/produit\/some-by-mi-aha-bha-pha-30-days-miracle-serum-50ml\/"]}]},{"@type":"ImageObject","inLanguage":"en-US","@id":"https:\/\/vitablanca.ma\/produit\/some-by-mi-aha-bha-pha-30-days-miracle-serum-50ml\/#primaryimage","url":"https:\/\/vitablanca.ma\/wp-content\/uploads\/2025\/05\/image_150b4638-d5a4-4c83-992a-c997a34362cd.jpg","contentUrl":"https:\/\/vitablanca.ma\/wp-content\/uploads\/2025\/05\/image_150b4638-d5a4-4c83-992a-c997a34362cd.jpg","width":1000,"height":1125},{"@type":"BreadcrumbList","@id":"https:\/\/vitablanca.ma\/produit\/some-by-mi-aha-bha-pha-30-days-miracle-serum-50ml\/#breadcrumb","itemListElement":[{"@type":"ListItem","position":1,"name":"Home","item":"https:\/\/vitablanca.ma\/"},{"@type":"ListItem","position":2,"name":"Tous Les Produits","item":"https:\/\/vitablanca.ma\/tous-les-produits\/"},{"@type":"ListItem","position":3,"name":"SOME BY MI &#8211; AHA, BHA, PHA 30 Days Miracle Serum 50ml"}]},{"@type":"WebSite","@id":"https:\/\/vitablanca.ma\/#website","url":"https:\/\/vitablanca.ma\/","name":"VitaBlanca.ma | Food supplements, health &amp; beauty in Morocco","description":"sell premium vitamins and supplements from USA &amp; Canada, New Zealand, Morocco (NOW Foods, Solgar, Manuka). Fast delivery anywhere in Morocco.","publisher":{"@id":"https:\/\/vitablanca.ma\/#organization"},"alternateName":"VitaBlanca.ma","potentialAction":[{"@type":"SearchAction","target":{"@type":"EntryPoint","urlTemplate":"https:\/\/vitablanca.ma\/?s={search_term_string}"},"query-input":{"@type":"PropertyValueSpecification","valueRequired":true,"valueName":"search_term_string"}}],"inLanguage":"en-US"},{"@type":"Organization","@id":"https:\/\/vitablanca.ma\/#organization","name":"VitaBlanca","url":"https:\/\/vitablanca.ma\/","logo":{"@type":"ImageObject","inLanguage":"en-US","@id":"https:\/\/vitablanca.ma\/#\/schema\/logo\/image\/","url":"https:\/\/vitablanca.ma\/wp-content\/uploads\/2025\/05\/cropped-vitablanca.png","contentUrl":"https:\/\/vitablanca.ma\/wp-content\/uploads\/2025\/05\/cropped-vitablanca.png","width":360,"height":67,"caption":"VitaBlanca"},"image":{"@id":"https:\/\/vitablanca.ma\/#\/schema\/logo\/image\/"},"sameAs":["https:\/\/www.facebook.com\/profile.php?id=61576678196717","https:\/\/www.tiktok.com\/@vitablanca.ma","https:\/\/www.instagram.com\/vitablanca.ma\/"]}]}},"jetpack_sharing_enabled":true,"_links":{"self":[{"href":"https:\/\/vitablanca.ma\/en\/wp-json\/wp\/v2\/product\/8208","targetHints":{"allow":["GET"]}}],"collection":[{"href":"https:\/\/vitablanca.ma\/en\/wp-json\/wp\/v2\/product"}],"about":[{"href":"https:\/\/vitablanca.ma\/en\/wp-json\/wp\/v2\/types\/product"}],"wp:featuredmedia":[{"embeddable":true,"href":"https:\/\/vitablanca.ma\/en\/wp-json\/wp\/v2\/media\/8206"}],"wp:attachment":[{"href":"https:\/\/vitablanca.ma\/en\/wp-json\/wp\/v2\/media?parent=8208"}],"wp:term":[{"taxonomy":"product_brand","embeddable":true,"href":"https:\/\/vitablanca.ma\/en\/wp-json\/wp\/v2\/product_brand?post=8208"},{"taxonomy":"product_cat","embeddable":true,"href":"https:\/\/vitablanca.ma\/en\/wp-json\/wp\/v2\/product_cat?post=8208"},{"taxonomy":"product_tag","embeddable":true,"href":"https:\/\/vitablanca.ma\/en\/wp-json\/wp\/v2\/product_tag?post=8208"}],"curies":[{"name":"wp","href":"https:\/\/api.w.org\/{rel}","templated":true}]}}