{"id":8141,"date":"2025-05-22T23:21:17","date_gmt":"2025-05-22T23:21:17","guid":{"rendered":"https:\/\/vitablanca.ma\/product\/cosrx-vitamin-c-23-serum-with-vitamin-e-hyaluronic-acid\/"},"modified":"2026-01-06T14:03:56","modified_gmt":"2026-01-06T14:03:56","slug":"cosrx-vitamin-c-23-serum-with-vitamin-e-hyaluronic-acid","status":"publish","type":"product","link":"https:\/\/vitablanca.ma\/en\/product\/cosrx-vitamin-c-23-serum-with-vitamin-e-hyaluronic-acid\/","title":{"rendered":"COSRX Vitamin C 23% Serum with Vitamin E &amp; Hyaluronic Acid"},"content":{"rendered":"<p data-mce-fragment=\"1\">Restore your radiance with COSRX Vitamin C Serum 23%, enriched with Vitamin E and Hyaluronic Acid. Improve your complexion and diminish fine lines and wrinkles with this powerful formula, which is designed to fade acne scars and hyperpigmentation. An essential product to fight the effects of aging, delivering healthy, radiant skin.<\/p>","protected":false},"excerpt":{"rendered":"<p>Restaurez votre \u00e9clat avec le s\u00e9rum COSRX \u00e0 23% de vitamine C, enrichi en vitamine E et en acide hyaluronique. Sublimez votre teint et diminuez rides et ridules gr\u00e2ce \u00e0 cette formule puissante, qui est con\u00e7ue pour att\u00e9nuer les cicatrices d&rsquo;acn\u00e9 et l&rsquo;hyperpigmentation. Un produit essentiel pour lutter contre les effets du vieillissement, qui offre [&hellip;]<\/p>\n","protected":false},"featured_media":8139,"template":"","meta":{"om_disable_all_campaigns":false},"product_brand":[3372],"product_cat":[18,1117],"product_tag":[],"class_list":{"0":"post-8141","1":"product","2":"type-product","3":"status-publish","4":"has-post-thumbnail","6":"product_brand-cosrx-maroc-prix","7":"product_cat-beaute-sante","8":"product_cat-korean-skin-care","10":"first","11":"instock","12":"taxable","13":"shipping-taxable","14":"purchasable","15":"product-type-simple"},"yoast_head":"<!-- This site is optimized with the Yoast SEO plugin v27.4 - https:\/\/yoast.com\/product\/yoast-seo-wordpress\/ -->\n<title>COSRX S\u00e9rum Vitamine C 23% | Anti-taches &amp; \u00c9clat | Maroc Prix<\/title>\n<meta name=\"description\" content=\"Ce s\u00e9rum COSRX \u00e0 23% de Vitamine C + E et Acide Hyaluronique cible les taches brunes et illumine votre teint. Pour une peau plus ferme et radieuse.\" \/>\n<meta name=\"robots\" content=\"index, follow, max-snippet:-1, max-image-preview:large, max-video-preview:-1\" \/>\n<link rel=\"canonical\" href=\"https:\/\/vitablanca.ma\/en\/product\/cosrx-vitamin-c-23-serum-with-vitamin-e-hyaluronic-acid\/\" \/>\n<meta property=\"og:locale\" content=\"en_US\" \/>\n<meta property=\"og:type\" content=\"article\" \/>\n<meta property=\"og:title\" content=\"COSRX S\u00e9rum Vitamine C 23% | Anti-taches &amp; \u00c9clat | Maroc Prix\" \/>\n<meta property=\"og:description\" content=\"Ce s\u00e9rum COSRX \u00e0 23% de Vitamine C + E et Acide Hyaluronique cible les taches brunes et illumine votre teint. Pour une peau plus ferme et radieuse.\" \/>\n<meta property=\"og:url\" content=\"https:\/\/vitablanca.ma\/en\/product\/cosrx-vitamin-c-23-serum-with-vitamin-e-hyaluronic-acid\/\" \/>\n<meta property=\"og:site_name\" content=\"Vitablanca.ma &ndash; Sant&eacute;, vitalit&eacute; et bien-&ecirc;tre pour tous les Marocains\" \/>\n<meta property=\"article:publisher\" content=\"https:\/\/www.facebook.com\/profile.php?id=61576678196717\" \/>\n<meta property=\"article:modified_time\" content=\"2026-01-06T14:03:56+00:00\" \/>\n<meta property=\"og:image\" content=\"https:\/\/vitablanca.ma\/wp-content\/uploads\/2025\/05\/www.ubuy_.jpg\" \/>\n\t<meta property=\"og:image:width\" content=\"1500\" \/>\n\t<meta property=\"og:image:height\" content=\"1500\" \/>\n\t<meta property=\"og:image:type\" content=\"image\/jpeg\" \/>\n<meta name=\"twitter:card\" content=\"summary_large_image\" \/>\n<meta name=\"twitter:label1\" content=\"Est. reading time\" \/>\n\t<meta name=\"twitter:data1\" content=\"1 minute\" \/>\n<script type=\"application\/ld+json\" class=\"yoast-schema-graph\">{\"@context\":\"https:\\\/\\\/schema.org\",\"@graph\":[{\"@type\":[\"WebPage\",\"ItemPage\"],\"@id\":\"https:\\\/\\\/vitablanca.ma\\\/produit\\\/cosrx-vitamin-c-23-serum-with-vitamin-e-hyaluronic-acid\\\/\",\"url\":\"https:\\\/\\\/vitablanca.ma\\\/produit\\\/cosrx-vitamin-c-23-serum-with-vitamin-e-hyaluronic-acid\\\/\",\"name\":\"COSRX S\u00e9rum Vitamine C 23% | Anti-taches & \u00c9clat | Maroc Prix\",\"isPartOf\":{\"@id\":\"https:\\\/\\\/vitablanca.ma\\\/#website\"},\"primaryImageOfPage\":{\"@id\":\"https:\\\/\\\/vitablanca.ma\\\/produit\\\/cosrx-vitamin-c-23-serum-with-vitamin-e-hyaluronic-acid\\\/#primaryimage\"},\"image\":{\"@id\":\"https:\\\/\\\/vitablanca.ma\\\/produit\\\/cosrx-vitamin-c-23-serum-with-vitamin-e-hyaluronic-acid\\\/#primaryimage\"},\"thumbnailUrl\":\"https:\\\/\\\/vitablanca.ma\\\/wp-content\\\/uploads\\\/2025\\\/05\\\/www.ubuy_.jpg\",\"datePublished\":\"2025-05-22T23:21:17+00:00\",\"dateModified\":\"2026-01-06T14:03:56+00:00\",\"description\":\"Ce s\u00e9rum COSRX \u00e0 23% de Vitamine C + E et Acide Hyaluronique cible les taches brunes et illumine votre teint. Pour une peau plus ferme et radieuse.\",\"breadcrumb\":{\"@id\":\"https:\\\/\\\/vitablanca.ma\\\/produit\\\/cosrx-vitamin-c-23-serum-with-vitamin-e-hyaluronic-acid\\\/#breadcrumb\"},\"inLanguage\":\"en-US\",\"potentialAction\":[{\"@type\":\"ReadAction\",\"target\":[\"https:\\\/\\\/vitablanca.ma\\\/produit\\\/cosrx-vitamin-c-23-serum-with-vitamin-e-hyaluronic-acid\\\/\"]}]},{\"@type\":\"ImageObject\",\"inLanguage\":\"en-US\",\"@id\":\"https:\\\/\\\/vitablanca.ma\\\/produit\\\/cosrx-vitamin-c-23-serum-with-vitamin-e-hyaluronic-acid\\\/#primaryimage\",\"url\":\"https:\\\/\\\/vitablanca.ma\\\/wp-content\\\/uploads\\\/2025\\\/05\\\/www.ubuy_.jpg\",\"contentUrl\":\"https:\\\/\\\/vitablanca.ma\\\/wp-content\\\/uploads\\\/2025\\\/05\\\/www.ubuy_.jpg\",\"width\":1500,\"height\":1500},{\"@type\":\"BreadcrumbList\",\"@id\":\"https:\\\/\\\/vitablanca.ma\\\/produit\\\/cosrx-vitamin-c-23-serum-with-vitamin-e-hyaluronic-acid\\\/#breadcrumb\",\"itemListElement\":[{\"@type\":\"ListItem\",\"position\":1,\"name\":\"Home\",\"item\":\"https:\\\/\\\/vitablanca.ma\\\/\"},{\"@type\":\"ListItem\",\"position\":2,\"name\":\"Tous Les Produits\",\"item\":\"https:\\\/\\\/vitablanca.ma\\\/tous-les-produits\\\/\"},{\"@type\":\"ListItem\",\"position\":3,\"name\":\"COSRX Vitamin C 23% Serum with Vitamin E &amp; Hyaluronic Acid\"}]},{\"@type\":\"WebSite\",\"@id\":\"https:\\\/\\\/vitablanca.ma\\\/#website\",\"url\":\"https:\\\/\\\/vitablanca.ma\\\/\",\"name\":\"VitaBlanca.ma | Compl\u00e9ments alimentaires, sant\u00e9 & beaut\u00e9 au Maroc\",\"description\":\"vendre vitamines et compl\u00e9ments premium des USA &amp; Canada, Nouvelle Z\u00e9lande,Maroc (NOW Foods, Solgar, Manuka). Livraison rapide partout au Maroc.\",\"publisher\":{\"@id\":\"https:\\\/\\\/vitablanca.ma\\\/#organization\"},\"alternateName\":\"VitaBlanca.ma\",\"potentialAction\":[{\"@type\":\"SearchAction\",\"target\":{\"@type\":\"EntryPoint\",\"urlTemplate\":\"https:\\\/\\\/vitablanca.ma\\\/?s={search_term_string}\"},\"query-input\":{\"@type\":\"PropertyValueSpecification\",\"valueRequired\":true,\"valueName\":\"search_term_string\"}}],\"inLanguage\":\"en-US\"},{\"@type\":\"Organization\",\"@id\":\"https:\\\/\\\/vitablanca.ma\\\/#organization\",\"name\":\"VitaBlanca\",\"url\":\"https:\\\/\\\/vitablanca.ma\\\/\",\"logo\":{\"@type\":\"ImageObject\",\"inLanguage\":\"en-US\",\"@id\":\"https:\\\/\\\/vitablanca.ma\\\/#\\\/schema\\\/logo\\\/image\\\/\",\"url\":\"https:\\\/\\\/vitablanca.ma\\\/wp-content\\\/uploads\\\/2025\\\/05\\\/cropped-vitablanca.png\",\"contentUrl\":\"https:\\\/\\\/vitablanca.ma\\\/wp-content\\\/uploads\\\/2025\\\/05\\\/cropped-vitablanca.png\",\"width\":360,\"height\":67,\"caption\":\"VitaBlanca\"},\"image\":{\"@id\":\"https:\\\/\\\/vitablanca.ma\\\/#\\\/schema\\\/logo\\\/image\\\/\"},\"sameAs\":[\"https:\\\/\\\/www.facebook.com\\\/profile.php?id=61576678196717\",\"https:\\\/\\\/www.tiktok.com\\\/@vitablanca.ma\",\"https:\\\/\\\/www.instagram.com\\\/vitablanca.ma\\\/\"]}]}<\/script>\n<!-- \/ Yoast SEO plugin. -->","yoast_head_json":{"title":"COSRX Vitamin C Serum 23% | Anti-Dark Spot &amp; Radiance | Morocco Price","description":"This COSRX serum with 23% of Vitamin C + E and Hyaluronic Acid targets dark spots and brightens your complexion. For firmer, more radiant skin.","robots":{"index":"index","follow":"follow","max-snippet":"max-snippet:-1","max-image-preview":"max-image-preview:large","max-video-preview":"max-video-preview:-1"},"canonical":"https:\/\/vitablanca.ma\/en\/product\/cosrx-vitamin-c-23-serum-with-vitamin-e-hyaluronic-acid\/","og_locale":"en_US","og_type":"article","og_title":"COSRX S\u00e9rum Vitamine C 23% | Anti-taches & \u00c9clat | Maroc Prix","og_description":"Ce s\u00e9rum COSRX \u00e0 23% de Vitamine C + E et Acide Hyaluronique cible les taches brunes et illumine votre teint. Pour une peau plus ferme et radieuse.","og_url":"https:\/\/vitablanca.ma\/en\/product\/cosrx-vitamin-c-23-serum-with-vitamin-e-hyaluronic-acid\/","og_site_name":"Vitablanca.ma &ndash; Sant&eacute;, vitalit&eacute; et bien-&ecirc;tre pour tous les Marocains","article_publisher":"https:\/\/www.facebook.com\/profile.php?id=61576678196717","article_modified_time":"2026-01-06T14:03:56+00:00","og_image":[{"width":1500,"height":1500,"url":"https:\/\/vitablanca.ma\/wp-content\/uploads\/2025\/05\/www.ubuy_.jpg","type":"image\/jpeg"}],"twitter_card":"summary_large_image","twitter_misc":{"Est. reading time":"1 minute"},"schema":{"@context":"https:\/\/schema.org","@graph":[{"@type":["WebPage","ItemPage"],"@id":"https:\/\/vitablanca.ma\/produit\/cosrx-vitamin-c-23-serum-with-vitamin-e-hyaluronic-acid\/","url":"https:\/\/vitablanca.ma\/produit\/cosrx-vitamin-c-23-serum-with-vitamin-e-hyaluronic-acid\/","name":"COSRX Vitamin C Serum 23% | Anti-Dark Spot &amp; Radiance | Morocco Price","isPartOf":{"@id":"https:\/\/vitablanca.ma\/#website"},"primaryImageOfPage":{"@id":"https:\/\/vitablanca.ma\/produit\/cosrx-vitamin-c-23-serum-with-vitamin-e-hyaluronic-acid\/#primaryimage"},"image":{"@id":"https:\/\/vitablanca.ma\/produit\/cosrx-vitamin-c-23-serum-with-vitamin-e-hyaluronic-acid\/#primaryimage"},"thumbnailUrl":"https:\/\/vitablanca.ma\/wp-content\/uploads\/2025\/05\/www.ubuy_.jpg","datePublished":"2025-05-22T23:21:17+00:00","dateModified":"2026-01-06T14:03:56+00:00","description":"This COSRX serum with 23% of Vitamin C + E and Hyaluronic Acid targets dark spots and brightens your complexion. For firmer, more radiant skin.","breadcrumb":{"@id":"https:\/\/vitablanca.ma\/produit\/cosrx-vitamin-c-23-serum-with-vitamin-e-hyaluronic-acid\/#breadcrumb"},"inLanguage":"en-US","potentialAction":[{"@type":"ReadAction","target":["https:\/\/vitablanca.ma\/produit\/cosrx-vitamin-c-23-serum-with-vitamin-e-hyaluronic-acid\/"]}]},{"@type":"ImageObject","inLanguage":"en-US","@id":"https:\/\/vitablanca.ma\/produit\/cosrx-vitamin-c-23-serum-with-vitamin-e-hyaluronic-acid\/#primaryimage","url":"https:\/\/vitablanca.ma\/wp-content\/uploads\/2025\/05\/www.ubuy_.jpg","contentUrl":"https:\/\/vitablanca.ma\/wp-content\/uploads\/2025\/05\/www.ubuy_.jpg","width":1500,"height":1500},{"@type":"BreadcrumbList","@id":"https:\/\/vitablanca.ma\/produit\/cosrx-vitamin-c-23-serum-with-vitamin-e-hyaluronic-acid\/#breadcrumb","itemListElement":[{"@type":"ListItem","position":1,"name":"Home","item":"https:\/\/vitablanca.ma\/"},{"@type":"ListItem","position":2,"name":"Tous Les Produits","item":"https:\/\/vitablanca.ma\/tous-les-produits\/"},{"@type":"ListItem","position":3,"name":"COSRX Vitamin C 23% Serum with Vitamin E &amp; Hyaluronic Acid"}]},{"@type":"WebSite","@id":"https:\/\/vitablanca.ma\/#website","url":"https:\/\/vitablanca.ma\/","name":"VitaBlanca.ma | Food supplements, health &amp; beauty in Morocco","description":"sell premium vitamins and supplements from USA &amp; Canada, New Zealand, Morocco (NOW Foods, Solgar, Manuka). Fast delivery anywhere in Morocco.","publisher":{"@id":"https:\/\/vitablanca.ma\/#organization"},"alternateName":"VitaBlanca.ma","potentialAction":[{"@type":"SearchAction","target":{"@type":"EntryPoint","urlTemplate":"https:\/\/vitablanca.ma\/?s={search_term_string}"},"query-input":{"@type":"PropertyValueSpecification","valueRequired":true,"valueName":"search_term_string"}}],"inLanguage":"en-US"},{"@type":"Organization","@id":"https:\/\/vitablanca.ma\/#organization","name":"VitaBlanca","url":"https:\/\/vitablanca.ma\/","logo":{"@type":"ImageObject","inLanguage":"en-US","@id":"https:\/\/vitablanca.ma\/#\/schema\/logo\/image\/","url":"https:\/\/vitablanca.ma\/wp-content\/uploads\/2025\/05\/cropped-vitablanca.png","contentUrl":"https:\/\/vitablanca.ma\/wp-content\/uploads\/2025\/05\/cropped-vitablanca.png","width":360,"height":67,"caption":"VitaBlanca"},"image":{"@id":"https:\/\/vitablanca.ma\/#\/schema\/logo\/image\/"},"sameAs":["https:\/\/www.facebook.com\/profile.php?id=61576678196717","https:\/\/www.tiktok.com\/@vitablanca.ma","https:\/\/www.instagram.com\/vitablanca.ma\/"]}]}},"jetpack_sharing_enabled":true,"_links":{"self":[{"href":"https:\/\/vitablanca.ma\/en\/wp-json\/wp\/v2\/product\/8141","targetHints":{"allow":["GET"]}}],"collection":[{"href":"https:\/\/vitablanca.ma\/en\/wp-json\/wp\/v2\/product"}],"about":[{"href":"https:\/\/vitablanca.ma\/en\/wp-json\/wp\/v2\/types\/product"}],"wp:featuredmedia":[{"embeddable":true,"href":"https:\/\/vitablanca.ma\/en\/wp-json\/wp\/v2\/media\/8139"}],"wp:attachment":[{"href":"https:\/\/vitablanca.ma\/en\/wp-json\/wp\/v2\/media?parent=8141"}],"wp:term":[{"taxonomy":"product_brand","embeddable":true,"href":"https:\/\/vitablanca.ma\/en\/wp-json\/wp\/v2\/product_brand?post=8141"},{"taxonomy":"product_cat","embeddable":true,"href":"https:\/\/vitablanca.ma\/en\/wp-json\/wp\/v2\/product_cat?post=8141"},{"taxonomy":"product_tag","embeddable":true,"href":"https:\/\/vitablanca.ma\/en\/wp-json\/wp\/v2\/product_tag?post=8141"}],"curies":[{"name":"wp","href":"https:\/\/api.w.org\/{rel}","templated":true}]}}