{"id":8100,"date":"2025-05-22T23:15:57","date_gmt":"2025-05-22T23:15:57","guid":{"rendered":"https:\/\/vitablanca.ma\/product\/axis-y-quinoa-one-step-balanced-gel-cleanser-180ml\/"},"modified":"2026-01-06T14:03:57","modified_gmt":"2026-01-06T14:03:57","slug":"axis-y-quinoa-one-step-balanced-gel-cleanser-180ml","status":"publish","type":"product","link":"https:\/\/vitablanca.ma\/en\/product\/axis-y-quinoa-one-step-balanced-gel-cleanser-180ml\/","title":{"rendered":"AXIS-Y QUINOA ONE-STEP BALANCED GEL CLEANSER 180ML"},"content":{"rendered":"<h2>Quinoa Balancing Cleansing Gel 180ml<\/h2>\n<p>THE <strong>Quinoa Balancing Cleansing Gel<\/strong> is your ally for fresh and purified skin. Infused with <strong>quinoa<\/strong>, this <strong>facial cleanser<\/strong> Effectively removes impurities while respecting your skin&#039;s natural balance. Suitable for all skin types, it leaves your face clean, soft and hydrated. Give your skin a <strong>daily purity<\/strong> thanks to this unique cleansing gel.<\/p>\n<p data-start=\"446\" data-end=\"737\">L&#039;<strong data-start=\"448\" data-end=\"496\">AXIS-Y Quinoa One-Step Balanced Gel Cleanser<\/strong> is a Korean cleanser designed to deeply purify the skin without drying it out. Its unique formula <strong data-start=\"603\" data-end=\"613\">quinoa<\/strong> provides nutrition and softness while effectively removing impurities, excess sebum and makeup residue.<\/p>\n<p data-start=\"739\" data-end=\"770\">\ud83c\udf3f <strong data-start=\"742\" data-end=\"766\">Main benefits<\/strong> :<\/p>\n<ul data-start=\"771\" data-end=\"1063\">\n<li data-start=\"771\" data-end=\"814\">\n<p data-start=\"773\" data-end=\"814\">\u2705 Cleanses deeply yet gently<\/p>\n<\/li>\n<li data-start=\"815\" data-end=\"886\">\n<p data-start=\"817\" data-end=\"886\">\u2705 Protects the skin barrier and preserves the natural pH balance<\/p>\n<\/li>\n<li data-start=\"887\" data-end=\"943\">\n<p data-start=\"889\" data-end=\"943\">\u2705 Hydrates and soothes thanks to its natural ingredients<\/p>\n<\/li>\n<li data-start=\"944\" data-end=\"1007\">\n<p data-start=\"946\" data-end=\"1007\">\u2705 Enriched with <strong data-start=\"959\" data-end=\"969\">quinoa<\/strong> to nourish and revitalize the skin<\/p>\n<\/li>\n<li data-start=\"1008\" data-end=\"1063\">\n<p data-start=\"1010\" data-end=\"1063\">\u2705 Suitable for all skin types, even sensitive<\/p>\n<\/li>\n<\/ul>\n<p data-start=\"1065\" data-end=\"1149\">\ud83d\udca7 Light gel texture, easy to rinse, for an immediate feeling of freshness.<\/p>","protected":false},"excerpt":{"rendered":"<ul>\n<li data-start=\"1181\" data-end=\"1232\">\n<p data-start=\"1184\" data-end=\"1232\">Apply a small amount to damp skin.<\/p>\n<\/li>\n<li data-start=\"1233\" data-end=\"1303\">\n<p data-start=\"1236\" data-end=\"1303\">Massage gently in circular motions to lather.<\/p>\n<\/li>\n<li data-start=\"1304\" data-end=\"1342\">\n<p data-start=\"1307\" data-end=\"1342\">Rinse thoroughly with lukewarm water.<\/p>\n<\/li>\n<li data-start=\"1343\" data-end=\"1405\">\n<p data-start=\"1346\" data-end=\"1405\">Use morning and evening for clear, balanced skin.<\/p>\n<\/li>\n<\/ul>","protected":false},"featured_media":8085,"template":"","meta":{"om_disable_all_campaigns":false},"product_brand":[3385],"product_cat":[18,1117],"product_tag":[3390,3386,3392,3389,3391,3387,3388],"class_list":{"0":"post-8100","1":"product","2":"type-product","3":"status-publish","4":"has-post-thumbnail","6":"product_brand-axis-y-maroc-prix-vitablanca","7":"product_cat-beaute-sante","8":"product_cat-korean-skin-care","9":"product_tag-axis-y-k-beauty-maroc","10":"product_tag-axis-y-maroc","11":"product_tag-axis-y-original-maroc","12":"product_tag-axis-y-peau-acneique-maroc","13":"product_tag-axis-y-soins-coreens-maroc","14":"product_tag-produits-axis-y-maroc","15":"product_tag-soins-visage-axis-y","17":"first","18":"instock","19":"taxable","20":"shipping-taxable","21":"purchasable","22":"product-type-simple"},"yoast_head":"<!-- This site is optimized with the Yoast SEO plugin v27.4 - https:\/\/yoast.com\/product\/yoast-seo-wordpress\/ -->\n<title>AXIS-Y Quinoa One-Step Balanced Gel Cleanser - Maroc Prix<\/title>\n<meta name=\"description\" content=\"Gel nettoyant doux enrichi en quinoa, \u00e9limine impuret\u00e9s et maquillage tout en hydratant et respectant l\u2019\u00e9quilibre naturel de la peau.\" \/>\n<meta name=\"robots\" content=\"index, follow, max-snippet:-1, max-image-preview:large, max-video-preview:-1\" \/>\n<link rel=\"canonical\" href=\"https:\/\/vitablanca.ma\/en\/product\/axis-y-quinoa-one-step-balanced-gel-cleanser-180ml\/\" \/>\n<meta property=\"og:locale\" content=\"en_US\" \/>\n<meta property=\"og:type\" content=\"article\" \/>\n<meta property=\"og:title\" content=\"AXIS-Y Quinoa One-Step Balanced Gel Cleanser - Maroc Prix\" \/>\n<meta property=\"og:description\" content=\"Gel nettoyant doux enrichi en quinoa, \u00e9limine impuret\u00e9s et maquillage tout en hydratant et respectant l\u2019\u00e9quilibre naturel de la peau.\" \/>\n<meta property=\"og:url\" content=\"https:\/\/vitablanca.ma\/en\/product\/axis-y-quinoa-one-step-balanced-gel-cleanser-180ml\/\" \/>\n<meta property=\"og:site_name\" content=\"Vitablanca.ma &ndash; Sant&eacute;, vitalit&eacute; et bien-&ecirc;tre pour tous les Marocains\" \/>\n<meta property=\"article:publisher\" content=\"https:\/\/www.facebook.com\/profile.php?id=61576678196717\" \/>\n<meta property=\"article:modified_time\" content=\"2026-01-06T14:03:57+00:00\" \/>\n<meta property=\"og:image\" content=\"https:\/\/vitablanca.ma\/wp-content\/uploads\/2025\/05\/AXIS_Y_QUINOA_ONE-STEP_BALANCED_GEL_CLEANSER_180ML-3-scaled.png\" \/>\n\t<meta property=\"og:image:width\" content=\"2560\" \/>\n\t<meta property=\"og:image:height\" content=\"2560\" \/>\n\t<meta property=\"og:image:type\" content=\"image\/png\" \/>\n<meta name=\"twitter:card\" content=\"summary_large_image\" \/>\n<meta name=\"twitter:label1\" content=\"Est. reading time\" \/>\n\t<meta name=\"twitter:data1\" content=\"2 minutes\" \/>\n<script type=\"application\/ld+json\" class=\"yoast-schema-graph\">{\"@context\":\"https:\\\/\\\/schema.org\",\"@graph\":[{\"@type\":[\"WebPage\",\"ItemPage\"],\"@id\":\"https:\\\/\\\/vitablanca.ma\\\/produit\\\/axis-y-quinoa-one-step-balanced-gel-cleanser-180ml\\\/\",\"url\":\"https:\\\/\\\/vitablanca.ma\\\/produit\\\/axis-y-quinoa-one-step-balanced-gel-cleanser-180ml\\\/\",\"name\":\"AXIS-Y Quinoa One-Step Balanced Gel Cleanser - Maroc Prix\",\"isPartOf\":{\"@id\":\"https:\\\/\\\/vitablanca.ma\\\/#website\"},\"primaryImageOfPage\":{\"@id\":\"https:\\\/\\\/vitablanca.ma\\\/produit\\\/axis-y-quinoa-one-step-balanced-gel-cleanser-180ml\\\/#primaryimage\"},\"image\":{\"@id\":\"https:\\\/\\\/vitablanca.ma\\\/produit\\\/axis-y-quinoa-one-step-balanced-gel-cleanser-180ml\\\/#primaryimage\"},\"thumbnailUrl\":\"https:\\\/\\\/vitablanca.ma\\\/wp-content\\\/uploads\\\/2025\\\/05\\\/AXIS_Y_QUINOA_ONE-STEP_BALANCED_GEL_CLEANSER_180ML-3-scaled.png\",\"datePublished\":\"2025-05-22T23:15:57+00:00\",\"dateModified\":\"2026-01-06T14:03:57+00:00\",\"description\":\"Gel nettoyant doux enrichi en quinoa, \u00e9limine impuret\u00e9s et maquillage tout en hydratant et respectant l\u2019\u00e9quilibre naturel de la peau.\",\"breadcrumb\":{\"@id\":\"https:\\\/\\\/vitablanca.ma\\\/produit\\\/axis-y-quinoa-one-step-balanced-gel-cleanser-180ml\\\/#breadcrumb\"},\"inLanguage\":\"en-US\",\"potentialAction\":[{\"@type\":\"ReadAction\",\"target\":[\"https:\\\/\\\/vitablanca.ma\\\/produit\\\/axis-y-quinoa-one-step-balanced-gel-cleanser-180ml\\\/\"]}]},{\"@type\":\"ImageObject\",\"inLanguage\":\"en-US\",\"@id\":\"https:\\\/\\\/vitablanca.ma\\\/produit\\\/axis-y-quinoa-one-step-balanced-gel-cleanser-180ml\\\/#primaryimage\",\"url\":\"https:\\\/\\\/vitablanca.ma\\\/wp-content\\\/uploads\\\/2025\\\/05\\\/AXIS_Y_QUINOA_ONE-STEP_BALANCED_GEL_CLEANSER_180ML-3-scaled.png\",\"contentUrl\":\"https:\\\/\\\/vitablanca.ma\\\/wp-content\\\/uploads\\\/2025\\\/05\\\/AXIS_Y_QUINOA_ONE-STEP_BALANCED_GEL_CLEANSER_180ML-3-scaled.png\",\"width\":2560,\"height\":2560},{\"@type\":\"BreadcrumbList\",\"@id\":\"https:\\\/\\\/vitablanca.ma\\\/produit\\\/axis-y-quinoa-one-step-balanced-gel-cleanser-180ml\\\/#breadcrumb\",\"itemListElement\":[{\"@type\":\"ListItem\",\"position\":1,\"name\":\"Home\",\"item\":\"https:\\\/\\\/vitablanca.ma\\\/\"},{\"@type\":\"ListItem\",\"position\":2,\"name\":\"Tous Les Produits\",\"item\":\"https:\\\/\\\/vitablanca.ma\\\/tous-les-produits\\\/\"},{\"@type\":\"ListItem\",\"position\":3,\"name\":\"AXIS-Y QUINOA ONE-STEP BALANCED GEL CLEANSER 180ML\"}]},{\"@type\":\"WebSite\",\"@id\":\"https:\\\/\\\/vitablanca.ma\\\/#website\",\"url\":\"https:\\\/\\\/vitablanca.ma\\\/\",\"name\":\"VitaBlanca.ma | Compl\u00e9ments alimentaires, sant\u00e9 & beaut\u00e9 au Maroc\",\"description\":\"vendre vitamines et compl\u00e9ments premium des USA &amp; Canada, Nouvelle Z\u00e9lande,Maroc (NOW Foods, Solgar, Manuka). Livraison rapide partout au Maroc.\",\"publisher\":{\"@id\":\"https:\\\/\\\/vitablanca.ma\\\/#organization\"},\"alternateName\":\"VitaBlanca.ma\",\"potentialAction\":[{\"@type\":\"SearchAction\",\"target\":{\"@type\":\"EntryPoint\",\"urlTemplate\":\"https:\\\/\\\/vitablanca.ma\\\/?s={search_term_string}\"},\"query-input\":{\"@type\":\"PropertyValueSpecification\",\"valueRequired\":true,\"valueName\":\"search_term_string\"}}],\"inLanguage\":\"en-US\"},{\"@type\":\"Organization\",\"@id\":\"https:\\\/\\\/vitablanca.ma\\\/#organization\",\"name\":\"VitaBlanca\",\"url\":\"https:\\\/\\\/vitablanca.ma\\\/\",\"logo\":{\"@type\":\"ImageObject\",\"inLanguage\":\"en-US\",\"@id\":\"https:\\\/\\\/vitablanca.ma\\\/#\\\/schema\\\/logo\\\/image\\\/\",\"url\":\"https:\\\/\\\/vitablanca.ma\\\/wp-content\\\/uploads\\\/2025\\\/05\\\/cropped-vitablanca.png\",\"contentUrl\":\"https:\\\/\\\/vitablanca.ma\\\/wp-content\\\/uploads\\\/2025\\\/05\\\/cropped-vitablanca.png\",\"width\":360,\"height\":67,\"caption\":\"VitaBlanca\"},\"image\":{\"@id\":\"https:\\\/\\\/vitablanca.ma\\\/#\\\/schema\\\/logo\\\/image\\\/\"},\"sameAs\":[\"https:\\\/\\\/www.facebook.com\\\/profile.php?id=61576678196717\",\"https:\\\/\\\/www.tiktok.com\\\/@vitablanca.ma\",\"https:\\\/\\\/www.instagram.com\\\/vitablanca.ma\\\/\"]}]}<\/script>\n<!-- \/ Yoast SEO plugin. -->","yoast_head_json":{"title":"AXIS-Y Quinoa One-Step Balanced Gel Cleanser - Morocco Price","description":"Gentle cleansing gel enriched with quinoa, removes impurities and makeup while moisturizing and respecting the skin&#039;s natural balance.","robots":{"index":"index","follow":"follow","max-snippet":"max-snippet:-1","max-image-preview":"max-image-preview:large","max-video-preview":"max-video-preview:-1"},"canonical":"https:\/\/vitablanca.ma\/en\/product\/axis-y-quinoa-one-step-balanced-gel-cleanser-180ml\/","og_locale":"en_US","og_type":"article","og_title":"AXIS-Y Quinoa One-Step Balanced Gel Cleanser - Maroc Prix","og_description":"Gel nettoyant doux enrichi en quinoa, \u00e9limine impuret\u00e9s et maquillage tout en hydratant et respectant l\u2019\u00e9quilibre naturel de la peau.","og_url":"https:\/\/vitablanca.ma\/en\/product\/axis-y-quinoa-one-step-balanced-gel-cleanser-180ml\/","og_site_name":"Vitablanca.ma &ndash; Sant&eacute;, vitalit&eacute; et bien-&ecirc;tre pour tous les Marocains","article_publisher":"https:\/\/www.facebook.com\/profile.php?id=61576678196717","article_modified_time":"2026-01-06T14:03:57+00:00","og_image":[{"width":2560,"height":2560,"url":"https:\/\/vitablanca.ma\/wp-content\/uploads\/2025\/05\/AXIS_Y_QUINOA_ONE-STEP_BALANCED_GEL_CLEANSER_180ML-3-scaled.png","type":"image\/png"}],"twitter_card":"summary_large_image","twitter_misc":{"Est. reading time":"2 minutes"},"schema":{"@context":"https:\/\/schema.org","@graph":[{"@type":["WebPage","ItemPage"],"@id":"https:\/\/vitablanca.ma\/produit\/axis-y-quinoa-one-step-balanced-gel-cleanser-180ml\/","url":"https:\/\/vitablanca.ma\/produit\/axis-y-quinoa-one-step-balanced-gel-cleanser-180ml\/","name":"AXIS-Y Quinoa One-Step Balanced Gel Cleanser - Morocco Price","isPartOf":{"@id":"https:\/\/vitablanca.ma\/#website"},"primaryImageOfPage":{"@id":"https:\/\/vitablanca.ma\/produit\/axis-y-quinoa-one-step-balanced-gel-cleanser-180ml\/#primaryimage"},"image":{"@id":"https:\/\/vitablanca.ma\/produit\/axis-y-quinoa-one-step-balanced-gel-cleanser-180ml\/#primaryimage"},"thumbnailUrl":"https:\/\/vitablanca.ma\/wp-content\/uploads\/2025\/05\/AXIS_Y_QUINOA_ONE-STEP_BALANCED_GEL_CLEANSER_180ML-3-scaled.png","datePublished":"2025-05-22T23:15:57+00:00","dateModified":"2026-01-06T14:03:57+00:00","description":"Gentle cleansing gel enriched with quinoa, removes impurities and makeup while moisturizing and respecting the skin&#039;s natural balance.","breadcrumb":{"@id":"https:\/\/vitablanca.ma\/produit\/axis-y-quinoa-one-step-balanced-gel-cleanser-180ml\/#breadcrumb"},"inLanguage":"en-US","potentialAction":[{"@type":"ReadAction","target":["https:\/\/vitablanca.ma\/produit\/axis-y-quinoa-one-step-balanced-gel-cleanser-180ml\/"]}]},{"@type":"ImageObject","inLanguage":"en-US","@id":"https:\/\/vitablanca.ma\/produit\/axis-y-quinoa-one-step-balanced-gel-cleanser-180ml\/#primaryimage","url":"https:\/\/vitablanca.ma\/wp-content\/uploads\/2025\/05\/AXIS_Y_QUINOA_ONE-STEP_BALANCED_GEL_CLEANSER_180ML-3-scaled.png","contentUrl":"https:\/\/vitablanca.ma\/wp-content\/uploads\/2025\/05\/AXIS_Y_QUINOA_ONE-STEP_BALANCED_GEL_CLEANSER_180ML-3-scaled.png","width":2560,"height":2560},{"@type":"BreadcrumbList","@id":"https:\/\/vitablanca.ma\/produit\/axis-y-quinoa-one-step-balanced-gel-cleanser-180ml\/#breadcrumb","itemListElement":[{"@type":"ListItem","position":1,"name":"Home","item":"https:\/\/vitablanca.ma\/"},{"@type":"ListItem","position":2,"name":"Tous Les Produits","item":"https:\/\/vitablanca.ma\/tous-les-produits\/"},{"@type":"ListItem","position":3,"name":"AXIS-Y QUINOA ONE-STEP BALANCED GEL CLEANSER 180ML"}]},{"@type":"WebSite","@id":"https:\/\/vitablanca.ma\/#website","url":"https:\/\/vitablanca.ma\/","name":"VitaBlanca.ma | Food supplements, health &amp; beauty in Morocco","description":"sell premium vitamins and supplements from USA &amp; Canada, New Zealand, Morocco (NOW Foods, Solgar, Manuka). Fast delivery anywhere in Morocco.","publisher":{"@id":"https:\/\/vitablanca.ma\/#organization"},"alternateName":"VitaBlanca.ma","potentialAction":[{"@type":"SearchAction","target":{"@type":"EntryPoint","urlTemplate":"https:\/\/vitablanca.ma\/?s={search_term_string}"},"query-input":{"@type":"PropertyValueSpecification","valueRequired":true,"valueName":"search_term_string"}}],"inLanguage":"en-US"},{"@type":"Organization","@id":"https:\/\/vitablanca.ma\/#organization","name":"VitaBlanca","url":"https:\/\/vitablanca.ma\/","logo":{"@type":"ImageObject","inLanguage":"en-US","@id":"https:\/\/vitablanca.ma\/#\/schema\/logo\/image\/","url":"https:\/\/vitablanca.ma\/wp-content\/uploads\/2025\/05\/cropped-vitablanca.png","contentUrl":"https:\/\/vitablanca.ma\/wp-content\/uploads\/2025\/05\/cropped-vitablanca.png","width":360,"height":67,"caption":"VitaBlanca"},"image":{"@id":"https:\/\/vitablanca.ma\/#\/schema\/logo\/image\/"},"sameAs":["https:\/\/www.facebook.com\/profile.php?id=61576678196717","https:\/\/www.tiktok.com\/@vitablanca.ma","https:\/\/www.instagram.com\/vitablanca.ma\/"]}]}},"jetpack_sharing_enabled":true,"_links":{"self":[{"href":"https:\/\/vitablanca.ma\/en\/wp-json\/wp\/v2\/product\/8100","targetHints":{"allow":["GET"]}}],"collection":[{"href":"https:\/\/vitablanca.ma\/en\/wp-json\/wp\/v2\/product"}],"about":[{"href":"https:\/\/vitablanca.ma\/en\/wp-json\/wp\/v2\/types\/product"}],"wp:featuredmedia":[{"embeddable":true,"href":"https:\/\/vitablanca.ma\/en\/wp-json\/wp\/v2\/media\/8085"}],"wp:attachment":[{"href":"https:\/\/vitablanca.ma\/en\/wp-json\/wp\/v2\/media?parent=8100"}],"wp:term":[{"taxonomy":"product_brand","embeddable":true,"href":"https:\/\/vitablanca.ma\/en\/wp-json\/wp\/v2\/product_brand?post=8100"},{"taxonomy":"product_cat","embeddable":true,"href":"https:\/\/vitablanca.ma\/en\/wp-json\/wp\/v2\/product_cat?post=8100"},{"taxonomy":"product_tag","embeddable":true,"href":"https:\/\/vitablanca.ma\/en\/wp-json\/wp\/v2\/product_tag?post=8100"}],"curies":[{"name":"wp","href":"https:\/\/api.w.org\/{rel}","templated":true}]}}