{"id":8096,"date":"2025-05-22T23:15:18","date_gmt":"2025-05-22T23:15:18","guid":{"rendered":"https:\/\/vitablanca.ma\/product\/axis-y-sunday-morning-refreshing-cleansing-foam-120ml\/"},"modified":"2026-01-06T14:03:58","modified_gmt":"2026-01-06T14:03:58","slug":"axis-y-sunday-morning-refreshing-cleansing-foam-120ml","status":"publish","type":"product","link":"https:\/\/vitablanca.ma\/en\/product\/axis-y-sunday-morning-refreshing-cleansing-foam-120ml\/","title":{"rendered":"AXIS-Y Sunday Morning Refreshing Cleansing Foam 120ML"},"content":{"rendered":"<p>AXIS-Y Replenishing Foaming Cleanser with an ideal pH of 5.5. Removes impurities without stripping. Thanks to Aquaxyl, this formula keeps skin hydrated and balanced. Our improved formula with more moisturizing agents, including birch extract, rice bran, and perilla leaf, leaves skin supple and luminous.<\/p>","protected":false},"excerpt":{"rendered":"<p>AXIS-Y Replenishing Foaming Cleanser with an ideal pH of 5.5. Removes impurities without stripping. Thanks to Aquaxyl, this formula keeps skin hydrated and balanced. Our improved formula with more moisturizing agents, including birch extract, rice bran, and perilla leaf, leaves skin supple and luminous.<\/p>","protected":false},"featured_media":8089,"template":"","meta":{"om_disable_all_campaigns":false},"product_brand":[3385],"product_cat":[18,1117],"product_tag":[3390,3386,3392,3389,3391,3387,3388],"class_list":{"0":"post-8096","1":"product","2":"type-product","3":"status-publish","4":"has-post-thumbnail","6":"product_brand-axis-y-maroc-prix-vitablanca","7":"product_cat-beaute-sante","8":"product_cat-korean-skin-care","9":"product_tag-axis-y-k-beauty-maroc","10":"product_tag-axis-y-maroc","11":"product_tag-axis-y-original-maroc","12":"product_tag-axis-y-peau-acneique-maroc","13":"product_tag-axis-y-soins-coreens-maroc","14":"product_tag-produits-axis-y-maroc","15":"product_tag-soins-visage-axis-y","17":"first","18":"instock","19":"taxable","20":"shipping-taxable","21":"purchasable","22":"product-type-simple"},"yoast_head":"<!-- This site is optimized with the Yoast SEO plugin v27.4 - https:\/\/yoast.com\/product\/yoast-seo-wordpress\/ -->\n<title>AXIS-Y Sunday Morning Refreshing Cleansing Foam - Maroc Prix<\/title>\n<meta name=\"description\" content=\"D\u00e9couvrez l\u2019AXIS-Y Sunday Morning Refreshing Cleansing Foam 120ML sur Vitablanca.ma. Nettoie, hydrate et rafra\u00eechit pour une peau \u00e9clatante au Maroc.\" \/>\n<meta name=\"robots\" content=\"index, follow, max-snippet:-1, max-image-preview:large, max-video-preview:-1\" \/>\n<link rel=\"canonical\" href=\"https:\/\/vitablanca.ma\/en\/product\/axis-y-sunday-morning-refreshing-cleansing-foam-120ml\/\" \/>\n<meta property=\"og:locale\" content=\"en_US\" \/>\n<meta property=\"og:type\" content=\"article\" \/>\n<meta property=\"og:title\" content=\"AXIS-Y Sunday Morning Refreshing Cleansing Foam - Maroc Prix\" \/>\n<meta property=\"og:description\" content=\"D\u00e9couvrez l\u2019AXIS-Y Sunday Morning Refreshing Cleansing Foam 120ML sur Vitablanca.ma. Nettoie, hydrate et rafra\u00eechit pour une peau \u00e9clatante au Maroc.\" \/>\n<meta property=\"og:url\" content=\"https:\/\/vitablanca.ma\/en\/product\/axis-y-sunday-morning-refreshing-cleansing-foam-120ml\/\" \/>\n<meta property=\"og:site_name\" content=\"Vitablanca.ma &ndash; Sant&eacute;, vitalit&eacute; et bien-&ecirc;tre pour tous les Marocains\" \/>\n<meta property=\"article:publisher\" content=\"https:\/\/www.facebook.com\/profile.php?id=61576678196717\" \/>\n<meta property=\"article:modified_time\" content=\"2026-01-06T14:03:58+00:00\" \/>\n<meta property=\"og:image\" content=\"https:\/\/vitablanca.ma\/wp-content\/uploads\/2025\/05\/Product-page-sizes_ef8e8880-f5dd-4a81-8ab8-7adeafacc206-1.jpg\" \/>\n\t<meta property=\"og:image:width\" content=\"800\" \/>\n\t<meta property=\"og:image:height\" content=\"800\" \/>\n\t<meta property=\"og:image:type\" content=\"image\/jpeg\" \/>\n<meta name=\"twitter:card\" content=\"summary_large_image\" \/>\n<meta name=\"twitter:label1\" content=\"Est. reading time\" \/>\n\t<meta name=\"twitter:data1\" content=\"1 minute\" \/>\n<script type=\"application\/ld+json\" class=\"yoast-schema-graph\">{\"@context\":\"https:\\\/\\\/schema.org\",\"@graph\":[{\"@type\":[\"WebPage\",\"ItemPage\"],\"@id\":\"https:\\\/\\\/vitablanca.ma\\\/produit\\\/axis-y-sunday-morning-refreshing-cleansing-foam-120ml\\\/\",\"url\":\"https:\\\/\\\/vitablanca.ma\\\/produit\\\/axis-y-sunday-morning-refreshing-cleansing-foam-120ml\\\/\",\"name\":\"AXIS-Y Sunday Morning Refreshing Cleansing Foam - Maroc Prix\",\"isPartOf\":{\"@id\":\"https:\\\/\\\/vitablanca.ma\\\/#website\"},\"primaryImageOfPage\":{\"@id\":\"https:\\\/\\\/vitablanca.ma\\\/produit\\\/axis-y-sunday-morning-refreshing-cleansing-foam-120ml\\\/#primaryimage\"},\"image\":{\"@id\":\"https:\\\/\\\/vitablanca.ma\\\/produit\\\/axis-y-sunday-morning-refreshing-cleansing-foam-120ml\\\/#primaryimage\"},\"thumbnailUrl\":\"https:\\\/\\\/vitablanca.ma\\\/wp-content\\\/uploads\\\/2025\\\/05\\\/Product-page-sizes_ef8e8880-f5dd-4a81-8ab8-7adeafacc206-1.jpg\",\"datePublished\":\"2025-05-22T23:15:18+00:00\",\"dateModified\":\"2026-01-06T14:03:58+00:00\",\"description\":\"D\u00e9couvrez l\u2019AXIS-Y Sunday Morning Refreshing Cleansing Foam 120ML sur Vitablanca.ma. Nettoie, hydrate et rafra\u00eechit pour une peau \u00e9clatante au Maroc.\",\"breadcrumb\":{\"@id\":\"https:\\\/\\\/vitablanca.ma\\\/produit\\\/axis-y-sunday-morning-refreshing-cleansing-foam-120ml\\\/#breadcrumb\"},\"inLanguage\":\"en-US\",\"potentialAction\":[{\"@type\":\"ReadAction\",\"target\":[\"https:\\\/\\\/vitablanca.ma\\\/produit\\\/axis-y-sunday-morning-refreshing-cleansing-foam-120ml\\\/\"]}]},{\"@type\":\"ImageObject\",\"inLanguage\":\"en-US\",\"@id\":\"https:\\\/\\\/vitablanca.ma\\\/produit\\\/axis-y-sunday-morning-refreshing-cleansing-foam-120ml\\\/#primaryimage\",\"url\":\"https:\\\/\\\/vitablanca.ma\\\/wp-content\\\/uploads\\\/2025\\\/05\\\/Product-page-sizes_ef8e8880-f5dd-4a81-8ab8-7adeafacc206-1.jpg\",\"contentUrl\":\"https:\\\/\\\/vitablanca.ma\\\/wp-content\\\/uploads\\\/2025\\\/05\\\/Product-page-sizes_ef8e8880-f5dd-4a81-8ab8-7adeafacc206-1.jpg\",\"width\":800,\"height\":800},{\"@type\":\"BreadcrumbList\",\"@id\":\"https:\\\/\\\/vitablanca.ma\\\/produit\\\/axis-y-sunday-morning-refreshing-cleansing-foam-120ml\\\/#breadcrumb\",\"itemListElement\":[{\"@type\":\"ListItem\",\"position\":1,\"name\":\"Home\",\"item\":\"https:\\\/\\\/vitablanca.ma\\\/\"},{\"@type\":\"ListItem\",\"position\":2,\"name\":\"Tous Les Produits\",\"item\":\"https:\\\/\\\/vitablanca.ma\\\/tous-les-produits\\\/\"},{\"@type\":\"ListItem\",\"position\":3,\"name\":\"AXIS-Y Sunday Morning Refreshing Cleansing Foam 120ML\"}]},{\"@type\":\"WebSite\",\"@id\":\"https:\\\/\\\/vitablanca.ma\\\/#website\",\"url\":\"https:\\\/\\\/vitablanca.ma\\\/\",\"name\":\"VitaBlanca.ma | Compl\u00e9ments alimentaires, sant\u00e9 & beaut\u00e9 au Maroc\",\"description\":\"vendre vitamines et compl\u00e9ments premium des USA &amp; Canada, Nouvelle Z\u00e9lande,Maroc (NOW Foods, Solgar, Manuka). Livraison rapide partout au Maroc.\",\"publisher\":{\"@id\":\"https:\\\/\\\/vitablanca.ma\\\/#organization\"},\"alternateName\":\"VitaBlanca.ma\",\"potentialAction\":[{\"@type\":\"SearchAction\",\"target\":{\"@type\":\"EntryPoint\",\"urlTemplate\":\"https:\\\/\\\/vitablanca.ma\\\/?s={search_term_string}\"},\"query-input\":{\"@type\":\"PropertyValueSpecification\",\"valueRequired\":true,\"valueName\":\"search_term_string\"}}],\"inLanguage\":\"en-US\"},{\"@type\":\"Organization\",\"@id\":\"https:\\\/\\\/vitablanca.ma\\\/#organization\",\"name\":\"VitaBlanca\",\"url\":\"https:\\\/\\\/vitablanca.ma\\\/\",\"logo\":{\"@type\":\"ImageObject\",\"inLanguage\":\"en-US\",\"@id\":\"https:\\\/\\\/vitablanca.ma\\\/#\\\/schema\\\/logo\\\/image\\\/\",\"url\":\"https:\\\/\\\/vitablanca.ma\\\/wp-content\\\/uploads\\\/2025\\\/05\\\/cropped-vitablanca.png\",\"contentUrl\":\"https:\\\/\\\/vitablanca.ma\\\/wp-content\\\/uploads\\\/2025\\\/05\\\/cropped-vitablanca.png\",\"width\":360,\"height\":67,\"caption\":\"VitaBlanca\"},\"image\":{\"@id\":\"https:\\\/\\\/vitablanca.ma\\\/#\\\/schema\\\/logo\\\/image\\\/\"},\"sameAs\":[\"https:\\\/\\\/www.facebook.com\\\/profile.php?id=61576678196717\",\"https:\\\/\\\/www.tiktok.com\\\/@vitablanca.ma\",\"https:\\\/\\\/www.instagram.com\\\/vitablanca.ma\\\/\"]}]}<\/script>\n<!-- \/ Yoast SEO plugin. -->","yoast_head_json":{"title":"AXIS-Y Sunday Morning Refreshing Cleansing Foam - Morocco Price","description":"Discover AXIS-Y Sunday Morning Refreshing Cleansing Foam 120ML on Vitablanca.ma. Cleanses, hydrates, and refreshes for radiant skin in Morocco.","robots":{"index":"index","follow":"follow","max-snippet":"max-snippet:-1","max-image-preview":"max-image-preview:large","max-video-preview":"max-video-preview:-1"},"canonical":"https:\/\/vitablanca.ma\/en\/product\/axis-y-sunday-morning-refreshing-cleansing-foam-120ml\/","og_locale":"en_US","og_type":"article","og_title":"AXIS-Y Sunday Morning Refreshing Cleansing Foam - Maroc Prix","og_description":"D\u00e9couvrez l\u2019AXIS-Y Sunday Morning Refreshing Cleansing Foam 120ML sur Vitablanca.ma. Nettoie, hydrate et rafra\u00eechit pour une peau \u00e9clatante au Maroc.","og_url":"https:\/\/vitablanca.ma\/en\/product\/axis-y-sunday-morning-refreshing-cleansing-foam-120ml\/","og_site_name":"Vitablanca.ma &ndash; Sant&eacute;, vitalit&eacute; et bien-&ecirc;tre pour tous les Marocains","article_publisher":"https:\/\/www.facebook.com\/profile.php?id=61576678196717","article_modified_time":"2026-01-06T14:03:58+00:00","og_image":[{"width":800,"height":800,"url":"https:\/\/vitablanca.ma\/wp-content\/uploads\/2025\/05\/Product-page-sizes_ef8e8880-f5dd-4a81-8ab8-7adeafacc206-1.jpg","type":"image\/jpeg"}],"twitter_card":"summary_large_image","twitter_misc":{"Est. reading time":"1 minute"},"schema":{"@context":"https:\/\/schema.org","@graph":[{"@type":["WebPage","ItemPage"],"@id":"https:\/\/vitablanca.ma\/produit\/axis-y-sunday-morning-refreshing-cleansing-foam-120ml\/","url":"https:\/\/vitablanca.ma\/produit\/axis-y-sunday-morning-refreshing-cleansing-foam-120ml\/","name":"AXIS-Y Sunday Morning Refreshing Cleansing Foam - Morocco Price","isPartOf":{"@id":"https:\/\/vitablanca.ma\/#website"},"primaryImageOfPage":{"@id":"https:\/\/vitablanca.ma\/produit\/axis-y-sunday-morning-refreshing-cleansing-foam-120ml\/#primaryimage"},"image":{"@id":"https:\/\/vitablanca.ma\/produit\/axis-y-sunday-morning-refreshing-cleansing-foam-120ml\/#primaryimage"},"thumbnailUrl":"https:\/\/vitablanca.ma\/wp-content\/uploads\/2025\/05\/Product-page-sizes_ef8e8880-f5dd-4a81-8ab8-7adeafacc206-1.jpg","datePublished":"2025-05-22T23:15:18+00:00","dateModified":"2026-01-06T14:03:58+00:00","description":"Discover AXIS-Y Sunday Morning Refreshing Cleansing Foam 120ML on Vitablanca.ma. Cleanses, hydrates, and refreshes for radiant skin in Morocco.","breadcrumb":{"@id":"https:\/\/vitablanca.ma\/produit\/axis-y-sunday-morning-refreshing-cleansing-foam-120ml\/#breadcrumb"},"inLanguage":"en-US","potentialAction":[{"@type":"ReadAction","target":["https:\/\/vitablanca.ma\/produit\/axis-y-sunday-morning-refreshing-cleansing-foam-120ml\/"]}]},{"@type":"ImageObject","inLanguage":"en-US","@id":"https:\/\/vitablanca.ma\/produit\/axis-y-sunday-morning-refreshing-cleansing-foam-120ml\/#primaryimage","url":"https:\/\/vitablanca.ma\/wp-content\/uploads\/2025\/05\/Product-page-sizes_ef8e8880-f5dd-4a81-8ab8-7adeafacc206-1.jpg","contentUrl":"https:\/\/vitablanca.ma\/wp-content\/uploads\/2025\/05\/Product-page-sizes_ef8e8880-f5dd-4a81-8ab8-7adeafacc206-1.jpg","width":800,"height":800},{"@type":"BreadcrumbList","@id":"https:\/\/vitablanca.ma\/produit\/axis-y-sunday-morning-refreshing-cleansing-foam-120ml\/#breadcrumb","itemListElement":[{"@type":"ListItem","position":1,"name":"Home","item":"https:\/\/vitablanca.ma\/"},{"@type":"ListItem","position":2,"name":"Tous Les Produits","item":"https:\/\/vitablanca.ma\/tous-les-produits\/"},{"@type":"ListItem","position":3,"name":"AXIS-Y Sunday Morning Refreshing Cleansing Foam 120ML"}]},{"@type":"WebSite","@id":"https:\/\/vitablanca.ma\/#website","url":"https:\/\/vitablanca.ma\/","name":"VitaBlanca.ma | Food supplements, health &amp; beauty in Morocco","description":"sell premium vitamins and supplements from USA &amp; Canada, New Zealand, Morocco (NOW Foods, Solgar, Manuka). Fast delivery anywhere in Morocco.","publisher":{"@id":"https:\/\/vitablanca.ma\/#organization"},"alternateName":"VitaBlanca.ma","potentialAction":[{"@type":"SearchAction","target":{"@type":"EntryPoint","urlTemplate":"https:\/\/vitablanca.ma\/?s={search_term_string}"},"query-input":{"@type":"PropertyValueSpecification","valueRequired":true,"valueName":"search_term_string"}}],"inLanguage":"en-US"},{"@type":"Organization","@id":"https:\/\/vitablanca.ma\/#organization","name":"VitaBlanca","url":"https:\/\/vitablanca.ma\/","logo":{"@type":"ImageObject","inLanguage":"en-US","@id":"https:\/\/vitablanca.ma\/#\/schema\/logo\/image\/","url":"https:\/\/vitablanca.ma\/wp-content\/uploads\/2025\/05\/cropped-vitablanca.png","contentUrl":"https:\/\/vitablanca.ma\/wp-content\/uploads\/2025\/05\/cropped-vitablanca.png","width":360,"height":67,"caption":"VitaBlanca"},"image":{"@id":"https:\/\/vitablanca.ma\/#\/schema\/logo\/image\/"},"sameAs":["https:\/\/www.facebook.com\/profile.php?id=61576678196717","https:\/\/www.tiktok.com\/@vitablanca.ma","https:\/\/www.instagram.com\/vitablanca.ma\/"]}]}},"jetpack_sharing_enabled":true,"_links":{"self":[{"href":"https:\/\/vitablanca.ma\/en\/wp-json\/wp\/v2\/product\/8096","targetHints":{"allow":["GET"]}}],"collection":[{"href":"https:\/\/vitablanca.ma\/en\/wp-json\/wp\/v2\/product"}],"about":[{"href":"https:\/\/vitablanca.ma\/en\/wp-json\/wp\/v2\/types\/product"}],"wp:featuredmedia":[{"embeddable":true,"href":"https:\/\/vitablanca.ma\/en\/wp-json\/wp\/v2\/media\/8089"}],"wp:attachment":[{"href":"https:\/\/vitablanca.ma\/en\/wp-json\/wp\/v2\/media?parent=8096"}],"wp:term":[{"taxonomy":"product_brand","embeddable":true,"href":"https:\/\/vitablanca.ma\/en\/wp-json\/wp\/v2\/product_brand?post=8096"},{"taxonomy":"product_cat","embeddable":true,"href":"https:\/\/vitablanca.ma\/en\/wp-json\/wp\/v2\/product_cat?post=8096"},{"taxonomy":"product_tag","embeddable":true,"href":"https:\/\/vitablanca.ma\/en\/wp-json\/wp\/v2\/product_tag?post=8096"}],"curies":[{"name":"wp","href":"https:\/\/api.w.org\/{rel}","templated":true}]}}