{"id":8086,"date":"2025-05-22T23:12:55","date_gmt":"2025-05-22T23:12:55","guid":{"rendered":"https:\/\/vitablanca.ma\/product\/axis-y-complete-no-stress-physical-sunscreen-v-3-50ml\/"},"modified":"2026-01-06T14:03:58","modified_gmt":"2026-01-06T14:03:58","slug":"axis-y-complete-no-stress-physical-sunscreen-v-3-50ml","status":"publish","type":"product","link":"https:\/\/vitablanca.ma\/en\/product\/axis-y-complete-no-stress-physical-sunscreen-v-3-50ml\/","title":{"rendered":"AXIS-Y COMPLETE NO-STRESS PHYSICAL SUNSCREEN V.3 50ML"},"content":{"rendered":"<h2>Stress-Free Physical Sunscreen V.3 50ml<\/h2>\n<p>Protect your skin with the<strong>Stress-Free Physical Sunscreen V.3<\/strong>. This <strong>sunscreen<\/strong> Free from chemical filters, it provides optimal UVA and UVB protection while respecting sensitive skin. Its lightweight, non-comedogenic formula ensures easy application without leaving a white residue. Perfect for daily use, this sunscreen protects and soothes your skin, leaving it soft and protected.<\/p>","protected":false},"excerpt":{"rendered":"<p>\u00c9cran Solaire Physique Sans Stress V.3 50ml Prot\u00e9gez votre peau avec l&rsquo;\u00c9cran Solaire Physique Sans Stress V.3. Ce cr\u00e8me solaire sans filtres chimiques offre une protection UVA et UVB optimale tout en respectant les peaux sensibles. Sa formule l\u00e9g\u00e8re et non com\u00e9dog\u00e8ne assure une application facile sans laisser de r\u00e9sidus blancs. Parfait pour une utilisation [&hellip;]<\/p>\n","protected":false},"featured_media":8074,"template":"","meta":{"om_disable_all_campaigns":false},"product_brand":[3385],"product_cat":[18,1117],"product_tag":[3390,3386,3392,3389,3391,3387,3388],"class_list":{"0":"post-8086","1":"product","2":"type-product","3":"status-publish","4":"has-post-thumbnail","6":"product_brand-axis-y-maroc-prix-vitablanca","7":"product_cat-beaute-sante","8":"product_cat-korean-skin-care","9":"product_tag-axis-y-k-beauty-maroc","10":"product_tag-axis-y-maroc","11":"product_tag-axis-y-original-maroc","12":"product_tag-axis-y-peau-acneique-maroc","13":"product_tag-axis-y-soins-coreens-maroc","14":"product_tag-produits-axis-y-maroc","15":"product_tag-soins-visage-axis-y","17":"first","18":"instock","19":"sale","20":"taxable","21":"shipping-taxable","22":"purchasable","23":"product-type-simple"},"yoast_head":"<!-- This site is optimized with the Yoast SEO plugin v27.4 - https:\/\/yoast.com\/product\/yoast-seo-wordpress\/ -->\n<title>AXIS-Y COMPLETE NO-STRESS PHYSICAL SUNSCREEN - Maroc<\/title>\n<meta name=\"description\" content=\"La cr\u00e8me solaire physique AXIS-Y prot\u00e8ge avec un SPF 50+ et apaise les peaux irrit\u00e9es. Sa formule l\u00e9g\u00e8re sans traces blanches laisse un fini naturel.\" \/>\n<meta name=\"robots\" content=\"index, follow, max-snippet:-1, max-image-preview:large, max-video-preview:-1\" \/>\n<link rel=\"canonical\" href=\"https:\/\/vitablanca.ma\/en\/product\/axis-y-complete-no-stress-physical-sunscreen-v-3-50ml\/\" \/>\n<meta property=\"og:locale\" content=\"en_US\" \/>\n<meta property=\"og:type\" content=\"article\" \/>\n<meta property=\"og:title\" content=\"AXIS-Y COMPLETE NO-STRESS PHYSICAL SUNSCREEN - Maroc\" \/>\n<meta property=\"og:description\" content=\"La cr\u00e8me solaire physique AXIS-Y prot\u00e8ge avec un SPF 50+ et apaise les peaux irrit\u00e9es. Sa formule l\u00e9g\u00e8re sans traces blanches laisse un fini naturel.\" \/>\n<meta property=\"og:url\" content=\"https:\/\/vitablanca.ma\/en\/product\/axis-y-complete-no-stress-physical-sunscreen-v-3-50ml\/\" \/>\n<meta property=\"og:site_name\" content=\"Vitablanca.ma &ndash; Sant&eacute;, vitalit&eacute; et bien-&ecirc;tre pour tous les Marocains\" \/>\n<meta property=\"article:publisher\" content=\"https:\/\/www.facebook.com\/profile.php?id=61576678196717\" \/>\n<meta property=\"article:modified_time\" content=\"2026-01-06T14:03:58+00:00\" \/>\n<meta property=\"og:image\" content=\"https:\/\/vitablanca.ma\/wp-content\/uploads\/2025\/05\/AXIS_Y_COMPLETE_NO-STRESS_PHYSICAL_SUNSCREEN_V.350ML-3-scaled.png\" \/>\n\t<meta property=\"og:image:width\" content=\"2560\" \/>\n\t<meta property=\"og:image:height\" content=\"2560\" \/>\n\t<meta property=\"og:image:type\" content=\"image\/png\" \/>\n<meta name=\"twitter:card\" content=\"summary_large_image\" \/>\n<meta name=\"twitter:label1\" content=\"Est. reading time\" \/>\n\t<meta name=\"twitter:data1\" content=\"1 minute\" \/>\n<script type=\"application\/ld+json\" class=\"yoast-schema-graph\">{\"@context\":\"https:\\\/\\\/schema.org\",\"@graph\":[{\"@type\":[\"WebPage\",\"ItemPage\"],\"@id\":\"https:\\\/\\\/vitablanca.ma\\\/produit\\\/axis-y-complete-no-stress-physical-sunscreen-v-3-50ml\\\/\",\"url\":\"https:\\\/\\\/vitablanca.ma\\\/produit\\\/axis-y-complete-no-stress-physical-sunscreen-v-3-50ml\\\/\",\"name\":\"AXIS-Y COMPLETE NO-STRESS PHYSICAL SUNSCREEN - Maroc\",\"isPartOf\":{\"@id\":\"https:\\\/\\\/vitablanca.ma\\\/#website\"},\"primaryImageOfPage\":{\"@id\":\"https:\\\/\\\/vitablanca.ma\\\/produit\\\/axis-y-complete-no-stress-physical-sunscreen-v-3-50ml\\\/#primaryimage\"},\"image\":{\"@id\":\"https:\\\/\\\/vitablanca.ma\\\/produit\\\/axis-y-complete-no-stress-physical-sunscreen-v-3-50ml\\\/#primaryimage\"},\"thumbnailUrl\":\"https:\\\/\\\/vitablanca.ma\\\/wp-content\\\/uploads\\\/2025\\\/05\\\/AXIS_Y_COMPLETE_NO-STRESS_PHYSICAL_SUNSCREEN_V.350ML-3-scaled.png\",\"datePublished\":\"2025-05-22T23:12:55+00:00\",\"dateModified\":\"2026-01-06T14:03:58+00:00\",\"description\":\"La cr\u00e8me solaire physique AXIS-Y prot\u00e8ge avec un SPF 50+ et apaise les peaux irrit\u00e9es. Sa formule l\u00e9g\u00e8re sans traces blanches laisse un fini naturel.\",\"breadcrumb\":{\"@id\":\"https:\\\/\\\/vitablanca.ma\\\/produit\\\/axis-y-complete-no-stress-physical-sunscreen-v-3-50ml\\\/#breadcrumb\"},\"inLanguage\":\"en-US\",\"potentialAction\":[{\"@type\":\"ReadAction\",\"target\":[\"https:\\\/\\\/vitablanca.ma\\\/produit\\\/axis-y-complete-no-stress-physical-sunscreen-v-3-50ml\\\/\"]}]},{\"@type\":\"ImageObject\",\"inLanguage\":\"en-US\",\"@id\":\"https:\\\/\\\/vitablanca.ma\\\/produit\\\/axis-y-complete-no-stress-physical-sunscreen-v-3-50ml\\\/#primaryimage\",\"url\":\"https:\\\/\\\/vitablanca.ma\\\/wp-content\\\/uploads\\\/2025\\\/05\\\/AXIS_Y_COMPLETE_NO-STRESS_PHYSICAL_SUNSCREEN_V.350ML-3-scaled.png\",\"contentUrl\":\"https:\\\/\\\/vitablanca.ma\\\/wp-content\\\/uploads\\\/2025\\\/05\\\/AXIS_Y_COMPLETE_NO-STRESS_PHYSICAL_SUNSCREEN_V.350ML-3-scaled.png\",\"width\":2560,\"height\":2560},{\"@type\":\"BreadcrumbList\",\"@id\":\"https:\\\/\\\/vitablanca.ma\\\/produit\\\/axis-y-complete-no-stress-physical-sunscreen-v-3-50ml\\\/#breadcrumb\",\"itemListElement\":[{\"@type\":\"ListItem\",\"position\":1,\"name\":\"Home\",\"item\":\"https:\\\/\\\/vitablanca.ma\\\/\"},{\"@type\":\"ListItem\",\"position\":2,\"name\":\"Tous Les Produits\",\"item\":\"https:\\\/\\\/vitablanca.ma\\\/tous-les-produits\\\/\"},{\"@type\":\"ListItem\",\"position\":3,\"name\":\"AXIS-Y COMPLETE NO-STRESS PHYSICAL SUNSCREEN V.3 50ML\"}]},{\"@type\":\"WebSite\",\"@id\":\"https:\\\/\\\/vitablanca.ma\\\/#website\",\"url\":\"https:\\\/\\\/vitablanca.ma\\\/\",\"name\":\"VitaBlanca.ma | Compl\u00e9ments alimentaires, sant\u00e9 & beaut\u00e9 au Maroc\",\"description\":\"vendre vitamines et compl\u00e9ments premium des USA &amp; Canada, Nouvelle Z\u00e9lande,Maroc (NOW Foods, Solgar, Manuka). Livraison rapide partout au Maroc.\",\"publisher\":{\"@id\":\"https:\\\/\\\/vitablanca.ma\\\/#organization\"},\"alternateName\":\"VitaBlanca.ma\",\"potentialAction\":[{\"@type\":\"SearchAction\",\"target\":{\"@type\":\"EntryPoint\",\"urlTemplate\":\"https:\\\/\\\/vitablanca.ma\\\/?s={search_term_string}\"},\"query-input\":{\"@type\":\"PropertyValueSpecification\",\"valueRequired\":true,\"valueName\":\"search_term_string\"}}],\"inLanguage\":\"en-US\"},{\"@type\":\"Organization\",\"@id\":\"https:\\\/\\\/vitablanca.ma\\\/#organization\",\"name\":\"VitaBlanca\",\"url\":\"https:\\\/\\\/vitablanca.ma\\\/\",\"logo\":{\"@type\":\"ImageObject\",\"inLanguage\":\"en-US\",\"@id\":\"https:\\\/\\\/vitablanca.ma\\\/#\\\/schema\\\/logo\\\/image\\\/\",\"url\":\"https:\\\/\\\/vitablanca.ma\\\/wp-content\\\/uploads\\\/2025\\\/05\\\/cropped-vitablanca.png\",\"contentUrl\":\"https:\\\/\\\/vitablanca.ma\\\/wp-content\\\/uploads\\\/2025\\\/05\\\/cropped-vitablanca.png\",\"width\":360,\"height\":67,\"caption\":\"VitaBlanca\"},\"image\":{\"@id\":\"https:\\\/\\\/vitablanca.ma\\\/#\\\/schema\\\/logo\\\/image\\\/\"},\"sameAs\":[\"https:\\\/\\\/www.facebook.com\\\/profile.php?id=61576678196717\",\"https:\\\/\\\/www.tiktok.com\\\/@vitablanca.ma\",\"https:\\\/\\\/www.instagram.com\\\/vitablanca.ma\\\/\"]}]}<\/script>\n<!-- \/ Yoast SEO plugin. -->","yoast_head_json":{"title":"AXIS-Y COMPLETE NO-STRESS PHYSICAL SUNSCREEN - Morocco","description":"AXIS-Y Physical Sunscreen protects with SPF 50+ and soothes irritated skin. Its lightweight, white-casting formula leaves a natural finish.","robots":{"index":"index","follow":"follow","max-snippet":"max-snippet:-1","max-image-preview":"max-image-preview:large","max-video-preview":"max-video-preview:-1"},"canonical":"https:\/\/vitablanca.ma\/en\/product\/axis-y-complete-no-stress-physical-sunscreen-v-3-50ml\/","og_locale":"en_US","og_type":"article","og_title":"AXIS-Y COMPLETE NO-STRESS PHYSICAL SUNSCREEN - Maroc","og_description":"La cr\u00e8me solaire physique AXIS-Y prot\u00e8ge avec un SPF 50+ et apaise les peaux irrit\u00e9es. Sa formule l\u00e9g\u00e8re sans traces blanches laisse un fini naturel.","og_url":"https:\/\/vitablanca.ma\/en\/product\/axis-y-complete-no-stress-physical-sunscreen-v-3-50ml\/","og_site_name":"Vitablanca.ma &ndash; Sant&eacute;, vitalit&eacute; et bien-&ecirc;tre pour tous les Marocains","article_publisher":"https:\/\/www.facebook.com\/profile.php?id=61576678196717","article_modified_time":"2026-01-06T14:03:58+00:00","og_image":[{"width":2560,"height":2560,"url":"https:\/\/vitablanca.ma\/wp-content\/uploads\/2025\/05\/AXIS_Y_COMPLETE_NO-STRESS_PHYSICAL_SUNSCREEN_V.350ML-3-scaled.png","type":"image\/png"}],"twitter_card":"summary_large_image","twitter_misc":{"Est. reading time":"1 minute"},"schema":{"@context":"https:\/\/schema.org","@graph":[{"@type":["WebPage","ItemPage"],"@id":"https:\/\/vitablanca.ma\/produit\/axis-y-complete-no-stress-physical-sunscreen-v-3-50ml\/","url":"https:\/\/vitablanca.ma\/produit\/axis-y-complete-no-stress-physical-sunscreen-v-3-50ml\/","name":"AXIS-Y COMPLETE NO-STRESS PHYSICAL SUNSCREEN - Morocco","isPartOf":{"@id":"https:\/\/vitablanca.ma\/#website"},"primaryImageOfPage":{"@id":"https:\/\/vitablanca.ma\/produit\/axis-y-complete-no-stress-physical-sunscreen-v-3-50ml\/#primaryimage"},"image":{"@id":"https:\/\/vitablanca.ma\/produit\/axis-y-complete-no-stress-physical-sunscreen-v-3-50ml\/#primaryimage"},"thumbnailUrl":"https:\/\/vitablanca.ma\/wp-content\/uploads\/2025\/05\/AXIS_Y_COMPLETE_NO-STRESS_PHYSICAL_SUNSCREEN_V.350ML-3-scaled.png","datePublished":"2025-05-22T23:12:55+00:00","dateModified":"2026-01-06T14:03:58+00:00","description":"AXIS-Y Physical Sunscreen protects with SPF 50+ and soothes irritated skin. Its lightweight, white-casting formula leaves a natural finish.","breadcrumb":{"@id":"https:\/\/vitablanca.ma\/produit\/axis-y-complete-no-stress-physical-sunscreen-v-3-50ml\/#breadcrumb"},"inLanguage":"en-US","potentialAction":[{"@type":"ReadAction","target":["https:\/\/vitablanca.ma\/produit\/axis-y-complete-no-stress-physical-sunscreen-v-3-50ml\/"]}]},{"@type":"ImageObject","inLanguage":"en-US","@id":"https:\/\/vitablanca.ma\/produit\/axis-y-complete-no-stress-physical-sunscreen-v-3-50ml\/#primaryimage","url":"https:\/\/vitablanca.ma\/wp-content\/uploads\/2025\/05\/AXIS_Y_COMPLETE_NO-STRESS_PHYSICAL_SUNSCREEN_V.350ML-3-scaled.png","contentUrl":"https:\/\/vitablanca.ma\/wp-content\/uploads\/2025\/05\/AXIS_Y_COMPLETE_NO-STRESS_PHYSICAL_SUNSCREEN_V.350ML-3-scaled.png","width":2560,"height":2560},{"@type":"BreadcrumbList","@id":"https:\/\/vitablanca.ma\/produit\/axis-y-complete-no-stress-physical-sunscreen-v-3-50ml\/#breadcrumb","itemListElement":[{"@type":"ListItem","position":1,"name":"Home","item":"https:\/\/vitablanca.ma\/"},{"@type":"ListItem","position":2,"name":"Tous Les Produits","item":"https:\/\/vitablanca.ma\/tous-les-produits\/"},{"@type":"ListItem","position":3,"name":"AXIS-Y COMPLETE NO-STRESS PHYSICAL SUNSCREEN V.3 50ML"}]},{"@type":"WebSite","@id":"https:\/\/vitablanca.ma\/#website","url":"https:\/\/vitablanca.ma\/","name":"VitaBlanca.ma | Food supplements, health &amp; beauty in Morocco","description":"sell premium vitamins and supplements from USA &amp; Canada, New Zealand, Morocco (NOW Foods, Solgar, Manuka). Fast delivery anywhere in Morocco.","publisher":{"@id":"https:\/\/vitablanca.ma\/#organization"},"alternateName":"VitaBlanca.ma","potentialAction":[{"@type":"SearchAction","target":{"@type":"EntryPoint","urlTemplate":"https:\/\/vitablanca.ma\/?s={search_term_string}"},"query-input":{"@type":"PropertyValueSpecification","valueRequired":true,"valueName":"search_term_string"}}],"inLanguage":"en-US"},{"@type":"Organization","@id":"https:\/\/vitablanca.ma\/#organization","name":"VitaBlanca","url":"https:\/\/vitablanca.ma\/","logo":{"@type":"ImageObject","inLanguage":"en-US","@id":"https:\/\/vitablanca.ma\/#\/schema\/logo\/image\/","url":"https:\/\/vitablanca.ma\/wp-content\/uploads\/2025\/05\/cropped-vitablanca.png","contentUrl":"https:\/\/vitablanca.ma\/wp-content\/uploads\/2025\/05\/cropped-vitablanca.png","width":360,"height":67,"caption":"VitaBlanca"},"image":{"@id":"https:\/\/vitablanca.ma\/#\/schema\/logo\/image\/"},"sameAs":["https:\/\/www.facebook.com\/profile.php?id=61576678196717","https:\/\/www.tiktok.com\/@vitablanca.ma","https:\/\/www.instagram.com\/vitablanca.ma\/"]}]}},"jetpack_sharing_enabled":true,"_links":{"self":[{"href":"https:\/\/vitablanca.ma\/en\/wp-json\/wp\/v2\/product\/8086","targetHints":{"allow":["GET"]}}],"collection":[{"href":"https:\/\/vitablanca.ma\/en\/wp-json\/wp\/v2\/product"}],"about":[{"href":"https:\/\/vitablanca.ma\/en\/wp-json\/wp\/v2\/types\/product"}],"wp:featuredmedia":[{"embeddable":true,"href":"https:\/\/vitablanca.ma\/en\/wp-json\/wp\/v2\/media\/8074"}],"wp:attachment":[{"href":"https:\/\/vitablanca.ma\/en\/wp-json\/wp\/v2\/media?parent=8086"}],"wp:term":[{"taxonomy":"product_brand","embeddable":true,"href":"https:\/\/vitablanca.ma\/en\/wp-json\/wp\/v2\/product_brand?post=8086"},{"taxonomy":"product_cat","embeddable":true,"href":"https:\/\/vitablanca.ma\/en\/wp-json\/wp\/v2\/product_cat?post=8086"},{"taxonomy":"product_tag","embeddable":true,"href":"https:\/\/vitablanca.ma\/en\/wp-json\/wp\/v2\/product_tag?post=8086"}],"curies":[{"name":"wp","href":"https:\/\/api.w.org\/{rel}","templated":true}]}}