{"id":7918,"date":"2025-05-22T17:15:33","date_gmt":"2025-05-22T17:15:33","guid":{"rendered":"https:\/\/vitablanca.ma\/?post_type=product&#038;p=7918"},"modified":"2025-11-17T21:06:14","modified_gmt":"2025-11-17T21:06:14","slug":"now-foods-nac-600-mg-100-capsules-vegetales-maroc","status":"publish","type":"product","link":"https:\/\/vitablanca.ma\/en\/product\/now-foods-nac-600-mg-100-capsules-vegetales-maroc\/","title":{"rendered":"Now Foods NAC n-acetylcysteine, 600 mg, 100 capsules."},"content":{"rendered":"<p>Quality assured by compliance with GMP (Good Manufacturing Practices)<br>N-acetylcysteine (NAC) is a stable form of the amino acid L-cysteine. This sulfur-containing amino acid acts as a stabilizer during the formation of protein structures and is also necessary for the formation of glutathione. Molybdenum and selenium are essential trace minerals that facilitate the production of several important enzymes.<a href=\"https:\/\/www.jumia.ma\/customer\/account\/login\/?tkWl=NO879DV1BWBK3NAFAMZ-24380575&amp;return=%2Fnow-foods-nac-600-mg-100-capsules-vegetales.-32994408.html%3Fseller_product%3D1\"><\/a><\/p>\n\n\n\n<p><\/p>","protected":false},"excerpt":{"rendered":"<ul>\n<li>Protection against free radicals<\/li>\n<li>With selenium and molybdenum<\/li>\n<li>Maintaining cellular health<\/li>\n<li>GMO-free<\/li>\n<li>A dietary supplement<\/li>\n<li>Kosher<\/li>\n<li>Amino acids<\/li>\n<li>Quality assured by compliance with GMP (Good Manufacturing Practices)<\/li>\n<li>N-acetylcysteine (NAC) is a stable form of the amino acid L-cysteine. This sulfur-containing amino acid acts as a stabilizer<\/li>\n<\/ul>","protected":false},"featured_media":7919,"template":"","meta":{"om_disable_all_campaigns":false},"product_brand":[83],"product_cat":[18,3366,20,19],"product_tag":[987,1000,1001,999,218,998,1003,91,388,726,216,1004],"class_list":{"0":"post-7918","1":"product","2":"type-product","3":"status-publish","4":"has-post-thumbnail","6":"product_brand-now-foods-maroc-prix","7":"product_cat-beaute-sante","8":"product_cat-complements-alimentaires-au-maroc-vitablanca","9":"product_cat-supplements","10":"product_cat-vitamines-supplements-dietetiques","11":"product_tag-antioxydant-puissant","12":"product_tag-complement-hepatique","13":"product_tag-detoxification-foie","14":"product_tag-gelules-nac-vegetariennes","15":"product_tag-n-acetyl-cysteine","16":"product_tag-nac-600-mg","17":"product_tag-nac-now-foods-maroc","18":"product_tag-now-foods-maroc","19":"product_tag-now-foods-maroc-avis","20":"product_tag-now-foods-maroc-prix","21":"product_tag-now-foods-nac","22":"product_tag-soutien-respiratoire","24":"first","25":"instock","26":"sale","27":"taxable","28":"shipping-taxable","29":"purchasable","30":"product-type-simple"},"yoast_head":"<!-- This site is optimized with the Yoast SEO plugin v27.4 - https:\/\/yoast.com\/product\/yoast-seo-wordpress\/ -->\n<title>Now Foods NAC n-acetylcysteine, 600 mg, - Maroc Prix<\/title>\n<meta name=\"description\" content=\"Compl\u00e9ment puissant en N-Acetyl-Cysteine NAC Now Foods Maroc pour soutenir la d\u00e9toxification, la sant\u00e9 respiratoire et les fonctions h\u00e9patiques. 600 mg .\" \/>\n<meta name=\"robots\" content=\"index, follow, max-snippet:-1, max-image-preview:large, max-video-preview:-1\" \/>\n<link rel=\"canonical\" href=\"https:\/\/vitablanca.ma\/en\/product\/now-foods-nac-600-mg-100-capsules-vegetales-maroc\/\" \/>\n<meta property=\"og:locale\" content=\"en_US\" \/>\n<meta property=\"og:type\" content=\"article\" \/>\n<meta property=\"og:title\" content=\"Now Foods NAC n-acetylcysteine, 600 mg, - Maroc Prix\" \/>\n<meta property=\"og:description\" content=\"Compl\u00e9ment puissant en N-Acetyl-Cysteine NAC Now Foods Maroc pour soutenir la d\u00e9toxification, la sant\u00e9 respiratoire et les fonctions h\u00e9patiques. 600 mg .\" \/>\n<meta property=\"og:url\" content=\"https:\/\/vitablanca.ma\/en\/product\/now-foods-nac-600-mg-100-capsules-vegetales-maroc\/\" \/>\n<meta property=\"og:site_name\" content=\"Vitablanca.ma &ndash; Sant&eacute;, vitalit&eacute; et bien-&ecirc;tre pour tous les Marocains\" \/>\n<meta property=\"article:publisher\" content=\"https:\/\/www.facebook.com\/profile.php?id=61576678196717\" \/>\n<meta property=\"article:modified_time\" content=\"2025-11-17T21:06:14+00:00\" \/>\n<meta property=\"og:image\" content=\"https:\/\/vitablanca.ma\/wp-content\/uploads\/2025\/05\/now-foods-nac-600-mg-100-capsules-vegetales.-.jpg\" \/>\n\t<meta property=\"og:image:width\" content=\"680\" \/>\n\t<meta property=\"og:image:height\" content=\"680\" \/>\n\t<meta property=\"og:image:type\" content=\"image\/jpeg\" \/>\n<meta name=\"twitter:card\" content=\"summary_large_image\" \/>\n<meta name=\"twitter:label1\" content=\"Est. reading time\" \/>\n\t<meta name=\"twitter:data1\" content=\"1 minute\" \/>\n<script type=\"application\/ld+json\" class=\"yoast-schema-graph\">{\"@context\":\"https:\\\/\\\/schema.org\",\"@graph\":[{\"@type\":[\"WebPage\",\"ItemPage\"],\"@id\":\"https:\\\/\\\/vitablanca.ma\\\/produit\\\/now-foods-nac-600-mg-100-capsules-vegetales-maroc\\\/\",\"url\":\"https:\\\/\\\/vitablanca.ma\\\/produit\\\/now-foods-nac-600-mg-100-capsules-vegetales-maroc\\\/\",\"name\":\"Now Foods NAC n-acetylcysteine, 600 mg, - Maroc Prix\",\"isPartOf\":{\"@id\":\"https:\\\/\\\/vitablanca.ma\\\/#website\"},\"primaryImageOfPage\":{\"@id\":\"https:\\\/\\\/vitablanca.ma\\\/produit\\\/now-foods-nac-600-mg-100-capsules-vegetales-maroc\\\/#primaryimage\"},\"image\":{\"@id\":\"https:\\\/\\\/vitablanca.ma\\\/produit\\\/now-foods-nac-600-mg-100-capsules-vegetales-maroc\\\/#primaryimage\"},\"thumbnailUrl\":\"https:\\\/\\\/vitablanca.ma\\\/wp-content\\\/uploads\\\/2025\\\/05\\\/now-foods-nac-600-mg-100-capsules-vegetales.-.jpg\",\"datePublished\":\"2025-05-22T17:15:33+00:00\",\"dateModified\":\"2025-11-17T21:06:14+00:00\",\"description\":\"Compl\u00e9ment puissant en N-Acetyl-Cysteine NAC Now Foods Maroc pour soutenir la d\u00e9toxification, la sant\u00e9 respiratoire et les fonctions h\u00e9patiques. 600 mg .\",\"breadcrumb\":{\"@id\":\"https:\\\/\\\/vitablanca.ma\\\/produit\\\/now-foods-nac-600-mg-100-capsules-vegetales-maroc\\\/#breadcrumb\"},\"inLanguage\":\"en-US\",\"potentialAction\":[{\"@type\":\"ReadAction\",\"target\":[\"https:\\\/\\\/vitablanca.ma\\\/produit\\\/now-foods-nac-600-mg-100-capsules-vegetales-maroc\\\/\"]}]},{\"@type\":\"ImageObject\",\"inLanguage\":\"en-US\",\"@id\":\"https:\\\/\\\/vitablanca.ma\\\/produit\\\/now-foods-nac-600-mg-100-capsules-vegetales-maroc\\\/#primaryimage\",\"url\":\"https:\\\/\\\/vitablanca.ma\\\/wp-content\\\/uploads\\\/2025\\\/05\\\/now-foods-nac-600-mg-100-capsules-vegetales.-.jpg\",\"contentUrl\":\"https:\\\/\\\/vitablanca.ma\\\/wp-content\\\/uploads\\\/2025\\\/05\\\/now-foods-nac-600-mg-100-capsules-vegetales.-.jpg\",\"width\":680,\"height\":680},{\"@type\":\"BreadcrumbList\",\"@id\":\"https:\\\/\\\/vitablanca.ma\\\/produit\\\/now-foods-nac-600-mg-100-capsules-vegetales-maroc\\\/#breadcrumb\",\"itemListElement\":[{\"@type\":\"ListItem\",\"position\":1,\"name\":\"Home\",\"item\":\"https:\\\/\\\/vitablanca.ma\\\/\"},{\"@type\":\"ListItem\",\"position\":2,\"name\":\"Tous Les Produits\",\"item\":\"https:\\\/\\\/vitablanca.ma\\\/tous-les-produits\\\/\"},{\"@type\":\"ListItem\",\"position\":3,\"name\":\"Now Foods NAC n-acetylcysteine, 600 mg, 100 capsules .\"}]},{\"@type\":\"WebSite\",\"@id\":\"https:\\\/\\\/vitablanca.ma\\\/#website\",\"url\":\"https:\\\/\\\/vitablanca.ma\\\/\",\"name\":\"VitaBlanca.ma | Compl\u00e9ments alimentaires, sant\u00e9 & beaut\u00e9 au Maroc\",\"description\":\"vendre vitamines et compl\u00e9ments premium des USA &amp; Canada, Nouvelle Z\u00e9lande,Maroc (NOW Foods, Solgar, Manuka). Livraison rapide partout au Maroc.\",\"publisher\":{\"@id\":\"https:\\\/\\\/vitablanca.ma\\\/#organization\"},\"alternateName\":\"VitaBlanca.ma\",\"potentialAction\":[{\"@type\":\"SearchAction\",\"target\":{\"@type\":\"EntryPoint\",\"urlTemplate\":\"https:\\\/\\\/vitablanca.ma\\\/?s={search_term_string}\"},\"query-input\":{\"@type\":\"PropertyValueSpecification\",\"valueRequired\":true,\"valueName\":\"search_term_string\"}}],\"inLanguage\":\"en-US\"},{\"@type\":\"Organization\",\"@id\":\"https:\\\/\\\/vitablanca.ma\\\/#organization\",\"name\":\"VitaBlanca\",\"url\":\"https:\\\/\\\/vitablanca.ma\\\/\",\"logo\":{\"@type\":\"ImageObject\",\"inLanguage\":\"en-US\",\"@id\":\"https:\\\/\\\/vitablanca.ma\\\/#\\\/schema\\\/logo\\\/image\\\/\",\"url\":\"https:\\\/\\\/vitablanca.ma\\\/wp-content\\\/uploads\\\/2025\\\/05\\\/cropped-vitablanca.png\",\"contentUrl\":\"https:\\\/\\\/vitablanca.ma\\\/wp-content\\\/uploads\\\/2025\\\/05\\\/cropped-vitablanca.png\",\"width\":360,\"height\":67,\"caption\":\"VitaBlanca\"},\"image\":{\"@id\":\"https:\\\/\\\/vitablanca.ma\\\/#\\\/schema\\\/logo\\\/image\\\/\"},\"sameAs\":[\"https:\\\/\\\/www.facebook.com\\\/profile.php?id=61576678196717\",\"https:\\\/\\\/www.tiktok.com\\\/@vitablanca.ma\",\"https:\\\/\\\/www.instagram.com\\\/vitablanca.ma\\\/\"]}]}<\/script>\n<!-- \/ Yoast SEO plugin. -->","yoast_head_json":{"title":"Now Foods NAC n-acetylcysteine, 600 mg, - Morocco Price","description":"Powerful N-Acetyl-Cysteine NAC Now Foods Morocco supplement to support detoxification, respiratory health and liver function. 600 mg.","robots":{"index":"index","follow":"follow","max-snippet":"max-snippet:-1","max-image-preview":"max-image-preview:large","max-video-preview":"max-video-preview:-1"},"canonical":"https:\/\/vitablanca.ma\/en\/product\/now-foods-nac-600-mg-100-capsules-vegetales-maroc\/","og_locale":"en_US","og_type":"article","og_title":"Now Foods NAC n-acetylcysteine, 600 mg, - Maroc Prix","og_description":"Compl\u00e9ment puissant en N-Acetyl-Cysteine NAC Now Foods Maroc pour soutenir la d\u00e9toxification, la sant\u00e9 respiratoire et les fonctions h\u00e9patiques. 600 mg .","og_url":"https:\/\/vitablanca.ma\/en\/product\/now-foods-nac-600-mg-100-capsules-vegetales-maroc\/","og_site_name":"Vitablanca.ma &ndash; Sant&eacute;, vitalit&eacute; et bien-&ecirc;tre pour tous les Marocains","article_publisher":"https:\/\/www.facebook.com\/profile.php?id=61576678196717","article_modified_time":"2025-11-17T21:06:14+00:00","og_image":[{"width":680,"height":680,"url":"https:\/\/vitablanca.ma\/wp-content\/uploads\/2025\/05\/now-foods-nac-600-mg-100-capsules-vegetales.-.jpg","type":"image\/jpeg"}],"twitter_card":"summary_large_image","twitter_misc":{"Est. reading time":"1 minute"},"schema":{"@context":"https:\/\/schema.org","@graph":[{"@type":["WebPage","ItemPage"],"@id":"https:\/\/vitablanca.ma\/produit\/now-foods-nac-600-mg-100-capsules-vegetales-maroc\/","url":"https:\/\/vitablanca.ma\/produit\/now-foods-nac-600-mg-100-capsules-vegetales-maroc\/","name":"Now Foods NAC n-acetylcysteine, 600 mg, - Morocco Price","isPartOf":{"@id":"https:\/\/vitablanca.ma\/#website"},"primaryImageOfPage":{"@id":"https:\/\/vitablanca.ma\/produit\/now-foods-nac-600-mg-100-capsules-vegetales-maroc\/#primaryimage"},"image":{"@id":"https:\/\/vitablanca.ma\/produit\/now-foods-nac-600-mg-100-capsules-vegetales-maroc\/#primaryimage"},"thumbnailUrl":"https:\/\/vitablanca.ma\/wp-content\/uploads\/2025\/05\/now-foods-nac-600-mg-100-capsules-vegetales.-.jpg","datePublished":"2025-05-22T17:15:33+00:00","dateModified":"2025-11-17T21:06:14+00:00","description":"Powerful N-Acetyl-Cysteine NAC Now Foods Morocco supplement to support detoxification, respiratory health and liver function. 600 mg.","breadcrumb":{"@id":"https:\/\/vitablanca.ma\/produit\/now-foods-nac-600-mg-100-capsules-vegetales-maroc\/#breadcrumb"},"inLanguage":"en-US","potentialAction":[{"@type":"ReadAction","target":["https:\/\/vitablanca.ma\/produit\/now-foods-nac-600-mg-100-capsules-vegetales-maroc\/"]}]},{"@type":"ImageObject","inLanguage":"en-US","@id":"https:\/\/vitablanca.ma\/produit\/now-foods-nac-600-mg-100-capsules-vegetales-maroc\/#primaryimage","url":"https:\/\/vitablanca.ma\/wp-content\/uploads\/2025\/05\/now-foods-nac-600-mg-100-capsules-vegetales.-.jpg","contentUrl":"https:\/\/vitablanca.ma\/wp-content\/uploads\/2025\/05\/now-foods-nac-600-mg-100-capsules-vegetales.-.jpg","width":680,"height":680},{"@type":"BreadcrumbList","@id":"https:\/\/vitablanca.ma\/produit\/now-foods-nac-600-mg-100-capsules-vegetales-maroc\/#breadcrumb","itemListElement":[{"@type":"ListItem","position":1,"name":"Home","item":"https:\/\/vitablanca.ma\/"},{"@type":"ListItem","position":2,"name":"Tous Les Produits","item":"https:\/\/vitablanca.ma\/tous-les-produits\/"},{"@type":"ListItem","position":3,"name":"Now Foods NAC n-acetylcysteine, 600 mg, 100 capsules ."}]},{"@type":"WebSite","@id":"https:\/\/vitablanca.ma\/#website","url":"https:\/\/vitablanca.ma\/","name":"VitaBlanca.ma | Food supplements, health &amp; beauty in Morocco","description":"sell premium vitamins and supplements from USA &amp; Canada, New Zealand, Morocco (NOW Foods, Solgar, Manuka). Fast delivery anywhere in Morocco.","publisher":{"@id":"https:\/\/vitablanca.ma\/#organization"},"alternateName":"VitaBlanca.ma","potentialAction":[{"@type":"SearchAction","target":{"@type":"EntryPoint","urlTemplate":"https:\/\/vitablanca.ma\/?s={search_term_string}"},"query-input":{"@type":"PropertyValueSpecification","valueRequired":true,"valueName":"search_term_string"}}],"inLanguage":"en-US"},{"@type":"Organization","@id":"https:\/\/vitablanca.ma\/#organization","name":"VitaBlanca","url":"https:\/\/vitablanca.ma\/","logo":{"@type":"ImageObject","inLanguage":"en-US","@id":"https:\/\/vitablanca.ma\/#\/schema\/logo\/image\/","url":"https:\/\/vitablanca.ma\/wp-content\/uploads\/2025\/05\/cropped-vitablanca.png","contentUrl":"https:\/\/vitablanca.ma\/wp-content\/uploads\/2025\/05\/cropped-vitablanca.png","width":360,"height":67,"caption":"VitaBlanca"},"image":{"@id":"https:\/\/vitablanca.ma\/#\/schema\/logo\/image\/"},"sameAs":["https:\/\/www.facebook.com\/profile.php?id=61576678196717","https:\/\/www.tiktok.com\/@vitablanca.ma","https:\/\/www.instagram.com\/vitablanca.ma\/"]}]}},"jetpack_sharing_enabled":true,"_links":{"self":[{"href":"https:\/\/vitablanca.ma\/en\/wp-json\/wp\/v2\/product\/7918","targetHints":{"allow":["GET"]}}],"collection":[{"href":"https:\/\/vitablanca.ma\/en\/wp-json\/wp\/v2\/product"}],"about":[{"href":"https:\/\/vitablanca.ma\/en\/wp-json\/wp\/v2\/types\/product"}],"wp:featuredmedia":[{"embeddable":true,"href":"https:\/\/vitablanca.ma\/en\/wp-json\/wp\/v2\/media\/7919"}],"wp:attachment":[{"href":"https:\/\/vitablanca.ma\/en\/wp-json\/wp\/v2\/media?parent=7918"}],"wp:term":[{"taxonomy":"product_brand","embeddable":true,"href":"https:\/\/vitablanca.ma\/en\/wp-json\/wp\/v2\/product_brand?post=7918"},{"taxonomy":"product_cat","embeddable":true,"href":"https:\/\/vitablanca.ma\/en\/wp-json\/wp\/v2\/product_cat?post=7918"},{"taxonomy":"product_tag","embeddable":true,"href":"https:\/\/vitablanca.ma\/en\/wp-json\/wp\/v2\/product_tag?post=7918"}],"curies":[{"name":"wp","href":"https:\/\/api.w.org\/{rel}","templated":true}]}}