{"id":7899,"date":"2025-05-22T02:13:12","date_gmt":"2025-05-22T02:13:12","guid":{"rendered":"https:\/\/vitablanca.ma\/?post_type=product&#038;p=7899"},"modified":"2025-08-30T21:22:19","modified_gmt":"2025-08-30T21:22:19","slug":"now-foods-b-2-100-mg-100-gelules-maroc","status":"publish","type":"product","link":"https:\/\/vitablanca.ma\/en\/product\/now-foods-b-2-100-mg-100-gelules-maroc\/","title":{"rendered":"Now Foods B-2, 100 mg, 100 Capsules"},"content":{"rendered":"<p>Vitamin B-2, also known as riboflavin, is a member of the B vitamin family. It is naturally found in green vegetables, liver, kidneys, wheat germ, milk, eggs, cheese, and fish. Riboflavin is an important enzyme cofactor needed for the production of energy from carbohydrates, fats, and proteins. It is also necessary for the regeneration of glutathione, which supports the body&#039;s natural defense mechanisms and detoxification systems.<br><br><a href=\"https:\/\/www.jumia.ma\/customer\/account\/login\/?tkWl=NO879DV02CVHVNAFAMZ-24383955&amp;return=%2Fnow-foods-b-2-100-mg-100-gelules-32995930.html\"><\/a><\/p>","protected":false},"excerpt":{"rendered":"<ul>\n<li>Energy production<\/li>\n<li>Riboflavin<\/li>\n<li>GMO-free<\/li>\n<li>Food supplement<\/li>\n<li>Vitamins<\/li>\n<li>Quality assured by compliance with GMP<\/li>\n<\/ul>","protected":false},"featured_media":7900,"template":"","meta":{"om_disable_all_campaigns":false},"product_brand":[83],"product_cat":[18,3366,131,130,19],"product_tag":[979,980,91,388,726,978,976,975,982,981,977],"class_list":{"0":"post-7899","1":"product","2":"type-product","3":"status-publish","4":"has-post-thumbnail","6":"product_brand-now-foods-maroc-prix","7":"product_cat-beaute-sante","8":"product_cat-complements-alimentaires-au-maroc-vitablanca","9":"product_cat-vitamine-b","10":"product_cat-vitamines","11":"product_cat-vitamines-supplements-dietetiques","12":"product_tag-complement-b2-energie","13":"product_tag-now-foods-b2","14":"product_tag-now-foods-maroc","15":"product_tag-now-foods-maroc-avis","16":"product_tag-now-foods-maroc-prix","17":"product_tag-riboflavine-100-mg","18":"product_tag-sante-des-yeux","19":"product_tag-vitamine-b2","20":"product_tag-vitamine-b2-maroc","21":"product_tag-vitamine-b2-peau-et-cheveux","22":"product_tag-vitamines-du-complexe-b","24":"first","25":"instock","26":"taxable","27":"shipping-taxable","28":"purchasable","29":"product-type-simple"},"yoast_head":"<!-- This site is optimized with the Yoast SEO plugin v27.4 - https:\/\/yoast.com\/product\/yoast-seo-wordpress\/ -->\n<title>Now Foods B-2, 100 mg, 100 G\u00e9lules - Maroc Prix<\/title>\n<meta name=\"description\" content=\"Achetez Now Foods B-2 (Riboflavine) 100 mg au Maroc. Soutient la production d&#039;\u00e9nergie, la vision et offre une protection cellulaire antioxydante.\" \/>\n<meta name=\"robots\" content=\"index, follow, max-snippet:-1, max-image-preview:large, max-video-preview:-1\" \/>\n<link rel=\"canonical\" href=\"https:\/\/vitablanca.ma\/en\/product\/now-foods-b-2-100-mg-100-gelules-maroc\/\" \/>\n<meta property=\"og:locale\" content=\"en_US\" \/>\n<meta property=\"og:type\" content=\"article\" \/>\n<meta property=\"og:title\" content=\"Now Foods B-2, 100 mg, 100 G\u00e9lules - Maroc Prix\" \/>\n<meta property=\"og:description\" content=\"Achetez Now Foods B-2 (Riboflavine) 100 mg au Maroc. Soutient la production d&#039;\u00e9nergie, la vision et offre une protection cellulaire antioxydante.\" \/>\n<meta property=\"og:url\" content=\"https:\/\/vitablanca.ma\/en\/product\/now-foods-b-2-100-mg-100-gelules-maroc\/\" \/>\n<meta property=\"og:site_name\" content=\"Vitablanca.ma &ndash; Sant&eacute;, vitalit&eacute; et bien-&ecirc;tre pour tous les Marocains\" \/>\n<meta property=\"article:publisher\" content=\"https:\/\/www.facebook.com\/profile.php?id=61576678196717\" \/>\n<meta property=\"article:modified_time\" content=\"2025-08-30T21:22:19+00:00\" \/>\n<meta property=\"og:image\" content=\"https:\/\/vitablanca.ma\/wp-content\/uploads\/2025\/05\/now-foods-b-2-100-mg-100-gelules-.jpg\" \/>\n\t<meta property=\"og:image:width\" content=\"680\" \/>\n\t<meta property=\"og:image:height\" content=\"680\" \/>\n\t<meta property=\"og:image:type\" content=\"image\/jpeg\" \/>\n<meta name=\"twitter:card\" content=\"summary_large_image\" \/>\n<meta name=\"twitter:label1\" content=\"Est. reading time\" \/>\n\t<meta name=\"twitter:data1\" content=\"1 minute\" \/>\n<script type=\"application\/ld+json\" class=\"yoast-schema-graph\">{\"@context\":\"https:\\\/\\\/schema.org\",\"@graph\":[{\"@type\":[\"WebPage\",\"ItemPage\"],\"@id\":\"https:\\\/\\\/vitablanca.ma\\\/produit\\\/now-foods-b-2-100-mg-100-gelules-maroc\\\/\",\"url\":\"https:\\\/\\\/vitablanca.ma\\\/produit\\\/now-foods-b-2-100-mg-100-gelules-maroc\\\/\",\"name\":\"Now Foods B-2, 100 mg, 100 G\u00e9lules - Maroc Prix\",\"isPartOf\":{\"@id\":\"https:\\\/\\\/vitablanca.ma\\\/#website\"},\"primaryImageOfPage\":{\"@id\":\"https:\\\/\\\/vitablanca.ma\\\/produit\\\/now-foods-b-2-100-mg-100-gelules-maroc\\\/#primaryimage\"},\"image\":{\"@id\":\"https:\\\/\\\/vitablanca.ma\\\/produit\\\/now-foods-b-2-100-mg-100-gelules-maroc\\\/#primaryimage\"},\"thumbnailUrl\":\"https:\\\/\\\/vitablanca.ma\\\/wp-content\\\/uploads\\\/2025\\\/05\\\/now-foods-b-2-100-mg-100-gelules-.jpg\",\"datePublished\":\"2025-05-22T02:13:12+00:00\",\"dateModified\":\"2025-08-30T21:22:19+00:00\",\"description\":\"Achetez Now Foods B-2 (Riboflavine) 100 mg au Maroc. Soutient la production d'\u00e9nergie, la vision et offre une protection cellulaire antioxydante.\",\"breadcrumb\":{\"@id\":\"https:\\\/\\\/vitablanca.ma\\\/produit\\\/now-foods-b-2-100-mg-100-gelules-maroc\\\/#breadcrumb\"},\"inLanguage\":\"en-US\",\"potentialAction\":[{\"@type\":\"ReadAction\",\"target\":[\"https:\\\/\\\/vitablanca.ma\\\/produit\\\/now-foods-b-2-100-mg-100-gelules-maroc\\\/\"]}]},{\"@type\":\"ImageObject\",\"inLanguage\":\"en-US\",\"@id\":\"https:\\\/\\\/vitablanca.ma\\\/produit\\\/now-foods-b-2-100-mg-100-gelules-maroc\\\/#primaryimage\",\"url\":\"https:\\\/\\\/vitablanca.ma\\\/wp-content\\\/uploads\\\/2025\\\/05\\\/now-foods-b-2-100-mg-100-gelules-.jpg\",\"contentUrl\":\"https:\\\/\\\/vitablanca.ma\\\/wp-content\\\/uploads\\\/2025\\\/05\\\/now-foods-b-2-100-mg-100-gelules-.jpg\",\"width\":680,\"height\":680},{\"@type\":\"BreadcrumbList\",\"@id\":\"https:\\\/\\\/vitablanca.ma\\\/produit\\\/now-foods-b-2-100-mg-100-gelules-maroc\\\/#breadcrumb\",\"itemListElement\":[{\"@type\":\"ListItem\",\"position\":1,\"name\":\"Home\",\"item\":\"https:\\\/\\\/vitablanca.ma\\\/\"},{\"@type\":\"ListItem\",\"position\":2,\"name\":\"Tous Les Produits\",\"item\":\"https:\\\/\\\/vitablanca.ma\\\/tous-les-produits\\\/\"},{\"@type\":\"ListItem\",\"position\":3,\"name\":\"Now Foods B-2, 100 mg, 100 G\u00e9lules\"}]},{\"@type\":\"WebSite\",\"@id\":\"https:\\\/\\\/vitablanca.ma\\\/#website\",\"url\":\"https:\\\/\\\/vitablanca.ma\\\/\",\"name\":\"VitaBlanca.ma | Compl\u00e9ments alimentaires, sant\u00e9 & beaut\u00e9 au Maroc\",\"description\":\"vendre vitamines et compl\u00e9ments premium des USA &amp; Canada, Nouvelle Z\u00e9lande,Maroc (NOW Foods, Solgar, Manuka). Livraison rapide partout au Maroc.\",\"publisher\":{\"@id\":\"https:\\\/\\\/vitablanca.ma\\\/#organization\"},\"alternateName\":\"VitaBlanca.ma\",\"potentialAction\":[{\"@type\":\"SearchAction\",\"target\":{\"@type\":\"EntryPoint\",\"urlTemplate\":\"https:\\\/\\\/vitablanca.ma\\\/?s={search_term_string}\"},\"query-input\":{\"@type\":\"PropertyValueSpecification\",\"valueRequired\":true,\"valueName\":\"search_term_string\"}}],\"inLanguage\":\"en-US\"},{\"@type\":\"Organization\",\"@id\":\"https:\\\/\\\/vitablanca.ma\\\/#organization\",\"name\":\"VitaBlanca\",\"url\":\"https:\\\/\\\/vitablanca.ma\\\/\",\"logo\":{\"@type\":\"ImageObject\",\"inLanguage\":\"en-US\",\"@id\":\"https:\\\/\\\/vitablanca.ma\\\/#\\\/schema\\\/logo\\\/image\\\/\",\"url\":\"https:\\\/\\\/vitablanca.ma\\\/wp-content\\\/uploads\\\/2025\\\/05\\\/cropped-vitablanca.png\",\"contentUrl\":\"https:\\\/\\\/vitablanca.ma\\\/wp-content\\\/uploads\\\/2025\\\/05\\\/cropped-vitablanca.png\",\"width\":360,\"height\":67,\"caption\":\"VitaBlanca\"},\"image\":{\"@id\":\"https:\\\/\\\/vitablanca.ma\\\/#\\\/schema\\\/logo\\\/image\\\/\"},\"sameAs\":[\"https:\\\/\\\/www.facebook.com\\\/profile.php?id=61576678196717\",\"https:\\\/\\\/www.tiktok.com\\\/@vitablanca.ma\",\"https:\\\/\\\/www.instagram.com\\\/vitablanca.ma\\\/\"]}]}<\/script>\n<!-- \/ Yoast SEO plugin. -->","yoast_head_json":{"title":"Now Foods B-2, 100 mg, 100 Capsules - Morocco Price","description":"Buy Now Foods B-2 (Riboflavin) 100 mg in Morocco. Supports energy production, vision, and provides antioxidant cellular protection.","robots":{"index":"index","follow":"follow","max-snippet":"max-snippet:-1","max-image-preview":"max-image-preview:large","max-video-preview":"max-video-preview:-1"},"canonical":"https:\/\/vitablanca.ma\/en\/product\/now-foods-b-2-100-mg-100-gelules-maroc\/","og_locale":"en_US","og_type":"article","og_title":"Now Foods B-2, 100 mg, 100 G\u00e9lules - Maroc Prix","og_description":"Achetez Now Foods B-2 (Riboflavine) 100 mg au Maroc. Soutient la production d'\u00e9nergie, la vision et offre une protection cellulaire antioxydante.","og_url":"https:\/\/vitablanca.ma\/en\/product\/now-foods-b-2-100-mg-100-gelules-maroc\/","og_site_name":"Vitablanca.ma &ndash; Sant&eacute;, vitalit&eacute; et bien-&ecirc;tre pour tous les Marocains","article_publisher":"https:\/\/www.facebook.com\/profile.php?id=61576678196717","article_modified_time":"2025-08-30T21:22:19+00:00","og_image":[{"width":680,"height":680,"url":"https:\/\/vitablanca.ma\/wp-content\/uploads\/2025\/05\/now-foods-b-2-100-mg-100-gelules-.jpg","type":"image\/jpeg"}],"twitter_card":"summary_large_image","twitter_misc":{"Est. reading time":"1 minute"},"schema":{"@context":"https:\/\/schema.org","@graph":[{"@type":["WebPage","ItemPage"],"@id":"https:\/\/vitablanca.ma\/produit\/now-foods-b-2-100-mg-100-gelules-maroc\/","url":"https:\/\/vitablanca.ma\/produit\/now-foods-b-2-100-mg-100-gelules-maroc\/","name":"Now Foods B-2, 100 mg, 100 Capsules - Morocco Price","isPartOf":{"@id":"https:\/\/vitablanca.ma\/#website"},"primaryImageOfPage":{"@id":"https:\/\/vitablanca.ma\/produit\/now-foods-b-2-100-mg-100-gelules-maroc\/#primaryimage"},"image":{"@id":"https:\/\/vitablanca.ma\/produit\/now-foods-b-2-100-mg-100-gelules-maroc\/#primaryimage"},"thumbnailUrl":"https:\/\/vitablanca.ma\/wp-content\/uploads\/2025\/05\/now-foods-b-2-100-mg-100-gelules-.jpg","datePublished":"2025-05-22T02:13:12+00:00","dateModified":"2025-08-30T21:22:19+00:00","description":"Buy Now Foods B-2 (Riboflavin) 100 mg in Morocco. Supports energy production, vision, and provides antioxidant cellular protection.","breadcrumb":{"@id":"https:\/\/vitablanca.ma\/produit\/now-foods-b-2-100-mg-100-gelules-maroc\/#breadcrumb"},"inLanguage":"en-US","potentialAction":[{"@type":"ReadAction","target":["https:\/\/vitablanca.ma\/produit\/now-foods-b-2-100-mg-100-gelules-maroc\/"]}]},{"@type":"ImageObject","inLanguage":"en-US","@id":"https:\/\/vitablanca.ma\/produit\/now-foods-b-2-100-mg-100-gelules-maroc\/#primaryimage","url":"https:\/\/vitablanca.ma\/wp-content\/uploads\/2025\/05\/now-foods-b-2-100-mg-100-gelules-.jpg","contentUrl":"https:\/\/vitablanca.ma\/wp-content\/uploads\/2025\/05\/now-foods-b-2-100-mg-100-gelules-.jpg","width":680,"height":680},{"@type":"BreadcrumbList","@id":"https:\/\/vitablanca.ma\/produit\/now-foods-b-2-100-mg-100-gelules-maroc\/#breadcrumb","itemListElement":[{"@type":"ListItem","position":1,"name":"Home","item":"https:\/\/vitablanca.ma\/"},{"@type":"ListItem","position":2,"name":"Tous Les Produits","item":"https:\/\/vitablanca.ma\/tous-les-produits\/"},{"@type":"ListItem","position":3,"name":"Now Foods B-2, 100 mg, 100 G\u00e9lules"}]},{"@type":"WebSite","@id":"https:\/\/vitablanca.ma\/#website","url":"https:\/\/vitablanca.ma\/","name":"VitaBlanca.ma | Food supplements, health &amp; beauty in Morocco","description":"sell premium vitamins and supplements from USA &amp; Canada, New Zealand, Morocco (NOW Foods, Solgar, Manuka). Fast delivery anywhere in Morocco.","publisher":{"@id":"https:\/\/vitablanca.ma\/#organization"},"alternateName":"VitaBlanca.ma","potentialAction":[{"@type":"SearchAction","target":{"@type":"EntryPoint","urlTemplate":"https:\/\/vitablanca.ma\/?s={search_term_string}"},"query-input":{"@type":"PropertyValueSpecification","valueRequired":true,"valueName":"search_term_string"}}],"inLanguage":"en-US"},{"@type":"Organization","@id":"https:\/\/vitablanca.ma\/#organization","name":"VitaBlanca","url":"https:\/\/vitablanca.ma\/","logo":{"@type":"ImageObject","inLanguage":"en-US","@id":"https:\/\/vitablanca.ma\/#\/schema\/logo\/image\/","url":"https:\/\/vitablanca.ma\/wp-content\/uploads\/2025\/05\/cropped-vitablanca.png","contentUrl":"https:\/\/vitablanca.ma\/wp-content\/uploads\/2025\/05\/cropped-vitablanca.png","width":360,"height":67,"caption":"VitaBlanca"},"image":{"@id":"https:\/\/vitablanca.ma\/#\/schema\/logo\/image\/"},"sameAs":["https:\/\/www.facebook.com\/profile.php?id=61576678196717","https:\/\/www.tiktok.com\/@vitablanca.ma","https:\/\/www.instagram.com\/vitablanca.ma\/"]}]}},"jetpack_sharing_enabled":true,"_links":{"self":[{"href":"https:\/\/vitablanca.ma\/en\/wp-json\/wp\/v2\/product\/7899","targetHints":{"allow":["GET"]}}],"collection":[{"href":"https:\/\/vitablanca.ma\/en\/wp-json\/wp\/v2\/product"}],"about":[{"href":"https:\/\/vitablanca.ma\/en\/wp-json\/wp\/v2\/types\/product"}],"wp:featuredmedia":[{"embeddable":true,"href":"https:\/\/vitablanca.ma\/en\/wp-json\/wp\/v2\/media\/7900"}],"wp:attachment":[{"href":"https:\/\/vitablanca.ma\/en\/wp-json\/wp\/v2\/media?parent=7899"}],"wp:term":[{"taxonomy":"product_brand","embeddable":true,"href":"https:\/\/vitablanca.ma\/en\/wp-json\/wp\/v2\/product_brand?post=7899"},{"taxonomy":"product_cat","embeddable":true,"href":"https:\/\/vitablanca.ma\/en\/wp-json\/wp\/v2\/product_cat?post=7899"},{"taxonomy":"product_tag","embeddable":true,"href":"https:\/\/vitablanca.ma\/en\/wp-json\/wp\/v2\/product_tag?post=7899"}],"curies":[{"name":"wp","href":"https:\/\/api.w.org\/{rel}","templated":true}]}}