{"id":7867,"date":"2025-05-22T00:49:29","date_gmt":"2025-05-22T00:49:29","guid":{"rendered":"https:\/\/vitablanca.ma\/?post_type=product&#038;p=7867"},"modified":"2025-07-23T12:40:31","modified_gmt":"2025-07-23T12:40:31","slug":"now-foods-testojack-100-60-gelules-vegetales","status":"publish","type":"product","link":"https:\/\/vitablanca.ma\/en\/product\/now-foods-testojack-100-60-gelules-vegetales\/","title":{"rendered":"Now Foods TestoJack 100, 60 vegetarian capsules."},"content":{"rendered":"<p>Male Performance FormulaSupports Healthy Sexual ActivityIncreases VirilityNon-GMOJ100 Tongkate AliDietary SupplementVegetarian\/VeganKosherPlant\/Herbal ExtractsQuality Assured by Compliance with GMPsNOW&#039;s TestoJack 100 contains LJ100, a potent standardized extract of Tongkate Ali (Eurycoma longifolia), which has been concentrated to achieve an optimal ratio of bioactive compounds. Studies indicate that LJ100 may help support male reproductive and glandular functions. This product contains Tribulus to promote male vitality, along with the unique ZMA formula of zinc and magnesium to support healthy immune, reproductive, and neuromuscular function. This combination of ingredients makes TestoJack 100 the optimal formula for the overall support of male glandular health and reproductive function.<a href=\"https:\/\/www.jumia.ma\/customer\/account\/login\/?tkWl=NO879DV1FPQSDNAFAMZ-25235413&amp;return=%2Fnow-foods-testojack-100-60-gelules-vegetales.-33516868.html\"><\/a><\/p>","protected":false},"excerpt":{"rendered":"<ul>\n<li>Formula for male performance<\/li>\n<li>Supports healthy sexual activity<\/li>\n<li>Increases virility<\/li>\n<li>GMO-free<\/li>\n<li>LJ100 Tongkate Ali<\/li>\n<li>Food supplement<\/li>\n<li>Vegetarian \/ Vegan<\/li>\n<li>Kosher<\/li>\n<li>Plant\/Herbal Extracts<\/li>\n<li>Quality assured by compliance with GMP<\/li>\n<\/ul>","protected":false},"featured_media":7868,"template":"","meta":{"om_disable_all_campaigns":false},"product_brand":[83],"product_cat":[18],"product_tag":[916,915,911,918,912,91,388,726,917,913,914],"class_list":{"0":"post-7867","1":"product","2":"type-product","3":"status-publish","4":"has-post-thumbnail","6":"product_brand-now-foods-maroc-prix","7":"product_cat-beaute-sante","8":"product_tag-booster-testosterone-naturel","9":"product_tag-complement-sportif-maroc","10":"product_tag-energie-masculine","11":"product_tag-ginseng-et-tongkat-ali","12":"product_tag-libido-complement","13":"product_tag-now-foods-maroc","14":"product_tag-now-foods-maroc-avis","15":"product_tag-now-foods-maroc-prix","16":"product_tag-now-foods-testosterone","17":"product_tag-testojack-100-maroc","18":"product_tag-vitalite-homme","20":"first","21":"instock","22":"taxable","23":"shipping-taxable","24":"purchasable","25":"product-type-simple"},"yoast_head":"<!-- This site is optimized with the Yoast SEO plugin v27.4 - https:\/\/yoast.com\/product\/yoast-seo-wordpress\/ -->\n<title>Now Foods TestoJack 100, 60 g\u00e9lules v\u00e9g\u00e9tales. - Maroc Prix<\/title>\n<meta name=\"description\" content=\"Achetez Now Foods TestoJack 100 -60 g\u00e9lules au Maroc. Ce suppl\u00e9ment soutient la production saine de testost\u00e9rone, am\u00e9liore la vitalit\u00e9 masculine, l&#039;\u00e9nergie,\" \/>\n<meta name=\"robots\" content=\"index, follow, max-snippet:-1, max-image-preview:large, max-video-preview:-1\" \/>\n<link rel=\"canonical\" href=\"https:\/\/vitablanca.ma\/en\/product\/now-foods-testojack-100-60-gelules-vegetales\/\" \/>\n<meta property=\"og:locale\" content=\"en_US\" \/>\n<meta property=\"og:type\" content=\"article\" \/>\n<meta property=\"og:title\" content=\"Now Foods TestoJack 100, 60 g\u00e9lules v\u00e9g\u00e9tales. - Maroc Prix\" \/>\n<meta property=\"og:description\" content=\"Achetez Now Foods TestoJack 100 -60 g\u00e9lules au Maroc. Ce suppl\u00e9ment soutient la production saine de testost\u00e9rone, am\u00e9liore la vitalit\u00e9 masculine, l&#039;\u00e9nergie,\" \/>\n<meta property=\"og:url\" content=\"https:\/\/vitablanca.ma\/en\/product\/now-foods-testojack-100-60-gelules-vegetales\/\" \/>\n<meta property=\"og:site_name\" content=\"Vitablanca.ma &ndash; Sant&eacute;, vitalit&eacute; et bien-&ecirc;tre pour tous les Marocains\" \/>\n<meta property=\"article:publisher\" content=\"https:\/\/www.facebook.com\/profile.php?id=61576678196717\" \/>\n<meta property=\"article:modified_time\" content=\"2025-07-23T12:40:31+00:00\" \/>\n<meta property=\"og:image\" content=\"https:\/\/vitablanca.ma\/wp-content\/uploads\/2025\/05\/now-foods-testojack-100-60-gelules-vegetales.-.jpg\" \/>\n\t<meta property=\"og:image:width\" content=\"680\" \/>\n\t<meta property=\"og:image:height\" content=\"680\" \/>\n\t<meta property=\"og:image:type\" content=\"image\/jpeg\" \/>\n<meta name=\"twitter:card\" content=\"summary_large_image\" \/>\n<meta name=\"twitter:label1\" content=\"Est. reading time\" \/>\n\t<meta name=\"twitter:data1\" content=\"1 minute\" \/>\n<script type=\"application\/ld+json\" class=\"yoast-schema-graph\">{\"@context\":\"https:\\\/\\\/schema.org\",\"@graph\":[{\"@type\":[\"WebPage\",\"ItemPage\"],\"@id\":\"https:\\\/\\\/vitablanca.ma\\\/produit\\\/now-foods-testojack-100-60-gelules-vegetales\\\/\",\"url\":\"https:\\\/\\\/vitablanca.ma\\\/produit\\\/now-foods-testojack-100-60-gelules-vegetales\\\/\",\"name\":\"Now Foods TestoJack 100, 60 g\u00e9lules v\u00e9g\u00e9tales. - Maroc Prix\",\"isPartOf\":{\"@id\":\"https:\\\/\\\/vitablanca.ma\\\/#website\"},\"primaryImageOfPage\":{\"@id\":\"https:\\\/\\\/vitablanca.ma\\\/produit\\\/now-foods-testojack-100-60-gelules-vegetales\\\/#primaryimage\"},\"image\":{\"@id\":\"https:\\\/\\\/vitablanca.ma\\\/produit\\\/now-foods-testojack-100-60-gelules-vegetales\\\/#primaryimage\"},\"thumbnailUrl\":\"https:\\\/\\\/vitablanca.ma\\\/wp-content\\\/uploads\\\/2025\\\/05\\\/now-foods-testojack-100-60-gelules-vegetales.-.jpg\",\"datePublished\":\"2025-05-22T00:49:29+00:00\",\"dateModified\":\"2025-07-23T12:40:31+00:00\",\"description\":\"Achetez Now Foods TestoJack 100 -60 g\u00e9lules au Maroc. Ce suppl\u00e9ment soutient la production saine de testost\u00e9rone, am\u00e9liore la vitalit\u00e9 masculine, l'\u00e9nergie,\",\"breadcrumb\":{\"@id\":\"https:\\\/\\\/vitablanca.ma\\\/produit\\\/now-foods-testojack-100-60-gelules-vegetales\\\/#breadcrumb\"},\"inLanguage\":\"en-US\",\"potentialAction\":[{\"@type\":\"ReadAction\",\"target\":[\"https:\\\/\\\/vitablanca.ma\\\/produit\\\/now-foods-testojack-100-60-gelules-vegetales\\\/\"]}]},{\"@type\":\"ImageObject\",\"inLanguage\":\"en-US\",\"@id\":\"https:\\\/\\\/vitablanca.ma\\\/produit\\\/now-foods-testojack-100-60-gelules-vegetales\\\/#primaryimage\",\"url\":\"https:\\\/\\\/vitablanca.ma\\\/wp-content\\\/uploads\\\/2025\\\/05\\\/now-foods-testojack-100-60-gelules-vegetales.-.jpg\",\"contentUrl\":\"https:\\\/\\\/vitablanca.ma\\\/wp-content\\\/uploads\\\/2025\\\/05\\\/now-foods-testojack-100-60-gelules-vegetales.-.jpg\",\"width\":680,\"height\":680},{\"@type\":\"BreadcrumbList\",\"@id\":\"https:\\\/\\\/vitablanca.ma\\\/produit\\\/now-foods-testojack-100-60-gelules-vegetales\\\/#breadcrumb\",\"itemListElement\":[{\"@type\":\"ListItem\",\"position\":1,\"name\":\"Home\",\"item\":\"https:\\\/\\\/vitablanca.ma\\\/\"},{\"@type\":\"ListItem\",\"position\":2,\"name\":\"Tous Les Produits\",\"item\":\"https:\\\/\\\/vitablanca.ma\\\/tous-les-produits\\\/\"},{\"@type\":\"ListItem\",\"position\":3,\"name\":\"Now Foods TestoJack 100, 60 g\u00e9lules v\u00e9g\u00e9tales.\"}]},{\"@type\":\"WebSite\",\"@id\":\"https:\\\/\\\/vitablanca.ma\\\/#website\",\"url\":\"https:\\\/\\\/vitablanca.ma\\\/\",\"name\":\"VitaBlanca.ma | Compl\u00e9ments alimentaires, sant\u00e9 & beaut\u00e9 au Maroc\",\"description\":\"vendre vitamines et compl\u00e9ments premium des USA &amp; Canada, Nouvelle Z\u00e9lande,Maroc (NOW Foods, Solgar, Manuka). Livraison rapide partout au Maroc.\",\"publisher\":{\"@id\":\"https:\\\/\\\/vitablanca.ma\\\/#organization\"},\"alternateName\":\"VitaBlanca.ma\",\"potentialAction\":[{\"@type\":\"SearchAction\",\"target\":{\"@type\":\"EntryPoint\",\"urlTemplate\":\"https:\\\/\\\/vitablanca.ma\\\/?s={search_term_string}\"},\"query-input\":{\"@type\":\"PropertyValueSpecification\",\"valueRequired\":true,\"valueName\":\"search_term_string\"}}],\"inLanguage\":\"en-US\"},{\"@type\":\"Organization\",\"@id\":\"https:\\\/\\\/vitablanca.ma\\\/#organization\",\"name\":\"VitaBlanca\",\"url\":\"https:\\\/\\\/vitablanca.ma\\\/\",\"logo\":{\"@type\":\"ImageObject\",\"inLanguage\":\"en-US\",\"@id\":\"https:\\\/\\\/vitablanca.ma\\\/#\\\/schema\\\/logo\\\/image\\\/\",\"url\":\"https:\\\/\\\/vitablanca.ma\\\/wp-content\\\/uploads\\\/2025\\\/05\\\/cropped-vitablanca.png\",\"contentUrl\":\"https:\\\/\\\/vitablanca.ma\\\/wp-content\\\/uploads\\\/2025\\\/05\\\/cropped-vitablanca.png\",\"width\":360,\"height\":67,\"caption\":\"VitaBlanca\"},\"image\":{\"@id\":\"https:\\\/\\\/vitablanca.ma\\\/#\\\/schema\\\/logo\\\/image\\\/\"},\"sameAs\":[\"https:\\\/\\\/www.facebook.com\\\/profile.php?id=61576678196717\",\"https:\\\/\\\/www.tiktok.com\\\/@vitablanca.ma\",\"https:\\\/\\\/www.instagram.com\\\/vitablanca.ma\\\/\"]}]}<\/script>\n<!-- \/ Yoast SEO plugin. -->","yoast_head_json":{"title":"Now Foods TestoJack 100, 60 vegetarian capsules. - Morocco Price","description":"Buy Now Foods TestoJack 100 - 60 capsules in Morocco. This supplement supports healthy testosterone production, improves male vitality, energy,","robots":{"index":"index","follow":"follow","max-snippet":"max-snippet:-1","max-image-preview":"max-image-preview:large","max-video-preview":"max-video-preview:-1"},"canonical":"https:\/\/vitablanca.ma\/en\/product\/now-foods-testojack-100-60-gelules-vegetales\/","og_locale":"en_US","og_type":"article","og_title":"Now Foods TestoJack 100, 60 g\u00e9lules v\u00e9g\u00e9tales. - Maroc Prix","og_description":"Achetez Now Foods TestoJack 100 -60 g\u00e9lules au Maroc. Ce suppl\u00e9ment soutient la production saine de testost\u00e9rone, am\u00e9liore la vitalit\u00e9 masculine, l'\u00e9nergie,","og_url":"https:\/\/vitablanca.ma\/en\/product\/now-foods-testojack-100-60-gelules-vegetales\/","og_site_name":"Vitablanca.ma &ndash; Sant&eacute;, vitalit&eacute; et bien-&ecirc;tre pour tous les Marocains","article_publisher":"https:\/\/www.facebook.com\/profile.php?id=61576678196717","article_modified_time":"2025-07-23T12:40:31+00:00","og_image":[{"width":680,"height":680,"url":"https:\/\/vitablanca.ma\/wp-content\/uploads\/2025\/05\/now-foods-testojack-100-60-gelules-vegetales.-.jpg","type":"image\/jpeg"}],"twitter_card":"summary_large_image","twitter_misc":{"Est. reading time":"1 minute"},"schema":{"@context":"https:\/\/schema.org","@graph":[{"@type":["WebPage","ItemPage"],"@id":"https:\/\/vitablanca.ma\/produit\/now-foods-testojack-100-60-gelules-vegetales\/","url":"https:\/\/vitablanca.ma\/produit\/now-foods-testojack-100-60-gelules-vegetales\/","name":"Now Foods TestoJack 100, 60 vegetarian capsules. - Morocco Price","isPartOf":{"@id":"https:\/\/vitablanca.ma\/#website"},"primaryImageOfPage":{"@id":"https:\/\/vitablanca.ma\/produit\/now-foods-testojack-100-60-gelules-vegetales\/#primaryimage"},"image":{"@id":"https:\/\/vitablanca.ma\/produit\/now-foods-testojack-100-60-gelules-vegetales\/#primaryimage"},"thumbnailUrl":"https:\/\/vitablanca.ma\/wp-content\/uploads\/2025\/05\/now-foods-testojack-100-60-gelules-vegetales.-.jpg","datePublished":"2025-05-22T00:49:29+00:00","dateModified":"2025-07-23T12:40:31+00:00","description":"Buy Now Foods TestoJack 100 - 60 capsules in Morocco. This supplement supports healthy testosterone production, improves male vitality, energy,","breadcrumb":{"@id":"https:\/\/vitablanca.ma\/produit\/now-foods-testojack-100-60-gelules-vegetales\/#breadcrumb"},"inLanguage":"en-US","potentialAction":[{"@type":"ReadAction","target":["https:\/\/vitablanca.ma\/produit\/now-foods-testojack-100-60-gelules-vegetales\/"]}]},{"@type":"ImageObject","inLanguage":"en-US","@id":"https:\/\/vitablanca.ma\/produit\/now-foods-testojack-100-60-gelules-vegetales\/#primaryimage","url":"https:\/\/vitablanca.ma\/wp-content\/uploads\/2025\/05\/now-foods-testojack-100-60-gelules-vegetales.-.jpg","contentUrl":"https:\/\/vitablanca.ma\/wp-content\/uploads\/2025\/05\/now-foods-testojack-100-60-gelules-vegetales.-.jpg","width":680,"height":680},{"@type":"BreadcrumbList","@id":"https:\/\/vitablanca.ma\/produit\/now-foods-testojack-100-60-gelules-vegetales\/#breadcrumb","itemListElement":[{"@type":"ListItem","position":1,"name":"Home","item":"https:\/\/vitablanca.ma\/"},{"@type":"ListItem","position":2,"name":"Tous Les Produits","item":"https:\/\/vitablanca.ma\/tous-les-produits\/"},{"@type":"ListItem","position":3,"name":"Now Foods TestoJack 100, 60 g\u00e9lules v\u00e9g\u00e9tales."}]},{"@type":"WebSite","@id":"https:\/\/vitablanca.ma\/#website","url":"https:\/\/vitablanca.ma\/","name":"VitaBlanca.ma | Food supplements, health &amp; beauty in Morocco","description":"sell premium vitamins and supplements from USA &amp; Canada, New Zealand, Morocco (NOW Foods, Solgar, Manuka). Fast delivery anywhere in Morocco.","publisher":{"@id":"https:\/\/vitablanca.ma\/#organization"},"alternateName":"VitaBlanca.ma","potentialAction":[{"@type":"SearchAction","target":{"@type":"EntryPoint","urlTemplate":"https:\/\/vitablanca.ma\/?s={search_term_string}"},"query-input":{"@type":"PropertyValueSpecification","valueRequired":true,"valueName":"search_term_string"}}],"inLanguage":"en-US"},{"@type":"Organization","@id":"https:\/\/vitablanca.ma\/#organization","name":"VitaBlanca","url":"https:\/\/vitablanca.ma\/","logo":{"@type":"ImageObject","inLanguage":"en-US","@id":"https:\/\/vitablanca.ma\/#\/schema\/logo\/image\/","url":"https:\/\/vitablanca.ma\/wp-content\/uploads\/2025\/05\/cropped-vitablanca.png","contentUrl":"https:\/\/vitablanca.ma\/wp-content\/uploads\/2025\/05\/cropped-vitablanca.png","width":360,"height":67,"caption":"VitaBlanca"},"image":{"@id":"https:\/\/vitablanca.ma\/#\/schema\/logo\/image\/"},"sameAs":["https:\/\/www.facebook.com\/profile.php?id=61576678196717","https:\/\/www.tiktok.com\/@vitablanca.ma","https:\/\/www.instagram.com\/vitablanca.ma\/"]}]}},"jetpack_sharing_enabled":true,"_links":{"self":[{"href":"https:\/\/vitablanca.ma\/en\/wp-json\/wp\/v2\/product\/7867","targetHints":{"allow":["GET"]}}],"collection":[{"href":"https:\/\/vitablanca.ma\/en\/wp-json\/wp\/v2\/product"}],"about":[{"href":"https:\/\/vitablanca.ma\/en\/wp-json\/wp\/v2\/types\/product"}],"wp:featuredmedia":[{"embeddable":true,"href":"https:\/\/vitablanca.ma\/en\/wp-json\/wp\/v2\/media\/7868"}],"wp:attachment":[{"href":"https:\/\/vitablanca.ma\/en\/wp-json\/wp\/v2\/media?parent=7867"}],"wp:term":[{"taxonomy":"product_brand","embeddable":true,"href":"https:\/\/vitablanca.ma\/en\/wp-json\/wp\/v2\/product_brand?post=7867"},{"taxonomy":"product_cat","embeddable":true,"href":"https:\/\/vitablanca.ma\/en\/wp-json\/wp\/v2\/product_cat?post=7867"},{"taxonomy":"product_tag","embeddable":true,"href":"https:\/\/vitablanca.ma\/en\/wp-json\/wp\/v2\/product_tag?post=7867"}],"curies":[{"name":"wp","href":"https:\/\/api.w.org\/{rel}","templated":true}]}}