{"id":7852,"date":"2025-05-20T00:15:12","date_gmt":"2025-05-20T00:15:12","guid":{"rendered":"https:\/\/vitablanca.ma\/?post_type=product&#038;p=7852"},"modified":"2026-02-21T01:43:58","modified_gmt":"2026-02-21T01:43:58","slug":"solgar-manganese-chelate-100-tablets-maroc","status":"publish","type":"product","link":"https:\/\/vitablanca.ma\/en\/product\/solgar-manganese-chelate-100-tablets-maroc\/","title":{"rendered":"Solgar Chelated Manganese, 100 Tablets"},"content":{"rendered":"<p>Solgar chelated manganese tablets contain manganese in the form of bisglycinate, an easily absorbed chelated form. Manganese is an essential nutrient that plays a role in several chemical processes in the human body, including deriving energy from food for optimal metabolism, protecting cells from oxidative stress caused by free radical damage, and supporting healthy bones. Manganese occurs naturally in certain foods, such as sprouted grains, legumes or beans, nuts, and seeds.<br \/>Due to its importance in many vital functions and being a cofactor in many enzyme systems, it is advisable to feed your body plenty of this mineral. If your diet does not contain (many) manganese-rich foods, using a supplement is a good idea to supplement. Solgar Chelated Manganese Tablets are created in chelated form, a form that provides minerals with the highest absorption and utilization rates because the chelate carries the minerals directly into the cells. By taking 1 tablet per day, the absorbed manganese levels will contribute to: Normal energy-yielding metabolism Maintenance of normal bones Normal connective tissue formation Protection of cells from oxidative stress.<\/p>","protected":false},"excerpt":{"rendered":"<ul>\n<li>Since 1947<\/li>\n<li>Supports bone, joint and nerve health.<\/li>\n<li>GMO-free<\/li>\n<li>Certified gluten-free<\/li>\n<li>Wheat and dairy free<\/li>\n<li>Suitable for a vegan diet<\/li>\n<li>Kosher parve<\/li>\n<li>Dietary supplement<\/li>\n<\/ul>","protected":false},"featured_media":7853,"template":"","meta":{"om_disable_all_campaigns":false},"product_brand":[42],"product_cat":[18],"product_tag":[895,897,898,894,899,896,901,900,49],"class_list":{"0":"post-7852","1":"product","2":"type-product","3":"status-publish","4":"has-post-thumbnail","6":"product_brand-solgar-prix-maroc","7":"product_cat-beaute-sante","8":"product_tag-complement-articulations","9":"product_tag-manganese-chelate","10":"product_tag-manganese-comprimes","11":"product_tag-manganese-solgar-maroc","12":"product_tag-metabolisme-des-nutriments","13":"product_tag-oligo-elements-essentiels","14":"product_tag-sante-osseuse-maroc","15":"product_tag-solgar-manganese","16":"product_tag-solgar-maroc","18":"first","19":"instock","20":"sale","21":"taxable","22":"shipping-taxable","23":"purchasable","24":"product-type-simple"},"yoast_head":"<!-- This site is optimized with the Yoast SEO plugin v27.4 - https:\/\/yoast.com\/product\/yoast-seo-wordpress\/ -->\n<title>Solgar Mangan\u00e8se ch\u00e9lat\u00e9, 100 Tablets - Maroc Prix<\/title>\n<meta name=\"description\" content=\"Achetez Solgar Mangan\u00e8se Ch\u00e9lat\u00e9 au Maroc Oligo-\u00e9l\u00e9ment essentiel pour les os, les articulations et le m\u00e9tabolisme Livraison rapide\" \/>\n<meta name=\"robots\" content=\"index, follow, max-snippet:-1, max-image-preview:large, max-video-preview:-1\" \/>\n<link rel=\"canonical\" href=\"https:\/\/vitablanca.ma\/en\/product\/solgar-manganese-chelate-100-tablets-maroc\/\" \/>\n<meta property=\"og:locale\" content=\"en_US\" \/>\n<meta property=\"og:type\" content=\"article\" \/>\n<meta property=\"og:title\" content=\"Solgar Mangan\u00e8se ch\u00e9lat\u00e9, 100 Tablets - Maroc Prix\" \/>\n<meta property=\"og:description\" content=\"Achetez Solgar Mangan\u00e8se Ch\u00e9lat\u00e9 au Maroc Oligo-\u00e9l\u00e9ment essentiel pour les os, les articulations et le m\u00e9tabolisme Livraison rapide\" \/>\n<meta property=\"og:url\" content=\"https:\/\/vitablanca.ma\/en\/product\/solgar-manganese-chelate-100-tablets-maroc\/\" \/>\n<meta property=\"og:site_name\" content=\"Vitablanca.ma &ndash; Sant&eacute;, vitalit&eacute; et bien-&ecirc;tre pour tous les Marocains\" \/>\n<meta property=\"article:publisher\" content=\"https:\/\/www.facebook.com\/profile.php?id=61576678196717\" \/>\n<meta property=\"article:modified_time\" content=\"2026-02-21T01:43:58+00:00\" \/>\n<meta property=\"og:image\" content=\"https:\/\/vitablanca.ma\/wp-content\/uploads\/2025\/05\/solgar-manganese-chelate-100-tablets-.jpg\" \/>\n\t<meta property=\"og:image:width\" content=\"680\" \/>\n\t<meta property=\"og:image:height\" content=\"680\" \/>\n\t<meta property=\"og:image:type\" content=\"image\/jpeg\" \/>\n<meta name=\"twitter:card\" content=\"summary_large_image\" \/>\n<meta name=\"twitter:label1\" content=\"Est. reading time\" \/>\n\t<meta name=\"twitter:data1\" content=\"2 minutes\" \/>\n<script type=\"application\/ld+json\" class=\"yoast-schema-graph\">{\"@context\":\"https:\\\/\\\/schema.org\",\"@graph\":[{\"@type\":[\"WebPage\",\"ItemPage\"],\"@id\":\"https:\\\/\\\/vitablanca.ma\\\/produit\\\/solgar-manganese-chelate-100-tablets-maroc\\\/\",\"url\":\"https:\\\/\\\/vitablanca.ma\\\/produit\\\/solgar-manganese-chelate-100-tablets-maroc\\\/\",\"name\":\"Solgar Mangan\u00e8se ch\u00e9lat\u00e9, 100 Tablets - Maroc Prix\",\"isPartOf\":{\"@id\":\"https:\\\/\\\/vitablanca.ma\\\/#website\"},\"primaryImageOfPage\":{\"@id\":\"https:\\\/\\\/vitablanca.ma\\\/produit\\\/solgar-manganese-chelate-100-tablets-maroc\\\/#primaryimage\"},\"image\":{\"@id\":\"https:\\\/\\\/vitablanca.ma\\\/produit\\\/solgar-manganese-chelate-100-tablets-maroc\\\/#primaryimage\"},\"thumbnailUrl\":\"https:\\\/\\\/vitablanca.ma\\\/wp-content\\\/uploads\\\/2025\\\/05\\\/solgar-manganese-chelate-100-tablets-.jpg\",\"datePublished\":\"2025-05-20T00:15:12+00:00\",\"dateModified\":\"2026-02-21T01:43:58+00:00\",\"description\":\"Achetez Solgar Mangan\u00e8se Ch\u00e9lat\u00e9 au Maroc Oligo-\u00e9l\u00e9ment essentiel pour les os, les articulations et le m\u00e9tabolisme Livraison rapide\",\"breadcrumb\":{\"@id\":\"https:\\\/\\\/vitablanca.ma\\\/produit\\\/solgar-manganese-chelate-100-tablets-maroc\\\/#breadcrumb\"},\"inLanguage\":\"en-US\",\"potentialAction\":[{\"@type\":\"ReadAction\",\"target\":[\"https:\\\/\\\/vitablanca.ma\\\/produit\\\/solgar-manganese-chelate-100-tablets-maroc\\\/\"]}]},{\"@type\":\"ImageObject\",\"inLanguage\":\"en-US\",\"@id\":\"https:\\\/\\\/vitablanca.ma\\\/produit\\\/solgar-manganese-chelate-100-tablets-maroc\\\/#primaryimage\",\"url\":\"https:\\\/\\\/vitablanca.ma\\\/wp-content\\\/uploads\\\/2025\\\/05\\\/solgar-manganese-chelate-100-tablets-.jpg\",\"contentUrl\":\"https:\\\/\\\/vitablanca.ma\\\/wp-content\\\/uploads\\\/2025\\\/05\\\/solgar-manganese-chelate-100-tablets-.jpg\",\"width\":680,\"height\":680},{\"@type\":\"BreadcrumbList\",\"@id\":\"https:\\\/\\\/vitablanca.ma\\\/produit\\\/solgar-manganese-chelate-100-tablets-maroc\\\/#breadcrumb\",\"itemListElement\":[{\"@type\":\"ListItem\",\"position\":1,\"name\":\"Home\",\"item\":\"https:\\\/\\\/vitablanca.ma\\\/\"},{\"@type\":\"ListItem\",\"position\":2,\"name\":\"Tous Les Produits\",\"item\":\"https:\\\/\\\/vitablanca.ma\\\/tous-les-produits\\\/\"},{\"@type\":\"ListItem\",\"position\":3,\"name\":\"Solgar Mangan\u00e8se ch\u00e9lat\u00e9, 100 Tablets\"}]},{\"@type\":\"WebSite\",\"@id\":\"https:\\\/\\\/vitablanca.ma\\\/#website\",\"url\":\"https:\\\/\\\/vitablanca.ma\\\/\",\"name\":\"VitaBlanca.ma | Compl\u00e9ments alimentaires, sant\u00e9 & beaut\u00e9 au Maroc\",\"description\":\"vendre vitamines et compl\u00e9ments premium des USA &amp; Canada, Nouvelle Z\u00e9lande,Maroc (NOW Foods, Solgar, Manuka). Livraison rapide partout au Maroc.\",\"publisher\":{\"@id\":\"https:\\\/\\\/vitablanca.ma\\\/#organization\"},\"alternateName\":\"VitaBlanca.ma\",\"potentialAction\":[{\"@type\":\"SearchAction\",\"target\":{\"@type\":\"EntryPoint\",\"urlTemplate\":\"https:\\\/\\\/vitablanca.ma\\\/?s={search_term_string}\"},\"query-input\":{\"@type\":\"PropertyValueSpecification\",\"valueRequired\":true,\"valueName\":\"search_term_string\"}}],\"inLanguage\":\"en-US\"},{\"@type\":\"Organization\",\"@id\":\"https:\\\/\\\/vitablanca.ma\\\/#organization\",\"name\":\"VitaBlanca\",\"url\":\"https:\\\/\\\/vitablanca.ma\\\/\",\"logo\":{\"@type\":\"ImageObject\",\"inLanguage\":\"en-US\",\"@id\":\"https:\\\/\\\/vitablanca.ma\\\/#\\\/schema\\\/logo\\\/image\\\/\",\"url\":\"https:\\\/\\\/vitablanca.ma\\\/wp-content\\\/uploads\\\/2025\\\/05\\\/cropped-vitablanca.png\",\"contentUrl\":\"https:\\\/\\\/vitablanca.ma\\\/wp-content\\\/uploads\\\/2025\\\/05\\\/cropped-vitablanca.png\",\"width\":360,\"height\":67,\"caption\":\"VitaBlanca\"},\"image\":{\"@id\":\"https:\\\/\\\/vitablanca.ma\\\/#\\\/schema\\\/logo\\\/image\\\/\"},\"sameAs\":[\"https:\\\/\\\/www.facebook.com\\\/profile.php?id=61576678196717\",\"https:\\\/\\\/www.tiktok.com\\\/@vitablanca.ma\",\"https:\\\/\\\/www.instagram.com\\\/vitablanca.ma\\\/\"]}]}<\/script>\n<!-- \/ Yoast SEO plugin. -->","yoast_head_json":{"title":"Solgar Chelated Manganese, 100 Tablets - Morocco Price","description":"Buy Solgar Manganese Chelate in Morocco Essential trace element for bones, joints and metabolism Fast delivery","robots":{"index":"index","follow":"follow","max-snippet":"max-snippet:-1","max-image-preview":"max-image-preview:large","max-video-preview":"max-video-preview:-1"},"canonical":"https:\/\/vitablanca.ma\/en\/product\/solgar-manganese-chelate-100-tablets-maroc\/","og_locale":"en_US","og_type":"article","og_title":"Solgar Mangan\u00e8se ch\u00e9lat\u00e9, 100 Tablets - Maroc Prix","og_description":"Achetez Solgar Mangan\u00e8se Ch\u00e9lat\u00e9 au Maroc Oligo-\u00e9l\u00e9ment essentiel pour les os, les articulations et le m\u00e9tabolisme Livraison rapide","og_url":"https:\/\/vitablanca.ma\/en\/product\/solgar-manganese-chelate-100-tablets-maroc\/","og_site_name":"Vitablanca.ma &ndash; Sant&eacute;, vitalit&eacute; et bien-&ecirc;tre pour tous les Marocains","article_publisher":"https:\/\/www.facebook.com\/profile.php?id=61576678196717","article_modified_time":"2026-02-21T01:43:58+00:00","og_image":[{"width":680,"height":680,"url":"https:\/\/vitablanca.ma\/wp-content\/uploads\/2025\/05\/solgar-manganese-chelate-100-tablets-.jpg","type":"image\/jpeg"}],"twitter_card":"summary_large_image","twitter_misc":{"Est. reading time":"2 minutes"},"schema":{"@context":"https:\/\/schema.org","@graph":[{"@type":["WebPage","ItemPage"],"@id":"https:\/\/vitablanca.ma\/produit\/solgar-manganese-chelate-100-tablets-maroc\/","url":"https:\/\/vitablanca.ma\/produit\/solgar-manganese-chelate-100-tablets-maroc\/","name":"Solgar Chelated Manganese, 100 Tablets - Morocco Price","isPartOf":{"@id":"https:\/\/vitablanca.ma\/#website"},"primaryImageOfPage":{"@id":"https:\/\/vitablanca.ma\/produit\/solgar-manganese-chelate-100-tablets-maroc\/#primaryimage"},"image":{"@id":"https:\/\/vitablanca.ma\/produit\/solgar-manganese-chelate-100-tablets-maroc\/#primaryimage"},"thumbnailUrl":"https:\/\/vitablanca.ma\/wp-content\/uploads\/2025\/05\/solgar-manganese-chelate-100-tablets-.jpg","datePublished":"2025-05-20T00:15:12+00:00","dateModified":"2026-02-21T01:43:58+00:00","description":"Buy Solgar Manganese Chelate in Morocco Essential trace element for bones, joints and metabolism Fast delivery","breadcrumb":{"@id":"https:\/\/vitablanca.ma\/produit\/solgar-manganese-chelate-100-tablets-maroc\/#breadcrumb"},"inLanguage":"en-US","potentialAction":[{"@type":"ReadAction","target":["https:\/\/vitablanca.ma\/produit\/solgar-manganese-chelate-100-tablets-maroc\/"]}]},{"@type":"ImageObject","inLanguage":"en-US","@id":"https:\/\/vitablanca.ma\/produit\/solgar-manganese-chelate-100-tablets-maroc\/#primaryimage","url":"https:\/\/vitablanca.ma\/wp-content\/uploads\/2025\/05\/solgar-manganese-chelate-100-tablets-.jpg","contentUrl":"https:\/\/vitablanca.ma\/wp-content\/uploads\/2025\/05\/solgar-manganese-chelate-100-tablets-.jpg","width":680,"height":680},{"@type":"BreadcrumbList","@id":"https:\/\/vitablanca.ma\/produit\/solgar-manganese-chelate-100-tablets-maroc\/#breadcrumb","itemListElement":[{"@type":"ListItem","position":1,"name":"Home","item":"https:\/\/vitablanca.ma\/"},{"@type":"ListItem","position":2,"name":"Tous Les Produits","item":"https:\/\/vitablanca.ma\/tous-les-produits\/"},{"@type":"ListItem","position":3,"name":"Solgar Mangan\u00e8se ch\u00e9lat\u00e9, 100 Tablets"}]},{"@type":"WebSite","@id":"https:\/\/vitablanca.ma\/#website","url":"https:\/\/vitablanca.ma\/","name":"VitaBlanca.ma | Food supplements, health &amp; beauty in Morocco","description":"sell premium vitamins and supplements from USA &amp; Canada, New Zealand, Morocco (NOW Foods, Solgar, Manuka). Fast delivery anywhere in Morocco.","publisher":{"@id":"https:\/\/vitablanca.ma\/#organization"},"alternateName":"VitaBlanca.ma","potentialAction":[{"@type":"SearchAction","target":{"@type":"EntryPoint","urlTemplate":"https:\/\/vitablanca.ma\/?s={search_term_string}"},"query-input":{"@type":"PropertyValueSpecification","valueRequired":true,"valueName":"search_term_string"}}],"inLanguage":"en-US"},{"@type":"Organization","@id":"https:\/\/vitablanca.ma\/#organization","name":"VitaBlanca","url":"https:\/\/vitablanca.ma\/","logo":{"@type":"ImageObject","inLanguage":"en-US","@id":"https:\/\/vitablanca.ma\/#\/schema\/logo\/image\/","url":"https:\/\/vitablanca.ma\/wp-content\/uploads\/2025\/05\/cropped-vitablanca.png","contentUrl":"https:\/\/vitablanca.ma\/wp-content\/uploads\/2025\/05\/cropped-vitablanca.png","width":360,"height":67,"caption":"VitaBlanca"},"image":{"@id":"https:\/\/vitablanca.ma\/#\/schema\/logo\/image\/"},"sameAs":["https:\/\/www.facebook.com\/profile.php?id=61576678196717","https:\/\/www.tiktok.com\/@vitablanca.ma","https:\/\/www.instagram.com\/vitablanca.ma\/"]}]}},"jetpack_sharing_enabled":true,"_links":{"self":[{"href":"https:\/\/vitablanca.ma\/en\/wp-json\/wp\/v2\/product\/7852","targetHints":{"allow":["GET"]}}],"collection":[{"href":"https:\/\/vitablanca.ma\/en\/wp-json\/wp\/v2\/product"}],"about":[{"href":"https:\/\/vitablanca.ma\/en\/wp-json\/wp\/v2\/types\/product"}],"wp:featuredmedia":[{"embeddable":true,"href":"https:\/\/vitablanca.ma\/en\/wp-json\/wp\/v2\/media\/7853"}],"wp:attachment":[{"href":"https:\/\/vitablanca.ma\/en\/wp-json\/wp\/v2\/media?parent=7852"}],"wp:term":[{"taxonomy":"product_brand","embeddable":true,"href":"https:\/\/vitablanca.ma\/en\/wp-json\/wp\/v2\/product_brand?post=7852"},{"taxonomy":"product_cat","embeddable":true,"href":"https:\/\/vitablanca.ma\/en\/wp-json\/wp\/v2\/product_cat?post=7852"},{"taxonomy":"product_tag","embeddable":true,"href":"https:\/\/vitablanca.ma\/en\/wp-json\/wp\/v2\/product_tag?post=7852"}],"curies":[{"name":"wp","href":"https:\/\/api.w.org\/{rel}","templated":true}]}}