{"id":7823,"date":"2025-05-19T22:58:25","date_gmt":"2025-05-19T22:58:25","guid":{"rendered":"https:\/\/vitablanca.ma\/?post_type=product&#038;p=7823"},"modified":"2025-08-30T21:22:21","modified_gmt":"2025-08-30T21:22:21","slug":"country-life-capsules-de-propolis-dabeilles-500-mg-100-caps-maroc","status":"publish","type":"product","link":"https:\/\/vitablanca.ma\/en\/product\/country-life-capsules-de-propolis-dabeilles-500-mg-100-caps-maroc\/","title":{"rendered":"Country Life Bee PROPOLIS FROM BEE CAPSULES 500 MG 100 CAPS"},"content":{"rendered":"<p>Commun\u00e9ment appel\u00e9e colle d\u2019abeille, la propolis est une substance naturelle qui est collect\u00e9e par les abeilles ouvri\u00e8res \u00e0 partir de la r\u00e9sine d\u2019arbres s\u00e9lectionn\u00e9s et utilis\u00e9e pour tapisser leurs ruches. Gr\u00e2ce \u00e0 sa teneur \u00e9lev\u00e9e en bioflavono\u00efdes et \u00e0 ses compos\u00e9s immunitaires, la propolis est utilis\u00e9e depuis des si\u00e8cles et peut aider \u00e0 soigner les blessures l\u00e9g\u00e8res, \u00e0 renforcer l\u2019immunit\u00e9 et \u00e0 assouplir la peau. Lorsque pris dans le cadre d\u2019un r\u00e9gime alimentaire sain et d\u2019un mode de vie sain, les aliments 500 mg propolis est un compl\u00e9ment polyvalent riche en nutriments essentiels.<\/p>\n\n\n\n<ul class=\"wp-block-list\">\n<li>5:1 CONCENTRATE<\/li>\n\n\n\n<li>NATURAL BEEKEEPING PRODUCT<\/li>\n\n\n\n<li>HALAL<\/li>\n\n\n\n<li>GMO-FREE<\/li>\n\n\n\n<li>A FOOD SUPPLEMENT<\/li>\n\n\n\n<li>GLUTEN, SOY, NUT, DAIRY &amp; EGG FREE<\/li>\n<\/ul>\n\n\n\n<h3 class=\"wp-block-heading\">Suggested Use<\/h3>\n\n\n\n<p>Adults: Take two (2) capsules daily. As a reminder, please talk to your healthcare professional about any dietary supplements or medications you are taking.<\/p>","protected":false},"excerpt":{"rendered":"<ul>\n<li>5:1 CONCENTRATE<\/li>\n<li>NATURAL HALAL BEEKEEPING PRODUCT GMO-FREE<\/li>\n<li>FOOD SUPPLEMENT GLUTEN, SOY, NUT, DAIRY AND EGG FREE<\/li>\n<\/ul>","protected":false},"featured_media":7824,"template":"","meta":{"om_disable_all_campaigns":false},"product_brand":[188],"product_cat":[18,3366,187,20,19],"product_tag":[841,820,190,791,844,846,840,842,843,845],"class_list":{"0":"post-7823","1":"product","2":"type-product","3":"status-publish","4":"has-post-thumbnail","6":"product_brand-country-life-maroc","7":"product_cat-beaute-sante","8":"product_cat-complements-alimentaires-au-maroc-vitablanca","9":"product_cat-gelee-royale","10":"product_cat-supplements","11":"product_cat-vitamines-supplements-dietetiques","12":"product_tag-complement-antiviral","13":"product_tag-complement-immunite","14":"product_tag-country-life-propolis","15":"product_tag-immunite-naturelle","16":"product_tag-produit-naturel-abeille","17":"product_tag-propolis-500-mg","18":"product_tag-propolis-dabeille","19":"product_tag-propolis-maroc","20":"product_tag-propolis-vegetarien","21":"product_tag-sante-respiratoire","23":"first","24":"instock","25":"sale","26":"taxable","27":"shipping-taxable","28":"purchasable","29":"product-type-simple"},"yoast_head":"<!-- This site is optimized with the Yoast SEO plugin v27.5 - https:\/\/yoast.com\/product\/yoast-seo-wordpress\/ -->\n<title>Country Life Bee PROPOLIS CAPSULES D&#039;ABEILLES - Maroc<\/title>\n<meta name=\"description\" content=\"Achetez Country Life Bee Propolis d&#039;Abeille 500 mg (100 capsules) au Maroc. Un soutien immunitaire naturel, antioxydant et antimicrobien de la ruche.\" \/>\n<meta name=\"robots\" content=\"index, follow, max-snippet:-1, max-image-preview:large, max-video-preview:-1\" \/>\n<link rel=\"canonical\" href=\"https:\/\/vitablanca.ma\/en\/product\/country-life-capsules-de-propolis-dabeilles-500-mg-100-caps-maroc\/\" \/>\n<meta property=\"og:locale\" content=\"en_US\" \/>\n<meta property=\"og:type\" content=\"article\" \/>\n<meta property=\"og:title\" content=\"Country Life Bee PROPOLIS CAPSULES D&#039;ABEILLES - Maroc\" \/>\n<meta property=\"og:description\" content=\"Achetez Country Life Bee Propolis d&#039;Abeille 500 mg (100 capsules) au Maroc. Un soutien immunitaire naturel, antioxydant et antimicrobien de la ruche.\" \/>\n<meta property=\"og:url\" content=\"https:\/\/vitablanca.ma\/en\/product\/country-life-capsules-de-propolis-dabeilles-500-mg-100-caps-maroc\/\" \/>\n<meta property=\"og:site_name\" content=\"Vitablanca.ma &ndash; Sant&eacute;, vitalit&eacute; et bien-&ecirc;tre pour tous les Marocains\" \/>\n<meta property=\"article:publisher\" content=\"https:\/\/www.facebook.com\/profile.php?id=61576678196717\" \/>\n<meta property=\"article:modified_time\" content=\"2025-08-30T21:22:21+00:00\" \/>\n<meta property=\"og:image\" content=\"https:\/\/vitablanca.ma\/wp-content\/uploads\/2025\/05\/country-life-capsules-de-propolis-dabeilles-500-mg-100-capsmade-in-usa-s.jpg\" \/>\n\t<meta property=\"og:image:width\" content=\"680\" \/>\n\t<meta property=\"og:image:height\" content=\"680\" \/>\n\t<meta property=\"og:image:type\" content=\"image\/jpeg\" \/>\n<meta name=\"twitter:card\" content=\"summary_large_image\" \/>\n<meta name=\"twitter:label1\" content=\"Est. reading time\" \/>\n\t<meta name=\"twitter:data1\" content=\"1 minute\" \/>\n<script type=\"application\/ld+json\" class=\"yoast-schema-graph\">{\"@context\":\"https:\\\/\\\/schema.org\",\"@graph\":[{\"@type\":[\"WebPage\",\"ItemPage\"],\"@id\":\"https:\\\/\\\/vitablanca.ma\\\/produit\\\/country-life-capsules-de-propolis-dabeilles-500-mg-100-caps-maroc\\\/\",\"url\":\"https:\\\/\\\/vitablanca.ma\\\/produit\\\/country-life-capsules-de-propolis-dabeilles-500-mg-100-caps-maroc\\\/\",\"name\":\"Country Life Bee PROPOLIS CAPSULES D'ABEILLES - Maroc\",\"isPartOf\":{\"@id\":\"https:\\\/\\\/vitablanca.ma\\\/#website\"},\"primaryImageOfPage\":{\"@id\":\"https:\\\/\\\/vitablanca.ma\\\/produit\\\/country-life-capsules-de-propolis-dabeilles-500-mg-100-caps-maroc\\\/#primaryimage\"},\"image\":{\"@id\":\"https:\\\/\\\/vitablanca.ma\\\/produit\\\/country-life-capsules-de-propolis-dabeilles-500-mg-100-caps-maroc\\\/#primaryimage\"},\"thumbnailUrl\":\"https:\\\/\\\/vitablanca.ma\\\/wp-content\\\/uploads\\\/2025\\\/05\\\/country-life-capsules-de-propolis-dabeilles-500-mg-100-capsmade-in-usa-s.jpg\",\"datePublished\":\"2025-05-19T22:58:25+00:00\",\"dateModified\":\"2025-08-30T21:22:21+00:00\",\"description\":\"Achetez Country Life Bee Propolis d'Abeille 500 mg (100 capsules) au Maroc. Un soutien immunitaire naturel, antioxydant et antimicrobien de la ruche.\",\"breadcrumb\":{\"@id\":\"https:\\\/\\\/vitablanca.ma\\\/produit\\\/country-life-capsules-de-propolis-dabeilles-500-mg-100-caps-maroc\\\/#breadcrumb\"},\"inLanguage\":\"en-US\",\"potentialAction\":[{\"@type\":\"ReadAction\",\"target\":[\"https:\\\/\\\/vitablanca.ma\\\/produit\\\/country-life-capsules-de-propolis-dabeilles-500-mg-100-caps-maroc\\\/\"]}]},{\"@type\":\"ImageObject\",\"inLanguage\":\"en-US\",\"@id\":\"https:\\\/\\\/vitablanca.ma\\\/produit\\\/country-life-capsules-de-propolis-dabeilles-500-mg-100-caps-maroc\\\/#primaryimage\",\"url\":\"https:\\\/\\\/vitablanca.ma\\\/wp-content\\\/uploads\\\/2025\\\/05\\\/country-life-capsules-de-propolis-dabeilles-500-mg-100-capsmade-in-usa-s.jpg\",\"contentUrl\":\"https:\\\/\\\/vitablanca.ma\\\/wp-content\\\/uploads\\\/2025\\\/05\\\/country-life-capsules-de-propolis-dabeilles-500-mg-100-capsmade-in-usa-s.jpg\",\"width\":680,\"height\":680},{\"@type\":\"BreadcrumbList\",\"@id\":\"https:\\\/\\\/vitablanca.ma\\\/produit\\\/country-life-capsules-de-propolis-dabeilles-500-mg-100-caps-maroc\\\/#breadcrumb\",\"itemListElement\":[{\"@type\":\"ListItem\",\"position\":1,\"name\":\"Home\",\"item\":\"https:\\\/\\\/vitablanca.ma\\\/\"},{\"@type\":\"ListItem\",\"position\":2,\"name\":\"Tous Les Produits\",\"item\":\"https:\\\/\\\/vitablanca.ma\\\/tous-les-produits\\\/\"},{\"@type\":\"ListItem\",\"position\":3,\"name\":\"Country Life Bee PROPOLIS De CAPSULES D&#8217;ABEILLES 500 MG 100 CAPS\"}]},{\"@type\":\"WebSite\",\"@id\":\"https:\\\/\\\/vitablanca.ma\\\/#website\",\"url\":\"https:\\\/\\\/vitablanca.ma\\\/\",\"name\":\"VitaBlanca.ma | Compl\u00e9ments alimentaires, sant\u00e9 & beaut\u00e9 au Maroc\",\"description\":\"vendre vitamines et compl\u00e9ments premium des USA &amp; Canada, Nouvelle Z\u00e9lande,Maroc (NOW Foods, Solgar, Manuka). Livraison rapide partout au Maroc.\",\"publisher\":{\"@id\":\"https:\\\/\\\/vitablanca.ma\\\/#organization\"},\"alternateName\":\"VitaBlanca.ma\",\"potentialAction\":[{\"@type\":\"SearchAction\",\"target\":{\"@type\":\"EntryPoint\",\"urlTemplate\":\"https:\\\/\\\/vitablanca.ma\\\/?s={search_term_string}\"},\"query-input\":{\"@type\":\"PropertyValueSpecification\",\"valueRequired\":true,\"valueName\":\"search_term_string\"}}],\"inLanguage\":\"en-US\"},{\"@type\":\"Organization\",\"@id\":\"https:\\\/\\\/vitablanca.ma\\\/#organization\",\"name\":\"VitaBlanca\",\"url\":\"https:\\\/\\\/vitablanca.ma\\\/\",\"logo\":{\"@type\":\"ImageObject\",\"inLanguage\":\"en-US\",\"@id\":\"https:\\\/\\\/vitablanca.ma\\\/#\\\/schema\\\/logo\\\/image\\\/\",\"url\":\"https:\\\/\\\/vitablanca.ma\\\/wp-content\\\/uploads\\\/2025\\\/05\\\/cropped-vitablanca.png\",\"contentUrl\":\"https:\\\/\\\/vitablanca.ma\\\/wp-content\\\/uploads\\\/2025\\\/05\\\/cropped-vitablanca.png\",\"width\":360,\"height\":67,\"caption\":\"VitaBlanca\"},\"image\":{\"@id\":\"https:\\\/\\\/vitablanca.ma\\\/#\\\/schema\\\/logo\\\/image\\\/\"},\"sameAs\":[\"https:\\\/\\\/www.facebook.com\\\/profile.php?id=61576678196717\",\"https:\\\/\\\/www.tiktok.com\\\/@vitablanca.ma\",\"https:\\\/\\\/www.instagram.com\\\/vitablanca.ma\\\/\"]}]}<\/script>\n<!-- \/ Yoast SEO plugin. -->","yoast_head_json":{"title":"Country Life Bee PROPOLIS BEE CAPSULES - Morocco","description":"Buy Country Life Bee Propolis 500 mg (100 capsules) in Morocco. A natural immune support, antioxidant, and antimicrobial from the hive.","robots":{"index":"index","follow":"follow","max-snippet":"max-snippet:-1","max-image-preview":"max-image-preview:large","max-video-preview":"max-video-preview:-1"},"canonical":"https:\/\/vitablanca.ma\/en\/product\/country-life-capsules-de-propolis-dabeilles-500-mg-100-caps-maroc\/","og_locale":"en_US","og_type":"article","og_title":"Country Life Bee PROPOLIS CAPSULES D'ABEILLES - Maroc","og_description":"Achetez Country Life Bee Propolis d'Abeille 500 mg (100 capsules) au Maroc. Un soutien immunitaire naturel, antioxydant et antimicrobien de la ruche.","og_url":"https:\/\/vitablanca.ma\/en\/product\/country-life-capsules-de-propolis-dabeilles-500-mg-100-caps-maroc\/","og_site_name":"Vitablanca.ma &ndash; Sant&eacute;, vitalit&eacute; et bien-&ecirc;tre pour tous les Marocains","article_publisher":"https:\/\/www.facebook.com\/profile.php?id=61576678196717","article_modified_time":"2025-08-30T21:22:21+00:00","og_image":[{"width":680,"height":680,"url":"https:\/\/vitablanca.ma\/wp-content\/uploads\/2025\/05\/country-life-capsules-de-propolis-dabeilles-500-mg-100-capsmade-in-usa-s.jpg","type":"image\/jpeg"}],"twitter_card":"summary_large_image","twitter_misc":{"Est. reading time":"1 minute"},"schema":{"@context":"https:\/\/schema.org","@graph":[{"@type":["WebPage","ItemPage"],"@id":"https:\/\/vitablanca.ma\/produit\/country-life-capsules-de-propolis-dabeilles-500-mg-100-caps-maroc\/","url":"https:\/\/vitablanca.ma\/produit\/country-life-capsules-de-propolis-dabeilles-500-mg-100-caps-maroc\/","name":"Country Life Bee PROPOLIS BEE CAPSULES - Morocco","isPartOf":{"@id":"https:\/\/vitablanca.ma\/#website"},"primaryImageOfPage":{"@id":"https:\/\/vitablanca.ma\/produit\/country-life-capsules-de-propolis-dabeilles-500-mg-100-caps-maroc\/#primaryimage"},"image":{"@id":"https:\/\/vitablanca.ma\/produit\/country-life-capsules-de-propolis-dabeilles-500-mg-100-caps-maroc\/#primaryimage"},"thumbnailUrl":"https:\/\/vitablanca.ma\/wp-content\/uploads\/2025\/05\/country-life-capsules-de-propolis-dabeilles-500-mg-100-capsmade-in-usa-s.jpg","datePublished":"2025-05-19T22:58:25+00:00","dateModified":"2025-08-30T21:22:21+00:00","description":"Buy Country Life Bee Propolis 500 mg (100 capsules) in Morocco. A natural immune support, antioxidant, and antimicrobial from the hive.","breadcrumb":{"@id":"https:\/\/vitablanca.ma\/produit\/country-life-capsules-de-propolis-dabeilles-500-mg-100-caps-maroc\/#breadcrumb"},"inLanguage":"en-US","potentialAction":[{"@type":"ReadAction","target":["https:\/\/vitablanca.ma\/produit\/country-life-capsules-de-propolis-dabeilles-500-mg-100-caps-maroc\/"]}]},{"@type":"ImageObject","inLanguage":"en-US","@id":"https:\/\/vitablanca.ma\/produit\/country-life-capsules-de-propolis-dabeilles-500-mg-100-caps-maroc\/#primaryimage","url":"https:\/\/vitablanca.ma\/wp-content\/uploads\/2025\/05\/country-life-capsules-de-propolis-dabeilles-500-mg-100-capsmade-in-usa-s.jpg","contentUrl":"https:\/\/vitablanca.ma\/wp-content\/uploads\/2025\/05\/country-life-capsules-de-propolis-dabeilles-500-mg-100-capsmade-in-usa-s.jpg","width":680,"height":680},{"@type":"BreadcrumbList","@id":"https:\/\/vitablanca.ma\/produit\/country-life-capsules-de-propolis-dabeilles-500-mg-100-caps-maroc\/#breadcrumb","itemListElement":[{"@type":"ListItem","position":1,"name":"Home","item":"https:\/\/vitablanca.ma\/"},{"@type":"ListItem","position":2,"name":"Tous Les Produits","item":"https:\/\/vitablanca.ma\/tous-les-produits\/"},{"@type":"ListItem","position":3,"name":"Country Life Bee PROPOLIS De CAPSULES D&#8217;ABEILLES 500 MG 100 CAPS"}]},{"@type":"WebSite","@id":"https:\/\/vitablanca.ma\/#website","url":"https:\/\/vitablanca.ma\/","name":"VitaBlanca.ma | Food supplements, health &amp; beauty in Morocco","description":"sell premium vitamins and supplements from USA &amp; Canada, New Zealand, Morocco (NOW Foods, Solgar, Manuka). Fast delivery anywhere in Morocco.","publisher":{"@id":"https:\/\/vitablanca.ma\/#organization"},"alternateName":"VitaBlanca.ma","potentialAction":[{"@type":"SearchAction","target":{"@type":"EntryPoint","urlTemplate":"https:\/\/vitablanca.ma\/?s={search_term_string}"},"query-input":{"@type":"PropertyValueSpecification","valueRequired":true,"valueName":"search_term_string"}}],"inLanguage":"en-US"},{"@type":"Organization","@id":"https:\/\/vitablanca.ma\/#organization","name":"VitaBlanca","url":"https:\/\/vitablanca.ma\/","logo":{"@type":"ImageObject","inLanguage":"en-US","@id":"https:\/\/vitablanca.ma\/#\/schema\/logo\/image\/","url":"https:\/\/vitablanca.ma\/wp-content\/uploads\/2025\/05\/cropped-vitablanca.png","contentUrl":"https:\/\/vitablanca.ma\/wp-content\/uploads\/2025\/05\/cropped-vitablanca.png","width":360,"height":67,"caption":"VitaBlanca"},"image":{"@id":"https:\/\/vitablanca.ma\/#\/schema\/logo\/image\/"},"sameAs":["https:\/\/www.facebook.com\/profile.php?id=61576678196717","https:\/\/www.tiktok.com\/@vitablanca.ma","https:\/\/www.instagram.com\/vitablanca.ma\/"]}]}},"jetpack_sharing_enabled":true,"_links":{"self":[{"href":"https:\/\/vitablanca.ma\/en\/wp-json\/wp\/v2\/product\/7823","targetHints":{"allow":["GET"]}}],"collection":[{"href":"https:\/\/vitablanca.ma\/en\/wp-json\/wp\/v2\/product"}],"about":[{"href":"https:\/\/vitablanca.ma\/en\/wp-json\/wp\/v2\/types\/product"}],"wp:featuredmedia":[{"embeddable":true,"href":"https:\/\/vitablanca.ma\/en\/wp-json\/wp\/v2\/media\/7824"}],"wp:attachment":[{"href":"https:\/\/vitablanca.ma\/en\/wp-json\/wp\/v2\/media?parent=7823"}],"wp:term":[{"taxonomy":"product_brand","embeddable":true,"href":"https:\/\/vitablanca.ma\/en\/wp-json\/wp\/v2\/product_brand?post=7823"},{"taxonomy":"product_cat","embeddable":true,"href":"https:\/\/vitablanca.ma\/en\/wp-json\/wp\/v2\/product_cat?post=7823"},{"taxonomy":"product_tag","embeddable":true,"href":"https:\/\/vitablanca.ma\/en\/wp-json\/wp\/v2\/product_tag?post=7823"}],"curies":[{"name":"wp","href":"https:\/\/api.w.org\/{rel}","templated":true}]}}