{"id":7804,"date":"2025-05-19T21:45:36","date_gmt":"2025-05-19T21:45:36","guid":{"rendered":"https:\/\/vitablanca.ma\/?post_type=product&#038;p=7804"},"modified":"2026-04-06T20:11:15","modified_gmt":"2026-04-06T20:11:15","slug":"solgar-naturally-sourced-vitamin-k2-mk7-100-mcg-50-vegetable-caps-maroc","status":"publish","type":"product","link":"https:\/\/vitablanca.ma\/en\/product\/solgar-naturally-sourced-vitamin-k2-mk7-100-mcg-50-vegetable-caps-maroc\/","title":{"rendered":"Solgar K2 Naturally Sourced Vitamin K2 MK7, 100 mcg, 50 Vegetable Caps."},"content":{"rendered":"<p>MK-7 provenant d\u2019extraits de Natto<\/p>\r\n\r\n\r\n\r\n<p>Gluten and wheat free<\/p>\r\n\r\n\r\n\r\n<p>Suitable for vegetarians and dairy-free diets<\/p>\r\n\r\n\r\n\r\n<p>Food supplement<\/p>\r\n\r\n\r\n\r\n<p>La vitamine K2 est une forme active de la vitamine K et est importante pour la bonne sant\u00e9 des os. La vitamine K2 n\u2019est pas apport\u00e9e par le r\u00e9gime alimentaire mais est fabriqu\u00e9e par la flore intestinale. La vitamine K2 peut \u00e9galement \u00eatre extraite d\u2019un aliment naturel complet, le natto, produit par la fermentation du soja et source naturelle de MK-7.<\/p>\r\n\r\n\r\n\r\n<h3 class=\"wp-block-heading\">Suggested Use<\/h3>\r\n\r\n\r\n\r\n<p>As a dietary supplement for adults, take one (1) vegetarian capsule daily, preferably with meals.\u00a0<\/p>","protected":false},"excerpt":{"rendered":"<ul>\n<li>MK-7 from Natto extracts<\/li>\n<li>Gluten and wheat free<\/li>\n<li>Suitable for vegetarians and dairy-free diets<\/li>\n<li>Food supplement<\/li>\n<\/ul>\n<p>Vitamin K2 is an active form of vitamin K and is important for bone health. Vitamin K2 is not provided by the diet but is produced by the intestinal flora. Vitamin K2 can also be extracted from a natural whole food, natto, produced by the fermentation of soybeans and a natural source of MK-7.<\/p>","protected":false},"featured_media":7805,"template":"","meta":{"om_disable_all_campaigns":false},"product_brand":[42],"product_cat":[18,3366,445,444,130,19],"product_tag":[811,812,819,816,813,814,49,815,818,810,817],"class_list":{"0":"post-7804","1":"product","2":"type-product","3":"status-publish","4":"has-post-thumbnail","6":"product_brand-solgar-prix-maroc","7":"product_cat-beaute-sante","8":"product_cat-complements-alimentaires-au-maroc-vitablanca","9":"product_cat-k2","10":"product_cat-vitamine-k","11":"product_cat-vitamines","12":"product_cat-vitamines-supplements-dietetiques","13":"product_tag-biodisponible-k2","14":"product_tag-complement-calcium","15":"product_tag-complement-os-et-coeur","16":"product_tag-k2-mk7-100-mcg","17":"product_tag-sante-osseuse","18":"product_tag-solgar-k2-mk7","19":"product_tag-solgar-maroc","20":"product_tag-vitamine-k-naturelle","21":"product_tag-vitamine-k-vegetale","22":"product_tag-vitamine-k2-maroc","23":"product_tag-vitamine-k2-menaquinone","25":"first","26":"outofstock","27":"taxable","28":"shipping-taxable","29":"purchasable","30":"product-type-simple"},"yoast_head":"<!-- This site is optimized with the Yoast SEO plugin v27.5 - https:\/\/yoast.com\/product\/yoast-seo-wordpress\/ -->\n<title>Solgar K2 Naturally Sourced Vitamin K2 MK7, 100 mcg - Maroc Prix<\/title>\n<meta name=\"description\" content=\"Achetez Solgar Vitamine K2 MK-7 100 mcg (50 g\u00e9lules) au Maroc. Essentielle pour des os solides et des art\u00e8res saines. Qualit\u00e9 sup\u00e9rieure.\" \/>\n<meta name=\"robots\" content=\"index, follow, max-snippet:-1, max-image-preview:large, max-video-preview:-1\" \/>\n<link rel=\"canonical\" href=\"https:\/\/vitablanca.ma\/en\/product\/solgar-naturally-sourced-vitamin-k2-mk7-100-mcg-50-vegetable-caps-maroc\/\" \/>\n<meta property=\"og:locale\" content=\"en_US\" \/>\n<meta property=\"og:type\" content=\"article\" \/>\n<meta property=\"og:title\" content=\"Solgar K2 Naturally Sourced Vitamin K2 MK7, 100 mcg - Maroc Prix\" \/>\n<meta property=\"og:description\" content=\"Achetez Solgar Vitamine K2 MK-7 100 mcg (50 g\u00e9lules) au Maroc. Essentielle pour des os solides et des art\u00e8res saines. Qualit\u00e9 sup\u00e9rieure.\" \/>\n<meta property=\"og:url\" content=\"https:\/\/vitablanca.ma\/en\/product\/solgar-naturally-sourced-vitamin-k2-mk7-100-mcg-50-vegetable-caps-maroc\/\" \/>\n<meta property=\"og:site_name\" content=\"Vitablanca.ma &ndash; Sant&eacute;, vitalit&eacute; et bien-&ecirc;tre pour tous les Marocains\" \/>\n<meta property=\"article:publisher\" content=\"https:\/\/www.facebook.com\/profile.php?id=61576678196717\" \/>\n<meta property=\"article:modified_time\" content=\"2026-04-06T20:11:15+00:00\" \/>\n<meta property=\"og:image\" content=\"https:\/\/vitablanca.ma\/wp-content\/uploads\/2025\/05\/naturally-sourced-vitamin-k2-mk7-100-mcg-50-vegetable-caps.-solgar-.jpg\" \/>\n\t<meta property=\"og:image:width\" content=\"680\" \/>\n\t<meta property=\"og:image:height\" content=\"680\" \/>\n\t<meta property=\"og:image:type\" content=\"image\/jpeg\" \/>\n<meta name=\"twitter:card\" content=\"summary_large_image\" \/>\n<meta name=\"twitter:label1\" content=\"Est. reading time\" \/>\n\t<meta name=\"twitter:data1\" content=\"1 minute\" \/>\n<script type=\"application\/ld+json\" class=\"yoast-schema-graph\">{\"@context\":\"https:\\\/\\\/schema.org\",\"@graph\":[{\"@type\":[\"WebPage\",\"ItemPage\"],\"@id\":\"https:\\\/\\\/vitablanca.ma\\\/produit\\\/solgar-naturally-sourced-vitamin-k2-mk7-100-mcg-50-vegetable-caps-maroc\\\/\",\"url\":\"https:\\\/\\\/vitablanca.ma\\\/produit\\\/solgar-naturally-sourced-vitamin-k2-mk7-100-mcg-50-vegetable-caps-maroc\\\/\",\"name\":\"Solgar K2 Naturally Sourced Vitamin K2 MK7, 100 mcg - Maroc Prix\",\"isPartOf\":{\"@id\":\"https:\\\/\\\/vitablanca.ma\\\/#website\"},\"primaryImageOfPage\":{\"@id\":\"https:\\\/\\\/vitablanca.ma\\\/produit\\\/solgar-naturally-sourced-vitamin-k2-mk7-100-mcg-50-vegetable-caps-maroc\\\/#primaryimage\"},\"image\":{\"@id\":\"https:\\\/\\\/vitablanca.ma\\\/produit\\\/solgar-naturally-sourced-vitamin-k2-mk7-100-mcg-50-vegetable-caps-maroc\\\/#primaryimage\"},\"thumbnailUrl\":\"https:\\\/\\\/vitablanca.ma\\\/wp-content\\\/uploads\\\/2025\\\/05\\\/naturally-sourced-vitamin-k2-mk7-100-mcg-50-vegetable-caps.-solgar-.jpg\",\"datePublished\":\"2025-05-19T21:45:36+00:00\",\"dateModified\":\"2026-04-06T20:11:15+00:00\",\"description\":\"Achetez Solgar Vitamine K2 MK-7 100 mcg (50 g\u00e9lules) au Maroc. Essentielle pour des os solides et des art\u00e8res saines. Qualit\u00e9 sup\u00e9rieure.\",\"breadcrumb\":{\"@id\":\"https:\\\/\\\/vitablanca.ma\\\/produit\\\/solgar-naturally-sourced-vitamin-k2-mk7-100-mcg-50-vegetable-caps-maroc\\\/#breadcrumb\"},\"inLanguage\":\"en-US\",\"potentialAction\":[{\"@type\":\"ReadAction\",\"target\":[\"https:\\\/\\\/vitablanca.ma\\\/produit\\\/solgar-naturally-sourced-vitamin-k2-mk7-100-mcg-50-vegetable-caps-maroc\\\/\"]}]},{\"@type\":\"ImageObject\",\"inLanguage\":\"en-US\",\"@id\":\"https:\\\/\\\/vitablanca.ma\\\/produit\\\/solgar-naturally-sourced-vitamin-k2-mk7-100-mcg-50-vegetable-caps-maroc\\\/#primaryimage\",\"url\":\"https:\\\/\\\/vitablanca.ma\\\/wp-content\\\/uploads\\\/2025\\\/05\\\/naturally-sourced-vitamin-k2-mk7-100-mcg-50-vegetable-caps.-solgar-.jpg\",\"contentUrl\":\"https:\\\/\\\/vitablanca.ma\\\/wp-content\\\/uploads\\\/2025\\\/05\\\/naturally-sourced-vitamin-k2-mk7-100-mcg-50-vegetable-caps.-solgar-.jpg\",\"width\":680,\"height\":680},{\"@type\":\"BreadcrumbList\",\"@id\":\"https:\\\/\\\/vitablanca.ma\\\/produit\\\/solgar-naturally-sourced-vitamin-k2-mk7-100-mcg-50-vegetable-caps-maroc\\\/#breadcrumb\",\"itemListElement\":[{\"@type\":\"ListItem\",\"position\":1,\"name\":\"Home\",\"item\":\"https:\\\/\\\/vitablanca.ma\\\/\"},{\"@type\":\"ListItem\",\"position\":2,\"name\":\"Tous Les Produits\",\"item\":\"https:\\\/\\\/vitablanca.ma\\\/tous-les-produits\\\/\"},{\"@type\":\"ListItem\",\"position\":3,\"name\":\"Solgar K2 Naturally Sourced Vitamin K2 MK7, 100 mcg, 50 Vegetable Caps.\"}]},{\"@type\":\"WebSite\",\"@id\":\"https:\\\/\\\/vitablanca.ma\\\/#website\",\"url\":\"https:\\\/\\\/vitablanca.ma\\\/\",\"name\":\"VitaBlanca.ma | Compl\u00e9ments alimentaires, sant\u00e9 & beaut\u00e9 au Maroc\",\"description\":\"vendre vitamines et compl\u00e9ments premium des USA &amp; Canada, Nouvelle Z\u00e9lande,Maroc (NOW Foods, Solgar, Manuka). Livraison rapide partout au Maroc.\",\"publisher\":{\"@id\":\"https:\\\/\\\/vitablanca.ma\\\/#organization\"},\"alternateName\":\"VitaBlanca.ma\",\"potentialAction\":[{\"@type\":\"SearchAction\",\"target\":{\"@type\":\"EntryPoint\",\"urlTemplate\":\"https:\\\/\\\/vitablanca.ma\\\/?s={search_term_string}\"},\"query-input\":{\"@type\":\"PropertyValueSpecification\",\"valueRequired\":true,\"valueName\":\"search_term_string\"}}],\"inLanguage\":\"en-US\"},{\"@type\":\"Organization\",\"@id\":\"https:\\\/\\\/vitablanca.ma\\\/#organization\",\"name\":\"VitaBlanca\",\"url\":\"https:\\\/\\\/vitablanca.ma\\\/\",\"logo\":{\"@type\":\"ImageObject\",\"inLanguage\":\"en-US\",\"@id\":\"https:\\\/\\\/vitablanca.ma\\\/#\\\/schema\\\/logo\\\/image\\\/\",\"url\":\"https:\\\/\\\/vitablanca.ma\\\/wp-content\\\/uploads\\\/2025\\\/05\\\/cropped-vitablanca.png\",\"contentUrl\":\"https:\\\/\\\/vitablanca.ma\\\/wp-content\\\/uploads\\\/2025\\\/05\\\/cropped-vitablanca.png\",\"width\":360,\"height\":67,\"caption\":\"VitaBlanca\"},\"image\":{\"@id\":\"https:\\\/\\\/vitablanca.ma\\\/#\\\/schema\\\/logo\\\/image\\\/\"},\"sameAs\":[\"https:\\\/\\\/www.facebook.com\\\/profile.php?id=61576678196717\",\"https:\\\/\\\/www.tiktok.com\\\/@vitablanca.ma\",\"https:\\\/\\\/www.instagram.com\\\/vitablanca.ma\\\/\"]}]}<\/script>\n<!-- \/ Yoast SEO plugin. -->","yoast_head_json":{"title":"Solgar K2 Naturally Sourced Vitamin K2 MK7, 100 mcg - Morocco Price","description":"Buy Solgar Vitamin K2 MK-7 100 mcg (50 capsules) in Morocco. Essential for strong bones and healthy arteries. Premium quality.","robots":{"index":"index","follow":"follow","max-snippet":"max-snippet:-1","max-image-preview":"max-image-preview:large","max-video-preview":"max-video-preview:-1"},"canonical":"https:\/\/vitablanca.ma\/en\/product\/solgar-naturally-sourced-vitamin-k2-mk7-100-mcg-50-vegetable-caps-maroc\/","og_locale":"en_US","og_type":"article","og_title":"Solgar K2 Naturally Sourced Vitamin K2 MK7, 100 mcg - Maroc Prix","og_description":"Achetez Solgar Vitamine K2 MK-7 100 mcg (50 g\u00e9lules) au Maroc. Essentielle pour des os solides et des art\u00e8res saines. Qualit\u00e9 sup\u00e9rieure.","og_url":"https:\/\/vitablanca.ma\/en\/product\/solgar-naturally-sourced-vitamin-k2-mk7-100-mcg-50-vegetable-caps-maroc\/","og_site_name":"Vitablanca.ma &ndash; Sant&eacute;, vitalit&eacute; et bien-&ecirc;tre pour tous les Marocains","article_publisher":"https:\/\/www.facebook.com\/profile.php?id=61576678196717","article_modified_time":"2026-04-06T20:11:15+00:00","og_image":[{"width":680,"height":680,"url":"https:\/\/vitablanca.ma\/wp-content\/uploads\/2025\/05\/naturally-sourced-vitamin-k2-mk7-100-mcg-50-vegetable-caps.-solgar-.jpg","type":"image\/jpeg"}],"twitter_card":"summary_large_image","twitter_misc":{"Est. reading time":"1 minute"},"schema":{"@context":"https:\/\/schema.org","@graph":[{"@type":["WebPage","ItemPage"],"@id":"https:\/\/vitablanca.ma\/produit\/solgar-naturally-sourced-vitamin-k2-mk7-100-mcg-50-vegetable-caps-maroc\/","url":"https:\/\/vitablanca.ma\/produit\/solgar-naturally-sourced-vitamin-k2-mk7-100-mcg-50-vegetable-caps-maroc\/","name":"Solgar K2 Naturally Sourced Vitamin K2 MK7, 100 mcg - Morocco Price","isPartOf":{"@id":"https:\/\/vitablanca.ma\/#website"},"primaryImageOfPage":{"@id":"https:\/\/vitablanca.ma\/produit\/solgar-naturally-sourced-vitamin-k2-mk7-100-mcg-50-vegetable-caps-maroc\/#primaryimage"},"image":{"@id":"https:\/\/vitablanca.ma\/produit\/solgar-naturally-sourced-vitamin-k2-mk7-100-mcg-50-vegetable-caps-maroc\/#primaryimage"},"thumbnailUrl":"https:\/\/vitablanca.ma\/wp-content\/uploads\/2025\/05\/naturally-sourced-vitamin-k2-mk7-100-mcg-50-vegetable-caps.-solgar-.jpg","datePublished":"2025-05-19T21:45:36+00:00","dateModified":"2026-04-06T20:11:15+00:00","description":"Buy Solgar Vitamin K2 MK-7 100 mcg (50 capsules) in Morocco. Essential for strong bones and healthy arteries. Premium quality.","breadcrumb":{"@id":"https:\/\/vitablanca.ma\/produit\/solgar-naturally-sourced-vitamin-k2-mk7-100-mcg-50-vegetable-caps-maroc\/#breadcrumb"},"inLanguage":"en-US","potentialAction":[{"@type":"ReadAction","target":["https:\/\/vitablanca.ma\/produit\/solgar-naturally-sourced-vitamin-k2-mk7-100-mcg-50-vegetable-caps-maroc\/"]}]},{"@type":"ImageObject","inLanguage":"en-US","@id":"https:\/\/vitablanca.ma\/produit\/solgar-naturally-sourced-vitamin-k2-mk7-100-mcg-50-vegetable-caps-maroc\/#primaryimage","url":"https:\/\/vitablanca.ma\/wp-content\/uploads\/2025\/05\/naturally-sourced-vitamin-k2-mk7-100-mcg-50-vegetable-caps.-solgar-.jpg","contentUrl":"https:\/\/vitablanca.ma\/wp-content\/uploads\/2025\/05\/naturally-sourced-vitamin-k2-mk7-100-mcg-50-vegetable-caps.-solgar-.jpg","width":680,"height":680},{"@type":"BreadcrumbList","@id":"https:\/\/vitablanca.ma\/produit\/solgar-naturally-sourced-vitamin-k2-mk7-100-mcg-50-vegetable-caps-maroc\/#breadcrumb","itemListElement":[{"@type":"ListItem","position":1,"name":"Home","item":"https:\/\/vitablanca.ma\/"},{"@type":"ListItem","position":2,"name":"Tous Les Produits","item":"https:\/\/vitablanca.ma\/tous-les-produits\/"},{"@type":"ListItem","position":3,"name":"Solgar K2 Naturally Sourced Vitamin K2 MK7, 100 mcg, 50 Vegetable Caps."}]},{"@type":"WebSite","@id":"https:\/\/vitablanca.ma\/#website","url":"https:\/\/vitablanca.ma\/","name":"VitaBlanca.ma | Food supplements, health &amp; beauty in Morocco","description":"sell premium vitamins and supplements from USA &amp; Canada, New Zealand, Morocco (NOW Foods, Solgar, Manuka). Fast delivery anywhere in Morocco.","publisher":{"@id":"https:\/\/vitablanca.ma\/#organization"},"alternateName":"VitaBlanca.ma","potentialAction":[{"@type":"SearchAction","target":{"@type":"EntryPoint","urlTemplate":"https:\/\/vitablanca.ma\/?s={search_term_string}"},"query-input":{"@type":"PropertyValueSpecification","valueRequired":true,"valueName":"search_term_string"}}],"inLanguage":"en-US"},{"@type":"Organization","@id":"https:\/\/vitablanca.ma\/#organization","name":"VitaBlanca","url":"https:\/\/vitablanca.ma\/","logo":{"@type":"ImageObject","inLanguage":"en-US","@id":"https:\/\/vitablanca.ma\/#\/schema\/logo\/image\/","url":"https:\/\/vitablanca.ma\/wp-content\/uploads\/2025\/05\/cropped-vitablanca.png","contentUrl":"https:\/\/vitablanca.ma\/wp-content\/uploads\/2025\/05\/cropped-vitablanca.png","width":360,"height":67,"caption":"VitaBlanca"},"image":{"@id":"https:\/\/vitablanca.ma\/#\/schema\/logo\/image\/"},"sameAs":["https:\/\/www.facebook.com\/profile.php?id=61576678196717","https:\/\/www.tiktok.com\/@vitablanca.ma","https:\/\/www.instagram.com\/vitablanca.ma\/"]}]}},"jetpack_sharing_enabled":true,"_links":{"self":[{"href":"https:\/\/vitablanca.ma\/en\/wp-json\/wp\/v2\/product\/7804","targetHints":{"allow":["GET"]}}],"collection":[{"href":"https:\/\/vitablanca.ma\/en\/wp-json\/wp\/v2\/product"}],"about":[{"href":"https:\/\/vitablanca.ma\/en\/wp-json\/wp\/v2\/types\/product"}],"wp:featuredmedia":[{"embeddable":true,"href":"https:\/\/vitablanca.ma\/en\/wp-json\/wp\/v2\/media\/7805"}],"wp:attachment":[{"href":"https:\/\/vitablanca.ma\/en\/wp-json\/wp\/v2\/media?parent=7804"}],"wp:term":[{"taxonomy":"product_brand","embeddable":true,"href":"https:\/\/vitablanca.ma\/en\/wp-json\/wp\/v2\/product_brand?post=7804"},{"taxonomy":"product_cat","embeddable":true,"href":"https:\/\/vitablanca.ma\/en\/wp-json\/wp\/v2\/product_cat?post=7804"},{"taxonomy":"product_tag","embeddable":true,"href":"https:\/\/vitablanca.ma\/en\/wp-json\/wp\/v2\/product_tag?post=7804"}],"curies":[{"name":"wp","href":"https:\/\/api.w.org\/{rel}","templated":true}]}}