{"id":7780,"date":"2025-05-18T00:40:17","date_gmt":"2025-05-18T00:40:17","guid":{"rendered":"https:\/\/vitablanca.ma\/?post_type=product&#038;p=7780"},"modified":"2025-08-30T21:22:24","modified_gmt":"2025-08-30T21:22:24","slug":"now-foods-selenium-200-mcg-180-veg-caps-2","status":"publish","type":"product","link":"https:\/\/vitablanca.ma\/en\/product\/now-foods-selenium-200-mcg-180-veg-caps-2\/","title":{"rendered":"Now Foods Selenium, 200 mcg, 180 Veg Caps."},"content":{"rendered":"<p>Selenium is an essential mineral that plays a crucial role in the function of various enzymes in our bodies, while also providing healthy antioxidant benefits. Selenium acts as a catalyst for the glutathione peroxidase enzyme in the liver to aid in the process of cleansing the blood and removing toxins from the body. NOW Foods creates a convenient selenium supplement to provide your body with essential support for its immune, thyroid, and liver function, as well as cellular support and vitamin E regeneration. Selenium is difficult to obtain in healthy amounts through diet alone, but this NOW Foods selenium supplement makes it easy to meet your daily nutritional needs and fill in the gaps. This powerful selenium supplement provides your body with 200 mcg of selenium in the form of L-selenomethionine to meet and exceed your daily nutritional needs. NOW Foods uses vegetarian ingredients and eco-friendly processes to create this beneficial supplement. Each tablet is free from artificial preservatives and GMP certified to provide you with a healthy source of support you can trust. One tablet is all you need each day to provide your body with essential benefits.<\/p>\n\n\n\n<p>Selenium supports healthy liver and thyroid function<br>NOW Foods creates a simple way to provide your body with a healthy amount of selenium every day in these easy-to-consume tablets. Selenium plays a crucial role in liver and thyroid function, thanks to its role as a catalyst for the enzyme glutathione peroxidase. This enzyme helps the liver cleanse the blood and remove toxins from our system. Without selenium, glutathione peroxidase is unable to perform its role in the liver. Selenium also helps catalyze thyroid enzymes responsible for energy production, supporting healthy energy levels.<a href=\"https:\/\/www.jumia.ma\/customer\/account\/login\/?tkWl=NO879DV11L4B5NAFAMZ-28738906&amp;return=%2Fselenium-200-mcg-180-veg-caps-now-foods-mpg890957.html\"><\/a><\/p>","protected":false},"excerpt":{"rendered":"<p>Selenium is an essential mineral that plays a crucial role in the functioning of various enzymes in our bodies, while also providing healthy antioxidant benefits. Selenium acts as a catalyst for the glutathione peroxidase enzyme in the liver to aid in the process of cleansing the blood and removing toxins from the body. Selenium plays a crucial role in liver and thyroid function, thanks to its role as a catalyst for the glutathione peroxidase enzyme. Selenium also helps catalyze thyroid enzymes that are responsible for energy production, supporting healthy energy levels. By improving the efficiency of our body&#039;s most basic function, selenium helps strengthen the immune system to promote overall health. Selenium helps protect cells from oxidative stress and damaging free radicals, providing essential antioxidant support throughout your body.<\/p>","protected":false},"featured_media":7781,"template":"","meta":{"om_disable_all_campaigns":false},"product_brand":[83],"product_cat":[18,3366,163,758,19],"product_tag":[774,771,799,796,795,797,793,798,773,772,792,91,388,726,794],"class_list":{"0":"post-7780","1":"product","2":"type-product","3":"status-publish","4":"has-post-thumbnail","6":"product_brand-now-foods-maroc-prix","7":"product_cat-beaute-sante","8":"product_cat-complements-alimentaires-au-maroc-vitablanca","9":"product_cat-mineraux","10":"product_cat-selenium-mineraux","11":"product_cat-vitamines-supplements-dietetiques","12":"product_tag-acide-gamma-aminobutyrique","13":"product_tag-anti-stress-naturel","14":"product_tag-complement-apaisant-naturel","15":"product_tag-complement-relaxation","16":"product_tag-detente-mentale","17":"product_tag-gaba-750-mg-maroc","18":"product_tag-gaba-puissant-maroc","19":"product_tag-gaba-sommeil-naturel","20":"product_tag-gaba-vegetarien","21":"product_tag-neurotransmetteur-gaba","22":"product_tag-now-foods-gaba-maroc","23":"product_tag-now-foods-maroc","24":"product_tag-now-foods-maroc-avis","25":"product_tag-now-foods-maroc-prix","26":"product_tag-soulagement-stress","28":"first","29":"instock","30":"taxable","31":"shipping-taxable","32":"purchasable","33":"product-type-simple"},"yoast_head":"<!-- This site is optimized with the Yoast SEO plugin v27.4 - https:\/\/yoast.com\/product\/yoast-seo-wordpress\/ -->\n<title>Now Foods Selenium 200 mcg- Antioxydant &amp; Soutien - Maroc<\/title>\n<meta name=\"description\" content=\"Achetez Now Foods S\u00e9l\u00e9nium 200 mcg au Maroc. Ces 180 Veg Caps offrent un puissant soutien antioxydant, renforcent l&#039;immunit\u00e9 et contribuent thyro\u00efdienne\" \/>\n<meta name=\"robots\" content=\"index, follow, max-snippet:-1, max-image-preview:large, max-video-preview:-1\" \/>\n<link rel=\"canonical\" href=\"https:\/\/vitablanca.ma\/en\/product\/now-foods-selenium-200-mcg-180-veg-caps-2\/\" \/>\n<meta property=\"og:locale\" content=\"en_US\" \/>\n<meta property=\"og:type\" content=\"article\" \/>\n<meta property=\"og:title\" content=\"Now Foods Selenium 200 mcg- Antioxydant &amp; Soutien - Maroc\" \/>\n<meta property=\"og:description\" content=\"Achetez Now Foods S\u00e9l\u00e9nium 200 mcg au Maroc. Ces 180 Veg Caps offrent un puissant soutien antioxydant, renforcent l&#039;immunit\u00e9 et contribuent thyro\u00efdienne\" \/>\n<meta property=\"og:url\" content=\"https:\/\/vitablanca.ma\/en\/product\/now-foods-selenium-200-mcg-180-veg-caps-2\/\" \/>\n<meta property=\"og:site_name\" content=\"Vitablanca.ma &ndash; Sant&eacute;, vitalit&eacute; et bien-&ecirc;tre pour tous les Marocains\" \/>\n<meta property=\"article:publisher\" content=\"https:\/\/www.facebook.com\/profile.php?id=61576678196717\" \/>\n<meta property=\"article:modified_time\" content=\"2025-08-30T21:22:24+00:00\" \/>\n<meta property=\"og:image\" content=\"https:\/\/vitablanca.ma\/wp-content\/uploads\/2025\/05\/selenium-200-mcg-180-veg-caps-now-foods-.jpg\" \/>\n\t<meta property=\"og:image:width\" content=\"680\" \/>\n\t<meta property=\"og:image:height\" content=\"680\" \/>\n\t<meta property=\"og:image:type\" content=\"image\/jpeg\" \/>\n<meta name=\"twitter:card\" content=\"summary_large_image\" \/>\n<meta name=\"twitter:label1\" content=\"Est. reading time\" \/>\n\t<meta name=\"twitter:data1\" content=\"2 minutes\" \/>\n<script type=\"application\/ld+json\" class=\"yoast-schema-graph\">{\"@context\":\"https:\\\/\\\/schema.org\",\"@graph\":[{\"@type\":[\"WebPage\",\"ItemPage\"],\"@id\":\"https:\\\/\\\/vitablanca.ma\\\/produit\\\/now-foods-selenium-200-mcg-180-veg-caps-2\\\/\",\"url\":\"https:\\\/\\\/vitablanca.ma\\\/produit\\\/now-foods-selenium-200-mcg-180-veg-caps-2\\\/\",\"name\":\"Now Foods Selenium 200 mcg- Antioxydant & Soutien - Maroc\",\"isPartOf\":{\"@id\":\"https:\\\/\\\/vitablanca.ma\\\/#website\"},\"primaryImageOfPage\":{\"@id\":\"https:\\\/\\\/vitablanca.ma\\\/produit\\\/now-foods-selenium-200-mcg-180-veg-caps-2\\\/#primaryimage\"},\"image\":{\"@id\":\"https:\\\/\\\/vitablanca.ma\\\/produit\\\/now-foods-selenium-200-mcg-180-veg-caps-2\\\/#primaryimage\"},\"thumbnailUrl\":\"https:\\\/\\\/vitablanca.ma\\\/wp-content\\\/uploads\\\/2025\\\/05\\\/selenium-200-mcg-180-veg-caps-now-foods-.jpg\",\"datePublished\":\"2025-05-18T00:40:17+00:00\",\"dateModified\":\"2025-08-30T21:22:24+00:00\",\"description\":\"Achetez Now Foods S\u00e9l\u00e9nium 200 mcg au Maroc. Ces 180 Veg Caps offrent un puissant soutien antioxydant, renforcent l'immunit\u00e9 et contribuent thyro\u00efdienne\",\"breadcrumb\":{\"@id\":\"https:\\\/\\\/vitablanca.ma\\\/produit\\\/now-foods-selenium-200-mcg-180-veg-caps-2\\\/#breadcrumb\"},\"inLanguage\":\"en-US\",\"potentialAction\":[{\"@type\":\"ReadAction\",\"target\":[\"https:\\\/\\\/vitablanca.ma\\\/produit\\\/now-foods-selenium-200-mcg-180-veg-caps-2\\\/\"]}]},{\"@type\":\"ImageObject\",\"inLanguage\":\"en-US\",\"@id\":\"https:\\\/\\\/vitablanca.ma\\\/produit\\\/now-foods-selenium-200-mcg-180-veg-caps-2\\\/#primaryimage\",\"url\":\"https:\\\/\\\/vitablanca.ma\\\/wp-content\\\/uploads\\\/2025\\\/05\\\/selenium-200-mcg-180-veg-caps-now-foods-.jpg\",\"contentUrl\":\"https:\\\/\\\/vitablanca.ma\\\/wp-content\\\/uploads\\\/2025\\\/05\\\/selenium-200-mcg-180-veg-caps-now-foods-.jpg\",\"width\":680,\"height\":680},{\"@type\":\"BreadcrumbList\",\"@id\":\"https:\\\/\\\/vitablanca.ma\\\/produit\\\/now-foods-selenium-200-mcg-180-veg-caps-2\\\/#breadcrumb\",\"itemListElement\":[{\"@type\":\"ListItem\",\"position\":1,\"name\":\"Home\",\"item\":\"https:\\\/\\\/vitablanca.ma\\\/\"},{\"@type\":\"ListItem\",\"position\":2,\"name\":\"Tous Les Produits\",\"item\":\"https:\\\/\\\/vitablanca.ma\\\/tous-les-produits\\\/\"},{\"@type\":\"ListItem\",\"position\":3,\"name\":\"Now Foods Selenium, 200 mcg, 180 Veg Caps.\"}]},{\"@type\":\"WebSite\",\"@id\":\"https:\\\/\\\/vitablanca.ma\\\/#website\",\"url\":\"https:\\\/\\\/vitablanca.ma\\\/\",\"name\":\"VitaBlanca.ma | Compl\u00e9ments alimentaires, sant\u00e9 & beaut\u00e9 au Maroc\",\"description\":\"vendre vitamines et compl\u00e9ments premium des USA &amp; Canada, Nouvelle Z\u00e9lande,Maroc (NOW Foods, Solgar, Manuka). Livraison rapide partout au Maroc.\",\"publisher\":{\"@id\":\"https:\\\/\\\/vitablanca.ma\\\/#organization\"},\"alternateName\":\"VitaBlanca.ma\",\"potentialAction\":[{\"@type\":\"SearchAction\",\"target\":{\"@type\":\"EntryPoint\",\"urlTemplate\":\"https:\\\/\\\/vitablanca.ma\\\/?s={search_term_string}\"},\"query-input\":{\"@type\":\"PropertyValueSpecification\",\"valueRequired\":true,\"valueName\":\"search_term_string\"}}],\"inLanguage\":\"en-US\"},{\"@type\":\"Organization\",\"@id\":\"https:\\\/\\\/vitablanca.ma\\\/#organization\",\"name\":\"VitaBlanca\",\"url\":\"https:\\\/\\\/vitablanca.ma\\\/\",\"logo\":{\"@type\":\"ImageObject\",\"inLanguage\":\"en-US\",\"@id\":\"https:\\\/\\\/vitablanca.ma\\\/#\\\/schema\\\/logo\\\/image\\\/\",\"url\":\"https:\\\/\\\/vitablanca.ma\\\/wp-content\\\/uploads\\\/2025\\\/05\\\/cropped-vitablanca.png\",\"contentUrl\":\"https:\\\/\\\/vitablanca.ma\\\/wp-content\\\/uploads\\\/2025\\\/05\\\/cropped-vitablanca.png\",\"width\":360,\"height\":67,\"caption\":\"VitaBlanca\"},\"image\":{\"@id\":\"https:\\\/\\\/vitablanca.ma\\\/#\\\/schema\\\/logo\\\/image\\\/\"},\"sameAs\":[\"https:\\\/\\\/www.facebook.com\\\/profile.php?id=61576678196717\",\"https:\\\/\\\/www.tiktok.com\\\/@vitablanca.ma\",\"https:\\\/\\\/www.instagram.com\\\/vitablanca.ma\\\/\"]}]}<\/script>\n<!-- \/ Yoast SEO plugin. -->","yoast_head_json":{"title":"Now Foods Selenium 200 mcg - Antioxidant &amp; Support - Morocco","description":"Buy Now Foods Selenium 200 mcg in Morocco. These 180 Veg Caps provide powerful antioxidant support, boost immunity, and contribute to thyroid health.","robots":{"index":"index","follow":"follow","max-snippet":"max-snippet:-1","max-image-preview":"max-image-preview:large","max-video-preview":"max-video-preview:-1"},"canonical":"https:\/\/vitablanca.ma\/en\/product\/now-foods-selenium-200-mcg-180-veg-caps-2\/","og_locale":"en_US","og_type":"article","og_title":"Now Foods Selenium 200 mcg- Antioxydant & Soutien - Maroc","og_description":"Achetez Now Foods S\u00e9l\u00e9nium 200 mcg au Maroc. Ces 180 Veg Caps offrent un puissant soutien antioxydant, renforcent l'immunit\u00e9 et contribuent thyro\u00efdienne","og_url":"https:\/\/vitablanca.ma\/en\/product\/now-foods-selenium-200-mcg-180-veg-caps-2\/","og_site_name":"Vitablanca.ma &ndash; Sant&eacute;, vitalit&eacute; et bien-&ecirc;tre pour tous les Marocains","article_publisher":"https:\/\/www.facebook.com\/profile.php?id=61576678196717","article_modified_time":"2025-08-30T21:22:24+00:00","og_image":[{"width":680,"height":680,"url":"https:\/\/vitablanca.ma\/wp-content\/uploads\/2025\/05\/selenium-200-mcg-180-veg-caps-now-foods-.jpg","type":"image\/jpeg"}],"twitter_card":"summary_large_image","twitter_misc":{"Est. reading time":"2 minutes"},"schema":{"@context":"https:\/\/schema.org","@graph":[{"@type":["WebPage","ItemPage"],"@id":"https:\/\/vitablanca.ma\/produit\/now-foods-selenium-200-mcg-180-veg-caps-2\/","url":"https:\/\/vitablanca.ma\/produit\/now-foods-selenium-200-mcg-180-veg-caps-2\/","name":"Now Foods Selenium 200 mcg - Antioxidant &amp; Support - Morocco","isPartOf":{"@id":"https:\/\/vitablanca.ma\/#website"},"primaryImageOfPage":{"@id":"https:\/\/vitablanca.ma\/produit\/now-foods-selenium-200-mcg-180-veg-caps-2\/#primaryimage"},"image":{"@id":"https:\/\/vitablanca.ma\/produit\/now-foods-selenium-200-mcg-180-veg-caps-2\/#primaryimage"},"thumbnailUrl":"https:\/\/vitablanca.ma\/wp-content\/uploads\/2025\/05\/selenium-200-mcg-180-veg-caps-now-foods-.jpg","datePublished":"2025-05-18T00:40:17+00:00","dateModified":"2025-08-30T21:22:24+00:00","description":"Buy Now Foods Selenium 200 mcg in Morocco. These 180 Veg Caps provide powerful antioxidant support, boost immunity, and contribute to thyroid health.","breadcrumb":{"@id":"https:\/\/vitablanca.ma\/produit\/now-foods-selenium-200-mcg-180-veg-caps-2\/#breadcrumb"},"inLanguage":"en-US","potentialAction":[{"@type":"ReadAction","target":["https:\/\/vitablanca.ma\/produit\/now-foods-selenium-200-mcg-180-veg-caps-2\/"]}]},{"@type":"ImageObject","inLanguage":"en-US","@id":"https:\/\/vitablanca.ma\/produit\/now-foods-selenium-200-mcg-180-veg-caps-2\/#primaryimage","url":"https:\/\/vitablanca.ma\/wp-content\/uploads\/2025\/05\/selenium-200-mcg-180-veg-caps-now-foods-.jpg","contentUrl":"https:\/\/vitablanca.ma\/wp-content\/uploads\/2025\/05\/selenium-200-mcg-180-veg-caps-now-foods-.jpg","width":680,"height":680},{"@type":"BreadcrumbList","@id":"https:\/\/vitablanca.ma\/produit\/now-foods-selenium-200-mcg-180-veg-caps-2\/#breadcrumb","itemListElement":[{"@type":"ListItem","position":1,"name":"Home","item":"https:\/\/vitablanca.ma\/"},{"@type":"ListItem","position":2,"name":"Tous Les Produits","item":"https:\/\/vitablanca.ma\/tous-les-produits\/"},{"@type":"ListItem","position":3,"name":"Now Foods Selenium, 200 mcg, 180 Veg Caps."}]},{"@type":"WebSite","@id":"https:\/\/vitablanca.ma\/#website","url":"https:\/\/vitablanca.ma\/","name":"VitaBlanca.ma | Food supplements, health &amp; beauty in Morocco","description":"sell premium vitamins and supplements from USA &amp; Canada, New Zealand, Morocco (NOW Foods, Solgar, Manuka). Fast delivery anywhere in Morocco.","publisher":{"@id":"https:\/\/vitablanca.ma\/#organization"},"alternateName":"VitaBlanca.ma","potentialAction":[{"@type":"SearchAction","target":{"@type":"EntryPoint","urlTemplate":"https:\/\/vitablanca.ma\/?s={search_term_string}"},"query-input":{"@type":"PropertyValueSpecification","valueRequired":true,"valueName":"search_term_string"}}],"inLanguage":"en-US"},{"@type":"Organization","@id":"https:\/\/vitablanca.ma\/#organization","name":"VitaBlanca","url":"https:\/\/vitablanca.ma\/","logo":{"@type":"ImageObject","inLanguage":"en-US","@id":"https:\/\/vitablanca.ma\/#\/schema\/logo\/image\/","url":"https:\/\/vitablanca.ma\/wp-content\/uploads\/2025\/05\/cropped-vitablanca.png","contentUrl":"https:\/\/vitablanca.ma\/wp-content\/uploads\/2025\/05\/cropped-vitablanca.png","width":360,"height":67,"caption":"VitaBlanca"},"image":{"@id":"https:\/\/vitablanca.ma\/#\/schema\/logo\/image\/"},"sameAs":["https:\/\/www.facebook.com\/profile.php?id=61576678196717","https:\/\/www.tiktok.com\/@vitablanca.ma","https:\/\/www.instagram.com\/vitablanca.ma\/"]}]}},"jetpack_sharing_enabled":true,"_links":{"self":[{"href":"https:\/\/vitablanca.ma\/en\/wp-json\/wp\/v2\/product\/7780","targetHints":{"allow":["GET"]}}],"collection":[{"href":"https:\/\/vitablanca.ma\/en\/wp-json\/wp\/v2\/product"}],"about":[{"href":"https:\/\/vitablanca.ma\/en\/wp-json\/wp\/v2\/types\/product"}],"wp:featuredmedia":[{"embeddable":true,"href":"https:\/\/vitablanca.ma\/en\/wp-json\/wp\/v2\/media\/7781"}],"wp:attachment":[{"href":"https:\/\/vitablanca.ma\/en\/wp-json\/wp\/v2\/media?parent=7780"}],"wp:term":[{"taxonomy":"product_brand","embeddable":true,"href":"https:\/\/vitablanca.ma\/en\/wp-json\/wp\/v2\/product_brand?post=7780"},{"taxonomy":"product_cat","embeddable":true,"href":"https:\/\/vitablanca.ma\/en\/wp-json\/wp\/v2\/product_cat?post=7780"},{"taxonomy":"product_tag","embeddable":true,"href":"https:\/\/vitablanca.ma\/en\/wp-json\/wp\/v2\/product_tag?post=7780"}],"curies":[{"name":"wp","href":"https:\/\/api.w.org\/{rel}","templated":true}]}}