{"id":7772,"date":"2025-05-18T00:26:53","date_gmt":"2025-05-18T00:26:53","guid":{"rendered":"https:\/\/vitablanca.ma\/?post_type=product&#038;p=7772"},"modified":"2025-08-30T21:22:26","modified_gmt":"2025-08-30T21:22:26","slug":"now-foods-gaba-extra-puissantes-750-mg-100-veg-caps-maroc","status":"publish","type":"product","link":"https:\/\/vitablanca.ma\/en\/product\/now-foods-gaba-extra-puissantes-750-mg-100-veg-caps-maroc\/","title":{"rendered":"Now Foods GABA, Extra Strength 750 mg, 100 Veg Caps"},"content":{"rendered":"<p>GABA (gamma-aminobutyric acid) is a non-essential amino acid found primarily in the brain and eyes. NOW Foods GABA is considered an inhibitory neurotransmitter, meaning it regulates brain and nerve cell activity by inhibiting the number of neurons firing in the brain. Now Foods GABA is called &quot;the brain&#039;s natural calming agent.&quot; By inhibiting overstimulation of the brain, GABA can help promote relaxation and relieve nervous tension. Now Foods provides only the naturally occurring form as found in food and in the body.<a href=\"https:\/\/www.jumia.ma\/customer\/account\/login\/?tkWl=NO879DV0RX98LNAFAMZ-28913740&amp;return=%2Fgaba-extra-puissantes-750-mg-100-veg-caps-now-foods-mpg967578.html\"><\/a><\/p>","protected":false},"excerpt":{"rendered":"<ul>\n<li>Neurotransmitter support<\/li>\n<li>Gamma-aminobutyric acid<\/li>\n<li>GMO-free<\/li>\n<li>Food supplement<\/li>\n<li>Vegetarian \u2013 vegan<\/li>\n<li>Amino acids<\/li>\n<li>Natural calming effect \u2013 Vegetarian formula<\/li>\n<li>\u00a0<\/li>\n<li>Promotes relaxation<\/li>\n<li>\u00a0<\/li>\n<li>Relieves nervous tension<\/li>\n<\/ul>","protected":false},"featured_media":7773,"template":"","meta":{"om_disable_all_campaigns":false},"product_brand":[83],"product_cat":[18,3366,20,19],"product_tag":[774,771,769,779,778,780,770,781,777,775,773,772,91,388,726,776],"class_list":{"0":"post-7772","1":"product","2":"type-product","3":"status-publish","4":"has-post-thumbnail","6":"product_brand-now-foods-maroc-prix","7":"product_cat-beaute-sante","8":"product_cat-complements-alimentaires-au-maroc-vitablanca","9":"product_cat-supplements","10":"product_cat-vitamines-supplements-dietetiques","11":"product_tag-acide-gamma-aminobutyrique","12":"product_tag-anti-stress-naturel","13":"product_tag-complement-relaxation-maroc","14":"product_tag-detente-naturelle","15":"product_tag-formule-calmante-vegetale","16":"product_tag-gaba-acide-amine","17":"product_tag-gaba-maroc","18":"product_tag-gaba-now-foods","19":"product_tag-gaba-sans-ogm","20":"product_tag-gaba-sommeil","21":"product_tag-gaba-vegetarien","22":"product_tag-neurotransmetteur-gaba","23":"product_tag-now-foods-maroc","24":"product_tag-now-foods-maroc-avis","25":"product_tag-now-foods-maroc-prix","26":"product_tag-soulagement-du-stress","28":"first","29":"instock","30":"taxable","31":"shipping-taxable","32":"purchasable","33":"product-type-simple"},"yoast_head":"<!-- This site is optimized with the Yoast SEO plugin v27.4 - https:\/\/yoast.com\/product\/yoast-seo-wordpress\/ -->\n<title>Now Foods GABA Extra Puissantes 750 mg 100 Caps - Maroc Prix<\/title>\n<meta name=\"description\" content=\"Achetez Now Foods GABA 750 mg au Maroc. Ces 100 Caps offrent une dose concentr\u00e9e de GABA pour une relaxation stress et le soutien intense,\" \/>\n<meta name=\"robots\" content=\"index, follow, max-snippet:-1, max-image-preview:large, max-video-preview:-1\" \/>\n<link rel=\"canonical\" href=\"https:\/\/vitablanca.ma\/en\/product\/now-foods-gaba-extra-puissantes-750-mg-100-veg-caps-maroc\/\" \/>\n<meta property=\"og:locale\" content=\"en_US\" \/>\n<meta property=\"og:type\" content=\"article\" \/>\n<meta property=\"og:title\" content=\"Now Foods GABA Extra Puissantes 750 mg 100 Caps - Maroc Prix\" \/>\n<meta property=\"og:description\" content=\"Achetez Now Foods GABA 750 mg au Maroc. Ces 100 Caps offrent une dose concentr\u00e9e de GABA pour une relaxation stress et le soutien intense,\" \/>\n<meta property=\"og:url\" content=\"https:\/\/vitablanca.ma\/en\/product\/now-foods-gaba-extra-puissantes-750-mg-100-veg-caps-maroc\/\" \/>\n<meta property=\"og:site_name\" content=\"Vitablanca.ma &ndash; Sant&eacute;, vitalit&eacute; et bien-&ecirc;tre pour tous les Marocains\" \/>\n<meta property=\"article:publisher\" content=\"https:\/\/www.facebook.com\/profile.php?id=61576678196717\" \/>\n<meta property=\"article:modified_time\" content=\"2025-08-30T21:22:26+00:00\" \/>\n<meta property=\"og:image\" content=\"https:\/\/vitablanca.ma\/wp-content\/uploads\/2025\/05\/gaba-extra-puissantes-750-mg-100-veg-caps-now-.jpg\" \/>\n\t<meta property=\"og:image:width\" content=\"680\" \/>\n\t<meta property=\"og:image:height\" content=\"680\" \/>\n\t<meta property=\"og:image:type\" content=\"image\/jpeg\" \/>\n<meta name=\"twitter:card\" content=\"summary_large_image\" \/>\n<meta name=\"twitter:label1\" content=\"Est. reading time\" \/>\n\t<meta name=\"twitter:data1\" content=\"1 minute\" \/>\n<script type=\"application\/ld+json\" class=\"yoast-schema-graph\">{\"@context\":\"https:\\\/\\\/schema.org\",\"@graph\":[{\"@type\":[\"WebPage\",\"ItemPage\"],\"@id\":\"https:\\\/\\\/vitablanca.ma\\\/produit\\\/now-foods-gaba-extra-puissantes-750-mg-100-veg-caps-maroc\\\/\",\"url\":\"https:\\\/\\\/vitablanca.ma\\\/produit\\\/now-foods-gaba-extra-puissantes-750-mg-100-veg-caps-maroc\\\/\",\"name\":\"Now Foods GABA Extra Puissantes 750 mg 100 Caps - Maroc Prix\",\"isPartOf\":{\"@id\":\"https:\\\/\\\/vitablanca.ma\\\/#website\"},\"primaryImageOfPage\":{\"@id\":\"https:\\\/\\\/vitablanca.ma\\\/produit\\\/now-foods-gaba-extra-puissantes-750-mg-100-veg-caps-maroc\\\/#primaryimage\"},\"image\":{\"@id\":\"https:\\\/\\\/vitablanca.ma\\\/produit\\\/now-foods-gaba-extra-puissantes-750-mg-100-veg-caps-maroc\\\/#primaryimage\"},\"thumbnailUrl\":\"https:\\\/\\\/vitablanca.ma\\\/wp-content\\\/uploads\\\/2025\\\/05\\\/gaba-extra-puissantes-750-mg-100-veg-caps-now-.jpg\",\"datePublished\":\"2025-05-18T00:26:53+00:00\",\"dateModified\":\"2025-08-30T21:22:26+00:00\",\"description\":\"Achetez Now Foods GABA 750 mg au Maroc. Ces 100 Caps offrent une dose concentr\u00e9e de GABA pour une relaxation stress et le soutien intense,\",\"breadcrumb\":{\"@id\":\"https:\\\/\\\/vitablanca.ma\\\/produit\\\/now-foods-gaba-extra-puissantes-750-mg-100-veg-caps-maroc\\\/#breadcrumb\"},\"inLanguage\":\"en-US\",\"potentialAction\":[{\"@type\":\"ReadAction\",\"target\":[\"https:\\\/\\\/vitablanca.ma\\\/produit\\\/now-foods-gaba-extra-puissantes-750-mg-100-veg-caps-maroc\\\/\"]}]},{\"@type\":\"ImageObject\",\"inLanguage\":\"en-US\",\"@id\":\"https:\\\/\\\/vitablanca.ma\\\/produit\\\/now-foods-gaba-extra-puissantes-750-mg-100-veg-caps-maroc\\\/#primaryimage\",\"url\":\"https:\\\/\\\/vitablanca.ma\\\/wp-content\\\/uploads\\\/2025\\\/05\\\/gaba-extra-puissantes-750-mg-100-veg-caps-now-.jpg\",\"contentUrl\":\"https:\\\/\\\/vitablanca.ma\\\/wp-content\\\/uploads\\\/2025\\\/05\\\/gaba-extra-puissantes-750-mg-100-veg-caps-now-.jpg\",\"width\":680,\"height\":680},{\"@type\":\"BreadcrumbList\",\"@id\":\"https:\\\/\\\/vitablanca.ma\\\/produit\\\/now-foods-gaba-extra-puissantes-750-mg-100-veg-caps-maroc\\\/#breadcrumb\",\"itemListElement\":[{\"@type\":\"ListItem\",\"position\":1,\"name\":\"Home\",\"item\":\"https:\\\/\\\/vitablanca.ma\\\/\"},{\"@type\":\"ListItem\",\"position\":2,\"name\":\"Tous Les Produits\",\"item\":\"https:\\\/\\\/vitablanca.ma\\\/tous-les-produits\\\/\"},{\"@type\":\"ListItem\",\"position\":3,\"name\":\"Now Foods GABA, Extra Puissantes 750 mg, 100 Veg Caps\"}]},{\"@type\":\"WebSite\",\"@id\":\"https:\\\/\\\/vitablanca.ma\\\/#website\",\"url\":\"https:\\\/\\\/vitablanca.ma\\\/\",\"name\":\"VitaBlanca.ma | Compl\u00e9ments alimentaires, sant\u00e9 & beaut\u00e9 au Maroc\",\"description\":\"vendre vitamines et compl\u00e9ments premium des USA &amp; Canada, Nouvelle Z\u00e9lande,Maroc (NOW Foods, Solgar, Manuka). Livraison rapide partout au Maroc.\",\"publisher\":{\"@id\":\"https:\\\/\\\/vitablanca.ma\\\/#organization\"},\"alternateName\":\"VitaBlanca.ma\",\"potentialAction\":[{\"@type\":\"SearchAction\",\"target\":{\"@type\":\"EntryPoint\",\"urlTemplate\":\"https:\\\/\\\/vitablanca.ma\\\/?s={search_term_string}\"},\"query-input\":{\"@type\":\"PropertyValueSpecification\",\"valueRequired\":true,\"valueName\":\"search_term_string\"}}],\"inLanguage\":\"en-US\"},{\"@type\":\"Organization\",\"@id\":\"https:\\\/\\\/vitablanca.ma\\\/#organization\",\"name\":\"VitaBlanca\",\"url\":\"https:\\\/\\\/vitablanca.ma\\\/\",\"logo\":{\"@type\":\"ImageObject\",\"inLanguage\":\"en-US\",\"@id\":\"https:\\\/\\\/vitablanca.ma\\\/#\\\/schema\\\/logo\\\/image\\\/\",\"url\":\"https:\\\/\\\/vitablanca.ma\\\/wp-content\\\/uploads\\\/2025\\\/05\\\/cropped-vitablanca.png\",\"contentUrl\":\"https:\\\/\\\/vitablanca.ma\\\/wp-content\\\/uploads\\\/2025\\\/05\\\/cropped-vitablanca.png\",\"width\":360,\"height\":67,\"caption\":\"VitaBlanca\"},\"image\":{\"@id\":\"https:\\\/\\\/vitablanca.ma\\\/#\\\/schema\\\/logo\\\/image\\\/\"},\"sameAs\":[\"https:\\\/\\\/www.facebook.com\\\/profile.php?id=61576678196717\",\"https:\\\/\\\/www.tiktok.com\\\/@vitablanca.ma\",\"https:\\\/\\\/www.instagram.com\\\/vitablanca.ma\\\/\"]}]}<\/script>\n<!-- \/ Yoast SEO plugin. -->","yoast_head_json":{"title":"Now Foods GABA Extra Strength 750 mg 100 Caplets - Morocco Price","description":"Buy Now Foods GABA 750 mg in Morocco. These 100 capsules provide a concentrated dose of GABA for stress relief and intense support.","robots":{"index":"index","follow":"follow","max-snippet":"max-snippet:-1","max-image-preview":"max-image-preview:large","max-video-preview":"max-video-preview:-1"},"canonical":"https:\/\/vitablanca.ma\/en\/product\/now-foods-gaba-extra-puissantes-750-mg-100-veg-caps-maroc\/","og_locale":"en_US","og_type":"article","og_title":"Now Foods GABA Extra Puissantes 750 mg 100 Caps - Maroc Prix","og_description":"Achetez Now Foods GABA 750 mg au Maroc. Ces 100 Caps offrent une dose concentr\u00e9e de GABA pour une relaxation stress et le soutien intense,","og_url":"https:\/\/vitablanca.ma\/en\/product\/now-foods-gaba-extra-puissantes-750-mg-100-veg-caps-maroc\/","og_site_name":"Vitablanca.ma &ndash; Sant&eacute;, vitalit&eacute; et bien-&ecirc;tre pour tous les Marocains","article_publisher":"https:\/\/www.facebook.com\/profile.php?id=61576678196717","article_modified_time":"2025-08-30T21:22:26+00:00","og_image":[{"width":680,"height":680,"url":"https:\/\/vitablanca.ma\/wp-content\/uploads\/2025\/05\/gaba-extra-puissantes-750-mg-100-veg-caps-now-.jpg","type":"image\/jpeg"}],"twitter_card":"summary_large_image","twitter_misc":{"Est. reading time":"1 minute"},"schema":{"@context":"https:\/\/schema.org","@graph":[{"@type":["WebPage","ItemPage"],"@id":"https:\/\/vitablanca.ma\/produit\/now-foods-gaba-extra-puissantes-750-mg-100-veg-caps-maroc\/","url":"https:\/\/vitablanca.ma\/produit\/now-foods-gaba-extra-puissantes-750-mg-100-veg-caps-maroc\/","name":"Now Foods GABA Extra Strength 750 mg 100 Caplets - Morocco Price","isPartOf":{"@id":"https:\/\/vitablanca.ma\/#website"},"primaryImageOfPage":{"@id":"https:\/\/vitablanca.ma\/produit\/now-foods-gaba-extra-puissantes-750-mg-100-veg-caps-maroc\/#primaryimage"},"image":{"@id":"https:\/\/vitablanca.ma\/produit\/now-foods-gaba-extra-puissantes-750-mg-100-veg-caps-maroc\/#primaryimage"},"thumbnailUrl":"https:\/\/vitablanca.ma\/wp-content\/uploads\/2025\/05\/gaba-extra-puissantes-750-mg-100-veg-caps-now-.jpg","datePublished":"2025-05-18T00:26:53+00:00","dateModified":"2025-08-30T21:22:26+00:00","description":"Buy Now Foods GABA 750 mg in Morocco. These 100 capsules provide a concentrated dose of GABA for stress relief and intense support.","breadcrumb":{"@id":"https:\/\/vitablanca.ma\/produit\/now-foods-gaba-extra-puissantes-750-mg-100-veg-caps-maroc\/#breadcrumb"},"inLanguage":"en-US","potentialAction":[{"@type":"ReadAction","target":["https:\/\/vitablanca.ma\/produit\/now-foods-gaba-extra-puissantes-750-mg-100-veg-caps-maroc\/"]}]},{"@type":"ImageObject","inLanguage":"en-US","@id":"https:\/\/vitablanca.ma\/produit\/now-foods-gaba-extra-puissantes-750-mg-100-veg-caps-maroc\/#primaryimage","url":"https:\/\/vitablanca.ma\/wp-content\/uploads\/2025\/05\/gaba-extra-puissantes-750-mg-100-veg-caps-now-.jpg","contentUrl":"https:\/\/vitablanca.ma\/wp-content\/uploads\/2025\/05\/gaba-extra-puissantes-750-mg-100-veg-caps-now-.jpg","width":680,"height":680},{"@type":"BreadcrumbList","@id":"https:\/\/vitablanca.ma\/produit\/now-foods-gaba-extra-puissantes-750-mg-100-veg-caps-maroc\/#breadcrumb","itemListElement":[{"@type":"ListItem","position":1,"name":"Home","item":"https:\/\/vitablanca.ma\/"},{"@type":"ListItem","position":2,"name":"Tous Les Produits","item":"https:\/\/vitablanca.ma\/tous-les-produits\/"},{"@type":"ListItem","position":3,"name":"Now Foods GABA, Extra Puissantes 750 mg, 100 Veg Caps"}]},{"@type":"WebSite","@id":"https:\/\/vitablanca.ma\/#website","url":"https:\/\/vitablanca.ma\/","name":"VitaBlanca.ma | Food supplements, health &amp; beauty in Morocco","description":"sell premium vitamins and supplements from USA &amp; Canada, New Zealand, Morocco (NOW Foods, Solgar, Manuka). Fast delivery anywhere in Morocco.","publisher":{"@id":"https:\/\/vitablanca.ma\/#organization"},"alternateName":"VitaBlanca.ma","potentialAction":[{"@type":"SearchAction","target":{"@type":"EntryPoint","urlTemplate":"https:\/\/vitablanca.ma\/?s={search_term_string}"},"query-input":{"@type":"PropertyValueSpecification","valueRequired":true,"valueName":"search_term_string"}}],"inLanguage":"en-US"},{"@type":"Organization","@id":"https:\/\/vitablanca.ma\/#organization","name":"VitaBlanca","url":"https:\/\/vitablanca.ma\/","logo":{"@type":"ImageObject","inLanguage":"en-US","@id":"https:\/\/vitablanca.ma\/#\/schema\/logo\/image\/","url":"https:\/\/vitablanca.ma\/wp-content\/uploads\/2025\/05\/cropped-vitablanca.png","contentUrl":"https:\/\/vitablanca.ma\/wp-content\/uploads\/2025\/05\/cropped-vitablanca.png","width":360,"height":67,"caption":"VitaBlanca"},"image":{"@id":"https:\/\/vitablanca.ma\/#\/schema\/logo\/image\/"},"sameAs":["https:\/\/www.facebook.com\/profile.php?id=61576678196717","https:\/\/www.tiktok.com\/@vitablanca.ma","https:\/\/www.instagram.com\/vitablanca.ma\/"]}]}},"jetpack_sharing_enabled":true,"_links":{"self":[{"href":"https:\/\/vitablanca.ma\/en\/wp-json\/wp\/v2\/product\/7772","targetHints":{"allow":["GET"]}}],"collection":[{"href":"https:\/\/vitablanca.ma\/en\/wp-json\/wp\/v2\/product"}],"about":[{"href":"https:\/\/vitablanca.ma\/en\/wp-json\/wp\/v2\/types\/product"}],"wp:featuredmedia":[{"embeddable":true,"href":"https:\/\/vitablanca.ma\/en\/wp-json\/wp\/v2\/media\/7773"}],"wp:attachment":[{"href":"https:\/\/vitablanca.ma\/en\/wp-json\/wp\/v2\/media?parent=7772"}],"wp:term":[{"taxonomy":"product_brand","embeddable":true,"href":"https:\/\/vitablanca.ma\/en\/wp-json\/wp\/v2\/product_brand?post=7772"},{"taxonomy":"product_cat","embeddable":true,"href":"https:\/\/vitablanca.ma\/en\/wp-json\/wp\/v2\/product_cat?post=7772"},{"taxonomy":"product_tag","embeddable":true,"href":"https:\/\/vitablanca.ma\/en\/wp-json\/wp\/v2\/product_tag?post=7772"}],"curies":[{"name":"wp","href":"https:\/\/api.w.org\/{rel}","templated":true}]}}