{"id":7765,"date":"2025-05-18T00:01:05","date_gmt":"2025-05-18T00:01:05","guid":{"rendered":"https:\/\/vitablanca.ma\/?post_type=product&#038;p=7765"},"modified":"2026-03-04T21:58:53","modified_gmt":"2026-03-04T21:58:53","slug":"natures-bounty-seleniumhaute-puissance-200-mcg-100-compr-maroc","status":"publish","type":"product","link":"https:\/\/vitablanca.ma\/en\/product\/natures-bounty-seleniumhaute-puissance-200-mcg-100-compr-maroc\/","title":{"rendered":"Nature&#039;s Bounty Selenium, High Potency 200 mcg, 100 Tablets"},"content":{"rendered":"<p>Selenium is an essential micronutrient that protects cells against oxidative damage thanks to its antioxidant effect, but also thanks to the fact that it exerts an antioxidant action in synergy with vitamins A, C and E.<\/p>\r\n\r\n\r\n\r\n<p>Similarly, selenium also promotes good immune function and helps fight the toxic effects of heavy metals and other harmful substances.<\/p>\r\n\r\n\r\n\r\n<p>Active individuals and athletes are at risk of selenium deficiency, as intense exercise increases the production of free radicals. The risk of deficiency is also higher among vegetarians, the elderly, smokers, and those exposed to toxic chemicals.<\/p>\r\n\r\n\r\n\r\n<p>&nbsp;<\/p>","protected":false},"excerpt":{"rendered":"<ul>\n<li>Maintaining prostate and immune system health<\/li>\n<li>Mineral intake<\/li>\n<li>Powerful antioxidant<\/li>\n<li>Quality guaranteed<\/li>\n<li>Lab tested<\/li>\n<\/ul>","protected":false},"featured_media":7768,"template":"","meta":{"om_disable_all_campaigns":false},"product_brand":[148],"product_cat":[18,3366,163,758,19],"product_tag":[754,748,751,154,757,749,756,755,752,747,753],"class_list":{"0":"post-7765","1":"product","2":"type-product","3":"status-publish","4":"has-post-thumbnail","6":"product_brand-natures-bounty-maroc-prix","7":"product_cat-beaute-sante","8":"product_cat-complements-alimentaires-au-maroc-vitablanca","9":"product_cat-mineraux","10":"product_cat-selenium-mineraux","11":"product_cat-vitamines-supplements-dietetiques","12":"product_tag-acheter-selenium-maroc","13":"product_tag-antioxydant-naturel","14":"product_tag-complement-selenium-maroc","15":"product_tag-natures-bounty-maroc","16":"product_tag-natures-bounty-selenium-maroc","17":"product_tag-selenium-200-mcg","18":"product_tag-selenium-comprimes","19":"product_tag-selenium-haute-puissance","20":"product_tag-selenium-immunite","21":"product_tag-selenium-maroc","22":"product_tag-selenium-sante-cellulaire","24":"first","25":"outofstock","26":"taxable","27":"shipping-taxable","28":"purchasable","29":"product-type-simple"},"yoast_head":"<!-- This site is optimized with the Yoast SEO plugin v27.4 - https:\/\/yoast.com\/product\/yoast-seo-wordpress\/ -->\n<title>Nature&#039;S Bounty Selenium,Haute Puissance 200 mcg - Maroc Prix<\/title>\n<meta name=\"description\" content=\"Achetez Nature&#039;s Bounty S\u00e9l\u00e9nium 200 mcg (100 comprim\u00e9s) au Maroc. Puissant antioxydant pour la thyro\u00efde, l&#039;immunit\u00e9 et la protection cellulaire.\" \/>\n<meta name=\"robots\" content=\"index, follow, max-snippet:-1, max-image-preview:large, max-video-preview:-1\" \/>\n<link rel=\"canonical\" href=\"https:\/\/vitablanca.ma\/en\/product\/natures-bounty-seleniumhaute-puissance-200-mcg-100-compr-maroc\/\" \/>\n<meta property=\"og:locale\" content=\"en_US\" \/>\n<meta property=\"og:type\" content=\"article\" \/>\n<meta property=\"og:title\" content=\"Nature&#039;S Bounty Selenium,Haute Puissance 200 mcg - Maroc Prix\" \/>\n<meta property=\"og:description\" content=\"Achetez Nature&#039;s Bounty S\u00e9l\u00e9nium 200 mcg (100 comprim\u00e9s) au Maroc. Puissant antioxydant pour la thyro\u00efde, l&#039;immunit\u00e9 et la protection cellulaire.\" \/>\n<meta property=\"og:url\" content=\"https:\/\/vitablanca.ma\/en\/product\/natures-bounty-seleniumhaute-puissance-200-mcg-100-compr-maroc\/\" \/>\n<meta property=\"og:site_name\" content=\"Vitablanca.ma &ndash; Sant&eacute;, vitalit&eacute; et bien-&ecirc;tre pour tous les Marocains\" \/>\n<meta property=\"article:publisher\" content=\"https:\/\/www.facebook.com\/profile.php?id=61576678196717\" \/>\n<meta property=\"article:modified_time\" content=\"2026-03-04T21:58:53+00:00\" \/>\n<meta property=\"og:image\" content=\"https:\/\/vitablanca.ma\/wp-content\/uploads\/2025\/05\/seleniumhaute-puissance-200-mcg-100-compr.-natures-bounty-.jpg\" \/>\n\t<meta property=\"og:image:width\" content=\"680\" \/>\n\t<meta property=\"og:image:height\" content=\"680\" \/>\n\t<meta property=\"og:image:type\" content=\"image\/jpeg\" \/>\n<meta name=\"twitter:card\" content=\"summary_large_image\" \/>\n<meta name=\"twitter:label1\" content=\"Est. reading time\" \/>\n\t<meta name=\"twitter:data1\" content=\"1 minute\" \/>\n<script type=\"application\/ld+json\" class=\"yoast-schema-graph\">{\"@context\":\"https:\\\/\\\/schema.org\",\"@graph\":[{\"@type\":[\"WebPage\",\"ItemPage\"],\"@id\":\"https:\\\/\\\/vitablanca.ma\\\/produit\\\/natures-bounty-seleniumhaute-puissance-200-mcg-100-compr-maroc\\\/\",\"url\":\"https:\\\/\\\/vitablanca.ma\\\/produit\\\/natures-bounty-seleniumhaute-puissance-200-mcg-100-compr-maroc\\\/\",\"name\":\"Nature'S Bounty Selenium,Haute Puissance 200 mcg - Maroc Prix\",\"isPartOf\":{\"@id\":\"https:\\\/\\\/vitablanca.ma\\\/#website\"},\"primaryImageOfPage\":{\"@id\":\"https:\\\/\\\/vitablanca.ma\\\/produit\\\/natures-bounty-seleniumhaute-puissance-200-mcg-100-compr-maroc\\\/#primaryimage\"},\"image\":{\"@id\":\"https:\\\/\\\/vitablanca.ma\\\/produit\\\/natures-bounty-seleniumhaute-puissance-200-mcg-100-compr-maroc\\\/#primaryimage\"},\"thumbnailUrl\":\"https:\\\/\\\/vitablanca.ma\\\/wp-content\\\/uploads\\\/2025\\\/05\\\/seleniumhaute-puissance-200-mcg-100-compr.-natures-bounty-.jpg\",\"datePublished\":\"2025-05-18T00:01:05+00:00\",\"dateModified\":\"2026-03-04T21:58:53+00:00\",\"description\":\"Achetez Nature's Bounty S\u00e9l\u00e9nium 200 mcg (100 comprim\u00e9s) au Maroc. Puissant antioxydant pour la thyro\u00efde, l'immunit\u00e9 et la protection cellulaire.\",\"breadcrumb\":{\"@id\":\"https:\\\/\\\/vitablanca.ma\\\/produit\\\/natures-bounty-seleniumhaute-puissance-200-mcg-100-compr-maroc\\\/#breadcrumb\"},\"inLanguage\":\"en-US\",\"potentialAction\":[{\"@type\":\"ReadAction\",\"target\":[\"https:\\\/\\\/vitablanca.ma\\\/produit\\\/natures-bounty-seleniumhaute-puissance-200-mcg-100-compr-maroc\\\/\"]}]},{\"@type\":\"ImageObject\",\"inLanguage\":\"en-US\",\"@id\":\"https:\\\/\\\/vitablanca.ma\\\/produit\\\/natures-bounty-seleniumhaute-puissance-200-mcg-100-compr-maroc\\\/#primaryimage\",\"url\":\"https:\\\/\\\/vitablanca.ma\\\/wp-content\\\/uploads\\\/2025\\\/05\\\/seleniumhaute-puissance-200-mcg-100-compr.-natures-bounty-.jpg\",\"contentUrl\":\"https:\\\/\\\/vitablanca.ma\\\/wp-content\\\/uploads\\\/2025\\\/05\\\/seleniumhaute-puissance-200-mcg-100-compr.-natures-bounty-.jpg\",\"width\":680,\"height\":680},{\"@type\":\"BreadcrumbList\",\"@id\":\"https:\\\/\\\/vitablanca.ma\\\/produit\\\/natures-bounty-seleniumhaute-puissance-200-mcg-100-compr-maroc\\\/#breadcrumb\",\"itemListElement\":[{\"@type\":\"ListItem\",\"position\":1,\"name\":\"Home\",\"item\":\"https:\\\/\\\/vitablanca.ma\\\/\"},{\"@type\":\"ListItem\",\"position\":2,\"name\":\"Tous Les Produits\",\"item\":\"https:\\\/\\\/vitablanca.ma\\\/tous-les-produits\\\/\"},{\"@type\":\"ListItem\",\"position\":3,\"name\":\"Nature&#8217;S Bounty Selenium,Haute Puissance 200 mcg, 100 Compr.\"}]},{\"@type\":\"WebSite\",\"@id\":\"https:\\\/\\\/vitablanca.ma\\\/#website\",\"url\":\"https:\\\/\\\/vitablanca.ma\\\/\",\"name\":\"VitaBlanca.ma | Compl\u00e9ments alimentaires, sant\u00e9 & beaut\u00e9 au Maroc\",\"description\":\"vendre vitamines et compl\u00e9ments premium des USA &amp; Canada, Nouvelle Z\u00e9lande,Maroc (NOW Foods, Solgar, Manuka). Livraison rapide partout au Maroc.\",\"publisher\":{\"@id\":\"https:\\\/\\\/vitablanca.ma\\\/#organization\"},\"alternateName\":\"VitaBlanca.ma\",\"potentialAction\":[{\"@type\":\"SearchAction\",\"target\":{\"@type\":\"EntryPoint\",\"urlTemplate\":\"https:\\\/\\\/vitablanca.ma\\\/?s={search_term_string}\"},\"query-input\":{\"@type\":\"PropertyValueSpecification\",\"valueRequired\":true,\"valueName\":\"search_term_string\"}}],\"inLanguage\":\"en-US\"},{\"@type\":\"Organization\",\"@id\":\"https:\\\/\\\/vitablanca.ma\\\/#organization\",\"name\":\"VitaBlanca\",\"url\":\"https:\\\/\\\/vitablanca.ma\\\/\",\"logo\":{\"@type\":\"ImageObject\",\"inLanguage\":\"en-US\",\"@id\":\"https:\\\/\\\/vitablanca.ma\\\/#\\\/schema\\\/logo\\\/image\\\/\",\"url\":\"https:\\\/\\\/vitablanca.ma\\\/wp-content\\\/uploads\\\/2025\\\/05\\\/cropped-vitablanca.png\",\"contentUrl\":\"https:\\\/\\\/vitablanca.ma\\\/wp-content\\\/uploads\\\/2025\\\/05\\\/cropped-vitablanca.png\",\"width\":360,\"height\":67,\"caption\":\"VitaBlanca\"},\"image\":{\"@id\":\"https:\\\/\\\/vitablanca.ma\\\/#\\\/schema\\\/logo\\\/image\\\/\"},\"sameAs\":[\"https:\\\/\\\/www.facebook.com\\\/profile.php?id=61576678196717\",\"https:\\\/\\\/www.tiktok.com\\\/@vitablanca.ma\",\"https:\\\/\\\/www.instagram.com\\\/vitablanca.ma\\\/\"]}]}<\/script>\n<!-- \/ Yoast SEO plugin. -->","yoast_head_json":{"title":"Nature&#039;s Bounty Selenium, High Potency 200 mcg - Morocco Price","description":"Buy Nature&#039;s Bounty Selenium 200 mcg (100 tablets) in Morocco. Powerful antioxidant for thyroid, immunity, and cellular protection.","robots":{"index":"index","follow":"follow","max-snippet":"max-snippet:-1","max-image-preview":"max-image-preview:large","max-video-preview":"max-video-preview:-1"},"canonical":"https:\/\/vitablanca.ma\/en\/product\/natures-bounty-seleniumhaute-puissance-200-mcg-100-compr-maroc\/","og_locale":"en_US","og_type":"article","og_title":"Nature'S Bounty Selenium,Haute Puissance 200 mcg - Maroc Prix","og_description":"Achetez Nature's Bounty S\u00e9l\u00e9nium 200 mcg (100 comprim\u00e9s) au Maroc. Puissant antioxydant pour la thyro\u00efde, l'immunit\u00e9 et la protection cellulaire.","og_url":"https:\/\/vitablanca.ma\/en\/product\/natures-bounty-seleniumhaute-puissance-200-mcg-100-compr-maroc\/","og_site_name":"Vitablanca.ma &ndash; Sant&eacute;, vitalit&eacute; et bien-&ecirc;tre pour tous les Marocains","article_publisher":"https:\/\/www.facebook.com\/profile.php?id=61576678196717","article_modified_time":"2026-03-04T21:58:53+00:00","og_image":[{"width":680,"height":680,"url":"https:\/\/vitablanca.ma\/wp-content\/uploads\/2025\/05\/seleniumhaute-puissance-200-mcg-100-compr.-natures-bounty-.jpg","type":"image\/jpeg"}],"twitter_card":"summary_large_image","twitter_misc":{"Est. reading time":"1 minute"},"schema":{"@context":"https:\/\/schema.org","@graph":[{"@type":["WebPage","ItemPage"],"@id":"https:\/\/vitablanca.ma\/produit\/natures-bounty-seleniumhaute-puissance-200-mcg-100-compr-maroc\/","url":"https:\/\/vitablanca.ma\/produit\/natures-bounty-seleniumhaute-puissance-200-mcg-100-compr-maroc\/","name":"Nature&#039;s Bounty Selenium, High Potency 200 mcg - Morocco Price","isPartOf":{"@id":"https:\/\/vitablanca.ma\/#website"},"primaryImageOfPage":{"@id":"https:\/\/vitablanca.ma\/produit\/natures-bounty-seleniumhaute-puissance-200-mcg-100-compr-maroc\/#primaryimage"},"image":{"@id":"https:\/\/vitablanca.ma\/produit\/natures-bounty-seleniumhaute-puissance-200-mcg-100-compr-maroc\/#primaryimage"},"thumbnailUrl":"https:\/\/vitablanca.ma\/wp-content\/uploads\/2025\/05\/seleniumhaute-puissance-200-mcg-100-compr.-natures-bounty-.jpg","datePublished":"2025-05-18T00:01:05+00:00","dateModified":"2026-03-04T21:58:53+00:00","description":"Buy Nature&#039;s Bounty Selenium 200 mcg (100 tablets) in Morocco. Powerful antioxidant for thyroid, immunity, and cellular protection.","breadcrumb":{"@id":"https:\/\/vitablanca.ma\/produit\/natures-bounty-seleniumhaute-puissance-200-mcg-100-compr-maroc\/#breadcrumb"},"inLanguage":"en-US","potentialAction":[{"@type":"ReadAction","target":["https:\/\/vitablanca.ma\/produit\/natures-bounty-seleniumhaute-puissance-200-mcg-100-compr-maroc\/"]}]},{"@type":"ImageObject","inLanguage":"en-US","@id":"https:\/\/vitablanca.ma\/produit\/natures-bounty-seleniumhaute-puissance-200-mcg-100-compr-maroc\/#primaryimage","url":"https:\/\/vitablanca.ma\/wp-content\/uploads\/2025\/05\/seleniumhaute-puissance-200-mcg-100-compr.-natures-bounty-.jpg","contentUrl":"https:\/\/vitablanca.ma\/wp-content\/uploads\/2025\/05\/seleniumhaute-puissance-200-mcg-100-compr.-natures-bounty-.jpg","width":680,"height":680},{"@type":"BreadcrumbList","@id":"https:\/\/vitablanca.ma\/produit\/natures-bounty-seleniumhaute-puissance-200-mcg-100-compr-maroc\/#breadcrumb","itemListElement":[{"@type":"ListItem","position":1,"name":"Home","item":"https:\/\/vitablanca.ma\/"},{"@type":"ListItem","position":2,"name":"Tous Les Produits","item":"https:\/\/vitablanca.ma\/tous-les-produits\/"},{"@type":"ListItem","position":3,"name":"Nature&#8217;S Bounty Selenium,Haute Puissance 200 mcg, 100 Compr."}]},{"@type":"WebSite","@id":"https:\/\/vitablanca.ma\/#website","url":"https:\/\/vitablanca.ma\/","name":"VitaBlanca.ma | Food supplements, health &amp; beauty in Morocco","description":"sell premium vitamins and supplements from USA &amp; Canada, New Zealand, Morocco (NOW Foods, Solgar, Manuka). Fast delivery anywhere in Morocco.","publisher":{"@id":"https:\/\/vitablanca.ma\/#organization"},"alternateName":"VitaBlanca.ma","potentialAction":[{"@type":"SearchAction","target":{"@type":"EntryPoint","urlTemplate":"https:\/\/vitablanca.ma\/?s={search_term_string}"},"query-input":{"@type":"PropertyValueSpecification","valueRequired":true,"valueName":"search_term_string"}}],"inLanguage":"en-US"},{"@type":"Organization","@id":"https:\/\/vitablanca.ma\/#organization","name":"VitaBlanca","url":"https:\/\/vitablanca.ma\/","logo":{"@type":"ImageObject","inLanguage":"en-US","@id":"https:\/\/vitablanca.ma\/#\/schema\/logo\/image\/","url":"https:\/\/vitablanca.ma\/wp-content\/uploads\/2025\/05\/cropped-vitablanca.png","contentUrl":"https:\/\/vitablanca.ma\/wp-content\/uploads\/2025\/05\/cropped-vitablanca.png","width":360,"height":67,"caption":"VitaBlanca"},"image":{"@id":"https:\/\/vitablanca.ma\/#\/schema\/logo\/image\/"},"sameAs":["https:\/\/www.facebook.com\/profile.php?id=61576678196717","https:\/\/www.tiktok.com\/@vitablanca.ma","https:\/\/www.instagram.com\/vitablanca.ma\/"]}]}},"jetpack_sharing_enabled":true,"_links":{"self":[{"href":"https:\/\/vitablanca.ma\/en\/wp-json\/wp\/v2\/product\/7765","targetHints":{"allow":["GET"]}}],"collection":[{"href":"https:\/\/vitablanca.ma\/en\/wp-json\/wp\/v2\/product"}],"about":[{"href":"https:\/\/vitablanca.ma\/en\/wp-json\/wp\/v2\/types\/product"}],"wp:featuredmedia":[{"embeddable":true,"href":"https:\/\/vitablanca.ma\/en\/wp-json\/wp\/v2\/media\/7768"}],"wp:attachment":[{"href":"https:\/\/vitablanca.ma\/en\/wp-json\/wp\/v2\/media?parent=7765"}],"wp:term":[{"taxonomy":"product_brand","embeddable":true,"href":"https:\/\/vitablanca.ma\/en\/wp-json\/wp\/v2\/product_brand?post=7765"},{"taxonomy":"product_cat","embeddable":true,"href":"https:\/\/vitablanca.ma\/en\/wp-json\/wp\/v2\/product_cat?post=7765"},{"taxonomy":"product_tag","embeddable":true,"href":"https:\/\/vitablanca.ma\/en\/wp-json\/wp\/v2\/product_tag?post=7765"}],"curies":[{"name":"wp","href":"https:\/\/api.w.org\/{rel}","templated":true}]}}