{"id":7762,"date":"2025-05-17T23:53:44","date_gmt":"2025-05-17T23:53:44","guid":{"rendered":"https:\/\/vitablanca.ma\/?post_type=product&#038;p=7762"},"modified":"2025-08-30T21:22:27","modified_gmt":"2025-08-30T21:22:27","slug":"now-foods-spiruline-certifiee-dorigine-biologique-500-mg-200-compr-maroc","status":"publish","type":"product","link":"https:\/\/vitablanca.ma\/en\/product\/now-foods-spiruline-certifiee-dorigine-biologique-500-mg-200-compr-maroc\/","title":{"rendered":"Now Foods Certified Organic Spirulina 500 mg, 200 Caplets"},"content":{"rendered":"<p>La spiruline est une microalgue bleu-verte riche en b\u00eata-carot\u00e8ne (vitamine A) et en vitamine B12. Elle contient naturellement des prot\u00e9ines et de l\u2019acide gamma-linol\u00e9nique (GLA), un acide gras tr\u00e8s appr\u00e9ci\u00e9 qui pr\u00e9sente de nombreux avantages connus pour la sant\u00e9. En outre, la spiruline contient des min\u00e9raux, des oligo-\u00e9l\u00e9ments, des sels de cellules, des acides amin\u00e9s et des enzymes d\u2019origine naturelle, et fournit le profil nutritionnel naturel pr\u00e9sent dans les aliments complets. Cette NOW Foods est un 100 % superaliment riche en nutriments naturel, certifi\u00e9 biologique et v\u00e9g\u00e9talien qui vous fournit 3,000 mg de spiruline par dose, ce qui repr\u00e9sente 140 % de la valeur quotidienne recommand\u00e9e de vitamine A, ainsi que pratiquement tous les nutriments n\u00e9cessaires \u00e0 votre \u00e9panouissement. Il repr\u00e9sente les niveaux de prot\u00e9ines et de b\u00eata-carot\u00e8ne les plus \u00e9lev\u00e9s de tous les superaliments verts et peut vous aider \u00e0 am\u00e9liorer la sant\u00e9 de vos yeux, renforcer votre syst\u00e8me immunitaire, vous donner de l\u2019\u00e9nergie, lutter contre les allergies, maintenir la sant\u00e9 du cerveau, des os et du syst\u00e8me cardiovasculaire et vous aider \u00e0 combattre la fatigue\u2026 naturellement!<\/p>\n\n\n\n<p>Qu\u2019est-ce que la spiruline?<br>Initialement consomm\u00e9e par les anciens Azt\u00e8ques, la spiruline se d\u00e9veloppe \u00e0 la fois dans l\u2019eau douce et dans l\u2019eau sal\u00e9e. Elle est un type de cyanobact\u00e9rie, une famille de microbes unicellulaires appel\u00e9s algues bleu-vert. Comme les plantes, il peut produire de l\u2019\u00e9nergie \u00e0 partir du soleil via la photosynth\u00e8se. Outre la dose saine de vitamine A, la spiruline contient des prot\u00e9ines, des vitamines B, du cuivre, du fer, du magn\u00e9sium, du potassium et du mangan\u00e8se, ainsi que de petites quantit\u00e9s de pratiquement tous les autres nutriments dont vous avez besoin pour une sant\u00e9 optimale\u2026 le tout issu de la nature!<a href=\"https:\/\/www.jumia.ma\/customer\/account\/login\/?tkWl=NO879DV03EQELNAFAMZ-29029455&return=%2Fspiruline-certifiee-dorigine-biologique-500-mg-200-compr.-now-foods-mpg882642.html\"><\/a><\/p>","protected":false},"excerpt":{"rendered":"<p>Superfood Spirulina for Super HealthNutritional SuperpowerBlast of Beta-CaroteneAntioxidant and Anti-InflammatoryImmune System Support<\/p>","protected":false},"featured_media":23013,"template":"","meta":{"om_disable_all_campaigns":false},"product_brand":[83],"product_cat":[18,3366,392,104,19],"product_tag":[745,737,91,388,726,736,744,735,739,743,740,746,741,742,738],"class_list":{"0":"post-7762","1":"product","2":"type-product","3":"status-publish","4":"has-post-thumbnail","6":"product_brand-now-foods-maroc-prix","7":"product_cat-beaute-sante","8":"product_cat-complements-alimentaires-au-maroc-vitablanca","9":"product_cat-spiruline","10":"product_cat-supplements-a-base-de-plantes","11":"product_cat-vitamines-supplements-dietetiques","12":"product_tag-acheter-spiruline-au-maroc","13":"product_tag-complement-alimentaire-naturel","14":"product_tag-now-foods-maroc","15":"product_tag-now-foods-maroc-avis","16":"product_tag-now-foods-maroc-prix","17":"product_tag-spiruline-500mg","18":"product_tag-spiruline-bio-maroc","19":"product_tag-spiruline-comprimes-maroc","20":"product_tag-spiruline-detox","21":"product_tag-spiruline-energie","22":"product_tag-spiruline-immunite","23":"product_tag-spiruline-livraison-maroc","24":"product_tag-spiruline-maroc","25":"product_tag-spiruline-originale","26":"product_tag-spiruline-vegan","28":"first","29":"instock","30":"sale","31":"taxable","32":"shipping-taxable","33":"purchasable","34":"product-type-simple"},"yoast_head":"<!-- This site is optimized with the Yoast SEO plugin v27.5 - https:\/\/yoast.com\/product\/yoast-seo-wordpress\/ -->\n<title>Now Foods Spiruline certifi\u00e9e d&#039;origine biologique 500 mg - Maroc<\/title>\n<meta name=\"description\" content=\"Achetez Now Foods Spiruline Certifi\u00e9e Bio 500 mg au Maroc. Ces 200 comprim\u00e9s de spiruline biologique sont un superaliment riche en nutriments.\" \/>\n<meta name=\"robots\" content=\"index, follow, max-snippet:-1, max-image-preview:large, max-video-preview:-1\" \/>\n<link rel=\"canonical\" href=\"https:\/\/vitablanca.ma\/en\/product\/now-foods-spiruline-certifiee-dorigine-biologique-500-mg-200-compr-maroc\/\" \/>\n<meta property=\"og:locale\" content=\"en_US\" \/>\n<meta property=\"og:type\" content=\"article\" \/>\n<meta property=\"og:title\" content=\"Now Foods Spiruline certifi\u00e9e d&#039;origine biologique 500 mg - Maroc\" \/>\n<meta property=\"og:description\" content=\"Achetez Now Foods Spiruline Certifi\u00e9e Bio 500 mg au Maroc. Ces 200 comprim\u00e9s de spiruline biologique sont un superaliment riche en nutriments.\" \/>\n<meta property=\"og:url\" content=\"https:\/\/vitablanca.ma\/en\/product\/now-foods-spiruline-certifiee-dorigine-biologique-500-mg-200-compr-maroc\/\" \/>\n<meta property=\"og:site_name\" content=\"Vitablanca.ma &ndash; Sant&eacute;, vitalit&eacute; et bien-&ecirc;tre pour tous les Marocains\" \/>\n<meta property=\"article:publisher\" content=\"https:\/\/www.facebook.com\/profile.php?id=61576678196717\" \/>\n<meta property=\"article:modified_time\" content=\"2025-08-30T21:22:27+00:00\" \/>\n<meta property=\"og:image\" content=\"https:\/\/vitablanca.ma\/wp-content\/uploads\/2025\/05\/1-12.jpg\" \/>\n\t<meta property=\"og:image:width\" content=\"680\" \/>\n\t<meta property=\"og:image:height\" content=\"680\" \/>\n\t<meta property=\"og:image:type\" content=\"image\/jpeg\" \/>\n<meta name=\"twitter:card\" content=\"summary_large_image\" \/>\n<meta name=\"twitter:label1\" content=\"Est. reading time\" \/>\n\t<meta name=\"twitter:data1\" content=\"2 minutes\" \/>\n<script type=\"application\/ld+json\" class=\"yoast-schema-graph\">{\"@context\":\"https:\\\/\\\/schema.org\",\"@graph\":[{\"@type\":[\"WebPage\",\"ItemPage\"],\"@id\":\"https:\\\/\\\/vitablanca.ma\\\/produit\\\/now-foods-spiruline-certifiee-dorigine-biologique-500-mg-200-compr-maroc\\\/\",\"url\":\"https:\\\/\\\/vitablanca.ma\\\/produit\\\/now-foods-spiruline-certifiee-dorigine-biologique-500-mg-200-compr-maroc\\\/\",\"name\":\"Now Foods Spiruline certifi\u00e9e d'origine biologique 500 mg - Maroc\",\"isPartOf\":{\"@id\":\"https:\\\/\\\/vitablanca.ma\\\/#website\"},\"primaryImageOfPage\":{\"@id\":\"https:\\\/\\\/vitablanca.ma\\\/produit\\\/now-foods-spiruline-certifiee-dorigine-biologique-500-mg-200-compr-maroc\\\/#primaryimage\"},\"image\":{\"@id\":\"https:\\\/\\\/vitablanca.ma\\\/produit\\\/now-foods-spiruline-certifiee-dorigine-biologique-500-mg-200-compr-maroc\\\/#primaryimage\"},\"thumbnailUrl\":\"https:\\\/\\\/vitablanca.ma\\\/wp-content\\\/uploads\\\/2025\\\/05\\\/1-12.jpg\",\"datePublished\":\"2025-05-17T23:53:44+00:00\",\"dateModified\":\"2025-08-30T21:22:27+00:00\",\"description\":\"Achetez Now Foods Spiruline Certifi\u00e9e Bio 500 mg au Maroc. Ces 200 comprim\u00e9s de spiruline biologique sont un superaliment riche en nutriments.\",\"breadcrumb\":{\"@id\":\"https:\\\/\\\/vitablanca.ma\\\/produit\\\/now-foods-spiruline-certifiee-dorigine-biologique-500-mg-200-compr-maroc\\\/#breadcrumb\"},\"inLanguage\":\"en-US\",\"potentialAction\":[{\"@type\":\"ReadAction\",\"target\":[\"https:\\\/\\\/vitablanca.ma\\\/produit\\\/now-foods-spiruline-certifiee-dorigine-biologique-500-mg-200-compr-maroc\\\/\"]}]},{\"@type\":\"ImageObject\",\"inLanguage\":\"en-US\",\"@id\":\"https:\\\/\\\/vitablanca.ma\\\/produit\\\/now-foods-spiruline-certifiee-dorigine-biologique-500-mg-200-compr-maroc\\\/#primaryimage\",\"url\":\"https:\\\/\\\/vitablanca.ma\\\/wp-content\\\/uploads\\\/2025\\\/05\\\/1-12.jpg\",\"contentUrl\":\"https:\\\/\\\/vitablanca.ma\\\/wp-content\\\/uploads\\\/2025\\\/05\\\/1-12.jpg\",\"width\":680,\"height\":680},{\"@type\":\"BreadcrumbList\",\"@id\":\"https:\\\/\\\/vitablanca.ma\\\/produit\\\/now-foods-spiruline-certifiee-dorigine-biologique-500-mg-200-compr-maroc\\\/#breadcrumb\",\"itemListElement\":[{\"@type\":\"ListItem\",\"position\":1,\"name\":\"Home\",\"item\":\"https:\\\/\\\/vitablanca.ma\\\/\"},{\"@type\":\"ListItem\",\"position\":2,\"name\":\"Tous Les Produits\",\"item\":\"https:\\\/\\\/vitablanca.ma\\\/tous-les-produits\\\/\"},{\"@type\":\"ListItem\",\"position\":3,\"name\":\"Now Foods Spiruline certifi\u00e9e d&#8217;origine biologique 500 mg, 200 compr.\"}]},{\"@type\":\"WebSite\",\"@id\":\"https:\\\/\\\/vitablanca.ma\\\/#website\",\"url\":\"https:\\\/\\\/vitablanca.ma\\\/\",\"name\":\"VitaBlanca.ma | Compl\u00e9ments alimentaires, sant\u00e9 & beaut\u00e9 au Maroc\",\"description\":\"vendre vitamines et compl\u00e9ments premium des USA &amp; Canada, Nouvelle Z\u00e9lande,Maroc (NOW Foods, Solgar, Manuka). Livraison rapide partout au Maroc.\",\"publisher\":{\"@id\":\"https:\\\/\\\/vitablanca.ma\\\/#organization\"},\"alternateName\":\"VitaBlanca.ma\",\"potentialAction\":[{\"@type\":\"SearchAction\",\"target\":{\"@type\":\"EntryPoint\",\"urlTemplate\":\"https:\\\/\\\/vitablanca.ma\\\/?s={search_term_string}\"},\"query-input\":{\"@type\":\"PropertyValueSpecification\",\"valueRequired\":true,\"valueName\":\"search_term_string\"}}],\"inLanguage\":\"en-US\"},{\"@type\":\"Organization\",\"@id\":\"https:\\\/\\\/vitablanca.ma\\\/#organization\",\"name\":\"VitaBlanca\",\"url\":\"https:\\\/\\\/vitablanca.ma\\\/\",\"logo\":{\"@type\":\"ImageObject\",\"inLanguage\":\"en-US\",\"@id\":\"https:\\\/\\\/vitablanca.ma\\\/#\\\/schema\\\/logo\\\/image\\\/\",\"url\":\"https:\\\/\\\/vitablanca.ma\\\/wp-content\\\/uploads\\\/2025\\\/05\\\/cropped-vitablanca.png\",\"contentUrl\":\"https:\\\/\\\/vitablanca.ma\\\/wp-content\\\/uploads\\\/2025\\\/05\\\/cropped-vitablanca.png\",\"width\":360,\"height\":67,\"caption\":\"VitaBlanca\"},\"image\":{\"@id\":\"https:\\\/\\\/vitablanca.ma\\\/#\\\/schema\\\/logo\\\/image\\\/\"},\"sameAs\":[\"https:\\\/\\\/www.facebook.com\\\/profile.php?id=61576678196717\",\"https:\\\/\\\/www.tiktok.com\\\/@vitablanca.ma\",\"https:\\\/\\\/www.instagram.com\\\/vitablanca.ma\\\/\"]}]}<\/script>\n<!-- \/ Yoast SEO plugin. -->","yoast_head_json":{"title":"Now Foods Certified Organic Spirulina 500 mg - Morocco","description":"Buy Now Foods Certified Organic Spirulina 500 mg in Morocco. These 200 organic spirulina tablets are a nutrient-dense superfood.","robots":{"index":"index","follow":"follow","max-snippet":"max-snippet:-1","max-image-preview":"max-image-preview:large","max-video-preview":"max-video-preview:-1"},"canonical":"https:\/\/vitablanca.ma\/en\/product\/now-foods-spiruline-certifiee-dorigine-biologique-500-mg-200-compr-maroc\/","og_locale":"en_US","og_type":"article","og_title":"Now Foods Spiruline certifi\u00e9e d'origine biologique 500 mg - Maroc","og_description":"Achetez Now Foods Spiruline Certifi\u00e9e Bio 500 mg au Maroc. Ces 200 comprim\u00e9s de spiruline biologique sont un superaliment riche en nutriments.","og_url":"https:\/\/vitablanca.ma\/en\/product\/now-foods-spiruline-certifiee-dorigine-biologique-500-mg-200-compr-maroc\/","og_site_name":"Vitablanca.ma &ndash; Sant&eacute;, vitalit&eacute; et bien-&ecirc;tre pour tous les Marocains","article_publisher":"https:\/\/www.facebook.com\/profile.php?id=61576678196717","article_modified_time":"2025-08-30T21:22:27+00:00","og_image":[{"width":680,"height":680,"url":"https:\/\/vitablanca.ma\/wp-content\/uploads\/2025\/05\/1-12.jpg","type":"image\/jpeg"}],"twitter_card":"summary_large_image","twitter_misc":{"Est. reading time":"2 minutes"},"schema":{"@context":"https:\/\/schema.org","@graph":[{"@type":["WebPage","ItemPage"],"@id":"https:\/\/vitablanca.ma\/produit\/now-foods-spiruline-certifiee-dorigine-biologique-500-mg-200-compr-maroc\/","url":"https:\/\/vitablanca.ma\/produit\/now-foods-spiruline-certifiee-dorigine-biologique-500-mg-200-compr-maroc\/","name":"Now Foods Certified Organic Spirulina 500 mg - Morocco","isPartOf":{"@id":"https:\/\/vitablanca.ma\/#website"},"primaryImageOfPage":{"@id":"https:\/\/vitablanca.ma\/produit\/now-foods-spiruline-certifiee-dorigine-biologique-500-mg-200-compr-maroc\/#primaryimage"},"image":{"@id":"https:\/\/vitablanca.ma\/produit\/now-foods-spiruline-certifiee-dorigine-biologique-500-mg-200-compr-maroc\/#primaryimage"},"thumbnailUrl":"https:\/\/vitablanca.ma\/wp-content\/uploads\/2025\/05\/1-12.jpg","datePublished":"2025-05-17T23:53:44+00:00","dateModified":"2025-08-30T21:22:27+00:00","description":"Buy Now Foods Certified Organic Spirulina 500 mg in Morocco. These 200 organic spirulina tablets are a nutrient-dense superfood.","breadcrumb":{"@id":"https:\/\/vitablanca.ma\/produit\/now-foods-spiruline-certifiee-dorigine-biologique-500-mg-200-compr-maroc\/#breadcrumb"},"inLanguage":"en-US","potentialAction":[{"@type":"ReadAction","target":["https:\/\/vitablanca.ma\/produit\/now-foods-spiruline-certifiee-dorigine-biologique-500-mg-200-compr-maroc\/"]}]},{"@type":"ImageObject","inLanguage":"en-US","@id":"https:\/\/vitablanca.ma\/produit\/now-foods-spiruline-certifiee-dorigine-biologique-500-mg-200-compr-maroc\/#primaryimage","url":"https:\/\/vitablanca.ma\/wp-content\/uploads\/2025\/05\/1-12.jpg","contentUrl":"https:\/\/vitablanca.ma\/wp-content\/uploads\/2025\/05\/1-12.jpg","width":680,"height":680},{"@type":"BreadcrumbList","@id":"https:\/\/vitablanca.ma\/produit\/now-foods-spiruline-certifiee-dorigine-biologique-500-mg-200-compr-maroc\/#breadcrumb","itemListElement":[{"@type":"ListItem","position":1,"name":"Home","item":"https:\/\/vitablanca.ma\/"},{"@type":"ListItem","position":2,"name":"Tous Les Produits","item":"https:\/\/vitablanca.ma\/tous-les-produits\/"},{"@type":"ListItem","position":3,"name":"Now Foods Spiruline certifi\u00e9e d&#8217;origine biologique 500 mg, 200 compr."}]},{"@type":"WebSite","@id":"https:\/\/vitablanca.ma\/#website","url":"https:\/\/vitablanca.ma\/","name":"VitaBlanca.ma | Food supplements, health &amp; beauty in Morocco","description":"sell premium vitamins and supplements from USA &amp; Canada, New Zealand, Morocco (NOW Foods, Solgar, Manuka). Fast delivery anywhere in Morocco.","publisher":{"@id":"https:\/\/vitablanca.ma\/#organization"},"alternateName":"VitaBlanca.ma","potentialAction":[{"@type":"SearchAction","target":{"@type":"EntryPoint","urlTemplate":"https:\/\/vitablanca.ma\/?s={search_term_string}"},"query-input":{"@type":"PropertyValueSpecification","valueRequired":true,"valueName":"search_term_string"}}],"inLanguage":"en-US"},{"@type":"Organization","@id":"https:\/\/vitablanca.ma\/#organization","name":"VitaBlanca","url":"https:\/\/vitablanca.ma\/","logo":{"@type":"ImageObject","inLanguage":"en-US","@id":"https:\/\/vitablanca.ma\/#\/schema\/logo\/image\/","url":"https:\/\/vitablanca.ma\/wp-content\/uploads\/2025\/05\/cropped-vitablanca.png","contentUrl":"https:\/\/vitablanca.ma\/wp-content\/uploads\/2025\/05\/cropped-vitablanca.png","width":360,"height":67,"caption":"VitaBlanca"},"image":{"@id":"https:\/\/vitablanca.ma\/#\/schema\/logo\/image\/"},"sameAs":["https:\/\/www.facebook.com\/profile.php?id=61576678196717","https:\/\/www.tiktok.com\/@vitablanca.ma","https:\/\/www.instagram.com\/vitablanca.ma\/"]}]}},"jetpack_sharing_enabled":true,"_links":{"self":[{"href":"https:\/\/vitablanca.ma\/en\/wp-json\/wp\/v2\/product\/7762","targetHints":{"allow":["GET"]}}],"collection":[{"href":"https:\/\/vitablanca.ma\/en\/wp-json\/wp\/v2\/product"}],"about":[{"href":"https:\/\/vitablanca.ma\/en\/wp-json\/wp\/v2\/types\/product"}],"wp:featuredmedia":[{"embeddable":true,"href":"https:\/\/vitablanca.ma\/en\/wp-json\/wp\/v2\/media\/23013"}],"wp:attachment":[{"href":"https:\/\/vitablanca.ma\/en\/wp-json\/wp\/v2\/media?parent=7762"}],"wp:term":[{"taxonomy":"product_brand","embeddable":true,"href":"https:\/\/vitablanca.ma\/en\/wp-json\/wp\/v2\/product_brand?post=7762"},{"taxonomy":"product_cat","embeddable":true,"href":"https:\/\/vitablanca.ma\/en\/wp-json\/wp\/v2\/product_cat?post=7762"},{"taxonomy":"product_tag","embeddable":true,"href":"https:\/\/vitablanca.ma\/en\/wp-json\/wp\/v2\/product_tag?post=7762"}],"curies":[{"name":"wp","href":"https:\/\/api.w.org\/{rel}","templated":true}]}}