{"id":7742,"date":"2025-05-17T18:50:51","date_gmt":"2025-05-17T18:50:51","guid":{"rendered":"https:\/\/vitablanca.ma\/?post_type=product&#038;p=7742"},"modified":"2025-10-17T15:37:36","modified_gmt":"2025-10-17T15:37:36","slug":"now-foods-chlorella-certifiee-bio-poudre-pure-113-g-maroc","status":"publish","type":"product","link":"https:\/\/vitablanca.ma\/en\/product\/now-foods-chlorella-certifiee-bio-poudre-pure-113-g-maroc\/","title":{"rendered":"Now Foods Chlorella certified organic, pure powder, 113 g"},"content":{"rendered":"<p><a href=\"https:\/\/www.jumia.ma\/customer\/account\/login\/?tkWl=NO879DV0CET5DNAFAMZ-29240797&return=%2Fchlorella-certifiee-bio-poudre-pure-113-g-now-foods-mpg1246519.html\"><\/a><\/p>\n\n\n\n<p>NOW Chlorella provides the natural nutrient profile found in authentic whole foods.<br>Chlorella is a single-celled green microalgae that naturally contains chlorophyll, beta-carotene, carotenoids, vitamin C, iron, and protein. The cell wall of this high-quality chlorella has been mechanically broken to facilitate digestibility.<br>Usage sugg\u00e9r\u00e9Prendre 1 cuiller\u00e9e \u00e0 caf\u00e9 par jour, m\u00e9lang\u00e9e dans de l\u2019eau ou du jus de fruits ou de l\u00e9gumes.<\/p>","protected":false},"excerpt":{"rendered":"<ul>\n<li>Green Superfood<\/li>\n<li>Natural chlorophyll and beta-carotene<\/li>\n<li>Algae with broken cell wall<\/li>\n<li>USDA Certified Organic<\/li>\n<li>Vegetarian \u2013 vegan<\/li>\n<li>GMO-free<\/li>\n<li>Plant\/Herb Extracts<\/li>\n<\/ul>","protected":false},"featured_media":7743,"template":"","meta":{"om_disable_all_campaigns":false},"product_brand":[83],"product_cat":[18,720,3366,104,19],"product_tag":[721,491,88,126,91,388,726,220,452,387],"class_list":{"0":"post-7742","1":"product","2":"type-product","3":"status-publish","4":"has-post-thumbnail","6":"product_brand-now-foods-maroc-prix","7":"product_cat-beaute-sante","8":"product_cat-chlorella-supplements-a-base-de-plantes","9":"product_cat-complements-alimentaires-au-maroc-vitablanca","10":"product_cat-supplements-a-base-de-plantes","11":"product_cat-vitamines-supplements-dietetiques","12":"product_tag-chlorophylle","13":"product_tag-herbes","14":"product_tag-now-foods","15":"product_tag-now-foods-iherb","16":"product_tag-now-foods-maroc","17":"product_tag-now-foods-maroc-avis","18":"product_tag-now-foods-maroc-prix","19":"product_tag-sans-ogm","20":"product_tag-super-aliment-vert","21":"product_tag-vegetarien","23":"first","24":"instock","25":"taxable","26":"shipping-taxable","27":"purchasable","28":"product-type-simple"},"yoast_head":"<!-- This site is optimized with the Yoast SEO plugin v27.5 - https:\/\/yoast.com\/product\/yoast-seo-wordpress\/ -->\n<title>Now Foods Chlorella certifi\u00e9e bio, poudre pure, 113 g - Maroc Prix<\/title>\n<meta name=\"description\" content=\"Achetez Now Foods Chlorella Bio 113g au Maroc. Ce superaliment d\u00e9toxifiant \u00e0 paroi cellulaire bris\u00e9e offre vitalit\u00e9, chlorophylle et un soutien immunitaire.\" \/>\n<meta name=\"robots\" content=\"index, follow, max-snippet:-1, max-image-preview:large, max-video-preview:-1\" \/>\n<link rel=\"canonical\" href=\"https:\/\/vitablanca.ma\/en\/product\/now-foods-chlorella-certifiee-bio-poudre-pure-113-g-maroc\/\" \/>\n<meta property=\"og:locale\" content=\"en_US\" \/>\n<meta property=\"og:type\" content=\"article\" \/>\n<meta property=\"og:title\" content=\"Now Foods Chlorella certifi\u00e9e bio, poudre pure, 113 g - Maroc Prix\" \/>\n<meta property=\"og:description\" content=\"Achetez Now Foods Chlorella Bio 113g au Maroc. Ce superaliment d\u00e9toxifiant \u00e0 paroi cellulaire bris\u00e9e offre vitalit\u00e9, chlorophylle et un soutien immunitaire.\" \/>\n<meta property=\"og:url\" content=\"https:\/\/vitablanca.ma\/en\/product\/now-foods-chlorella-certifiee-bio-poudre-pure-113-g-maroc\/\" \/>\n<meta property=\"og:site_name\" content=\"Vitablanca.ma &ndash; Sant&eacute;, vitalit&eacute; et bien-&ecirc;tre pour tous les Marocains\" \/>\n<meta property=\"article:publisher\" content=\"https:\/\/www.facebook.com\/profile.php?id=61576678196717\" \/>\n<meta property=\"article:modified_time\" content=\"2025-10-17T15:37:36+00:00\" \/>\n<meta property=\"og:image\" content=\"https:\/\/vitablanca.ma\/wp-content\/uploads\/2025\/05\/chlorella-certifiee-bio-poudre-pure-113-g-now-foods-.jpg\" \/>\n\t<meta property=\"og:image:width\" content=\"680\" \/>\n\t<meta property=\"og:image:height\" content=\"680\" \/>\n\t<meta property=\"og:image:type\" content=\"image\/jpeg\" \/>\n<meta name=\"twitter:card\" content=\"summary_large_image\" \/>\n<meta name=\"twitter:label1\" content=\"Est. reading time\" \/>\n\t<meta name=\"twitter:data1\" content=\"1 minute\" \/>\n<script type=\"application\/ld+json\" class=\"yoast-schema-graph\">{\"@context\":\"https:\\\/\\\/schema.org\",\"@graph\":[{\"@type\":[\"WebPage\",\"ItemPage\"],\"@id\":\"https:\\\/\\\/vitablanca.ma\\\/produit\\\/now-foods-chlorella-certifiee-bio-poudre-pure-113-g-maroc\\\/\",\"url\":\"https:\\\/\\\/vitablanca.ma\\\/produit\\\/now-foods-chlorella-certifiee-bio-poudre-pure-113-g-maroc\\\/\",\"name\":\"Now Foods Chlorella certifi\u00e9e bio, poudre pure, 113 g - Maroc Prix\",\"isPartOf\":{\"@id\":\"https:\\\/\\\/vitablanca.ma\\\/#website\"},\"primaryImageOfPage\":{\"@id\":\"https:\\\/\\\/vitablanca.ma\\\/produit\\\/now-foods-chlorella-certifiee-bio-poudre-pure-113-g-maroc\\\/#primaryimage\"},\"image\":{\"@id\":\"https:\\\/\\\/vitablanca.ma\\\/produit\\\/now-foods-chlorella-certifiee-bio-poudre-pure-113-g-maroc\\\/#primaryimage\"},\"thumbnailUrl\":\"https:\\\/\\\/vitablanca.ma\\\/wp-content\\\/uploads\\\/2025\\\/05\\\/chlorella-certifiee-bio-poudre-pure-113-g-now-foods-.jpg\",\"datePublished\":\"2025-05-17T18:50:51+00:00\",\"dateModified\":\"2025-10-17T15:37:36+00:00\",\"description\":\"Achetez Now Foods Chlorella Bio 113g au Maroc. Ce superaliment d\u00e9toxifiant \u00e0 paroi cellulaire bris\u00e9e offre vitalit\u00e9, chlorophylle et un soutien immunitaire.\",\"breadcrumb\":{\"@id\":\"https:\\\/\\\/vitablanca.ma\\\/produit\\\/now-foods-chlorella-certifiee-bio-poudre-pure-113-g-maroc\\\/#breadcrumb\"},\"inLanguage\":\"en-US\",\"potentialAction\":[{\"@type\":\"ReadAction\",\"target\":[\"https:\\\/\\\/vitablanca.ma\\\/produit\\\/now-foods-chlorella-certifiee-bio-poudre-pure-113-g-maroc\\\/\"]}]},{\"@type\":\"ImageObject\",\"inLanguage\":\"en-US\",\"@id\":\"https:\\\/\\\/vitablanca.ma\\\/produit\\\/now-foods-chlorella-certifiee-bio-poudre-pure-113-g-maroc\\\/#primaryimage\",\"url\":\"https:\\\/\\\/vitablanca.ma\\\/wp-content\\\/uploads\\\/2025\\\/05\\\/chlorella-certifiee-bio-poudre-pure-113-g-now-foods-.jpg\",\"contentUrl\":\"https:\\\/\\\/vitablanca.ma\\\/wp-content\\\/uploads\\\/2025\\\/05\\\/chlorella-certifiee-bio-poudre-pure-113-g-now-foods-.jpg\",\"width\":680,\"height\":680},{\"@type\":\"BreadcrumbList\",\"@id\":\"https:\\\/\\\/vitablanca.ma\\\/produit\\\/now-foods-chlorella-certifiee-bio-poudre-pure-113-g-maroc\\\/#breadcrumb\",\"itemListElement\":[{\"@type\":\"ListItem\",\"position\":1,\"name\":\"Home\",\"item\":\"https:\\\/\\\/vitablanca.ma\\\/\"},{\"@type\":\"ListItem\",\"position\":2,\"name\":\"Tous Les Produits\",\"item\":\"https:\\\/\\\/vitablanca.ma\\\/tous-les-produits\\\/\"},{\"@type\":\"ListItem\",\"position\":3,\"name\":\"Now Foods Chlorella certifi\u00e9e bio, poudre pure, 113 g\"}]},{\"@type\":\"WebSite\",\"@id\":\"https:\\\/\\\/vitablanca.ma\\\/#website\",\"url\":\"https:\\\/\\\/vitablanca.ma\\\/\",\"name\":\"VitaBlanca.ma | Compl\u00e9ments alimentaires, sant\u00e9 & beaut\u00e9 au Maroc\",\"description\":\"vendre vitamines et compl\u00e9ments premium des USA &amp; Canada, Nouvelle Z\u00e9lande,Maroc (NOW Foods, Solgar, Manuka). Livraison rapide partout au Maroc.\",\"publisher\":{\"@id\":\"https:\\\/\\\/vitablanca.ma\\\/#organization\"},\"alternateName\":\"VitaBlanca.ma\",\"potentialAction\":[{\"@type\":\"SearchAction\",\"target\":{\"@type\":\"EntryPoint\",\"urlTemplate\":\"https:\\\/\\\/vitablanca.ma\\\/?s={search_term_string}\"},\"query-input\":{\"@type\":\"PropertyValueSpecification\",\"valueRequired\":true,\"valueName\":\"search_term_string\"}}],\"inLanguage\":\"en-US\"},{\"@type\":\"Organization\",\"@id\":\"https:\\\/\\\/vitablanca.ma\\\/#organization\",\"name\":\"VitaBlanca\",\"url\":\"https:\\\/\\\/vitablanca.ma\\\/\",\"logo\":{\"@type\":\"ImageObject\",\"inLanguage\":\"en-US\",\"@id\":\"https:\\\/\\\/vitablanca.ma\\\/#\\\/schema\\\/logo\\\/image\\\/\",\"url\":\"https:\\\/\\\/vitablanca.ma\\\/wp-content\\\/uploads\\\/2025\\\/05\\\/cropped-vitablanca.png\",\"contentUrl\":\"https:\\\/\\\/vitablanca.ma\\\/wp-content\\\/uploads\\\/2025\\\/05\\\/cropped-vitablanca.png\",\"width\":360,\"height\":67,\"caption\":\"VitaBlanca\"},\"image\":{\"@id\":\"https:\\\/\\\/vitablanca.ma\\\/#\\\/schema\\\/logo\\\/image\\\/\"},\"sameAs\":[\"https:\\\/\\\/www.facebook.com\\\/profile.php?id=61576678196717\",\"https:\\\/\\\/www.tiktok.com\\\/@vitablanca.ma\",\"https:\\\/\\\/www.instagram.com\\\/vitablanca.ma\\\/\"]}]}<\/script>\n<!-- \/ Yoast SEO plugin. -->","yoast_head_json":{"title":"Now Foods Certified Organic Chlorella, Pure Powder, 113g - Morocco Price","description":"Buy Now Foods Organic Chlorella 113g in Morocco. This detoxifying, cell-wall-broken superfood provides vitality, chlorophyll, and immune support.","robots":{"index":"index","follow":"follow","max-snippet":"max-snippet:-1","max-image-preview":"max-image-preview:large","max-video-preview":"max-video-preview:-1"},"canonical":"https:\/\/vitablanca.ma\/en\/product\/now-foods-chlorella-certifiee-bio-poudre-pure-113-g-maroc\/","og_locale":"en_US","og_type":"article","og_title":"Now Foods Chlorella certifi\u00e9e bio, poudre pure, 113 g - Maroc Prix","og_description":"Achetez Now Foods Chlorella Bio 113g au Maroc. Ce superaliment d\u00e9toxifiant \u00e0 paroi cellulaire bris\u00e9e offre vitalit\u00e9, chlorophylle et un soutien immunitaire.","og_url":"https:\/\/vitablanca.ma\/en\/product\/now-foods-chlorella-certifiee-bio-poudre-pure-113-g-maroc\/","og_site_name":"Vitablanca.ma &ndash; Sant&eacute;, vitalit&eacute; et bien-&ecirc;tre pour tous les Marocains","article_publisher":"https:\/\/www.facebook.com\/profile.php?id=61576678196717","article_modified_time":"2025-10-17T15:37:36+00:00","og_image":[{"width":680,"height":680,"url":"https:\/\/vitablanca.ma\/wp-content\/uploads\/2025\/05\/chlorella-certifiee-bio-poudre-pure-113-g-now-foods-.jpg","type":"image\/jpeg"}],"twitter_card":"summary_large_image","twitter_misc":{"Est. reading time":"1 minute"},"schema":{"@context":"https:\/\/schema.org","@graph":[{"@type":["WebPage","ItemPage"],"@id":"https:\/\/vitablanca.ma\/produit\/now-foods-chlorella-certifiee-bio-poudre-pure-113-g-maroc\/","url":"https:\/\/vitablanca.ma\/produit\/now-foods-chlorella-certifiee-bio-poudre-pure-113-g-maroc\/","name":"Now Foods Certified Organic Chlorella, Pure Powder, 113g - Morocco Price","isPartOf":{"@id":"https:\/\/vitablanca.ma\/#website"},"primaryImageOfPage":{"@id":"https:\/\/vitablanca.ma\/produit\/now-foods-chlorella-certifiee-bio-poudre-pure-113-g-maroc\/#primaryimage"},"image":{"@id":"https:\/\/vitablanca.ma\/produit\/now-foods-chlorella-certifiee-bio-poudre-pure-113-g-maroc\/#primaryimage"},"thumbnailUrl":"https:\/\/vitablanca.ma\/wp-content\/uploads\/2025\/05\/chlorella-certifiee-bio-poudre-pure-113-g-now-foods-.jpg","datePublished":"2025-05-17T18:50:51+00:00","dateModified":"2025-10-17T15:37:36+00:00","description":"Buy Now Foods Organic Chlorella 113g in Morocco. This detoxifying, cell-wall-broken superfood provides vitality, chlorophyll, and immune support.","breadcrumb":{"@id":"https:\/\/vitablanca.ma\/produit\/now-foods-chlorella-certifiee-bio-poudre-pure-113-g-maroc\/#breadcrumb"},"inLanguage":"en-US","potentialAction":[{"@type":"ReadAction","target":["https:\/\/vitablanca.ma\/produit\/now-foods-chlorella-certifiee-bio-poudre-pure-113-g-maroc\/"]}]},{"@type":"ImageObject","inLanguage":"en-US","@id":"https:\/\/vitablanca.ma\/produit\/now-foods-chlorella-certifiee-bio-poudre-pure-113-g-maroc\/#primaryimage","url":"https:\/\/vitablanca.ma\/wp-content\/uploads\/2025\/05\/chlorella-certifiee-bio-poudre-pure-113-g-now-foods-.jpg","contentUrl":"https:\/\/vitablanca.ma\/wp-content\/uploads\/2025\/05\/chlorella-certifiee-bio-poudre-pure-113-g-now-foods-.jpg","width":680,"height":680},{"@type":"BreadcrumbList","@id":"https:\/\/vitablanca.ma\/produit\/now-foods-chlorella-certifiee-bio-poudre-pure-113-g-maroc\/#breadcrumb","itemListElement":[{"@type":"ListItem","position":1,"name":"Home","item":"https:\/\/vitablanca.ma\/"},{"@type":"ListItem","position":2,"name":"Tous Les Produits","item":"https:\/\/vitablanca.ma\/tous-les-produits\/"},{"@type":"ListItem","position":3,"name":"Now Foods Chlorella certifi\u00e9e bio, poudre pure, 113 g"}]},{"@type":"WebSite","@id":"https:\/\/vitablanca.ma\/#website","url":"https:\/\/vitablanca.ma\/","name":"VitaBlanca.ma | Food supplements, health &amp; beauty in Morocco","description":"sell premium vitamins and supplements from USA &amp; Canada, New Zealand, Morocco (NOW Foods, Solgar, Manuka). Fast delivery anywhere in Morocco.","publisher":{"@id":"https:\/\/vitablanca.ma\/#organization"},"alternateName":"VitaBlanca.ma","potentialAction":[{"@type":"SearchAction","target":{"@type":"EntryPoint","urlTemplate":"https:\/\/vitablanca.ma\/?s={search_term_string}"},"query-input":{"@type":"PropertyValueSpecification","valueRequired":true,"valueName":"search_term_string"}}],"inLanguage":"en-US"},{"@type":"Organization","@id":"https:\/\/vitablanca.ma\/#organization","name":"VitaBlanca","url":"https:\/\/vitablanca.ma\/","logo":{"@type":"ImageObject","inLanguage":"en-US","@id":"https:\/\/vitablanca.ma\/#\/schema\/logo\/image\/","url":"https:\/\/vitablanca.ma\/wp-content\/uploads\/2025\/05\/cropped-vitablanca.png","contentUrl":"https:\/\/vitablanca.ma\/wp-content\/uploads\/2025\/05\/cropped-vitablanca.png","width":360,"height":67,"caption":"VitaBlanca"},"image":{"@id":"https:\/\/vitablanca.ma\/#\/schema\/logo\/image\/"},"sameAs":["https:\/\/www.facebook.com\/profile.php?id=61576678196717","https:\/\/www.tiktok.com\/@vitablanca.ma","https:\/\/www.instagram.com\/vitablanca.ma\/"]}]}},"jetpack_sharing_enabled":true,"_links":{"self":[{"href":"https:\/\/vitablanca.ma\/en\/wp-json\/wp\/v2\/product\/7742","targetHints":{"allow":["GET"]}}],"collection":[{"href":"https:\/\/vitablanca.ma\/en\/wp-json\/wp\/v2\/product"}],"about":[{"href":"https:\/\/vitablanca.ma\/en\/wp-json\/wp\/v2\/types\/product"}],"wp:featuredmedia":[{"embeddable":true,"href":"https:\/\/vitablanca.ma\/en\/wp-json\/wp\/v2\/media\/7743"}],"wp:attachment":[{"href":"https:\/\/vitablanca.ma\/en\/wp-json\/wp\/v2\/media?parent=7742"}],"wp:term":[{"taxonomy":"product_brand","embeddable":true,"href":"https:\/\/vitablanca.ma\/en\/wp-json\/wp\/v2\/product_brand?post=7742"},{"taxonomy":"product_cat","embeddable":true,"href":"https:\/\/vitablanca.ma\/en\/wp-json\/wp\/v2\/product_cat?post=7742"},{"taxonomy":"product_tag","embeddable":true,"href":"https:\/\/vitablanca.ma\/en\/wp-json\/wp\/v2\/product_tag?post=7742"}],"curies":[{"name":"wp","href":"https:\/\/api.w.org\/{rel}","templated":true}]}}