{"id":7733,"date":"2025-05-17T16:42:26","date_gmt":"2025-05-17T16:42:26","guid":{"rendered":"https:\/\/vitablanca.ma\/?post_type=product&#038;p=7733"},"modified":"2025-12-01T20:25:58","modified_gmt":"2025-12-01T20:25:58","slug":"solgar-naturally-sourced-vitamin-e-67-mg-100-iu-100-softgels-maroc","status":"publish","type":"product","link":"https:\/\/vitablanca.ma\/en\/product\/solgar-naturally-sourced-vitamin-e-67-mg-100-iu-100-softgels-maroc\/","title":{"rendered":"Solgar Vitamin E 67 mg (100 IU) Naturally Sourced, 100 Softgels"},"content":{"rendered":"<p>Vitamin E is an essential nutrient and is the body&#039;s primary fat-soluble antioxidant. It helps fight cell-damaging free radicals that cause oxidative stress in the body, which can lead to premature aging of cells. This formulation provides a natural source of vitamin E in the form of d-alpha tocopherol and mixed tocopherols, including d-Gamma, d-Delta, and d-Beta Tocopherols. It is presented in oil-based softgels for optimal absorption and assimilation.<\/p>","protected":false},"excerpt":{"rendered":"<p>La vitamine E est un nutriment essentiel et est le principal antioxydant liposoluble de l&rsquo;organisme. Elle aide \u00e0 combattre les radicaux libres endommageant les cellules et qui causent un stress oxydatif dans le corps, pouvant entra\u00eener un vieillissement pr\u00e9matur\u00e9 des cellules. Cette formulation fournit une source naturelle de vitamine E sous forme de d-alpha tocoph\u00e9rol [&hellip;]<\/p>\n","protected":false},"featured_media":7734,"template":"","meta":{"om_disable_all_campaigns":false},"product_brand":[42],"product_cat":[18,3366,475,130,19],"product_tag":[],"class_list":{"0":"post-7733","1":"product","2":"type-product","3":"status-publish","4":"has-post-thumbnail","6":"product_brand-solgar-prix-maroc","7":"product_cat-beaute-sante","8":"product_cat-complements-alimentaires-au-maroc-vitablanca","9":"product_cat-vitamine-e","10":"product_cat-vitamines","11":"product_cat-vitamines-supplements-dietetiques","13":"first","14":"instock","15":"sale","16":"taxable","17":"shipping-taxable","18":"purchasable","19":"product-type-simple"},"yoast_head":"<!-- This site is optimized with the Yoast SEO plugin v27.4 - https:\/\/yoast.com\/product\/yoast-seo-wordpress\/ -->\n<title>Solgar Vitamin E ,67 mg Naturally Sourced 100 Softgels - Maroc Prix<\/title>\n<meta name=\"description\" content=\"Achetez Solgar Vitamine E 67 mg 100 softgels au Maroc. Forme naturelle d-alpha pour une protection antioxydante puissante, sant\u00e9 cardiaque et de la peau.\" \/>\n<meta name=\"robots\" content=\"index, follow, max-snippet:-1, max-image-preview:large, max-video-preview:-1\" \/>\n<link rel=\"canonical\" href=\"https:\/\/vitablanca.ma\/en\/product\/solgar-naturally-sourced-vitamin-e-67-mg-100-iu-100-softgels-maroc\/\" \/>\n<meta property=\"og:locale\" content=\"en_US\" \/>\n<meta property=\"og:type\" content=\"article\" \/>\n<meta property=\"og:title\" content=\"Solgar Vitamin E ,67 mg Naturally Sourced 100 Softgels - Maroc Prix\" \/>\n<meta property=\"og:description\" content=\"Achetez Solgar Vitamine E 67 mg 100 softgels au Maroc. Forme naturelle d-alpha pour une protection antioxydante puissante, sant\u00e9 cardiaque et de la peau.\" \/>\n<meta property=\"og:url\" content=\"https:\/\/vitablanca.ma\/en\/product\/solgar-naturally-sourced-vitamin-e-67-mg-100-iu-100-softgels-maroc\/\" \/>\n<meta property=\"og:site_name\" content=\"Vitablanca.ma &ndash; Sant&eacute;, vitalit&eacute; et bien-&ecirc;tre pour tous les Marocains\" \/>\n<meta property=\"article:publisher\" content=\"https:\/\/www.facebook.com\/profile.php?id=61576678196717\" \/>\n<meta property=\"article:modified_time\" content=\"2025-12-01T20:25:58+00:00\" \/>\n<meta property=\"og:image\" content=\"https:\/\/vitablanca.ma\/wp-content\/uploads\/2025\/05\/naturally-sourced-vitamin-e-67-mg-100-iu-100-softgels-solgar-.jpg\" \/>\n\t<meta property=\"og:image:width\" content=\"680\" \/>\n\t<meta property=\"og:image:height\" content=\"680\" \/>\n\t<meta property=\"og:image:type\" content=\"image\/jpeg\" \/>\n<meta name=\"twitter:card\" content=\"summary_large_image\" \/>\n<meta name=\"twitter:label1\" content=\"Est. reading time\" \/>\n\t<meta name=\"twitter:data1\" content=\"1 minute\" \/>\n<script type=\"application\/ld+json\" class=\"yoast-schema-graph\">{\"@context\":\"https:\\\/\\\/schema.org\",\"@graph\":[{\"@type\":[\"WebPage\",\"ItemPage\"],\"@id\":\"https:\\\/\\\/vitablanca.ma\\\/produit\\\/solgar-naturally-sourced-vitamin-e-67-mg-100-iu-100-softgels-maroc\\\/\",\"url\":\"https:\\\/\\\/vitablanca.ma\\\/produit\\\/solgar-naturally-sourced-vitamin-e-67-mg-100-iu-100-softgels-maroc\\\/\",\"name\":\"Solgar Vitamin E ,67 mg Naturally Sourced 100 Softgels - Maroc Prix\",\"isPartOf\":{\"@id\":\"https:\\\/\\\/vitablanca.ma\\\/#website\"},\"primaryImageOfPage\":{\"@id\":\"https:\\\/\\\/vitablanca.ma\\\/produit\\\/solgar-naturally-sourced-vitamin-e-67-mg-100-iu-100-softgels-maroc\\\/#primaryimage\"},\"image\":{\"@id\":\"https:\\\/\\\/vitablanca.ma\\\/produit\\\/solgar-naturally-sourced-vitamin-e-67-mg-100-iu-100-softgels-maroc\\\/#primaryimage\"},\"thumbnailUrl\":\"https:\\\/\\\/vitablanca.ma\\\/wp-content\\\/uploads\\\/2025\\\/05\\\/naturally-sourced-vitamin-e-67-mg-100-iu-100-softgels-solgar-.jpg\",\"datePublished\":\"2025-05-17T16:42:26+00:00\",\"dateModified\":\"2025-12-01T20:25:58+00:00\",\"description\":\"Achetez Solgar Vitamine E 67 mg 100 softgels au Maroc. Forme naturelle d-alpha pour une protection antioxydante puissante, sant\u00e9 cardiaque et de la peau.\",\"breadcrumb\":{\"@id\":\"https:\\\/\\\/vitablanca.ma\\\/produit\\\/solgar-naturally-sourced-vitamin-e-67-mg-100-iu-100-softgels-maroc\\\/#breadcrumb\"},\"inLanguage\":\"en-US\",\"potentialAction\":[{\"@type\":\"ReadAction\",\"target\":[\"https:\\\/\\\/vitablanca.ma\\\/produit\\\/solgar-naturally-sourced-vitamin-e-67-mg-100-iu-100-softgels-maroc\\\/\"]}]},{\"@type\":\"ImageObject\",\"inLanguage\":\"en-US\",\"@id\":\"https:\\\/\\\/vitablanca.ma\\\/produit\\\/solgar-naturally-sourced-vitamin-e-67-mg-100-iu-100-softgels-maroc\\\/#primaryimage\",\"url\":\"https:\\\/\\\/vitablanca.ma\\\/wp-content\\\/uploads\\\/2025\\\/05\\\/naturally-sourced-vitamin-e-67-mg-100-iu-100-softgels-solgar-.jpg\",\"contentUrl\":\"https:\\\/\\\/vitablanca.ma\\\/wp-content\\\/uploads\\\/2025\\\/05\\\/naturally-sourced-vitamin-e-67-mg-100-iu-100-softgels-solgar-.jpg\",\"width\":680,\"height\":680},{\"@type\":\"BreadcrumbList\",\"@id\":\"https:\\\/\\\/vitablanca.ma\\\/produit\\\/solgar-naturally-sourced-vitamin-e-67-mg-100-iu-100-softgels-maroc\\\/#breadcrumb\",\"itemListElement\":[{\"@type\":\"ListItem\",\"position\":1,\"name\":\"Home\",\"item\":\"https:\\\/\\\/vitablanca.ma\\\/\"},{\"@type\":\"ListItem\",\"position\":2,\"name\":\"Tous Les Produits\",\"item\":\"https:\\\/\\\/vitablanca.ma\\\/tous-les-produits\\\/\"},{\"@type\":\"ListItem\",\"position\":3,\"name\":\"Solgar Vitamin E 67 mg (100 IU) Naturally Sourced, 100 Softgels\"}]},{\"@type\":\"WebSite\",\"@id\":\"https:\\\/\\\/vitablanca.ma\\\/#website\",\"url\":\"https:\\\/\\\/vitablanca.ma\\\/\",\"name\":\"VitaBlanca.ma | Compl\u00e9ments alimentaires, sant\u00e9 & beaut\u00e9 au Maroc\",\"description\":\"vendre vitamines et compl\u00e9ments premium des USA &amp; Canada, Nouvelle Z\u00e9lande,Maroc (NOW Foods, Solgar, Manuka). Livraison rapide partout au Maroc.\",\"publisher\":{\"@id\":\"https:\\\/\\\/vitablanca.ma\\\/#organization\"},\"alternateName\":\"VitaBlanca.ma\",\"potentialAction\":[{\"@type\":\"SearchAction\",\"target\":{\"@type\":\"EntryPoint\",\"urlTemplate\":\"https:\\\/\\\/vitablanca.ma\\\/?s={search_term_string}\"},\"query-input\":{\"@type\":\"PropertyValueSpecification\",\"valueRequired\":true,\"valueName\":\"search_term_string\"}}],\"inLanguage\":\"en-US\"},{\"@type\":\"Organization\",\"@id\":\"https:\\\/\\\/vitablanca.ma\\\/#organization\",\"name\":\"VitaBlanca\",\"url\":\"https:\\\/\\\/vitablanca.ma\\\/\",\"logo\":{\"@type\":\"ImageObject\",\"inLanguage\":\"en-US\",\"@id\":\"https:\\\/\\\/vitablanca.ma\\\/#\\\/schema\\\/logo\\\/image\\\/\",\"url\":\"https:\\\/\\\/vitablanca.ma\\\/wp-content\\\/uploads\\\/2025\\\/05\\\/cropped-vitablanca.png\",\"contentUrl\":\"https:\\\/\\\/vitablanca.ma\\\/wp-content\\\/uploads\\\/2025\\\/05\\\/cropped-vitablanca.png\",\"width\":360,\"height\":67,\"caption\":\"VitaBlanca\"},\"image\":{\"@id\":\"https:\\\/\\\/vitablanca.ma\\\/#\\\/schema\\\/logo\\\/image\\\/\"},\"sameAs\":[\"https:\\\/\\\/www.facebook.com\\\/profile.php?id=61576678196717\",\"https:\\\/\\\/www.tiktok.com\\\/@vitablanca.ma\",\"https:\\\/\\\/www.instagram.com\\\/vitablanca.ma\\\/\"]}]}<\/script>\n<!-- \/ Yoast SEO plugin. -->","yoast_head_json":{"title":"Solgar Vitamin E .67 mg Naturally Sourced 100 Softgels - Morocco Price","description":"Buy Solgar Vitamin E 67 mg 100 softgels in Morocco. Natural d-alpha form for powerful antioxidant protection, heart health, and skin health.","robots":{"index":"index","follow":"follow","max-snippet":"max-snippet:-1","max-image-preview":"max-image-preview:large","max-video-preview":"max-video-preview:-1"},"canonical":"https:\/\/vitablanca.ma\/en\/product\/solgar-naturally-sourced-vitamin-e-67-mg-100-iu-100-softgels-maroc\/","og_locale":"en_US","og_type":"article","og_title":"Solgar Vitamin E ,67 mg Naturally Sourced 100 Softgels - Maroc Prix","og_description":"Achetez Solgar Vitamine E 67 mg 100 softgels au Maroc. Forme naturelle d-alpha pour une protection antioxydante puissante, sant\u00e9 cardiaque et de la peau.","og_url":"https:\/\/vitablanca.ma\/en\/product\/solgar-naturally-sourced-vitamin-e-67-mg-100-iu-100-softgels-maroc\/","og_site_name":"Vitablanca.ma &ndash; Sant&eacute;, vitalit&eacute; et bien-&ecirc;tre pour tous les Marocains","article_publisher":"https:\/\/www.facebook.com\/profile.php?id=61576678196717","article_modified_time":"2025-12-01T20:25:58+00:00","og_image":[{"width":680,"height":680,"url":"https:\/\/vitablanca.ma\/wp-content\/uploads\/2025\/05\/naturally-sourced-vitamin-e-67-mg-100-iu-100-softgels-solgar-.jpg","type":"image\/jpeg"}],"twitter_card":"summary_large_image","twitter_misc":{"Est. reading time":"1 minute"},"schema":{"@context":"https:\/\/schema.org","@graph":[{"@type":["WebPage","ItemPage"],"@id":"https:\/\/vitablanca.ma\/produit\/solgar-naturally-sourced-vitamin-e-67-mg-100-iu-100-softgels-maroc\/","url":"https:\/\/vitablanca.ma\/produit\/solgar-naturally-sourced-vitamin-e-67-mg-100-iu-100-softgels-maroc\/","name":"Solgar Vitamin E .67 mg Naturally Sourced 100 Softgels - Morocco Price","isPartOf":{"@id":"https:\/\/vitablanca.ma\/#website"},"primaryImageOfPage":{"@id":"https:\/\/vitablanca.ma\/produit\/solgar-naturally-sourced-vitamin-e-67-mg-100-iu-100-softgels-maroc\/#primaryimage"},"image":{"@id":"https:\/\/vitablanca.ma\/produit\/solgar-naturally-sourced-vitamin-e-67-mg-100-iu-100-softgels-maroc\/#primaryimage"},"thumbnailUrl":"https:\/\/vitablanca.ma\/wp-content\/uploads\/2025\/05\/naturally-sourced-vitamin-e-67-mg-100-iu-100-softgels-solgar-.jpg","datePublished":"2025-05-17T16:42:26+00:00","dateModified":"2025-12-01T20:25:58+00:00","description":"Buy Solgar Vitamin E 67 mg 100 softgels in Morocco. Natural d-alpha form for powerful antioxidant protection, heart health, and skin health.","breadcrumb":{"@id":"https:\/\/vitablanca.ma\/produit\/solgar-naturally-sourced-vitamin-e-67-mg-100-iu-100-softgels-maroc\/#breadcrumb"},"inLanguage":"en-US","potentialAction":[{"@type":"ReadAction","target":["https:\/\/vitablanca.ma\/produit\/solgar-naturally-sourced-vitamin-e-67-mg-100-iu-100-softgels-maroc\/"]}]},{"@type":"ImageObject","inLanguage":"en-US","@id":"https:\/\/vitablanca.ma\/produit\/solgar-naturally-sourced-vitamin-e-67-mg-100-iu-100-softgels-maroc\/#primaryimage","url":"https:\/\/vitablanca.ma\/wp-content\/uploads\/2025\/05\/naturally-sourced-vitamin-e-67-mg-100-iu-100-softgels-solgar-.jpg","contentUrl":"https:\/\/vitablanca.ma\/wp-content\/uploads\/2025\/05\/naturally-sourced-vitamin-e-67-mg-100-iu-100-softgels-solgar-.jpg","width":680,"height":680},{"@type":"BreadcrumbList","@id":"https:\/\/vitablanca.ma\/produit\/solgar-naturally-sourced-vitamin-e-67-mg-100-iu-100-softgels-maroc\/#breadcrumb","itemListElement":[{"@type":"ListItem","position":1,"name":"Home","item":"https:\/\/vitablanca.ma\/"},{"@type":"ListItem","position":2,"name":"Tous Les Produits","item":"https:\/\/vitablanca.ma\/tous-les-produits\/"},{"@type":"ListItem","position":3,"name":"Solgar Vitamin E 67 mg (100 IU) Naturally Sourced, 100 Softgels"}]},{"@type":"WebSite","@id":"https:\/\/vitablanca.ma\/#website","url":"https:\/\/vitablanca.ma\/","name":"VitaBlanca.ma | Food supplements, health &amp; beauty in Morocco","description":"sell premium vitamins and supplements from USA &amp; Canada, New Zealand, Morocco (NOW Foods, Solgar, Manuka). Fast delivery anywhere in Morocco.","publisher":{"@id":"https:\/\/vitablanca.ma\/#organization"},"alternateName":"VitaBlanca.ma","potentialAction":[{"@type":"SearchAction","target":{"@type":"EntryPoint","urlTemplate":"https:\/\/vitablanca.ma\/?s={search_term_string}"},"query-input":{"@type":"PropertyValueSpecification","valueRequired":true,"valueName":"search_term_string"}}],"inLanguage":"en-US"},{"@type":"Organization","@id":"https:\/\/vitablanca.ma\/#organization","name":"VitaBlanca","url":"https:\/\/vitablanca.ma\/","logo":{"@type":"ImageObject","inLanguage":"en-US","@id":"https:\/\/vitablanca.ma\/#\/schema\/logo\/image\/","url":"https:\/\/vitablanca.ma\/wp-content\/uploads\/2025\/05\/cropped-vitablanca.png","contentUrl":"https:\/\/vitablanca.ma\/wp-content\/uploads\/2025\/05\/cropped-vitablanca.png","width":360,"height":67,"caption":"VitaBlanca"},"image":{"@id":"https:\/\/vitablanca.ma\/#\/schema\/logo\/image\/"},"sameAs":["https:\/\/www.facebook.com\/profile.php?id=61576678196717","https:\/\/www.tiktok.com\/@vitablanca.ma","https:\/\/www.instagram.com\/vitablanca.ma\/"]}]}},"jetpack_sharing_enabled":true,"_links":{"self":[{"href":"https:\/\/vitablanca.ma\/en\/wp-json\/wp\/v2\/product\/7733","targetHints":{"allow":["GET"]}}],"collection":[{"href":"https:\/\/vitablanca.ma\/en\/wp-json\/wp\/v2\/product"}],"about":[{"href":"https:\/\/vitablanca.ma\/en\/wp-json\/wp\/v2\/types\/product"}],"wp:featuredmedia":[{"embeddable":true,"href":"https:\/\/vitablanca.ma\/en\/wp-json\/wp\/v2\/media\/7734"}],"wp:attachment":[{"href":"https:\/\/vitablanca.ma\/en\/wp-json\/wp\/v2\/media?parent=7733"}],"wp:term":[{"taxonomy":"product_brand","embeddable":true,"href":"https:\/\/vitablanca.ma\/en\/wp-json\/wp\/v2\/product_brand?post=7733"},{"taxonomy":"product_cat","embeddable":true,"href":"https:\/\/vitablanca.ma\/en\/wp-json\/wp\/v2\/product_cat?post=7733"},{"taxonomy":"product_tag","embeddable":true,"href":"https:\/\/vitablanca.ma\/en\/wp-json\/wp\/v2\/product_tag?post=7733"}],"curies":[{"name":"wp","href":"https:\/\/api.w.org\/{rel}","templated":true}]}}