{"id":7727,"date":"2025-05-17T16:05:05","date_gmt":"2025-05-17T16:05:05","guid":{"rendered":"https:\/\/vitablanca.ma\/?post_type=product&#038;p=7727"},"modified":"2025-08-30T21:22:30","modified_gmt":"2025-08-30T21:22:30","slug":"now-foods-b12-haute-puissance-5000-mcg-60-compr-maroc","status":"publish","type":"product","link":"https:\/\/vitablanca.ma\/en\/product\/now-foods-b12-haute-puissance-5000-mcg-60-compr-maroc\/","title":{"rendered":"Now Foods B12, 5000 mcg High Potency 60 tablets"},"content":{"rendered":"<p>La vitamine B-12 (cyanocobalamine) est une vitamine hydrosoluble n\u00e9cessaire \u00e0 la maintenance d\u2019un syst\u00e8me nerveux sain et \u00e0 la production d\u2019\u00e9nergie \u00e0 partir de graisses et de prot\u00e9ines. La vitamine B-12 est aussi essentielle pour la synth\u00e8se de l\u2019ADN durant la division cellulaire, ce qui la rend particuli\u00e8rement b\u00e9n\u00e9fique pour les cellules \u00e0 multiplication rapide telles que les globules rouges. De plus, un apport ad\u00e9quat en vitamine B-12, est capital pour la transformation de l\u2019homocyst\u00e9ine en m\u00e9thionine, ce qui contribue \u00e0 un syst\u00e8me cardiovasculaire en bonne sant\u00e9. Alors que la vitamine B-12 est conserv\u00e9e dans le foie, ses sources alimentaires sont d\u2019origine animale uniquement (viande et produits laitiers). Par cons\u00e9quent, la suppl\u00e9mentation en vitamines B-12 peut \u00eatre sp\u00e9cialement importante pour les v\u00e9g\u00e9tariens ayant un r\u00e9gime strict.<a href=\"https:\/\/www.jumia.ma\/customer\/account\/login\/?tkWl=NO879DV0IBTFPNAFAMZ-29447079&return=%2Fb12-haute-puissance-5000-mcg-60-compr-now-foods-mpg1386047.html\"><\/a><\/p>","protected":false},"excerpt":{"rendered":"<ul>\n<li>Nervous system health<\/li>\n<li>Essential for energy production<\/li>\n<li>With folic acid Dietary supplement<\/li>\n<\/ul>","protected":false},"featured_media":7728,"template":"","meta":{"om_disable_all_campaigns":false},"product_brand":[83],"product_cat":[18,3366,131,130,19],"product_tag":[88,719,129,126,93,91,388,726],"class_list":{"0":"post-7727","1":"product","2":"type-product","3":"status-publish","4":"has-post-thumbnail","6":"product_brand-now-foods-maroc-prix","7":"product_cat-beaute-sante","8":"product_cat-complements-alimentaires-au-maroc-vitablanca","9":"product_cat-vitamine-b","10":"product_cat-vitamines","11":"product_cat-vitamines-supplements-dietetiques","12":"product_tag-now-foods","13":"product_tag-now-foods-b12-5000-mcg-maroc","14":"product_tag-now-foods-casa","15":"product_tag-now-foods-iherb","16":"product_tag-now-foods-jumia","17":"product_tag-now-foods-maroc","18":"product_tag-now-foods-maroc-avis","19":"product_tag-now-foods-maroc-prix","21":"first","22":"instock","23":"taxable","24":"shipping-taxable","25":"purchasable","26":"product-type-simple"},"yoast_head":"<!-- This site is optimized with the Yoast SEO plugin v27.5 - https:\/\/yoast.com\/product\/yoast-seo-wordpress\/ -->\n<title>Now Foods B12, 5000 mcg Haute Puissance 60 comprim\u00e9s - Maroc Prix<\/title>\n<meta name=\"description\" content=\"Achetez Now Foods B12 5000 mcg (60 comprim\u00e9s) au Maroc. Vitamine B12 de haute puissance pour l&#039;\u00e9nergie, la sant\u00e9 du syst\u00e8me nerveux,\" \/>\n<meta name=\"robots\" content=\"index, follow, max-snippet:-1, max-image-preview:large, max-video-preview:-1\" \/>\n<link rel=\"canonical\" href=\"https:\/\/vitablanca.ma\/en\/product\/now-foods-b12-haute-puissance-5000-mcg-60-compr-maroc\/\" \/>\n<meta property=\"og:locale\" content=\"en_US\" \/>\n<meta property=\"og:type\" content=\"article\" \/>\n<meta property=\"og:title\" content=\"Now Foods B12, 5000 mcg Haute Puissance 60 comprim\u00e9s - Maroc Prix\" \/>\n<meta property=\"og:description\" content=\"Achetez Now Foods B12 5000 mcg (60 comprim\u00e9s) au Maroc. Vitamine B12 de haute puissance pour l&#039;\u00e9nergie, la sant\u00e9 du syst\u00e8me nerveux,\" \/>\n<meta property=\"og:url\" content=\"https:\/\/vitablanca.ma\/en\/product\/now-foods-b12-haute-puissance-5000-mcg-60-compr-maroc\/\" \/>\n<meta property=\"og:site_name\" content=\"Vitablanca.ma &ndash; Sant&eacute;, vitalit&eacute; et bien-&ecirc;tre pour tous les Marocains\" \/>\n<meta property=\"article:publisher\" content=\"https:\/\/www.facebook.com\/profile.php?id=61576678196717\" \/>\n<meta property=\"article:modified_time\" content=\"2025-08-30T21:22:30+00:00\" \/>\n<meta property=\"og:image\" content=\"https:\/\/vitablanca.ma\/wp-content\/uploads\/2025\/05\/1b12-haute-puissance-5000-mcg-60-compr-now-foods-.jpg\" \/>\n\t<meta property=\"og:image:width\" content=\"680\" \/>\n\t<meta property=\"og:image:height\" content=\"680\" \/>\n\t<meta property=\"og:image:type\" content=\"image\/jpeg\" \/>\n<meta name=\"twitter:card\" content=\"summary_large_image\" \/>\n<meta name=\"twitter:label1\" content=\"Est. reading time\" \/>\n\t<meta name=\"twitter:data1\" content=\"1 minute\" \/>\n<script type=\"application\/ld+json\" class=\"yoast-schema-graph\">{\"@context\":\"https:\\\/\\\/schema.org\",\"@graph\":[{\"@type\":[\"WebPage\",\"ItemPage\"],\"@id\":\"https:\\\/\\\/vitablanca.ma\\\/produit\\\/now-foods-b12-haute-puissance-5000-mcg-60-compr-maroc\\\/\",\"url\":\"https:\\\/\\\/vitablanca.ma\\\/produit\\\/now-foods-b12-haute-puissance-5000-mcg-60-compr-maroc\\\/\",\"name\":\"Now Foods B12, 5000 mcg Haute Puissance 60 comprim\u00e9s - Maroc Prix\",\"isPartOf\":{\"@id\":\"https:\\\/\\\/vitablanca.ma\\\/#website\"},\"primaryImageOfPage\":{\"@id\":\"https:\\\/\\\/vitablanca.ma\\\/produit\\\/now-foods-b12-haute-puissance-5000-mcg-60-compr-maroc\\\/#primaryimage\"},\"image\":{\"@id\":\"https:\\\/\\\/vitablanca.ma\\\/produit\\\/now-foods-b12-haute-puissance-5000-mcg-60-compr-maroc\\\/#primaryimage\"},\"thumbnailUrl\":\"https:\\\/\\\/vitablanca.ma\\\/wp-content\\\/uploads\\\/2025\\\/05\\\/1b12-haute-puissance-5000-mcg-60-compr-now-foods-.jpg\",\"datePublished\":\"2025-05-17T16:05:05+00:00\",\"dateModified\":\"2025-08-30T21:22:30+00:00\",\"description\":\"Achetez Now Foods B12 5000 mcg (60 comprim\u00e9s) au Maroc. Vitamine B12 de haute puissance pour l'\u00e9nergie, la sant\u00e9 du syst\u00e8me nerveux,\",\"breadcrumb\":{\"@id\":\"https:\\\/\\\/vitablanca.ma\\\/produit\\\/now-foods-b12-haute-puissance-5000-mcg-60-compr-maroc\\\/#breadcrumb\"},\"inLanguage\":\"en-US\",\"potentialAction\":[{\"@type\":\"ReadAction\",\"target\":[\"https:\\\/\\\/vitablanca.ma\\\/produit\\\/now-foods-b12-haute-puissance-5000-mcg-60-compr-maroc\\\/\"]}]},{\"@type\":\"ImageObject\",\"inLanguage\":\"en-US\",\"@id\":\"https:\\\/\\\/vitablanca.ma\\\/produit\\\/now-foods-b12-haute-puissance-5000-mcg-60-compr-maroc\\\/#primaryimage\",\"url\":\"https:\\\/\\\/vitablanca.ma\\\/wp-content\\\/uploads\\\/2025\\\/05\\\/1b12-haute-puissance-5000-mcg-60-compr-now-foods-.jpg\",\"contentUrl\":\"https:\\\/\\\/vitablanca.ma\\\/wp-content\\\/uploads\\\/2025\\\/05\\\/1b12-haute-puissance-5000-mcg-60-compr-now-foods-.jpg\",\"width\":680,\"height\":680},{\"@type\":\"BreadcrumbList\",\"@id\":\"https:\\\/\\\/vitablanca.ma\\\/produit\\\/now-foods-b12-haute-puissance-5000-mcg-60-compr-maroc\\\/#breadcrumb\",\"itemListElement\":[{\"@type\":\"ListItem\",\"position\":1,\"name\":\"Home\",\"item\":\"https:\\\/\\\/vitablanca.ma\\\/\"},{\"@type\":\"ListItem\",\"position\":2,\"name\":\"Tous Les Produits\",\"item\":\"https:\\\/\\\/vitablanca.ma\\\/tous-les-produits\\\/\"},{\"@type\":\"ListItem\",\"position\":3,\"name\":\"Now Foods B12, 5000 mcg Haute Puissance 60 comprim\u00e9s\"}]},{\"@type\":\"WebSite\",\"@id\":\"https:\\\/\\\/vitablanca.ma\\\/#website\",\"url\":\"https:\\\/\\\/vitablanca.ma\\\/\",\"name\":\"VitaBlanca.ma | Compl\u00e9ments alimentaires, sant\u00e9 & beaut\u00e9 au Maroc\",\"description\":\"vendre vitamines et compl\u00e9ments premium des USA &amp; Canada, Nouvelle Z\u00e9lande,Maroc (NOW Foods, Solgar, Manuka). Livraison rapide partout au Maroc.\",\"publisher\":{\"@id\":\"https:\\\/\\\/vitablanca.ma\\\/#organization\"},\"alternateName\":\"VitaBlanca.ma\",\"potentialAction\":[{\"@type\":\"SearchAction\",\"target\":{\"@type\":\"EntryPoint\",\"urlTemplate\":\"https:\\\/\\\/vitablanca.ma\\\/?s={search_term_string}\"},\"query-input\":{\"@type\":\"PropertyValueSpecification\",\"valueRequired\":true,\"valueName\":\"search_term_string\"}}],\"inLanguage\":\"en-US\"},{\"@type\":\"Organization\",\"@id\":\"https:\\\/\\\/vitablanca.ma\\\/#organization\",\"name\":\"VitaBlanca\",\"url\":\"https:\\\/\\\/vitablanca.ma\\\/\",\"logo\":{\"@type\":\"ImageObject\",\"inLanguage\":\"en-US\",\"@id\":\"https:\\\/\\\/vitablanca.ma\\\/#\\\/schema\\\/logo\\\/image\\\/\",\"url\":\"https:\\\/\\\/vitablanca.ma\\\/wp-content\\\/uploads\\\/2025\\\/05\\\/cropped-vitablanca.png\",\"contentUrl\":\"https:\\\/\\\/vitablanca.ma\\\/wp-content\\\/uploads\\\/2025\\\/05\\\/cropped-vitablanca.png\",\"width\":360,\"height\":67,\"caption\":\"VitaBlanca\"},\"image\":{\"@id\":\"https:\\\/\\\/vitablanca.ma\\\/#\\\/schema\\\/logo\\\/image\\\/\"},\"sameAs\":[\"https:\\\/\\\/www.facebook.com\\\/profile.php?id=61576678196717\",\"https:\\\/\\\/www.tiktok.com\\\/@vitablanca.ma\",\"https:\\\/\\\/www.instagram.com\\\/vitablanca.ma\\\/\"]}]}<\/script>\n<!-- \/ Yoast SEO plugin. -->","yoast_head_json":{"title":"Now Foods B12, 5000 mcg High Potency 60 Tablets - Morocco Price","description":"Buy Now Foods B12 5000 mcg (60 tablets) in Morocco. High potency vitamin B12 for energy, nervous system health,","robots":{"index":"index","follow":"follow","max-snippet":"max-snippet:-1","max-image-preview":"max-image-preview:large","max-video-preview":"max-video-preview:-1"},"canonical":"https:\/\/vitablanca.ma\/en\/product\/now-foods-b12-haute-puissance-5000-mcg-60-compr-maroc\/","og_locale":"en_US","og_type":"article","og_title":"Now Foods B12, 5000 mcg Haute Puissance 60 comprim\u00e9s - Maroc Prix","og_description":"Achetez Now Foods B12 5000 mcg (60 comprim\u00e9s) au Maroc. Vitamine B12 de haute puissance pour l'\u00e9nergie, la sant\u00e9 du syst\u00e8me nerveux,","og_url":"https:\/\/vitablanca.ma\/en\/product\/now-foods-b12-haute-puissance-5000-mcg-60-compr-maroc\/","og_site_name":"Vitablanca.ma &ndash; Sant&eacute;, vitalit&eacute; et bien-&ecirc;tre pour tous les Marocains","article_publisher":"https:\/\/www.facebook.com\/profile.php?id=61576678196717","article_modified_time":"2025-08-30T21:22:30+00:00","og_image":[{"width":680,"height":680,"url":"https:\/\/vitablanca.ma\/wp-content\/uploads\/2025\/05\/1b12-haute-puissance-5000-mcg-60-compr-now-foods-.jpg","type":"image\/jpeg"}],"twitter_card":"summary_large_image","twitter_misc":{"Est. reading time":"1 minute"},"schema":{"@context":"https:\/\/schema.org","@graph":[{"@type":["WebPage","ItemPage"],"@id":"https:\/\/vitablanca.ma\/produit\/now-foods-b12-haute-puissance-5000-mcg-60-compr-maroc\/","url":"https:\/\/vitablanca.ma\/produit\/now-foods-b12-haute-puissance-5000-mcg-60-compr-maroc\/","name":"Now Foods B12, 5000 mcg High Potency 60 Tablets - Morocco Price","isPartOf":{"@id":"https:\/\/vitablanca.ma\/#website"},"primaryImageOfPage":{"@id":"https:\/\/vitablanca.ma\/produit\/now-foods-b12-haute-puissance-5000-mcg-60-compr-maroc\/#primaryimage"},"image":{"@id":"https:\/\/vitablanca.ma\/produit\/now-foods-b12-haute-puissance-5000-mcg-60-compr-maroc\/#primaryimage"},"thumbnailUrl":"https:\/\/vitablanca.ma\/wp-content\/uploads\/2025\/05\/1b12-haute-puissance-5000-mcg-60-compr-now-foods-.jpg","datePublished":"2025-05-17T16:05:05+00:00","dateModified":"2025-08-30T21:22:30+00:00","description":"Buy Now Foods B12 5000 mcg (60 tablets) in Morocco. High potency vitamin B12 for energy, nervous system health,","breadcrumb":{"@id":"https:\/\/vitablanca.ma\/produit\/now-foods-b12-haute-puissance-5000-mcg-60-compr-maroc\/#breadcrumb"},"inLanguage":"en-US","potentialAction":[{"@type":"ReadAction","target":["https:\/\/vitablanca.ma\/produit\/now-foods-b12-haute-puissance-5000-mcg-60-compr-maroc\/"]}]},{"@type":"ImageObject","inLanguage":"en-US","@id":"https:\/\/vitablanca.ma\/produit\/now-foods-b12-haute-puissance-5000-mcg-60-compr-maroc\/#primaryimage","url":"https:\/\/vitablanca.ma\/wp-content\/uploads\/2025\/05\/1b12-haute-puissance-5000-mcg-60-compr-now-foods-.jpg","contentUrl":"https:\/\/vitablanca.ma\/wp-content\/uploads\/2025\/05\/1b12-haute-puissance-5000-mcg-60-compr-now-foods-.jpg","width":680,"height":680},{"@type":"BreadcrumbList","@id":"https:\/\/vitablanca.ma\/produit\/now-foods-b12-haute-puissance-5000-mcg-60-compr-maroc\/#breadcrumb","itemListElement":[{"@type":"ListItem","position":1,"name":"Home","item":"https:\/\/vitablanca.ma\/"},{"@type":"ListItem","position":2,"name":"Tous Les Produits","item":"https:\/\/vitablanca.ma\/tous-les-produits\/"},{"@type":"ListItem","position":3,"name":"Now Foods B12, 5000 mcg Haute Puissance 60 comprim\u00e9s"}]},{"@type":"WebSite","@id":"https:\/\/vitablanca.ma\/#website","url":"https:\/\/vitablanca.ma\/","name":"VitaBlanca.ma | Food supplements, health &amp; beauty in Morocco","description":"sell premium vitamins and supplements from USA &amp; Canada, New Zealand, Morocco (NOW Foods, Solgar, Manuka). Fast delivery anywhere in Morocco.","publisher":{"@id":"https:\/\/vitablanca.ma\/#organization"},"alternateName":"VitaBlanca.ma","potentialAction":[{"@type":"SearchAction","target":{"@type":"EntryPoint","urlTemplate":"https:\/\/vitablanca.ma\/?s={search_term_string}"},"query-input":{"@type":"PropertyValueSpecification","valueRequired":true,"valueName":"search_term_string"}}],"inLanguage":"en-US"},{"@type":"Organization","@id":"https:\/\/vitablanca.ma\/#organization","name":"VitaBlanca","url":"https:\/\/vitablanca.ma\/","logo":{"@type":"ImageObject","inLanguage":"en-US","@id":"https:\/\/vitablanca.ma\/#\/schema\/logo\/image\/","url":"https:\/\/vitablanca.ma\/wp-content\/uploads\/2025\/05\/cropped-vitablanca.png","contentUrl":"https:\/\/vitablanca.ma\/wp-content\/uploads\/2025\/05\/cropped-vitablanca.png","width":360,"height":67,"caption":"VitaBlanca"},"image":{"@id":"https:\/\/vitablanca.ma\/#\/schema\/logo\/image\/"},"sameAs":["https:\/\/www.facebook.com\/profile.php?id=61576678196717","https:\/\/www.tiktok.com\/@vitablanca.ma","https:\/\/www.instagram.com\/vitablanca.ma\/"]}]}},"jetpack_sharing_enabled":true,"_links":{"self":[{"href":"https:\/\/vitablanca.ma\/en\/wp-json\/wp\/v2\/product\/7727","targetHints":{"allow":["GET"]}}],"collection":[{"href":"https:\/\/vitablanca.ma\/en\/wp-json\/wp\/v2\/product"}],"about":[{"href":"https:\/\/vitablanca.ma\/en\/wp-json\/wp\/v2\/types\/product"}],"wp:featuredmedia":[{"embeddable":true,"href":"https:\/\/vitablanca.ma\/en\/wp-json\/wp\/v2\/media\/7728"}],"wp:attachment":[{"href":"https:\/\/vitablanca.ma\/en\/wp-json\/wp\/v2\/media?parent=7727"}],"wp:term":[{"taxonomy":"product_brand","embeddable":true,"href":"https:\/\/vitablanca.ma\/en\/wp-json\/wp\/v2\/product_brand?post=7727"},{"taxonomy":"product_cat","embeddable":true,"href":"https:\/\/vitablanca.ma\/en\/wp-json\/wp\/v2\/product_cat?post=7727"},{"taxonomy":"product_tag","embeddable":true,"href":"https:\/\/vitablanca.ma\/en\/wp-json\/wp\/v2\/product_tag?post=7727"}],"curies":[{"name":"wp","href":"https:\/\/api.w.org\/{rel}","templated":true}]}}