{"id":664,"date":"2025-04-28T00:12:51","date_gmt":"2025-04-28T00:12:51","guid":{"rendered":"https:\/\/vitablanca.ma\/?post_type=product&#038;p=664"},"modified":"2025-12-01T20:12:30","modified_gmt":"2025-12-01T20:12:30","slug":"solgar-vitamins-only-90-vegetable-caps","status":"publish","type":"product","link":"https:\/\/vitablanca.ma\/en\/product\/solgar-vitamins-only-90-vegetable-caps\/","title":{"rendered":"Solgar Vitamins Only, 90 Vegetable Caps"},"content":{"rendered":"<p>It seems like multivitamins are getting more complicated all the time. With multivitamins with added minerals or herbal support blends, it can be difficult to know what you&#039;re really getting. Do you really need more copper? What does that herbal extract do? Does it have more than you need?<\/p>\n<p>Ce n\u2019est pas parce qu\u2019une multivitamine contient plus de choses que c\u2019est mieux. Pour un soutien nutritionnel de base pour le bien-\u00eatre g\u00e9n\u00e9ral, essayez Vitamins Only de Solgar.<\/p>\n<p>Les vitamines seulement, c\u2019est exactement cela. C\u2019est une multivitamine avec des vitamines, m\u00e9langes de l\u00e9gumes de fantaisie pour aliments entiers, extraits de plantes exclusifs ou ingr\u00e9dients exotiques dont vous n\u2019avez jamais entendu parler \u2013 juste les vitamines de base dont tout le monde a besoin.<\/p>\n<p>Cette vitamine de qualit\u00e9 vous fournit tous les \u00e9l\u00e9ments essentiels, comme 100% de votre vitamine A quotidienne, de la vitamine D et de l\u2019acide folique. Il contient \u00e9galement des vitamines C\u00a0 et E \u00a0pour un soutien antioxydant naturel, et toutes vos vitamines B.<\/p>\n<p>Id\u00e9al pour une vari\u00e9t\u00e9 d\u2019individus, les vitamines ne sont disponibles qu\u2019en caps v\u00e9g\u00e9tales et sont sans gluten,sans bl\u00e9, sans produits laitiers,sans levure, sans sucre, sans sodium, sans ar\u00f4me artificiel, sans conservateurs et colorants.<\/p>\n<p>Suggested Use<\/p>\n<p>As a dietary supplement for adults, take one (1) vegetarian capsule daily, preferably with a meal.<\/p>","protected":false},"excerpt":{"rendered":"<ul>\n<li>Promotes general well-being.<\/li>\n<li>Gluten, wheat and dairy free<\/li>\n<li>Food supplement<\/li>\n<\/ul>","protected":false},"featured_media":665,"template":"","meta":{"om_disable_all_campaigns":false},"product_brand":[42],"product_cat":[18,3366,303,19],"product_tag":[181,624,242,52,53],"class_list":{"0":"post-664","1":"product","2":"type-product","3":"status-publish","4":"has-post-thumbnail","6":"product_brand-solgar-prix-maroc","7":"product_cat-beaute-sante","8":"product_cat-complements-alimentaires-au-maroc-vitablanca","9":"product_cat-multi-vitamines","10":"product_cat-vitamines-supplements-dietetiques","11":"product_tag-complement-alimentaire","12":"product_tag-favorise-le-bien-etre-general","13":"product_tag-sans-gluten","14":"product_tag-solgar-amazon-maroc","15":"product_tag-solgar-casa","17":"first","18":"instock","19":"sale","20":"taxable","21":"shipping-taxable","22":"purchasable","23":"product-type-simple"},"yoast_head":"<!-- This site is optimized with the Yoast SEO plugin v27.5 - https:\/\/yoast.com\/product\/yoast-seo-wordpress\/ -->\n<title>Solgar Vitamins Only, 90 Vegetable Caps - Maroc Prix<\/title>\n<meta name=\"description\" content=\"Achetez Solgar Vitamins Only 90 g\u00e9lules au Maroc. Un complexe de vitamines essentielles pour l&#039;\u00e9nergie, l&#039;immunit\u00e9 et la sant\u00e9 globale, sans min\u00e9raux.\" \/>\n<meta name=\"robots\" content=\"index, follow, max-snippet:-1, max-image-preview:large, max-video-preview:-1\" \/>\n<link rel=\"canonical\" href=\"https:\/\/vitablanca.ma\/en\/product\/solgar-vitamins-only-90-vegetable-caps\/\" \/>\n<meta property=\"og:locale\" content=\"en_US\" \/>\n<meta property=\"og:type\" content=\"article\" \/>\n<meta property=\"og:title\" content=\"Solgar Vitamins Only, 90 Vegetable Caps - Maroc Prix\" \/>\n<meta property=\"og:description\" content=\"Achetez Solgar Vitamins Only 90 g\u00e9lules au Maroc. Un complexe de vitamines essentielles pour l&#039;\u00e9nergie, l&#039;immunit\u00e9 et la sant\u00e9 globale, sans min\u00e9raux.\" \/>\n<meta property=\"og:url\" content=\"https:\/\/vitablanca.ma\/en\/product\/solgar-vitamins-only-90-vegetable-caps\/\" \/>\n<meta property=\"og:site_name\" content=\"Vitablanca.ma &ndash; Sant&eacute;, vitalit&eacute; et bien-&ecirc;tre pour tous les Marocains\" \/>\n<meta property=\"article:publisher\" content=\"https:\/\/www.facebook.com\/profile.php?id=61576678196717\" \/>\n<meta property=\"article:modified_time\" content=\"2025-12-01T20:12:30+00:00\" \/>\n<meta property=\"og:image\" content=\"https:\/\/vitablanca.ma\/wp-content\/uploads\/2025\/04\/vitamins-only-90-vegetable-caps-solgar-m.jpg\" \/>\n\t<meta property=\"og:image:width\" content=\"680\" \/>\n\t<meta property=\"og:image:height\" content=\"680\" \/>\n\t<meta property=\"og:image:type\" content=\"image\/jpeg\" \/>\n<meta name=\"twitter:card\" content=\"summary_large_image\" \/>\n<meta name=\"twitter:label1\" content=\"Est. reading time\" \/>\n\t<meta name=\"twitter:data1\" content=\"2 minutes\" \/>\n<script type=\"application\/ld+json\" class=\"yoast-schema-graph\">{\"@context\":\"https:\\\/\\\/schema.org\",\"@graph\":[{\"@type\":[\"WebPage\",\"ItemPage\"],\"@id\":\"https:\\\/\\\/vitablanca.ma\\\/produit\\\/solgar-vitamins-only-90-vegetable-caps\\\/\",\"url\":\"https:\\\/\\\/vitablanca.ma\\\/produit\\\/solgar-vitamins-only-90-vegetable-caps\\\/\",\"name\":\"Solgar Vitamins Only, 90 Vegetable Caps - Maroc Prix\",\"isPartOf\":{\"@id\":\"https:\\\/\\\/vitablanca.ma\\\/#website\"},\"primaryImageOfPage\":{\"@id\":\"https:\\\/\\\/vitablanca.ma\\\/produit\\\/solgar-vitamins-only-90-vegetable-caps\\\/#primaryimage\"},\"image\":{\"@id\":\"https:\\\/\\\/vitablanca.ma\\\/produit\\\/solgar-vitamins-only-90-vegetable-caps\\\/#primaryimage\"},\"thumbnailUrl\":\"https:\\\/\\\/vitablanca.ma\\\/wp-content\\\/uploads\\\/2025\\\/04\\\/vitamins-only-90-vegetable-caps-solgar-m.jpg\",\"datePublished\":\"2025-04-28T00:12:51+00:00\",\"dateModified\":\"2025-12-01T20:12:30+00:00\",\"description\":\"Achetez Solgar Vitamins Only 90 g\u00e9lules au Maroc. Un complexe de vitamines essentielles pour l'\u00e9nergie, l'immunit\u00e9 et la sant\u00e9 globale, sans min\u00e9raux.\",\"breadcrumb\":{\"@id\":\"https:\\\/\\\/vitablanca.ma\\\/produit\\\/solgar-vitamins-only-90-vegetable-caps\\\/#breadcrumb\"},\"inLanguage\":\"en-US\",\"potentialAction\":[{\"@type\":\"ReadAction\",\"target\":[\"https:\\\/\\\/vitablanca.ma\\\/produit\\\/solgar-vitamins-only-90-vegetable-caps\\\/\"]}]},{\"@type\":\"ImageObject\",\"inLanguage\":\"en-US\",\"@id\":\"https:\\\/\\\/vitablanca.ma\\\/produit\\\/solgar-vitamins-only-90-vegetable-caps\\\/#primaryimage\",\"url\":\"https:\\\/\\\/vitablanca.ma\\\/wp-content\\\/uploads\\\/2025\\\/04\\\/vitamins-only-90-vegetable-caps-solgar-m.jpg\",\"contentUrl\":\"https:\\\/\\\/vitablanca.ma\\\/wp-content\\\/uploads\\\/2025\\\/04\\\/vitamins-only-90-vegetable-caps-solgar-m.jpg\",\"width\":680,\"height\":680},{\"@type\":\"BreadcrumbList\",\"@id\":\"https:\\\/\\\/vitablanca.ma\\\/produit\\\/solgar-vitamins-only-90-vegetable-caps\\\/#breadcrumb\",\"itemListElement\":[{\"@type\":\"ListItem\",\"position\":1,\"name\":\"Home\",\"item\":\"https:\\\/\\\/vitablanca.ma\\\/\"},{\"@type\":\"ListItem\",\"position\":2,\"name\":\"Tous Les Produits\",\"item\":\"https:\\\/\\\/vitablanca.ma\\\/tous-les-produits\\\/\"},{\"@type\":\"ListItem\",\"position\":3,\"name\":\"Solgar Vitamins Only, 90 Vegetable Caps\"}]},{\"@type\":\"WebSite\",\"@id\":\"https:\\\/\\\/vitablanca.ma\\\/#website\",\"url\":\"https:\\\/\\\/vitablanca.ma\\\/\",\"name\":\"VitaBlanca.ma | Compl\u00e9ments alimentaires, sant\u00e9 & beaut\u00e9 au Maroc\",\"description\":\"vendre vitamines et compl\u00e9ments premium des USA &amp; Canada, Nouvelle Z\u00e9lande,Maroc (NOW Foods, Solgar, Manuka). Livraison rapide partout au Maroc.\",\"publisher\":{\"@id\":\"https:\\\/\\\/vitablanca.ma\\\/#organization\"},\"alternateName\":\"VitaBlanca.ma\",\"potentialAction\":[{\"@type\":\"SearchAction\",\"target\":{\"@type\":\"EntryPoint\",\"urlTemplate\":\"https:\\\/\\\/vitablanca.ma\\\/?s={search_term_string}\"},\"query-input\":{\"@type\":\"PropertyValueSpecification\",\"valueRequired\":true,\"valueName\":\"search_term_string\"}}],\"inLanguage\":\"en-US\"},{\"@type\":\"Organization\",\"@id\":\"https:\\\/\\\/vitablanca.ma\\\/#organization\",\"name\":\"VitaBlanca\",\"url\":\"https:\\\/\\\/vitablanca.ma\\\/\",\"logo\":{\"@type\":\"ImageObject\",\"inLanguage\":\"en-US\",\"@id\":\"https:\\\/\\\/vitablanca.ma\\\/#\\\/schema\\\/logo\\\/image\\\/\",\"url\":\"https:\\\/\\\/vitablanca.ma\\\/wp-content\\\/uploads\\\/2025\\\/05\\\/cropped-vitablanca.png\",\"contentUrl\":\"https:\\\/\\\/vitablanca.ma\\\/wp-content\\\/uploads\\\/2025\\\/05\\\/cropped-vitablanca.png\",\"width\":360,\"height\":67,\"caption\":\"VitaBlanca\"},\"image\":{\"@id\":\"https:\\\/\\\/vitablanca.ma\\\/#\\\/schema\\\/logo\\\/image\\\/\"},\"sameAs\":[\"https:\\\/\\\/www.facebook.com\\\/profile.php?id=61576678196717\",\"https:\\\/\\\/www.tiktok.com\\\/@vitablanca.ma\",\"https:\\\/\\\/www.instagram.com\\\/vitablanca.ma\\\/\"]}]}<\/script>\n<!-- \/ Yoast SEO plugin. -->","yoast_head_json":{"title":"Solgar Vitamins Only, 90 Vegetable Caps - Morocco Price","description":"Buy Solgar Vitamins Only 90 capsules in Morocco. A complex of essential vitamins for energy, immunity, and overall health, without minerals.","robots":{"index":"index","follow":"follow","max-snippet":"max-snippet:-1","max-image-preview":"max-image-preview:large","max-video-preview":"max-video-preview:-1"},"canonical":"https:\/\/vitablanca.ma\/en\/product\/solgar-vitamins-only-90-vegetable-caps\/","og_locale":"en_US","og_type":"article","og_title":"Solgar Vitamins Only, 90 Vegetable Caps - Maroc Prix","og_description":"Achetez Solgar Vitamins Only 90 g\u00e9lules au Maroc. Un complexe de vitamines essentielles pour l'\u00e9nergie, l'immunit\u00e9 et la sant\u00e9 globale, sans min\u00e9raux.","og_url":"https:\/\/vitablanca.ma\/en\/product\/solgar-vitamins-only-90-vegetable-caps\/","og_site_name":"Vitablanca.ma &ndash; Sant&eacute;, vitalit&eacute; et bien-&ecirc;tre pour tous les Marocains","article_publisher":"https:\/\/www.facebook.com\/profile.php?id=61576678196717","article_modified_time":"2025-12-01T20:12:30+00:00","og_image":[{"width":680,"height":680,"url":"https:\/\/vitablanca.ma\/wp-content\/uploads\/2025\/04\/vitamins-only-90-vegetable-caps-solgar-m.jpg","type":"image\/jpeg"}],"twitter_card":"summary_large_image","twitter_misc":{"Est. reading time":"2 minutes"},"schema":{"@context":"https:\/\/schema.org","@graph":[{"@type":["WebPage","ItemPage"],"@id":"https:\/\/vitablanca.ma\/produit\/solgar-vitamins-only-90-vegetable-caps\/","url":"https:\/\/vitablanca.ma\/produit\/solgar-vitamins-only-90-vegetable-caps\/","name":"Solgar Vitamins Only, 90 Vegetable Caps - Morocco Price","isPartOf":{"@id":"https:\/\/vitablanca.ma\/#website"},"primaryImageOfPage":{"@id":"https:\/\/vitablanca.ma\/produit\/solgar-vitamins-only-90-vegetable-caps\/#primaryimage"},"image":{"@id":"https:\/\/vitablanca.ma\/produit\/solgar-vitamins-only-90-vegetable-caps\/#primaryimage"},"thumbnailUrl":"https:\/\/vitablanca.ma\/wp-content\/uploads\/2025\/04\/vitamins-only-90-vegetable-caps-solgar-m.jpg","datePublished":"2025-04-28T00:12:51+00:00","dateModified":"2025-12-01T20:12:30+00:00","description":"Buy Solgar Vitamins Only 90 capsules in Morocco. A complex of essential vitamins for energy, immunity, and overall health, without minerals.","breadcrumb":{"@id":"https:\/\/vitablanca.ma\/produit\/solgar-vitamins-only-90-vegetable-caps\/#breadcrumb"},"inLanguage":"en-US","potentialAction":[{"@type":"ReadAction","target":["https:\/\/vitablanca.ma\/produit\/solgar-vitamins-only-90-vegetable-caps\/"]}]},{"@type":"ImageObject","inLanguage":"en-US","@id":"https:\/\/vitablanca.ma\/produit\/solgar-vitamins-only-90-vegetable-caps\/#primaryimage","url":"https:\/\/vitablanca.ma\/wp-content\/uploads\/2025\/04\/vitamins-only-90-vegetable-caps-solgar-m.jpg","contentUrl":"https:\/\/vitablanca.ma\/wp-content\/uploads\/2025\/04\/vitamins-only-90-vegetable-caps-solgar-m.jpg","width":680,"height":680},{"@type":"BreadcrumbList","@id":"https:\/\/vitablanca.ma\/produit\/solgar-vitamins-only-90-vegetable-caps\/#breadcrumb","itemListElement":[{"@type":"ListItem","position":1,"name":"Home","item":"https:\/\/vitablanca.ma\/"},{"@type":"ListItem","position":2,"name":"Tous Les Produits","item":"https:\/\/vitablanca.ma\/tous-les-produits\/"},{"@type":"ListItem","position":3,"name":"Solgar Vitamins Only, 90 Vegetable Caps"}]},{"@type":"WebSite","@id":"https:\/\/vitablanca.ma\/#website","url":"https:\/\/vitablanca.ma\/","name":"VitaBlanca.ma | Food supplements, health &amp; beauty in Morocco","description":"sell premium vitamins and supplements from USA &amp; Canada, New Zealand, Morocco (NOW Foods, Solgar, Manuka). Fast delivery anywhere in Morocco.","publisher":{"@id":"https:\/\/vitablanca.ma\/#organization"},"alternateName":"VitaBlanca.ma","potentialAction":[{"@type":"SearchAction","target":{"@type":"EntryPoint","urlTemplate":"https:\/\/vitablanca.ma\/?s={search_term_string}"},"query-input":{"@type":"PropertyValueSpecification","valueRequired":true,"valueName":"search_term_string"}}],"inLanguage":"en-US"},{"@type":"Organization","@id":"https:\/\/vitablanca.ma\/#organization","name":"VitaBlanca","url":"https:\/\/vitablanca.ma\/","logo":{"@type":"ImageObject","inLanguage":"en-US","@id":"https:\/\/vitablanca.ma\/#\/schema\/logo\/image\/","url":"https:\/\/vitablanca.ma\/wp-content\/uploads\/2025\/05\/cropped-vitablanca.png","contentUrl":"https:\/\/vitablanca.ma\/wp-content\/uploads\/2025\/05\/cropped-vitablanca.png","width":360,"height":67,"caption":"VitaBlanca"},"image":{"@id":"https:\/\/vitablanca.ma\/#\/schema\/logo\/image\/"},"sameAs":["https:\/\/www.facebook.com\/profile.php?id=61576678196717","https:\/\/www.tiktok.com\/@vitablanca.ma","https:\/\/www.instagram.com\/vitablanca.ma\/"]}]}},"jetpack_sharing_enabled":true,"_links":{"self":[{"href":"https:\/\/vitablanca.ma\/en\/wp-json\/wp\/v2\/product\/664","targetHints":{"allow":["GET"]}}],"collection":[{"href":"https:\/\/vitablanca.ma\/en\/wp-json\/wp\/v2\/product"}],"about":[{"href":"https:\/\/vitablanca.ma\/en\/wp-json\/wp\/v2\/types\/product"}],"wp:featuredmedia":[{"embeddable":true,"href":"https:\/\/vitablanca.ma\/en\/wp-json\/wp\/v2\/media\/665"}],"wp:attachment":[{"href":"https:\/\/vitablanca.ma\/en\/wp-json\/wp\/v2\/media?parent=664"}],"wp:term":[{"taxonomy":"product_brand","embeddable":true,"href":"https:\/\/vitablanca.ma\/en\/wp-json\/wp\/v2\/product_brand?post=664"},{"taxonomy":"product_cat","embeddable":true,"href":"https:\/\/vitablanca.ma\/en\/wp-json\/wp\/v2\/product_cat?post=664"},{"taxonomy":"product_tag","embeddable":true,"href":"https:\/\/vitablanca.ma\/en\/wp-json\/wp\/v2\/product_tag?post=664"}],"curies":[{"name":"wp","href":"https:\/\/api.w.org\/{rel}","templated":true}]}}