{"id":637,"date":"2025-04-27T18:41:06","date_gmt":"2025-04-27T18:41:06","guid":{"rendered":"https:\/\/vitablanca.ma\/?post_type=product&#038;p=637"},"modified":"2025-11-29T12:57:30","modified_gmt":"2025-11-29T12:57:30","slug":"sundown-naturals-pensee-positive-millepertuis-300-mg-150-capsules","status":"publish","type":"product","link":"https:\/\/vitablanca.ma\/en\/product\/sundown-naturals-pensee-positive-millepertuis-300-mg-150-capsules\/","title":{"rendered":"Sundown Naturals Positive Thinking, St. John&#039;s Wort, 300 mg, 150 Capsules"},"content":{"rendered":"<p>Le millepertuis normalis\u00e9 de Sundown Naturals est un suppl\u00e9ment \u00e0 base de plantes qui soutient un \u00e9tat mental calme et d\u00e9tendu. Nos capsules normalis\u00e9es de millepertuis favorisent une sensation de tranquillit\u00e9 et favorisent un \u00e9quilibre \u00e9motionnel sain.Le millepertuis est reconnu traditionnellement et gr\u00e2ce \u00e0 de nombreuses \u00e9tudes pour aider \u00e0 soutenir l\u2019\u00e9quilibre \u00e9motionnel en abordant la d\u00e9pression l\u00e9g\u00e8re \u00e0 mod\u00e9r\u00e9e, l\u2019anxi\u00e9t\u00e9 et l\u2019agitation. * Plusieurs phytochimiques trouv\u00e9s dans les sommit\u00e9s fleuries du millepertuis sont r\u00e9put\u00e9s pour contribuer \u00e0 son effet th\u00e9rapeutique.<\/p>\n<p>Suggested Use<\/p>\n<p>Pour les adultes, prenez deux (2) capsules jusqu\u2019\u00e0 trois fois par jour, de pr\u00e9f\u00e9rence en mangeant. Les capsules peuvent \u00eatre ouvertes et pr\u00e9par\u00e9es comme un th\u00e9.<\/p>","protected":false},"excerpt":{"rendered":"<ul>\n<li>Supports emotional balance<\/li>\n<li>Mild to moderate depression<\/li>\n<li>Anxiety and agitation<\/li>\n<\/ul>","protected":false},"featured_media":639,"template":"","meta":{"om_disable_all_campaigns":false},"product_brand":[374],"product_cat":[18,3366,304,19],"product_tag":[605,606,377,380,381],"class_list":{"0":"post-637","1":"product","2":"type-product","3":"status-publish","4":"has-post-thumbnail","6":"product_brand-sundown-naturals-maroc-prix","7":"product_cat-beaute-sante","8":"product_cat-complements-alimentaires-au-maroc-vitablanca","9":"product_cat-supplements-vitaminiques-mineraux-multiples","10":"product_cat-vitamines-supplements-dietetiques","11":"product_tag-lanxiete-et-lagitation","12":"product_tag-soutient-lequilibre","13":"product_tag-sundown-naturals","14":"product_tag-sundown-naturals-iherb","15":"product_tag-sundown-naturals-prix","17":"first","18":"instock","19":"sale","20":"taxable","21":"shipping-taxable","22":"purchasable","23":"product-type-simple"},"yoast_head":"<!-- This site is optimized with the Yoast SEO plugin v27.5 - https:\/\/yoast.com\/product\/yoast-seo-wordpress\/ -->\n<title>Sundown Naturals Pens\u00e9e positive, Millepertuis, 300 mg - Maroc<\/title>\n<meta name=\"description\" content=\"Achetez Sundown Naturals Millepertuis 300 mg (150 capsules) \u00e0 Maroc. Soutien naturel de l&#039;humeur, r\u00e9duit le stress et favorise le bien-\u00eatre \u00e9motionnel.\" \/>\n<meta name=\"robots\" content=\"index, follow, max-snippet:-1, max-image-preview:large, max-video-preview:-1\" \/>\n<link rel=\"canonical\" href=\"https:\/\/vitablanca.ma\/en\/product\/sundown-naturals-pensee-positive-millepertuis-300-mg-150-capsules\/\" \/>\n<meta property=\"og:locale\" content=\"en_US\" \/>\n<meta property=\"og:type\" content=\"article\" \/>\n<meta property=\"og:title\" content=\"Sundown Naturals Pens\u00e9e positive, Millepertuis, 300 mg - Maroc\" \/>\n<meta property=\"og:description\" content=\"Achetez Sundown Naturals Millepertuis 300 mg (150 capsules) \u00e0 Maroc. Soutien naturel de l&#039;humeur, r\u00e9duit le stress et favorise le bien-\u00eatre \u00e9motionnel.\" \/>\n<meta property=\"og:url\" content=\"https:\/\/vitablanca.ma\/en\/product\/sundown-naturals-pensee-positive-millepertuis-300-mg-150-capsules\/\" \/>\n<meta property=\"og:site_name\" content=\"Vitablanca.ma &ndash; Sant&eacute;, vitalit&eacute; et bien-&ecirc;tre pour tous les Marocains\" \/>\n<meta property=\"article:publisher\" content=\"https:\/\/www.facebook.com\/profile.php?id=61576678196717\" \/>\n<meta property=\"article:modified_time\" content=\"2025-11-29T12:57:30+00:00\" \/>\n<meta property=\"og:image\" content=\"https:\/\/vitablanca.ma\/wp-content\/uploads\/2025\/04\/sundown-naturals-pensee-positive-millepertuis-300-mg-150-capsules-.jpg\" \/>\n\t<meta property=\"og:image:width\" content=\"680\" \/>\n\t<meta property=\"og:image:height\" content=\"680\" \/>\n\t<meta property=\"og:image:type\" content=\"image\/jpeg\" \/>\n<meta name=\"twitter:card\" content=\"summary_large_image\" \/>\n<meta name=\"twitter:label1\" content=\"Est. reading time\" \/>\n\t<meta name=\"twitter:data1\" content=\"1 minute\" \/>\n<script type=\"application\/ld+json\" class=\"yoast-schema-graph\">{\"@context\":\"https:\\\/\\\/schema.org\",\"@graph\":[{\"@type\":[\"WebPage\",\"ItemPage\"],\"@id\":\"https:\\\/\\\/vitablanca.ma\\\/produit\\\/sundown-naturals-pensee-positive-millepertuis-300-mg-150-capsules\\\/\",\"url\":\"https:\\\/\\\/vitablanca.ma\\\/produit\\\/sundown-naturals-pensee-positive-millepertuis-300-mg-150-capsules\\\/\",\"name\":\"Sundown Naturals Pens\u00e9e positive, Millepertuis, 300 mg - Maroc\",\"isPartOf\":{\"@id\":\"https:\\\/\\\/vitablanca.ma\\\/#website\"},\"primaryImageOfPage\":{\"@id\":\"https:\\\/\\\/vitablanca.ma\\\/produit\\\/sundown-naturals-pensee-positive-millepertuis-300-mg-150-capsules\\\/#primaryimage\"},\"image\":{\"@id\":\"https:\\\/\\\/vitablanca.ma\\\/produit\\\/sundown-naturals-pensee-positive-millepertuis-300-mg-150-capsules\\\/#primaryimage\"},\"thumbnailUrl\":\"https:\\\/\\\/vitablanca.ma\\\/wp-content\\\/uploads\\\/2025\\\/04\\\/sundown-naturals-pensee-positive-millepertuis-300-mg-150-capsules-.jpg\",\"datePublished\":\"2025-04-27T18:41:06+00:00\",\"dateModified\":\"2025-11-29T12:57:30+00:00\",\"description\":\"Achetez Sundown Naturals Millepertuis 300 mg (150 capsules) \u00e0 Maroc. Soutien naturel de l'humeur, r\u00e9duit le stress et favorise le bien-\u00eatre \u00e9motionnel.\",\"breadcrumb\":{\"@id\":\"https:\\\/\\\/vitablanca.ma\\\/produit\\\/sundown-naturals-pensee-positive-millepertuis-300-mg-150-capsules\\\/#breadcrumb\"},\"inLanguage\":\"en-US\",\"potentialAction\":[{\"@type\":\"ReadAction\",\"target\":[\"https:\\\/\\\/vitablanca.ma\\\/produit\\\/sundown-naturals-pensee-positive-millepertuis-300-mg-150-capsules\\\/\"]}]},{\"@type\":\"ImageObject\",\"inLanguage\":\"en-US\",\"@id\":\"https:\\\/\\\/vitablanca.ma\\\/produit\\\/sundown-naturals-pensee-positive-millepertuis-300-mg-150-capsules\\\/#primaryimage\",\"url\":\"https:\\\/\\\/vitablanca.ma\\\/wp-content\\\/uploads\\\/2025\\\/04\\\/sundown-naturals-pensee-positive-millepertuis-300-mg-150-capsules-.jpg\",\"contentUrl\":\"https:\\\/\\\/vitablanca.ma\\\/wp-content\\\/uploads\\\/2025\\\/04\\\/sundown-naturals-pensee-positive-millepertuis-300-mg-150-capsules-.jpg\",\"width\":680,\"height\":680},{\"@type\":\"BreadcrumbList\",\"@id\":\"https:\\\/\\\/vitablanca.ma\\\/produit\\\/sundown-naturals-pensee-positive-millepertuis-300-mg-150-capsules\\\/#breadcrumb\",\"itemListElement\":[{\"@type\":\"ListItem\",\"position\":1,\"name\":\"Home\",\"item\":\"https:\\\/\\\/vitablanca.ma\\\/\"},{\"@type\":\"ListItem\",\"position\":2,\"name\":\"Tous Les Produits\",\"item\":\"https:\\\/\\\/vitablanca.ma\\\/tous-les-produits\\\/\"},{\"@type\":\"ListItem\",\"position\":3,\"name\":\"Sundown Naturals Pens\u00e9e positive, Millepertuis, 300 mg, 150 capsules\"}]},{\"@type\":\"WebSite\",\"@id\":\"https:\\\/\\\/vitablanca.ma\\\/#website\",\"url\":\"https:\\\/\\\/vitablanca.ma\\\/\",\"name\":\"VitaBlanca.ma | Compl\u00e9ments alimentaires, sant\u00e9 & beaut\u00e9 au Maroc\",\"description\":\"vendre vitamines et compl\u00e9ments premium des USA &amp; Canada, Nouvelle Z\u00e9lande,Maroc (NOW Foods, Solgar, Manuka). Livraison rapide partout au Maroc.\",\"publisher\":{\"@id\":\"https:\\\/\\\/vitablanca.ma\\\/#organization\"},\"alternateName\":\"VitaBlanca.ma\",\"potentialAction\":[{\"@type\":\"SearchAction\",\"target\":{\"@type\":\"EntryPoint\",\"urlTemplate\":\"https:\\\/\\\/vitablanca.ma\\\/?s={search_term_string}\"},\"query-input\":{\"@type\":\"PropertyValueSpecification\",\"valueRequired\":true,\"valueName\":\"search_term_string\"}}],\"inLanguage\":\"en-US\"},{\"@type\":\"Organization\",\"@id\":\"https:\\\/\\\/vitablanca.ma\\\/#organization\",\"name\":\"VitaBlanca\",\"url\":\"https:\\\/\\\/vitablanca.ma\\\/\",\"logo\":{\"@type\":\"ImageObject\",\"inLanguage\":\"en-US\",\"@id\":\"https:\\\/\\\/vitablanca.ma\\\/#\\\/schema\\\/logo\\\/image\\\/\",\"url\":\"https:\\\/\\\/vitablanca.ma\\\/wp-content\\\/uploads\\\/2025\\\/05\\\/cropped-vitablanca.png\",\"contentUrl\":\"https:\\\/\\\/vitablanca.ma\\\/wp-content\\\/uploads\\\/2025\\\/05\\\/cropped-vitablanca.png\",\"width\":360,\"height\":67,\"caption\":\"VitaBlanca\"},\"image\":{\"@id\":\"https:\\\/\\\/vitablanca.ma\\\/#\\\/schema\\\/logo\\\/image\\\/\"},\"sameAs\":[\"https:\\\/\\\/www.facebook.com\\\/profile.php?id=61576678196717\",\"https:\\\/\\\/www.tiktok.com\\\/@vitablanca.ma\",\"https:\\\/\\\/www.instagram.com\\\/vitablanca.ma\\\/\"]}]}<\/script>\n<!-- \/ Yoast SEO plugin. -->","yoast_head_json":{"title":"Sundown Naturals Positive Thinking, St. John&#039;s Wort, 300 mg - Morocco","description":"Buy Sundown Naturals St. John&#039;s Wort 300 mg (150 capsules) in Morocco. Natural mood support, reduces stress, and promotes emotional well-being.","robots":{"index":"index","follow":"follow","max-snippet":"max-snippet:-1","max-image-preview":"max-image-preview:large","max-video-preview":"max-video-preview:-1"},"canonical":"https:\/\/vitablanca.ma\/en\/product\/sundown-naturals-pensee-positive-millepertuis-300-mg-150-capsules\/","og_locale":"en_US","og_type":"article","og_title":"Sundown Naturals Pens\u00e9e positive, Millepertuis, 300 mg - Maroc","og_description":"Achetez Sundown Naturals Millepertuis 300 mg (150 capsules) \u00e0 Maroc. Soutien naturel de l'humeur, r\u00e9duit le stress et favorise le bien-\u00eatre \u00e9motionnel.","og_url":"https:\/\/vitablanca.ma\/en\/product\/sundown-naturals-pensee-positive-millepertuis-300-mg-150-capsules\/","og_site_name":"Vitablanca.ma &ndash; Sant&eacute;, vitalit&eacute; et bien-&ecirc;tre pour tous les Marocains","article_publisher":"https:\/\/www.facebook.com\/profile.php?id=61576678196717","article_modified_time":"2025-11-29T12:57:30+00:00","og_image":[{"width":680,"height":680,"url":"https:\/\/vitablanca.ma\/wp-content\/uploads\/2025\/04\/sundown-naturals-pensee-positive-millepertuis-300-mg-150-capsules-.jpg","type":"image\/jpeg"}],"twitter_card":"summary_large_image","twitter_misc":{"Est. reading time":"1 minute"},"schema":{"@context":"https:\/\/schema.org","@graph":[{"@type":["WebPage","ItemPage"],"@id":"https:\/\/vitablanca.ma\/produit\/sundown-naturals-pensee-positive-millepertuis-300-mg-150-capsules\/","url":"https:\/\/vitablanca.ma\/produit\/sundown-naturals-pensee-positive-millepertuis-300-mg-150-capsules\/","name":"Sundown Naturals Positive Thinking, St. John&#039;s Wort, 300 mg - Morocco","isPartOf":{"@id":"https:\/\/vitablanca.ma\/#website"},"primaryImageOfPage":{"@id":"https:\/\/vitablanca.ma\/produit\/sundown-naturals-pensee-positive-millepertuis-300-mg-150-capsules\/#primaryimage"},"image":{"@id":"https:\/\/vitablanca.ma\/produit\/sundown-naturals-pensee-positive-millepertuis-300-mg-150-capsules\/#primaryimage"},"thumbnailUrl":"https:\/\/vitablanca.ma\/wp-content\/uploads\/2025\/04\/sundown-naturals-pensee-positive-millepertuis-300-mg-150-capsules-.jpg","datePublished":"2025-04-27T18:41:06+00:00","dateModified":"2025-11-29T12:57:30+00:00","description":"Buy Sundown Naturals St. John&#039;s Wort 300 mg (150 capsules) in Morocco. Natural mood support, reduces stress, and promotes emotional well-being.","breadcrumb":{"@id":"https:\/\/vitablanca.ma\/produit\/sundown-naturals-pensee-positive-millepertuis-300-mg-150-capsules\/#breadcrumb"},"inLanguage":"en-US","potentialAction":[{"@type":"ReadAction","target":["https:\/\/vitablanca.ma\/produit\/sundown-naturals-pensee-positive-millepertuis-300-mg-150-capsules\/"]}]},{"@type":"ImageObject","inLanguage":"en-US","@id":"https:\/\/vitablanca.ma\/produit\/sundown-naturals-pensee-positive-millepertuis-300-mg-150-capsules\/#primaryimage","url":"https:\/\/vitablanca.ma\/wp-content\/uploads\/2025\/04\/sundown-naturals-pensee-positive-millepertuis-300-mg-150-capsules-.jpg","contentUrl":"https:\/\/vitablanca.ma\/wp-content\/uploads\/2025\/04\/sundown-naturals-pensee-positive-millepertuis-300-mg-150-capsules-.jpg","width":680,"height":680},{"@type":"BreadcrumbList","@id":"https:\/\/vitablanca.ma\/produit\/sundown-naturals-pensee-positive-millepertuis-300-mg-150-capsules\/#breadcrumb","itemListElement":[{"@type":"ListItem","position":1,"name":"Home","item":"https:\/\/vitablanca.ma\/"},{"@type":"ListItem","position":2,"name":"Tous Les Produits","item":"https:\/\/vitablanca.ma\/tous-les-produits\/"},{"@type":"ListItem","position":3,"name":"Sundown Naturals Pens\u00e9e positive, Millepertuis, 300 mg, 150 capsules"}]},{"@type":"WebSite","@id":"https:\/\/vitablanca.ma\/#website","url":"https:\/\/vitablanca.ma\/","name":"VitaBlanca.ma | Food supplements, health &amp; beauty in Morocco","description":"sell premium vitamins and supplements from USA &amp; Canada, New Zealand, Morocco (NOW Foods, Solgar, Manuka). Fast delivery anywhere in Morocco.","publisher":{"@id":"https:\/\/vitablanca.ma\/#organization"},"alternateName":"VitaBlanca.ma","potentialAction":[{"@type":"SearchAction","target":{"@type":"EntryPoint","urlTemplate":"https:\/\/vitablanca.ma\/?s={search_term_string}"},"query-input":{"@type":"PropertyValueSpecification","valueRequired":true,"valueName":"search_term_string"}}],"inLanguage":"en-US"},{"@type":"Organization","@id":"https:\/\/vitablanca.ma\/#organization","name":"VitaBlanca","url":"https:\/\/vitablanca.ma\/","logo":{"@type":"ImageObject","inLanguage":"en-US","@id":"https:\/\/vitablanca.ma\/#\/schema\/logo\/image\/","url":"https:\/\/vitablanca.ma\/wp-content\/uploads\/2025\/05\/cropped-vitablanca.png","contentUrl":"https:\/\/vitablanca.ma\/wp-content\/uploads\/2025\/05\/cropped-vitablanca.png","width":360,"height":67,"caption":"VitaBlanca"},"image":{"@id":"https:\/\/vitablanca.ma\/#\/schema\/logo\/image\/"},"sameAs":["https:\/\/www.facebook.com\/profile.php?id=61576678196717","https:\/\/www.tiktok.com\/@vitablanca.ma","https:\/\/www.instagram.com\/vitablanca.ma\/"]}]}},"jetpack_sharing_enabled":true,"_links":{"self":[{"href":"https:\/\/vitablanca.ma\/en\/wp-json\/wp\/v2\/product\/637","targetHints":{"allow":["GET"]}}],"collection":[{"href":"https:\/\/vitablanca.ma\/en\/wp-json\/wp\/v2\/product"}],"about":[{"href":"https:\/\/vitablanca.ma\/en\/wp-json\/wp\/v2\/types\/product"}],"wp:featuredmedia":[{"embeddable":true,"href":"https:\/\/vitablanca.ma\/en\/wp-json\/wp\/v2\/media\/639"}],"wp:attachment":[{"href":"https:\/\/vitablanca.ma\/en\/wp-json\/wp\/v2\/media?parent=637"}],"wp:term":[{"taxonomy":"product_brand","embeddable":true,"href":"https:\/\/vitablanca.ma\/en\/wp-json\/wp\/v2\/product_brand?post=637"},{"taxonomy":"product_cat","embeddable":true,"href":"https:\/\/vitablanca.ma\/en\/wp-json\/wp\/v2\/product_cat?post=637"},{"taxonomy":"product_tag","embeddable":true,"href":"https:\/\/vitablanca.ma\/en\/wp-json\/wp\/v2\/product_tag?post=637"}],"curies":[{"name":"wp","href":"https:\/\/api.w.org\/{rel}","templated":true}]}}