{"id":617,"date":"2025-04-27T18:02:23","date_gmt":"2025-04-27T18:02:23","guid":{"rendered":"https:\/\/vitablanca.ma\/?post_type=product&#038;p=617"},"modified":"2025-12-01T19:58:49","modified_gmt":"2025-12-01T19:58:49","slug":"country-life-glycinate-de-magnesium-chelate-400-mg-90-comprimes","status":"publish","type":"product","link":"https:\/\/vitablanca.ma\/en\/product\/country-life-glycinate-de-magnesium-chelate-400-mg-90-comprimes\/","title":{"rendered":"Country Life Chelated Magnesium Glycinate, 400 mg, 90 Tablets"},"content":{"rendered":"<p>Country Life Chelated Magnesium Glycinate provides a bioavailable supply of magnesium<\/p>\n<p>Le glycinate de magn\u00e9sium ch\u00e9lat\u00e9 est enti\u00e8rement mis \u00e0 r\u00e9agir avec un ch\u00e9late d\u2019acide amin\u00e9. Les acides amin\u00e9s sont un imp\u00e9ratif pour tous les \u00eatres vivants et sont les \u00e9l\u00e9ments constitutifs naturels des prot\u00e9ines. Le magn\u00e9sium est un nutriment essentiel qui fait souvent d\u00e9faut dans les r\u00e9gimes modernes. Le magn\u00e9sium est n\u00e9cessaire \u00e0 plus de 300 r\u00e9actions biochimiques dans le corps et au bon fonctionnement de nos cellules, nerfs, muscles, os et c\u0153ur. Si votre niveau de magn\u00e9sium est trop bas, vous pouvez \u00e9ventuellement ressentir des crampes musculaires et un certain nombre d\u2019autres probl\u00e8mes.<\/p>\n<p>Physical Benefits of Magnesium<\/p>\n<p>Le magn\u00e9sium joue un r\u00f4le dans le m\u00e9tabolisme des aliments, la synth\u00e8se des acides gras et des prot\u00e9ines et la transmission des impulsions nerveuses. On dit \u00e9galement qu\u2019il aide \u00e0 d\u00e9composer les sucres dans le corps et peut \u00e9ventuellement diminuer la r\u00e9sistance \u00e0 l\u2019insuline. Le magn\u00e9sium contribue au d\u00e9veloppement d\u2019os en bonne sant\u00e9, et les personnes pr\u00e9sentant des niveaux \u00e9lev\u00e9s de magn\u00e9sium pourraient avoir une densit\u00e9 min\u00e9rale osseuse plus \u00e9lev\u00e9e. Ceci est important pour aider \u00e0 r\u00e9duire le risque de fractures osseuses et d\u2019ost\u00e9oporose. Les personnes souffrant de migraines ont g\u00e9n\u00e9ralement des niveaux extr\u00eamement faibles de magn\u00e9sium dans leur sang et leurs tissus. Prendre du magn\u00e9sium peut aider \u00e0 r\u00e9duire la fr\u00e9quence de ces migraines.<\/p>","protected":false},"excerpt":{"rendered":"<ul>\n<li>Certified gluten-free<\/li>\n<li>Fully Reacted<\/li>\n<li>Supports heart health<\/li>\n<li>Promotes healthy bone and muscle function<\/li>\n<li>Food supplement<\/li>\n<\/ul>","protected":false},"featured_media":618,"template":"","meta":{"om_disable_all_campaigns":false},"product_brand":[188],"product_cat":[18,3366,176,163,19],"product_tag":[301,181,590,192,194,588,589],"class_list":{"0":"post-617","1":"product","2":"type-product","3":"status-publish","4":"has-post-thumbnail","6":"product_brand-country-life-maroc","7":"product_cat-beaute-sante","8":"product_cat-complements-alimentaires-au-maroc-vitablanca","9":"product_cat-magnesium","10":"product_cat-mineraux","11":"product_cat-vitamines-supplements-dietetiques","12":"product_tag-certifie-sans-gluten","13":"product_tag-complement-alimentaire","14":"product_tag-country-life","15":"product_tag-country-life-iherb","16":"product_tag-country-life-prix","17":"product_tag-entierement-reagi","18":"product_tag-soutient-la-sante-cardiaque","20":"first","21":"instock","22":"sale","23":"taxable","24":"shipping-taxable","25":"purchasable","26":"product-type-simple"},"yoast_head":"<!-- This site is optimized with the Yoast SEO plugin v27.5 - https:\/\/yoast.com\/product\/yoast-seo-wordpress\/ -->\n<title>Country Life Glycinate de magn\u00e9sium ch\u00e9lat\u00e9, 400 mg - Maroc Prix<\/title>\n<meta name=\"description\" content=\"Achetez Country Life Glycinate de Magn\u00e9sium Ch\u00e9lat\u00e9 400 mg (90 comprim\u00e9s) au Maroc. Favorise la relaxation, le sommeil et la sant\u00e9 musculaire.\" \/>\n<meta name=\"robots\" content=\"index, follow, max-snippet:-1, max-image-preview:large, max-video-preview:-1\" \/>\n<link rel=\"canonical\" href=\"https:\/\/vitablanca.ma\/en\/product\/country-life-glycinate-de-magnesium-chelate-400-mg-90-comprimes\/\" \/>\n<meta property=\"og:locale\" content=\"en_US\" \/>\n<meta property=\"og:type\" content=\"article\" \/>\n<meta property=\"og:title\" content=\"Country Life Glycinate de magn\u00e9sium ch\u00e9lat\u00e9, 400 mg - Maroc Prix\" \/>\n<meta property=\"og:description\" content=\"Achetez Country Life Glycinate de Magn\u00e9sium Ch\u00e9lat\u00e9 400 mg (90 comprim\u00e9s) au Maroc. Favorise la relaxation, le sommeil et la sant\u00e9 musculaire.\" \/>\n<meta property=\"og:url\" content=\"https:\/\/vitablanca.ma\/en\/product\/country-life-glycinate-de-magnesium-chelate-400-mg-90-comprimes\/\" \/>\n<meta property=\"og:site_name\" content=\"Vitablanca.ma &ndash; Sant&eacute;, vitalit&eacute; et bien-&ecirc;tre pour tous les Marocains\" \/>\n<meta property=\"article:publisher\" content=\"https:\/\/www.facebook.com\/profile.php?id=61576678196717\" \/>\n<meta property=\"article:modified_time\" content=\"2025-12-01T19:58:49+00:00\" \/>\n<meta property=\"og:image\" content=\"https:\/\/vitablanca.ma\/wp-content\/uploads\/2025\/04\/country-life-glycinate-de-magnesium-chelate-400-mg-90-comprimes-.jpg\" \/>\n\t<meta property=\"og:image:width\" content=\"680\" \/>\n\t<meta property=\"og:image:height\" content=\"680\" \/>\n\t<meta property=\"og:image:type\" content=\"image\/jpeg\" \/>\n<meta name=\"twitter:card\" content=\"summary_large_image\" \/>\n<meta name=\"twitter:label1\" content=\"Est. reading time\" \/>\n\t<meta name=\"twitter:data1\" content=\"2 minutes\" \/>\n<script type=\"application\/ld+json\" class=\"yoast-schema-graph\">{\"@context\":\"https:\\\/\\\/schema.org\",\"@graph\":[{\"@type\":[\"WebPage\",\"ItemPage\"],\"@id\":\"https:\\\/\\\/vitablanca.ma\\\/produit\\\/country-life-glycinate-de-magnesium-chelate-400-mg-90-comprimes\\\/\",\"url\":\"https:\\\/\\\/vitablanca.ma\\\/produit\\\/country-life-glycinate-de-magnesium-chelate-400-mg-90-comprimes\\\/\",\"name\":\"Country Life Glycinate de magn\u00e9sium ch\u00e9lat\u00e9, 400 mg - Maroc Prix\",\"isPartOf\":{\"@id\":\"https:\\\/\\\/vitablanca.ma\\\/#website\"},\"primaryImageOfPage\":{\"@id\":\"https:\\\/\\\/vitablanca.ma\\\/produit\\\/country-life-glycinate-de-magnesium-chelate-400-mg-90-comprimes\\\/#primaryimage\"},\"image\":{\"@id\":\"https:\\\/\\\/vitablanca.ma\\\/produit\\\/country-life-glycinate-de-magnesium-chelate-400-mg-90-comprimes\\\/#primaryimage\"},\"thumbnailUrl\":\"https:\\\/\\\/vitablanca.ma\\\/wp-content\\\/uploads\\\/2025\\\/04\\\/country-life-glycinate-de-magnesium-chelate-400-mg-90-comprimes-.jpg\",\"datePublished\":\"2025-04-27T18:02:23+00:00\",\"dateModified\":\"2025-12-01T19:58:49+00:00\",\"description\":\"Achetez Country Life Glycinate de Magn\u00e9sium Ch\u00e9lat\u00e9 400 mg (90 comprim\u00e9s) au Maroc. Favorise la relaxation, le sommeil et la sant\u00e9 musculaire.\",\"breadcrumb\":{\"@id\":\"https:\\\/\\\/vitablanca.ma\\\/produit\\\/country-life-glycinate-de-magnesium-chelate-400-mg-90-comprimes\\\/#breadcrumb\"},\"inLanguage\":\"en-US\",\"potentialAction\":[{\"@type\":\"ReadAction\",\"target\":[\"https:\\\/\\\/vitablanca.ma\\\/produit\\\/country-life-glycinate-de-magnesium-chelate-400-mg-90-comprimes\\\/\"]}]},{\"@type\":\"ImageObject\",\"inLanguage\":\"en-US\",\"@id\":\"https:\\\/\\\/vitablanca.ma\\\/produit\\\/country-life-glycinate-de-magnesium-chelate-400-mg-90-comprimes\\\/#primaryimage\",\"url\":\"https:\\\/\\\/vitablanca.ma\\\/wp-content\\\/uploads\\\/2025\\\/04\\\/country-life-glycinate-de-magnesium-chelate-400-mg-90-comprimes-.jpg\",\"contentUrl\":\"https:\\\/\\\/vitablanca.ma\\\/wp-content\\\/uploads\\\/2025\\\/04\\\/country-life-glycinate-de-magnesium-chelate-400-mg-90-comprimes-.jpg\",\"width\":680,\"height\":680},{\"@type\":\"BreadcrumbList\",\"@id\":\"https:\\\/\\\/vitablanca.ma\\\/produit\\\/country-life-glycinate-de-magnesium-chelate-400-mg-90-comprimes\\\/#breadcrumb\",\"itemListElement\":[{\"@type\":\"ListItem\",\"position\":1,\"name\":\"Home\",\"item\":\"https:\\\/\\\/vitablanca.ma\\\/\"},{\"@type\":\"ListItem\",\"position\":2,\"name\":\"Tous Les Produits\",\"item\":\"https:\\\/\\\/vitablanca.ma\\\/tous-les-produits\\\/\"},{\"@type\":\"ListItem\",\"position\":3,\"name\":\"Country Life Glycinate de magn\u00e9sium ch\u00e9lat\u00e9, 400 mg, 90 Comprim\u00e9s\"}]},{\"@type\":\"WebSite\",\"@id\":\"https:\\\/\\\/vitablanca.ma\\\/#website\",\"url\":\"https:\\\/\\\/vitablanca.ma\\\/\",\"name\":\"VitaBlanca.ma | Compl\u00e9ments alimentaires, sant\u00e9 & beaut\u00e9 au Maroc\",\"description\":\"vendre vitamines et compl\u00e9ments premium des USA &amp; Canada, Nouvelle Z\u00e9lande,Maroc (NOW Foods, Solgar, Manuka). Livraison rapide partout au Maroc.\",\"publisher\":{\"@id\":\"https:\\\/\\\/vitablanca.ma\\\/#organization\"},\"alternateName\":\"VitaBlanca.ma\",\"potentialAction\":[{\"@type\":\"SearchAction\",\"target\":{\"@type\":\"EntryPoint\",\"urlTemplate\":\"https:\\\/\\\/vitablanca.ma\\\/?s={search_term_string}\"},\"query-input\":{\"@type\":\"PropertyValueSpecification\",\"valueRequired\":true,\"valueName\":\"search_term_string\"}}],\"inLanguage\":\"en-US\"},{\"@type\":\"Organization\",\"@id\":\"https:\\\/\\\/vitablanca.ma\\\/#organization\",\"name\":\"VitaBlanca\",\"url\":\"https:\\\/\\\/vitablanca.ma\\\/\",\"logo\":{\"@type\":\"ImageObject\",\"inLanguage\":\"en-US\",\"@id\":\"https:\\\/\\\/vitablanca.ma\\\/#\\\/schema\\\/logo\\\/image\\\/\",\"url\":\"https:\\\/\\\/vitablanca.ma\\\/wp-content\\\/uploads\\\/2025\\\/05\\\/cropped-vitablanca.png\",\"contentUrl\":\"https:\\\/\\\/vitablanca.ma\\\/wp-content\\\/uploads\\\/2025\\\/05\\\/cropped-vitablanca.png\",\"width\":360,\"height\":67,\"caption\":\"VitaBlanca\"},\"image\":{\"@id\":\"https:\\\/\\\/vitablanca.ma\\\/#\\\/schema\\\/logo\\\/image\\\/\"},\"sameAs\":[\"https:\\\/\\\/www.facebook.com\\\/profile.php?id=61576678196717\",\"https:\\\/\\\/www.tiktok.com\\\/@vitablanca.ma\",\"https:\\\/\\\/www.instagram.com\\\/vitablanca.ma\\\/\"]}]}<\/script>\n<!-- \/ Yoast SEO plugin. -->","yoast_head_json":{"title":"Country Life Chelated Magnesium Glycinate, 400 mg - Morocco Price","description":"Buy Country Life Chelated Magnesium Glycinate 400 mg (90 tablets) in Morocco. Promotes relaxation, sleep, and muscle health.","robots":{"index":"index","follow":"follow","max-snippet":"max-snippet:-1","max-image-preview":"max-image-preview:large","max-video-preview":"max-video-preview:-1"},"canonical":"https:\/\/vitablanca.ma\/en\/product\/country-life-glycinate-de-magnesium-chelate-400-mg-90-comprimes\/","og_locale":"en_US","og_type":"article","og_title":"Country Life Glycinate de magn\u00e9sium ch\u00e9lat\u00e9, 400 mg - Maroc Prix","og_description":"Achetez Country Life Glycinate de Magn\u00e9sium Ch\u00e9lat\u00e9 400 mg (90 comprim\u00e9s) au Maroc. Favorise la relaxation, le sommeil et la sant\u00e9 musculaire.","og_url":"https:\/\/vitablanca.ma\/en\/product\/country-life-glycinate-de-magnesium-chelate-400-mg-90-comprimes\/","og_site_name":"Vitablanca.ma &ndash; Sant&eacute;, vitalit&eacute; et bien-&ecirc;tre pour tous les Marocains","article_publisher":"https:\/\/www.facebook.com\/profile.php?id=61576678196717","article_modified_time":"2025-12-01T19:58:49+00:00","og_image":[{"width":680,"height":680,"url":"https:\/\/vitablanca.ma\/wp-content\/uploads\/2025\/04\/country-life-glycinate-de-magnesium-chelate-400-mg-90-comprimes-.jpg","type":"image\/jpeg"}],"twitter_card":"summary_large_image","twitter_misc":{"Est. reading time":"2 minutes"},"schema":{"@context":"https:\/\/schema.org","@graph":[{"@type":["WebPage","ItemPage"],"@id":"https:\/\/vitablanca.ma\/produit\/country-life-glycinate-de-magnesium-chelate-400-mg-90-comprimes\/","url":"https:\/\/vitablanca.ma\/produit\/country-life-glycinate-de-magnesium-chelate-400-mg-90-comprimes\/","name":"Country Life Chelated Magnesium Glycinate, 400 mg - Morocco Price","isPartOf":{"@id":"https:\/\/vitablanca.ma\/#website"},"primaryImageOfPage":{"@id":"https:\/\/vitablanca.ma\/produit\/country-life-glycinate-de-magnesium-chelate-400-mg-90-comprimes\/#primaryimage"},"image":{"@id":"https:\/\/vitablanca.ma\/produit\/country-life-glycinate-de-magnesium-chelate-400-mg-90-comprimes\/#primaryimage"},"thumbnailUrl":"https:\/\/vitablanca.ma\/wp-content\/uploads\/2025\/04\/country-life-glycinate-de-magnesium-chelate-400-mg-90-comprimes-.jpg","datePublished":"2025-04-27T18:02:23+00:00","dateModified":"2025-12-01T19:58:49+00:00","description":"Buy Country Life Chelated Magnesium Glycinate 400 mg (90 tablets) in Morocco. Promotes relaxation, sleep, and muscle health.","breadcrumb":{"@id":"https:\/\/vitablanca.ma\/produit\/country-life-glycinate-de-magnesium-chelate-400-mg-90-comprimes\/#breadcrumb"},"inLanguage":"en-US","potentialAction":[{"@type":"ReadAction","target":["https:\/\/vitablanca.ma\/produit\/country-life-glycinate-de-magnesium-chelate-400-mg-90-comprimes\/"]}]},{"@type":"ImageObject","inLanguage":"en-US","@id":"https:\/\/vitablanca.ma\/produit\/country-life-glycinate-de-magnesium-chelate-400-mg-90-comprimes\/#primaryimage","url":"https:\/\/vitablanca.ma\/wp-content\/uploads\/2025\/04\/country-life-glycinate-de-magnesium-chelate-400-mg-90-comprimes-.jpg","contentUrl":"https:\/\/vitablanca.ma\/wp-content\/uploads\/2025\/04\/country-life-glycinate-de-magnesium-chelate-400-mg-90-comprimes-.jpg","width":680,"height":680},{"@type":"BreadcrumbList","@id":"https:\/\/vitablanca.ma\/produit\/country-life-glycinate-de-magnesium-chelate-400-mg-90-comprimes\/#breadcrumb","itemListElement":[{"@type":"ListItem","position":1,"name":"Home","item":"https:\/\/vitablanca.ma\/"},{"@type":"ListItem","position":2,"name":"Tous Les Produits","item":"https:\/\/vitablanca.ma\/tous-les-produits\/"},{"@type":"ListItem","position":3,"name":"Country Life Glycinate de magn\u00e9sium ch\u00e9lat\u00e9, 400 mg, 90 Comprim\u00e9s"}]},{"@type":"WebSite","@id":"https:\/\/vitablanca.ma\/#website","url":"https:\/\/vitablanca.ma\/","name":"VitaBlanca.ma | Food supplements, health &amp; beauty in Morocco","description":"sell premium vitamins and supplements from USA &amp; Canada, New Zealand, Morocco (NOW Foods, Solgar, Manuka). Fast delivery anywhere in Morocco.","publisher":{"@id":"https:\/\/vitablanca.ma\/#organization"},"alternateName":"VitaBlanca.ma","potentialAction":[{"@type":"SearchAction","target":{"@type":"EntryPoint","urlTemplate":"https:\/\/vitablanca.ma\/?s={search_term_string}"},"query-input":{"@type":"PropertyValueSpecification","valueRequired":true,"valueName":"search_term_string"}}],"inLanguage":"en-US"},{"@type":"Organization","@id":"https:\/\/vitablanca.ma\/#organization","name":"VitaBlanca","url":"https:\/\/vitablanca.ma\/","logo":{"@type":"ImageObject","inLanguage":"en-US","@id":"https:\/\/vitablanca.ma\/#\/schema\/logo\/image\/","url":"https:\/\/vitablanca.ma\/wp-content\/uploads\/2025\/05\/cropped-vitablanca.png","contentUrl":"https:\/\/vitablanca.ma\/wp-content\/uploads\/2025\/05\/cropped-vitablanca.png","width":360,"height":67,"caption":"VitaBlanca"},"image":{"@id":"https:\/\/vitablanca.ma\/#\/schema\/logo\/image\/"},"sameAs":["https:\/\/www.facebook.com\/profile.php?id=61576678196717","https:\/\/www.tiktok.com\/@vitablanca.ma","https:\/\/www.instagram.com\/vitablanca.ma\/"]}]}},"jetpack_sharing_enabled":true,"_links":{"self":[{"href":"https:\/\/vitablanca.ma\/en\/wp-json\/wp\/v2\/product\/617","targetHints":{"allow":["GET"]}}],"collection":[{"href":"https:\/\/vitablanca.ma\/en\/wp-json\/wp\/v2\/product"}],"about":[{"href":"https:\/\/vitablanca.ma\/en\/wp-json\/wp\/v2\/types\/product"}],"wp:featuredmedia":[{"embeddable":true,"href":"https:\/\/vitablanca.ma\/en\/wp-json\/wp\/v2\/media\/618"}],"wp:attachment":[{"href":"https:\/\/vitablanca.ma\/en\/wp-json\/wp\/v2\/media?parent=617"}],"wp:term":[{"taxonomy":"product_brand","embeddable":true,"href":"https:\/\/vitablanca.ma\/en\/wp-json\/wp\/v2\/product_brand?post=617"},{"taxonomy":"product_cat","embeddable":true,"href":"https:\/\/vitablanca.ma\/en\/wp-json\/wp\/v2\/product_cat?post=617"},{"taxonomy":"product_tag","embeddable":true,"href":"https:\/\/vitablanca.ma\/en\/wp-json\/wp\/v2\/product_tag?post=617"}],"curies":[{"name":"wp","href":"https:\/\/api.w.org\/{rel}","templated":true}]}}