{"id":610,"date":"2025-04-27T17:41:42","date_gmt":"2025-04-27T17:41:42","guid":{"rendered":"https:\/\/vitablanca.ma\/?post_type=product&#038;p=610"},"modified":"2026-02-21T01:07:14","modified_gmt":"2026-02-21T01:07:14","slug":"now-foods-huile-de-bourrache-haute-concentration-dagl-1-000-mg-120-gelules","status":"publish","type":"product","link":"https:\/\/vitablanca.ma\/en\/product\/now-foods-huile-de-bourrache-haute-concentration-dagl-1-000-mg-120-gelules\/","title":{"rendered":"Now Foods Borage Oil, High GLA, 1000 mg, 120 Softgels"},"content":{"rendered":"<p>Maintenant, l\u2019huile de bourrache des aliments a sa plus haute concentration en gla. Aujourd\u2019hui, l\u2019huile de bourrache est une huile nutritionnelle riche en acides gras polyinsatur\u00e9s. L\u2019acide linol\u00e9ique et l\u2019acide gamma-linol\u00e9ique (gla) sont des acides gras essentiels am\u00e9lior\u00e9s. Or, l\u2019huile de bourrache est une source de glace plus concentr\u00e9e que l\u2019huile d\u2019onagre (epo).Bien que le corps puisse fabriquer du gla \u00e0 partir d\u2019acide linol\u00e9ique alimentaire, il peut \u00eatre utilis\u00e9 plus efficacement pour les fonctions corporelles lorsqu\u2019il est aliment\u00e9 directement par des sources alimentaires. une g\u00e9lule \u00e0 l\u2019huile de bourrache \u00e9quivaut \u00e0 environ 5 g\u00e9lules d\u2019epo standard au contenu gla.Expeller press\u00e9, sans hexane,Riche en Omega \u2013 6 acides gras,240 mg de GLA,Un compl\u00e9ment alimentaire<\/p>","protected":false},"excerpt":{"rendered":"<ul>\n<li>Highest concentration of ice<\/li>\n<li>1000 mg<\/li>\n<li>Pressed expeller, hexane-free<\/li>\n<li>Rich in Omega-6 fatty acids<\/li>\n<li>240 mg of GLA<\/li>\n<li>A dietary supplement<\/li>\n<\/ul>","protected":false},"featured_media":611,"template":"","meta":{"om_disable_all_campaigns":false},"product_brand":[83],"product_cat":[18,3366,304,19],"product_tag":[583,585,584,129,126,93,91,388,726,385],"class_list":{"0":"post-610","1":"product","2":"type-product","3":"status-publish","4":"has-post-thumbnail","6":"product_brand-now-foods-maroc-prix","7":"product_cat-beaute-sante","8":"product_cat-complements-alimentaires-au-maroc-vitablanca","9":"product_cat-supplements-vitaminiques-mineraux-multiples","10":"product_cat-vitamines-supplements-dietetiques","11":"product_tag-expeller-presse","12":"product_tag-haute-concentration-dagl","13":"product_tag-huile-de-bourrache","14":"product_tag-now-foods-casa","15":"product_tag-now-foods-iherb","16":"product_tag-now-foods-jumia","17":"product_tag-now-foods-maroc","18":"product_tag-now-foods-maroc-avis","19":"product_tag-now-foods-maroc-prix","20":"product_tag-un-complement-alimentaire","22":"first","23":"instock","24":"sale","25":"taxable","26":"shipping-taxable","27":"purchasable","28":"product-type-simple"},"yoast_head":"<!-- This site is optimized with the Yoast SEO plugin v27.5 - https:\/\/yoast.com\/product\/yoast-seo-wordpress\/ -->\n<title>Now Foods Huile de bourrache, haute concentration d&#039;AGL - Maroc<\/title>\n<meta name=\"description\" content=\"Achetez Now Foods Huile de Bourrache 1000 mg au Maroc. Ces 120 g\u00e9lules \u00e0 haute concentration d&#039;AGL (Acide Gamma-Linol\u00e9nique), (acn\u00e9, ecz\u00e9ma),\" \/>\n<meta name=\"robots\" content=\"index, follow, max-snippet:-1, max-image-preview:large, max-video-preview:-1\" \/>\n<link rel=\"canonical\" href=\"https:\/\/vitablanca.ma\/en\/product\/now-foods-huile-de-bourrache-haute-concentration-dagl-1-000-mg-120-gelules\/\" \/>\n<meta property=\"og:locale\" content=\"en_US\" \/>\n<meta property=\"og:type\" content=\"article\" \/>\n<meta property=\"og:title\" content=\"Now Foods Huile de bourrache, haute concentration d&#039;AGL - Maroc\" \/>\n<meta property=\"og:description\" content=\"Achetez Now Foods Huile de Bourrache 1000 mg au Maroc. Ces 120 g\u00e9lules \u00e0 haute concentration d&#039;AGL (Acide Gamma-Linol\u00e9nique), (acn\u00e9, ecz\u00e9ma),\" \/>\n<meta property=\"og:url\" content=\"https:\/\/vitablanca.ma\/en\/product\/now-foods-huile-de-bourrache-haute-concentration-dagl-1-000-mg-120-gelules\/\" \/>\n<meta property=\"og:site_name\" content=\"Vitablanca.ma &ndash; Sant&eacute;, vitalit&eacute; et bien-&ecirc;tre pour tous les Marocains\" \/>\n<meta property=\"article:publisher\" content=\"https:\/\/www.facebook.com\/profile.php?id=61576678196717\" \/>\n<meta property=\"article:modified_time\" content=\"2026-02-21T01:07:14+00:00\" \/>\n<meta property=\"og:image\" content=\"https:\/\/vitablanca.ma\/wp-content\/uploads\/2025\/04\/huile-de-bourrache-haute-concentration-dagl-.jpg\" \/>\n\t<meta property=\"og:image:width\" content=\"680\" \/>\n\t<meta property=\"og:image:height\" content=\"680\" \/>\n\t<meta property=\"og:image:type\" content=\"image\/jpeg\" \/>\n<meta name=\"twitter:card\" content=\"summary_large_image\" \/>\n<meta name=\"twitter:label1\" content=\"Est. reading time\" \/>\n\t<meta name=\"twitter:data1\" content=\"1 minute\" \/>\n<script type=\"application\/ld+json\" class=\"yoast-schema-graph\">{\"@context\":\"https:\\\/\\\/schema.org\",\"@graph\":[{\"@type\":[\"WebPage\",\"ItemPage\"],\"@id\":\"https:\\\/\\\/vitablanca.ma\\\/produit\\\/now-foods-huile-de-bourrache-haute-concentration-dagl-1-000-mg-120-gelules\\\/\",\"url\":\"https:\\\/\\\/vitablanca.ma\\\/produit\\\/now-foods-huile-de-bourrache-haute-concentration-dagl-1-000-mg-120-gelules\\\/\",\"name\":\"Now Foods Huile de bourrache, haute concentration d'AGL - Maroc\",\"isPartOf\":{\"@id\":\"https:\\\/\\\/vitablanca.ma\\\/#website\"},\"primaryImageOfPage\":{\"@id\":\"https:\\\/\\\/vitablanca.ma\\\/produit\\\/now-foods-huile-de-bourrache-haute-concentration-dagl-1-000-mg-120-gelules\\\/#primaryimage\"},\"image\":{\"@id\":\"https:\\\/\\\/vitablanca.ma\\\/produit\\\/now-foods-huile-de-bourrache-haute-concentration-dagl-1-000-mg-120-gelules\\\/#primaryimage\"},\"thumbnailUrl\":\"https:\\\/\\\/vitablanca.ma\\\/wp-content\\\/uploads\\\/2025\\\/04\\\/huile-de-bourrache-haute-concentration-dagl-.jpg\",\"datePublished\":\"2025-04-27T17:41:42+00:00\",\"dateModified\":\"2026-02-21T01:07:14+00:00\",\"description\":\"Achetez Now Foods Huile de Bourrache 1000 mg au Maroc. Ces 120 g\u00e9lules \u00e0 haute concentration d'AGL (Acide Gamma-Linol\u00e9nique), (acn\u00e9, ecz\u00e9ma),\",\"breadcrumb\":{\"@id\":\"https:\\\/\\\/vitablanca.ma\\\/produit\\\/now-foods-huile-de-bourrache-haute-concentration-dagl-1-000-mg-120-gelules\\\/#breadcrumb\"},\"inLanguage\":\"en-US\",\"potentialAction\":[{\"@type\":\"ReadAction\",\"target\":[\"https:\\\/\\\/vitablanca.ma\\\/produit\\\/now-foods-huile-de-bourrache-haute-concentration-dagl-1-000-mg-120-gelules\\\/\"]}]},{\"@type\":\"ImageObject\",\"inLanguage\":\"en-US\",\"@id\":\"https:\\\/\\\/vitablanca.ma\\\/produit\\\/now-foods-huile-de-bourrache-haute-concentration-dagl-1-000-mg-120-gelules\\\/#primaryimage\",\"url\":\"https:\\\/\\\/vitablanca.ma\\\/wp-content\\\/uploads\\\/2025\\\/04\\\/huile-de-bourrache-haute-concentration-dagl-.jpg\",\"contentUrl\":\"https:\\\/\\\/vitablanca.ma\\\/wp-content\\\/uploads\\\/2025\\\/04\\\/huile-de-bourrache-haute-concentration-dagl-.jpg\",\"width\":680,\"height\":680},{\"@type\":\"BreadcrumbList\",\"@id\":\"https:\\\/\\\/vitablanca.ma\\\/produit\\\/now-foods-huile-de-bourrache-haute-concentration-dagl-1-000-mg-120-gelules\\\/#breadcrumb\",\"itemListElement\":[{\"@type\":\"ListItem\",\"position\":1,\"name\":\"Home\",\"item\":\"https:\\\/\\\/vitablanca.ma\\\/\"},{\"@type\":\"ListItem\",\"position\":2,\"name\":\"Tous Les Produits\",\"item\":\"https:\\\/\\\/vitablanca.ma\\\/tous-les-produits\\\/\"},{\"@type\":\"ListItem\",\"position\":3,\"name\":\"Now Foods Huile de bourrache, haute concentration d&#8217;AGL, 1 000 mg, 120 g\u00e9lules\"}]},{\"@type\":\"WebSite\",\"@id\":\"https:\\\/\\\/vitablanca.ma\\\/#website\",\"url\":\"https:\\\/\\\/vitablanca.ma\\\/\",\"name\":\"VitaBlanca.ma | Compl\u00e9ments alimentaires, sant\u00e9 & beaut\u00e9 au Maroc\",\"description\":\"vendre vitamines et compl\u00e9ments premium des USA &amp; Canada, Nouvelle Z\u00e9lande,Maroc (NOW Foods, Solgar, Manuka). Livraison rapide partout au Maroc.\",\"publisher\":{\"@id\":\"https:\\\/\\\/vitablanca.ma\\\/#organization\"},\"alternateName\":\"VitaBlanca.ma\",\"potentialAction\":[{\"@type\":\"SearchAction\",\"target\":{\"@type\":\"EntryPoint\",\"urlTemplate\":\"https:\\\/\\\/vitablanca.ma\\\/?s={search_term_string}\"},\"query-input\":{\"@type\":\"PropertyValueSpecification\",\"valueRequired\":true,\"valueName\":\"search_term_string\"}}],\"inLanguage\":\"en-US\"},{\"@type\":\"Organization\",\"@id\":\"https:\\\/\\\/vitablanca.ma\\\/#organization\",\"name\":\"VitaBlanca\",\"url\":\"https:\\\/\\\/vitablanca.ma\\\/\",\"logo\":{\"@type\":\"ImageObject\",\"inLanguage\":\"en-US\",\"@id\":\"https:\\\/\\\/vitablanca.ma\\\/#\\\/schema\\\/logo\\\/image\\\/\",\"url\":\"https:\\\/\\\/vitablanca.ma\\\/wp-content\\\/uploads\\\/2025\\\/05\\\/cropped-vitablanca.png\",\"contentUrl\":\"https:\\\/\\\/vitablanca.ma\\\/wp-content\\\/uploads\\\/2025\\\/05\\\/cropped-vitablanca.png\",\"width\":360,\"height\":67,\"caption\":\"VitaBlanca\"},\"image\":{\"@id\":\"https:\\\/\\\/vitablanca.ma\\\/#\\\/schema\\\/logo\\\/image\\\/\"},\"sameAs\":[\"https:\\\/\\\/www.facebook.com\\\/profile.php?id=61576678196717\",\"https:\\\/\\\/www.tiktok.com\\\/@vitablanca.ma\",\"https:\\\/\\\/www.instagram.com\\\/vitablanca.ma\\\/\"]}]}<\/script>\n<!-- \/ Yoast SEO plugin. -->","yoast_head_json":{"title":"Now Foods Huile de bourrache, haute concentration d'AGL - Maroc","description":"Buy Now Foods Borage Oil 1000 mg in Morocco. These 120 capsules have a high concentration of GLA (Gamma-Linolenic Acid), (acne, eczema),","robots":{"index":"index","follow":"follow","max-snippet":"max-snippet:-1","max-image-preview":"max-image-preview:large","max-video-preview":"max-video-preview:-1"},"canonical":"https:\/\/vitablanca.ma\/en\/product\/now-foods-huile-de-bourrache-haute-concentration-dagl-1-000-mg-120-gelules\/","og_locale":"en_US","og_type":"article","og_title":"Now Foods Huile de bourrache, haute concentration d'AGL - Maroc","og_description":"Achetez Now Foods Huile de Bourrache 1000 mg au Maroc. Ces 120 g\u00e9lules \u00e0 haute concentration d'AGL (Acide Gamma-Linol\u00e9nique), (acn\u00e9, ecz\u00e9ma),","og_url":"https:\/\/vitablanca.ma\/en\/product\/now-foods-huile-de-bourrache-haute-concentration-dagl-1-000-mg-120-gelules\/","og_site_name":"Vitablanca.ma &ndash; Sant&eacute;, vitalit&eacute; et bien-&ecirc;tre pour tous les Marocains","article_publisher":"https:\/\/www.facebook.com\/profile.php?id=61576678196717","article_modified_time":"2026-02-21T01:07:14+00:00","og_image":[{"width":680,"height":680,"url":"https:\/\/vitablanca.ma\/wp-content\/uploads\/2025\/04\/huile-de-bourrache-haute-concentration-dagl-.jpg","type":"image\/jpeg"}],"twitter_card":"summary_large_image","twitter_misc":{"Est. reading time":"1 minute"},"schema":{"@context":"https:\/\/schema.org","@graph":[{"@type":["WebPage","ItemPage"],"@id":"https:\/\/vitablanca.ma\/produit\/now-foods-huile-de-bourrache-haute-concentration-dagl-1-000-mg-120-gelules\/","url":"https:\/\/vitablanca.ma\/produit\/now-foods-huile-de-bourrache-haute-concentration-dagl-1-000-mg-120-gelules\/","name":"Now Foods Huile de bourrache, haute concentration d'AGL - Maroc","isPartOf":{"@id":"https:\/\/vitablanca.ma\/#website"},"primaryImageOfPage":{"@id":"https:\/\/vitablanca.ma\/produit\/now-foods-huile-de-bourrache-haute-concentration-dagl-1-000-mg-120-gelules\/#primaryimage"},"image":{"@id":"https:\/\/vitablanca.ma\/produit\/now-foods-huile-de-bourrache-haute-concentration-dagl-1-000-mg-120-gelules\/#primaryimage"},"thumbnailUrl":"https:\/\/vitablanca.ma\/wp-content\/uploads\/2025\/04\/huile-de-bourrache-haute-concentration-dagl-.jpg","datePublished":"2025-04-27T17:41:42+00:00","dateModified":"2026-02-21T01:07:14+00:00","description":"Buy Now Foods Borage Oil 1000 mg in Morocco. These 120 capsules have a high concentration of GLA (Gamma-Linolenic Acid), (acne, eczema),","breadcrumb":{"@id":"https:\/\/vitablanca.ma\/produit\/now-foods-huile-de-bourrache-haute-concentration-dagl-1-000-mg-120-gelules\/#breadcrumb"},"inLanguage":"en-US","potentialAction":[{"@type":"ReadAction","target":["https:\/\/vitablanca.ma\/produit\/now-foods-huile-de-bourrache-haute-concentration-dagl-1-000-mg-120-gelules\/"]}]},{"@type":"ImageObject","inLanguage":"en-US","@id":"https:\/\/vitablanca.ma\/produit\/now-foods-huile-de-bourrache-haute-concentration-dagl-1-000-mg-120-gelules\/#primaryimage","url":"https:\/\/vitablanca.ma\/wp-content\/uploads\/2025\/04\/huile-de-bourrache-haute-concentration-dagl-.jpg","contentUrl":"https:\/\/vitablanca.ma\/wp-content\/uploads\/2025\/04\/huile-de-bourrache-haute-concentration-dagl-.jpg","width":680,"height":680},{"@type":"BreadcrumbList","@id":"https:\/\/vitablanca.ma\/produit\/now-foods-huile-de-bourrache-haute-concentration-dagl-1-000-mg-120-gelules\/#breadcrumb","itemListElement":[{"@type":"ListItem","position":1,"name":"Home","item":"https:\/\/vitablanca.ma\/"},{"@type":"ListItem","position":2,"name":"Tous Les Produits","item":"https:\/\/vitablanca.ma\/tous-les-produits\/"},{"@type":"ListItem","position":3,"name":"Now Foods Huile de bourrache, haute concentration d&#8217;AGL, 1 000 mg, 120 g\u00e9lules"}]},{"@type":"WebSite","@id":"https:\/\/vitablanca.ma\/#website","url":"https:\/\/vitablanca.ma\/","name":"VitaBlanca.ma | Food supplements, health &amp; beauty in Morocco","description":"sell premium vitamins and supplements from USA &amp; Canada, New Zealand, Morocco (NOW Foods, Solgar, Manuka). Fast delivery anywhere in Morocco.","publisher":{"@id":"https:\/\/vitablanca.ma\/#organization"},"alternateName":"VitaBlanca.ma","potentialAction":[{"@type":"SearchAction","target":{"@type":"EntryPoint","urlTemplate":"https:\/\/vitablanca.ma\/?s={search_term_string}"},"query-input":{"@type":"PropertyValueSpecification","valueRequired":true,"valueName":"search_term_string"}}],"inLanguage":"en-US"},{"@type":"Organization","@id":"https:\/\/vitablanca.ma\/#organization","name":"VitaBlanca","url":"https:\/\/vitablanca.ma\/","logo":{"@type":"ImageObject","inLanguage":"en-US","@id":"https:\/\/vitablanca.ma\/#\/schema\/logo\/image\/","url":"https:\/\/vitablanca.ma\/wp-content\/uploads\/2025\/05\/cropped-vitablanca.png","contentUrl":"https:\/\/vitablanca.ma\/wp-content\/uploads\/2025\/05\/cropped-vitablanca.png","width":360,"height":67,"caption":"VitaBlanca"},"image":{"@id":"https:\/\/vitablanca.ma\/#\/schema\/logo\/image\/"},"sameAs":["https:\/\/www.facebook.com\/profile.php?id=61576678196717","https:\/\/www.tiktok.com\/@vitablanca.ma","https:\/\/www.instagram.com\/vitablanca.ma\/"]}]}},"jetpack_sharing_enabled":true,"_links":{"self":[{"href":"https:\/\/vitablanca.ma\/en\/wp-json\/wp\/v2\/product\/610","targetHints":{"allow":["GET"]}}],"collection":[{"href":"https:\/\/vitablanca.ma\/en\/wp-json\/wp\/v2\/product"}],"about":[{"href":"https:\/\/vitablanca.ma\/en\/wp-json\/wp\/v2\/types\/product"}],"wp:featuredmedia":[{"embeddable":true,"href":"https:\/\/vitablanca.ma\/en\/wp-json\/wp\/v2\/media\/611"}],"wp:attachment":[{"href":"https:\/\/vitablanca.ma\/en\/wp-json\/wp\/v2\/media?parent=610"}],"wp:term":[{"taxonomy":"product_brand","embeddable":true,"href":"https:\/\/vitablanca.ma\/en\/wp-json\/wp\/v2\/product_brand?post=610"},{"taxonomy":"product_cat","embeddable":true,"href":"https:\/\/vitablanca.ma\/en\/wp-json\/wp\/v2\/product_cat?post=610"},{"taxonomy":"product_tag","embeddable":true,"href":"https:\/\/vitablanca.ma\/en\/wp-json\/wp\/v2\/product_tag?post=610"}],"curies":[{"name":"wp","href":"https:\/\/api.w.org\/{rel}","templated":true}]}}