{"id":607,"date":"2025-04-27T17:37:13","date_gmt":"2025-04-27T17:37:13","guid":{"rendered":"https:\/\/vitablanca.ma\/?post_type=product&#038;p=607"},"modified":"2026-03-08T20:42:45","modified_gmt":"2026-03-08T20:42:45","slug":"yerba-prima-capsules-de-moringa-400-mg-180-capsules-vegetariennes","status":"publish","type":"product","link":"https:\/\/vitablanca.ma\/en\/product\/yerba-prima-capsules-de-moringa-400-mg-180-capsules-vegetariennes\/","title":{"rendered":"YERBA PRIMA Moringa Capsules, 400 mg, 180 Vegetarian Capsules"},"content":{"rendered":"<p>Capsules de poudre de feuille de Moringa de Yerba Prima \u2026<\/p>\n<p>sont une \u00ab\u00a0explosion verte de nutriments\u00a0\u00bb. La feuille de Moringa est connue pour son abondance de vitamines, de min\u00e9raux, de prot\u00e9ines, d\u2019antioxydants et d\u2019autres compos\u00e9s importants. Pas \u00e9tonnant qu\u2019ils appellent cela un super aliment!<\/p>\n<p>Ultimate Superfood, Green Burst of Nutrients, Rich in Antioxidants, Gluten Free<\/p>\n<p>Compl\u00e9ment alimentaire premium,Sans OGM \u2013 Test\u00e9 en laboratoire,Poudre de feuille de Moringa 100% biologique pure en capsules v\u00e9g\u00e9tales, sans charges, sans additifs.<\/p>\n<p>Rich in vitamin A, B, C and E, calcium, protein, potassium and iron. Rich in phytosterols. Rich in amino acids, minerals and complex organic compounds. Helps increase metabolism and improves circulatory health.<\/p>\n<p>Suggested Use<\/p>\n<p>Adults and children over 12 years: take 3 capsules per day.<\/p>","protected":false},"excerpt":{"rendered":"<ul>\n<li>are a \u201cgreen explosion of nutrients.\u201d Moringa leaf is known for its abundance of vitamins, minerals, proteins, antioxidants, and other important compounds. No wonder they call it a superfood!<\/li>\n<li>Ultimate Superfood<\/li>\n<li>Green burst of nutrients<\/li>\n<li>Rich in antioxidants<\/li>\n<li>Gluten free<\/li>\n<li>Premium food supplement<\/li>\n<li>GMO-free \u2013 Lab tested<\/li>\n<li>Pure organic Moringa 100% leaf powder in vegetable capsules, no fillers, no additives.<\/li>\n<li>Rich in vitamin A, B, C and E, calcium, protein, potassium and iron.<\/li>\n<li>Rich in phytosterols.<\/li>\n<li>Rich in amino acids, minerals and complex organic compounds.<\/li>\n<li>Helps increase metabolism and improves circulatory health.<\/li>\n<\/ul>","protected":false},"featured_media":609,"template":"","meta":{"om_disable_all_campaigns":false},"product_brand":[575],"product_cat":[18,3366,104,19],"product_tag":[582,579,580,577,576,242,220,578,581],"class_list":{"0":"post-607","1":"product","2":"type-product","3":"status-publish","4":"has-post-thumbnail","6":"product_brand-yerba-prima","7":"product_cat-beaute-sante","8":"product_cat-complements-alimentaires-au-maroc-vitablanca","9":"product_cat-supplements-a-base-de-plantes","10":"product_cat-vitamines-supplements-dietetiques","11":"product_tag-antioxydants","12":"product_tag-complement-alimentaire-premium","13":"product_tag-moringa","14":"product_tag-riche-en-phytosterols","15":"product_tag-riche-en-vitamine","16":"product_tag-sans-gluten","17":"product_tag-sans-ogm","18":"product_tag-superaliment-ultime","19":"product_tag-yerba-prima-prix","21":"first","22":"outofstock","23":"sale","24":"taxable","25":"shipping-taxable","26":"purchasable","27":"product-type-simple"},"yoast_head":"<!-- This site is optimized with the Yoast SEO plugin v27.5 - https:\/\/yoast.com\/product\/yoast-seo-wordpress\/ -->\n<title>YERBA PRIMA Capsules de moringa, 400 mg, 180 caps - Maroc Prix<\/title>\n<meta name=\"description\" content=\"Achetez YERBA PRIMA Moringa 400 mg 180 capsules au Maroc. Un super-aliment riche en nutriments pour l&#039;\u00e9nergie, l&#039;immunit\u00e9 et la protection antioxydante.\" \/>\n<meta name=\"robots\" content=\"index, follow, max-snippet:-1, max-image-preview:large, max-video-preview:-1\" \/>\n<link rel=\"canonical\" href=\"https:\/\/vitablanca.ma\/en\/product\/yerba-prima-capsules-de-moringa-400-mg-180-capsules-vegetariennes\/\" \/>\n<meta property=\"og:locale\" content=\"en_US\" \/>\n<meta property=\"og:type\" content=\"article\" \/>\n<meta property=\"og:title\" content=\"YERBA PRIMA Capsules de moringa, 400 mg, 180 caps - Maroc Prix\" \/>\n<meta property=\"og:description\" content=\"Achetez YERBA PRIMA Moringa 400 mg 180 capsules au Maroc. Un super-aliment riche en nutriments pour l&#039;\u00e9nergie, l&#039;immunit\u00e9 et la protection antioxydante.\" \/>\n<meta property=\"og:url\" content=\"https:\/\/vitablanca.ma\/en\/product\/yerba-prima-capsules-de-moringa-400-mg-180-capsules-vegetariennes\/\" \/>\n<meta property=\"og:site_name\" content=\"Vitablanca.ma &ndash; Sant&eacute;, vitalit&eacute; et bien-&ecirc;tre pour tous les Marocains\" \/>\n<meta property=\"article:publisher\" content=\"https:\/\/www.facebook.com\/profile.php?id=61576678196717\" \/>\n<meta property=\"article:modified_time\" content=\"2026-03-08T20:42:45+00:00\" \/>\n<meta property=\"og:image\" content=\"https:\/\/vitablanca.ma\/wp-content\/uploads\/2025\/04\/capsules-de-moringa-400-mg-180-capsules-vegetariennes-.jpg\" \/>\n\t<meta property=\"og:image:width\" content=\"680\" \/>\n\t<meta property=\"og:image:height\" content=\"680\" \/>\n\t<meta property=\"og:image:type\" content=\"image\/jpeg\" \/>\n<meta name=\"twitter:card\" content=\"summary_large_image\" \/>\n<meta name=\"twitter:label1\" content=\"Est. reading time\" \/>\n\t<meta name=\"twitter:data1\" content=\"1 minute\" \/>\n<script type=\"application\/ld+json\" class=\"yoast-schema-graph\">{\"@context\":\"https:\\\/\\\/schema.org\",\"@graph\":[{\"@type\":[\"WebPage\",\"ItemPage\"],\"@id\":\"https:\\\/\\\/vitablanca.ma\\\/produit\\\/yerba-prima-capsules-de-moringa-400-mg-180-capsules-vegetariennes\\\/\",\"url\":\"https:\\\/\\\/vitablanca.ma\\\/produit\\\/yerba-prima-capsules-de-moringa-400-mg-180-capsules-vegetariennes\\\/\",\"name\":\"YERBA PRIMA Capsules de moringa, 400 mg, 180 caps - Maroc Prix\",\"isPartOf\":{\"@id\":\"https:\\\/\\\/vitablanca.ma\\\/#website\"},\"primaryImageOfPage\":{\"@id\":\"https:\\\/\\\/vitablanca.ma\\\/produit\\\/yerba-prima-capsules-de-moringa-400-mg-180-capsules-vegetariennes\\\/#primaryimage\"},\"image\":{\"@id\":\"https:\\\/\\\/vitablanca.ma\\\/produit\\\/yerba-prima-capsules-de-moringa-400-mg-180-capsules-vegetariennes\\\/#primaryimage\"},\"thumbnailUrl\":\"https:\\\/\\\/vitablanca.ma\\\/wp-content\\\/uploads\\\/2025\\\/04\\\/capsules-de-moringa-400-mg-180-capsules-vegetariennes-.jpg\",\"datePublished\":\"2025-04-27T17:37:13+00:00\",\"dateModified\":\"2026-03-08T20:42:45+00:00\",\"description\":\"Achetez YERBA PRIMA Moringa 400 mg 180 capsules au Maroc. Un super-aliment riche en nutriments pour l'\u00e9nergie, l'immunit\u00e9 et la protection antioxydante.\",\"breadcrumb\":{\"@id\":\"https:\\\/\\\/vitablanca.ma\\\/produit\\\/yerba-prima-capsules-de-moringa-400-mg-180-capsules-vegetariennes\\\/#breadcrumb\"},\"inLanguage\":\"en-US\",\"potentialAction\":[{\"@type\":\"ReadAction\",\"target\":[\"https:\\\/\\\/vitablanca.ma\\\/produit\\\/yerba-prima-capsules-de-moringa-400-mg-180-capsules-vegetariennes\\\/\"]}]},{\"@type\":\"ImageObject\",\"inLanguage\":\"en-US\",\"@id\":\"https:\\\/\\\/vitablanca.ma\\\/produit\\\/yerba-prima-capsules-de-moringa-400-mg-180-capsules-vegetariennes\\\/#primaryimage\",\"url\":\"https:\\\/\\\/vitablanca.ma\\\/wp-content\\\/uploads\\\/2025\\\/04\\\/capsules-de-moringa-400-mg-180-capsules-vegetariennes-.jpg\",\"contentUrl\":\"https:\\\/\\\/vitablanca.ma\\\/wp-content\\\/uploads\\\/2025\\\/04\\\/capsules-de-moringa-400-mg-180-capsules-vegetariennes-.jpg\",\"width\":680,\"height\":680},{\"@type\":\"BreadcrumbList\",\"@id\":\"https:\\\/\\\/vitablanca.ma\\\/produit\\\/yerba-prima-capsules-de-moringa-400-mg-180-capsules-vegetariennes\\\/#breadcrumb\",\"itemListElement\":[{\"@type\":\"ListItem\",\"position\":1,\"name\":\"Home\",\"item\":\"https:\\\/\\\/vitablanca.ma\\\/\"},{\"@type\":\"ListItem\",\"position\":2,\"name\":\"Tous Les Produits\",\"item\":\"https:\\\/\\\/vitablanca.ma\\\/tous-les-produits\\\/\"},{\"@type\":\"ListItem\",\"position\":3,\"name\":\"YERBA PRIMA Capsules de moringa, 400 mg, 180 capsules v\u00e9g\u00e9tariennes\"}]},{\"@type\":\"WebSite\",\"@id\":\"https:\\\/\\\/vitablanca.ma\\\/#website\",\"url\":\"https:\\\/\\\/vitablanca.ma\\\/\",\"name\":\"VitaBlanca.ma | Compl\u00e9ments alimentaires, sant\u00e9 & beaut\u00e9 au Maroc\",\"description\":\"vendre vitamines et compl\u00e9ments premium des USA &amp; Canada, Nouvelle Z\u00e9lande,Maroc (NOW Foods, Solgar, Manuka). Livraison rapide partout au Maroc.\",\"publisher\":{\"@id\":\"https:\\\/\\\/vitablanca.ma\\\/#organization\"},\"alternateName\":\"VitaBlanca.ma\",\"potentialAction\":[{\"@type\":\"SearchAction\",\"target\":{\"@type\":\"EntryPoint\",\"urlTemplate\":\"https:\\\/\\\/vitablanca.ma\\\/?s={search_term_string}\"},\"query-input\":{\"@type\":\"PropertyValueSpecification\",\"valueRequired\":true,\"valueName\":\"search_term_string\"}}],\"inLanguage\":\"en-US\"},{\"@type\":\"Organization\",\"@id\":\"https:\\\/\\\/vitablanca.ma\\\/#organization\",\"name\":\"VitaBlanca\",\"url\":\"https:\\\/\\\/vitablanca.ma\\\/\",\"logo\":{\"@type\":\"ImageObject\",\"inLanguage\":\"en-US\",\"@id\":\"https:\\\/\\\/vitablanca.ma\\\/#\\\/schema\\\/logo\\\/image\\\/\",\"url\":\"https:\\\/\\\/vitablanca.ma\\\/wp-content\\\/uploads\\\/2025\\\/05\\\/cropped-vitablanca.png\",\"contentUrl\":\"https:\\\/\\\/vitablanca.ma\\\/wp-content\\\/uploads\\\/2025\\\/05\\\/cropped-vitablanca.png\",\"width\":360,\"height\":67,\"caption\":\"VitaBlanca\"},\"image\":{\"@id\":\"https:\\\/\\\/vitablanca.ma\\\/#\\\/schema\\\/logo\\\/image\\\/\"},\"sameAs\":[\"https:\\\/\\\/www.facebook.com\\\/profile.php?id=61576678196717\",\"https:\\\/\\\/www.tiktok.com\\\/@vitablanca.ma\",\"https:\\\/\\\/www.instagram.com\\\/vitablanca.ma\\\/\"]}]}<\/script>\n<!-- \/ Yoast SEO plugin. -->","yoast_head_json":{"title":"YERBA PRIMA Moringa capsules, 400 mg, 180 caps - Morocco Price","description":"Buy YERBA PRIMA Moringa 400 mg 180 capsules in Morocco. A nutrient-rich superfood for energy, immunity, and antioxidant protection.","robots":{"index":"index","follow":"follow","max-snippet":"max-snippet:-1","max-image-preview":"max-image-preview:large","max-video-preview":"max-video-preview:-1"},"canonical":"https:\/\/vitablanca.ma\/en\/product\/yerba-prima-capsules-de-moringa-400-mg-180-capsules-vegetariennes\/","og_locale":"en_US","og_type":"article","og_title":"YERBA PRIMA Capsules de moringa, 400 mg, 180 caps - Maroc Prix","og_description":"Achetez YERBA PRIMA Moringa 400 mg 180 capsules au Maroc. Un super-aliment riche en nutriments pour l'\u00e9nergie, l'immunit\u00e9 et la protection antioxydante.","og_url":"https:\/\/vitablanca.ma\/en\/product\/yerba-prima-capsules-de-moringa-400-mg-180-capsules-vegetariennes\/","og_site_name":"Vitablanca.ma &ndash; Sant&eacute;, vitalit&eacute; et bien-&ecirc;tre pour tous les Marocains","article_publisher":"https:\/\/www.facebook.com\/profile.php?id=61576678196717","article_modified_time":"2026-03-08T20:42:45+00:00","og_image":[{"width":680,"height":680,"url":"https:\/\/vitablanca.ma\/wp-content\/uploads\/2025\/04\/capsules-de-moringa-400-mg-180-capsules-vegetariennes-.jpg","type":"image\/jpeg"}],"twitter_card":"summary_large_image","twitter_misc":{"Est. reading time":"1 minute"},"schema":{"@context":"https:\/\/schema.org","@graph":[{"@type":["WebPage","ItemPage"],"@id":"https:\/\/vitablanca.ma\/produit\/yerba-prima-capsules-de-moringa-400-mg-180-capsules-vegetariennes\/","url":"https:\/\/vitablanca.ma\/produit\/yerba-prima-capsules-de-moringa-400-mg-180-capsules-vegetariennes\/","name":"YERBA PRIMA Moringa capsules, 400 mg, 180 caps - Morocco Price","isPartOf":{"@id":"https:\/\/vitablanca.ma\/#website"},"primaryImageOfPage":{"@id":"https:\/\/vitablanca.ma\/produit\/yerba-prima-capsules-de-moringa-400-mg-180-capsules-vegetariennes\/#primaryimage"},"image":{"@id":"https:\/\/vitablanca.ma\/produit\/yerba-prima-capsules-de-moringa-400-mg-180-capsules-vegetariennes\/#primaryimage"},"thumbnailUrl":"https:\/\/vitablanca.ma\/wp-content\/uploads\/2025\/04\/capsules-de-moringa-400-mg-180-capsules-vegetariennes-.jpg","datePublished":"2025-04-27T17:37:13+00:00","dateModified":"2026-03-08T20:42:45+00:00","description":"Buy YERBA PRIMA Moringa 400 mg 180 capsules in Morocco. A nutrient-rich superfood for energy, immunity, and antioxidant protection.","breadcrumb":{"@id":"https:\/\/vitablanca.ma\/produit\/yerba-prima-capsules-de-moringa-400-mg-180-capsules-vegetariennes\/#breadcrumb"},"inLanguage":"en-US","potentialAction":[{"@type":"ReadAction","target":["https:\/\/vitablanca.ma\/produit\/yerba-prima-capsules-de-moringa-400-mg-180-capsules-vegetariennes\/"]}]},{"@type":"ImageObject","inLanguage":"en-US","@id":"https:\/\/vitablanca.ma\/produit\/yerba-prima-capsules-de-moringa-400-mg-180-capsules-vegetariennes\/#primaryimage","url":"https:\/\/vitablanca.ma\/wp-content\/uploads\/2025\/04\/capsules-de-moringa-400-mg-180-capsules-vegetariennes-.jpg","contentUrl":"https:\/\/vitablanca.ma\/wp-content\/uploads\/2025\/04\/capsules-de-moringa-400-mg-180-capsules-vegetariennes-.jpg","width":680,"height":680},{"@type":"BreadcrumbList","@id":"https:\/\/vitablanca.ma\/produit\/yerba-prima-capsules-de-moringa-400-mg-180-capsules-vegetariennes\/#breadcrumb","itemListElement":[{"@type":"ListItem","position":1,"name":"Home","item":"https:\/\/vitablanca.ma\/"},{"@type":"ListItem","position":2,"name":"Tous Les Produits","item":"https:\/\/vitablanca.ma\/tous-les-produits\/"},{"@type":"ListItem","position":3,"name":"YERBA PRIMA Capsules de moringa, 400 mg, 180 capsules v\u00e9g\u00e9tariennes"}]},{"@type":"WebSite","@id":"https:\/\/vitablanca.ma\/#website","url":"https:\/\/vitablanca.ma\/","name":"VitaBlanca.ma | Food supplements, health &amp; beauty in Morocco","description":"sell premium vitamins and supplements from USA &amp; Canada, New Zealand, Morocco (NOW Foods, Solgar, Manuka). Fast delivery anywhere in Morocco.","publisher":{"@id":"https:\/\/vitablanca.ma\/#organization"},"alternateName":"VitaBlanca.ma","potentialAction":[{"@type":"SearchAction","target":{"@type":"EntryPoint","urlTemplate":"https:\/\/vitablanca.ma\/?s={search_term_string}"},"query-input":{"@type":"PropertyValueSpecification","valueRequired":true,"valueName":"search_term_string"}}],"inLanguage":"en-US"},{"@type":"Organization","@id":"https:\/\/vitablanca.ma\/#organization","name":"VitaBlanca","url":"https:\/\/vitablanca.ma\/","logo":{"@type":"ImageObject","inLanguage":"en-US","@id":"https:\/\/vitablanca.ma\/#\/schema\/logo\/image\/","url":"https:\/\/vitablanca.ma\/wp-content\/uploads\/2025\/05\/cropped-vitablanca.png","contentUrl":"https:\/\/vitablanca.ma\/wp-content\/uploads\/2025\/05\/cropped-vitablanca.png","width":360,"height":67,"caption":"VitaBlanca"},"image":{"@id":"https:\/\/vitablanca.ma\/#\/schema\/logo\/image\/"},"sameAs":["https:\/\/www.facebook.com\/profile.php?id=61576678196717","https:\/\/www.tiktok.com\/@vitablanca.ma","https:\/\/www.instagram.com\/vitablanca.ma\/"]}]}},"jetpack_sharing_enabled":true,"_links":{"self":[{"href":"https:\/\/vitablanca.ma\/en\/wp-json\/wp\/v2\/product\/607","targetHints":{"allow":["GET"]}}],"collection":[{"href":"https:\/\/vitablanca.ma\/en\/wp-json\/wp\/v2\/product"}],"about":[{"href":"https:\/\/vitablanca.ma\/en\/wp-json\/wp\/v2\/types\/product"}],"wp:featuredmedia":[{"embeddable":true,"href":"https:\/\/vitablanca.ma\/en\/wp-json\/wp\/v2\/media\/609"}],"wp:attachment":[{"href":"https:\/\/vitablanca.ma\/en\/wp-json\/wp\/v2\/media?parent=607"}],"wp:term":[{"taxonomy":"product_brand","embeddable":true,"href":"https:\/\/vitablanca.ma\/en\/wp-json\/wp\/v2\/product_brand?post=607"},{"taxonomy":"product_cat","embeddable":true,"href":"https:\/\/vitablanca.ma\/en\/wp-json\/wp\/v2\/product_cat?post=607"},{"taxonomy":"product_tag","embeddable":true,"href":"https:\/\/vitablanca.ma\/en\/wp-json\/wp\/v2\/product_tag?post=607"}],"curies":[{"name":"wp","href":"https:\/\/api.w.org\/{rel}","templated":true}]}}