{"id":585,"date":"2025-04-27T16:44:33","date_gmt":"2025-04-27T16:44:33","guid":{"rendered":"https:\/\/vitablanca.ma\/?post_type=product&#038;p=585"},"modified":"2025-08-30T21:22:41","modified_gmt":"2025-08-30T21:22:41","slug":"now-foods-acetyl-l-carnitine-750-mg-90-comprimes","status":"publish","type":"product","link":"https:\/\/vitablanca.ma\/en\/product\/now-foods-acetyl-l-carnitine-750-mg-90-comprimes\/","title":{"rendered":"Now Foods Acetyl-L Carnitine, 750 mg, 90 Tablets"},"content":{"rendered":"<p>\u00c9nergisant, protection contre les radicaux libres, stimulants cognitifs \u2013 tous \u00e0 partir d\u2019Ac\u00e9tyl-L Carnitine<\/p>\n<p>L\u2019ac\u00e9tyl-L-carnitine est un acide amin\u00e9 pouvant traverser la barri\u00e8re h\u00e9mato-enc\u00e9phalique. Il pourrait contribuer \u00e0 am\u00e9liorer l\u2019\u00e9tat de votre cerveau et \u00e0 renforcer les fonctions cognitives. NOW Foods Acetyl-L Carnitine 750 mg Les comprim\u00e9s v\u00e9g\u00e9tariens offrent une dose de haute qualit\u00e9 de ce nutriment. Aussi appel\u00e9e ALC, l\u2019ac\u00e9tyl-L-carnitine joue \u00e9galement un r\u00f4le important dans l\u2019organisme. Cela peut vous aider \u00e0 produire de l\u2019\u00e9nergie cellulaire, vous garder plus alerte, sur la pointe des pieds et capable de g\u00e9rer efficacement les efforts mentaux ou physiques. Bien que cela se produise naturellement dans le m\u00e9tabolisme humain, la suppl\u00e9mentation en ANS peut aider \u00e0 compenser les effets du vieillissement et \u00e0 mener une vie plus saine et plus dynamique.<\/p>\n<p>Gives your brain a helpful boost<\/p>\n<p>The general brain and neurological benefits of NOW Foods Acetyl-L Carnitine 750 mg are among its most useful features. ANS can enter the brain through the blood-brain barrier, making it an exceptional way to improve cognitive function. This may help break down fatty deposits in the aging brain, thus sharpening memory and maintaining high gray matter function. Other key functions in brain tissue include acting as an antioxidant to protect extremely vulnerable brain cells and ensuring the proper activity of neurotransmitters such as serotonin.<\/p>","protected":false},"excerpt":{"rendered":"<ul>\n<li>Cognitive support<\/li>\n<li>Best quality available<\/li>\n<li>Transports fatty acids and stimulates cellular energy<\/li>\n<li>Quality assured by compliance with GMP<\/li>\n<li>Food supplement<\/li>\n<li>Vegetarian formula<\/li>\n<li>Energizing, free radical protection, cognitive enhancers \u2013 all from Acetyl-L Carnitine<\/li>\n<li>Gives your brain a helpful boost<\/li>\n<li>A useful source of energy<\/li>\n<li>More useful than conventional L-carnitine<\/li>\n<li>Formulated for success<\/li>\n<\/ul>","protected":false},"featured_media":589,"template":"","meta":{"om_disable_all_campaigns":false},"product_brand":[83],"product_cat":[18,3366,20,19],"product_tag":[181,561,534,126,93,91,388,726,559],"class_list":{"0":"post-585","1":"product","2":"type-product","3":"status-publish","4":"has-post-thumbnail","6":"product_brand-now-foods-maroc-prix","7":"product_cat-beaute-sante","8":"product_cat-complements-alimentaires-au-maroc-vitablanca","9":"product_cat-supplements","10":"product_cat-vitamines-supplements-dietetiques","11":"product_tag-complement-alimentaire","12":"product_tag-dacetyl-l-carnitine","13":"product_tag-formule-vegetarienne","14":"product_tag-now-foods-iherb","15":"product_tag-now-foods-jumia","16":"product_tag-now-foods-maroc","17":"product_tag-now-foods-maroc-avis","18":"product_tag-now-foods-maroc-prix","19":"product_tag-now-foods-prix-au-maroc","21":"first","22":"instock","23":"sale","24":"taxable","25":"shipping-taxable","26":"purchasable","27":"product-type-simple"},"yoast_head":"<!-- This site is optimized with the Yoast SEO plugin v27.5 - https:\/\/yoast.com\/product\/yoast-seo-wordpress\/ -->\n<title>Now Foods Ac\u00e9tyl-L Carnitine, 750 mg, 90 comprim\u00e9s - Maroc Prix<\/title>\n<meta name=\"description\" content=\"Achetez Now Foods Ac\u00e9tyl-L-Carnitine 750 mg 90 comprim\u00e9s . Id\u00e9al pour la fonction c\u00e9r\u00e9brale, l&#039;\u00e9nergie cellulaire, la m\u00e9moire et la protection antioxydante.\" \/>\n<meta name=\"robots\" content=\"index, follow, max-snippet:-1, max-image-preview:large, max-video-preview:-1\" \/>\n<link rel=\"canonical\" href=\"https:\/\/vitablanca.ma\/en\/product\/now-foods-acetyl-l-carnitine-750-mg-90-comprimes\/\" \/>\n<meta property=\"og:locale\" content=\"en_US\" \/>\n<meta property=\"og:type\" content=\"article\" \/>\n<meta property=\"og:title\" content=\"Now Foods Ac\u00e9tyl-L Carnitine, 750 mg, 90 comprim\u00e9s - Maroc Prix\" \/>\n<meta property=\"og:description\" content=\"Achetez Now Foods Ac\u00e9tyl-L-Carnitine 750 mg 90 comprim\u00e9s . Id\u00e9al pour la fonction c\u00e9r\u00e9brale, l&#039;\u00e9nergie cellulaire, la m\u00e9moire et la protection antioxydante.\" \/>\n<meta property=\"og:url\" content=\"https:\/\/vitablanca.ma\/en\/product\/now-foods-acetyl-l-carnitine-750-mg-90-comprimes\/\" \/>\n<meta property=\"og:site_name\" content=\"Vitablanca.ma &ndash; Sant&eacute;, vitalit&eacute; et bien-&ecirc;tre pour tous les Marocains\" \/>\n<meta property=\"article:publisher\" content=\"https:\/\/www.facebook.com\/profile.php?id=61576678196717\" \/>\n<meta property=\"article:modified_time\" content=\"2025-08-30T21:22:41+00:00\" \/>\n<meta property=\"og:image\" content=\"https:\/\/vitablanca.ma\/wp-content\/uploads\/2025\/04\/now-foods-acetyl-l-carnitine-750-mg-90-comprimes-.jpg\" \/>\n\t<meta property=\"og:image:width\" content=\"680\" \/>\n\t<meta property=\"og:image:height\" content=\"680\" \/>\n\t<meta property=\"og:image:type\" content=\"image\/jpeg\" \/>\n<meta name=\"twitter:card\" content=\"summary_large_image\" \/>\n<meta name=\"twitter:label1\" content=\"Est. reading time\" \/>\n\t<meta name=\"twitter:data1\" content=\"2 minutes\" \/>\n<script type=\"application\/ld+json\" class=\"yoast-schema-graph\">{\"@context\":\"https:\\\/\\\/schema.org\",\"@graph\":[{\"@type\":[\"WebPage\",\"ItemPage\"],\"@id\":\"https:\\\/\\\/vitablanca.ma\\\/produit\\\/now-foods-acetyl-l-carnitine-750-mg-90-comprimes\\\/\",\"url\":\"https:\\\/\\\/vitablanca.ma\\\/produit\\\/now-foods-acetyl-l-carnitine-750-mg-90-comprimes\\\/\",\"name\":\"Now Foods Ac\u00e9tyl-L Carnitine, 750 mg, 90 comprim\u00e9s - Maroc Prix\",\"isPartOf\":{\"@id\":\"https:\\\/\\\/vitablanca.ma\\\/#website\"},\"primaryImageOfPage\":{\"@id\":\"https:\\\/\\\/vitablanca.ma\\\/produit\\\/now-foods-acetyl-l-carnitine-750-mg-90-comprimes\\\/#primaryimage\"},\"image\":{\"@id\":\"https:\\\/\\\/vitablanca.ma\\\/produit\\\/now-foods-acetyl-l-carnitine-750-mg-90-comprimes\\\/#primaryimage\"},\"thumbnailUrl\":\"https:\\\/\\\/vitablanca.ma\\\/wp-content\\\/uploads\\\/2025\\\/04\\\/now-foods-acetyl-l-carnitine-750-mg-90-comprimes-.jpg\",\"datePublished\":\"2025-04-27T16:44:33+00:00\",\"dateModified\":\"2025-08-30T21:22:41+00:00\",\"description\":\"Achetez Now Foods Ac\u00e9tyl-L-Carnitine 750 mg 90 comprim\u00e9s . Id\u00e9al pour la fonction c\u00e9r\u00e9brale, l'\u00e9nergie cellulaire, la m\u00e9moire et la protection antioxydante.\",\"breadcrumb\":{\"@id\":\"https:\\\/\\\/vitablanca.ma\\\/produit\\\/now-foods-acetyl-l-carnitine-750-mg-90-comprimes\\\/#breadcrumb\"},\"inLanguage\":\"en-US\",\"potentialAction\":[{\"@type\":\"ReadAction\",\"target\":[\"https:\\\/\\\/vitablanca.ma\\\/produit\\\/now-foods-acetyl-l-carnitine-750-mg-90-comprimes\\\/\"]}]},{\"@type\":\"ImageObject\",\"inLanguage\":\"en-US\",\"@id\":\"https:\\\/\\\/vitablanca.ma\\\/produit\\\/now-foods-acetyl-l-carnitine-750-mg-90-comprimes\\\/#primaryimage\",\"url\":\"https:\\\/\\\/vitablanca.ma\\\/wp-content\\\/uploads\\\/2025\\\/04\\\/now-foods-acetyl-l-carnitine-750-mg-90-comprimes-.jpg\",\"contentUrl\":\"https:\\\/\\\/vitablanca.ma\\\/wp-content\\\/uploads\\\/2025\\\/04\\\/now-foods-acetyl-l-carnitine-750-mg-90-comprimes-.jpg\",\"width\":680,\"height\":680},{\"@type\":\"BreadcrumbList\",\"@id\":\"https:\\\/\\\/vitablanca.ma\\\/produit\\\/now-foods-acetyl-l-carnitine-750-mg-90-comprimes\\\/#breadcrumb\",\"itemListElement\":[{\"@type\":\"ListItem\",\"position\":1,\"name\":\"Home\",\"item\":\"https:\\\/\\\/vitablanca.ma\\\/\"},{\"@type\":\"ListItem\",\"position\":2,\"name\":\"Tous Les Produits\",\"item\":\"https:\\\/\\\/vitablanca.ma\\\/tous-les-produits\\\/\"},{\"@type\":\"ListItem\",\"position\":3,\"name\":\"Now Foods Ac\u00e9tyl-L Carnitine, 750 mg, 90 comprim\u00e9s\"}]},{\"@type\":\"WebSite\",\"@id\":\"https:\\\/\\\/vitablanca.ma\\\/#website\",\"url\":\"https:\\\/\\\/vitablanca.ma\\\/\",\"name\":\"VitaBlanca.ma | Compl\u00e9ments alimentaires, sant\u00e9 & beaut\u00e9 au Maroc\",\"description\":\"vendre vitamines et compl\u00e9ments premium des USA &amp; Canada, Nouvelle Z\u00e9lande,Maroc (NOW Foods, Solgar, Manuka). Livraison rapide partout au Maroc.\",\"publisher\":{\"@id\":\"https:\\\/\\\/vitablanca.ma\\\/#organization\"},\"alternateName\":\"VitaBlanca.ma\",\"potentialAction\":[{\"@type\":\"SearchAction\",\"target\":{\"@type\":\"EntryPoint\",\"urlTemplate\":\"https:\\\/\\\/vitablanca.ma\\\/?s={search_term_string}\"},\"query-input\":{\"@type\":\"PropertyValueSpecification\",\"valueRequired\":true,\"valueName\":\"search_term_string\"}}],\"inLanguage\":\"en-US\"},{\"@type\":\"Organization\",\"@id\":\"https:\\\/\\\/vitablanca.ma\\\/#organization\",\"name\":\"VitaBlanca\",\"url\":\"https:\\\/\\\/vitablanca.ma\\\/\",\"logo\":{\"@type\":\"ImageObject\",\"inLanguage\":\"en-US\",\"@id\":\"https:\\\/\\\/vitablanca.ma\\\/#\\\/schema\\\/logo\\\/image\\\/\",\"url\":\"https:\\\/\\\/vitablanca.ma\\\/wp-content\\\/uploads\\\/2025\\\/05\\\/cropped-vitablanca.png\",\"contentUrl\":\"https:\\\/\\\/vitablanca.ma\\\/wp-content\\\/uploads\\\/2025\\\/05\\\/cropped-vitablanca.png\",\"width\":360,\"height\":67,\"caption\":\"VitaBlanca\"},\"image\":{\"@id\":\"https:\\\/\\\/vitablanca.ma\\\/#\\\/schema\\\/logo\\\/image\\\/\"},\"sameAs\":[\"https:\\\/\\\/www.facebook.com\\\/profile.php?id=61576678196717\",\"https:\\\/\\\/www.tiktok.com\\\/@vitablanca.ma\",\"https:\\\/\\\/www.instagram.com\\\/vitablanca.ma\\\/\"]}]}<\/script>\n<!-- \/ Yoast SEO plugin. -->","yoast_head_json":{"title":"Now Foods Acetyl-L Carnitine, 750 mg, 90 Tablets - Morocco Price","description":"Buy Now Foods Acetyl-L-Carnitine 750 mg 90 Tablets. Ideal for brain function, cellular energy, memory, and antioxidant protection.","robots":{"index":"index","follow":"follow","max-snippet":"max-snippet:-1","max-image-preview":"max-image-preview:large","max-video-preview":"max-video-preview:-1"},"canonical":"https:\/\/vitablanca.ma\/en\/product\/now-foods-acetyl-l-carnitine-750-mg-90-comprimes\/","og_locale":"en_US","og_type":"article","og_title":"Now Foods Ac\u00e9tyl-L Carnitine, 750 mg, 90 comprim\u00e9s - Maroc Prix","og_description":"Achetez Now Foods Ac\u00e9tyl-L-Carnitine 750 mg 90 comprim\u00e9s . Id\u00e9al pour la fonction c\u00e9r\u00e9brale, l'\u00e9nergie cellulaire, la m\u00e9moire et la protection antioxydante.","og_url":"https:\/\/vitablanca.ma\/en\/product\/now-foods-acetyl-l-carnitine-750-mg-90-comprimes\/","og_site_name":"Vitablanca.ma &ndash; Sant&eacute;, vitalit&eacute; et bien-&ecirc;tre pour tous les Marocains","article_publisher":"https:\/\/www.facebook.com\/profile.php?id=61576678196717","article_modified_time":"2025-08-30T21:22:41+00:00","og_image":[{"width":680,"height":680,"url":"https:\/\/vitablanca.ma\/wp-content\/uploads\/2025\/04\/now-foods-acetyl-l-carnitine-750-mg-90-comprimes-.jpg","type":"image\/jpeg"}],"twitter_card":"summary_large_image","twitter_misc":{"Est. reading time":"2 minutes"},"schema":{"@context":"https:\/\/schema.org","@graph":[{"@type":["WebPage","ItemPage"],"@id":"https:\/\/vitablanca.ma\/produit\/now-foods-acetyl-l-carnitine-750-mg-90-comprimes\/","url":"https:\/\/vitablanca.ma\/produit\/now-foods-acetyl-l-carnitine-750-mg-90-comprimes\/","name":"Now Foods Acetyl-L Carnitine, 750 mg, 90 Tablets - Morocco Price","isPartOf":{"@id":"https:\/\/vitablanca.ma\/#website"},"primaryImageOfPage":{"@id":"https:\/\/vitablanca.ma\/produit\/now-foods-acetyl-l-carnitine-750-mg-90-comprimes\/#primaryimage"},"image":{"@id":"https:\/\/vitablanca.ma\/produit\/now-foods-acetyl-l-carnitine-750-mg-90-comprimes\/#primaryimage"},"thumbnailUrl":"https:\/\/vitablanca.ma\/wp-content\/uploads\/2025\/04\/now-foods-acetyl-l-carnitine-750-mg-90-comprimes-.jpg","datePublished":"2025-04-27T16:44:33+00:00","dateModified":"2025-08-30T21:22:41+00:00","description":"Buy Now Foods Acetyl-L-Carnitine 750 mg 90 Tablets. Ideal for brain function, cellular energy, memory, and antioxidant protection.","breadcrumb":{"@id":"https:\/\/vitablanca.ma\/produit\/now-foods-acetyl-l-carnitine-750-mg-90-comprimes\/#breadcrumb"},"inLanguage":"en-US","potentialAction":[{"@type":"ReadAction","target":["https:\/\/vitablanca.ma\/produit\/now-foods-acetyl-l-carnitine-750-mg-90-comprimes\/"]}]},{"@type":"ImageObject","inLanguage":"en-US","@id":"https:\/\/vitablanca.ma\/produit\/now-foods-acetyl-l-carnitine-750-mg-90-comprimes\/#primaryimage","url":"https:\/\/vitablanca.ma\/wp-content\/uploads\/2025\/04\/now-foods-acetyl-l-carnitine-750-mg-90-comprimes-.jpg","contentUrl":"https:\/\/vitablanca.ma\/wp-content\/uploads\/2025\/04\/now-foods-acetyl-l-carnitine-750-mg-90-comprimes-.jpg","width":680,"height":680},{"@type":"BreadcrumbList","@id":"https:\/\/vitablanca.ma\/produit\/now-foods-acetyl-l-carnitine-750-mg-90-comprimes\/#breadcrumb","itemListElement":[{"@type":"ListItem","position":1,"name":"Home","item":"https:\/\/vitablanca.ma\/"},{"@type":"ListItem","position":2,"name":"Tous Les Produits","item":"https:\/\/vitablanca.ma\/tous-les-produits\/"},{"@type":"ListItem","position":3,"name":"Now Foods Ac\u00e9tyl-L Carnitine, 750 mg, 90 comprim\u00e9s"}]},{"@type":"WebSite","@id":"https:\/\/vitablanca.ma\/#website","url":"https:\/\/vitablanca.ma\/","name":"VitaBlanca.ma | Food supplements, health &amp; beauty in Morocco","description":"sell premium vitamins and supplements from USA &amp; Canada, New Zealand, Morocco (NOW Foods, Solgar, Manuka). Fast delivery anywhere in Morocco.","publisher":{"@id":"https:\/\/vitablanca.ma\/#organization"},"alternateName":"VitaBlanca.ma","potentialAction":[{"@type":"SearchAction","target":{"@type":"EntryPoint","urlTemplate":"https:\/\/vitablanca.ma\/?s={search_term_string}"},"query-input":{"@type":"PropertyValueSpecification","valueRequired":true,"valueName":"search_term_string"}}],"inLanguage":"en-US"},{"@type":"Organization","@id":"https:\/\/vitablanca.ma\/#organization","name":"VitaBlanca","url":"https:\/\/vitablanca.ma\/","logo":{"@type":"ImageObject","inLanguage":"en-US","@id":"https:\/\/vitablanca.ma\/#\/schema\/logo\/image\/","url":"https:\/\/vitablanca.ma\/wp-content\/uploads\/2025\/05\/cropped-vitablanca.png","contentUrl":"https:\/\/vitablanca.ma\/wp-content\/uploads\/2025\/05\/cropped-vitablanca.png","width":360,"height":67,"caption":"VitaBlanca"},"image":{"@id":"https:\/\/vitablanca.ma\/#\/schema\/logo\/image\/"},"sameAs":["https:\/\/www.facebook.com\/profile.php?id=61576678196717","https:\/\/www.tiktok.com\/@vitablanca.ma","https:\/\/www.instagram.com\/vitablanca.ma\/"]}]}},"jetpack_sharing_enabled":true,"_links":{"self":[{"href":"https:\/\/vitablanca.ma\/en\/wp-json\/wp\/v2\/product\/585","targetHints":{"allow":["GET"]}}],"collection":[{"href":"https:\/\/vitablanca.ma\/en\/wp-json\/wp\/v2\/product"}],"about":[{"href":"https:\/\/vitablanca.ma\/en\/wp-json\/wp\/v2\/types\/product"}],"wp:featuredmedia":[{"embeddable":true,"href":"https:\/\/vitablanca.ma\/en\/wp-json\/wp\/v2\/media\/589"}],"wp:attachment":[{"href":"https:\/\/vitablanca.ma\/en\/wp-json\/wp\/v2\/media?parent=585"}],"wp:term":[{"taxonomy":"product_brand","embeddable":true,"href":"https:\/\/vitablanca.ma\/en\/wp-json\/wp\/v2\/product_brand?post=585"},{"taxonomy":"product_cat","embeddable":true,"href":"https:\/\/vitablanca.ma\/en\/wp-json\/wp\/v2\/product_cat?post=585"},{"taxonomy":"product_tag","embeddable":true,"href":"https:\/\/vitablanca.ma\/en\/wp-json\/wp\/v2\/product_tag?post=585"}],"curies":[{"name":"wp","href":"https:\/\/api.w.org\/{rel}","templated":true}]}}