{"id":568,"date":"2025-04-27T15:01:06","date_gmt":"2025-04-27T15:01:06","guid":{"rendered":"https:\/\/vitablanca.ma\/?post_type=product&#038;p=568"},"modified":"2025-08-30T21:22:43","modified_gmt":"2025-08-30T21:22:43","slug":"now-foods-cordyceps-750-mg-90-veg-capsules","status":"publish","type":"product","link":"https:\/\/vitablanca.ma\/en\/product\/now-foods-cordyceps-750-mg-90-veg-capsules\/","title":{"rendered":"Now Foods Cordyceps, 750 mg, 90 Veg Capsules"},"content":{"rendered":"<p>Cordyceps sinensis est un champignon utilis\u00e9 par les herboristes traditionnels chinois pour ses propri\u00e9t\u00e9s \u00e9nergisantes et adaptog\u00e8nes depuis des si\u00e8cles. Cordyceps a de nombreux compos\u00e9s bioactifs, y compris des polysaccharides et des nucl\u00e9osides, qui ont \u00e9t\u00e9 \u00e9tudi\u00e9s pour leur large gamme d\u2019activit\u00e9s biologiques. Des \u00e9tudes scientifiques modernes ont montr\u00e9 que les constituants du Cordyceps poss\u00e8dent des propri\u00e9t\u00e9s de pi\u00e9geage des radicaux libres et sugg\u00e8rent qu\u2019ils peuvent \u00e9galement soutenir un syst\u00e8me immunitaire sain et favoriser une fonction vasculaire normale.<\/p>","protected":false},"excerpt":{"rendered":"<ul>\n<li>Healthy Immune Support<\/li>\n<li>Free Scavenger Radical<\/li>\n<li>Healthy vascular function<\/li>\n<li>A dietary supplement<\/li>\n<li>Vegetarian \/ Vegan<\/li>\n<li>Botanicals \/ Herbs<\/li>\n<li>GMP quality assured<\/li>\n<\/ul>","protected":false},"featured_media":569,"template":"","meta":{"om_disable_all_campaigns":false},"product_brand":[83],"product_cat":[18,3366,104,19],"product_tag":[546,491,91,388,726,545,544,543],"class_list":{"0":"post-568","1":"product","2":"type-product","3":"status-publish","4":"has-post-thumbnail","6":"product_brand-now-foods-maroc-prix","7":"product_cat-beaute-sante","8":"product_cat-complements-alimentaires-au-maroc-vitablanca","9":"product_cat-supplements-a-base-de-plantes","10":"product_cat-vitamines-supplements-dietetiques","11":"product_tag-botaniques","12":"product_tag-herbes","13":"product_tag-now-foods-maroc","14":"product_tag-now-foods-maroc-avis","15":"product_tag-now-foods-maroc-prix","16":"product_tag-qualite-gmp-assuree","17":"product_tag-scavenger-radical-gratuit","18":"product_tag-soutien-immunitaire-sain","20":"first","21":"instock","22":"sale","23":"taxable","24":"shipping-taxable","25":"purchasable","26":"product-type-simple"},"yoast_head":"<!-- This site is optimized with the Yoast SEO plugin v27.5 - https:\/\/yoast.com\/product\/yoast-seo-wordpress\/ -->\n<title>Now Foods Cordyceps, 750 mg, 90 Veg Capsules - Maroc Prix<\/title>\n<meta name=\"description\" content=\"Achetez Now Foods Cordyceps 750 mg (90 g\u00e9lules Maroc. Ce champignon adaptog\u00e8ne soutient l&#039;\u00e9nergie, l&#039;endurance, la vitalit\u00e9 et la sant\u00e9 respiratoire\" \/>\n<meta name=\"robots\" content=\"index, follow, max-snippet:-1, max-image-preview:large, max-video-preview:-1\" \/>\n<link rel=\"canonical\" href=\"https:\/\/vitablanca.ma\/en\/product\/now-foods-cordyceps-750-mg-90-veg-capsules\/\" \/>\n<meta property=\"og:locale\" content=\"en_US\" \/>\n<meta property=\"og:type\" content=\"article\" \/>\n<meta property=\"og:title\" content=\"Now Foods Cordyceps, 750 mg, 90 Veg Capsules - Maroc Prix\" \/>\n<meta property=\"og:description\" content=\"Achetez Now Foods Cordyceps 750 mg (90 g\u00e9lules Maroc. Ce champignon adaptog\u00e8ne soutient l&#039;\u00e9nergie, l&#039;endurance, la vitalit\u00e9 et la sant\u00e9 respiratoire\" \/>\n<meta property=\"og:url\" content=\"https:\/\/vitablanca.ma\/en\/product\/now-foods-cordyceps-750-mg-90-veg-capsules\/\" \/>\n<meta property=\"og:site_name\" content=\"Vitablanca.ma &ndash; Sant&eacute;, vitalit&eacute; et bien-&ecirc;tre pour tous les Marocains\" \/>\n<meta property=\"article:publisher\" content=\"https:\/\/www.facebook.com\/profile.php?id=61576678196717\" \/>\n<meta property=\"article:modified_time\" content=\"2025-08-30T21:22:43+00:00\" \/>\n<meta property=\"og:image\" content=\"https:\/\/vitablanca.ma\/wp-content\/uploads\/2025\/04\/now-foods-cordyceps-750-mg-90-veg-capsules-.jpg\" \/>\n\t<meta property=\"og:image:width\" content=\"680\" \/>\n\t<meta property=\"og:image:height\" content=\"680\" \/>\n\t<meta property=\"og:image:type\" content=\"image\/jpeg\" \/>\n<meta name=\"twitter:card\" content=\"summary_large_image\" \/>\n<meta name=\"twitter:label1\" content=\"Est. reading time\" \/>\n\t<meta name=\"twitter:data1\" content=\"1 minute\" \/>\n<script type=\"application\/ld+json\" class=\"yoast-schema-graph\">{\"@context\":\"https:\\\/\\\/schema.org\",\"@graph\":[{\"@type\":[\"WebPage\",\"ItemPage\"],\"@id\":\"https:\\\/\\\/vitablanca.ma\\\/produit\\\/now-foods-cordyceps-750-mg-90-veg-capsules\\\/\",\"url\":\"https:\\\/\\\/vitablanca.ma\\\/produit\\\/now-foods-cordyceps-750-mg-90-veg-capsules\\\/\",\"name\":\"Now Foods Cordyceps, 750 mg, 90 Veg Capsules - Maroc Prix\",\"isPartOf\":{\"@id\":\"https:\\\/\\\/vitablanca.ma\\\/#website\"},\"primaryImageOfPage\":{\"@id\":\"https:\\\/\\\/vitablanca.ma\\\/produit\\\/now-foods-cordyceps-750-mg-90-veg-capsules\\\/#primaryimage\"},\"image\":{\"@id\":\"https:\\\/\\\/vitablanca.ma\\\/produit\\\/now-foods-cordyceps-750-mg-90-veg-capsules\\\/#primaryimage\"},\"thumbnailUrl\":\"https:\\\/\\\/vitablanca.ma\\\/wp-content\\\/uploads\\\/2025\\\/04\\\/now-foods-cordyceps-750-mg-90-veg-capsules-.jpg\",\"datePublished\":\"2025-04-27T15:01:06+00:00\",\"dateModified\":\"2025-08-30T21:22:43+00:00\",\"description\":\"Achetez Now Foods Cordyceps 750 mg (90 g\u00e9lules Maroc. Ce champignon adaptog\u00e8ne soutient l'\u00e9nergie, l'endurance, la vitalit\u00e9 et la sant\u00e9 respiratoire\",\"breadcrumb\":{\"@id\":\"https:\\\/\\\/vitablanca.ma\\\/produit\\\/now-foods-cordyceps-750-mg-90-veg-capsules\\\/#breadcrumb\"},\"inLanguage\":\"en-US\",\"potentialAction\":[{\"@type\":\"ReadAction\",\"target\":[\"https:\\\/\\\/vitablanca.ma\\\/produit\\\/now-foods-cordyceps-750-mg-90-veg-capsules\\\/\"]}]},{\"@type\":\"ImageObject\",\"inLanguage\":\"en-US\",\"@id\":\"https:\\\/\\\/vitablanca.ma\\\/produit\\\/now-foods-cordyceps-750-mg-90-veg-capsules\\\/#primaryimage\",\"url\":\"https:\\\/\\\/vitablanca.ma\\\/wp-content\\\/uploads\\\/2025\\\/04\\\/now-foods-cordyceps-750-mg-90-veg-capsules-.jpg\",\"contentUrl\":\"https:\\\/\\\/vitablanca.ma\\\/wp-content\\\/uploads\\\/2025\\\/04\\\/now-foods-cordyceps-750-mg-90-veg-capsules-.jpg\",\"width\":680,\"height\":680},{\"@type\":\"BreadcrumbList\",\"@id\":\"https:\\\/\\\/vitablanca.ma\\\/produit\\\/now-foods-cordyceps-750-mg-90-veg-capsules\\\/#breadcrumb\",\"itemListElement\":[{\"@type\":\"ListItem\",\"position\":1,\"name\":\"Home\",\"item\":\"https:\\\/\\\/vitablanca.ma\\\/\"},{\"@type\":\"ListItem\",\"position\":2,\"name\":\"Tous Les Produits\",\"item\":\"https:\\\/\\\/vitablanca.ma\\\/tous-les-produits\\\/\"},{\"@type\":\"ListItem\",\"position\":3,\"name\":\"Now Foods Cordyceps, 750 mg, 90 Veg Capsules\"}]},{\"@type\":\"WebSite\",\"@id\":\"https:\\\/\\\/vitablanca.ma\\\/#website\",\"url\":\"https:\\\/\\\/vitablanca.ma\\\/\",\"name\":\"VitaBlanca.ma | Compl\u00e9ments alimentaires, sant\u00e9 & beaut\u00e9 au Maroc\",\"description\":\"vendre vitamines et compl\u00e9ments premium des USA &amp; Canada, Nouvelle Z\u00e9lande,Maroc (NOW Foods, Solgar, Manuka). Livraison rapide partout au Maroc.\",\"publisher\":{\"@id\":\"https:\\\/\\\/vitablanca.ma\\\/#organization\"},\"alternateName\":\"VitaBlanca.ma\",\"potentialAction\":[{\"@type\":\"SearchAction\",\"target\":{\"@type\":\"EntryPoint\",\"urlTemplate\":\"https:\\\/\\\/vitablanca.ma\\\/?s={search_term_string}\"},\"query-input\":{\"@type\":\"PropertyValueSpecification\",\"valueRequired\":true,\"valueName\":\"search_term_string\"}}],\"inLanguage\":\"en-US\"},{\"@type\":\"Organization\",\"@id\":\"https:\\\/\\\/vitablanca.ma\\\/#organization\",\"name\":\"VitaBlanca\",\"url\":\"https:\\\/\\\/vitablanca.ma\\\/\",\"logo\":{\"@type\":\"ImageObject\",\"inLanguage\":\"en-US\",\"@id\":\"https:\\\/\\\/vitablanca.ma\\\/#\\\/schema\\\/logo\\\/image\\\/\",\"url\":\"https:\\\/\\\/vitablanca.ma\\\/wp-content\\\/uploads\\\/2025\\\/05\\\/cropped-vitablanca.png\",\"contentUrl\":\"https:\\\/\\\/vitablanca.ma\\\/wp-content\\\/uploads\\\/2025\\\/05\\\/cropped-vitablanca.png\",\"width\":360,\"height\":67,\"caption\":\"VitaBlanca\"},\"image\":{\"@id\":\"https:\\\/\\\/vitablanca.ma\\\/#\\\/schema\\\/logo\\\/image\\\/\"},\"sameAs\":[\"https:\\\/\\\/www.facebook.com\\\/profile.php?id=61576678196717\",\"https:\\\/\\\/www.tiktok.com\\\/@vitablanca.ma\",\"https:\\\/\\\/www.instagram.com\\\/vitablanca.ma\\\/\"]}]}<\/script>\n<!-- \/ Yoast SEO plugin. -->","yoast_head_json":{"title":"Now Foods Cordyceps, 750 mg, 90 Veg Capsules - Morocco Price","description":"Buy Now Foods Cordyceps 750 mg (90 capsules) Morocco. This adaptogenic mushroom supports energy, stamina, vitality, and respiratory health.","robots":{"index":"index","follow":"follow","max-snippet":"max-snippet:-1","max-image-preview":"max-image-preview:large","max-video-preview":"max-video-preview:-1"},"canonical":"https:\/\/vitablanca.ma\/en\/product\/now-foods-cordyceps-750-mg-90-veg-capsules\/","og_locale":"en_US","og_type":"article","og_title":"Now Foods Cordyceps, 750 mg, 90 Veg Capsules - Maroc Prix","og_description":"Achetez Now Foods Cordyceps 750 mg (90 g\u00e9lules Maroc. Ce champignon adaptog\u00e8ne soutient l'\u00e9nergie, l'endurance, la vitalit\u00e9 et la sant\u00e9 respiratoire","og_url":"https:\/\/vitablanca.ma\/en\/product\/now-foods-cordyceps-750-mg-90-veg-capsules\/","og_site_name":"Vitablanca.ma &ndash; Sant&eacute;, vitalit&eacute; et bien-&ecirc;tre pour tous les Marocains","article_publisher":"https:\/\/www.facebook.com\/profile.php?id=61576678196717","article_modified_time":"2025-08-30T21:22:43+00:00","og_image":[{"width":680,"height":680,"url":"https:\/\/vitablanca.ma\/wp-content\/uploads\/2025\/04\/now-foods-cordyceps-750-mg-90-veg-capsules-.jpg","type":"image\/jpeg"}],"twitter_card":"summary_large_image","twitter_misc":{"Est. reading time":"1 minute"},"schema":{"@context":"https:\/\/schema.org","@graph":[{"@type":["WebPage","ItemPage"],"@id":"https:\/\/vitablanca.ma\/produit\/now-foods-cordyceps-750-mg-90-veg-capsules\/","url":"https:\/\/vitablanca.ma\/produit\/now-foods-cordyceps-750-mg-90-veg-capsules\/","name":"Now Foods Cordyceps, 750 mg, 90 Veg Capsules - Morocco Price","isPartOf":{"@id":"https:\/\/vitablanca.ma\/#website"},"primaryImageOfPage":{"@id":"https:\/\/vitablanca.ma\/produit\/now-foods-cordyceps-750-mg-90-veg-capsules\/#primaryimage"},"image":{"@id":"https:\/\/vitablanca.ma\/produit\/now-foods-cordyceps-750-mg-90-veg-capsules\/#primaryimage"},"thumbnailUrl":"https:\/\/vitablanca.ma\/wp-content\/uploads\/2025\/04\/now-foods-cordyceps-750-mg-90-veg-capsules-.jpg","datePublished":"2025-04-27T15:01:06+00:00","dateModified":"2025-08-30T21:22:43+00:00","description":"Buy Now Foods Cordyceps 750 mg (90 capsules) Morocco. This adaptogenic mushroom supports energy, stamina, vitality, and respiratory health.","breadcrumb":{"@id":"https:\/\/vitablanca.ma\/produit\/now-foods-cordyceps-750-mg-90-veg-capsules\/#breadcrumb"},"inLanguage":"en-US","potentialAction":[{"@type":"ReadAction","target":["https:\/\/vitablanca.ma\/produit\/now-foods-cordyceps-750-mg-90-veg-capsules\/"]}]},{"@type":"ImageObject","inLanguage":"en-US","@id":"https:\/\/vitablanca.ma\/produit\/now-foods-cordyceps-750-mg-90-veg-capsules\/#primaryimage","url":"https:\/\/vitablanca.ma\/wp-content\/uploads\/2025\/04\/now-foods-cordyceps-750-mg-90-veg-capsules-.jpg","contentUrl":"https:\/\/vitablanca.ma\/wp-content\/uploads\/2025\/04\/now-foods-cordyceps-750-mg-90-veg-capsules-.jpg","width":680,"height":680},{"@type":"BreadcrumbList","@id":"https:\/\/vitablanca.ma\/produit\/now-foods-cordyceps-750-mg-90-veg-capsules\/#breadcrumb","itemListElement":[{"@type":"ListItem","position":1,"name":"Home","item":"https:\/\/vitablanca.ma\/"},{"@type":"ListItem","position":2,"name":"Tous Les Produits","item":"https:\/\/vitablanca.ma\/tous-les-produits\/"},{"@type":"ListItem","position":3,"name":"Now Foods Cordyceps, 750 mg, 90 Veg Capsules"}]},{"@type":"WebSite","@id":"https:\/\/vitablanca.ma\/#website","url":"https:\/\/vitablanca.ma\/","name":"VitaBlanca.ma | Food supplements, health &amp; beauty in Morocco","description":"sell premium vitamins and supplements from USA &amp; Canada, New Zealand, Morocco (NOW Foods, Solgar, Manuka). Fast delivery anywhere in Morocco.","publisher":{"@id":"https:\/\/vitablanca.ma\/#organization"},"alternateName":"VitaBlanca.ma","potentialAction":[{"@type":"SearchAction","target":{"@type":"EntryPoint","urlTemplate":"https:\/\/vitablanca.ma\/?s={search_term_string}"},"query-input":{"@type":"PropertyValueSpecification","valueRequired":true,"valueName":"search_term_string"}}],"inLanguage":"en-US"},{"@type":"Organization","@id":"https:\/\/vitablanca.ma\/#organization","name":"VitaBlanca","url":"https:\/\/vitablanca.ma\/","logo":{"@type":"ImageObject","inLanguage":"en-US","@id":"https:\/\/vitablanca.ma\/#\/schema\/logo\/image\/","url":"https:\/\/vitablanca.ma\/wp-content\/uploads\/2025\/05\/cropped-vitablanca.png","contentUrl":"https:\/\/vitablanca.ma\/wp-content\/uploads\/2025\/05\/cropped-vitablanca.png","width":360,"height":67,"caption":"VitaBlanca"},"image":{"@id":"https:\/\/vitablanca.ma\/#\/schema\/logo\/image\/"},"sameAs":["https:\/\/www.facebook.com\/profile.php?id=61576678196717","https:\/\/www.tiktok.com\/@vitablanca.ma","https:\/\/www.instagram.com\/vitablanca.ma\/"]}]}},"jetpack_sharing_enabled":true,"_links":{"self":[{"href":"https:\/\/vitablanca.ma\/en\/wp-json\/wp\/v2\/product\/568","targetHints":{"allow":["GET"]}}],"collection":[{"href":"https:\/\/vitablanca.ma\/en\/wp-json\/wp\/v2\/product"}],"about":[{"href":"https:\/\/vitablanca.ma\/en\/wp-json\/wp\/v2\/types\/product"}],"wp:featuredmedia":[{"embeddable":true,"href":"https:\/\/vitablanca.ma\/en\/wp-json\/wp\/v2\/media\/569"}],"wp:attachment":[{"href":"https:\/\/vitablanca.ma\/en\/wp-json\/wp\/v2\/media?parent=568"}],"wp:term":[{"taxonomy":"product_brand","embeddable":true,"href":"https:\/\/vitablanca.ma\/en\/wp-json\/wp\/v2\/product_brand?post=568"},{"taxonomy":"product_cat","embeddable":true,"href":"https:\/\/vitablanca.ma\/en\/wp-json\/wp\/v2\/product_cat?post=568"},{"taxonomy":"product_tag","embeddable":true,"href":"https:\/\/vitablanca.ma\/en\/wp-json\/wp\/v2\/product_tag?post=568"}],"curies":[{"name":"wp","href":"https:\/\/api.w.org\/{rel}","templated":true}]}}