{"id":548,"date":"2025-04-27T00:48:13","date_gmt":"2025-04-27T00:48:13","guid":{"rendered":"https:\/\/vitablanca.ma\/?post_type=product&#038;p=548"},"modified":"2025-08-30T21:22:44","modified_gmt":"2025-08-30T21:22:44","slug":"now-foods-adam-superior-mens-multi-180-gelules-souples","status":"publish","type":"product","link":"https:\/\/vitablanca.ma\/en\/product\/now-foods-adam-superior-mens-multi-180-gelules-souples\/","title":{"rendered":"Now Foods Adam, Superior Men&#039;s Multi, 180 Softgels"},"content":{"rendered":"<p>Am\u00e9lioration de la sant\u00e9 gr\u00e2ce aux multivitamines d\u2019ADAM Superior<\/p>\n<p>\u00c0 mesure que les hommes vieillissent, ils ont tendance \u00e0 ressentir une diminution de leur \u00e9nergie, de leur vigueur et de leurs capacit\u00e9s physiques. C\u2019est l\u00e0 que les multivitamines pour hommes ADAM Superior entrent en jeu. Comme son nom l\u2019indique, ce suppl\u00e9ment est con\u00e7u uniquement pour les hommes. Il contient des ingr\u00e9dients connus pour aider \u00e0 combler d\u2019importantes lacunes nutritionnelles dans l\u2019alimentation de l\u2019homme moyen.<\/p>\n<p>Les avantages de SawPalmetto<\/p>\n<p>Ce suppl\u00e9ment contient 160 milligrammes d\u2019extrait de SawPalmetto. Ce que fait cet ingr\u00e9dient, c\u2019est qu\u2019il arr\u00eate la d\u00e9gradation de la testost\u00e9rone dans le corps. Des \u00e9tudes sugg\u00e8rent \u00e9galement que le palmier nain peut \u00e9ventuellement aider \u00e0 augmenter la production de spermatozo\u00efdes, ce qui peut \u00e9galement aider \u00e0 r\u00e9soudre les probl\u00e8mes de fertilitee ou de st\u00e9rilit\u00e9. D\u2019autres ingr\u00e9dients naturels aux propri\u00e9t\u00e9s sant\u00e9 abondantes comprennent les st\u00e9rols v\u00e9g\u00e9taux, le lycop\u00e8ne, la racine d\u2019ortie et la CoQ10.<\/p>\n<p>Formul\u00e9 pour r\u00e9pondre aux besoins des hommes,<\/p>\n<p>ADAM Superior Multis comprend une gamme de vitamines et de min\u00e9raux importants. Les vitamines comprennent des doses saines de vitamines A, B2, B6, C, D3, E et K! Cette multivitamine est \u00e9galement formul\u00e9e pour inclure une gamme de min\u00e9raux destin\u00e9s \u00e0 stimuler divers processus physiologiques dans le corps. Certains de ces min\u00e9raux comprennent la biotine, qui est connue pour soutenir des ongles et des cheveux forts; Le calcium, reconnu pour renforcer les os et r\u00e9duire le risque d\u2019ost\u00e9oporose; Magn\u00e9sium, qui soutient une fonction cardiovasculaire saine, et bien plus encore!<\/p>\n<p>Facilit\u00e9 d\u2019absorption Les<\/p>\n<p>ADAM Superior Multis se pr\u00e9sentent sous la forme d\u2019une g\u00e9lule molle. Cela rend le suppl\u00e9ment facile \u00e0 avaler, ce qui peut \u00eatre un \u00e9norme avantage pour ceux qui d\u00e9testent les pilules. Les g\u00e9lules sont solides, capables de r\u00e9sister \u00e0 l\u2019acide gastrique afin que le contenu de la capsule puisse atteindre les intestins, o\u00f9 les ingr\u00e9dients peuvent \u00eatre lib\u00e9r\u00e9s. Par les intestins, les ingr\u00e9dients sont absorb\u00e9s dans la circulation sanguine<\/p>\n<p>ingr\u00e9dients<\/p>\n<p>Vitamine A (100% de b\u00eata-carot\u00e8ne), vitamine C (ascorbate de calcium), vitamine D (ergocalcif\u00e9rol), vitamine E (d-alpha tocoph\u00e9rol succinate), vitamine K (m\u00e9naquinone K2 et phytomenadione K1, vitamine B1 (chlorhydrate de thiamine), vitamine B2 (riboflavine), niacine (vitamine B3) (niacinamide et d\u2019inositol hexanicotinate), folate (acide folique), vitamine B12 (m\u00e9thylcobalamine), biotine, acide pantoth\u00e9nique (vitamine B5) (d-pantoth\u00e9nate de calcium), calcium (ascorbate de calcium et de citratee de calcium), iode (iodure de potassium), magn\u00e9sium (citratee), zinc (bisglycinate de zinc) (TRAACS\u00ae), s\u00e9l\u00e9nium (s\u00e9l\u00e9nom\u00e9thionine), cuivre (cuivre bisglycinate) (TRAACS\u00ae), mangan\u00e8se (mangan\u00e8se bisglycinate) (de TRAACS\u00ae), chrome (picolinate de chrome), molybd\u00e8ne (sodium de molybd\u00e8ne), potassium (chlorure de potassium), sawpalmetto extrait de baies (Serenoa repens), la vitamine B6 (pyridoxine HCl, du pyridoxal-5- phosphate), acide alpha-lipo\u00efque, aloe vera (feuille) (concentr\u00e9), extrait de p\u00e9pins de raisin (Vitis vinifera) (standardis\u00e9 pour les polyph\u00e9nols), choline (bitartrate), inositol, coenzyme Q10, le trans-resv\u00e9ratrol naturellement (Polygonum extrait de racine de cuspidatum), lycop\u00e8ne, lut\u00e9ine, stabilisateur (E460 cellulose , E468 croscarmellose sodique), antiagglom\u00e9rant [E570 acide st\u00e9arique (source v\u00e9g\u00e9tale ), E551 dioxyde de silicium (source v\u00e9g\u00e9tale)], rev\u00eatement de l\u00e9gumes. Pas fabriqu\u00e9 avec les ingr\u00e9dients de bl\u00e9, gluten, soja, lait, uf, poisson, fruits de mer ou fruits secs<\/p>\n","protected":false},"excerpt":{"rendered":"<ul>\n<li>Saw palmetto, plant sterols, lycopene, nettle root and CoQ10<\/li>\n<li>Easier to swallow and absorb<\/li>\n<li>Food supplement<\/li>\n<li>Vitamins<\/li>\n<li>Quality assured by GMP<\/li>\n<li>These multivitamin softgels are easier to swallow and are formulated for better gastrointestinal tolerance.<\/li>\n<\/ul>","protected":false},"featured_media":549,"template":"","meta":{"om_disable_all_campaigns":false},"product_brand":[83],"product_cat":[18,3366,19],"product_tag":[137,181,129,126,91,388,726,526,527,183],"class_list":{"0":"post-548","1":"product","2":"type-product","3":"status-publish","4":"has-post-thumbnail","6":"product_brand-now-foods-maroc-prix","7":"product_cat-beaute-sante","8":"product_cat-complements-alimentaires-au-maroc-vitablanca","9":"product_cat-vitamines-supplements-dietetiques","10":"product_tag-adam","11":"product_tag-complement-alimentaire","12":"product_tag-now-foods-casa","13":"product_tag-now-foods-iherb","14":"product_tag-now-foods-maroc","15":"product_tag-now-foods-maroc-avis","16":"product_tag-now-foods-maroc-prix","17":"product_tag-superior-mens-multi","18":"product_tag-vegetaux","19":"product_tag-vitamines","21":"first","22":"instock","23":"sale","24":"taxable","25":"shipping-taxable","26":"purchasable","27":"product-type-simple"},"yoast_head":"<!-- This site is optimized with the Yoast SEO plugin v27.5 - https:\/\/yoast.com\/product\/yoast-seo-wordpress\/ -->\n<title>Now Foods Adam Superior Men&#039;s multi vitamine, 180 g\u00e9lules - Maroc<\/title>\n<meta name=\"description\" content=\"Achetez ADAM Superior Men&#039;s Multi 180 g\u00e9lules Now Foods Maroc. Cette multivitamine compl\u00e8te est sp\u00e9cialement formul\u00e9e pour les hommes, faciles \u00e0 dig\u00e9rer.\" \/>\n<meta name=\"robots\" content=\"index, follow, max-snippet:-1, max-image-preview:large, max-video-preview:-1\" \/>\n<link rel=\"canonical\" href=\"https:\/\/vitablanca.ma\/en\/product\/now-foods-adam-superior-mens-multi-180-gelules-souples\/\" \/>\n<meta property=\"og:locale\" content=\"en_US\" \/>\n<meta property=\"og:type\" content=\"article\" \/>\n<meta property=\"og:title\" content=\"Now Foods Adam Superior Men&#039;s multi vitamine, 180 g\u00e9lules - Maroc\" \/>\n<meta property=\"og:description\" content=\"Achetez ADAM Superior Men&#039;s Multi 180 g\u00e9lules Now Foods Maroc. Cette multivitamine compl\u00e8te est sp\u00e9cialement formul\u00e9e pour les hommes, faciles \u00e0 dig\u00e9rer.\" \/>\n<meta property=\"og:url\" content=\"https:\/\/vitablanca.ma\/en\/product\/now-foods-adam-superior-mens-multi-180-gelules-souples\/\" \/>\n<meta property=\"og:site_name\" content=\"Vitablanca.ma &ndash; Sant&eacute;, vitalit&eacute; et bien-&ecirc;tre pour tous les Marocains\" \/>\n<meta property=\"article:publisher\" content=\"https:\/\/www.facebook.com\/profile.php?id=61576678196717\" \/>\n<meta property=\"article:modified_time\" content=\"2025-08-30T21:22:44+00:00\" \/>\n<meta property=\"og:image\" content=\"https:\/\/vitablanca.ma\/wp-content\/uploads\/2025\/04\/now-foods-adam-superior-mens-multi-180-gelules-souples-.jpg\" \/>\n\t<meta property=\"og:image:width\" content=\"680\" \/>\n\t<meta property=\"og:image:height\" content=\"680\" \/>\n\t<meta property=\"og:image:type\" content=\"image\/jpeg\" \/>\n<meta name=\"twitter:card\" content=\"summary_large_image\" \/>\n<meta name=\"twitter:label1\" content=\"Est. reading time\" \/>\n\t<meta name=\"twitter:data1\" content=\"3 minutes\" \/>\n<script type=\"application\/ld+json\" class=\"yoast-schema-graph\">{\"@context\":\"https:\\\/\\\/schema.org\",\"@graph\":[{\"@type\":[\"WebPage\",\"ItemPage\"],\"@id\":\"https:\\\/\\\/vitablanca.ma\\\/produit\\\/now-foods-adam-superior-mens-multi-180-gelules-souples\\\/\",\"url\":\"https:\\\/\\\/vitablanca.ma\\\/produit\\\/now-foods-adam-superior-mens-multi-180-gelules-souples\\\/\",\"name\":\"Now Foods Adam Superior Men's multi vitamine, 180 g\u00e9lules - Maroc\",\"isPartOf\":{\"@id\":\"https:\\\/\\\/vitablanca.ma\\\/#website\"},\"primaryImageOfPage\":{\"@id\":\"https:\\\/\\\/vitablanca.ma\\\/produit\\\/now-foods-adam-superior-mens-multi-180-gelules-souples\\\/#primaryimage\"},\"image\":{\"@id\":\"https:\\\/\\\/vitablanca.ma\\\/produit\\\/now-foods-adam-superior-mens-multi-180-gelules-souples\\\/#primaryimage\"},\"thumbnailUrl\":\"https:\\\/\\\/vitablanca.ma\\\/wp-content\\\/uploads\\\/2025\\\/04\\\/now-foods-adam-superior-mens-multi-180-gelules-souples-.jpg\",\"datePublished\":\"2025-04-27T00:48:13+00:00\",\"dateModified\":\"2025-08-30T21:22:44+00:00\",\"description\":\"Achetez ADAM Superior Men's Multi 180 g\u00e9lules Now Foods Maroc. Cette multivitamine compl\u00e8te est sp\u00e9cialement formul\u00e9e pour les hommes, faciles \u00e0 dig\u00e9rer.\",\"breadcrumb\":{\"@id\":\"https:\\\/\\\/vitablanca.ma\\\/produit\\\/now-foods-adam-superior-mens-multi-180-gelules-souples\\\/#breadcrumb\"},\"inLanguage\":\"en-US\",\"potentialAction\":[{\"@type\":\"ReadAction\",\"target\":[\"https:\\\/\\\/vitablanca.ma\\\/produit\\\/now-foods-adam-superior-mens-multi-180-gelules-souples\\\/\"]}]},{\"@type\":\"ImageObject\",\"inLanguage\":\"en-US\",\"@id\":\"https:\\\/\\\/vitablanca.ma\\\/produit\\\/now-foods-adam-superior-mens-multi-180-gelules-souples\\\/#primaryimage\",\"url\":\"https:\\\/\\\/vitablanca.ma\\\/wp-content\\\/uploads\\\/2025\\\/04\\\/now-foods-adam-superior-mens-multi-180-gelules-souples-.jpg\",\"contentUrl\":\"https:\\\/\\\/vitablanca.ma\\\/wp-content\\\/uploads\\\/2025\\\/04\\\/now-foods-adam-superior-mens-multi-180-gelules-souples-.jpg\",\"width\":680,\"height\":680},{\"@type\":\"BreadcrumbList\",\"@id\":\"https:\\\/\\\/vitablanca.ma\\\/produit\\\/now-foods-adam-superior-mens-multi-180-gelules-souples\\\/#breadcrumb\",\"itemListElement\":[{\"@type\":\"ListItem\",\"position\":1,\"name\":\"Home\",\"item\":\"https:\\\/\\\/vitablanca.ma\\\/\"},{\"@type\":\"ListItem\",\"position\":2,\"name\":\"Tous Les Produits\",\"item\":\"https:\\\/\\\/vitablanca.ma\\\/tous-les-produits\\\/\"},{\"@type\":\"ListItem\",\"position\":3,\"name\":\"Now Foods Adam, Superior Men&#8217;s Multi, 180 g\u00e9lules souples\"}]},{\"@type\":\"WebSite\",\"@id\":\"https:\\\/\\\/vitablanca.ma\\\/#website\",\"url\":\"https:\\\/\\\/vitablanca.ma\\\/\",\"name\":\"VitaBlanca.ma | Compl\u00e9ments alimentaires, sant\u00e9 & beaut\u00e9 au Maroc\",\"description\":\"vendre vitamines et compl\u00e9ments premium des USA &amp; Canada, Nouvelle Z\u00e9lande,Maroc (NOW Foods, Solgar, Manuka). Livraison rapide partout au Maroc.\",\"publisher\":{\"@id\":\"https:\\\/\\\/vitablanca.ma\\\/#organization\"},\"alternateName\":\"VitaBlanca.ma\",\"potentialAction\":[{\"@type\":\"SearchAction\",\"target\":{\"@type\":\"EntryPoint\",\"urlTemplate\":\"https:\\\/\\\/vitablanca.ma\\\/?s={search_term_string}\"},\"query-input\":{\"@type\":\"PropertyValueSpecification\",\"valueRequired\":true,\"valueName\":\"search_term_string\"}}],\"inLanguage\":\"en-US\"},{\"@type\":\"Organization\",\"@id\":\"https:\\\/\\\/vitablanca.ma\\\/#organization\",\"name\":\"VitaBlanca\",\"url\":\"https:\\\/\\\/vitablanca.ma\\\/\",\"logo\":{\"@type\":\"ImageObject\",\"inLanguage\":\"en-US\",\"@id\":\"https:\\\/\\\/vitablanca.ma\\\/#\\\/schema\\\/logo\\\/image\\\/\",\"url\":\"https:\\\/\\\/vitablanca.ma\\\/wp-content\\\/uploads\\\/2025\\\/05\\\/cropped-vitablanca.png\",\"contentUrl\":\"https:\\\/\\\/vitablanca.ma\\\/wp-content\\\/uploads\\\/2025\\\/05\\\/cropped-vitablanca.png\",\"width\":360,\"height\":67,\"caption\":\"VitaBlanca\"},\"image\":{\"@id\":\"https:\\\/\\\/vitablanca.ma\\\/#\\\/schema\\\/logo\\\/image\\\/\"},\"sameAs\":[\"https:\\\/\\\/www.facebook.com\\\/profile.php?id=61576678196717\",\"https:\\\/\\\/www.tiktok.com\\\/@vitablanca.ma\",\"https:\\\/\\\/www.instagram.com\\\/vitablanca.ma\\\/\"]}]}<\/script>\n<!-- \/ Yoast SEO plugin. -->","yoast_head_json":{"title":"Now Foods Adam Superior Men&#039;s Multivitamin, 180 Capsules - Morocco","description":"Buy ADAM Superior Men&#039;s Multi 180 Capsules from Now Foods Morocco. This complete multivitamin is specially formulated for men and is easy to digest.","robots":{"index":"index","follow":"follow","max-snippet":"max-snippet:-1","max-image-preview":"max-image-preview:large","max-video-preview":"max-video-preview:-1"},"canonical":"https:\/\/vitablanca.ma\/en\/product\/now-foods-adam-superior-mens-multi-180-gelules-souples\/","og_locale":"en_US","og_type":"article","og_title":"Now Foods Adam Superior Men's multi vitamine, 180 g\u00e9lules - Maroc","og_description":"Achetez ADAM Superior Men's Multi 180 g\u00e9lules Now Foods Maroc. Cette multivitamine compl\u00e8te est sp\u00e9cialement formul\u00e9e pour les hommes, faciles \u00e0 dig\u00e9rer.","og_url":"https:\/\/vitablanca.ma\/en\/product\/now-foods-adam-superior-mens-multi-180-gelules-souples\/","og_site_name":"Vitablanca.ma &ndash; Sant&eacute;, vitalit&eacute; et bien-&ecirc;tre pour tous les Marocains","article_publisher":"https:\/\/www.facebook.com\/profile.php?id=61576678196717","article_modified_time":"2025-08-30T21:22:44+00:00","og_image":[{"width":680,"height":680,"url":"https:\/\/vitablanca.ma\/wp-content\/uploads\/2025\/04\/now-foods-adam-superior-mens-multi-180-gelules-souples-.jpg","type":"image\/jpeg"}],"twitter_card":"summary_large_image","twitter_misc":{"Est. reading time":"3 minutes"},"schema":{"@context":"https:\/\/schema.org","@graph":[{"@type":["WebPage","ItemPage"],"@id":"https:\/\/vitablanca.ma\/produit\/now-foods-adam-superior-mens-multi-180-gelules-souples\/","url":"https:\/\/vitablanca.ma\/produit\/now-foods-adam-superior-mens-multi-180-gelules-souples\/","name":"Now Foods Adam Superior Men&#039;s Multivitamin, 180 Capsules - Morocco","isPartOf":{"@id":"https:\/\/vitablanca.ma\/#website"},"primaryImageOfPage":{"@id":"https:\/\/vitablanca.ma\/produit\/now-foods-adam-superior-mens-multi-180-gelules-souples\/#primaryimage"},"image":{"@id":"https:\/\/vitablanca.ma\/produit\/now-foods-adam-superior-mens-multi-180-gelules-souples\/#primaryimage"},"thumbnailUrl":"https:\/\/vitablanca.ma\/wp-content\/uploads\/2025\/04\/now-foods-adam-superior-mens-multi-180-gelules-souples-.jpg","datePublished":"2025-04-27T00:48:13+00:00","dateModified":"2025-08-30T21:22:44+00:00","description":"Buy ADAM Superior Men&#039;s Multi 180 Capsules from Now Foods Morocco. This complete multivitamin is specially formulated for men and is easy to digest.","breadcrumb":{"@id":"https:\/\/vitablanca.ma\/produit\/now-foods-adam-superior-mens-multi-180-gelules-souples\/#breadcrumb"},"inLanguage":"en-US","potentialAction":[{"@type":"ReadAction","target":["https:\/\/vitablanca.ma\/produit\/now-foods-adam-superior-mens-multi-180-gelules-souples\/"]}]},{"@type":"ImageObject","inLanguage":"en-US","@id":"https:\/\/vitablanca.ma\/produit\/now-foods-adam-superior-mens-multi-180-gelules-souples\/#primaryimage","url":"https:\/\/vitablanca.ma\/wp-content\/uploads\/2025\/04\/now-foods-adam-superior-mens-multi-180-gelules-souples-.jpg","contentUrl":"https:\/\/vitablanca.ma\/wp-content\/uploads\/2025\/04\/now-foods-adam-superior-mens-multi-180-gelules-souples-.jpg","width":680,"height":680},{"@type":"BreadcrumbList","@id":"https:\/\/vitablanca.ma\/produit\/now-foods-adam-superior-mens-multi-180-gelules-souples\/#breadcrumb","itemListElement":[{"@type":"ListItem","position":1,"name":"Home","item":"https:\/\/vitablanca.ma\/"},{"@type":"ListItem","position":2,"name":"Tous Les Produits","item":"https:\/\/vitablanca.ma\/tous-les-produits\/"},{"@type":"ListItem","position":3,"name":"Now Foods Adam, Superior Men&#8217;s Multi, 180 g\u00e9lules souples"}]},{"@type":"WebSite","@id":"https:\/\/vitablanca.ma\/#website","url":"https:\/\/vitablanca.ma\/","name":"VitaBlanca.ma | Food supplements, health &amp; beauty in Morocco","description":"sell premium vitamins and supplements from USA &amp; Canada, New Zealand, Morocco (NOW Foods, Solgar, Manuka). Fast delivery anywhere in Morocco.","publisher":{"@id":"https:\/\/vitablanca.ma\/#organization"},"alternateName":"VitaBlanca.ma","potentialAction":[{"@type":"SearchAction","target":{"@type":"EntryPoint","urlTemplate":"https:\/\/vitablanca.ma\/?s={search_term_string}"},"query-input":{"@type":"PropertyValueSpecification","valueRequired":true,"valueName":"search_term_string"}}],"inLanguage":"en-US"},{"@type":"Organization","@id":"https:\/\/vitablanca.ma\/#organization","name":"VitaBlanca","url":"https:\/\/vitablanca.ma\/","logo":{"@type":"ImageObject","inLanguage":"en-US","@id":"https:\/\/vitablanca.ma\/#\/schema\/logo\/image\/","url":"https:\/\/vitablanca.ma\/wp-content\/uploads\/2025\/05\/cropped-vitablanca.png","contentUrl":"https:\/\/vitablanca.ma\/wp-content\/uploads\/2025\/05\/cropped-vitablanca.png","width":360,"height":67,"caption":"VitaBlanca"},"image":{"@id":"https:\/\/vitablanca.ma\/#\/schema\/logo\/image\/"},"sameAs":["https:\/\/www.facebook.com\/profile.php?id=61576678196717","https:\/\/www.tiktok.com\/@vitablanca.ma","https:\/\/www.instagram.com\/vitablanca.ma\/"]}]}},"jetpack_sharing_enabled":true,"_links":{"self":[{"href":"https:\/\/vitablanca.ma\/en\/wp-json\/wp\/v2\/product\/548","targetHints":{"allow":["GET"]}}],"collection":[{"href":"https:\/\/vitablanca.ma\/en\/wp-json\/wp\/v2\/product"}],"about":[{"href":"https:\/\/vitablanca.ma\/en\/wp-json\/wp\/v2\/types\/product"}],"wp:featuredmedia":[{"embeddable":true,"href":"https:\/\/vitablanca.ma\/en\/wp-json\/wp\/v2\/media\/549"}],"wp:attachment":[{"href":"https:\/\/vitablanca.ma\/en\/wp-json\/wp\/v2\/media?parent=548"}],"wp:term":[{"taxonomy":"product_brand","embeddable":true,"href":"https:\/\/vitablanca.ma\/en\/wp-json\/wp\/v2\/product_brand?post=548"},{"taxonomy":"product_cat","embeddable":true,"href":"https:\/\/vitablanca.ma\/en\/wp-json\/wp\/v2\/product_cat?post=548"},{"taxonomy":"product_tag","embeddable":true,"href":"https:\/\/vitablanca.ma\/en\/wp-json\/wp\/v2\/product_tag?post=548"}],"curies":[{"name":"wp","href":"https:\/\/api.w.org\/{rel}","templated":true}]}}