{"id":509,"date":"2025-04-26T22:56:22","date_gmt":"2025-04-26T22:56:22","guid":{"rendered":"https:\/\/vitablanca.ma\/?post_type=product&#038;p=509"},"modified":"2025-10-30T19:25:34","modified_gmt":"2025-10-30T19:25:34","slug":"manuka-health-pastilles-miel-de-manuka-gingembre-citron-58-pastilles-maroc-prix","status":"publish","type":"product","link":"https:\/\/vitablanca.ma\/en\/product\/manuka-health-pastilles-miel-de-manuka-gingembre-citron-58-pastilles-maroc-prix\/","title":{"rendered":"Manuka Health, Manuka Honey Lozenges + Vitamin C, Natural Ginger &amp; Lemon, MGO 400+, 58 Lozenges"},"content":{"rendered":"<div class=\"row item-row\">\n<div class=\"col-xs-24\">\n<div>\n<p>These delicious soothing lozenges help calm and soothe dry, irritated throats, providing instant and long-lasting relief. They combine the benefits of premium New Zealand Manuka honey with the tangy taste of natural ginger and lemon, and an extra boost of vitamin C.<\/p>\n<p>Made with our high quality MGO 400+ Manuka honey, certified for its natural methylglyoxal content (400 mg\/kg).<\/p>\n<table border=\"1\" width=\"100%\" cellspacing=\"0\" cellpadding=\"3\">\n<tbody>\n<tr align=\"left\" valign=\"top\">\n<td colspan=\"3\"><strong>Properties<\/strong><\/td>\n<\/tr>\n<tr align=\"left\" valign=\"top\">\n<td colspan=\"3\"><strong>Serving:<\/strong>\u00a01 lozenge<\/td>\n<\/tr>\n<tr align=\"left\" valign=\"top\">\n<td colspan=\"3\"><strong>Servings per container:<\/strong>\u00a058<\/td>\n<\/tr>\n<tr align=\"left\" valign=\"top\">\n<td width=\"70%\"><\/td>\n<td width=\"15%\"><strong>Quantity per tablet<\/strong><\/td>\n<td width=\"15%\"><strong>%\u00a0d\u2019apport journalier<\/strong><\/td>\n<\/tr>\n<tr align=\"left\" valign=\"top\">\n<td>Calories<\/td>\n<td>15<\/td>\n<td><\/td>\n<\/tr>\n<tr align=\"left\" valign=\"top\">\n<td>Total Carbohydrates<\/td>\n<td>4 g<\/td>\n<td>2\u00a0%*<\/td>\n<\/tr>\n<tr align=\"left\" valign=\"top\">\n<td>Total sugars<\/td>\n<td>3 g<\/td>\n<td>\u2020<\/td>\n<\/tr>\n<tr align=\"left\" valign=\"top\">\n<td>Includes 3g of added sugar<\/td>\n<td><\/td>\n<td>6\u00a0%*<\/td>\n<\/tr>\n<tr align=\"left\" valign=\"top\">\n<td>Vitamine\u00a0C (sous forme d\u2019acide ascorbique)<\/td>\n<td>4.9 mg<\/td>\n<td>5\u00a0%<\/td>\n<\/tr>\n<tr align=\"left\" valign=\"top\">\n<td>Manuka Honey (MGO 400+)<\/td>\n<td>334 mg<\/td>\n<td>\u2020<\/td>\n<\/tr>\n<tr align=\"left\" valign=\"top\">\n<td colspan=\"3\">*\u00a0Pourcentage d\u2019apport journalier bas\u00e9 sur un r\u00e9gime \u00e0 2000\u00a0calories.<br \/>\n\u2020Daily intake not established.<\/td>\n<\/tr>\n<\/tbody>\n<\/table>\n<\/div>\n<\/div>\n<\/div>\n<div class=\"row item-row\">\n<div class=\"col-xs-24\">\n<h3><strong>Suggested Use<\/strong><\/h3>\n<div class=\"prodOverviewDetail\">\n<p>Dissolvez lentement une pastille dans la bouche et r\u00e9p\u00e9tez l\u2019application jusqu\u2019\u00e0 5\u00a0fois par jour, au besoin. Ne pas d\u00e9passer le dosage quotidien recommand\u00e9.<\/p>\n<\/div>\n<\/div>\n<\/div>\n<div class=\"row item-row\">\n<div class=\"col-xs-24\">\n<h3><strong>Other ingredients<\/strong><\/h3>\n<div class=\"prodOverviewIngred\">\n<p>Cane sugar, glucose syrup, water, natural flavors (lemon oil, ginger extract).<\/p>\n<\/div>\n<\/div>\n<\/div>\n<div class=\"row item-row\">\n<div class=\"col-xs-24\">\n<h3><strong>Warnings<\/strong><\/h3>\n<div class=\"prodOverviewDetail\">\n<p>Store in a cool, dry place below 25\u00b0C.<\/p>\n<p>Store out of reach of young children.<\/p>\n<p>Risque d\u2019\u00e9touffement\u00a0: Ne pas donner aux enfants de moins de 6\u00a0ans.<\/p>\n<\/div>\n<\/div>\n<\/div>","protected":false},"excerpt":{"rendered":"<ul>\n<li>Delicious soothing relief<\/li>\n<li>100 Natural % with Vitamin C<\/li>\n<li>MGO 400+\u00ae<\/li>\n<li>Food supplement<\/li>\n<li>Given by nature<\/li>\n<li>Proven by science<\/li>\n<li>Suitable for vegetarians<\/li>\n<li><\/li>\n<\/ul>","protected":false},"featured_media":25035,"template":"","meta":{"om_disable_all_campaigns":false},"product_brand":[234],"product_cat":[18,3366,2493,20,19],"product_tag":[510,235,784,509,236],"class_list":{"0":"post-509","1":"product","2":"type-product","3":"status-publish","4":"has-post-thumbnail","6":"product_brand-manuka-health-maroc-prix","7":"product_cat-beaute-sante","8":"product_cat-complements-alimentaires-au-maroc-vitablanca","9":"product_cat-miel-de-manuka","10":"product_cat-supplements","11":"product_cat-vitamines-supplements-dietetiques","12":"product_tag-gingembre-et-citron","13":"product_tag-manuka-health","14":"product_tag-manuka-health-maroc","15":"product_tag-miel-de-manuka-mgo-400","16":"product_tag-pastilles-au-miel-de-manuka","18":"first","19":"instock","20":"sale","21":"taxable","22":"shipping-taxable","23":"purchasable","24":"product-type-simple"},"yoast_head":"<!-- This site is optimized with the Yoast SEO plugin v27.5 - https:\/\/yoast.com\/product\/yoast-seo-wordpress\/ -->\n<title>Miel de Manuka health MGO 400 Gingembre &amp; Citron \u2013 Maroc Prix<\/title>\n<meta name=\"description\" content=\"Achetez Manuka Health Pastilles au Miel de Manuka MGO 400+ (gingembre &amp; citron) au Maroc. 58 pastilles apaisantes pour la gorge,Id\u00e9al pour toute la famille.\" \/>\n<meta name=\"robots\" content=\"index, follow, max-snippet:-1, max-image-preview:large, max-video-preview:-1\" \/>\n<link rel=\"canonical\" href=\"https:\/\/vitablanca.ma\/en\/product\/manuka-health-pastilles-miel-de-manuka-gingembre-citron-58-pastilles-maroc-prix\/\" \/>\n<meta property=\"og:locale\" content=\"en_US\" \/>\n<meta property=\"og:type\" content=\"article\" \/>\n<meta property=\"og:title\" content=\"Miel de Manuka health MGO 400 Gingembre &amp; Citron \u2013 Maroc Prix\" \/>\n<meta property=\"og:description\" content=\"Achetez Manuka Health Pastilles au Miel de Manuka MGO 400+ (gingembre &amp; citron) au Maroc. 58 pastilles apaisantes pour la gorge,Id\u00e9al pour toute la famille.\" \/>\n<meta property=\"og:url\" content=\"https:\/\/vitablanca.ma\/en\/product\/manuka-health-pastilles-miel-de-manuka-gingembre-citron-58-pastilles-maroc-prix\/\" \/>\n<meta property=\"og:site_name\" content=\"Vitablanca.ma &ndash; Sant&eacute;, vitalit&eacute; et bien-&ecirc;tre pour tous les Marocains\" \/>\n<meta property=\"article:publisher\" content=\"https:\/\/www.facebook.com\/profile.php?id=61576678196717\" \/>\n<meta property=\"article:modified_time\" content=\"2025-10-30T19:25:34+00:00\" \/>\n<meta property=\"og:image\" content=\"https:\/\/vitablanca.ma\/wp-content\/uploads\/2025\/04\/manuka-health-pastilles-au-miel-de-manuka-mgo-400-gingembre-et-citron-naturels-58-pastilles.jpg\" \/>\n\t<meta property=\"og:image:width\" content=\"680\" \/>\n\t<meta property=\"og:image:height\" content=\"680\" \/>\n\t<meta property=\"og:image:type\" content=\"image\/jpeg\" \/>\n<meta name=\"twitter:card\" content=\"summary_large_image\" \/>\n<meta name=\"twitter:label1\" content=\"Est. reading time\" \/>\n\t<meta name=\"twitter:data1\" content=\"2 minutes\" \/>\n<script type=\"application\/ld+json\" class=\"yoast-schema-graph\">{\"@context\":\"https:\\\/\\\/schema.org\",\"@graph\":[{\"@type\":[\"WebPage\",\"ItemPage\"],\"@id\":\"https:\\\/\\\/vitablanca.ma\\\/produit\\\/manuka-health-pastilles-miel-de-manuka-gingembre-citron-58-pastilles-maroc-prix\\\/\",\"url\":\"https:\\\/\\\/vitablanca.ma\\\/produit\\\/manuka-health-pastilles-miel-de-manuka-gingembre-citron-58-pastilles-maroc-prix\\\/\",\"name\":\"Miel de Manuka health MGO 400 Gingembre & Citron \u2013 Maroc Prix\",\"isPartOf\":{\"@id\":\"https:\\\/\\\/vitablanca.ma\\\/#website\"},\"primaryImageOfPage\":{\"@id\":\"https:\\\/\\\/vitablanca.ma\\\/produit\\\/manuka-health-pastilles-miel-de-manuka-gingembre-citron-58-pastilles-maroc-prix\\\/#primaryimage\"},\"image\":{\"@id\":\"https:\\\/\\\/vitablanca.ma\\\/produit\\\/manuka-health-pastilles-miel-de-manuka-gingembre-citron-58-pastilles-maroc-prix\\\/#primaryimage\"},\"thumbnailUrl\":\"https:\\\/\\\/vitablanca.ma\\\/wp-content\\\/uploads\\\/2025\\\/04\\\/manuka-health-pastilles-au-miel-de-manuka-mgo-400-gingembre-et-citron-naturels-58-pastilles.jpg\",\"datePublished\":\"2025-04-26T22:56:22+00:00\",\"dateModified\":\"2025-10-30T19:25:34+00:00\",\"description\":\"Achetez Manuka Health Pastilles au Miel de Manuka MGO 400+ (gingembre & citron) au Maroc. 58 pastilles apaisantes pour la gorge,Id\u00e9al pour toute la famille.\",\"breadcrumb\":{\"@id\":\"https:\\\/\\\/vitablanca.ma\\\/produit\\\/manuka-health-pastilles-miel-de-manuka-gingembre-citron-58-pastilles-maroc-prix\\\/#breadcrumb\"},\"inLanguage\":\"en-US\",\"potentialAction\":[{\"@type\":\"ReadAction\",\"target\":[\"https:\\\/\\\/vitablanca.ma\\\/produit\\\/manuka-health-pastilles-miel-de-manuka-gingembre-citron-58-pastilles-maroc-prix\\\/\"]}]},{\"@type\":\"ImageObject\",\"inLanguage\":\"en-US\",\"@id\":\"https:\\\/\\\/vitablanca.ma\\\/produit\\\/manuka-health-pastilles-miel-de-manuka-gingembre-citron-58-pastilles-maroc-prix\\\/#primaryimage\",\"url\":\"https:\\\/\\\/vitablanca.ma\\\/wp-content\\\/uploads\\\/2025\\\/04\\\/manuka-health-pastilles-au-miel-de-manuka-mgo-400-gingembre-et-citron-naturels-58-pastilles.jpg\",\"contentUrl\":\"https:\\\/\\\/vitablanca.ma\\\/wp-content\\\/uploads\\\/2025\\\/04\\\/manuka-health-pastilles-au-miel-de-manuka-mgo-400-gingembre-et-citron-naturels-58-pastilles.jpg\",\"width\":680,\"height\":680,\"caption\":\"Manuka Health Pastilles Miel de Manuka Gingembre Citron 58 pastilles\"},{\"@type\":\"BreadcrumbList\",\"@id\":\"https:\\\/\\\/vitablanca.ma\\\/produit\\\/manuka-health-pastilles-miel-de-manuka-gingembre-citron-58-pastilles-maroc-prix\\\/#breadcrumb\",\"itemListElement\":[{\"@type\":\"ListItem\",\"position\":1,\"name\":\"Home\",\"item\":\"https:\\\/\\\/vitablanca.ma\\\/\"},{\"@type\":\"ListItem\",\"position\":2,\"name\":\"Tous Les Produits\",\"item\":\"https:\\\/\\\/vitablanca.ma\\\/tous-les-produits\\\/\"},{\"@type\":\"ListItem\",\"position\":3,\"name\":\"Manuka Health, Pastilles au miel de manuka + vitamine\u00a0C, Gingembre et citron naturels, MGO 400+, 58 pastilles\"}]},{\"@type\":\"WebSite\",\"@id\":\"https:\\\/\\\/vitablanca.ma\\\/#website\",\"url\":\"https:\\\/\\\/vitablanca.ma\\\/\",\"name\":\"VitaBlanca.ma | Compl\u00e9ments alimentaires, sant\u00e9 & beaut\u00e9 au Maroc\",\"description\":\"vendre vitamines et compl\u00e9ments premium des USA &amp; Canada, Nouvelle Z\u00e9lande,Maroc (NOW Foods, Solgar, Manuka). Livraison rapide partout au Maroc.\",\"publisher\":{\"@id\":\"https:\\\/\\\/vitablanca.ma\\\/#organization\"},\"alternateName\":\"VitaBlanca.ma\",\"potentialAction\":[{\"@type\":\"SearchAction\",\"target\":{\"@type\":\"EntryPoint\",\"urlTemplate\":\"https:\\\/\\\/vitablanca.ma\\\/?s={search_term_string}\"},\"query-input\":{\"@type\":\"PropertyValueSpecification\",\"valueRequired\":true,\"valueName\":\"search_term_string\"}}],\"inLanguage\":\"en-US\"},{\"@type\":\"Organization\",\"@id\":\"https:\\\/\\\/vitablanca.ma\\\/#organization\",\"name\":\"VitaBlanca\",\"url\":\"https:\\\/\\\/vitablanca.ma\\\/\",\"logo\":{\"@type\":\"ImageObject\",\"inLanguage\":\"en-US\",\"@id\":\"https:\\\/\\\/vitablanca.ma\\\/#\\\/schema\\\/logo\\\/image\\\/\",\"url\":\"https:\\\/\\\/vitablanca.ma\\\/wp-content\\\/uploads\\\/2025\\\/05\\\/cropped-vitablanca.png\",\"contentUrl\":\"https:\\\/\\\/vitablanca.ma\\\/wp-content\\\/uploads\\\/2025\\\/05\\\/cropped-vitablanca.png\",\"width\":360,\"height\":67,\"caption\":\"VitaBlanca\"},\"image\":{\"@id\":\"https:\\\/\\\/vitablanca.ma\\\/#\\\/schema\\\/logo\\\/image\\\/\"},\"sameAs\":[\"https:\\\/\\\/www.facebook.com\\\/profile.php?id=61576678196717\",\"https:\\\/\\\/www.tiktok.com\\\/@vitablanca.ma\",\"https:\\\/\\\/www.instagram.com\\\/vitablanca.ma\\\/\"]}]}<\/script>\n<!-- \/ Yoast SEO plugin. -->","yoast_head_json":{"title":"Manuka Health Honey MGO 400 Ginger &amp; Lemon \u2013 Morocco Price","description":"Buy Manuka Health Manuka Honey Lozenges MGO 400+ (ginger &amp; lemon) from Morocco. 58 soothing throat lozenges, ideal for the whole family.","robots":{"index":"index","follow":"follow","max-snippet":"max-snippet:-1","max-image-preview":"max-image-preview:large","max-video-preview":"max-video-preview:-1"},"canonical":"https:\/\/vitablanca.ma\/en\/product\/manuka-health-pastilles-miel-de-manuka-gingembre-citron-58-pastilles-maroc-prix\/","og_locale":"en_US","og_type":"article","og_title":"Miel de Manuka health MGO 400 Gingembre & Citron \u2013 Maroc Prix","og_description":"Achetez Manuka Health Pastilles au Miel de Manuka MGO 400+ (gingembre & citron) au Maroc. 58 pastilles apaisantes pour la gorge,Id\u00e9al pour toute la famille.","og_url":"https:\/\/vitablanca.ma\/en\/product\/manuka-health-pastilles-miel-de-manuka-gingembre-citron-58-pastilles-maroc-prix\/","og_site_name":"Vitablanca.ma &ndash; Sant&eacute;, vitalit&eacute; et bien-&ecirc;tre pour tous les Marocains","article_publisher":"https:\/\/www.facebook.com\/profile.php?id=61576678196717","article_modified_time":"2025-10-30T19:25:34+00:00","og_image":[{"width":680,"height":680,"url":"https:\/\/vitablanca.ma\/wp-content\/uploads\/2025\/04\/manuka-health-pastilles-au-miel-de-manuka-mgo-400-gingembre-et-citron-naturels-58-pastilles.jpg","type":"image\/jpeg"}],"twitter_card":"summary_large_image","twitter_misc":{"Est. reading time":"2 minutes"},"schema":{"@context":"https:\/\/schema.org","@graph":[{"@type":["WebPage","ItemPage"],"@id":"https:\/\/vitablanca.ma\/produit\/manuka-health-pastilles-miel-de-manuka-gingembre-citron-58-pastilles-maroc-prix\/","url":"https:\/\/vitablanca.ma\/produit\/manuka-health-pastilles-miel-de-manuka-gingembre-citron-58-pastilles-maroc-prix\/","name":"Manuka Health Honey MGO 400 Ginger &amp; Lemon \u2013 Morocco Price","isPartOf":{"@id":"https:\/\/vitablanca.ma\/#website"},"primaryImageOfPage":{"@id":"https:\/\/vitablanca.ma\/produit\/manuka-health-pastilles-miel-de-manuka-gingembre-citron-58-pastilles-maroc-prix\/#primaryimage"},"image":{"@id":"https:\/\/vitablanca.ma\/produit\/manuka-health-pastilles-miel-de-manuka-gingembre-citron-58-pastilles-maroc-prix\/#primaryimage"},"thumbnailUrl":"https:\/\/vitablanca.ma\/wp-content\/uploads\/2025\/04\/manuka-health-pastilles-au-miel-de-manuka-mgo-400-gingembre-et-citron-naturels-58-pastilles.jpg","datePublished":"2025-04-26T22:56:22+00:00","dateModified":"2025-10-30T19:25:34+00:00","description":"Buy Manuka Health Manuka Honey Lozenges MGO 400+ (ginger &amp; lemon) from Morocco. 58 soothing throat lozenges, ideal for the whole family.","breadcrumb":{"@id":"https:\/\/vitablanca.ma\/produit\/manuka-health-pastilles-miel-de-manuka-gingembre-citron-58-pastilles-maroc-prix\/#breadcrumb"},"inLanguage":"en-US","potentialAction":[{"@type":"ReadAction","target":["https:\/\/vitablanca.ma\/produit\/manuka-health-pastilles-miel-de-manuka-gingembre-citron-58-pastilles-maroc-prix\/"]}]},{"@type":"ImageObject","inLanguage":"en-US","@id":"https:\/\/vitablanca.ma\/produit\/manuka-health-pastilles-miel-de-manuka-gingembre-citron-58-pastilles-maroc-prix\/#primaryimage","url":"https:\/\/vitablanca.ma\/wp-content\/uploads\/2025\/04\/manuka-health-pastilles-au-miel-de-manuka-mgo-400-gingembre-et-citron-naturels-58-pastilles.jpg","contentUrl":"https:\/\/vitablanca.ma\/wp-content\/uploads\/2025\/04\/manuka-health-pastilles-au-miel-de-manuka-mgo-400-gingembre-et-citron-naturels-58-pastilles.jpg","width":680,"height":680,"caption":"Manuka Health Pastilles Miel de Manuka Gingembre Citron 58 pastilles"},{"@type":"BreadcrumbList","@id":"https:\/\/vitablanca.ma\/produit\/manuka-health-pastilles-miel-de-manuka-gingembre-citron-58-pastilles-maroc-prix\/#breadcrumb","itemListElement":[{"@type":"ListItem","position":1,"name":"Home","item":"https:\/\/vitablanca.ma\/"},{"@type":"ListItem","position":2,"name":"Tous Les Produits","item":"https:\/\/vitablanca.ma\/tous-les-produits\/"},{"@type":"ListItem","position":3,"name":"Manuka Health, Pastilles au miel de manuka + vitamine\u00a0C, Gingembre et citron naturels, MGO 400+, 58 pastilles"}]},{"@type":"WebSite","@id":"https:\/\/vitablanca.ma\/#website","url":"https:\/\/vitablanca.ma\/","name":"VitaBlanca.ma | Food supplements, health &amp; beauty in Morocco","description":"sell premium vitamins and supplements from USA &amp; Canada, New Zealand, Morocco (NOW Foods, Solgar, Manuka). Fast delivery anywhere in Morocco.","publisher":{"@id":"https:\/\/vitablanca.ma\/#organization"},"alternateName":"VitaBlanca.ma","potentialAction":[{"@type":"SearchAction","target":{"@type":"EntryPoint","urlTemplate":"https:\/\/vitablanca.ma\/?s={search_term_string}"},"query-input":{"@type":"PropertyValueSpecification","valueRequired":true,"valueName":"search_term_string"}}],"inLanguage":"en-US"},{"@type":"Organization","@id":"https:\/\/vitablanca.ma\/#organization","name":"VitaBlanca","url":"https:\/\/vitablanca.ma\/","logo":{"@type":"ImageObject","inLanguage":"en-US","@id":"https:\/\/vitablanca.ma\/#\/schema\/logo\/image\/","url":"https:\/\/vitablanca.ma\/wp-content\/uploads\/2025\/05\/cropped-vitablanca.png","contentUrl":"https:\/\/vitablanca.ma\/wp-content\/uploads\/2025\/05\/cropped-vitablanca.png","width":360,"height":67,"caption":"VitaBlanca"},"image":{"@id":"https:\/\/vitablanca.ma\/#\/schema\/logo\/image\/"},"sameAs":["https:\/\/www.facebook.com\/profile.php?id=61576678196717","https:\/\/www.tiktok.com\/@vitablanca.ma","https:\/\/www.instagram.com\/vitablanca.ma\/"]}]}},"jetpack_sharing_enabled":true,"_links":{"self":[{"href":"https:\/\/vitablanca.ma\/en\/wp-json\/wp\/v2\/product\/509","targetHints":{"allow":["GET"]}}],"collection":[{"href":"https:\/\/vitablanca.ma\/en\/wp-json\/wp\/v2\/product"}],"about":[{"href":"https:\/\/vitablanca.ma\/en\/wp-json\/wp\/v2\/types\/product"}],"wp:featuredmedia":[{"embeddable":true,"href":"https:\/\/vitablanca.ma\/en\/wp-json\/wp\/v2\/media\/25035"}],"wp:attachment":[{"href":"https:\/\/vitablanca.ma\/en\/wp-json\/wp\/v2\/media?parent=509"}],"wp:term":[{"taxonomy":"product_brand","embeddable":true,"href":"https:\/\/vitablanca.ma\/en\/wp-json\/wp\/v2\/product_brand?post=509"},{"taxonomy":"product_cat","embeddable":true,"href":"https:\/\/vitablanca.ma\/en\/wp-json\/wp\/v2\/product_cat?post=509"},{"taxonomy":"product_tag","embeddable":true,"href":"https:\/\/vitablanca.ma\/en\/wp-json\/wp\/v2\/product_tag?post=509"}],"curies":[{"name":"wp","href":"https:\/\/api.w.org\/{rel}","templated":true}]}}