{"id":500,"date":"2025-04-26T15:20:59","date_gmt":"2025-04-26T15:20:59","guid":{"rendered":"https:\/\/vitablanca.ma\/?post_type=product&#038;p=500"},"modified":"2025-11-29T13:04:16","modified_gmt":"2025-11-29T13:04:16","slug":"now-foods-real-food-erythritol-454-g","status":"publish","type":"product","link":"https:\/\/vitablanca.ma\/en\/product\/now-foods-real-food-erythritol-454-g\/","title":{"rendered":"Now Foods Real Food, Erythritol, 454 g"},"content":{"rendered":"<p>La vie est plus douce lorsque vous remplacez le sucre par l\u2019\u00e9rythritol NOW Real Food\u00ae dans vos aliments et boissons pr\u00e9f\u00e9r\u00e9s. Connu sous le nom de polyol, l\u2019\u00e9rythritol est un \u00e9dulcorant adapt\u00e9 aux diab\u00e9tiques et au r\u00e9gime c\u00e9tog\u00e8ne, et dont le pouvoir sucrant \u00e9quivaut \u00e0 environ 70 % de celui du sucre raffin\u00e9. Il contient 95 % moins de calories que le sucre, pr\u00e9sente un faible impact glyc\u00e9mique et n\u2019entra\u00eene pas l\u2019apparition de caries. Vous obtenez toute la douceur du sucre sans aucun effet n\u00e9faste ! Sans OGM, l\u2019\u00e9rythritol NOW Real Food\u00ae offre un go\u00fbt franc et sucr\u00e9 qui se substitue parfaitement sucre dans presque toutes les applications.<\/p>","protected":false},"excerpt":{"rendered":"<ul>\n<li>Suitable for the ketogenic diet<\/li>\n<li>Zero calories<\/li>\n<li>No oligosaccharides or other added ingredients<\/li>\n<li>Low glycemic impact<\/li>\n<li>Verified by NON GMO Project<\/li>\n<li>The sweetness of sugar without the calories<\/li>\n<li>Always true<\/li>\n<li>No artificial ingredients<\/li>\n<li>Vegetarian\/vegan product<\/li>\n<\/ul>","protected":false},"featured_media":501,"template":"","meta":{"om_disable_all_campaigns":false},"product_brand":[83],"product_cat":[18,3366,304,19],"product_tag":[500,502,129,126,93,91,388,726,499,242,220,387,501],"class_list":{"0":"post-500","1":"product","2":"type-product","3":"status-publish","4":"has-post-thumbnail","6":"product_brand-now-foods-maroc-prix","7":"product_cat-beaute-sante","8":"product_cat-complements-alimentaires-au-maroc-vitablanca","9":"product_cat-supplements-vitaminiques-mineraux-multiples","10":"product_cat-vitamines-supplements-dietetiques","11":"product_tag-erythritol","12":"product_tag-glycemique-bas","13":"product_tag-now-foods-casa","14":"product_tag-now-foods-iherb","15":"product_tag-now-foods-jumia","16":"product_tag-now-foods-maroc","17":"product_tag-now-foods-maroc-avis","18":"product_tag-now-foods-maroc-prix","19":"product_tag-now-foods-real-food","20":"product_tag-sans-gluten","21":"product_tag-sans-ogm","22":"product_tag-vegetarien","23":"product_tag-zero-calorie","25":"first","26":"instock","27":"sale","28":"taxable","29":"shipping-taxable","30":"purchasable","31":"product-type-simple"},"yoast_head":"<!-- This site is optimized with the Yoast SEO plugin v27.5 - https:\/\/yoast.com\/product\/yoast-seo-wordpress\/ -->\n<title>Now Foods Real Food, Erythritol, 454 g Vrai Aliment - Maroc Prix<\/title>\n<meta name=\"description\" content=\"Achetez Now Foods Erythritol 454g au Maroc. Cet \u00e9dulcorant naturel sans calories est parfait pour une alimentation saine, les r\u00e9gimes c\u00e9to et la cuisine sans culpabilit\u00e9.\" \/>\n<meta name=\"robots\" content=\"index, follow, max-snippet:-1, max-image-preview:large, max-video-preview:-1\" \/>\n<link rel=\"canonical\" href=\"https:\/\/vitablanca.ma\/en\/product\/now-foods-real-food-erythritol-454-g\/\" \/>\n<meta property=\"og:locale\" content=\"en_US\" \/>\n<meta property=\"og:type\" content=\"article\" \/>\n<meta property=\"og:title\" content=\"Now Foods Real Food, Erythritol, 454 g Vrai Aliment - Maroc Prix\" \/>\n<meta property=\"og:description\" content=\"Achetez Now Foods Erythritol 454g au Maroc. Cet \u00e9dulcorant naturel sans calories est parfait pour une alimentation saine, les r\u00e9gimes c\u00e9to et la cuisine sans culpabilit\u00e9.\" \/>\n<meta property=\"og:url\" content=\"https:\/\/vitablanca.ma\/en\/product\/now-foods-real-food-erythritol-454-g\/\" \/>\n<meta property=\"og:site_name\" content=\"Vitablanca.ma &ndash; Sant&eacute;, vitalit&eacute; et bien-&ecirc;tre pour tous les Marocains\" \/>\n<meta property=\"article:publisher\" content=\"https:\/\/www.facebook.com\/profile.php?id=61576678196717\" \/>\n<meta property=\"article:modified_time\" content=\"2025-11-29T13:04:16+00:00\" \/>\n<meta property=\"og:image\" content=\"https:\/\/vitablanca.ma\/wp-content\/uploads\/2025\/04\/real-food-erythritol-454-g-now-foods-iherb.jpg\" \/>\n\t<meta property=\"og:image:width\" content=\"680\" \/>\n\t<meta property=\"og:image:height\" content=\"680\" \/>\n\t<meta property=\"og:image:type\" content=\"image\/jpeg\" \/>\n<meta name=\"twitter:card\" content=\"summary_large_image\" \/>\n<meta name=\"twitter:label1\" content=\"Est. reading time\" \/>\n\t<meta name=\"twitter:data1\" content=\"1 minute\" \/>\n<script type=\"application\/ld+json\" class=\"yoast-schema-graph\">{\"@context\":\"https:\\\/\\\/schema.org\",\"@graph\":[{\"@type\":[\"WebPage\",\"ItemPage\"],\"@id\":\"https:\\\/\\\/vitablanca.ma\\\/produit\\\/now-foods-real-food-erythritol-454-g\\\/\",\"url\":\"https:\\\/\\\/vitablanca.ma\\\/produit\\\/now-foods-real-food-erythritol-454-g\\\/\",\"name\":\"Now Foods Real Food, Erythritol, 454 g Vrai Aliment - Maroc Prix\",\"isPartOf\":{\"@id\":\"https:\\\/\\\/vitablanca.ma\\\/#website\"},\"primaryImageOfPage\":{\"@id\":\"https:\\\/\\\/vitablanca.ma\\\/produit\\\/now-foods-real-food-erythritol-454-g\\\/#primaryimage\"},\"image\":{\"@id\":\"https:\\\/\\\/vitablanca.ma\\\/produit\\\/now-foods-real-food-erythritol-454-g\\\/#primaryimage\"},\"thumbnailUrl\":\"https:\\\/\\\/vitablanca.ma\\\/wp-content\\\/uploads\\\/2025\\\/04\\\/real-food-erythritol-454-g-now-foods-iherb.jpg\",\"datePublished\":\"2025-04-26T15:20:59+00:00\",\"dateModified\":\"2025-11-29T13:04:16+00:00\",\"description\":\"Achetez Now Foods Erythritol 454g au Maroc. Cet \u00e9dulcorant naturel sans calories est parfait pour une alimentation saine, les r\u00e9gimes c\u00e9to et la cuisine sans culpabilit\u00e9.\",\"breadcrumb\":{\"@id\":\"https:\\\/\\\/vitablanca.ma\\\/produit\\\/now-foods-real-food-erythritol-454-g\\\/#breadcrumb\"},\"inLanguage\":\"en-US\",\"potentialAction\":[{\"@type\":\"ReadAction\",\"target\":[\"https:\\\/\\\/vitablanca.ma\\\/produit\\\/now-foods-real-food-erythritol-454-g\\\/\"]}]},{\"@type\":\"ImageObject\",\"inLanguage\":\"en-US\",\"@id\":\"https:\\\/\\\/vitablanca.ma\\\/produit\\\/now-foods-real-food-erythritol-454-g\\\/#primaryimage\",\"url\":\"https:\\\/\\\/vitablanca.ma\\\/wp-content\\\/uploads\\\/2025\\\/04\\\/real-food-erythritol-454-g-now-foods-iherb.jpg\",\"contentUrl\":\"https:\\\/\\\/vitablanca.ma\\\/wp-content\\\/uploads\\\/2025\\\/04\\\/real-food-erythritol-454-g-now-foods-iherb.jpg\",\"width\":680,\"height\":680},{\"@type\":\"BreadcrumbList\",\"@id\":\"https:\\\/\\\/vitablanca.ma\\\/produit\\\/now-foods-real-food-erythritol-454-g\\\/#breadcrumb\",\"itemListElement\":[{\"@type\":\"ListItem\",\"position\":1,\"name\":\"Home\",\"item\":\"https:\\\/\\\/vitablanca.ma\\\/\"},{\"@type\":\"ListItem\",\"position\":2,\"name\":\"Tous Les Produits\",\"item\":\"https:\\\/\\\/vitablanca.ma\\\/tous-les-produits\\\/\"},{\"@type\":\"ListItem\",\"position\":3,\"name\":\"Now Foods Real Food, Erythritol, 454 g\"}]},{\"@type\":\"WebSite\",\"@id\":\"https:\\\/\\\/vitablanca.ma\\\/#website\",\"url\":\"https:\\\/\\\/vitablanca.ma\\\/\",\"name\":\"VitaBlanca.ma | Compl\u00e9ments alimentaires, sant\u00e9 & beaut\u00e9 au Maroc\",\"description\":\"vendre vitamines et compl\u00e9ments premium des USA &amp; Canada, Nouvelle Z\u00e9lande,Maroc (NOW Foods, Solgar, Manuka). Livraison rapide partout au Maroc.\",\"publisher\":{\"@id\":\"https:\\\/\\\/vitablanca.ma\\\/#organization\"},\"alternateName\":\"VitaBlanca.ma\",\"potentialAction\":[{\"@type\":\"SearchAction\",\"target\":{\"@type\":\"EntryPoint\",\"urlTemplate\":\"https:\\\/\\\/vitablanca.ma\\\/?s={search_term_string}\"},\"query-input\":{\"@type\":\"PropertyValueSpecification\",\"valueRequired\":true,\"valueName\":\"search_term_string\"}}],\"inLanguage\":\"en-US\"},{\"@type\":\"Organization\",\"@id\":\"https:\\\/\\\/vitablanca.ma\\\/#organization\",\"name\":\"VitaBlanca\",\"url\":\"https:\\\/\\\/vitablanca.ma\\\/\",\"logo\":{\"@type\":\"ImageObject\",\"inLanguage\":\"en-US\",\"@id\":\"https:\\\/\\\/vitablanca.ma\\\/#\\\/schema\\\/logo\\\/image\\\/\",\"url\":\"https:\\\/\\\/vitablanca.ma\\\/wp-content\\\/uploads\\\/2025\\\/05\\\/cropped-vitablanca.png\",\"contentUrl\":\"https:\\\/\\\/vitablanca.ma\\\/wp-content\\\/uploads\\\/2025\\\/05\\\/cropped-vitablanca.png\",\"width\":360,\"height\":67,\"caption\":\"VitaBlanca\"},\"image\":{\"@id\":\"https:\\\/\\\/vitablanca.ma\\\/#\\\/schema\\\/logo\\\/image\\\/\"},\"sameAs\":[\"https:\\\/\\\/www.facebook.com\\\/profile.php?id=61576678196717\",\"https:\\\/\\\/www.tiktok.com\\\/@vitablanca.ma\",\"https:\\\/\\\/www.instagram.com\\\/vitablanca.ma\\\/\"]}]}<\/script>\n<!-- \/ Yoast SEO plugin. -->","yoast_head_json":{"title":"Now Foods Real Food, Erythritol, 454 g Real Food - Morocco Price","description":"Buy Now Foods Erythritol 454g in Morocco. This natural, zero-calorie sweetener is perfect for healthy eating, keto diets, and guilt-free cooking.","robots":{"index":"index","follow":"follow","max-snippet":"max-snippet:-1","max-image-preview":"max-image-preview:large","max-video-preview":"max-video-preview:-1"},"canonical":"https:\/\/vitablanca.ma\/en\/product\/now-foods-real-food-erythritol-454-g\/","og_locale":"en_US","og_type":"article","og_title":"Now Foods Real Food, Erythritol, 454 g Vrai Aliment - Maroc Prix","og_description":"Achetez Now Foods Erythritol 454g au Maroc. Cet \u00e9dulcorant naturel sans calories est parfait pour une alimentation saine, les r\u00e9gimes c\u00e9to et la cuisine sans culpabilit\u00e9.","og_url":"https:\/\/vitablanca.ma\/en\/product\/now-foods-real-food-erythritol-454-g\/","og_site_name":"Vitablanca.ma &ndash; Sant&eacute;, vitalit&eacute; et bien-&ecirc;tre pour tous les Marocains","article_publisher":"https:\/\/www.facebook.com\/profile.php?id=61576678196717","article_modified_time":"2025-11-29T13:04:16+00:00","og_image":[{"width":680,"height":680,"url":"https:\/\/vitablanca.ma\/wp-content\/uploads\/2025\/04\/real-food-erythritol-454-g-now-foods-iherb.jpg","type":"image\/jpeg"}],"twitter_card":"summary_large_image","twitter_misc":{"Est. reading time":"1 minute"},"schema":{"@context":"https:\/\/schema.org","@graph":[{"@type":["WebPage","ItemPage"],"@id":"https:\/\/vitablanca.ma\/produit\/now-foods-real-food-erythritol-454-g\/","url":"https:\/\/vitablanca.ma\/produit\/now-foods-real-food-erythritol-454-g\/","name":"Now Foods Real Food, Erythritol, 454 g Real Food - Morocco Price","isPartOf":{"@id":"https:\/\/vitablanca.ma\/#website"},"primaryImageOfPage":{"@id":"https:\/\/vitablanca.ma\/produit\/now-foods-real-food-erythritol-454-g\/#primaryimage"},"image":{"@id":"https:\/\/vitablanca.ma\/produit\/now-foods-real-food-erythritol-454-g\/#primaryimage"},"thumbnailUrl":"https:\/\/vitablanca.ma\/wp-content\/uploads\/2025\/04\/real-food-erythritol-454-g-now-foods-iherb.jpg","datePublished":"2025-04-26T15:20:59+00:00","dateModified":"2025-11-29T13:04:16+00:00","description":"Buy Now Foods Erythritol 454g in Morocco. This natural, zero-calorie sweetener is perfect for healthy eating, keto diets, and guilt-free cooking.","breadcrumb":{"@id":"https:\/\/vitablanca.ma\/produit\/now-foods-real-food-erythritol-454-g\/#breadcrumb"},"inLanguage":"en-US","potentialAction":[{"@type":"ReadAction","target":["https:\/\/vitablanca.ma\/produit\/now-foods-real-food-erythritol-454-g\/"]}]},{"@type":"ImageObject","inLanguage":"en-US","@id":"https:\/\/vitablanca.ma\/produit\/now-foods-real-food-erythritol-454-g\/#primaryimage","url":"https:\/\/vitablanca.ma\/wp-content\/uploads\/2025\/04\/real-food-erythritol-454-g-now-foods-iherb.jpg","contentUrl":"https:\/\/vitablanca.ma\/wp-content\/uploads\/2025\/04\/real-food-erythritol-454-g-now-foods-iherb.jpg","width":680,"height":680},{"@type":"BreadcrumbList","@id":"https:\/\/vitablanca.ma\/produit\/now-foods-real-food-erythritol-454-g\/#breadcrumb","itemListElement":[{"@type":"ListItem","position":1,"name":"Home","item":"https:\/\/vitablanca.ma\/"},{"@type":"ListItem","position":2,"name":"Tous Les Produits","item":"https:\/\/vitablanca.ma\/tous-les-produits\/"},{"@type":"ListItem","position":3,"name":"Now Foods Real Food, Erythritol, 454 g"}]},{"@type":"WebSite","@id":"https:\/\/vitablanca.ma\/#website","url":"https:\/\/vitablanca.ma\/","name":"VitaBlanca.ma | Food supplements, health &amp; beauty in Morocco","description":"sell premium vitamins and supplements from USA &amp; Canada, New Zealand, Morocco (NOW Foods, Solgar, Manuka). Fast delivery anywhere in Morocco.","publisher":{"@id":"https:\/\/vitablanca.ma\/#organization"},"alternateName":"VitaBlanca.ma","potentialAction":[{"@type":"SearchAction","target":{"@type":"EntryPoint","urlTemplate":"https:\/\/vitablanca.ma\/?s={search_term_string}"},"query-input":{"@type":"PropertyValueSpecification","valueRequired":true,"valueName":"search_term_string"}}],"inLanguage":"en-US"},{"@type":"Organization","@id":"https:\/\/vitablanca.ma\/#organization","name":"VitaBlanca","url":"https:\/\/vitablanca.ma\/","logo":{"@type":"ImageObject","inLanguage":"en-US","@id":"https:\/\/vitablanca.ma\/#\/schema\/logo\/image\/","url":"https:\/\/vitablanca.ma\/wp-content\/uploads\/2025\/05\/cropped-vitablanca.png","contentUrl":"https:\/\/vitablanca.ma\/wp-content\/uploads\/2025\/05\/cropped-vitablanca.png","width":360,"height":67,"caption":"VitaBlanca"},"image":{"@id":"https:\/\/vitablanca.ma\/#\/schema\/logo\/image\/"},"sameAs":["https:\/\/www.facebook.com\/profile.php?id=61576678196717","https:\/\/www.tiktok.com\/@vitablanca.ma","https:\/\/www.instagram.com\/vitablanca.ma\/"]}]}},"jetpack_sharing_enabled":true,"_links":{"self":[{"href":"https:\/\/vitablanca.ma\/en\/wp-json\/wp\/v2\/product\/500","targetHints":{"allow":["GET"]}}],"collection":[{"href":"https:\/\/vitablanca.ma\/en\/wp-json\/wp\/v2\/product"}],"about":[{"href":"https:\/\/vitablanca.ma\/en\/wp-json\/wp\/v2\/types\/product"}],"wp:featuredmedia":[{"embeddable":true,"href":"https:\/\/vitablanca.ma\/en\/wp-json\/wp\/v2\/media\/501"}],"wp:attachment":[{"href":"https:\/\/vitablanca.ma\/en\/wp-json\/wp\/v2\/media?parent=500"}],"wp:term":[{"taxonomy":"product_brand","embeddable":true,"href":"https:\/\/vitablanca.ma\/en\/wp-json\/wp\/v2\/product_brand?post=500"},{"taxonomy":"product_cat","embeddable":true,"href":"https:\/\/vitablanca.ma\/en\/wp-json\/wp\/v2\/product_cat?post=500"},{"taxonomy":"product_tag","embeddable":true,"href":"https:\/\/vitablanca.ma\/en\/wp-json\/wp\/v2\/product_tag?post=500"}],"curies":[{"name":"wp","href":"https:\/\/api.w.org\/{rel}","templated":true}]}}