{"id":497,"date":"2025-04-26T03:09:36","date_gmt":"2025-04-26T03:09:36","guid":{"rendered":"https:\/\/vitablanca.ma\/?post_type=product&#038;p=497"},"modified":"2025-08-30T21:28:36","modified_gmt":"2025-08-30T21:28:36","slug":"now-foods-inuline-certifiee-biologique-poudre-probiotique-pure-227-g","status":"publish","type":"product","link":"https:\/\/vitablanca.ma\/en\/product\/now-foods-inuline-certifiee-biologique-poudre-probiotique-pure-227-g\/","title":{"rendered":"Now Foods Certified Organic Inulin, Pure Probiotic Powder, 227 g"},"content":{"rendered":"<p>L\u2019inuline, un fructo-oligosaccharide (FOS), est une fibre pr\u00e9biotique soluble qui r\u00e9siste \u00e0 la digestion et atteint le gros intestin en restant quasiment intacte. Les bact\u00e9ries probiotiques intestinales consomment de l\u2019inuline et produisent \u00e0 leur tour les acides gras \u00e0 cha\u00eene courte qui nourrissent les cellules qui tapissent le c\u00f4lon. L\u2019inuline aide ainsi \u00e0 maintenir la sant\u00e9 et la fonction intestinales. L\u2019inuline a une saveur agr\u00e9able qui ajoute une saveur sucr\u00e9e aux aliments et aux boissons, mais qui a un indice glyc\u00e9mique tr\u00e8s bas et n\u2019aura pas d\u2019impact n\u00e9gatif sur la glyc\u00e9mie.<\/p>\n<p>Suggested Use<\/p>\n<p>Take 1 teaspoon 1 to 3 times daily. Mix with your favorite drink or food. Start with 1 teaspoon daily and slowly increase the dosage.<\/p>","protected":false},"excerpt":{"rendered":"<ul>\n<li>Prebiotic Gut Support<\/li>\n<li>Feeds good bacteria<\/li>\n<li>Very low glycemic index<\/li>\n<li>USDA Organic<\/li>\n<li>Food supplement<\/li>\n<li>Vegetarian \u2013 Vegan<\/li>\n<li>Non-GMO Project Verified<\/li>\n<li>Digestion<\/li>\n<li>GMP quality assured<\/li>\n<\/ul>","protected":false},"featured_media":498,"template":"","meta":{"om_disable_all_campaigns":false},"product_brand":[83],"product_cat":[18,3366,304,19],"product_tag":[181,88,129,496,93,91,388,726,497,498,387],"class_list":{"0":"post-497","1":"product","2":"type-product","3":"status-publish","4":"has-post-thumbnail","6":"product_brand-now-foods-maroc-prix","7":"product_cat-beaute-sante","8":"product_cat-complements-alimentaires-au-maroc-vitablanca","9":"product_cat-supplements-vitaminiques-mineraux-multiples","10":"product_cat-vitamines-supplements-dietetiques","11":"product_tag-complement-alimentaire","12":"product_tag-now-foods","13":"product_tag-now-foods-casa","14":"product_tag-now-foods-inuline-certifiee-biologique","15":"product_tag-now-foods-jumia","16":"product_tag-now-foods-maroc","17":"product_tag-now-foods-maroc-avis","18":"product_tag-now-foods-maroc-prix","19":"product_tag-poudre-probiotique-pure","20":"product_tag-soutien-prebiotique","21":"product_tag-vegetarien","23":"first","24":"instock","25":"sale","26":"taxable","27":"shipping-taxable","28":"purchasable","29":"product-type-simple"},"yoast_head":"<!-- This site is optimized with the Yoast SEO plugin v27.5 - https:\/\/yoast.com\/product\/yoast-seo-wordpress\/ -->\n<title>Now Foods Inuline certifi\u00e9e ,Poudre probiotique pure, 227 g - Maroc<\/title>\n<meta name=\"description\" content=\"Achetez Now Foods Inuline certifi\u00e9e biologique 227g au Maroc. Cette poudre probiotique pure est id\u00e9ale pour soutenir la sant\u00e9 digestive.\" \/>\n<meta name=\"robots\" content=\"index, follow, max-snippet:-1, max-image-preview:large, max-video-preview:-1\" \/>\n<link rel=\"canonical\" href=\"https:\/\/vitablanca.ma\/en\/product\/now-foods-inuline-certifiee-biologique-poudre-probiotique-pure-227-g\/\" \/>\n<meta property=\"og:locale\" content=\"en_US\" \/>\n<meta property=\"og:type\" content=\"article\" \/>\n<meta property=\"og:title\" content=\"Now Foods Inuline certifi\u00e9e ,Poudre probiotique pure, 227 g - Maroc\" \/>\n<meta property=\"og:description\" content=\"Achetez Now Foods Inuline certifi\u00e9e biologique 227g au Maroc. Cette poudre probiotique pure est id\u00e9ale pour soutenir la sant\u00e9 digestive.\" \/>\n<meta property=\"og:url\" content=\"https:\/\/vitablanca.ma\/en\/product\/now-foods-inuline-certifiee-biologique-poudre-probiotique-pure-227-g\/\" \/>\n<meta property=\"og:site_name\" content=\"Vitablanca.ma &ndash; Sant&eacute;, vitalit&eacute; et bien-&ecirc;tre pour tous les Marocains\" \/>\n<meta property=\"article:publisher\" content=\"https:\/\/www.facebook.com\/profile.php?id=61576678196717\" \/>\n<meta property=\"article:modified_time\" content=\"2025-08-30T21:28:36+00:00\" \/>\n<meta property=\"og:image\" content=\"https:\/\/vitablanca.ma\/wp-content\/uploads\/2025\/04\/now-foods-inuline-certifiee-biologique-poudre-.jpg\" \/>\n\t<meta property=\"og:image:width\" content=\"680\" \/>\n\t<meta property=\"og:image:height\" content=\"680\" \/>\n\t<meta property=\"og:image:type\" content=\"image\/jpeg\" \/>\n<meta name=\"twitter:card\" content=\"summary_large_image\" \/>\n<meta name=\"twitter:label1\" content=\"Est. reading time\" \/>\n\t<meta name=\"twitter:data1\" content=\"1 minute\" \/>\n<script type=\"application\/ld+json\" class=\"yoast-schema-graph\">{\"@context\":\"https:\\\/\\\/schema.org\",\"@graph\":[{\"@type\":[\"WebPage\",\"ItemPage\"],\"@id\":\"https:\\\/\\\/vitablanca.ma\\\/produit\\\/now-foods-inuline-certifiee-biologique-poudre-probiotique-pure-227-g\\\/\",\"url\":\"https:\\\/\\\/vitablanca.ma\\\/produit\\\/now-foods-inuline-certifiee-biologique-poudre-probiotique-pure-227-g\\\/\",\"name\":\"Now Foods Inuline certifi\u00e9e ,Poudre probiotique pure, 227 g - Maroc\",\"isPartOf\":{\"@id\":\"https:\\\/\\\/vitablanca.ma\\\/#website\"},\"primaryImageOfPage\":{\"@id\":\"https:\\\/\\\/vitablanca.ma\\\/produit\\\/now-foods-inuline-certifiee-biologique-poudre-probiotique-pure-227-g\\\/#primaryimage\"},\"image\":{\"@id\":\"https:\\\/\\\/vitablanca.ma\\\/produit\\\/now-foods-inuline-certifiee-biologique-poudre-probiotique-pure-227-g\\\/#primaryimage\"},\"thumbnailUrl\":\"https:\\\/\\\/vitablanca.ma\\\/wp-content\\\/uploads\\\/2025\\\/04\\\/now-foods-inuline-certifiee-biologique-poudre-.jpg\",\"datePublished\":\"2025-04-26T03:09:36+00:00\",\"dateModified\":\"2025-08-30T21:28:36+00:00\",\"description\":\"Achetez Now Foods Inuline certifi\u00e9e biologique 227g au Maroc. Cette poudre probiotique pure est id\u00e9ale pour soutenir la sant\u00e9 digestive.\",\"breadcrumb\":{\"@id\":\"https:\\\/\\\/vitablanca.ma\\\/produit\\\/now-foods-inuline-certifiee-biologique-poudre-probiotique-pure-227-g\\\/#breadcrumb\"},\"inLanguage\":\"en-US\",\"potentialAction\":[{\"@type\":\"ReadAction\",\"target\":[\"https:\\\/\\\/vitablanca.ma\\\/produit\\\/now-foods-inuline-certifiee-biologique-poudre-probiotique-pure-227-g\\\/\"]}]},{\"@type\":\"ImageObject\",\"inLanguage\":\"en-US\",\"@id\":\"https:\\\/\\\/vitablanca.ma\\\/produit\\\/now-foods-inuline-certifiee-biologique-poudre-probiotique-pure-227-g\\\/#primaryimage\",\"url\":\"https:\\\/\\\/vitablanca.ma\\\/wp-content\\\/uploads\\\/2025\\\/04\\\/now-foods-inuline-certifiee-biologique-poudre-.jpg\",\"contentUrl\":\"https:\\\/\\\/vitablanca.ma\\\/wp-content\\\/uploads\\\/2025\\\/04\\\/now-foods-inuline-certifiee-biologique-poudre-.jpg\",\"width\":680,\"height\":680},{\"@type\":\"BreadcrumbList\",\"@id\":\"https:\\\/\\\/vitablanca.ma\\\/produit\\\/now-foods-inuline-certifiee-biologique-poudre-probiotique-pure-227-g\\\/#breadcrumb\",\"itemListElement\":[{\"@type\":\"ListItem\",\"position\":1,\"name\":\"Home\",\"item\":\"https:\\\/\\\/vitablanca.ma\\\/\"},{\"@type\":\"ListItem\",\"position\":2,\"name\":\"Tous Les Produits\",\"item\":\"https:\\\/\\\/vitablanca.ma\\\/tous-les-produits\\\/\"},{\"@type\":\"ListItem\",\"position\":3,\"name\":\"Now Foods Inuline certifi\u00e9e biologique, Poudre probiotique pure, 227 g\"}]},{\"@type\":\"WebSite\",\"@id\":\"https:\\\/\\\/vitablanca.ma\\\/#website\",\"url\":\"https:\\\/\\\/vitablanca.ma\\\/\",\"name\":\"VitaBlanca.ma | Compl\u00e9ments alimentaires, sant\u00e9 & beaut\u00e9 au Maroc\",\"description\":\"vendre vitamines et compl\u00e9ments premium des USA &amp; Canada, Nouvelle Z\u00e9lande,Maroc (NOW Foods, Solgar, Manuka). Livraison rapide partout au Maroc.\",\"publisher\":{\"@id\":\"https:\\\/\\\/vitablanca.ma\\\/#organization\"},\"alternateName\":\"VitaBlanca.ma\",\"potentialAction\":[{\"@type\":\"SearchAction\",\"target\":{\"@type\":\"EntryPoint\",\"urlTemplate\":\"https:\\\/\\\/vitablanca.ma\\\/?s={search_term_string}\"},\"query-input\":{\"@type\":\"PropertyValueSpecification\",\"valueRequired\":true,\"valueName\":\"search_term_string\"}}],\"inLanguage\":\"en-US\"},{\"@type\":\"Organization\",\"@id\":\"https:\\\/\\\/vitablanca.ma\\\/#organization\",\"name\":\"VitaBlanca\",\"url\":\"https:\\\/\\\/vitablanca.ma\\\/\",\"logo\":{\"@type\":\"ImageObject\",\"inLanguage\":\"en-US\",\"@id\":\"https:\\\/\\\/vitablanca.ma\\\/#\\\/schema\\\/logo\\\/image\\\/\",\"url\":\"https:\\\/\\\/vitablanca.ma\\\/wp-content\\\/uploads\\\/2025\\\/05\\\/cropped-vitablanca.png\",\"contentUrl\":\"https:\\\/\\\/vitablanca.ma\\\/wp-content\\\/uploads\\\/2025\\\/05\\\/cropped-vitablanca.png\",\"width\":360,\"height\":67,\"caption\":\"VitaBlanca\"},\"image\":{\"@id\":\"https:\\\/\\\/vitablanca.ma\\\/#\\\/schema\\\/logo\\\/image\\\/\"},\"sameAs\":[\"https:\\\/\\\/www.facebook.com\\\/profile.php?id=61576678196717\",\"https:\\\/\\\/www.tiktok.com\\\/@vitablanca.ma\",\"https:\\\/\\\/www.instagram.com\\\/vitablanca.ma\\\/\"]}]}<\/script>\n<!-- \/ Yoast SEO plugin. -->","yoast_head_json":{"title":"Now Foods Certified Inulin, Pure Probiotic Powder, 227g - Morocco","description":"Buy Now Foods Certified Organic Inulin 227g in Morocco. This pure probiotic powder is ideal for supporting digestive health.","robots":{"index":"index","follow":"follow","max-snippet":"max-snippet:-1","max-image-preview":"max-image-preview:large","max-video-preview":"max-video-preview:-1"},"canonical":"https:\/\/vitablanca.ma\/en\/product\/now-foods-inuline-certifiee-biologique-poudre-probiotique-pure-227-g\/","og_locale":"en_US","og_type":"article","og_title":"Now Foods Inuline certifi\u00e9e ,Poudre probiotique pure, 227 g - Maroc","og_description":"Achetez Now Foods Inuline certifi\u00e9e biologique 227g au Maroc. Cette poudre probiotique pure est id\u00e9ale pour soutenir la sant\u00e9 digestive.","og_url":"https:\/\/vitablanca.ma\/en\/product\/now-foods-inuline-certifiee-biologique-poudre-probiotique-pure-227-g\/","og_site_name":"Vitablanca.ma &ndash; Sant&eacute;, vitalit&eacute; et bien-&ecirc;tre pour tous les Marocains","article_publisher":"https:\/\/www.facebook.com\/profile.php?id=61576678196717","article_modified_time":"2025-08-30T21:28:36+00:00","og_image":[{"width":680,"height":680,"url":"https:\/\/vitablanca.ma\/wp-content\/uploads\/2025\/04\/now-foods-inuline-certifiee-biologique-poudre-.jpg","type":"image\/jpeg"}],"twitter_card":"summary_large_image","twitter_misc":{"Est. reading time":"1 minute"},"schema":{"@context":"https:\/\/schema.org","@graph":[{"@type":["WebPage","ItemPage"],"@id":"https:\/\/vitablanca.ma\/produit\/now-foods-inuline-certifiee-biologique-poudre-probiotique-pure-227-g\/","url":"https:\/\/vitablanca.ma\/produit\/now-foods-inuline-certifiee-biologique-poudre-probiotique-pure-227-g\/","name":"Now Foods Certified Inulin, Pure Probiotic Powder, 227g - Morocco","isPartOf":{"@id":"https:\/\/vitablanca.ma\/#website"},"primaryImageOfPage":{"@id":"https:\/\/vitablanca.ma\/produit\/now-foods-inuline-certifiee-biologique-poudre-probiotique-pure-227-g\/#primaryimage"},"image":{"@id":"https:\/\/vitablanca.ma\/produit\/now-foods-inuline-certifiee-biologique-poudre-probiotique-pure-227-g\/#primaryimage"},"thumbnailUrl":"https:\/\/vitablanca.ma\/wp-content\/uploads\/2025\/04\/now-foods-inuline-certifiee-biologique-poudre-.jpg","datePublished":"2025-04-26T03:09:36+00:00","dateModified":"2025-08-30T21:28:36+00:00","description":"Buy Now Foods Certified Organic Inulin 227g in Morocco. This pure probiotic powder is ideal for supporting digestive health.","breadcrumb":{"@id":"https:\/\/vitablanca.ma\/produit\/now-foods-inuline-certifiee-biologique-poudre-probiotique-pure-227-g\/#breadcrumb"},"inLanguage":"en-US","potentialAction":[{"@type":"ReadAction","target":["https:\/\/vitablanca.ma\/produit\/now-foods-inuline-certifiee-biologique-poudre-probiotique-pure-227-g\/"]}]},{"@type":"ImageObject","inLanguage":"en-US","@id":"https:\/\/vitablanca.ma\/produit\/now-foods-inuline-certifiee-biologique-poudre-probiotique-pure-227-g\/#primaryimage","url":"https:\/\/vitablanca.ma\/wp-content\/uploads\/2025\/04\/now-foods-inuline-certifiee-biologique-poudre-.jpg","contentUrl":"https:\/\/vitablanca.ma\/wp-content\/uploads\/2025\/04\/now-foods-inuline-certifiee-biologique-poudre-.jpg","width":680,"height":680},{"@type":"BreadcrumbList","@id":"https:\/\/vitablanca.ma\/produit\/now-foods-inuline-certifiee-biologique-poudre-probiotique-pure-227-g\/#breadcrumb","itemListElement":[{"@type":"ListItem","position":1,"name":"Home","item":"https:\/\/vitablanca.ma\/"},{"@type":"ListItem","position":2,"name":"Tous Les Produits","item":"https:\/\/vitablanca.ma\/tous-les-produits\/"},{"@type":"ListItem","position":3,"name":"Now Foods Inuline certifi\u00e9e biologique, Poudre probiotique pure, 227 g"}]},{"@type":"WebSite","@id":"https:\/\/vitablanca.ma\/#website","url":"https:\/\/vitablanca.ma\/","name":"VitaBlanca.ma | Food supplements, health &amp; beauty in Morocco","description":"sell premium vitamins and supplements from USA &amp; Canada, New Zealand, Morocco (NOW Foods, Solgar, Manuka). Fast delivery anywhere in Morocco.","publisher":{"@id":"https:\/\/vitablanca.ma\/#organization"},"alternateName":"VitaBlanca.ma","potentialAction":[{"@type":"SearchAction","target":{"@type":"EntryPoint","urlTemplate":"https:\/\/vitablanca.ma\/?s={search_term_string}"},"query-input":{"@type":"PropertyValueSpecification","valueRequired":true,"valueName":"search_term_string"}}],"inLanguage":"en-US"},{"@type":"Organization","@id":"https:\/\/vitablanca.ma\/#organization","name":"VitaBlanca","url":"https:\/\/vitablanca.ma\/","logo":{"@type":"ImageObject","inLanguage":"en-US","@id":"https:\/\/vitablanca.ma\/#\/schema\/logo\/image\/","url":"https:\/\/vitablanca.ma\/wp-content\/uploads\/2025\/05\/cropped-vitablanca.png","contentUrl":"https:\/\/vitablanca.ma\/wp-content\/uploads\/2025\/05\/cropped-vitablanca.png","width":360,"height":67,"caption":"VitaBlanca"},"image":{"@id":"https:\/\/vitablanca.ma\/#\/schema\/logo\/image\/"},"sameAs":["https:\/\/www.facebook.com\/profile.php?id=61576678196717","https:\/\/www.tiktok.com\/@vitablanca.ma","https:\/\/www.instagram.com\/vitablanca.ma\/"]}]}},"jetpack_sharing_enabled":true,"_links":{"self":[{"href":"https:\/\/vitablanca.ma\/en\/wp-json\/wp\/v2\/product\/497","targetHints":{"allow":["GET"]}}],"collection":[{"href":"https:\/\/vitablanca.ma\/en\/wp-json\/wp\/v2\/product"}],"about":[{"href":"https:\/\/vitablanca.ma\/en\/wp-json\/wp\/v2\/types\/product"}],"wp:featuredmedia":[{"embeddable":true,"href":"https:\/\/vitablanca.ma\/en\/wp-json\/wp\/v2\/media\/498"}],"wp:attachment":[{"href":"https:\/\/vitablanca.ma\/en\/wp-json\/wp\/v2\/media?parent=497"}],"wp:term":[{"taxonomy":"product_brand","embeddable":true,"href":"https:\/\/vitablanca.ma\/en\/wp-json\/wp\/v2\/product_brand?post=497"},{"taxonomy":"product_cat","embeddable":true,"href":"https:\/\/vitablanca.ma\/en\/wp-json\/wp\/v2\/product_cat?post=497"},{"taxonomy":"product_tag","embeddable":true,"href":"https:\/\/vitablanca.ma\/en\/wp-json\/wp\/v2\/product_tag?post=497"}],"curies":[{"name":"wp","href":"https:\/\/api.w.org\/{rel}","templated":true}]}}