{"id":475,"date":"2025-04-26T02:29:50","date_gmt":"2025-04-26T02:29:50","guid":{"rendered":"https:\/\/vitablanca.ma\/?post_type=product&#038;p=475"},"modified":"2026-02-20T22:26:05","modified_gmt":"2026-02-20T22:26:05","slug":"now-foods-complexe-e-gamma-avance-120-capsules-molles","status":"publish","type":"product","link":"https:\/\/vitablanca.ma\/en\/product\/now-foods-complexe-e-gamma-avance-120-capsules-molles\/","title":{"rendered":"Now Foods Gamma E Advanced Complex, 120 softgels"},"content":{"rendered":"<p>Ce NOW Foods Advanced Gamma E procure \u00e0 votre corps les bienfaits de la vitamine E pour la sant\u00e9 gr\u00e2ce \u00e0 l\u2019utilisation de divers tocoph\u00e9rols et tocotri\u00e9nols. Les tocoph\u00e9rols sont des compos\u00e9s de la famille de la vitamine E d\u00e9riv\u00e9s des noix, tandis que les tocotri\u00e9nols sont des compos\u00e9s de la vitamine E d\u00e9riv\u00e9s des c\u00e9r\u00e9ales. Ces substances naturelles apportent des bienfaits antioxydants sains \u00e0 tout le corps en aidant \u00e0 se prot\u00e9ger des dommages caus\u00e9s par les radicaux libres, tels que le vieillissement pr\u00e9matur\u00e9, le stress oxydatif et diverses formes de maladies. Chaque portion contient une combinaison puissante de tocoph\u00e9rols m\u00e9lang\u00e9s et de tocotri\u00e9nols m\u00e9lang\u00e9s, fournissant les formes alpha, b\u00eata, gamma et delta de ces composants puissants de la vitamine E. Ce m\u00e9lange complet fournit un soutien antioxydant complet gr\u00e2ce \u00e0 une grande vari\u00e9t\u00e9 de compos\u00e9s, contribuant \u00e0 promouvoir les fonctions immunitaires et cardiovasculaires, ainsi que la sant\u00e9 du cerveau, du sang, du foie et de la peau. NOW Foods cr\u00e9e cette formule antioxydante b\u00e9n\u00e9fique \u00e0 l\u2019aide de processus certifi\u00e9s GMP et respectueux de l\u2019environnement, sans utiliser de conservateur artificiel. En outre, chaque portion ne contient pas de nombreux allerg\u00e8nes communs, ce qui en fait une source de soutien sans danger avec diverses restrictions alimentaires. Chaque jour, vous n\u2019avez besoin que de deux g\u00e9lules pour fournir \u00e0 votre corps un soutien antioxydant b\u00e9n\u00e9fique.<\/p>\n<p>Provides healthy antioxidant support<\/p>\n<p>Supports immune and cardiovascular function<\/p>\n<p>Helps improve brain, liver and skin health<\/p>\n<p>Complete blend of vitamin E compounds<\/p>\n<p>Two capsules a day provide healthy support<\/p>\n<p>Free from preservatives and common allergens<\/p>","protected":false},"excerpt":{"rendered":"<ul>\n<li>Provides full body antioxidant support with vitamin E components<\/li>\n<li>Provides healthy antioxidant support<\/li>\n<li>Supports immune and cardiovascular function<\/li>\n<li>Helps improve brain, liver and skin health<\/li>\n<li>Complete blend of vitamin E compounds<\/li>\n<li>Two capsules a day provide healthy support<\/li>\n<li>Free from preservatives and common allergens<\/li>\n<li>Provides protection against damaging free radicals<\/li>\n<\/ul>","protected":false},"featured_media":477,"template":"","meta":{"om_disable_all_campaigns":false},"product_brand":[83],"product_cat":[18,3366,475,130,19],"product_tag":[479,477,478,88,129,126,94,91,388,726,476],"class_list":{"0":"post-475","1":"product","2":"type-product","3":"status-publish","4":"has-post-thumbnail","6":"product_brand-now-foods-maroc-prix","7":"product_cat-beaute-sante","8":"product_cat-complements-alimentaires-au-maroc-vitablanca","9":"product_cat-vitamine-e","10":"product_cat-vitamines","11":"product_cat-vitamines-supplements-dietetiques","12":"product_tag-complexe-e-gamma-avance","13":"product_tag-composes-de-vitamine-e","14":"product_tag-la-sante-du-cerveau","15":"product_tag-now-foods","16":"product_tag-now-foods-casa","17":"product_tag-now-foods-iherb","18":"product_tag-now-foods-marjanemall","19":"product_tag-now-foods-maroc","20":"product_tag-now-foods-maroc-avis","21":"product_tag-now-foods-maroc-prix","22":"product_tag-sans-conservateurs","24":"first","25":"instock","26":"sale","27":"taxable","28":"shipping-taxable","29":"purchasable","30":"product-type-simple"},"yoast_head":"<!-- This site is optimized with the Yoast SEO plugin v27.5 - https:\/\/yoast.com\/product\/yoast-seo-wordpress\/ -->\n<title>Now Foods Gamma E Complexe avanc\u00e9, 120 capsules- Maroc Prix<\/title>\n<meta name=\"description\" content=\"Achetez Now Foods Gamma E Complexe Avanc\u00e9 au Maroc. Ces 120 g\u00e9lules souples offrent un puissant soutien antioxydant . Formule compl\u00e8te en vitamine E.\" \/>\n<meta name=\"robots\" content=\"index, follow, max-snippet:-1, max-image-preview:large, max-video-preview:-1\" \/>\n<link rel=\"canonical\" href=\"https:\/\/vitablanca.ma\/en\/product\/now-foods-complexe-e-gamma-avance-120-capsules-molles\/\" \/>\n<meta property=\"og:locale\" content=\"en_US\" \/>\n<meta property=\"og:type\" content=\"article\" \/>\n<meta property=\"og:title\" content=\"Now Foods Gamma E Complexe avanc\u00e9, 120 capsules- Maroc Prix\" \/>\n<meta property=\"og:description\" content=\"Achetez Now Foods Gamma E Complexe Avanc\u00e9 au Maroc. Ces 120 g\u00e9lules souples offrent un puissant soutien antioxydant . Formule compl\u00e8te en vitamine E.\" \/>\n<meta property=\"og:url\" content=\"https:\/\/vitablanca.ma\/en\/product\/now-foods-complexe-e-gamma-avance-120-capsules-molles\/\" \/>\n<meta property=\"og:site_name\" content=\"Vitablanca.ma &ndash; Sant&eacute;, vitalit&eacute; et bien-&ecirc;tre pour tous les Marocains\" \/>\n<meta property=\"article:publisher\" content=\"https:\/\/www.facebook.com\/profile.php?id=61576678196717\" \/>\n<meta property=\"article:modified_time\" content=\"2026-02-20T22:26:05+00:00\" \/>\n<meta property=\"og:image\" content=\"https:\/\/vitablanca.ma\/wp-content\/uploads\/2025\/04\/complexe-e-gamma-avance-120-capsules-molles-now-foods-.jpg\" \/>\n\t<meta property=\"og:image:width\" content=\"680\" \/>\n\t<meta property=\"og:image:height\" content=\"680\" \/>\n\t<meta property=\"og:image:type\" content=\"image\/jpeg\" \/>\n<meta name=\"twitter:card\" content=\"summary_large_image\" \/>\n<meta name=\"twitter:label1\" content=\"Est. reading time\" \/>\n\t<meta name=\"twitter:data1\" content=\"2 minutes\" \/>\n<script type=\"application\/ld+json\" class=\"yoast-schema-graph\">{\"@context\":\"https:\\\/\\\/schema.org\",\"@graph\":[{\"@type\":[\"WebPage\",\"ItemPage\"],\"@id\":\"https:\\\/\\\/vitablanca.ma\\\/produit\\\/now-foods-complexe-e-gamma-avance-120-capsules-molles\\\/\",\"url\":\"https:\\\/\\\/vitablanca.ma\\\/produit\\\/now-foods-complexe-e-gamma-avance-120-capsules-molles\\\/\",\"name\":\"Now Foods Gamma E Complexe avanc\u00e9, 120 capsules- Maroc Prix\",\"isPartOf\":{\"@id\":\"https:\\\/\\\/vitablanca.ma\\\/#website\"},\"primaryImageOfPage\":{\"@id\":\"https:\\\/\\\/vitablanca.ma\\\/produit\\\/now-foods-complexe-e-gamma-avance-120-capsules-molles\\\/#primaryimage\"},\"image\":{\"@id\":\"https:\\\/\\\/vitablanca.ma\\\/produit\\\/now-foods-complexe-e-gamma-avance-120-capsules-molles\\\/#primaryimage\"},\"thumbnailUrl\":\"https:\\\/\\\/vitablanca.ma\\\/wp-content\\\/uploads\\\/2025\\\/04\\\/complexe-e-gamma-avance-120-capsules-molles-now-foods-.jpg\",\"datePublished\":\"2025-04-26T02:29:50+00:00\",\"dateModified\":\"2026-02-20T22:26:05+00:00\",\"description\":\"Achetez Now Foods Gamma E Complexe Avanc\u00e9 au Maroc. Ces 120 g\u00e9lules souples offrent un puissant soutien antioxydant . Formule compl\u00e8te en vitamine E.\",\"breadcrumb\":{\"@id\":\"https:\\\/\\\/vitablanca.ma\\\/produit\\\/now-foods-complexe-e-gamma-avance-120-capsules-molles\\\/#breadcrumb\"},\"inLanguage\":\"en-US\",\"potentialAction\":[{\"@type\":\"ReadAction\",\"target\":[\"https:\\\/\\\/vitablanca.ma\\\/produit\\\/now-foods-complexe-e-gamma-avance-120-capsules-molles\\\/\"]}]},{\"@type\":\"ImageObject\",\"inLanguage\":\"en-US\",\"@id\":\"https:\\\/\\\/vitablanca.ma\\\/produit\\\/now-foods-complexe-e-gamma-avance-120-capsules-molles\\\/#primaryimage\",\"url\":\"https:\\\/\\\/vitablanca.ma\\\/wp-content\\\/uploads\\\/2025\\\/04\\\/complexe-e-gamma-avance-120-capsules-molles-now-foods-.jpg\",\"contentUrl\":\"https:\\\/\\\/vitablanca.ma\\\/wp-content\\\/uploads\\\/2025\\\/04\\\/complexe-e-gamma-avance-120-capsules-molles-now-foods-.jpg\",\"width\":680,\"height\":680},{\"@type\":\"BreadcrumbList\",\"@id\":\"https:\\\/\\\/vitablanca.ma\\\/produit\\\/now-foods-complexe-e-gamma-avance-120-capsules-molles\\\/#breadcrumb\",\"itemListElement\":[{\"@type\":\"ListItem\",\"position\":1,\"name\":\"Home\",\"item\":\"https:\\\/\\\/vitablanca.ma\\\/\"},{\"@type\":\"ListItem\",\"position\":2,\"name\":\"Tous Les Produits\",\"item\":\"https:\\\/\\\/vitablanca.ma\\\/tous-les-produits\\\/\"},{\"@type\":\"ListItem\",\"position\":3,\"name\":\"Now Foods Gamma E Complexe avanc\u00e9, 120 capsules molles\"}]},{\"@type\":\"WebSite\",\"@id\":\"https:\\\/\\\/vitablanca.ma\\\/#website\",\"url\":\"https:\\\/\\\/vitablanca.ma\\\/\",\"name\":\"VitaBlanca.ma | Compl\u00e9ments alimentaires, sant\u00e9 & beaut\u00e9 au Maroc\",\"description\":\"vendre vitamines et compl\u00e9ments premium des USA &amp; Canada, Nouvelle Z\u00e9lande,Maroc (NOW Foods, Solgar, Manuka). Livraison rapide partout au Maroc.\",\"publisher\":{\"@id\":\"https:\\\/\\\/vitablanca.ma\\\/#organization\"},\"alternateName\":\"VitaBlanca.ma\",\"potentialAction\":[{\"@type\":\"SearchAction\",\"target\":{\"@type\":\"EntryPoint\",\"urlTemplate\":\"https:\\\/\\\/vitablanca.ma\\\/?s={search_term_string}\"},\"query-input\":{\"@type\":\"PropertyValueSpecification\",\"valueRequired\":true,\"valueName\":\"search_term_string\"}}],\"inLanguage\":\"en-US\"},{\"@type\":\"Organization\",\"@id\":\"https:\\\/\\\/vitablanca.ma\\\/#organization\",\"name\":\"VitaBlanca\",\"url\":\"https:\\\/\\\/vitablanca.ma\\\/\",\"logo\":{\"@type\":\"ImageObject\",\"inLanguage\":\"en-US\",\"@id\":\"https:\\\/\\\/vitablanca.ma\\\/#\\\/schema\\\/logo\\\/image\\\/\",\"url\":\"https:\\\/\\\/vitablanca.ma\\\/wp-content\\\/uploads\\\/2025\\\/05\\\/cropped-vitablanca.png\",\"contentUrl\":\"https:\\\/\\\/vitablanca.ma\\\/wp-content\\\/uploads\\\/2025\\\/05\\\/cropped-vitablanca.png\",\"width\":360,\"height\":67,\"caption\":\"VitaBlanca\"},\"image\":{\"@id\":\"https:\\\/\\\/vitablanca.ma\\\/#\\\/schema\\\/logo\\\/image\\\/\"},\"sameAs\":[\"https:\\\/\\\/www.facebook.com\\\/profile.php?id=61576678196717\",\"https:\\\/\\\/www.tiktok.com\\\/@vitablanca.ma\",\"https:\\\/\\\/www.instagram.com\\\/vitablanca.ma\\\/\"]}]}<\/script>\n<!-- \/ Yoast SEO plugin. -->","yoast_head_json":{"title":"Now Foods Gamma E Advanced Complex, 120 Capsules - Morocco Price","description":"Buy Now Foods Gamma E Advanced Complex in Morocco. These 120 softgels provide powerful antioxidant support. Complete vitamin E formula.","robots":{"index":"index","follow":"follow","max-snippet":"max-snippet:-1","max-image-preview":"max-image-preview:large","max-video-preview":"max-video-preview:-1"},"canonical":"https:\/\/vitablanca.ma\/en\/product\/now-foods-complexe-e-gamma-avance-120-capsules-molles\/","og_locale":"en_US","og_type":"article","og_title":"Now Foods Gamma E Complexe avanc\u00e9, 120 capsules- Maroc Prix","og_description":"Achetez Now Foods Gamma E Complexe Avanc\u00e9 au Maroc. Ces 120 g\u00e9lules souples offrent un puissant soutien antioxydant . Formule compl\u00e8te en vitamine E.","og_url":"https:\/\/vitablanca.ma\/en\/product\/now-foods-complexe-e-gamma-avance-120-capsules-molles\/","og_site_name":"Vitablanca.ma &ndash; Sant&eacute;, vitalit&eacute; et bien-&ecirc;tre pour tous les Marocains","article_publisher":"https:\/\/www.facebook.com\/profile.php?id=61576678196717","article_modified_time":"2026-02-20T22:26:05+00:00","og_image":[{"width":680,"height":680,"url":"https:\/\/vitablanca.ma\/wp-content\/uploads\/2025\/04\/complexe-e-gamma-avance-120-capsules-molles-now-foods-.jpg","type":"image\/jpeg"}],"twitter_card":"summary_large_image","twitter_misc":{"Est. reading time":"2 minutes"},"schema":{"@context":"https:\/\/schema.org","@graph":[{"@type":["WebPage","ItemPage"],"@id":"https:\/\/vitablanca.ma\/produit\/now-foods-complexe-e-gamma-avance-120-capsules-molles\/","url":"https:\/\/vitablanca.ma\/produit\/now-foods-complexe-e-gamma-avance-120-capsules-molles\/","name":"Now Foods Gamma E Advanced Complex, 120 Capsules - Morocco Price","isPartOf":{"@id":"https:\/\/vitablanca.ma\/#website"},"primaryImageOfPage":{"@id":"https:\/\/vitablanca.ma\/produit\/now-foods-complexe-e-gamma-avance-120-capsules-molles\/#primaryimage"},"image":{"@id":"https:\/\/vitablanca.ma\/produit\/now-foods-complexe-e-gamma-avance-120-capsules-molles\/#primaryimage"},"thumbnailUrl":"https:\/\/vitablanca.ma\/wp-content\/uploads\/2025\/04\/complexe-e-gamma-avance-120-capsules-molles-now-foods-.jpg","datePublished":"2025-04-26T02:29:50+00:00","dateModified":"2026-02-20T22:26:05+00:00","description":"Buy Now Foods Gamma E Advanced Complex in Morocco. These 120 softgels provide powerful antioxidant support. Complete vitamin E formula.","breadcrumb":{"@id":"https:\/\/vitablanca.ma\/produit\/now-foods-complexe-e-gamma-avance-120-capsules-molles\/#breadcrumb"},"inLanguage":"en-US","potentialAction":[{"@type":"ReadAction","target":["https:\/\/vitablanca.ma\/produit\/now-foods-complexe-e-gamma-avance-120-capsules-molles\/"]}]},{"@type":"ImageObject","inLanguage":"en-US","@id":"https:\/\/vitablanca.ma\/produit\/now-foods-complexe-e-gamma-avance-120-capsules-molles\/#primaryimage","url":"https:\/\/vitablanca.ma\/wp-content\/uploads\/2025\/04\/complexe-e-gamma-avance-120-capsules-molles-now-foods-.jpg","contentUrl":"https:\/\/vitablanca.ma\/wp-content\/uploads\/2025\/04\/complexe-e-gamma-avance-120-capsules-molles-now-foods-.jpg","width":680,"height":680},{"@type":"BreadcrumbList","@id":"https:\/\/vitablanca.ma\/produit\/now-foods-complexe-e-gamma-avance-120-capsules-molles\/#breadcrumb","itemListElement":[{"@type":"ListItem","position":1,"name":"Home","item":"https:\/\/vitablanca.ma\/"},{"@type":"ListItem","position":2,"name":"Tous Les Produits","item":"https:\/\/vitablanca.ma\/tous-les-produits\/"},{"@type":"ListItem","position":3,"name":"Now Foods Gamma E Complexe avanc\u00e9, 120 capsules molles"}]},{"@type":"WebSite","@id":"https:\/\/vitablanca.ma\/#website","url":"https:\/\/vitablanca.ma\/","name":"VitaBlanca.ma | Food supplements, health &amp; beauty in Morocco","description":"sell premium vitamins and supplements from USA &amp; Canada, New Zealand, Morocco (NOW Foods, Solgar, Manuka). Fast delivery anywhere in Morocco.","publisher":{"@id":"https:\/\/vitablanca.ma\/#organization"},"alternateName":"VitaBlanca.ma","potentialAction":[{"@type":"SearchAction","target":{"@type":"EntryPoint","urlTemplate":"https:\/\/vitablanca.ma\/?s={search_term_string}"},"query-input":{"@type":"PropertyValueSpecification","valueRequired":true,"valueName":"search_term_string"}}],"inLanguage":"en-US"},{"@type":"Organization","@id":"https:\/\/vitablanca.ma\/#organization","name":"VitaBlanca","url":"https:\/\/vitablanca.ma\/","logo":{"@type":"ImageObject","inLanguage":"en-US","@id":"https:\/\/vitablanca.ma\/#\/schema\/logo\/image\/","url":"https:\/\/vitablanca.ma\/wp-content\/uploads\/2025\/05\/cropped-vitablanca.png","contentUrl":"https:\/\/vitablanca.ma\/wp-content\/uploads\/2025\/05\/cropped-vitablanca.png","width":360,"height":67,"caption":"VitaBlanca"},"image":{"@id":"https:\/\/vitablanca.ma\/#\/schema\/logo\/image\/"},"sameAs":["https:\/\/www.facebook.com\/profile.php?id=61576678196717","https:\/\/www.tiktok.com\/@vitablanca.ma","https:\/\/www.instagram.com\/vitablanca.ma\/"]}]}},"jetpack_sharing_enabled":true,"_links":{"self":[{"href":"https:\/\/vitablanca.ma\/en\/wp-json\/wp\/v2\/product\/475","targetHints":{"allow":["GET"]}}],"collection":[{"href":"https:\/\/vitablanca.ma\/en\/wp-json\/wp\/v2\/product"}],"about":[{"href":"https:\/\/vitablanca.ma\/en\/wp-json\/wp\/v2\/types\/product"}],"wp:featuredmedia":[{"embeddable":true,"href":"https:\/\/vitablanca.ma\/en\/wp-json\/wp\/v2\/media\/477"}],"wp:attachment":[{"href":"https:\/\/vitablanca.ma\/en\/wp-json\/wp\/v2\/media?parent=475"}],"wp:term":[{"taxonomy":"product_brand","embeddable":true,"href":"https:\/\/vitablanca.ma\/en\/wp-json\/wp\/v2\/product_brand?post=475"},{"taxonomy":"product_cat","embeddable":true,"href":"https:\/\/vitablanca.ma\/en\/wp-json\/wp\/v2\/product_cat?post=475"},{"taxonomy":"product_tag","embeddable":true,"href":"https:\/\/vitablanca.ma\/en\/wp-json\/wp\/v2\/product_tag?post=475"}],"curies":[{"name":"wp","href":"https:\/\/api.w.org\/{rel}","templated":true}]}}