{"id":466,"date":"2025-04-26T01:42:04","date_gmt":"2025-04-26T01:42:04","guid":{"rendered":"https:\/\/vitablanca.ma\/?post_type=product&#038;p=466"},"modified":"2025-08-30T21:28:38","modified_gmt":"2025-08-30T21:28:38","slug":"solgar-ester-c-plus-vitamine-c-1-000-mg-180-comprimes","status":"publish","type":"product","link":"https:\/\/vitablanca.ma\/en\/product\/solgar-ester-c-plus-vitamine-c-1-000-mg-180-comprimes\/","title":{"rendered":"Solgar Ester-C Plus, Vitamin C, 1 000 mg, 180 Tablets"},"content":{"rendered":"<p>Ester-C Plus est \u00e9labor\u00e9e uniquement par Solgar et fournit de la vitamine C brevet\u00e9e au pH neutre (non acide) qui n\u2019agresse pas l\u2019estomac. Les m\u00e9tabolites de la vitamine C pr\u00e9sents dans Ester-C ont un impact positif sur la r\u00e9tention de la vitamine C dans les cellules, ce qui apporte des avantages suppl\u00e9mentaires. Un proc\u00e9d\u00e9 de fabrication particulier est utilis\u00e9 pour fabriquer un complexe de m\u00e9tabolite d\u2019ascorbate de calcium unique. Ce complexe bien tol\u00e9r\u00e9 par l\u2019estomac produit des antioxydants b\u00e9n\u00e9fiques, aide le syst\u00e8me immunitaire et contient des bioflavono\u00efdes naturels, de l\u2019ac\u00e9rola et de la poudre de cynorhodon.<\/p>\n<p>Suggested Use<\/p>\n<p>As a dietary supplement for adults, take one (1) tablet daily, preferably with meals.<\/p>","protected":false},"excerpt":{"rendered":"<ul>\n<li>Well remembered<\/li>\n<li>Sweet and amplifying; non-acidic<\/li>\n<li>Immune support<\/li>\n<li>GMO-free<\/li>\n<li>Gluten, wheat and lactose free<\/li>\n<li>Suitable for vegans<\/li>\n<li>Certified gluten-free<\/li>\n<li>Food supplement<\/li>\n<li>Ester-C Plus is formulated exclusively by Solgar and provides patented, pH-neutral (non-acidic) vitamin C that is gentle on the stomach.<\/li>\n<li>\u00a0The vitamin C metabolites present in Ester-C have a positive impact on the retention of vitamin C in cells, which provides additional benefits.<\/li>\n<li>\u00a0A special manufacturing process is used to manufacture a unique calcium ascorbate metabolite complex.<\/li>\n<li>This stomach-friendly complex produces beneficial antioxidants, supports the immune system, and contains natural bioflavonoids, acerola, and rosehip powder.<\/li>\n<\/ul>","protected":false},"featured_media":467,"template":"","meta":{"om_disable_all_campaigns":false},"product_brand":[42],"product_cat":[18,3366,440,130,19],"product_tag":[469,208,52,53,51,443,470],"class_list":{"0":"post-466","1":"product","2":"type-product","3":"status-publish","4":"has-post-thumbnail","6":"product_brand-solgar-prix-maroc","7":"product_cat-beaute-sante","8":"product_cat-complements-alimentaires-au-maroc-vitablanca","9":"product_cat-vitamine-c","10":"product_cat-vitamines","11":"product_cat-vitamines-supplements-dietetiques","12":"product_tag-ester-c","13":"product_tag-solgar","14":"product_tag-solgar-amazon-maroc","15":"product_tag-solgar-casa","16":"product_tag-solgar-iherb","17":"product_tag-solgar-vitamine-c-1000-mg","18":"product_tag-vitamine-c","20":"first","21":"instock","22":"sale","23":"taxable","24":"shipping-taxable","25":"purchasable","26":"product-type-simple"},"yoast_head":"<!-- This site is optimized with the Yoast SEO plugin v27.5 - https:\/\/yoast.com\/product\/yoast-seo-wordpress\/ -->\n<title>Solgar Ester-C Plus, Vitamine C, 1 000 mg, 180 Comprim\u00e9s - Maroc<\/title>\n<meta name=\"description\" content=\"Achetez Solgar Ester-C Plus Vitamine C 1000 mg au Maroc. Ces 180 comprim\u00e9s offrent une vitamine C non acide pour un soutien immunitaire 24h\/24.\" \/>\n<meta name=\"robots\" content=\"index, follow, max-snippet:-1, max-image-preview:large, max-video-preview:-1\" \/>\n<link rel=\"canonical\" href=\"https:\/\/vitablanca.ma\/en\/product\/solgar-ester-c-plus-vitamine-c-1-000-mg-180-comprimes\/\" \/>\n<meta property=\"og:locale\" content=\"en_US\" \/>\n<meta property=\"og:type\" content=\"article\" \/>\n<meta property=\"og:title\" content=\"Solgar Ester-C Plus, Vitamine C, 1 000 mg, 180 Comprim\u00e9s - Maroc\" \/>\n<meta property=\"og:description\" content=\"Achetez Solgar Ester-C Plus Vitamine C 1000 mg au Maroc. Ces 180 comprim\u00e9s offrent une vitamine C non acide pour un soutien immunitaire 24h\/24.\" \/>\n<meta property=\"og:url\" content=\"https:\/\/vitablanca.ma\/en\/product\/solgar-ester-c-plus-vitamine-c-1-000-mg-180-comprimes\/\" \/>\n<meta property=\"og:site_name\" content=\"Vitablanca.ma &ndash; Sant&eacute;, vitalit&eacute; et bien-&ecirc;tre pour tous les Marocains\" \/>\n<meta property=\"article:publisher\" content=\"https:\/\/www.facebook.com\/profile.php?id=61576678196717\" \/>\n<meta property=\"article:modified_time\" content=\"2025-08-30T21:28:38+00:00\" \/>\n<meta property=\"og:image\" content=\"https:\/\/vitablanca.ma\/wp-content\/uploads\/2025\/04\/solgar-ester-c-plus-vitamine-c-1-000-mg-180-comprimes-.jpg\" \/>\n\t<meta property=\"og:image:width\" content=\"680\" \/>\n\t<meta property=\"og:image:height\" content=\"680\" \/>\n\t<meta property=\"og:image:type\" content=\"image\/jpeg\" \/>\n<meta name=\"twitter:card\" content=\"summary_large_image\" \/>\n<meta name=\"twitter:label1\" content=\"Est. reading time\" \/>\n\t<meta name=\"twitter:data1\" content=\"1 minute\" \/>\n<script type=\"application\/ld+json\" class=\"yoast-schema-graph\">{\"@context\":\"https:\\\/\\\/schema.org\",\"@graph\":[{\"@type\":[\"WebPage\",\"ItemPage\"],\"@id\":\"https:\\\/\\\/vitablanca.ma\\\/produit\\\/solgar-ester-c-plus-vitamine-c-1-000-mg-180-comprimes\\\/\",\"url\":\"https:\\\/\\\/vitablanca.ma\\\/produit\\\/solgar-ester-c-plus-vitamine-c-1-000-mg-180-comprimes\\\/\",\"name\":\"Solgar Ester-C Plus, Vitamine C, 1 000 mg, 180 Comprim\u00e9s - Maroc\",\"isPartOf\":{\"@id\":\"https:\\\/\\\/vitablanca.ma\\\/#website\"},\"primaryImageOfPage\":{\"@id\":\"https:\\\/\\\/vitablanca.ma\\\/produit\\\/solgar-ester-c-plus-vitamine-c-1-000-mg-180-comprimes\\\/#primaryimage\"},\"image\":{\"@id\":\"https:\\\/\\\/vitablanca.ma\\\/produit\\\/solgar-ester-c-plus-vitamine-c-1-000-mg-180-comprimes\\\/#primaryimage\"},\"thumbnailUrl\":\"https:\\\/\\\/vitablanca.ma\\\/wp-content\\\/uploads\\\/2025\\\/04\\\/solgar-ester-c-plus-vitamine-c-1-000-mg-180-comprimes-.jpg\",\"datePublished\":\"2025-04-26T01:42:04+00:00\",\"dateModified\":\"2025-08-30T21:28:38+00:00\",\"description\":\"Achetez Solgar Ester-C Plus Vitamine C 1000 mg au Maroc. Ces 180 comprim\u00e9s offrent une vitamine C non acide pour un soutien immunitaire 24h\\\/24.\",\"breadcrumb\":{\"@id\":\"https:\\\/\\\/vitablanca.ma\\\/produit\\\/solgar-ester-c-plus-vitamine-c-1-000-mg-180-comprimes\\\/#breadcrumb\"},\"inLanguage\":\"en-US\",\"potentialAction\":[{\"@type\":\"ReadAction\",\"target\":[\"https:\\\/\\\/vitablanca.ma\\\/produit\\\/solgar-ester-c-plus-vitamine-c-1-000-mg-180-comprimes\\\/\"]}]},{\"@type\":\"ImageObject\",\"inLanguage\":\"en-US\",\"@id\":\"https:\\\/\\\/vitablanca.ma\\\/produit\\\/solgar-ester-c-plus-vitamine-c-1-000-mg-180-comprimes\\\/#primaryimage\",\"url\":\"https:\\\/\\\/vitablanca.ma\\\/wp-content\\\/uploads\\\/2025\\\/04\\\/solgar-ester-c-plus-vitamine-c-1-000-mg-180-comprimes-.jpg\",\"contentUrl\":\"https:\\\/\\\/vitablanca.ma\\\/wp-content\\\/uploads\\\/2025\\\/04\\\/solgar-ester-c-plus-vitamine-c-1-000-mg-180-comprimes-.jpg\",\"width\":680,\"height\":680},{\"@type\":\"BreadcrumbList\",\"@id\":\"https:\\\/\\\/vitablanca.ma\\\/produit\\\/solgar-ester-c-plus-vitamine-c-1-000-mg-180-comprimes\\\/#breadcrumb\",\"itemListElement\":[{\"@type\":\"ListItem\",\"position\":1,\"name\":\"Home\",\"item\":\"https:\\\/\\\/vitablanca.ma\\\/\"},{\"@type\":\"ListItem\",\"position\":2,\"name\":\"Tous Les Produits\",\"item\":\"https:\\\/\\\/vitablanca.ma\\\/tous-les-produits\\\/\"},{\"@type\":\"ListItem\",\"position\":3,\"name\":\"Solgar Ester-C Plus, Vitamine C, 1 000 mg, 180 Comprim\u00e9s\"}]},{\"@type\":\"WebSite\",\"@id\":\"https:\\\/\\\/vitablanca.ma\\\/#website\",\"url\":\"https:\\\/\\\/vitablanca.ma\\\/\",\"name\":\"VitaBlanca.ma | Compl\u00e9ments alimentaires, sant\u00e9 & beaut\u00e9 au Maroc\",\"description\":\"vendre vitamines et compl\u00e9ments premium des USA &amp; Canada, Nouvelle Z\u00e9lande,Maroc (NOW Foods, Solgar, Manuka). Livraison rapide partout au Maroc.\",\"publisher\":{\"@id\":\"https:\\\/\\\/vitablanca.ma\\\/#organization\"},\"alternateName\":\"VitaBlanca.ma\",\"potentialAction\":[{\"@type\":\"SearchAction\",\"target\":{\"@type\":\"EntryPoint\",\"urlTemplate\":\"https:\\\/\\\/vitablanca.ma\\\/?s={search_term_string}\"},\"query-input\":{\"@type\":\"PropertyValueSpecification\",\"valueRequired\":true,\"valueName\":\"search_term_string\"}}],\"inLanguage\":\"en-US\"},{\"@type\":\"Organization\",\"@id\":\"https:\\\/\\\/vitablanca.ma\\\/#organization\",\"name\":\"VitaBlanca\",\"url\":\"https:\\\/\\\/vitablanca.ma\\\/\",\"logo\":{\"@type\":\"ImageObject\",\"inLanguage\":\"en-US\",\"@id\":\"https:\\\/\\\/vitablanca.ma\\\/#\\\/schema\\\/logo\\\/image\\\/\",\"url\":\"https:\\\/\\\/vitablanca.ma\\\/wp-content\\\/uploads\\\/2025\\\/05\\\/cropped-vitablanca.png\",\"contentUrl\":\"https:\\\/\\\/vitablanca.ma\\\/wp-content\\\/uploads\\\/2025\\\/05\\\/cropped-vitablanca.png\",\"width\":360,\"height\":67,\"caption\":\"VitaBlanca\"},\"image\":{\"@id\":\"https:\\\/\\\/vitablanca.ma\\\/#\\\/schema\\\/logo\\\/image\\\/\"},\"sameAs\":[\"https:\\\/\\\/www.facebook.com\\\/profile.php?id=61576678196717\",\"https:\\\/\\\/www.tiktok.com\\\/@vitablanca.ma\",\"https:\\\/\\\/www.instagram.com\\\/vitablanca.ma\\\/\"]}]}<\/script>\n<!-- \/ Yoast SEO plugin. -->","yoast_head_json":{"title":"Solgar Ester-C Plus, Vitamin C, 1000 mg, 180 Tablets - Morocco","description":"Buy Solgar Ester-C Plus Vitamin C 1000 mg in Morocco. These 180 tablets provide non-acidic vitamin C for 24-hour immune support.","robots":{"index":"index","follow":"follow","max-snippet":"max-snippet:-1","max-image-preview":"max-image-preview:large","max-video-preview":"max-video-preview:-1"},"canonical":"https:\/\/vitablanca.ma\/en\/product\/solgar-ester-c-plus-vitamine-c-1-000-mg-180-comprimes\/","og_locale":"en_US","og_type":"article","og_title":"Solgar Ester-C Plus, Vitamine C, 1 000 mg, 180 Comprim\u00e9s - Maroc","og_description":"Achetez Solgar Ester-C Plus Vitamine C 1000 mg au Maroc. Ces 180 comprim\u00e9s offrent une vitamine C non acide pour un soutien immunitaire 24h\/24.","og_url":"https:\/\/vitablanca.ma\/en\/product\/solgar-ester-c-plus-vitamine-c-1-000-mg-180-comprimes\/","og_site_name":"Vitablanca.ma &ndash; Sant&eacute;, vitalit&eacute; et bien-&ecirc;tre pour tous les Marocains","article_publisher":"https:\/\/www.facebook.com\/profile.php?id=61576678196717","article_modified_time":"2025-08-30T21:28:38+00:00","og_image":[{"width":680,"height":680,"url":"https:\/\/vitablanca.ma\/wp-content\/uploads\/2025\/04\/solgar-ester-c-plus-vitamine-c-1-000-mg-180-comprimes-.jpg","type":"image\/jpeg"}],"twitter_card":"summary_large_image","twitter_misc":{"Est. reading time":"1 minute"},"schema":{"@context":"https:\/\/schema.org","@graph":[{"@type":["WebPage","ItemPage"],"@id":"https:\/\/vitablanca.ma\/produit\/solgar-ester-c-plus-vitamine-c-1-000-mg-180-comprimes\/","url":"https:\/\/vitablanca.ma\/produit\/solgar-ester-c-plus-vitamine-c-1-000-mg-180-comprimes\/","name":"Solgar Ester-C Plus, Vitamin C, 1000 mg, 180 Tablets - Morocco","isPartOf":{"@id":"https:\/\/vitablanca.ma\/#website"},"primaryImageOfPage":{"@id":"https:\/\/vitablanca.ma\/produit\/solgar-ester-c-plus-vitamine-c-1-000-mg-180-comprimes\/#primaryimage"},"image":{"@id":"https:\/\/vitablanca.ma\/produit\/solgar-ester-c-plus-vitamine-c-1-000-mg-180-comprimes\/#primaryimage"},"thumbnailUrl":"https:\/\/vitablanca.ma\/wp-content\/uploads\/2025\/04\/solgar-ester-c-plus-vitamine-c-1-000-mg-180-comprimes-.jpg","datePublished":"2025-04-26T01:42:04+00:00","dateModified":"2025-08-30T21:28:38+00:00","description":"Buy Solgar Ester-C Plus Vitamin C 1000 mg in Morocco. These 180 tablets provide non-acidic vitamin C for 24-hour immune support.","breadcrumb":{"@id":"https:\/\/vitablanca.ma\/produit\/solgar-ester-c-plus-vitamine-c-1-000-mg-180-comprimes\/#breadcrumb"},"inLanguage":"en-US","potentialAction":[{"@type":"ReadAction","target":["https:\/\/vitablanca.ma\/produit\/solgar-ester-c-plus-vitamine-c-1-000-mg-180-comprimes\/"]}]},{"@type":"ImageObject","inLanguage":"en-US","@id":"https:\/\/vitablanca.ma\/produit\/solgar-ester-c-plus-vitamine-c-1-000-mg-180-comprimes\/#primaryimage","url":"https:\/\/vitablanca.ma\/wp-content\/uploads\/2025\/04\/solgar-ester-c-plus-vitamine-c-1-000-mg-180-comprimes-.jpg","contentUrl":"https:\/\/vitablanca.ma\/wp-content\/uploads\/2025\/04\/solgar-ester-c-plus-vitamine-c-1-000-mg-180-comprimes-.jpg","width":680,"height":680},{"@type":"BreadcrumbList","@id":"https:\/\/vitablanca.ma\/produit\/solgar-ester-c-plus-vitamine-c-1-000-mg-180-comprimes\/#breadcrumb","itemListElement":[{"@type":"ListItem","position":1,"name":"Home","item":"https:\/\/vitablanca.ma\/"},{"@type":"ListItem","position":2,"name":"Tous Les Produits","item":"https:\/\/vitablanca.ma\/tous-les-produits\/"},{"@type":"ListItem","position":3,"name":"Solgar Ester-C Plus, Vitamine C, 1 000 mg, 180 Comprim\u00e9s"}]},{"@type":"WebSite","@id":"https:\/\/vitablanca.ma\/#website","url":"https:\/\/vitablanca.ma\/","name":"VitaBlanca.ma | Food supplements, health &amp; beauty in Morocco","description":"sell premium vitamins and supplements from USA &amp; Canada, New Zealand, Morocco (NOW Foods, Solgar, Manuka). Fast delivery anywhere in Morocco.","publisher":{"@id":"https:\/\/vitablanca.ma\/#organization"},"alternateName":"VitaBlanca.ma","potentialAction":[{"@type":"SearchAction","target":{"@type":"EntryPoint","urlTemplate":"https:\/\/vitablanca.ma\/?s={search_term_string}"},"query-input":{"@type":"PropertyValueSpecification","valueRequired":true,"valueName":"search_term_string"}}],"inLanguage":"en-US"},{"@type":"Organization","@id":"https:\/\/vitablanca.ma\/#organization","name":"VitaBlanca","url":"https:\/\/vitablanca.ma\/","logo":{"@type":"ImageObject","inLanguage":"en-US","@id":"https:\/\/vitablanca.ma\/#\/schema\/logo\/image\/","url":"https:\/\/vitablanca.ma\/wp-content\/uploads\/2025\/05\/cropped-vitablanca.png","contentUrl":"https:\/\/vitablanca.ma\/wp-content\/uploads\/2025\/05\/cropped-vitablanca.png","width":360,"height":67,"caption":"VitaBlanca"},"image":{"@id":"https:\/\/vitablanca.ma\/#\/schema\/logo\/image\/"},"sameAs":["https:\/\/www.facebook.com\/profile.php?id=61576678196717","https:\/\/www.tiktok.com\/@vitablanca.ma","https:\/\/www.instagram.com\/vitablanca.ma\/"]}]}},"jetpack_sharing_enabled":true,"_links":{"self":[{"href":"https:\/\/vitablanca.ma\/en\/wp-json\/wp\/v2\/product\/466","targetHints":{"allow":["GET"]}}],"collection":[{"href":"https:\/\/vitablanca.ma\/en\/wp-json\/wp\/v2\/product"}],"about":[{"href":"https:\/\/vitablanca.ma\/en\/wp-json\/wp\/v2\/types\/product"}],"wp:featuredmedia":[{"embeddable":true,"href":"https:\/\/vitablanca.ma\/en\/wp-json\/wp\/v2\/media\/467"}],"wp:attachment":[{"href":"https:\/\/vitablanca.ma\/en\/wp-json\/wp\/v2\/media?parent=466"}],"wp:term":[{"taxonomy":"product_brand","embeddable":true,"href":"https:\/\/vitablanca.ma\/en\/wp-json\/wp\/v2\/product_brand?post=466"},{"taxonomy":"product_cat","embeddable":true,"href":"https:\/\/vitablanca.ma\/en\/wp-json\/wp\/v2\/product_cat?post=466"},{"taxonomy":"product_tag","embeddable":true,"href":"https:\/\/vitablanca.ma\/en\/wp-json\/wp\/v2\/product_tag?post=466"}],"curies":[{"name":"wp","href":"https:\/\/api.w.org\/{rel}","templated":true}]}}