{"id":461,"date":"2025-04-26T01:33:59","date_gmt":"2025-04-26T01:33:59","guid":{"rendered":"https:\/\/vitablanca.ma\/?post_type=product&#038;p=461"},"modified":"2025-08-30T21:28:39","modified_gmt":"2025-08-30T21:28:39","slug":"solgar-full-spectrum-curcumin-60-liquid-extract-softgels","status":"publish","type":"product","link":"https:\/\/vitablanca.ma\/en\/product\/solgar-full-spectrum-curcumin-60-liquid-extract-softgels\/","title":{"rendered":"Solgar Full Spectrum Curcumin 60 Liquid Extract Softgels"},"content":{"rendered":"<p>Plus, mieux, plus rapide. C\u2019est la diff\u00e9rence avec Solgar Full Spectrum Curcumine. En fait, la biodisponibilit\u00e9 est 185 fois meilleure.\u25ca Pour la premi\u00e8re fois, Solgar transforme la curcumine faiblement absorb\u00e9e, d\u2019un phytonutriment liposoluble \u00e0 un hydrosoluble \u2026 le rendant imm\u00e9diatement pr\u00eat au corps, plusrapidement absorb\u00e9 et plus actif que jamais. Il est tellement avanc\u00e9 que seuls 40 mg de curcumine dans une g\u00e9lule d\u00e9livrent l\u2019\u00e9quivalence de presque 75 g\u00e9lules (100 mg) d\u2019extrait de curcumine standardis\u00e9. De plus, lors d\u2019une r\u00e9cente \u00e9tude cliniq, Solgar Full Spectrum Curcumin a \u00e9t\u00e9 d\u00e9montr\u00e9 \u00e0 \u00eatre plus durable pour qu\u2019il reste dans votre syst\u00e8me pendant 24 heures.\u25caMaintenant, pour la sant\u00e9 du cerveau, des articulations et de l\u2019immunit\u00e9 \u2013 Solgar change ce que vous croyiez possible \u00e0 partir de Curcumine \u2026 une g\u00e9lule, une fois par jour-185x mieux.\u25ca<\/p>\n<p>Body Ready makes the difference<\/p>\n<p>Un des d\u00e9fis de la curcumine \u2026 il y a une limite \u00e0 combien votre corps peut absorber et effectivement utiliser. Si l\u2019absorption augmente, des niveaux plus \u00e9lev\u00e9s de curcumine active peuvent \u00eatre lib\u00e9r\u00e9s \u00e0 travers de multiples voies pour soutenir la sant\u00e9 des articulations, du cerveau et du syst\u00e8me immunitaire. Enfin, Solgar prend la biodisponibilit\u00e9 et l\u2019absorption \u00e0 un tout autre niveau.<\/p>\n<p>Contrairement \u00e0 la poudre de curcumine ordinaire, Solgar commence avec un extrait de curcumine \u00e0 95%. La forme active normalis\u00e9e, purifi\u00e9e et concentr\u00e9e \u00e0 partir de racine de curcuma indig\u00e8ne (Curcuma longa). Pour la premi\u00e8re fois, Solgar entoure et encapsule l\u2019extrait de curcumine standardis\u00e9 avec microscopique, \u00abl\u2019eau-aimant\u00a0\u00bb sph\u00e8res appel\u00e9es micelles. Les micelles font la diff\u00e9rence dans l\u2019absorption et sont si microscopiquement petites qu\u2019elles permettent \u00e0 la curcumine d\u2019\u00eatre facilement transmise \u00e0 la circulation sanguine. \u00c0 cette taille, les micelles sont pratiquement invisibles et ont la capacit\u00e9 de transformer une poudre dense et opaque en liquide limpide, liquide pour le corps. Plus le liquide est clair \u2026 plus la biodisponibilit\u00e9 est importante. La grande biodisponibilit\u00e9 \u2026 plus grande est l\u2019absorption. Et, plus l\u2019absorption est grande \u2026 plus la puissance de la curcumine est grande.<\/p>\n<p>Plus et mieux absorb\u00e9, et aussi durable que jamais \u25ca-Full Spectrum Curcumine. Plus \u2026 Mieux \u2026 Plus rapide \u2026 185x plus grande biodisponibilit\u00e9.\u25ca<\/p>","protected":false},"excerpt":{"rendered":"<ul>\n<li>More, better, faster<\/li>\n<li>185x High bioavailability<\/li>\n<li>24\/7 Support<\/li>\n<li>GMO-free<\/li>\n<li>Gluten, wheat and lactose free<\/li>\n<li>Food supplement<\/li>\n<\/ul>","protected":false},"featured_media":464,"template":"","meta":{"om_disable_all_campaigns":false},"product_brand":[42],"product_cat":[18,3366,172,104,19],"product_tag":[181,468,242,220,208,52,53,467,49],"class_list":{"0":"post-461","1":"product","2":"type-product","3":"status-publish","4":"has-post-thumbnail","6":"product_brand-solgar-prix-maroc","7":"product_cat-beaute-sante","8":"product_cat-complements-alimentaires-au-maroc-vitablanca","9":"product_cat-curcumine","10":"product_cat-supplements-a-base-de-plantes","11":"product_cat-vitamines-supplements-dietetiques","12":"product_tag-complement-alimentaire","13":"product_tag-curcumin","14":"product_tag-sans-gluten","15":"product_tag-sans-ogm","16":"product_tag-solgar","17":"product_tag-solgar-amazon-maroc","18":"product_tag-solgar-casa","19":"product_tag-solgar-full-spectrum-curcumin","20":"product_tag-solgar-maroc","22":"first","23":"instock","24":"sale","25":"taxable","26":"shipping-taxable","27":"purchasable","28":"product-type-simple"},"yoast_head":"<!-- This site is optimized with the Yoast SEO plugin v27.5 - https:\/\/yoast.com\/product\/yoast-seo-wordpress\/ -->\n<title>Solgar Curcumine Spectre Complet, 60 G\u00e9lules - Maroc Prix<\/title>\n<meta name=\"description\" content=\"Achetez Solgar Curcumine Spectre Complet au Maroc. 60 g\u00e9lules liquides pour une biodisponibilit\u00e9 maximale. Soutien anti-inflammatoire.\" \/>\n<meta name=\"robots\" content=\"index, follow, max-snippet:-1, max-image-preview:large, max-video-preview:-1\" \/>\n<link rel=\"canonical\" href=\"https:\/\/vitablanca.ma\/en\/product\/solgar-full-spectrum-curcumin-60-liquid-extract-softgels\/\" \/>\n<meta property=\"og:locale\" content=\"en_US\" \/>\n<meta property=\"og:type\" content=\"article\" \/>\n<meta property=\"og:title\" content=\"Solgar Curcumine Spectre Complet, 60 G\u00e9lules - Maroc Prix\" \/>\n<meta property=\"og:description\" content=\"Achetez Solgar Curcumine Spectre Complet au Maroc. 60 g\u00e9lules liquides pour une biodisponibilit\u00e9 maximale. Soutien anti-inflammatoire.\" \/>\n<meta property=\"og:url\" content=\"https:\/\/vitablanca.ma\/en\/product\/solgar-full-spectrum-curcumin-60-liquid-extract-softgels\/\" \/>\n<meta property=\"og:site_name\" content=\"Vitablanca.ma &ndash; Sant&eacute;, vitalit&eacute; et bien-&ecirc;tre pour tous les Marocains\" \/>\n<meta property=\"article:publisher\" content=\"https:\/\/www.facebook.com\/profile.php?id=61576678196717\" \/>\n<meta property=\"article:modified_time\" content=\"2025-08-30T21:28:39+00:00\" \/>\n<meta property=\"og:image\" content=\"https:\/\/vitablanca.ma\/wp-content\/uploads\/2025\/04\/solgar-full-spectrum-curcumin-60-liquid-extract-softgels-.jpg\" \/>\n\t<meta property=\"og:image:width\" content=\"680\" \/>\n\t<meta property=\"og:image:height\" content=\"680\" \/>\n\t<meta property=\"og:image:type\" content=\"image\/jpeg\" \/>\n<meta name=\"twitter:card\" content=\"summary_large_image\" \/>\n<meta name=\"twitter:label1\" content=\"Est. reading time\" \/>\n\t<meta name=\"twitter:data1\" content=\"2 minutes\" \/>\n<script type=\"application\/ld+json\" class=\"yoast-schema-graph\">{\"@context\":\"https:\\\/\\\/schema.org\",\"@graph\":[{\"@type\":[\"WebPage\",\"ItemPage\"],\"@id\":\"https:\\\/\\\/vitablanca.ma\\\/produit\\\/solgar-full-spectrum-curcumin-60-liquid-extract-softgels\\\/\",\"url\":\"https:\\\/\\\/vitablanca.ma\\\/produit\\\/solgar-full-spectrum-curcumin-60-liquid-extract-softgels\\\/\",\"name\":\"Solgar Curcumine Spectre Complet, 60 G\u00e9lules - Maroc Prix\",\"isPartOf\":{\"@id\":\"https:\\\/\\\/vitablanca.ma\\\/#website\"},\"primaryImageOfPage\":{\"@id\":\"https:\\\/\\\/vitablanca.ma\\\/produit\\\/solgar-full-spectrum-curcumin-60-liquid-extract-softgels\\\/#primaryimage\"},\"image\":{\"@id\":\"https:\\\/\\\/vitablanca.ma\\\/produit\\\/solgar-full-spectrum-curcumin-60-liquid-extract-softgels\\\/#primaryimage\"},\"thumbnailUrl\":\"https:\\\/\\\/vitablanca.ma\\\/wp-content\\\/uploads\\\/2025\\\/04\\\/solgar-full-spectrum-curcumin-60-liquid-extract-softgels-.jpg\",\"datePublished\":\"2025-04-26T01:33:59+00:00\",\"dateModified\":\"2025-08-30T21:28:39+00:00\",\"description\":\"Achetez Solgar Curcumine Spectre Complet au Maroc. 60 g\u00e9lules liquides pour une biodisponibilit\u00e9 maximale. Soutien anti-inflammatoire.\",\"breadcrumb\":{\"@id\":\"https:\\\/\\\/vitablanca.ma\\\/produit\\\/solgar-full-spectrum-curcumin-60-liquid-extract-softgels\\\/#breadcrumb\"},\"inLanguage\":\"en-US\",\"potentialAction\":[{\"@type\":\"ReadAction\",\"target\":[\"https:\\\/\\\/vitablanca.ma\\\/produit\\\/solgar-full-spectrum-curcumin-60-liquid-extract-softgels\\\/\"]}]},{\"@type\":\"ImageObject\",\"inLanguage\":\"en-US\",\"@id\":\"https:\\\/\\\/vitablanca.ma\\\/produit\\\/solgar-full-spectrum-curcumin-60-liquid-extract-softgels\\\/#primaryimage\",\"url\":\"https:\\\/\\\/vitablanca.ma\\\/wp-content\\\/uploads\\\/2025\\\/04\\\/solgar-full-spectrum-curcumin-60-liquid-extract-softgels-.jpg\",\"contentUrl\":\"https:\\\/\\\/vitablanca.ma\\\/wp-content\\\/uploads\\\/2025\\\/04\\\/solgar-full-spectrum-curcumin-60-liquid-extract-softgels-.jpg\",\"width\":680,\"height\":680},{\"@type\":\"BreadcrumbList\",\"@id\":\"https:\\\/\\\/vitablanca.ma\\\/produit\\\/solgar-full-spectrum-curcumin-60-liquid-extract-softgels\\\/#breadcrumb\",\"itemListElement\":[{\"@type\":\"ListItem\",\"position\":1,\"name\":\"Home\",\"item\":\"https:\\\/\\\/vitablanca.ma\\\/\"},{\"@type\":\"ListItem\",\"position\":2,\"name\":\"Tous Les Produits\",\"item\":\"https:\\\/\\\/vitablanca.ma\\\/tous-les-produits\\\/\"},{\"@type\":\"ListItem\",\"position\":3,\"name\":\"Solgar Full Spectrum Curcumin 60 Liquid Extract Softgels\"}]},{\"@type\":\"WebSite\",\"@id\":\"https:\\\/\\\/vitablanca.ma\\\/#website\",\"url\":\"https:\\\/\\\/vitablanca.ma\\\/\",\"name\":\"VitaBlanca.ma | Compl\u00e9ments alimentaires, sant\u00e9 & beaut\u00e9 au Maroc\",\"description\":\"vendre vitamines et compl\u00e9ments premium des USA &amp; Canada, Nouvelle Z\u00e9lande,Maroc (NOW Foods, Solgar, Manuka). Livraison rapide partout au Maroc.\",\"publisher\":{\"@id\":\"https:\\\/\\\/vitablanca.ma\\\/#organization\"},\"alternateName\":\"VitaBlanca.ma\",\"potentialAction\":[{\"@type\":\"SearchAction\",\"target\":{\"@type\":\"EntryPoint\",\"urlTemplate\":\"https:\\\/\\\/vitablanca.ma\\\/?s={search_term_string}\"},\"query-input\":{\"@type\":\"PropertyValueSpecification\",\"valueRequired\":true,\"valueName\":\"search_term_string\"}}],\"inLanguage\":\"en-US\"},{\"@type\":\"Organization\",\"@id\":\"https:\\\/\\\/vitablanca.ma\\\/#organization\",\"name\":\"VitaBlanca\",\"url\":\"https:\\\/\\\/vitablanca.ma\\\/\",\"logo\":{\"@type\":\"ImageObject\",\"inLanguage\":\"en-US\",\"@id\":\"https:\\\/\\\/vitablanca.ma\\\/#\\\/schema\\\/logo\\\/image\\\/\",\"url\":\"https:\\\/\\\/vitablanca.ma\\\/wp-content\\\/uploads\\\/2025\\\/05\\\/cropped-vitablanca.png\",\"contentUrl\":\"https:\\\/\\\/vitablanca.ma\\\/wp-content\\\/uploads\\\/2025\\\/05\\\/cropped-vitablanca.png\",\"width\":360,\"height\":67,\"caption\":\"VitaBlanca\"},\"image\":{\"@id\":\"https:\\\/\\\/vitablanca.ma\\\/#\\\/schema\\\/logo\\\/image\\\/\"},\"sameAs\":[\"https:\\\/\\\/www.facebook.com\\\/profile.php?id=61576678196717\",\"https:\\\/\\\/www.tiktok.com\\\/@vitablanca.ma\",\"https:\\\/\\\/www.instagram.com\\\/vitablanca.ma\\\/\"]}]}<\/script>\n<!-- \/ Yoast SEO plugin. -->","yoast_head_json":{"title":"Solgar Full Spectrum Curcumin, 60 Capsules - Morocco Price","description":"Buy Solgar Full Spectrum Curcumin in Morocco. 60 liquid capsules for maximum bioavailability. Anti-inflammatory support.","robots":{"index":"index","follow":"follow","max-snippet":"max-snippet:-1","max-image-preview":"max-image-preview:large","max-video-preview":"max-video-preview:-1"},"canonical":"https:\/\/vitablanca.ma\/en\/product\/solgar-full-spectrum-curcumin-60-liquid-extract-softgels\/","og_locale":"en_US","og_type":"article","og_title":"Solgar Curcumine Spectre Complet, 60 G\u00e9lules - Maroc Prix","og_description":"Achetez Solgar Curcumine Spectre Complet au Maroc. 60 g\u00e9lules liquides pour une biodisponibilit\u00e9 maximale. Soutien anti-inflammatoire.","og_url":"https:\/\/vitablanca.ma\/en\/product\/solgar-full-spectrum-curcumin-60-liquid-extract-softgels\/","og_site_name":"Vitablanca.ma &ndash; Sant&eacute;, vitalit&eacute; et bien-&ecirc;tre pour tous les Marocains","article_publisher":"https:\/\/www.facebook.com\/profile.php?id=61576678196717","article_modified_time":"2025-08-30T21:28:39+00:00","og_image":[{"width":680,"height":680,"url":"https:\/\/vitablanca.ma\/wp-content\/uploads\/2025\/04\/solgar-full-spectrum-curcumin-60-liquid-extract-softgels-.jpg","type":"image\/jpeg"}],"twitter_card":"summary_large_image","twitter_misc":{"Est. reading time":"2 minutes"},"schema":{"@context":"https:\/\/schema.org","@graph":[{"@type":["WebPage","ItemPage"],"@id":"https:\/\/vitablanca.ma\/produit\/solgar-full-spectrum-curcumin-60-liquid-extract-softgels\/","url":"https:\/\/vitablanca.ma\/produit\/solgar-full-spectrum-curcumin-60-liquid-extract-softgels\/","name":"Solgar Full Spectrum Curcumin, 60 Capsules - Morocco Price","isPartOf":{"@id":"https:\/\/vitablanca.ma\/#website"},"primaryImageOfPage":{"@id":"https:\/\/vitablanca.ma\/produit\/solgar-full-spectrum-curcumin-60-liquid-extract-softgels\/#primaryimage"},"image":{"@id":"https:\/\/vitablanca.ma\/produit\/solgar-full-spectrum-curcumin-60-liquid-extract-softgels\/#primaryimage"},"thumbnailUrl":"https:\/\/vitablanca.ma\/wp-content\/uploads\/2025\/04\/solgar-full-spectrum-curcumin-60-liquid-extract-softgels-.jpg","datePublished":"2025-04-26T01:33:59+00:00","dateModified":"2025-08-30T21:28:39+00:00","description":"Buy Solgar Full Spectrum Curcumin in Morocco. 60 liquid capsules for maximum bioavailability. Anti-inflammatory support.","breadcrumb":{"@id":"https:\/\/vitablanca.ma\/produit\/solgar-full-spectrum-curcumin-60-liquid-extract-softgels\/#breadcrumb"},"inLanguage":"en-US","potentialAction":[{"@type":"ReadAction","target":["https:\/\/vitablanca.ma\/produit\/solgar-full-spectrum-curcumin-60-liquid-extract-softgels\/"]}]},{"@type":"ImageObject","inLanguage":"en-US","@id":"https:\/\/vitablanca.ma\/produit\/solgar-full-spectrum-curcumin-60-liquid-extract-softgels\/#primaryimage","url":"https:\/\/vitablanca.ma\/wp-content\/uploads\/2025\/04\/solgar-full-spectrum-curcumin-60-liquid-extract-softgels-.jpg","contentUrl":"https:\/\/vitablanca.ma\/wp-content\/uploads\/2025\/04\/solgar-full-spectrum-curcumin-60-liquid-extract-softgels-.jpg","width":680,"height":680},{"@type":"BreadcrumbList","@id":"https:\/\/vitablanca.ma\/produit\/solgar-full-spectrum-curcumin-60-liquid-extract-softgels\/#breadcrumb","itemListElement":[{"@type":"ListItem","position":1,"name":"Home","item":"https:\/\/vitablanca.ma\/"},{"@type":"ListItem","position":2,"name":"Tous Les Produits","item":"https:\/\/vitablanca.ma\/tous-les-produits\/"},{"@type":"ListItem","position":3,"name":"Solgar Full Spectrum Curcumin 60 Liquid Extract Softgels"}]},{"@type":"WebSite","@id":"https:\/\/vitablanca.ma\/#website","url":"https:\/\/vitablanca.ma\/","name":"VitaBlanca.ma | Food supplements, health &amp; beauty in Morocco","description":"sell premium vitamins and supplements from USA &amp; Canada, New Zealand, Morocco (NOW Foods, Solgar, Manuka). Fast delivery anywhere in Morocco.","publisher":{"@id":"https:\/\/vitablanca.ma\/#organization"},"alternateName":"VitaBlanca.ma","potentialAction":[{"@type":"SearchAction","target":{"@type":"EntryPoint","urlTemplate":"https:\/\/vitablanca.ma\/?s={search_term_string}"},"query-input":{"@type":"PropertyValueSpecification","valueRequired":true,"valueName":"search_term_string"}}],"inLanguage":"en-US"},{"@type":"Organization","@id":"https:\/\/vitablanca.ma\/#organization","name":"VitaBlanca","url":"https:\/\/vitablanca.ma\/","logo":{"@type":"ImageObject","inLanguage":"en-US","@id":"https:\/\/vitablanca.ma\/#\/schema\/logo\/image\/","url":"https:\/\/vitablanca.ma\/wp-content\/uploads\/2025\/05\/cropped-vitablanca.png","contentUrl":"https:\/\/vitablanca.ma\/wp-content\/uploads\/2025\/05\/cropped-vitablanca.png","width":360,"height":67,"caption":"VitaBlanca"},"image":{"@id":"https:\/\/vitablanca.ma\/#\/schema\/logo\/image\/"},"sameAs":["https:\/\/www.facebook.com\/profile.php?id=61576678196717","https:\/\/www.tiktok.com\/@vitablanca.ma","https:\/\/www.instagram.com\/vitablanca.ma\/"]}]}},"jetpack_sharing_enabled":true,"_links":{"self":[{"href":"https:\/\/vitablanca.ma\/en\/wp-json\/wp\/v2\/product\/461","targetHints":{"allow":["GET"]}}],"collection":[{"href":"https:\/\/vitablanca.ma\/en\/wp-json\/wp\/v2\/product"}],"about":[{"href":"https:\/\/vitablanca.ma\/en\/wp-json\/wp\/v2\/types\/product"}],"wp:featuredmedia":[{"embeddable":true,"href":"https:\/\/vitablanca.ma\/en\/wp-json\/wp\/v2\/media\/464"}],"wp:attachment":[{"href":"https:\/\/vitablanca.ma\/en\/wp-json\/wp\/v2\/media?parent=461"}],"wp:term":[{"taxonomy":"product_brand","embeddable":true,"href":"https:\/\/vitablanca.ma\/en\/wp-json\/wp\/v2\/product_brand?post=461"},{"taxonomy":"product_cat","embeddable":true,"href":"https:\/\/vitablanca.ma\/en\/wp-json\/wp\/v2\/product_cat?post=461"},{"taxonomy":"product_tag","embeddable":true,"href":"https:\/\/vitablanca.ma\/en\/wp-json\/wp\/v2\/product_tag?post=461"}],"curies":[{"name":"wp","href":"https:\/\/api.w.org\/{rel}","templated":true}]}}