{"id":458,"date":"2025-04-26T01:12:25","date_gmt":"2025-04-26T01:12:25","guid":{"rendered":"https:\/\/vitablanca.ma\/?post_type=product&#038;p=458"},"modified":"2025-08-30T21:28:39","modified_gmt":"2025-08-30T21:28:39","slug":"now-foods-vitamine-c-1000-250-comprimes","status":"publish","type":"product","link":"https:\/\/vitablanca.ma\/en\/product\/now-foods-vitamine-c-1000-250-comprimes\/","title":{"rendered":"Now Foods Vitamin C-1000, 250 Tablets"},"content":{"rendered":"<p>La vitamine C est un nutriment soluble dans l\u2019eau connu pour son r\u00f4le vital au sein du syst\u00e8me immunitaire. La vitamine C est \u00e9galement n\u00e9cessaire \u00e0 la production de collag\u00e8ne (une prot\u00e9ine structurelle des tissus conjonctifs), ce qui en fait un \u00e9l\u00e9ment important pour la sant\u00e9 de la peau, des os et des articulations. La vitamine C est n\u00e9cessaire pour le m\u00e9tabolisme des acides amin\u00e9s, la synth\u00e8se des neurotransmetteurs et l\u2019utilisation de nombreux nutriments comme l\u2019acide folique et le fer. Par ailleurs, la vitamine C est un antioxydant particuli\u00e8rement efficace, capable de prot\u00e9ger les cellules et mol\u00e9cules de l\u2019organisme des dommages inflig\u00e9s par les radicaux libres et les mol\u00e9cules d\u2019oxyg\u00e8ne r\u00e9actives dans le cadre du m\u00e9tabolisme normal et de l\u2019exposition aux facteurs de stress environnementaux. Ce produit a \u00e9t\u00e9 sp\u00e9cialement formul\u00e9 pour offrir une lib\u00e9ration prolong\u00e9e de vitamine C et contient du cynorrhodon comme source suppl\u00e9mentaire de vitamine C.<\/p>\n<p>Suggested Use<\/p>\n<p>Take one tablet daily.<\/p>\n<p>This product is designed for extended release over an extended period.<\/p>","protected":false},"excerpt":{"rendered":"<ul>\n<li>Antioxidant protection<\/li>\n<li>Extended release<\/li>\n<li>Contains rosehip<\/li>\n<li>GMO-free<\/li>\n<li>Food supplement<\/li>\n<li>Vegetarian\/Vegan<\/li>\n<li>Vitamins<\/li>\n<li>GMP quality assured<\/li>\n<\/ul>","protected":false},"featured_media":459,"template":"","meta":{"om_disable_all_campaigns":false},"product_brand":[83],"product_cat":[18,3366,104,440,130,19],"product_tag":[181,466,91,388,726,220,387,465,183],"class_list":{"0":"post-458","1":"product","2":"type-product","3":"status-publish","4":"has-post-thumbnail","6":"product_brand-now-foods-maroc-prix","7":"product_cat-beaute-sante","8":"product_cat-complements-alimentaires-au-maroc-vitablanca","9":"product_cat-supplements-a-base-de-plantes","10":"product_cat-vitamine-c","11":"product_cat-vitamines","12":"product_cat-vitamines-supplements-dietetiques","13":"product_tag-complement-alimentaire","14":"product_tag-liberation-prolongee","15":"product_tag-now-foods-maroc","16":"product_tag-now-foods-maroc-avis","17":"product_tag-now-foods-maroc-prix","18":"product_tag-sans-ogm","19":"product_tag-vegetarien","20":"product_tag-vitamine-c-1000","21":"product_tag-vitamines","23":"first","24":"instock","25":"sale","26":"taxable","27":"shipping-taxable","28":"purchasable","29":"product-type-simple"},"yoast_head":"<!-- This site is optimized with the Yoast SEO plugin v27.5 - https:\/\/yoast.com\/product\/yoast-seo-wordpress\/ -->\n<title>Now Foods Vitamine C-1000, 250 comprim\u00e9s - Maroc Prix<\/title>\n<meta name=\"description\" content=\"Achetez Now Foods Vitamine C-1000 au Maroc. Ces 250 comprim\u00e9s offrent un puissant soutien immunitaire, une protection antioxydante et contribuent \u00e0 la sant\u00e9 de la peau.\" \/>\n<meta name=\"robots\" content=\"index, follow, max-snippet:-1, max-image-preview:large, max-video-preview:-1\" \/>\n<link rel=\"canonical\" href=\"https:\/\/vitablanca.ma\/en\/product\/now-foods-vitamine-c-1000-250-comprimes\/\" \/>\n<meta property=\"og:locale\" content=\"en_US\" \/>\n<meta property=\"og:type\" content=\"article\" \/>\n<meta property=\"og:title\" content=\"Now Foods Vitamine C-1000, 250 comprim\u00e9s - Maroc Prix\" \/>\n<meta property=\"og:description\" content=\"Achetez Now Foods Vitamine C-1000 au Maroc. Ces 250 comprim\u00e9s offrent un puissant soutien immunitaire, une protection antioxydante et contribuent \u00e0 la sant\u00e9 de la peau.\" \/>\n<meta property=\"og:url\" content=\"https:\/\/vitablanca.ma\/en\/product\/now-foods-vitamine-c-1000-250-comprimes\/\" \/>\n<meta property=\"og:site_name\" content=\"Vitablanca.ma &ndash; Sant&eacute;, vitalit&eacute; et bien-&ecirc;tre pour tous les Marocains\" \/>\n<meta property=\"article:publisher\" content=\"https:\/\/www.facebook.com\/profile.php?id=61576678196717\" \/>\n<meta property=\"article:modified_time\" content=\"2025-08-30T21:28:39+00:00\" \/>\n<meta property=\"og:image\" content=\"https:\/\/vitablanca.ma\/wp-content\/uploads\/2025\/04\/vitamine-c-1000-250-comprimes-now-foods-.jpg\" \/>\n\t<meta property=\"og:image:width\" content=\"680\" \/>\n\t<meta property=\"og:image:height\" content=\"680\" \/>\n\t<meta property=\"og:image:type\" content=\"image\/jpeg\" \/>\n<meta name=\"twitter:card\" content=\"summary_large_image\" \/>\n<meta name=\"twitter:label1\" content=\"Est. reading time\" \/>\n\t<meta name=\"twitter:data1\" content=\"2 minutes\" \/>\n<script type=\"application\/ld+json\" class=\"yoast-schema-graph\">{\"@context\":\"https:\\\/\\\/schema.org\",\"@graph\":[{\"@type\":[\"WebPage\",\"ItemPage\"],\"@id\":\"https:\\\/\\\/vitablanca.ma\\\/produit\\\/now-foods-vitamine-c-1000-250-comprimes\\\/\",\"url\":\"https:\\\/\\\/vitablanca.ma\\\/produit\\\/now-foods-vitamine-c-1000-250-comprimes\\\/\",\"name\":\"Now Foods Vitamine C-1000, 250 comprim\u00e9s - Maroc Prix\",\"isPartOf\":{\"@id\":\"https:\\\/\\\/vitablanca.ma\\\/#website\"},\"primaryImageOfPage\":{\"@id\":\"https:\\\/\\\/vitablanca.ma\\\/produit\\\/now-foods-vitamine-c-1000-250-comprimes\\\/#primaryimage\"},\"image\":{\"@id\":\"https:\\\/\\\/vitablanca.ma\\\/produit\\\/now-foods-vitamine-c-1000-250-comprimes\\\/#primaryimage\"},\"thumbnailUrl\":\"https:\\\/\\\/vitablanca.ma\\\/wp-content\\\/uploads\\\/2025\\\/04\\\/vitamine-c-1000-250-comprimes-now-foods-.jpg\",\"datePublished\":\"2025-04-26T01:12:25+00:00\",\"dateModified\":\"2025-08-30T21:28:39+00:00\",\"description\":\"Achetez Now Foods Vitamine C-1000 au Maroc. Ces 250 comprim\u00e9s offrent un puissant soutien immunitaire, une protection antioxydante et contribuent \u00e0 la sant\u00e9 de la peau.\",\"breadcrumb\":{\"@id\":\"https:\\\/\\\/vitablanca.ma\\\/produit\\\/now-foods-vitamine-c-1000-250-comprimes\\\/#breadcrumb\"},\"inLanguage\":\"en-US\",\"potentialAction\":[{\"@type\":\"ReadAction\",\"target\":[\"https:\\\/\\\/vitablanca.ma\\\/produit\\\/now-foods-vitamine-c-1000-250-comprimes\\\/\"]}]},{\"@type\":\"ImageObject\",\"inLanguage\":\"en-US\",\"@id\":\"https:\\\/\\\/vitablanca.ma\\\/produit\\\/now-foods-vitamine-c-1000-250-comprimes\\\/#primaryimage\",\"url\":\"https:\\\/\\\/vitablanca.ma\\\/wp-content\\\/uploads\\\/2025\\\/04\\\/vitamine-c-1000-250-comprimes-now-foods-.jpg\",\"contentUrl\":\"https:\\\/\\\/vitablanca.ma\\\/wp-content\\\/uploads\\\/2025\\\/04\\\/vitamine-c-1000-250-comprimes-now-foods-.jpg\",\"width\":680,\"height\":680},{\"@type\":\"BreadcrumbList\",\"@id\":\"https:\\\/\\\/vitablanca.ma\\\/produit\\\/now-foods-vitamine-c-1000-250-comprimes\\\/#breadcrumb\",\"itemListElement\":[{\"@type\":\"ListItem\",\"position\":1,\"name\":\"Home\",\"item\":\"https:\\\/\\\/vitablanca.ma\\\/\"},{\"@type\":\"ListItem\",\"position\":2,\"name\":\"Tous Les Produits\",\"item\":\"https:\\\/\\\/vitablanca.ma\\\/tous-les-produits\\\/\"},{\"@type\":\"ListItem\",\"position\":3,\"name\":\"Now Foods Vitamine C-1000, 250 comprim\u00e9s\"}]},{\"@type\":\"WebSite\",\"@id\":\"https:\\\/\\\/vitablanca.ma\\\/#website\",\"url\":\"https:\\\/\\\/vitablanca.ma\\\/\",\"name\":\"VitaBlanca.ma | Compl\u00e9ments alimentaires, sant\u00e9 & beaut\u00e9 au Maroc\",\"description\":\"vendre vitamines et compl\u00e9ments premium des USA &amp; Canada, Nouvelle Z\u00e9lande,Maroc (NOW Foods, Solgar, Manuka). Livraison rapide partout au Maroc.\",\"publisher\":{\"@id\":\"https:\\\/\\\/vitablanca.ma\\\/#organization\"},\"alternateName\":\"VitaBlanca.ma\",\"potentialAction\":[{\"@type\":\"SearchAction\",\"target\":{\"@type\":\"EntryPoint\",\"urlTemplate\":\"https:\\\/\\\/vitablanca.ma\\\/?s={search_term_string}\"},\"query-input\":{\"@type\":\"PropertyValueSpecification\",\"valueRequired\":true,\"valueName\":\"search_term_string\"}}],\"inLanguage\":\"en-US\"},{\"@type\":\"Organization\",\"@id\":\"https:\\\/\\\/vitablanca.ma\\\/#organization\",\"name\":\"VitaBlanca\",\"url\":\"https:\\\/\\\/vitablanca.ma\\\/\",\"logo\":{\"@type\":\"ImageObject\",\"inLanguage\":\"en-US\",\"@id\":\"https:\\\/\\\/vitablanca.ma\\\/#\\\/schema\\\/logo\\\/image\\\/\",\"url\":\"https:\\\/\\\/vitablanca.ma\\\/wp-content\\\/uploads\\\/2025\\\/05\\\/cropped-vitablanca.png\",\"contentUrl\":\"https:\\\/\\\/vitablanca.ma\\\/wp-content\\\/uploads\\\/2025\\\/05\\\/cropped-vitablanca.png\",\"width\":360,\"height\":67,\"caption\":\"VitaBlanca\"},\"image\":{\"@id\":\"https:\\\/\\\/vitablanca.ma\\\/#\\\/schema\\\/logo\\\/image\\\/\"},\"sameAs\":[\"https:\\\/\\\/www.facebook.com\\\/profile.php?id=61576678196717\",\"https:\\\/\\\/www.tiktok.com\\\/@vitablanca.ma\",\"https:\\\/\\\/www.instagram.com\\\/vitablanca.ma\\\/\"]}]}<\/script>\n<!-- \/ Yoast SEO plugin. -->","yoast_head_json":{"title":"Now Foods Vitamin C-1000, 250 Tablets - Morocco Price","description":"Buy Now Foods Vitamin C-1000 in Morocco. These 250 tablets provide powerful immune support, antioxidant protection, and contribute to skin health.","robots":{"index":"index","follow":"follow","max-snippet":"max-snippet:-1","max-image-preview":"max-image-preview:large","max-video-preview":"max-video-preview:-1"},"canonical":"https:\/\/vitablanca.ma\/en\/product\/now-foods-vitamine-c-1000-250-comprimes\/","og_locale":"en_US","og_type":"article","og_title":"Now Foods Vitamine C-1000, 250 comprim\u00e9s - Maroc Prix","og_description":"Achetez Now Foods Vitamine C-1000 au Maroc. Ces 250 comprim\u00e9s offrent un puissant soutien immunitaire, une protection antioxydante et contribuent \u00e0 la sant\u00e9 de la peau.","og_url":"https:\/\/vitablanca.ma\/en\/product\/now-foods-vitamine-c-1000-250-comprimes\/","og_site_name":"Vitablanca.ma &ndash; Sant&eacute;, vitalit&eacute; et bien-&ecirc;tre pour tous les Marocains","article_publisher":"https:\/\/www.facebook.com\/profile.php?id=61576678196717","article_modified_time":"2025-08-30T21:28:39+00:00","og_image":[{"width":680,"height":680,"url":"https:\/\/vitablanca.ma\/wp-content\/uploads\/2025\/04\/vitamine-c-1000-250-comprimes-now-foods-.jpg","type":"image\/jpeg"}],"twitter_card":"summary_large_image","twitter_misc":{"Est. reading time":"2 minutes"},"schema":{"@context":"https:\/\/schema.org","@graph":[{"@type":["WebPage","ItemPage"],"@id":"https:\/\/vitablanca.ma\/produit\/now-foods-vitamine-c-1000-250-comprimes\/","url":"https:\/\/vitablanca.ma\/produit\/now-foods-vitamine-c-1000-250-comprimes\/","name":"Now Foods Vitamin C-1000, 250 Tablets - Morocco Price","isPartOf":{"@id":"https:\/\/vitablanca.ma\/#website"},"primaryImageOfPage":{"@id":"https:\/\/vitablanca.ma\/produit\/now-foods-vitamine-c-1000-250-comprimes\/#primaryimage"},"image":{"@id":"https:\/\/vitablanca.ma\/produit\/now-foods-vitamine-c-1000-250-comprimes\/#primaryimage"},"thumbnailUrl":"https:\/\/vitablanca.ma\/wp-content\/uploads\/2025\/04\/vitamine-c-1000-250-comprimes-now-foods-.jpg","datePublished":"2025-04-26T01:12:25+00:00","dateModified":"2025-08-30T21:28:39+00:00","description":"Buy Now Foods Vitamin C-1000 in Morocco. These 250 tablets provide powerful immune support, antioxidant protection, and contribute to skin health.","breadcrumb":{"@id":"https:\/\/vitablanca.ma\/produit\/now-foods-vitamine-c-1000-250-comprimes\/#breadcrumb"},"inLanguage":"en-US","potentialAction":[{"@type":"ReadAction","target":["https:\/\/vitablanca.ma\/produit\/now-foods-vitamine-c-1000-250-comprimes\/"]}]},{"@type":"ImageObject","inLanguage":"en-US","@id":"https:\/\/vitablanca.ma\/produit\/now-foods-vitamine-c-1000-250-comprimes\/#primaryimage","url":"https:\/\/vitablanca.ma\/wp-content\/uploads\/2025\/04\/vitamine-c-1000-250-comprimes-now-foods-.jpg","contentUrl":"https:\/\/vitablanca.ma\/wp-content\/uploads\/2025\/04\/vitamine-c-1000-250-comprimes-now-foods-.jpg","width":680,"height":680},{"@type":"BreadcrumbList","@id":"https:\/\/vitablanca.ma\/produit\/now-foods-vitamine-c-1000-250-comprimes\/#breadcrumb","itemListElement":[{"@type":"ListItem","position":1,"name":"Home","item":"https:\/\/vitablanca.ma\/"},{"@type":"ListItem","position":2,"name":"Tous Les Produits","item":"https:\/\/vitablanca.ma\/tous-les-produits\/"},{"@type":"ListItem","position":3,"name":"Now Foods Vitamine C-1000, 250 comprim\u00e9s"}]},{"@type":"WebSite","@id":"https:\/\/vitablanca.ma\/#website","url":"https:\/\/vitablanca.ma\/","name":"VitaBlanca.ma | Food supplements, health &amp; beauty in Morocco","description":"sell premium vitamins and supplements from USA &amp; Canada, New Zealand, Morocco (NOW Foods, Solgar, Manuka). Fast delivery anywhere in Morocco.","publisher":{"@id":"https:\/\/vitablanca.ma\/#organization"},"alternateName":"VitaBlanca.ma","potentialAction":[{"@type":"SearchAction","target":{"@type":"EntryPoint","urlTemplate":"https:\/\/vitablanca.ma\/?s={search_term_string}"},"query-input":{"@type":"PropertyValueSpecification","valueRequired":true,"valueName":"search_term_string"}}],"inLanguage":"en-US"},{"@type":"Organization","@id":"https:\/\/vitablanca.ma\/#organization","name":"VitaBlanca","url":"https:\/\/vitablanca.ma\/","logo":{"@type":"ImageObject","inLanguage":"en-US","@id":"https:\/\/vitablanca.ma\/#\/schema\/logo\/image\/","url":"https:\/\/vitablanca.ma\/wp-content\/uploads\/2025\/05\/cropped-vitablanca.png","contentUrl":"https:\/\/vitablanca.ma\/wp-content\/uploads\/2025\/05\/cropped-vitablanca.png","width":360,"height":67,"caption":"VitaBlanca"},"image":{"@id":"https:\/\/vitablanca.ma\/#\/schema\/logo\/image\/"},"sameAs":["https:\/\/www.facebook.com\/profile.php?id=61576678196717","https:\/\/www.tiktok.com\/@vitablanca.ma","https:\/\/www.instagram.com\/vitablanca.ma\/"]}]}},"jetpack_sharing_enabled":true,"_links":{"self":[{"href":"https:\/\/vitablanca.ma\/en\/wp-json\/wp\/v2\/product\/458","targetHints":{"allow":["GET"]}}],"collection":[{"href":"https:\/\/vitablanca.ma\/en\/wp-json\/wp\/v2\/product"}],"about":[{"href":"https:\/\/vitablanca.ma\/en\/wp-json\/wp\/v2\/types\/product"}],"wp:featuredmedia":[{"embeddable":true,"href":"https:\/\/vitablanca.ma\/en\/wp-json\/wp\/v2\/media\/459"}],"wp:attachment":[{"href":"https:\/\/vitablanca.ma\/en\/wp-json\/wp\/v2\/media?parent=458"}],"wp:term":[{"taxonomy":"product_brand","embeddable":true,"href":"https:\/\/vitablanca.ma\/en\/wp-json\/wp\/v2\/product_brand?post=458"},{"taxonomy":"product_cat","embeddable":true,"href":"https:\/\/vitablanca.ma\/en\/wp-json\/wp\/v2\/product_cat?post=458"},{"taxonomy":"product_tag","embeddable":true,"href":"https:\/\/vitablanca.ma\/en\/wp-json\/wp\/v2\/product_tag?post=458"}],"curies":[{"name":"wp","href":"https:\/\/api.w.org\/{rel}","templated":true}]}}