{"id":444,"date":"2025-04-26T00:19:05","date_gmt":"2025-04-26T00:19:05","guid":{"rendered":"https:\/\/vitablanca.ma\/?post_type=product&#038;p=444"},"modified":"2025-12-01T19:20:09","modified_gmt":"2025-12-01T19:20:09","slug":"solgar-megasorb-coq-10-100-mg-90-capsules-a-enveloppe-molle","status":"publish","type":"product","link":"https:\/\/vitablanca.ma\/en\/product\/solgar-megasorb-coq-10-100-mg-90-capsules-a-enveloppe-molle\/","title":{"rendered":"Solgar Megasorb CoQ 10, 100 mg, 90 softgels"},"content":{"rendered":"<p>Les niveaux de CoQ10 peuvent \u00eatre affect\u00e9s par l\u2019\u00e2ge, l\u2019exercice et les facteurs de stress environnementaux. La CoQ10 favorise la fonction cardiaque et soutient un vieillissement en bonne sant\u00e9. Cette formule est propos\u00e9e dans une capsule \u00e0 enveloppe molle et \u00e0 base d\u2019huile pour favoriser une absorption et une assimilation optimales.<\/p>\n<p>Suggested Use<\/p>\n<p>En compl\u00e9ment alimentaire chez l\u2019adulte, prenez une (1) capsule \u00e0 enveloppe molle une \u00e0 deux fois par jour, de pr\u00e9f\u00e9rence durant un repas<\/p>\n<p>Improved absorption<\/p>\n<p>GMO-free<\/p>\n<p>Sans gluten, bl\u00e9 & produits laitiers<\/p>\n<p>Food supplement<\/p>\n<p>KanekaQ10<\/p>","protected":false},"excerpt":{"rendered":"<ul>\n<li>Improved absorption<\/li>\n<li>GMO-free<\/li>\n<li>Gluten, wheat &amp; dairy free<\/li>\n<li>Food supplement<\/li>\n<li>KanekaQ10<\/li>\n<li>CoQ10 levels can be affected by age, exercise, and environmental stressors.<\/li>\n<li>CoQ10 promotes heart function and supports healthy aging.<\/li>\n<li>This formula is offered in a softgel, oil-based capsule to promote optimal absorption and assimilation.<\/li>\n<\/ul>","protected":false},"featured_media":447,"template":"","meta":{"om_disable_all_campaigns":false},"product_brand":[42],"product_cat":[18,3366,20,19],"product_tag":[181,455,242,220,454],"class_list":{"0":"post-444","1":"product","2":"type-product","3":"status-publish","4":"has-post-thumbnail","6":"product_brand-solgar-prix-maroc","7":"product_cat-beaute-sante","8":"product_cat-complements-alimentaires-au-maroc-vitablanca","9":"product_cat-supplements","10":"product_cat-vitamines-supplements-dietetiques","11":"product_tag-complement-alimentaire","12":"product_tag-coq10","13":"product_tag-sans-gluten","14":"product_tag-sans-ogm","15":"product_tag-solgar-megasorb-coq","17":"first","18":"instock","19":"sale","20":"taxable","21":"shipping-taxable","22":"purchasable","23":"product-type-simple"},"yoast_head":"<!-- This site is optimized with the Yoast SEO plugin v27.5 - https:\/\/yoast.com\/product\/yoast-seo-wordpress\/ -->\n<title>Solgar Megasorb CoQ 10, 100 mg, 90 capsules - Maroc Prix<\/title>\n<meta name=\"description\" content=\"Achetez Solgar Megasorb CoQ10 100 mg au Maroc. 90 capsules molles pour une absorption am\u00e9lior\u00e9e. Soutien essentiel pour la sant\u00e9 cardiaque.\" \/>\n<meta name=\"robots\" content=\"index, follow, max-snippet:-1, max-image-preview:large, max-video-preview:-1\" \/>\n<link rel=\"canonical\" href=\"https:\/\/vitablanca.ma\/en\/product\/solgar-megasorb-coq-10-100-mg-90-capsules-a-enveloppe-molle\/\" \/>\n<meta property=\"og:locale\" content=\"en_US\" \/>\n<meta property=\"og:type\" content=\"article\" \/>\n<meta property=\"og:title\" content=\"Solgar Megasorb CoQ 10, 100 mg, 90 capsules - Maroc Prix\" \/>\n<meta property=\"og:description\" content=\"Achetez Solgar Megasorb CoQ10 100 mg au Maroc. 90 capsules molles pour une absorption am\u00e9lior\u00e9e. Soutien essentiel pour la sant\u00e9 cardiaque.\" \/>\n<meta property=\"og:url\" content=\"https:\/\/vitablanca.ma\/en\/product\/solgar-megasorb-coq-10-100-mg-90-capsules-a-enveloppe-molle\/\" \/>\n<meta property=\"og:site_name\" content=\"Vitablanca.ma &ndash; Sant&eacute;, vitalit&eacute; et bien-&ecirc;tre pour tous les Marocains\" \/>\n<meta property=\"article:publisher\" content=\"https:\/\/www.facebook.com\/profile.php?id=61576678196717\" \/>\n<meta property=\"article:modified_time\" content=\"2025-12-01T19:20:09+00:00\" \/>\n<meta property=\"og:image\" content=\"https:\/\/vitablanca.ma\/wp-content\/uploads\/2025\/04\/solgar-megasorb-coq-10-100-mg-90-capsules.jpg\" \/>\n\t<meta property=\"og:image:width\" content=\"680\" \/>\n\t<meta property=\"og:image:height\" content=\"680\" \/>\n\t<meta property=\"og:image:type\" content=\"image\/jpeg\" \/>\n<meta name=\"twitter:card\" content=\"summary_large_image\" \/>\n<meta name=\"twitter:label1\" content=\"Est. reading time\" \/>\n\t<meta name=\"twitter:data1\" content=\"1 minute\" \/>\n<script type=\"application\/ld+json\" class=\"yoast-schema-graph\">{\"@context\":\"https:\\\/\\\/schema.org\",\"@graph\":[{\"@type\":[\"WebPage\",\"ItemPage\"],\"@id\":\"https:\\\/\\\/vitablanca.ma\\\/produit\\\/solgar-megasorb-coq-10-100-mg-90-capsules-a-enveloppe-molle\\\/\",\"url\":\"https:\\\/\\\/vitablanca.ma\\\/produit\\\/solgar-megasorb-coq-10-100-mg-90-capsules-a-enveloppe-molle\\\/\",\"name\":\"Solgar Megasorb CoQ 10, 100 mg, 90 capsules - Maroc Prix\",\"isPartOf\":{\"@id\":\"https:\\\/\\\/vitablanca.ma\\\/#website\"},\"primaryImageOfPage\":{\"@id\":\"https:\\\/\\\/vitablanca.ma\\\/produit\\\/solgar-megasorb-coq-10-100-mg-90-capsules-a-enveloppe-molle\\\/#primaryimage\"},\"image\":{\"@id\":\"https:\\\/\\\/vitablanca.ma\\\/produit\\\/solgar-megasorb-coq-10-100-mg-90-capsules-a-enveloppe-molle\\\/#primaryimage\"},\"thumbnailUrl\":\"https:\\\/\\\/vitablanca.ma\\\/wp-content\\\/uploads\\\/2025\\\/04\\\/solgar-megasorb-coq-10-100-mg-90-capsules.jpg\",\"datePublished\":\"2025-04-26T00:19:05+00:00\",\"dateModified\":\"2025-12-01T19:20:09+00:00\",\"description\":\"Achetez Solgar Megasorb CoQ10 100 mg au Maroc. 90 capsules molles pour une absorption am\u00e9lior\u00e9e. Soutien essentiel pour la sant\u00e9 cardiaque.\",\"breadcrumb\":{\"@id\":\"https:\\\/\\\/vitablanca.ma\\\/produit\\\/solgar-megasorb-coq-10-100-mg-90-capsules-a-enveloppe-molle\\\/#breadcrumb\"},\"inLanguage\":\"en-US\",\"potentialAction\":[{\"@type\":\"ReadAction\",\"target\":[\"https:\\\/\\\/vitablanca.ma\\\/produit\\\/solgar-megasorb-coq-10-100-mg-90-capsules-a-enveloppe-molle\\\/\"]}]},{\"@type\":\"ImageObject\",\"inLanguage\":\"en-US\",\"@id\":\"https:\\\/\\\/vitablanca.ma\\\/produit\\\/solgar-megasorb-coq-10-100-mg-90-capsules-a-enveloppe-molle\\\/#primaryimage\",\"url\":\"https:\\\/\\\/vitablanca.ma\\\/wp-content\\\/uploads\\\/2025\\\/04\\\/solgar-megasorb-coq-10-100-mg-90-capsules.jpg\",\"contentUrl\":\"https:\\\/\\\/vitablanca.ma\\\/wp-content\\\/uploads\\\/2025\\\/04\\\/solgar-megasorb-coq-10-100-mg-90-capsules.jpg\",\"width\":680,\"height\":680},{\"@type\":\"BreadcrumbList\",\"@id\":\"https:\\\/\\\/vitablanca.ma\\\/produit\\\/solgar-megasorb-coq-10-100-mg-90-capsules-a-enveloppe-molle\\\/#breadcrumb\",\"itemListElement\":[{\"@type\":\"ListItem\",\"position\":1,\"name\":\"Home\",\"item\":\"https:\\\/\\\/vitablanca.ma\\\/\"},{\"@type\":\"ListItem\",\"position\":2,\"name\":\"Tous Les Produits\",\"item\":\"https:\\\/\\\/vitablanca.ma\\\/tous-les-produits\\\/\"},{\"@type\":\"ListItem\",\"position\":3,\"name\":\"Solgar Megasorb CoQ 10, 100 mg, 90 capsules \u00e0 enveloppe molle\"}]},{\"@type\":\"WebSite\",\"@id\":\"https:\\\/\\\/vitablanca.ma\\\/#website\",\"url\":\"https:\\\/\\\/vitablanca.ma\\\/\",\"name\":\"VitaBlanca.ma | Compl\u00e9ments alimentaires, sant\u00e9 & beaut\u00e9 au Maroc\",\"description\":\"vendre vitamines et compl\u00e9ments premium des USA &amp; Canada, Nouvelle Z\u00e9lande,Maroc (NOW Foods, Solgar, Manuka). Livraison rapide partout au Maroc.\",\"publisher\":{\"@id\":\"https:\\\/\\\/vitablanca.ma\\\/#organization\"},\"alternateName\":\"VitaBlanca.ma\",\"potentialAction\":[{\"@type\":\"SearchAction\",\"target\":{\"@type\":\"EntryPoint\",\"urlTemplate\":\"https:\\\/\\\/vitablanca.ma\\\/?s={search_term_string}\"},\"query-input\":{\"@type\":\"PropertyValueSpecification\",\"valueRequired\":true,\"valueName\":\"search_term_string\"}}],\"inLanguage\":\"en-US\"},{\"@type\":\"Organization\",\"@id\":\"https:\\\/\\\/vitablanca.ma\\\/#organization\",\"name\":\"VitaBlanca\",\"url\":\"https:\\\/\\\/vitablanca.ma\\\/\",\"logo\":{\"@type\":\"ImageObject\",\"inLanguage\":\"en-US\",\"@id\":\"https:\\\/\\\/vitablanca.ma\\\/#\\\/schema\\\/logo\\\/image\\\/\",\"url\":\"https:\\\/\\\/vitablanca.ma\\\/wp-content\\\/uploads\\\/2025\\\/05\\\/cropped-vitablanca.png\",\"contentUrl\":\"https:\\\/\\\/vitablanca.ma\\\/wp-content\\\/uploads\\\/2025\\\/05\\\/cropped-vitablanca.png\",\"width\":360,\"height\":67,\"caption\":\"VitaBlanca\"},\"image\":{\"@id\":\"https:\\\/\\\/vitablanca.ma\\\/#\\\/schema\\\/logo\\\/image\\\/\"},\"sameAs\":[\"https:\\\/\\\/www.facebook.com\\\/profile.php?id=61576678196717\",\"https:\\\/\\\/www.tiktok.com\\\/@vitablanca.ma\",\"https:\\\/\\\/www.instagram.com\\\/vitablanca.ma\\\/\"]}]}<\/script>\n<!-- \/ Yoast SEO plugin. -->","yoast_head_json":{"title":"Solgar Megasorb CoQ 10, 100 mg, 90 capsules - Morocco Price","description":"Buy Solgar Megasorb CoQ10 100 mg in Morocco. 90 softgels for improved absorption. Essential support for heart health.","robots":{"index":"index","follow":"follow","max-snippet":"max-snippet:-1","max-image-preview":"max-image-preview:large","max-video-preview":"max-video-preview:-1"},"canonical":"https:\/\/vitablanca.ma\/en\/product\/solgar-megasorb-coq-10-100-mg-90-capsules-a-enveloppe-molle\/","og_locale":"en_US","og_type":"article","og_title":"Solgar Megasorb CoQ 10, 100 mg, 90 capsules - Maroc Prix","og_description":"Achetez Solgar Megasorb CoQ10 100 mg au Maroc. 90 capsules molles pour une absorption am\u00e9lior\u00e9e. Soutien essentiel pour la sant\u00e9 cardiaque.","og_url":"https:\/\/vitablanca.ma\/en\/product\/solgar-megasorb-coq-10-100-mg-90-capsules-a-enveloppe-molle\/","og_site_name":"Vitablanca.ma &ndash; Sant&eacute;, vitalit&eacute; et bien-&ecirc;tre pour tous les Marocains","article_publisher":"https:\/\/www.facebook.com\/profile.php?id=61576678196717","article_modified_time":"2025-12-01T19:20:09+00:00","og_image":[{"width":680,"height":680,"url":"https:\/\/vitablanca.ma\/wp-content\/uploads\/2025\/04\/solgar-megasorb-coq-10-100-mg-90-capsules.jpg","type":"image\/jpeg"}],"twitter_card":"summary_large_image","twitter_misc":{"Est. reading time":"1 minute"},"schema":{"@context":"https:\/\/schema.org","@graph":[{"@type":["WebPage","ItemPage"],"@id":"https:\/\/vitablanca.ma\/produit\/solgar-megasorb-coq-10-100-mg-90-capsules-a-enveloppe-molle\/","url":"https:\/\/vitablanca.ma\/produit\/solgar-megasorb-coq-10-100-mg-90-capsules-a-enveloppe-molle\/","name":"Solgar Megasorb CoQ 10, 100 mg, 90 capsules - Morocco Price","isPartOf":{"@id":"https:\/\/vitablanca.ma\/#website"},"primaryImageOfPage":{"@id":"https:\/\/vitablanca.ma\/produit\/solgar-megasorb-coq-10-100-mg-90-capsules-a-enveloppe-molle\/#primaryimage"},"image":{"@id":"https:\/\/vitablanca.ma\/produit\/solgar-megasorb-coq-10-100-mg-90-capsules-a-enveloppe-molle\/#primaryimage"},"thumbnailUrl":"https:\/\/vitablanca.ma\/wp-content\/uploads\/2025\/04\/solgar-megasorb-coq-10-100-mg-90-capsules.jpg","datePublished":"2025-04-26T00:19:05+00:00","dateModified":"2025-12-01T19:20:09+00:00","description":"Buy Solgar Megasorb CoQ10 100 mg in Morocco. 90 softgels for improved absorption. Essential support for heart health.","breadcrumb":{"@id":"https:\/\/vitablanca.ma\/produit\/solgar-megasorb-coq-10-100-mg-90-capsules-a-enveloppe-molle\/#breadcrumb"},"inLanguage":"en-US","potentialAction":[{"@type":"ReadAction","target":["https:\/\/vitablanca.ma\/produit\/solgar-megasorb-coq-10-100-mg-90-capsules-a-enveloppe-molle\/"]}]},{"@type":"ImageObject","inLanguage":"en-US","@id":"https:\/\/vitablanca.ma\/produit\/solgar-megasorb-coq-10-100-mg-90-capsules-a-enveloppe-molle\/#primaryimage","url":"https:\/\/vitablanca.ma\/wp-content\/uploads\/2025\/04\/solgar-megasorb-coq-10-100-mg-90-capsules.jpg","contentUrl":"https:\/\/vitablanca.ma\/wp-content\/uploads\/2025\/04\/solgar-megasorb-coq-10-100-mg-90-capsules.jpg","width":680,"height":680},{"@type":"BreadcrumbList","@id":"https:\/\/vitablanca.ma\/produit\/solgar-megasorb-coq-10-100-mg-90-capsules-a-enveloppe-molle\/#breadcrumb","itemListElement":[{"@type":"ListItem","position":1,"name":"Home","item":"https:\/\/vitablanca.ma\/"},{"@type":"ListItem","position":2,"name":"Tous Les Produits","item":"https:\/\/vitablanca.ma\/tous-les-produits\/"},{"@type":"ListItem","position":3,"name":"Solgar Megasorb CoQ 10, 100 mg, 90 capsules \u00e0 enveloppe molle"}]},{"@type":"WebSite","@id":"https:\/\/vitablanca.ma\/#website","url":"https:\/\/vitablanca.ma\/","name":"VitaBlanca.ma | Food supplements, health &amp; beauty in Morocco","description":"sell premium vitamins and supplements from USA &amp; Canada, New Zealand, Morocco (NOW Foods, Solgar, Manuka). Fast delivery anywhere in Morocco.","publisher":{"@id":"https:\/\/vitablanca.ma\/#organization"},"alternateName":"VitaBlanca.ma","potentialAction":[{"@type":"SearchAction","target":{"@type":"EntryPoint","urlTemplate":"https:\/\/vitablanca.ma\/?s={search_term_string}"},"query-input":{"@type":"PropertyValueSpecification","valueRequired":true,"valueName":"search_term_string"}}],"inLanguage":"en-US"},{"@type":"Organization","@id":"https:\/\/vitablanca.ma\/#organization","name":"VitaBlanca","url":"https:\/\/vitablanca.ma\/","logo":{"@type":"ImageObject","inLanguage":"en-US","@id":"https:\/\/vitablanca.ma\/#\/schema\/logo\/image\/","url":"https:\/\/vitablanca.ma\/wp-content\/uploads\/2025\/05\/cropped-vitablanca.png","contentUrl":"https:\/\/vitablanca.ma\/wp-content\/uploads\/2025\/05\/cropped-vitablanca.png","width":360,"height":67,"caption":"VitaBlanca"},"image":{"@id":"https:\/\/vitablanca.ma\/#\/schema\/logo\/image\/"},"sameAs":["https:\/\/www.facebook.com\/profile.php?id=61576678196717","https:\/\/www.tiktok.com\/@vitablanca.ma","https:\/\/www.instagram.com\/vitablanca.ma\/"]}]}},"jetpack_sharing_enabled":true,"_links":{"self":[{"href":"https:\/\/vitablanca.ma\/en\/wp-json\/wp\/v2\/product\/444","targetHints":{"allow":["GET"]}}],"collection":[{"href":"https:\/\/vitablanca.ma\/en\/wp-json\/wp\/v2\/product"}],"about":[{"href":"https:\/\/vitablanca.ma\/en\/wp-json\/wp\/v2\/types\/product"}],"wp:featuredmedia":[{"embeddable":true,"href":"https:\/\/vitablanca.ma\/en\/wp-json\/wp\/v2\/media\/447"}],"wp:attachment":[{"href":"https:\/\/vitablanca.ma\/en\/wp-json\/wp\/v2\/media?parent=444"}],"wp:term":[{"taxonomy":"product_brand","embeddable":true,"href":"https:\/\/vitablanca.ma\/en\/wp-json\/wp\/v2\/product_brand?post=444"},{"taxonomy":"product_cat","embeddable":true,"href":"https:\/\/vitablanca.ma\/en\/wp-json\/wp\/v2\/product_cat?post=444"},{"taxonomy":"product_tag","embeddable":true,"href":"https:\/\/vitablanca.ma\/en\/wp-json\/wp\/v2\/product_tag?post=444"}],"curies":[{"name":"wp","href":"https:\/\/api.w.org\/{rel}","templated":true}]}}