{"id":437,"date":"2025-04-26T00:02:08","date_gmt":"2025-04-26T00:02:08","guid":{"rendered":"https:\/\/vitablanca.ma\/?post_type=product&#038;p=437"},"modified":"2025-11-29T13:18:17","modified_gmt":"2025-11-29T13:18:17","slug":"now-foods-vitamine-k-2-100-mcg-250-gelules-vegetales","status":"publish","type":"product","link":"https:\/\/vitablanca.ma\/en\/product\/now-foods-vitamine-k-2-100-mcg-250-gelules-vegetales\/","title":{"rendered":"Now Foods Vitamin K-2, 100 MCG , 250 vegetarian capsules"},"content":{"rendered":"<p>Bien que la vitamine K soit historiquement connue pour son r\u00f4le dans les m\u00e9canismes normaux de coagulation, nous savons qu\u2019elle est aussi essentielle \u00e0 la sant\u00e9 des os, du syst\u00e8me cardiovasculaire et du syst\u00e8me nerveux. En tant que forme biologiquement active de la vitamine K, le K-2 est important pour la formation d\u2019une matrice osseuse saine et forte. Le r\u00f4le de la vitamine K dans la sant\u00e9 art\u00e9rielle tourne autour de sa capacit\u00e9 \u00e0 soutenir un bon m\u00e9tabolisme du calcium dans les structures vasculaires.<\/p>\n<p>Suggested Use<\/p>\n<p>Take one capsule daily with a meal.<\/p>","protected":false},"excerpt":{"rendered":"<ul>\n<li>Strengthens bone health<\/li>\n<li>Biologically active form<\/li>\n<li>Menaquinone-4 (MK-4)<\/li>\n<li>Promotes good calcium metabolism<\/li>\n<li>GMO-free<\/li>\n<li>A dietary supplement<\/li>\n<li>Vegetarian\/Vegan<\/li>\n<li>Vitamins<\/li>\n<li>Quality guaranteed by GMP (good manufacturing practices)<\/li>\n<\/ul>","protected":false},"featured_media":438,"template":"","meta":{"om_disable_all_campaigns":false},"product_brand":[83],"product_cat":[18,3366,445,446,444,130,19],"product_tag":[88,129,126,93,447,94,91,388,726,220,448],"class_list":{"0":"post-437","1":"product","2":"type-product","3":"status-publish","4":"has-post-thumbnail","6":"product_brand-now-foods-maroc-prix","7":"product_cat-beaute-sante","8":"product_cat-complements-alimentaires-au-maroc-vitablanca","9":"product_cat-k2","10":"product_cat-k2-2","11":"product_cat-vitamine-k","12":"product_cat-vitamines","13":"product_cat-vitamines-supplements-dietetiques","14":"product_tag-now-foods","15":"product_tag-now-foods-casa","16":"product_tag-now-foods-iherb","17":"product_tag-now-foods-jumia","18":"product_tag-now-foods-k2","19":"product_tag-now-foods-marjanemall","20":"product_tag-now-foods-maroc","21":"product_tag-now-foods-maroc-avis","22":"product_tag-now-foods-maroc-prix","23":"product_tag-sans-ogm","24":"product_tag-un-supplement-dietetique","26":"first","27":"instock","28":"sale","29":"taxable","30":"shipping-taxable","31":"purchasable","32":"product-type-simple"},"yoast_head":"<!-- This site is optimized with the Yoast SEO plugin v27.5 - https:\/\/yoast.com\/product\/yoast-seo-wordpress\/ -->\n<title>Now Foods Vitamine K-2, 100 MCG , 250 G\u00e9lules- Maroc Prix<\/title>\n<meta name=\"description\" content=\"Achetez Now Foods Vitamine K-2 100 mcg au Maroc. Ces 250 g\u00e9lules v\u00e9g\u00e9tales soutiennent la sant\u00e9 osseuse,. Essentiel pour votre bien-\u00eatre.\" \/>\n<meta name=\"robots\" content=\"index, follow, max-snippet:-1, max-image-preview:large, max-video-preview:-1\" \/>\n<link rel=\"canonical\" href=\"https:\/\/vitablanca.ma\/en\/product\/now-foods-vitamine-k-2-100-mcg-250-gelules-vegetales\/\" \/>\n<meta property=\"og:locale\" content=\"en_US\" \/>\n<meta property=\"og:type\" content=\"article\" \/>\n<meta property=\"og:title\" content=\"Now Foods Vitamine K-2, 100 MCG , 250 G\u00e9lules- Maroc Prix\" \/>\n<meta property=\"og:description\" content=\"Achetez Now Foods Vitamine K-2 100 mcg au Maroc. Ces 250 g\u00e9lules v\u00e9g\u00e9tales soutiennent la sant\u00e9 osseuse,. Essentiel pour votre bien-\u00eatre.\" \/>\n<meta property=\"og:url\" content=\"https:\/\/vitablanca.ma\/en\/product\/now-foods-vitamine-k-2-100-mcg-250-gelules-vegetales\/\" \/>\n<meta property=\"og:site_name\" content=\"Vitablanca.ma &ndash; Sant&eacute;, vitalit&eacute; et bien-&ecirc;tre pour tous les Marocains\" \/>\n<meta property=\"article:publisher\" content=\"https:\/\/www.facebook.com\/profile.php?id=61576678196717\" \/>\n<meta property=\"article:modified_time\" content=\"2025-11-29T13:18:17+00:00\" \/>\n<meta property=\"og:image\" content=\"https:\/\/vitablanca.ma\/wp-content\/uploads\/2025\/04\/now-foods-vitamine-k-2-100-mcg-250-gelules-vegetales-.jpg\" \/>\n\t<meta property=\"og:image:width\" content=\"680\" \/>\n\t<meta property=\"og:image:height\" content=\"680\" \/>\n\t<meta property=\"og:image:type\" content=\"image\/jpeg\" \/>\n<meta name=\"twitter:card\" content=\"summary_large_image\" \/>\n<meta name=\"twitter:label1\" content=\"Est. reading time\" \/>\n\t<meta name=\"twitter:data1\" content=\"1 minute\" \/>\n<script type=\"application\/ld+json\" class=\"yoast-schema-graph\">{\"@context\":\"https:\\\/\\\/schema.org\",\"@graph\":[{\"@type\":[\"WebPage\",\"ItemPage\"],\"@id\":\"https:\\\/\\\/vitablanca.ma\\\/produit\\\/now-foods-vitamine-k-2-100-mcg-250-gelules-vegetales\\\/\",\"url\":\"https:\\\/\\\/vitablanca.ma\\\/produit\\\/now-foods-vitamine-k-2-100-mcg-250-gelules-vegetales\\\/\",\"name\":\"Now Foods Vitamine K-2, 100 MCG , 250 G\u00e9lules- Maroc Prix\",\"isPartOf\":{\"@id\":\"https:\\\/\\\/vitablanca.ma\\\/#website\"},\"primaryImageOfPage\":{\"@id\":\"https:\\\/\\\/vitablanca.ma\\\/produit\\\/now-foods-vitamine-k-2-100-mcg-250-gelules-vegetales\\\/#primaryimage\"},\"image\":{\"@id\":\"https:\\\/\\\/vitablanca.ma\\\/produit\\\/now-foods-vitamine-k-2-100-mcg-250-gelules-vegetales\\\/#primaryimage\"},\"thumbnailUrl\":\"https:\\\/\\\/vitablanca.ma\\\/wp-content\\\/uploads\\\/2025\\\/04\\\/now-foods-vitamine-k-2-100-mcg-250-gelules-vegetales-.jpg\",\"datePublished\":\"2025-04-26T00:02:08+00:00\",\"dateModified\":\"2025-11-29T13:18:17+00:00\",\"description\":\"Achetez Now Foods Vitamine K-2 100 mcg au Maroc. Ces 250 g\u00e9lules v\u00e9g\u00e9tales soutiennent la sant\u00e9 osseuse,. Essentiel pour votre bien-\u00eatre.\",\"breadcrumb\":{\"@id\":\"https:\\\/\\\/vitablanca.ma\\\/produit\\\/now-foods-vitamine-k-2-100-mcg-250-gelules-vegetales\\\/#breadcrumb\"},\"inLanguage\":\"en-US\",\"potentialAction\":[{\"@type\":\"ReadAction\",\"target\":[\"https:\\\/\\\/vitablanca.ma\\\/produit\\\/now-foods-vitamine-k-2-100-mcg-250-gelules-vegetales\\\/\"]}]},{\"@type\":\"ImageObject\",\"inLanguage\":\"en-US\",\"@id\":\"https:\\\/\\\/vitablanca.ma\\\/produit\\\/now-foods-vitamine-k-2-100-mcg-250-gelules-vegetales\\\/#primaryimage\",\"url\":\"https:\\\/\\\/vitablanca.ma\\\/wp-content\\\/uploads\\\/2025\\\/04\\\/now-foods-vitamine-k-2-100-mcg-250-gelules-vegetales-.jpg\",\"contentUrl\":\"https:\\\/\\\/vitablanca.ma\\\/wp-content\\\/uploads\\\/2025\\\/04\\\/now-foods-vitamine-k-2-100-mcg-250-gelules-vegetales-.jpg\",\"width\":680,\"height\":680},{\"@type\":\"BreadcrumbList\",\"@id\":\"https:\\\/\\\/vitablanca.ma\\\/produit\\\/now-foods-vitamine-k-2-100-mcg-250-gelules-vegetales\\\/#breadcrumb\",\"itemListElement\":[{\"@type\":\"ListItem\",\"position\":1,\"name\":\"Home\",\"item\":\"https:\\\/\\\/vitablanca.ma\\\/\"},{\"@type\":\"ListItem\",\"position\":2,\"name\":\"Tous Les Produits\",\"item\":\"https:\\\/\\\/vitablanca.ma\\\/tous-les-produits\\\/\"},{\"@type\":\"ListItem\",\"position\":3,\"name\":\"Now Foods Vitamine K-2, 100 MCG , 250 G\u00e9lules v\u00e9g\u00e9tales\"}]},{\"@type\":\"WebSite\",\"@id\":\"https:\\\/\\\/vitablanca.ma\\\/#website\",\"url\":\"https:\\\/\\\/vitablanca.ma\\\/\",\"name\":\"VitaBlanca.ma | Compl\u00e9ments alimentaires, sant\u00e9 & beaut\u00e9 au Maroc\",\"description\":\"vendre vitamines et compl\u00e9ments premium des USA &amp; Canada, Nouvelle Z\u00e9lande,Maroc (NOW Foods, Solgar, Manuka). Livraison rapide partout au Maroc.\",\"publisher\":{\"@id\":\"https:\\\/\\\/vitablanca.ma\\\/#organization\"},\"alternateName\":\"VitaBlanca.ma\",\"potentialAction\":[{\"@type\":\"SearchAction\",\"target\":{\"@type\":\"EntryPoint\",\"urlTemplate\":\"https:\\\/\\\/vitablanca.ma\\\/?s={search_term_string}\"},\"query-input\":{\"@type\":\"PropertyValueSpecification\",\"valueRequired\":true,\"valueName\":\"search_term_string\"}}],\"inLanguage\":\"en-US\"},{\"@type\":\"Organization\",\"@id\":\"https:\\\/\\\/vitablanca.ma\\\/#organization\",\"name\":\"VitaBlanca\",\"url\":\"https:\\\/\\\/vitablanca.ma\\\/\",\"logo\":{\"@type\":\"ImageObject\",\"inLanguage\":\"en-US\",\"@id\":\"https:\\\/\\\/vitablanca.ma\\\/#\\\/schema\\\/logo\\\/image\\\/\",\"url\":\"https:\\\/\\\/vitablanca.ma\\\/wp-content\\\/uploads\\\/2025\\\/05\\\/cropped-vitablanca.png\",\"contentUrl\":\"https:\\\/\\\/vitablanca.ma\\\/wp-content\\\/uploads\\\/2025\\\/05\\\/cropped-vitablanca.png\",\"width\":360,\"height\":67,\"caption\":\"VitaBlanca\"},\"image\":{\"@id\":\"https:\\\/\\\/vitablanca.ma\\\/#\\\/schema\\\/logo\\\/image\\\/\"},\"sameAs\":[\"https:\\\/\\\/www.facebook.com\\\/profile.php?id=61576678196717\",\"https:\\\/\\\/www.tiktok.com\\\/@vitablanca.ma\",\"https:\\\/\\\/www.instagram.com\\\/vitablanca.ma\\\/\"]}]}<\/script>\n<!-- \/ Yoast SEO plugin. -->","yoast_head_json":{"title":"Now Foods Vitamin K-2, 100 mcg, 250 Capsules - Morocco Price","description":"Buy Now Foods Vitamin K-2 100 mcg in Morocco. These 250 vegetarian capsules support bone health. Essential for your well-being.","robots":{"index":"index","follow":"follow","max-snippet":"max-snippet:-1","max-image-preview":"max-image-preview:large","max-video-preview":"max-video-preview:-1"},"canonical":"https:\/\/vitablanca.ma\/en\/product\/now-foods-vitamine-k-2-100-mcg-250-gelules-vegetales\/","og_locale":"en_US","og_type":"article","og_title":"Now Foods Vitamine K-2, 100 MCG , 250 G\u00e9lules- Maroc Prix","og_description":"Achetez Now Foods Vitamine K-2 100 mcg au Maroc. Ces 250 g\u00e9lules v\u00e9g\u00e9tales soutiennent la sant\u00e9 osseuse,. Essentiel pour votre bien-\u00eatre.","og_url":"https:\/\/vitablanca.ma\/en\/product\/now-foods-vitamine-k-2-100-mcg-250-gelules-vegetales\/","og_site_name":"Vitablanca.ma &ndash; Sant&eacute;, vitalit&eacute; et bien-&ecirc;tre pour tous les Marocains","article_publisher":"https:\/\/www.facebook.com\/profile.php?id=61576678196717","article_modified_time":"2025-11-29T13:18:17+00:00","og_image":[{"width":680,"height":680,"url":"https:\/\/vitablanca.ma\/wp-content\/uploads\/2025\/04\/now-foods-vitamine-k-2-100-mcg-250-gelules-vegetales-.jpg","type":"image\/jpeg"}],"twitter_card":"summary_large_image","twitter_misc":{"Est. reading time":"1 minute"},"schema":{"@context":"https:\/\/schema.org","@graph":[{"@type":["WebPage","ItemPage"],"@id":"https:\/\/vitablanca.ma\/produit\/now-foods-vitamine-k-2-100-mcg-250-gelules-vegetales\/","url":"https:\/\/vitablanca.ma\/produit\/now-foods-vitamine-k-2-100-mcg-250-gelules-vegetales\/","name":"Now Foods Vitamin K-2, 100 mcg, 250 Capsules - Morocco Price","isPartOf":{"@id":"https:\/\/vitablanca.ma\/#website"},"primaryImageOfPage":{"@id":"https:\/\/vitablanca.ma\/produit\/now-foods-vitamine-k-2-100-mcg-250-gelules-vegetales\/#primaryimage"},"image":{"@id":"https:\/\/vitablanca.ma\/produit\/now-foods-vitamine-k-2-100-mcg-250-gelules-vegetales\/#primaryimage"},"thumbnailUrl":"https:\/\/vitablanca.ma\/wp-content\/uploads\/2025\/04\/now-foods-vitamine-k-2-100-mcg-250-gelules-vegetales-.jpg","datePublished":"2025-04-26T00:02:08+00:00","dateModified":"2025-11-29T13:18:17+00:00","description":"Buy Now Foods Vitamin K-2 100 mcg in Morocco. These 250 vegetarian capsules support bone health. Essential for your well-being.","breadcrumb":{"@id":"https:\/\/vitablanca.ma\/produit\/now-foods-vitamine-k-2-100-mcg-250-gelules-vegetales\/#breadcrumb"},"inLanguage":"en-US","potentialAction":[{"@type":"ReadAction","target":["https:\/\/vitablanca.ma\/produit\/now-foods-vitamine-k-2-100-mcg-250-gelules-vegetales\/"]}]},{"@type":"ImageObject","inLanguage":"en-US","@id":"https:\/\/vitablanca.ma\/produit\/now-foods-vitamine-k-2-100-mcg-250-gelules-vegetales\/#primaryimage","url":"https:\/\/vitablanca.ma\/wp-content\/uploads\/2025\/04\/now-foods-vitamine-k-2-100-mcg-250-gelules-vegetales-.jpg","contentUrl":"https:\/\/vitablanca.ma\/wp-content\/uploads\/2025\/04\/now-foods-vitamine-k-2-100-mcg-250-gelules-vegetales-.jpg","width":680,"height":680},{"@type":"BreadcrumbList","@id":"https:\/\/vitablanca.ma\/produit\/now-foods-vitamine-k-2-100-mcg-250-gelules-vegetales\/#breadcrumb","itemListElement":[{"@type":"ListItem","position":1,"name":"Home","item":"https:\/\/vitablanca.ma\/"},{"@type":"ListItem","position":2,"name":"Tous Les Produits","item":"https:\/\/vitablanca.ma\/tous-les-produits\/"},{"@type":"ListItem","position":3,"name":"Now Foods Vitamine K-2, 100 MCG , 250 G\u00e9lules v\u00e9g\u00e9tales"}]},{"@type":"WebSite","@id":"https:\/\/vitablanca.ma\/#website","url":"https:\/\/vitablanca.ma\/","name":"VitaBlanca.ma | Food supplements, health &amp; beauty in Morocco","description":"sell premium vitamins and supplements from USA &amp; Canada, New Zealand, Morocco (NOW Foods, Solgar, Manuka). Fast delivery anywhere in Morocco.","publisher":{"@id":"https:\/\/vitablanca.ma\/#organization"},"alternateName":"VitaBlanca.ma","potentialAction":[{"@type":"SearchAction","target":{"@type":"EntryPoint","urlTemplate":"https:\/\/vitablanca.ma\/?s={search_term_string}"},"query-input":{"@type":"PropertyValueSpecification","valueRequired":true,"valueName":"search_term_string"}}],"inLanguage":"en-US"},{"@type":"Organization","@id":"https:\/\/vitablanca.ma\/#organization","name":"VitaBlanca","url":"https:\/\/vitablanca.ma\/","logo":{"@type":"ImageObject","inLanguage":"en-US","@id":"https:\/\/vitablanca.ma\/#\/schema\/logo\/image\/","url":"https:\/\/vitablanca.ma\/wp-content\/uploads\/2025\/05\/cropped-vitablanca.png","contentUrl":"https:\/\/vitablanca.ma\/wp-content\/uploads\/2025\/05\/cropped-vitablanca.png","width":360,"height":67,"caption":"VitaBlanca"},"image":{"@id":"https:\/\/vitablanca.ma\/#\/schema\/logo\/image\/"},"sameAs":["https:\/\/www.facebook.com\/profile.php?id=61576678196717","https:\/\/www.tiktok.com\/@vitablanca.ma","https:\/\/www.instagram.com\/vitablanca.ma\/"]}]}},"jetpack_sharing_enabled":true,"_links":{"self":[{"href":"https:\/\/vitablanca.ma\/en\/wp-json\/wp\/v2\/product\/437","targetHints":{"allow":["GET"]}}],"collection":[{"href":"https:\/\/vitablanca.ma\/en\/wp-json\/wp\/v2\/product"}],"about":[{"href":"https:\/\/vitablanca.ma\/en\/wp-json\/wp\/v2\/types\/product"}],"wp:featuredmedia":[{"embeddable":true,"href":"https:\/\/vitablanca.ma\/en\/wp-json\/wp\/v2\/media\/438"}],"wp:attachment":[{"href":"https:\/\/vitablanca.ma\/en\/wp-json\/wp\/v2\/media?parent=437"}],"wp:term":[{"taxonomy":"product_brand","embeddable":true,"href":"https:\/\/vitablanca.ma\/en\/wp-json\/wp\/v2\/product_brand?post=437"},{"taxonomy":"product_cat","embeddable":true,"href":"https:\/\/vitablanca.ma\/en\/wp-json\/wp\/v2\/product_cat?post=437"},{"taxonomy":"product_tag","embeddable":true,"href":"https:\/\/vitablanca.ma\/en\/wp-json\/wp\/v2\/product_tag?post=437"}],"curies":[{"name":"wp","href":"https:\/\/api.w.org\/{rel}","templated":true}]}}