{"id":426,"date":"2025-04-23T01:16:06","date_gmt":"2025-04-23T01:16:06","guid":{"rendered":"https:\/\/vitablanca.ma\/?post_type=product&#038;p=426"},"modified":"2025-08-30T21:28:42","modified_gmt":"2025-08-30T21:28:42","slug":"now-foods-lecithine-1200-mg-100-gelules","status":"publish","type":"product","link":"https:\/\/vitablanca.ma\/en\/product\/now-foods-lecithine-1200-mg-100-gelules\/","title":{"rendered":"Now Foods Lecithin, 1200 mg, 100 Capsules."},"content":{"rendered":"<p>Les g\u00e9lules de l\u00e9cithine non OGM de NOW Foods contiennent du Phosphatidylcholine, qui constitue une grande partie de notre cerveau et de notre syst\u00e8me nerveux. La l\u00e9cithine est \u00e9galement naturellement pr\u00e9sente dans les acides gras essentiels et l\u2019inositol. La l\u00e9cithine apporte son soutien en \u00e9mulsifiant les graisses, leur permettant d\u2019\u00eatre solubles dans l\u2019eau.<\/p>\n\n\n<p><\/p>","protected":false},"excerpt":{"rendered":"<ul>\n<li>Strengthens the nervous system<\/li>\n<li>Natural phosphatidylcholine<\/li>\n<li>Supports brain and nerve functions<\/li>\n<li>GMO-free<\/li>\n<li>Food supplement<\/li>\n<\/ul>","protected":false},"featured_media":427,"template":"","meta":{"om_disable_all_campaigns":false},"product_brand":[83],"product_cat":[18,3366,20,19],"product_tag":[181,439,88,129,126,93,91,388,726,437,438,220],"class_list":{"0":"post-426","1":"product","2":"type-product","3":"status-publish","4":"has-post-thumbnail","6":"product_brand-now-foods-maroc-prix","7":"product_cat-beaute-sante","8":"product_cat-complements-alimentaires-au-maroc-vitablanca","9":"product_cat-supplements","10":"product_cat-vitamines-supplements-dietetiques","11":"product_tag-complement-alimentaire","12":"product_tag-lecithine","13":"product_tag-now-foods","14":"product_tag-now-foods-casa","15":"product_tag-now-foods-iherb","16":"product_tag-now-foods-jumia","17":"product_tag-now-foods-maroc","18":"product_tag-now-foods-maroc-avis","19":"product_tag-now-foods-maroc-prix","20":"product_tag-phosphatidylcholine-naturelle","21":"product_tag-renforce-le-systeme-nerveux","22":"product_tag-sans-ogm","24":"first","25":"instock","26":"sale","27":"taxable","28":"shipping-taxable","29":"purchasable","30":"product-type-simple"},"yoast_head":"<!-- This site is optimized with the Yoast SEO plugin v27.5 - https:\/\/yoast.com\/product\/yoast-seo-wordpress\/ -->\n<title>Now Foods L\u00e9cithine, 1200 mg, 100 G\u00e9lules. - Maroc Prix<\/title>\n<meta name=\"description\" content=\"Achetez Now Foods L\u00e9cithine 1200 mg au Maroc. 100 g\u00e9lules pour soutenir la sant\u00e9 c\u00e9r\u00e9brale, le m\u00e9tabolisme des graisses et la fonction h\u00e9patique.\" \/>\n<meta name=\"robots\" content=\"index, follow, max-snippet:-1, max-image-preview:large, max-video-preview:-1\" \/>\n<link rel=\"canonical\" href=\"https:\/\/vitablanca.ma\/en\/product\/now-foods-lecithine-1200-mg-100-gelules\/\" \/>\n<meta property=\"og:locale\" content=\"en_US\" \/>\n<meta property=\"og:type\" content=\"article\" \/>\n<meta property=\"og:title\" content=\"Now Foods L\u00e9cithine, 1200 mg, 100 G\u00e9lules. - Maroc Prix\" \/>\n<meta property=\"og:description\" content=\"Achetez Now Foods L\u00e9cithine 1200 mg au Maroc. 100 g\u00e9lules pour soutenir la sant\u00e9 c\u00e9r\u00e9brale, le m\u00e9tabolisme des graisses et la fonction h\u00e9patique.\" \/>\n<meta property=\"og:url\" content=\"https:\/\/vitablanca.ma\/en\/product\/now-foods-lecithine-1200-mg-100-gelules\/\" \/>\n<meta property=\"og:site_name\" content=\"Vitablanca.ma &ndash; Sant&eacute;, vitalit&eacute; et bien-&ecirc;tre pour tous les Marocains\" \/>\n<meta property=\"article:publisher\" content=\"https:\/\/www.facebook.com\/profile.php?id=61576678196717\" \/>\n<meta property=\"article:modified_time\" content=\"2025-08-30T21:28:42+00:00\" \/>\n<meta property=\"og:image\" content=\"https:\/\/vitablanca.ma\/wp-content\/uploads\/2025\/04\/now-foods-lecithine-1200-mg-100-gelules.-casa.jpg\" \/>\n\t<meta property=\"og:image:width\" content=\"680\" \/>\n\t<meta property=\"og:image:height\" content=\"680\" \/>\n\t<meta property=\"og:image:type\" content=\"image\/jpeg\" \/>\n<meta name=\"twitter:card\" content=\"summary_large_image\" \/>\n<meta name=\"twitter:label1\" content=\"Est. reading time\" \/>\n\t<meta name=\"twitter:data1\" content=\"1 minute\" \/>\n<script type=\"application\/ld+json\" class=\"yoast-schema-graph\">{\"@context\":\"https:\\\/\\\/schema.org\",\"@graph\":[{\"@type\":[\"WebPage\",\"ItemPage\"],\"@id\":\"https:\\\/\\\/vitablanca.ma\\\/produit\\\/now-foods-lecithine-1200-mg-100-gelules\\\/\",\"url\":\"https:\\\/\\\/vitablanca.ma\\\/produit\\\/now-foods-lecithine-1200-mg-100-gelules\\\/\",\"name\":\"Now Foods L\u00e9cithine, 1200 mg, 100 G\u00e9lules. - Maroc Prix\",\"isPartOf\":{\"@id\":\"https:\\\/\\\/vitablanca.ma\\\/#website\"},\"primaryImageOfPage\":{\"@id\":\"https:\\\/\\\/vitablanca.ma\\\/produit\\\/now-foods-lecithine-1200-mg-100-gelules\\\/#primaryimage\"},\"image\":{\"@id\":\"https:\\\/\\\/vitablanca.ma\\\/produit\\\/now-foods-lecithine-1200-mg-100-gelules\\\/#primaryimage\"},\"thumbnailUrl\":\"https:\\\/\\\/vitablanca.ma\\\/wp-content\\\/uploads\\\/2025\\\/04\\\/now-foods-lecithine-1200-mg-100-gelules.-casa.jpg\",\"datePublished\":\"2025-04-23T01:16:06+00:00\",\"dateModified\":\"2025-08-30T21:28:42+00:00\",\"description\":\"Achetez Now Foods L\u00e9cithine 1200 mg au Maroc. 100 g\u00e9lules pour soutenir la sant\u00e9 c\u00e9r\u00e9brale, le m\u00e9tabolisme des graisses et la fonction h\u00e9patique.\",\"breadcrumb\":{\"@id\":\"https:\\\/\\\/vitablanca.ma\\\/produit\\\/now-foods-lecithine-1200-mg-100-gelules\\\/#breadcrumb\"},\"inLanguage\":\"en-US\",\"potentialAction\":[{\"@type\":\"ReadAction\",\"target\":[\"https:\\\/\\\/vitablanca.ma\\\/produit\\\/now-foods-lecithine-1200-mg-100-gelules\\\/\"]}]},{\"@type\":\"ImageObject\",\"inLanguage\":\"en-US\",\"@id\":\"https:\\\/\\\/vitablanca.ma\\\/produit\\\/now-foods-lecithine-1200-mg-100-gelules\\\/#primaryimage\",\"url\":\"https:\\\/\\\/vitablanca.ma\\\/wp-content\\\/uploads\\\/2025\\\/04\\\/now-foods-lecithine-1200-mg-100-gelules.-casa.jpg\",\"contentUrl\":\"https:\\\/\\\/vitablanca.ma\\\/wp-content\\\/uploads\\\/2025\\\/04\\\/now-foods-lecithine-1200-mg-100-gelules.-casa.jpg\",\"width\":680,\"height\":680},{\"@type\":\"BreadcrumbList\",\"@id\":\"https:\\\/\\\/vitablanca.ma\\\/produit\\\/now-foods-lecithine-1200-mg-100-gelules\\\/#breadcrumb\",\"itemListElement\":[{\"@type\":\"ListItem\",\"position\":1,\"name\":\"Home\",\"item\":\"https:\\\/\\\/vitablanca.ma\\\/\"},{\"@type\":\"ListItem\",\"position\":2,\"name\":\"Tous Les Produits\",\"item\":\"https:\\\/\\\/vitablanca.ma\\\/tous-les-produits\\\/\"},{\"@type\":\"ListItem\",\"position\":3,\"name\":\"Now Foods L\u00e9cithine, 1200 mg, 100 G\u00e9lules.\"}]},{\"@type\":\"WebSite\",\"@id\":\"https:\\\/\\\/vitablanca.ma\\\/#website\",\"url\":\"https:\\\/\\\/vitablanca.ma\\\/\",\"name\":\"VitaBlanca.ma | Compl\u00e9ments alimentaires, sant\u00e9 & beaut\u00e9 au Maroc\",\"description\":\"vendre vitamines et compl\u00e9ments premium des USA &amp; Canada, Nouvelle Z\u00e9lande,Maroc (NOW Foods, Solgar, Manuka). Livraison rapide partout au Maroc.\",\"publisher\":{\"@id\":\"https:\\\/\\\/vitablanca.ma\\\/#organization\"},\"alternateName\":\"VitaBlanca.ma\",\"potentialAction\":[{\"@type\":\"SearchAction\",\"target\":{\"@type\":\"EntryPoint\",\"urlTemplate\":\"https:\\\/\\\/vitablanca.ma\\\/?s={search_term_string}\"},\"query-input\":{\"@type\":\"PropertyValueSpecification\",\"valueRequired\":true,\"valueName\":\"search_term_string\"}}],\"inLanguage\":\"en-US\"},{\"@type\":\"Organization\",\"@id\":\"https:\\\/\\\/vitablanca.ma\\\/#organization\",\"name\":\"VitaBlanca\",\"url\":\"https:\\\/\\\/vitablanca.ma\\\/\",\"logo\":{\"@type\":\"ImageObject\",\"inLanguage\":\"en-US\",\"@id\":\"https:\\\/\\\/vitablanca.ma\\\/#\\\/schema\\\/logo\\\/image\\\/\",\"url\":\"https:\\\/\\\/vitablanca.ma\\\/wp-content\\\/uploads\\\/2025\\\/05\\\/cropped-vitablanca.png\",\"contentUrl\":\"https:\\\/\\\/vitablanca.ma\\\/wp-content\\\/uploads\\\/2025\\\/05\\\/cropped-vitablanca.png\",\"width\":360,\"height\":67,\"caption\":\"VitaBlanca\"},\"image\":{\"@id\":\"https:\\\/\\\/vitablanca.ma\\\/#\\\/schema\\\/logo\\\/image\\\/\"},\"sameAs\":[\"https:\\\/\\\/www.facebook.com\\\/profile.php?id=61576678196717\",\"https:\\\/\\\/www.tiktok.com\\\/@vitablanca.ma\",\"https:\\\/\\\/www.instagram.com\\\/vitablanca.ma\\\/\"]}]}<\/script>\n<!-- \/ Yoast SEO plugin. -->","yoast_head_json":{"title":"Now Foods Lecithin, 1200 mg, 100 Capsules. - Morocco Price","description":"Buy Now Foods Lecithin 1200 mg in Morocco. 100 capsules to support brain health, fat metabolism, and liver function.","robots":{"index":"index","follow":"follow","max-snippet":"max-snippet:-1","max-image-preview":"max-image-preview:large","max-video-preview":"max-video-preview:-1"},"canonical":"https:\/\/vitablanca.ma\/en\/product\/now-foods-lecithine-1200-mg-100-gelules\/","og_locale":"en_US","og_type":"article","og_title":"Now Foods L\u00e9cithine, 1200 mg, 100 G\u00e9lules. - Maroc Prix","og_description":"Achetez Now Foods L\u00e9cithine 1200 mg au Maroc. 100 g\u00e9lules pour soutenir la sant\u00e9 c\u00e9r\u00e9brale, le m\u00e9tabolisme des graisses et la fonction h\u00e9patique.","og_url":"https:\/\/vitablanca.ma\/en\/product\/now-foods-lecithine-1200-mg-100-gelules\/","og_site_name":"Vitablanca.ma &ndash; Sant&eacute;, vitalit&eacute; et bien-&ecirc;tre pour tous les Marocains","article_publisher":"https:\/\/www.facebook.com\/profile.php?id=61576678196717","article_modified_time":"2025-08-30T21:28:42+00:00","og_image":[{"width":680,"height":680,"url":"https:\/\/vitablanca.ma\/wp-content\/uploads\/2025\/04\/now-foods-lecithine-1200-mg-100-gelules.-casa.jpg","type":"image\/jpeg"}],"twitter_card":"summary_large_image","twitter_misc":{"Est. reading time":"1 minute"},"schema":{"@context":"https:\/\/schema.org","@graph":[{"@type":["WebPage","ItemPage"],"@id":"https:\/\/vitablanca.ma\/produit\/now-foods-lecithine-1200-mg-100-gelules\/","url":"https:\/\/vitablanca.ma\/produit\/now-foods-lecithine-1200-mg-100-gelules\/","name":"Now Foods Lecithin, 1200 mg, 100 Capsules. - Morocco Price","isPartOf":{"@id":"https:\/\/vitablanca.ma\/#website"},"primaryImageOfPage":{"@id":"https:\/\/vitablanca.ma\/produit\/now-foods-lecithine-1200-mg-100-gelules\/#primaryimage"},"image":{"@id":"https:\/\/vitablanca.ma\/produit\/now-foods-lecithine-1200-mg-100-gelules\/#primaryimage"},"thumbnailUrl":"https:\/\/vitablanca.ma\/wp-content\/uploads\/2025\/04\/now-foods-lecithine-1200-mg-100-gelules.-casa.jpg","datePublished":"2025-04-23T01:16:06+00:00","dateModified":"2025-08-30T21:28:42+00:00","description":"Buy Now Foods Lecithin 1200 mg in Morocco. 100 capsules to support brain health, fat metabolism, and liver function.","breadcrumb":{"@id":"https:\/\/vitablanca.ma\/produit\/now-foods-lecithine-1200-mg-100-gelules\/#breadcrumb"},"inLanguage":"en-US","potentialAction":[{"@type":"ReadAction","target":["https:\/\/vitablanca.ma\/produit\/now-foods-lecithine-1200-mg-100-gelules\/"]}]},{"@type":"ImageObject","inLanguage":"en-US","@id":"https:\/\/vitablanca.ma\/produit\/now-foods-lecithine-1200-mg-100-gelules\/#primaryimage","url":"https:\/\/vitablanca.ma\/wp-content\/uploads\/2025\/04\/now-foods-lecithine-1200-mg-100-gelules.-casa.jpg","contentUrl":"https:\/\/vitablanca.ma\/wp-content\/uploads\/2025\/04\/now-foods-lecithine-1200-mg-100-gelules.-casa.jpg","width":680,"height":680},{"@type":"BreadcrumbList","@id":"https:\/\/vitablanca.ma\/produit\/now-foods-lecithine-1200-mg-100-gelules\/#breadcrumb","itemListElement":[{"@type":"ListItem","position":1,"name":"Home","item":"https:\/\/vitablanca.ma\/"},{"@type":"ListItem","position":2,"name":"Tous Les Produits","item":"https:\/\/vitablanca.ma\/tous-les-produits\/"},{"@type":"ListItem","position":3,"name":"Now Foods L\u00e9cithine, 1200 mg, 100 G\u00e9lules."}]},{"@type":"WebSite","@id":"https:\/\/vitablanca.ma\/#website","url":"https:\/\/vitablanca.ma\/","name":"VitaBlanca.ma | Food supplements, health &amp; beauty in Morocco","description":"sell premium vitamins and supplements from USA &amp; Canada, New Zealand, Morocco (NOW Foods, Solgar, Manuka). Fast delivery anywhere in Morocco.","publisher":{"@id":"https:\/\/vitablanca.ma\/#organization"},"alternateName":"VitaBlanca.ma","potentialAction":[{"@type":"SearchAction","target":{"@type":"EntryPoint","urlTemplate":"https:\/\/vitablanca.ma\/?s={search_term_string}"},"query-input":{"@type":"PropertyValueSpecification","valueRequired":true,"valueName":"search_term_string"}}],"inLanguage":"en-US"},{"@type":"Organization","@id":"https:\/\/vitablanca.ma\/#organization","name":"VitaBlanca","url":"https:\/\/vitablanca.ma\/","logo":{"@type":"ImageObject","inLanguage":"en-US","@id":"https:\/\/vitablanca.ma\/#\/schema\/logo\/image\/","url":"https:\/\/vitablanca.ma\/wp-content\/uploads\/2025\/05\/cropped-vitablanca.png","contentUrl":"https:\/\/vitablanca.ma\/wp-content\/uploads\/2025\/05\/cropped-vitablanca.png","width":360,"height":67,"caption":"VitaBlanca"},"image":{"@id":"https:\/\/vitablanca.ma\/#\/schema\/logo\/image\/"},"sameAs":["https:\/\/www.facebook.com\/profile.php?id=61576678196717","https:\/\/www.tiktok.com\/@vitablanca.ma","https:\/\/www.instagram.com\/vitablanca.ma\/"]}]}},"jetpack_sharing_enabled":true,"_links":{"self":[{"href":"https:\/\/vitablanca.ma\/en\/wp-json\/wp\/v2\/product\/426","targetHints":{"allow":["GET"]}}],"collection":[{"href":"https:\/\/vitablanca.ma\/en\/wp-json\/wp\/v2\/product"}],"about":[{"href":"https:\/\/vitablanca.ma\/en\/wp-json\/wp\/v2\/types\/product"}],"wp:featuredmedia":[{"embeddable":true,"href":"https:\/\/vitablanca.ma\/en\/wp-json\/wp\/v2\/media\/427"}],"wp:attachment":[{"href":"https:\/\/vitablanca.ma\/en\/wp-json\/wp\/v2\/media?parent=426"}],"wp:term":[{"taxonomy":"product_brand","embeddable":true,"href":"https:\/\/vitablanca.ma\/en\/wp-json\/wp\/v2\/product_brand?post=426"},{"taxonomy":"product_cat","embeddable":true,"href":"https:\/\/vitablanca.ma\/en\/wp-json\/wp\/v2\/product_cat?post=426"},{"taxonomy":"product_tag","embeddable":true,"href":"https:\/\/vitablanca.ma\/en\/wp-json\/wp\/v2\/product_tag?post=426"}],"curies":[{"name":"wp","href":"https:\/\/api.w.org\/{rel}","templated":true}]}}