{"id":423,"date":"2025-04-23T01:10:32","date_gmt":"2025-04-23T01:10:32","guid":{"rendered":"https:\/\/vitablanca.ma\/?post_type=product&#038;p=423"},"modified":"2025-12-02T16:07:39","modified_gmt":"2025-12-02T16:07:39","slug":"now-foods-selenium-200-mcg-180-veg-caps","status":"publish","type":"product","link":"https:\/\/vitablanca.ma\/en\/product\/now-foods-selenium-200-mcg-180-veg-caps\/","title":{"rendered":"Now Foods Selenium, 200 mcg, 180 Veg Caps."},"content":{"rendered":"<p>Selenium is an essential mineral that plays a crucial role in the function of various enzymes in our bodies, while also providing healthy antioxidant benefits. Selenium acts as a catalyst for the glutathione peroxidase enzyme in the liver to aid in the process of cleansing the blood and removing toxins from the body. NOW Foods creates a convenient selenium supplement to provide your body with essential support for its immune, thyroid, and liver function, as well as cellular support and vitamin E regeneration. Selenium is difficult to obtain in healthy amounts through diet alone, but this NOW Foods selenium supplement makes it easy to meet your daily nutritional needs and fill in the gaps. This powerful selenium supplement provides your body with 200 mcg of selenium in the form of L-selenomethionine to meet and exceed your daily nutritional needs. NOW Foods uses vegetarian ingredients and eco-friendly processes to create this beneficial supplement. Each tablet is free from artificial preservatives and GMP certified to provide you with a healthy source of support you can trust. One tablet is all you need each day to provide your body with essential benefits.<\/p>\n<p>Selenium supports healthy liver and thyroid function<br \/>\nNOW Foods creates a simple way to provide your body with a healthy amount of selenium every day in these easy-to-consume tablets. Selenium plays a crucial role in liver and thyroid function, thanks to its role as a catalyst for the enzyme glutathione peroxidase. This enzyme helps the liver cleanse the blood and remove toxins from our system. Without selenium, glutathione peroxidase is unable to perform its role in the liver. Selenium also helps catalyze thyroid enzymes responsible for energy production, supporting healthy energy levels.<\/p>\n<p>Supports healthy and strong immune systems<br \/>\nSelenium also plays a crucial role in many different biochemical and cellular functions throughout the body. By helping maintain healthy function of these reactions, selenium paves the way for ideal immune function. By improving the efficiency of our body&#039;s most basic function, selenium helps strengthen the immune system to promote overall health.<\/p>\n<p>Provides essential antioxidant support<br \/>\nEach NOW Foods selenium supplement provides your body with a healthy portion of this essential mineral to act as an antioxidant. Selenium helps protect cells from oxidative stress and damaging free radicals, providing essential antioxidant support throughout your body. Without proper support, these radicals can damage healthy cells and lead to a variety of harmful effects. Additionally, healthy amounts of selenium help your body reuse and recycle vitamin E to advance its antioxidant protection.<\/p>\n<p>Vegetarian ingredients and preservative-free<br \/>\nThis powerful selenium supplement is made with natural, vegetarian ingredients and no artificial preservatives. NOW Foods creates this nutritional formula using GMP-certified, cruelty-free, and environmentally friendly processes to provide you with a safe source of support you can choose with confidence.<\/p>\n<p>Just one tablet a day provides ideal support<br \/>\nProviding your body with the powerful benefits of selenium every day is easy with this NOW Foods selenium supplement. This beneficial mineral is conveniently contained in easy-to-consume tablets. Simply consume one tablet daily to provide your body with a healthy serving of selenium.<\/p>\n<p>&nbsp;<\/p>\n<p>Now Foods Selenium is an essential trace mineral and functions as part of the antioxidant enzyme glutathione perioxidase. Now Foods Selenium is bound to the essential sulfur-containing amino acid, methionine, in a natural form found in food. Selenium in Now Foods Selenium is most abundant in Brazil. Nuts, organ meats, seafood, and wheat germ.<\/p>","protected":false},"excerpt":{"rendered":"<p>Selenium is an essential mineral that plays a crucial role in the functioning of various enzymes in our bodies, while also providing healthy antioxidant benefits. Selenium acts as a catalyst for the glutathione peroxidase enzyme in the liver to aid in the process of cleansing the blood and removing toxins from the body. Selenium plays a crucial role in liver and thyroid function, thanks to its role as a catalyst for the glutathione peroxidase enzyme. Selenium also helps catalyze thyroid enzymes that are responsible for energy production, supporting healthy energy levels. By improving the efficiency of our body&#039;s most basic function, selenium helps strengthen the immune system to promote overall health. Selenium helps protect cells from oxidative stress and damaging free radicals, providing essential antioxidant support throughout your body.<\/p>","protected":false},"featured_media":424,"template":"","meta":{"om_disable_all_campaigns":false},"product_brand":[],"product_cat":[18,3366,163,433,434,19],"product_tag":[129,126,93,436,91,388,726,435],"class_list":{"0":"post-423","1":"product","2":"type-product","3":"status-publish","4":"has-post-thumbnail","6":"product_cat-beaute-sante","7":"product_cat-complements-alimentaires-au-maroc-vitablanca","8":"product_cat-mineraux","9":"product_cat-selenium","10":"product_cat-selenium-2","11":"product_cat-vitamines-supplements-dietetiques","12":"product_tag-now-foods-casa","13":"product_tag-now-foods-iherb","14":"product_tag-now-foods-jumia","15":"product_tag-now-foods-marjane-mall","16":"product_tag-now-foods-maroc","17":"product_tag-now-foods-maroc-avis","18":"product_tag-now-foods-maroc-prix","19":"product_tag-now-foods-selenium","21":"first","22":"instock","23":"sale","24":"taxable","25":"shipping-taxable","26":"purchasable","27":"product-type-simple"},"yoast_head":"<!-- This site is optimized with the Yoast SEO plugin v27.4 - https:\/\/yoast.com\/product\/yoast-seo-wordpress\/ -->\n<title>Now Foods Selenium, 200 mcg, 180 Veg Caps. - Maroc Prix<\/title>\n<meta name=\"description\" content=\"Achetez Now Foods S\u00e9l\u00e9nium 200 mcg au Maroc. 180 capsules v\u00e9g\u00e9tales pour un puissant soutien antioxydant, .Essentiel pour votre bien-\u00eatre.\" \/>\n<meta name=\"robots\" content=\"index, follow, max-snippet:-1, max-image-preview:large, max-video-preview:-1\" \/>\n<link rel=\"canonical\" href=\"https:\/\/vitablanca.ma\/en\/product\/now-foods-selenium-200-mcg-180-veg-caps\/\" \/>\n<meta property=\"og:locale\" content=\"en_US\" \/>\n<meta property=\"og:type\" content=\"article\" \/>\n<meta property=\"og:title\" content=\"Now Foods Selenium, 200 mcg, 180 Veg Caps. - Maroc Prix\" \/>\n<meta property=\"og:description\" content=\"Achetez Now Foods S\u00e9l\u00e9nium 200 mcg au Maroc. 180 capsules v\u00e9g\u00e9tales pour un puissant soutien antioxydant, .Essentiel pour votre bien-\u00eatre.\" \/>\n<meta property=\"og:url\" content=\"https:\/\/vitablanca.ma\/en\/product\/now-foods-selenium-200-mcg-180-veg-caps\/\" \/>\n<meta property=\"og:site_name\" content=\"Vitablanca.ma &ndash; Sant&eacute;, vitalit&eacute; et bien-&ecirc;tre pour tous les Marocains\" \/>\n<meta property=\"article:publisher\" content=\"https:\/\/www.facebook.com\/profile.php?id=61576678196717\" \/>\n<meta property=\"article:modified_time\" content=\"2025-12-02T16:07:39+00:00\" \/>\n<meta property=\"og:image\" content=\"https:\/\/vitablanca.ma\/wp-content\/uploads\/2025\/04\/now-foods-selenium-200-mcg-180-veg-caps.jpg\" \/>\n\t<meta property=\"og:image:width\" content=\"680\" \/>\n\t<meta property=\"og:image:height\" content=\"680\" \/>\n\t<meta property=\"og:image:type\" content=\"image\/jpeg\" \/>\n<meta name=\"twitter:card\" content=\"summary_large_image\" \/>\n<meta name=\"twitter:label1\" content=\"Est. reading time\" \/>\n\t<meta name=\"twitter:data1\" content=\"4 minutes\" \/>\n<script type=\"application\/ld+json\" class=\"yoast-schema-graph\">{\"@context\":\"https:\\\/\\\/schema.org\",\"@graph\":[{\"@type\":[\"WebPage\",\"ItemPage\"],\"@id\":\"https:\\\/\\\/vitablanca.ma\\\/produit\\\/now-foods-selenium-200-mcg-180-veg-caps\\\/\",\"url\":\"https:\\\/\\\/vitablanca.ma\\\/produit\\\/now-foods-selenium-200-mcg-180-veg-caps\\\/\",\"name\":\"Now Foods Selenium, 200 mcg, 180 Veg Caps. - Maroc Prix\",\"isPartOf\":{\"@id\":\"https:\\\/\\\/vitablanca.ma\\\/#website\"},\"primaryImageOfPage\":{\"@id\":\"https:\\\/\\\/vitablanca.ma\\\/produit\\\/now-foods-selenium-200-mcg-180-veg-caps\\\/#primaryimage\"},\"image\":{\"@id\":\"https:\\\/\\\/vitablanca.ma\\\/produit\\\/now-foods-selenium-200-mcg-180-veg-caps\\\/#primaryimage\"},\"thumbnailUrl\":\"https:\\\/\\\/vitablanca.ma\\\/wp-content\\\/uploads\\\/2025\\\/04\\\/now-foods-selenium-200-mcg-180-veg-caps.jpg\",\"datePublished\":\"2025-04-23T01:10:32+00:00\",\"dateModified\":\"2025-12-02T16:07:39+00:00\",\"description\":\"Achetez Now Foods S\u00e9l\u00e9nium 200 mcg au Maroc. 180 capsules v\u00e9g\u00e9tales pour un puissant soutien antioxydant, .Essentiel pour votre bien-\u00eatre.\",\"breadcrumb\":{\"@id\":\"https:\\\/\\\/vitablanca.ma\\\/produit\\\/now-foods-selenium-200-mcg-180-veg-caps\\\/#breadcrumb\"},\"inLanguage\":\"en-US\",\"potentialAction\":[{\"@type\":\"ReadAction\",\"target\":[\"https:\\\/\\\/vitablanca.ma\\\/produit\\\/now-foods-selenium-200-mcg-180-veg-caps\\\/\"]}]},{\"@type\":\"ImageObject\",\"inLanguage\":\"en-US\",\"@id\":\"https:\\\/\\\/vitablanca.ma\\\/produit\\\/now-foods-selenium-200-mcg-180-veg-caps\\\/#primaryimage\",\"url\":\"https:\\\/\\\/vitablanca.ma\\\/wp-content\\\/uploads\\\/2025\\\/04\\\/now-foods-selenium-200-mcg-180-veg-caps.jpg\",\"contentUrl\":\"https:\\\/\\\/vitablanca.ma\\\/wp-content\\\/uploads\\\/2025\\\/04\\\/now-foods-selenium-200-mcg-180-veg-caps.jpg\",\"width\":680,\"height\":680},{\"@type\":\"BreadcrumbList\",\"@id\":\"https:\\\/\\\/vitablanca.ma\\\/produit\\\/now-foods-selenium-200-mcg-180-veg-caps\\\/#breadcrumb\",\"itemListElement\":[{\"@type\":\"ListItem\",\"position\":1,\"name\":\"Home\",\"item\":\"https:\\\/\\\/vitablanca.ma\\\/\"},{\"@type\":\"ListItem\",\"position\":2,\"name\":\"Tous Les Produits\",\"item\":\"https:\\\/\\\/vitablanca.ma\\\/tous-les-produits\\\/\"},{\"@type\":\"ListItem\",\"position\":3,\"name\":\"Now Foods Selenium, 200 mcg, 180 Veg Caps.\"}]},{\"@type\":\"WebSite\",\"@id\":\"https:\\\/\\\/vitablanca.ma\\\/#website\",\"url\":\"https:\\\/\\\/vitablanca.ma\\\/\",\"name\":\"VitaBlanca.ma | Compl\u00e9ments alimentaires, sant\u00e9 & beaut\u00e9 au Maroc\",\"description\":\"vendre vitamines et compl\u00e9ments premium des USA &amp; Canada, Nouvelle Z\u00e9lande,Maroc (NOW Foods, Solgar, Manuka). Livraison rapide partout au Maroc.\",\"publisher\":{\"@id\":\"https:\\\/\\\/vitablanca.ma\\\/#organization\"},\"alternateName\":\"VitaBlanca.ma\",\"potentialAction\":[{\"@type\":\"SearchAction\",\"target\":{\"@type\":\"EntryPoint\",\"urlTemplate\":\"https:\\\/\\\/vitablanca.ma\\\/?s={search_term_string}\"},\"query-input\":{\"@type\":\"PropertyValueSpecification\",\"valueRequired\":true,\"valueName\":\"search_term_string\"}}],\"inLanguage\":\"en-US\"},{\"@type\":\"Organization\",\"@id\":\"https:\\\/\\\/vitablanca.ma\\\/#organization\",\"name\":\"VitaBlanca\",\"url\":\"https:\\\/\\\/vitablanca.ma\\\/\",\"logo\":{\"@type\":\"ImageObject\",\"inLanguage\":\"en-US\",\"@id\":\"https:\\\/\\\/vitablanca.ma\\\/#\\\/schema\\\/logo\\\/image\\\/\",\"url\":\"https:\\\/\\\/vitablanca.ma\\\/wp-content\\\/uploads\\\/2025\\\/05\\\/cropped-vitablanca.png\",\"contentUrl\":\"https:\\\/\\\/vitablanca.ma\\\/wp-content\\\/uploads\\\/2025\\\/05\\\/cropped-vitablanca.png\",\"width\":360,\"height\":67,\"caption\":\"VitaBlanca\"},\"image\":{\"@id\":\"https:\\\/\\\/vitablanca.ma\\\/#\\\/schema\\\/logo\\\/image\\\/\"},\"sameAs\":[\"https:\\\/\\\/www.facebook.com\\\/profile.php?id=61576678196717\",\"https:\\\/\\\/www.tiktok.com\\\/@vitablanca.ma\",\"https:\\\/\\\/www.instagram.com\\\/vitablanca.ma\\\/\"]}]}<\/script>\n<!-- \/ Yoast SEO plugin. -->","yoast_head_json":{"title":"Now Foods Selenium, 200 mcg, 180 Veg Caps. - Morocco Prices","description":"Buy Now Foods Selenium 200 mcg in Morocco. 180 vegetarian capsules for powerful antioxidant support. Essential for your well-being.","robots":{"index":"index","follow":"follow","max-snippet":"max-snippet:-1","max-image-preview":"max-image-preview:large","max-video-preview":"max-video-preview:-1"},"canonical":"https:\/\/vitablanca.ma\/en\/product\/now-foods-selenium-200-mcg-180-veg-caps\/","og_locale":"en_US","og_type":"article","og_title":"Now Foods Selenium, 200 mcg, 180 Veg Caps. - Maroc Prix","og_description":"Achetez Now Foods S\u00e9l\u00e9nium 200 mcg au Maroc. 180 capsules v\u00e9g\u00e9tales pour un puissant soutien antioxydant, .Essentiel pour votre bien-\u00eatre.","og_url":"https:\/\/vitablanca.ma\/en\/product\/now-foods-selenium-200-mcg-180-veg-caps\/","og_site_name":"Vitablanca.ma &ndash; Sant&eacute;, vitalit&eacute; et bien-&ecirc;tre pour tous les Marocains","article_publisher":"https:\/\/www.facebook.com\/profile.php?id=61576678196717","article_modified_time":"2025-12-02T16:07:39+00:00","og_image":[{"width":680,"height":680,"url":"https:\/\/vitablanca.ma\/wp-content\/uploads\/2025\/04\/now-foods-selenium-200-mcg-180-veg-caps.jpg","type":"image\/jpeg"}],"twitter_card":"summary_large_image","twitter_misc":{"Est. reading time":"4 minutes"},"schema":{"@context":"https:\/\/schema.org","@graph":[{"@type":["WebPage","ItemPage"],"@id":"https:\/\/vitablanca.ma\/produit\/now-foods-selenium-200-mcg-180-veg-caps\/","url":"https:\/\/vitablanca.ma\/produit\/now-foods-selenium-200-mcg-180-veg-caps\/","name":"Now Foods Selenium, 200 mcg, 180 Veg Caps. - Morocco Prices","isPartOf":{"@id":"https:\/\/vitablanca.ma\/#website"},"primaryImageOfPage":{"@id":"https:\/\/vitablanca.ma\/produit\/now-foods-selenium-200-mcg-180-veg-caps\/#primaryimage"},"image":{"@id":"https:\/\/vitablanca.ma\/produit\/now-foods-selenium-200-mcg-180-veg-caps\/#primaryimage"},"thumbnailUrl":"https:\/\/vitablanca.ma\/wp-content\/uploads\/2025\/04\/now-foods-selenium-200-mcg-180-veg-caps.jpg","datePublished":"2025-04-23T01:10:32+00:00","dateModified":"2025-12-02T16:07:39+00:00","description":"Buy Now Foods Selenium 200 mcg in Morocco. 180 vegetarian capsules for powerful antioxidant support. Essential for your well-being.","breadcrumb":{"@id":"https:\/\/vitablanca.ma\/produit\/now-foods-selenium-200-mcg-180-veg-caps\/#breadcrumb"},"inLanguage":"en-US","potentialAction":[{"@type":"ReadAction","target":["https:\/\/vitablanca.ma\/produit\/now-foods-selenium-200-mcg-180-veg-caps\/"]}]},{"@type":"ImageObject","inLanguage":"en-US","@id":"https:\/\/vitablanca.ma\/produit\/now-foods-selenium-200-mcg-180-veg-caps\/#primaryimage","url":"https:\/\/vitablanca.ma\/wp-content\/uploads\/2025\/04\/now-foods-selenium-200-mcg-180-veg-caps.jpg","contentUrl":"https:\/\/vitablanca.ma\/wp-content\/uploads\/2025\/04\/now-foods-selenium-200-mcg-180-veg-caps.jpg","width":680,"height":680},{"@type":"BreadcrumbList","@id":"https:\/\/vitablanca.ma\/produit\/now-foods-selenium-200-mcg-180-veg-caps\/#breadcrumb","itemListElement":[{"@type":"ListItem","position":1,"name":"Home","item":"https:\/\/vitablanca.ma\/"},{"@type":"ListItem","position":2,"name":"Tous Les Produits","item":"https:\/\/vitablanca.ma\/tous-les-produits\/"},{"@type":"ListItem","position":3,"name":"Now Foods Selenium, 200 mcg, 180 Veg Caps."}]},{"@type":"WebSite","@id":"https:\/\/vitablanca.ma\/#website","url":"https:\/\/vitablanca.ma\/","name":"VitaBlanca.ma | Food supplements, health &amp; beauty in Morocco","description":"sell premium vitamins and supplements from USA &amp; Canada, New Zealand, Morocco (NOW Foods, Solgar, Manuka). Fast delivery anywhere in Morocco.","publisher":{"@id":"https:\/\/vitablanca.ma\/#organization"},"alternateName":"VitaBlanca.ma","potentialAction":[{"@type":"SearchAction","target":{"@type":"EntryPoint","urlTemplate":"https:\/\/vitablanca.ma\/?s={search_term_string}"},"query-input":{"@type":"PropertyValueSpecification","valueRequired":true,"valueName":"search_term_string"}}],"inLanguage":"en-US"},{"@type":"Organization","@id":"https:\/\/vitablanca.ma\/#organization","name":"VitaBlanca","url":"https:\/\/vitablanca.ma\/","logo":{"@type":"ImageObject","inLanguage":"en-US","@id":"https:\/\/vitablanca.ma\/#\/schema\/logo\/image\/","url":"https:\/\/vitablanca.ma\/wp-content\/uploads\/2025\/05\/cropped-vitablanca.png","contentUrl":"https:\/\/vitablanca.ma\/wp-content\/uploads\/2025\/05\/cropped-vitablanca.png","width":360,"height":67,"caption":"VitaBlanca"},"image":{"@id":"https:\/\/vitablanca.ma\/#\/schema\/logo\/image\/"},"sameAs":["https:\/\/www.facebook.com\/profile.php?id=61576678196717","https:\/\/www.tiktok.com\/@vitablanca.ma","https:\/\/www.instagram.com\/vitablanca.ma\/"]}]}},"jetpack_sharing_enabled":true,"_links":{"self":[{"href":"https:\/\/vitablanca.ma\/en\/wp-json\/wp\/v2\/product\/423","targetHints":{"allow":["GET"]}}],"collection":[{"href":"https:\/\/vitablanca.ma\/en\/wp-json\/wp\/v2\/product"}],"about":[{"href":"https:\/\/vitablanca.ma\/en\/wp-json\/wp\/v2\/types\/product"}],"wp:featuredmedia":[{"embeddable":true,"href":"https:\/\/vitablanca.ma\/en\/wp-json\/wp\/v2\/media\/424"}],"wp:attachment":[{"href":"https:\/\/vitablanca.ma\/en\/wp-json\/wp\/v2\/media?parent=423"}],"wp:term":[{"taxonomy":"product_brand","embeddable":true,"href":"https:\/\/vitablanca.ma\/en\/wp-json\/wp\/v2\/product_brand?post=423"},{"taxonomy":"product_cat","embeddable":true,"href":"https:\/\/vitablanca.ma\/en\/wp-json\/wp\/v2\/product_cat?post=423"},{"taxonomy":"product_tag","embeddable":true,"href":"https:\/\/vitablanca.ma\/en\/wp-json\/wp\/v2\/product_tag?post=423"}],"curies":[{"name":"wp","href":"https:\/\/api.w.org\/{rel}","templated":true}]}}