{"id":415,"date":"2025-04-23T00:39:19","date_gmt":"2025-04-23T00:39:19","guid":{"rendered":"https:\/\/vitablanca.ma\/?post_type=product&#038;p=415"},"modified":"2025-11-29T13:11:11","modified_gmt":"2025-11-29T13:11:11","slug":"natural-balance-great-curves-60-vegetarian-capsules","status":"publish","type":"product","link":"https:\/\/vitablanca.ma\/en\/product\/natural-balance-great-curves-60-vegetarian-capsules\/","title":{"rendered":"Natural Balance Great Curves, 60 Vegetarian Capsules"},"content":{"rendered":"<p>Fenugreek is traditionally used in Indian and Chinese medicine for the support of women.<\/p>\n<p>Fennel is native to the Mediterranean region and has been commonly used to support breast health.<\/p>\n<p>Saw Palmetto is often used by women for curve support.<\/p>\n<p>Wild yam and soybean extract are phytoestrogens intended to help support healthy estrogen activity.<\/p>\n<p>Licorice and lemon balm are often used by women for curve support.<\/p>\n<p>Natural Balance is pleased to offer Great Curves, nature&#039;s alternative for women&#039;s breast health. Great Curves is formulated with time-tested plants and herbs that have been traditionally used by many women. Great Curves, rediscover your natural beauty!<\/p>\n<p>Baywood for Women \u2013 Products bearing the Baywood for Women logo are formulated and designed to meet the specific nutritional needs of women. Baywood for Women products represent the highest level of quality.<\/p>\n<p>Suggested Use<\/p>\n<p>Take two tablets daily with meals or a glass of water. Store in a cool, dry place.<\/p>\n<p>Nature&#039;s Breast Support Formula<\/p>\n<p>Baywood for women<\/p>\n<p>Food supplement<\/p>","protected":false},"excerpt":{"rendered":"<ul>\n<li>Nature&#039;s Breast Support Formula<\/li>\n<li>Baywood for women<\/li>\n<li>Food supplement<\/li>\n<li>Fenugreek is traditionally used in Indian and Chinese medicine for the support of women.<\/li>\n<li>Fennel is native to the Mediterranean region and has been commonly used to support breast health.<\/li>\n<li>Saw Palmetto is often used by women for curve support.<\/li>\n<\/ul>","protected":false},"featured_media":417,"template":"","meta":{"om_disable_all_campaigns":false},"product_brand":[],"product_cat":[18,3366,20,19],"product_tag":[424,418,420,422,423,421,419,425],"class_list":{"0":"post-415","1":"product","2":"type-product","3":"status-publish","4":"has-post-thumbnail","6":"product_cat-beaute-sante","7":"product_cat-complements-alimentaires-au-maroc-vitablanca","8":"product_cat-supplements","9":"product_cat-vitamines-supplements-dietetiques","10":"product_tag-baywood-for-women","11":"product_tag-great-curves","12":"product_tag-natural-balance-iherb","13":"product_tag-natural-balance-jumia","14":"product_tag-natural-balance-marjane-mall","15":"product_tag-natural-balance-maroc","16":"product_tag-natural-balance-prix","17":"product_tag-nutritionnels-specifiques","19":"first","20":"instock","21":"sale","22":"taxable","23":"shipping-taxable","24":"purchasable","25":"product-type-simple"},"yoast_head":"<!-- This site is optimized with the Yoast SEO plugin v27.4 - https:\/\/yoast.com\/product\/yoast-seo-wordpress\/ -->\n<title>Natural Balance Great Curves, 60 Vegetarian Capsules - Maroc Prix<\/title>\n<meta name=\"description\" content=\"Achetez Natural Balance Great Curves (60 capsules) au Maroc. Un m\u00e9lange d&#039;herbes pour le soutien hormonal f\u00e9minin et le bien-\u00eatre g\u00e9n\u00e9ral.\" \/>\n<meta name=\"robots\" content=\"index, follow, max-snippet:-1, max-image-preview:large, max-video-preview:-1\" \/>\n<link rel=\"canonical\" href=\"https:\/\/vitablanca.ma\/en\/product\/natural-balance-great-curves-60-vegetarian-capsules\/\" \/>\n<meta property=\"og:locale\" content=\"en_US\" \/>\n<meta property=\"og:type\" content=\"article\" \/>\n<meta property=\"og:title\" content=\"Natural Balance Great Curves, 60 Vegetarian Capsules - Maroc Prix\" \/>\n<meta property=\"og:description\" content=\"Achetez Natural Balance Great Curves (60 capsules) au Maroc. Un m\u00e9lange d&#039;herbes pour le soutien hormonal f\u00e9minin et le bien-\u00eatre g\u00e9n\u00e9ral.\" \/>\n<meta property=\"og:url\" content=\"https:\/\/vitablanca.ma\/en\/product\/natural-balance-great-curves-60-vegetarian-capsules\/\" \/>\n<meta property=\"og:site_name\" content=\"Vitablanca.ma &ndash; Sant&eacute;, vitalit&eacute; et bien-&ecirc;tre pour tous les Marocains\" \/>\n<meta property=\"article:publisher\" content=\"https:\/\/www.facebook.com\/profile.php?id=61576678196717\" \/>\n<meta property=\"article:modified_time\" content=\"2025-11-29T13:11:11+00:00\" \/>\n<meta property=\"og:image\" content=\"https:\/\/vitablanca.ma\/wp-content\/uploads\/2025\/04\/natural-balance-great-curves-60-vegetarian-capsules-.jpg\" \/>\n\t<meta property=\"og:image:width\" content=\"680\" \/>\n\t<meta property=\"og:image:height\" content=\"680\" \/>\n\t<meta property=\"og:image:type\" content=\"image\/jpeg\" \/>\n<meta name=\"twitter:card\" content=\"summary_large_image\" \/>\n<meta name=\"twitter:label1\" content=\"Est. reading time\" \/>\n\t<meta name=\"twitter:data1\" content=\"2 minutes\" \/>\n<script type=\"application\/ld+json\" class=\"yoast-schema-graph\">{\"@context\":\"https:\\\/\\\/schema.org\",\"@graph\":[{\"@type\":[\"WebPage\",\"ItemPage\"],\"@id\":\"https:\\\/\\\/vitablanca.ma\\\/produit\\\/natural-balance-great-curves-60-vegetarian-capsules\\\/\",\"url\":\"https:\\\/\\\/vitablanca.ma\\\/produit\\\/natural-balance-great-curves-60-vegetarian-capsules\\\/\",\"name\":\"Natural Balance Great Curves, 60 Vegetarian Capsules - Maroc Prix\",\"isPartOf\":{\"@id\":\"https:\\\/\\\/vitablanca.ma\\\/#website\"},\"primaryImageOfPage\":{\"@id\":\"https:\\\/\\\/vitablanca.ma\\\/produit\\\/natural-balance-great-curves-60-vegetarian-capsules\\\/#primaryimage\"},\"image\":{\"@id\":\"https:\\\/\\\/vitablanca.ma\\\/produit\\\/natural-balance-great-curves-60-vegetarian-capsules\\\/#primaryimage\"},\"thumbnailUrl\":\"https:\\\/\\\/vitablanca.ma\\\/wp-content\\\/uploads\\\/2025\\\/04\\\/natural-balance-great-curves-60-vegetarian-capsules-.jpg\",\"datePublished\":\"2025-04-23T00:39:19+00:00\",\"dateModified\":\"2025-11-29T13:11:11+00:00\",\"description\":\"Achetez Natural Balance Great Curves (60 capsules) au Maroc. Un m\u00e9lange d'herbes pour le soutien hormonal f\u00e9minin et le bien-\u00eatre g\u00e9n\u00e9ral.\",\"breadcrumb\":{\"@id\":\"https:\\\/\\\/vitablanca.ma\\\/produit\\\/natural-balance-great-curves-60-vegetarian-capsules\\\/#breadcrumb\"},\"inLanguage\":\"en-US\",\"potentialAction\":[{\"@type\":\"ReadAction\",\"target\":[\"https:\\\/\\\/vitablanca.ma\\\/produit\\\/natural-balance-great-curves-60-vegetarian-capsules\\\/\"]}]},{\"@type\":\"ImageObject\",\"inLanguage\":\"en-US\",\"@id\":\"https:\\\/\\\/vitablanca.ma\\\/produit\\\/natural-balance-great-curves-60-vegetarian-capsules\\\/#primaryimage\",\"url\":\"https:\\\/\\\/vitablanca.ma\\\/wp-content\\\/uploads\\\/2025\\\/04\\\/natural-balance-great-curves-60-vegetarian-capsules-.jpg\",\"contentUrl\":\"https:\\\/\\\/vitablanca.ma\\\/wp-content\\\/uploads\\\/2025\\\/04\\\/natural-balance-great-curves-60-vegetarian-capsules-.jpg\",\"width\":680,\"height\":680},{\"@type\":\"BreadcrumbList\",\"@id\":\"https:\\\/\\\/vitablanca.ma\\\/produit\\\/natural-balance-great-curves-60-vegetarian-capsules\\\/#breadcrumb\",\"itemListElement\":[{\"@type\":\"ListItem\",\"position\":1,\"name\":\"Home\",\"item\":\"https:\\\/\\\/vitablanca.ma\\\/\"},{\"@type\":\"ListItem\",\"position\":2,\"name\":\"Tous Les Produits\",\"item\":\"https:\\\/\\\/vitablanca.ma\\\/tous-les-produits\\\/\"},{\"@type\":\"ListItem\",\"position\":3,\"name\":\"Natural Balance Great Curves, 60 Vegetarian Capsules\"}]},{\"@type\":\"WebSite\",\"@id\":\"https:\\\/\\\/vitablanca.ma\\\/#website\",\"url\":\"https:\\\/\\\/vitablanca.ma\\\/\",\"name\":\"VitaBlanca.ma | Compl\u00e9ments alimentaires, sant\u00e9 & beaut\u00e9 au Maroc\",\"description\":\"vendre vitamines et compl\u00e9ments premium des USA &amp; Canada, Nouvelle Z\u00e9lande,Maroc (NOW Foods, Solgar, Manuka). Livraison rapide partout au Maroc.\",\"publisher\":{\"@id\":\"https:\\\/\\\/vitablanca.ma\\\/#organization\"},\"alternateName\":\"VitaBlanca.ma\",\"potentialAction\":[{\"@type\":\"SearchAction\",\"target\":{\"@type\":\"EntryPoint\",\"urlTemplate\":\"https:\\\/\\\/vitablanca.ma\\\/?s={search_term_string}\"},\"query-input\":{\"@type\":\"PropertyValueSpecification\",\"valueRequired\":true,\"valueName\":\"search_term_string\"}}],\"inLanguage\":\"en-US\"},{\"@type\":\"Organization\",\"@id\":\"https:\\\/\\\/vitablanca.ma\\\/#organization\",\"name\":\"VitaBlanca\",\"url\":\"https:\\\/\\\/vitablanca.ma\\\/\",\"logo\":{\"@type\":\"ImageObject\",\"inLanguage\":\"en-US\",\"@id\":\"https:\\\/\\\/vitablanca.ma\\\/#\\\/schema\\\/logo\\\/image\\\/\",\"url\":\"https:\\\/\\\/vitablanca.ma\\\/wp-content\\\/uploads\\\/2025\\\/05\\\/cropped-vitablanca.png\",\"contentUrl\":\"https:\\\/\\\/vitablanca.ma\\\/wp-content\\\/uploads\\\/2025\\\/05\\\/cropped-vitablanca.png\",\"width\":360,\"height\":67,\"caption\":\"VitaBlanca\"},\"image\":{\"@id\":\"https:\\\/\\\/vitablanca.ma\\\/#\\\/schema\\\/logo\\\/image\\\/\"},\"sameAs\":[\"https:\\\/\\\/www.facebook.com\\\/profile.php?id=61576678196717\",\"https:\\\/\\\/www.tiktok.com\\\/@vitablanca.ma\",\"https:\\\/\\\/www.instagram.com\\\/vitablanca.ma\\\/\"]}]}<\/script>\n<!-- \/ Yoast SEO plugin. -->","yoast_head_json":{"title":"Natural Balance Great Curves, 60 Vegetarian Capsules - Morocco Price","description":"Buy Natural Balance Great Curves (60 capsules) in Morocco. A herbal blend for female hormonal support and overall well-being.","robots":{"index":"index","follow":"follow","max-snippet":"max-snippet:-1","max-image-preview":"max-image-preview:large","max-video-preview":"max-video-preview:-1"},"canonical":"https:\/\/vitablanca.ma\/en\/product\/natural-balance-great-curves-60-vegetarian-capsules\/","og_locale":"en_US","og_type":"article","og_title":"Natural Balance Great Curves, 60 Vegetarian Capsules - Maroc Prix","og_description":"Achetez Natural Balance Great Curves (60 capsules) au Maroc. Un m\u00e9lange d'herbes pour le soutien hormonal f\u00e9minin et le bien-\u00eatre g\u00e9n\u00e9ral.","og_url":"https:\/\/vitablanca.ma\/en\/product\/natural-balance-great-curves-60-vegetarian-capsules\/","og_site_name":"Vitablanca.ma &ndash; Sant&eacute;, vitalit&eacute; et bien-&ecirc;tre pour tous les Marocains","article_publisher":"https:\/\/www.facebook.com\/profile.php?id=61576678196717","article_modified_time":"2025-11-29T13:11:11+00:00","og_image":[{"width":680,"height":680,"url":"https:\/\/vitablanca.ma\/wp-content\/uploads\/2025\/04\/natural-balance-great-curves-60-vegetarian-capsules-.jpg","type":"image\/jpeg"}],"twitter_card":"summary_large_image","twitter_misc":{"Est. reading time":"2 minutes"},"schema":{"@context":"https:\/\/schema.org","@graph":[{"@type":["WebPage","ItemPage"],"@id":"https:\/\/vitablanca.ma\/produit\/natural-balance-great-curves-60-vegetarian-capsules\/","url":"https:\/\/vitablanca.ma\/produit\/natural-balance-great-curves-60-vegetarian-capsules\/","name":"Natural Balance Great Curves, 60 Vegetarian Capsules - Morocco Price","isPartOf":{"@id":"https:\/\/vitablanca.ma\/#website"},"primaryImageOfPage":{"@id":"https:\/\/vitablanca.ma\/produit\/natural-balance-great-curves-60-vegetarian-capsules\/#primaryimage"},"image":{"@id":"https:\/\/vitablanca.ma\/produit\/natural-balance-great-curves-60-vegetarian-capsules\/#primaryimage"},"thumbnailUrl":"https:\/\/vitablanca.ma\/wp-content\/uploads\/2025\/04\/natural-balance-great-curves-60-vegetarian-capsules-.jpg","datePublished":"2025-04-23T00:39:19+00:00","dateModified":"2025-11-29T13:11:11+00:00","description":"Buy Natural Balance Great Curves (60 capsules) in Morocco. A herbal blend for female hormonal support and overall well-being.","breadcrumb":{"@id":"https:\/\/vitablanca.ma\/produit\/natural-balance-great-curves-60-vegetarian-capsules\/#breadcrumb"},"inLanguage":"en-US","potentialAction":[{"@type":"ReadAction","target":["https:\/\/vitablanca.ma\/produit\/natural-balance-great-curves-60-vegetarian-capsules\/"]}]},{"@type":"ImageObject","inLanguage":"en-US","@id":"https:\/\/vitablanca.ma\/produit\/natural-balance-great-curves-60-vegetarian-capsules\/#primaryimage","url":"https:\/\/vitablanca.ma\/wp-content\/uploads\/2025\/04\/natural-balance-great-curves-60-vegetarian-capsules-.jpg","contentUrl":"https:\/\/vitablanca.ma\/wp-content\/uploads\/2025\/04\/natural-balance-great-curves-60-vegetarian-capsules-.jpg","width":680,"height":680},{"@type":"BreadcrumbList","@id":"https:\/\/vitablanca.ma\/produit\/natural-balance-great-curves-60-vegetarian-capsules\/#breadcrumb","itemListElement":[{"@type":"ListItem","position":1,"name":"Home","item":"https:\/\/vitablanca.ma\/"},{"@type":"ListItem","position":2,"name":"Tous Les Produits","item":"https:\/\/vitablanca.ma\/tous-les-produits\/"},{"@type":"ListItem","position":3,"name":"Natural Balance Great Curves, 60 Vegetarian Capsules"}]},{"@type":"WebSite","@id":"https:\/\/vitablanca.ma\/#website","url":"https:\/\/vitablanca.ma\/","name":"VitaBlanca.ma | Food supplements, health &amp; beauty in Morocco","description":"sell premium vitamins and supplements from USA &amp; Canada, New Zealand, Morocco (NOW Foods, Solgar, Manuka). Fast delivery anywhere in Morocco.","publisher":{"@id":"https:\/\/vitablanca.ma\/#organization"},"alternateName":"VitaBlanca.ma","potentialAction":[{"@type":"SearchAction","target":{"@type":"EntryPoint","urlTemplate":"https:\/\/vitablanca.ma\/?s={search_term_string}"},"query-input":{"@type":"PropertyValueSpecification","valueRequired":true,"valueName":"search_term_string"}}],"inLanguage":"en-US"},{"@type":"Organization","@id":"https:\/\/vitablanca.ma\/#organization","name":"VitaBlanca","url":"https:\/\/vitablanca.ma\/","logo":{"@type":"ImageObject","inLanguage":"en-US","@id":"https:\/\/vitablanca.ma\/#\/schema\/logo\/image\/","url":"https:\/\/vitablanca.ma\/wp-content\/uploads\/2025\/05\/cropped-vitablanca.png","contentUrl":"https:\/\/vitablanca.ma\/wp-content\/uploads\/2025\/05\/cropped-vitablanca.png","width":360,"height":67,"caption":"VitaBlanca"},"image":{"@id":"https:\/\/vitablanca.ma\/#\/schema\/logo\/image\/"},"sameAs":["https:\/\/www.facebook.com\/profile.php?id=61576678196717","https:\/\/www.tiktok.com\/@vitablanca.ma","https:\/\/www.instagram.com\/vitablanca.ma\/"]}]}},"jetpack_sharing_enabled":true,"_links":{"self":[{"href":"https:\/\/vitablanca.ma\/en\/wp-json\/wp\/v2\/product\/415","targetHints":{"allow":["GET"]}}],"collection":[{"href":"https:\/\/vitablanca.ma\/en\/wp-json\/wp\/v2\/product"}],"about":[{"href":"https:\/\/vitablanca.ma\/en\/wp-json\/wp\/v2\/types\/product"}],"wp:featuredmedia":[{"embeddable":true,"href":"https:\/\/vitablanca.ma\/en\/wp-json\/wp\/v2\/media\/417"}],"wp:attachment":[{"href":"https:\/\/vitablanca.ma\/en\/wp-json\/wp\/v2\/media?parent=415"}],"wp:term":[{"taxonomy":"product_brand","embeddable":true,"href":"https:\/\/vitablanca.ma\/en\/wp-json\/wp\/v2\/product_brand?post=415"},{"taxonomy":"product_cat","embeddable":true,"href":"https:\/\/vitablanca.ma\/en\/wp-json\/wp\/v2\/product_cat?post=415"},{"taxonomy":"product_tag","embeddable":true,"href":"https:\/\/vitablanca.ma\/en\/wp-json\/wp\/v2\/product_tag?post=415"}],"curies":[{"name":"wp","href":"https:\/\/api.w.org\/{rel}","templated":true}]}}