{"id":411,"date":"2025-04-23T00:15:10","date_gmt":"2025-04-23T00:15:10","guid":{"rendered":"https:\/\/vitablanca.ma\/?post_type=product&#038;p=411"},"modified":"2025-08-30T21:28:43","modified_gmt":"2025-08-30T21:28:43","slug":"dr-mercola-l-threonate-de-magnesium-90-capsules","status":"publish","type":"product","link":"https:\/\/vitablanca.ma\/en\/product\/dr-mercola-l-threonate-de-magnesium-90-capsules\/","title":{"rendered":"Dr Mercola Magnesium L-Threonate \u2013 90 Capsules"},"content":{"rendered":"<p>Le Dr Mercola, expert en sant\u00e9 naturelle, a pour objectif de mettre fin \u00e0 l\u2019\u00e9pid\u00e9mie de maladies et de probl\u00e8mes de sant\u00e9 en Am\u00e9rique en vous permettant de prendre le contr\u00f4le de votre sant\u00e9. Il a fond\u00e9 Mercola.com dans 1997 afin de pouvoir partager les informations et les produits les plus r\u00e9cents qui soutiennent votre sant\u00e9 naturelle. Le magn\u00e9sium L-thr\u00e9onate de M. Mercola vise \u00e0 \u00e9liminer la fatigue et les faiblesses pouvant r\u00e9sulter d\u2019une carence en magn\u00e9sium. Chaque portion de 3 g\u00e9lules de L-Thr\u00e9onate de Magn\u00e9sium vous fournit 2,000 mg du L-Thr\u00e9onate de magn\u00e9sium \u201cMagtein\u201d, qui contient la marque d\u00e9pos\u00e9e, y compris 144 mg de magn\u00e9sium. Son syst\u00e8me d\u2019administration actuel utilise une forme de poudre de Magtein pour vous permettre une meilleure absorption que d\u2019autres formes de suppl\u00e9ments de magn\u00e9sium.<\/p>\n<p>3 capsules daily<\/p>\n<p>Eco-friendly glass packaging<\/p>\n<p>GMO-free<\/p>\n<p>Narcotics Magnesium Deficiency<\/p>\n<p>\u00c0 mesure que vous vieillissez, votre corps absorbe moins efficacement les vitamines et les min\u00e9raux essentiels, m\u00eame si vous \u00eates fier d\u2019un r\u00e9gime alimentaire sain, riche en l\u00e9gumes biologiques. Le magn\u00e9sium est l\u2019un de ces min\u00e9raux, et les experts estiment que pas moins de 80 % des Am\u00e9ricains n\u2019en consomment pas assez. Comme il ne reste que tr\u00e8s peu de ce min\u00e9ral dans votre sang, le Dr Mercola a d\u00e9clar\u00e9 qu\u2019il n\u2019existait pas de test sanguin pr\u00e9cis qui le placerait en t\u00eate de liste des pr\u00e9occupations de votre m\u00e9decin.<\/p>\n<p>Don&#039;t exhaust yourself<\/p>\n<p>You don&#039;t want to be deficient in magnesium, as it&#039;s one of the top 5 most abundant minerals in your body and is present in over 300 different bodily enzymes. Your bones account for half of the total magnesium in your body, which is especially valuable for brain health. Magnesium L-threonate boosts your energy metabolism and protein synthesis, supporting many physiological functions. Foods like seaweed, basic grains, flax seeds, cumin seeds, parsley, flax seeds, leeks, kale, and almond butter are good sources of magnesium in your diet, but they may not provide you with enough. Time, medications, and convenience are among the factors that can lead to magnesium deficiency, which means you may need to consider a high-quality supplement, like Dr. Mercola&#039;s Magnesium L-threonate.<\/p>","protected":false},"excerpt":{"rendered":"<ul>\n<li>Each 3-capsule serving of Magnesium L-Threonate provides you with 2,000 mg of the trademarked \u201cMagtein\u201d Magnesium L-Threonate, including 144 mg of magnesium.<\/li>\n<li>\u00a0Its current delivery system uses a powdered form of Magtein to allow you better absorption than other forms of magnesium supplements.<\/li>\n<li>3 capsules daily<\/li>\n<\/ul>","protected":false},"featured_media":412,"template":"","meta":{"om_disable_all_campaigns":false},"product_brand":[414],"product_cat":[18,3366,176,163],"product_tag":[416,417,415],"class_list":{"0":"post-411","1":"product","2":"type-product","3":"status-publish","4":"has-post-thumbnail","6":"product_brand-dr-mercola","7":"product_cat-beaute-sante","8":"product_cat-complements-alimentaires-au-maroc-vitablanca","9":"product_cat-magnesium","10":"product_cat-mineraux","11":"product_tag-dr-mercola","12":"product_tag-dr-mercola-prix","13":"product_tag-le-magnesium-l-threonate","15":"first","16":"instock","17":"sale","18":"taxable","19":"shipping-taxable","20":"purchasable","21":"product-type-simple"},"yoast_head":"<!-- This site is optimized with the Yoast SEO plugin v27.5 - https:\/\/yoast.com\/product\/yoast-seo-wordpress\/ -->\n<title>Dr Mercola L-thr\u00e9onate de magn\u00e9sium - 90 Capsules - Maroc Prix<\/title>\n<meta name=\"description\" content=\"Achetez Dr Mercola L-Thr\u00e9onate de Magn\u00e9sium au Maroc. 90 capsules pour soutenir la m\u00e9moire, la concentration et la sant\u00e9 c\u00e9r\u00e9brale. Formule avanc\u00e9e,\" \/>\n<meta name=\"robots\" content=\"index, follow, max-snippet:-1, max-image-preview:large, max-video-preview:-1\" \/>\n<link rel=\"canonical\" href=\"https:\/\/vitablanca.ma\/en\/product\/dr-mercola-l-threonate-de-magnesium-90-capsules\/\" \/>\n<meta property=\"og:locale\" content=\"en_US\" \/>\n<meta property=\"og:type\" content=\"article\" \/>\n<meta property=\"og:title\" content=\"Dr Mercola L-thr\u00e9onate de magn\u00e9sium - 90 Capsules - Maroc Prix\" \/>\n<meta property=\"og:description\" content=\"Achetez Dr Mercola L-Thr\u00e9onate de Magn\u00e9sium au Maroc. 90 capsules pour soutenir la m\u00e9moire, la concentration et la sant\u00e9 c\u00e9r\u00e9brale. Formule avanc\u00e9e,\" \/>\n<meta property=\"og:url\" content=\"https:\/\/vitablanca.ma\/en\/product\/dr-mercola-l-threonate-de-magnesium-90-capsules\/\" \/>\n<meta property=\"og:site_name\" content=\"Vitablanca.ma &ndash; Sant&eacute;, vitalit&eacute; et bien-&ecirc;tre pour tous les Marocains\" \/>\n<meta property=\"article:publisher\" content=\"https:\/\/www.facebook.com\/profile.php?id=61576678196717\" \/>\n<meta property=\"article:modified_time\" content=\"2025-08-30T21:28:43+00:00\" \/>\n<meta property=\"og:image\" content=\"https:\/\/vitablanca.ma\/wp-content\/uploads\/2025\/04\/l-threonate-de-magnesium-90-capsules-dr-mercola-.jpg\" \/>\n\t<meta property=\"og:image:width\" content=\"680\" \/>\n\t<meta property=\"og:image:height\" content=\"680\" \/>\n\t<meta property=\"og:image:type\" content=\"image\/jpeg\" \/>\n<meta name=\"twitter:card\" content=\"summary_large_image\" \/>\n<meta name=\"twitter:label1\" content=\"Est. reading time\" \/>\n\t<meta name=\"twitter:data1\" content=\"3 minutes\" \/>\n<script type=\"application\/ld+json\" class=\"yoast-schema-graph\">{\"@context\":\"https:\\\/\\\/schema.org\",\"@graph\":[{\"@type\":[\"WebPage\",\"ItemPage\"],\"@id\":\"https:\\\/\\\/vitablanca.ma\\\/produit\\\/dr-mercola-l-threonate-de-magnesium-90-capsules\\\/\",\"url\":\"https:\\\/\\\/vitablanca.ma\\\/produit\\\/dr-mercola-l-threonate-de-magnesium-90-capsules\\\/\",\"name\":\"Dr Mercola L-thr\u00e9onate de magn\u00e9sium - 90 Capsules - Maroc Prix\",\"isPartOf\":{\"@id\":\"https:\\\/\\\/vitablanca.ma\\\/#website\"},\"primaryImageOfPage\":{\"@id\":\"https:\\\/\\\/vitablanca.ma\\\/produit\\\/dr-mercola-l-threonate-de-magnesium-90-capsules\\\/#primaryimage\"},\"image\":{\"@id\":\"https:\\\/\\\/vitablanca.ma\\\/produit\\\/dr-mercola-l-threonate-de-magnesium-90-capsules\\\/#primaryimage\"},\"thumbnailUrl\":\"https:\\\/\\\/vitablanca.ma\\\/wp-content\\\/uploads\\\/2025\\\/04\\\/l-threonate-de-magnesium-90-capsules-dr-mercola-.jpg\",\"datePublished\":\"2025-04-23T00:15:10+00:00\",\"dateModified\":\"2025-08-30T21:28:43+00:00\",\"description\":\"Achetez Dr Mercola L-Thr\u00e9onate de Magn\u00e9sium au Maroc. 90 capsules pour soutenir la m\u00e9moire, la concentration et la sant\u00e9 c\u00e9r\u00e9brale. Formule avanc\u00e9e,\",\"breadcrumb\":{\"@id\":\"https:\\\/\\\/vitablanca.ma\\\/produit\\\/dr-mercola-l-threonate-de-magnesium-90-capsules\\\/#breadcrumb\"},\"inLanguage\":\"en-US\",\"potentialAction\":[{\"@type\":\"ReadAction\",\"target\":[\"https:\\\/\\\/vitablanca.ma\\\/produit\\\/dr-mercola-l-threonate-de-magnesium-90-capsules\\\/\"]}]},{\"@type\":\"ImageObject\",\"inLanguage\":\"en-US\",\"@id\":\"https:\\\/\\\/vitablanca.ma\\\/produit\\\/dr-mercola-l-threonate-de-magnesium-90-capsules\\\/#primaryimage\",\"url\":\"https:\\\/\\\/vitablanca.ma\\\/wp-content\\\/uploads\\\/2025\\\/04\\\/l-threonate-de-magnesium-90-capsules-dr-mercola-.jpg\",\"contentUrl\":\"https:\\\/\\\/vitablanca.ma\\\/wp-content\\\/uploads\\\/2025\\\/04\\\/l-threonate-de-magnesium-90-capsules-dr-mercola-.jpg\",\"width\":680,\"height\":680},{\"@type\":\"BreadcrumbList\",\"@id\":\"https:\\\/\\\/vitablanca.ma\\\/produit\\\/dr-mercola-l-threonate-de-magnesium-90-capsules\\\/#breadcrumb\",\"itemListElement\":[{\"@type\":\"ListItem\",\"position\":1,\"name\":\"Home\",\"item\":\"https:\\\/\\\/vitablanca.ma\\\/\"},{\"@type\":\"ListItem\",\"position\":2,\"name\":\"Tous Les Produits\",\"item\":\"https:\\\/\\\/vitablanca.ma\\\/tous-les-produits\\\/\"},{\"@type\":\"ListItem\",\"position\":3,\"name\":\"Dr Mercola L-thr\u00e9onate de magn\u00e9sium &#8211; 90 Capsules\"}]},{\"@type\":\"WebSite\",\"@id\":\"https:\\\/\\\/vitablanca.ma\\\/#website\",\"url\":\"https:\\\/\\\/vitablanca.ma\\\/\",\"name\":\"VitaBlanca.ma | Compl\u00e9ments alimentaires, sant\u00e9 & beaut\u00e9 au Maroc\",\"description\":\"vendre vitamines et compl\u00e9ments premium des USA &amp; Canada, Nouvelle Z\u00e9lande,Maroc (NOW Foods, Solgar, Manuka). Livraison rapide partout au Maroc.\",\"publisher\":{\"@id\":\"https:\\\/\\\/vitablanca.ma\\\/#organization\"},\"alternateName\":\"VitaBlanca.ma\",\"potentialAction\":[{\"@type\":\"SearchAction\",\"target\":{\"@type\":\"EntryPoint\",\"urlTemplate\":\"https:\\\/\\\/vitablanca.ma\\\/?s={search_term_string}\"},\"query-input\":{\"@type\":\"PropertyValueSpecification\",\"valueRequired\":true,\"valueName\":\"search_term_string\"}}],\"inLanguage\":\"en-US\"},{\"@type\":\"Organization\",\"@id\":\"https:\\\/\\\/vitablanca.ma\\\/#organization\",\"name\":\"VitaBlanca\",\"url\":\"https:\\\/\\\/vitablanca.ma\\\/\",\"logo\":{\"@type\":\"ImageObject\",\"inLanguage\":\"en-US\",\"@id\":\"https:\\\/\\\/vitablanca.ma\\\/#\\\/schema\\\/logo\\\/image\\\/\",\"url\":\"https:\\\/\\\/vitablanca.ma\\\/wp-content\\\/uploads\\\/2025\\\/05\\\/cropped-vitablanca.png\",\"contentUrl\":\"https:\\\/\\\/vitablanca.ma\\\/wp-content\\\/uploads\\\/2025\\\/05\\\/cropped-vitablanca.png\",\"width\":360,\"height\":67,\"caption\":\"VitaBlanca\"},\"image\":{\"@id\":\"https:\\\/\\\/vitablanca.ma\\\/#\\\/schema\\\/logo\\\/image\\\/\"},\"sameAs\":[\"https:\\\/\\\/www.facebook.com\\\/profile.php?id=61576678196717\",\"https:\\\/\\\/www.tiktok.com\\\/@vitablanca.ma\",\"https:\\\/\\\/www.instagram.com\\\/vitablanca.ma\\\/\"]}]}<\/script>\n<!-- \/ Yoast SEO plugin. -->","yoast_head_json":{"title":"Dr Mercola Magnesium L-Threonate - 90 Capsules - Morocco Price","description":"Buy Dr. Mercola Magnesium L-Threonate in Morocco. 90 capsules to support memory, focus, and brain health. Advanced formula.","robots":{"index":"index","follow":"follow","max-snippet":"max-snippet:-1","max-image-preview":"max-image-preview:large","max-video-preview":"max-video-preview:-1"},"canonical":"https:\/\/vitablanca.ma\/en\/product\/dr-mercola-l-threonate-de-magnesium-90-capsules\/","og_locale":"en_US","og_type":"article","og_title":"Dr Mercola L-thr\u00e9onate de magn\u00e9sium - 90 Capsules - Maroc Prix","og_description":"Achetez Dr Mercola L-Thr\u00e9onate de Magn\u00e9sium au Maroc. 90 capsules pour soutenir la m\u00e9moire, la concentration et la sant\u00e9 c\u00e9r\u00e9brale. Formule avanc\u00e9e,","og_url":"https:\/\/vitablanca.ma\/en\/product\/dr-mercola-l-threonate-de-magnesium-90-capsules\/","og_site_name":"Vitablanca.ma &ndash; Sant&eacute;, vitalit&eacute; et bien-&ecirc;tre pour tous les Marocains","article_publisher":"https:\/\/www.facebook.com\/profile.php?id=61576678196717","article_modified_time":"2025-08-30T21:28:43+00:00","og_image":[{"width":680,"height":680,"url":"https:\/\/vitablanca.ma\/wp-content\/uploads\/2025\/04\/l-threonate-de-magnesium-90-capsules-dr-mercola-.jpg","type":"image\/jpeg"}],"twitter_card":"summary_large_image","twitter_misc":{"Est. reading time":"3 minutes"},"schema":{"@context":"https:\/\/schema.org","@graph":[{"@type":["WebPage","ItemPage"],"@id":"https:\/\/vitablanca.ma\/produit\/dr-mercola-l-threonate-de-magnesium-90-capsules\/","url":"https:\/\/vitablanca.ma\/produit\/dr-mercola-l-threonate-de-magnesium-90-capsules\/","name":"Dr Mercola Magnesium L-Threonate - 90 Capsules - Morocco Price","isPartOf":{"@id":"https:\/\/vitablanca.ma\/#website"},"primaryImageOfPage":{"@id":"https:\/\/vitablanca.ma\/produit\/dr-mercola-l-threonate-de-magnesium-90-capsules\/#primaryimage"},"image":{"@id":"https:\/\/vitablanca.ma\/produit\/dr-mercola-l-threonate-de-magnesium-90-capsules\/#primaryimage"},"thumbnailUrl":"https:\/\/vitablanca.ma\/wp-content\/uploads\/2025\/04\/l-threonate-de-magnesium-90-capsules-dr-mercola-.jpg","datePublished":"2025-04-23T00:15:10+00:00","dateModified":"2025-08-30T21:28:43+00:00","description":"Buy Dr. Mercola Magnesium L-Threonate in Morocco. 90 capsules to support memory, focus, and brain health. Advanced formula.","breadcrumb":{"@id":"https:\/\/vitablanca.ma\/produit\/dr-mercola-l-threonate-de-magnesium-90-capsules\/#breadcrumb"},"inLanguage":"en-US","potentialAction":[{"@type":"ReadAction","target":["https:\/\/vitablanca.ma\/produit\/dr-mercola-l-threonate-de-magnesium-90-capsules\/"]}]},{"@type":"ImageObject","inLanguage":"en-US","@id":"https:\/\/vitablanca.ma\/produit\/dr-mercola-l-threonate-de-magnesium-90-capsules\/#primaryimage","url":"https:\/\/vitablanca.ma\/wp-content\/uploads\/2025\/04\/l-threonate-de-magnesium-90-capsules-dr-mercola-.jpg","contentUrl":"https:\/\/vitablanca.ma\/wp-content\/uploads\/2025\/04\/l-threonate-de-magnesium-90-capsules-dr-mercola-.jpg","width":680,"height":680},{"@type":"BreadcrumbList","@id":"https:\/\/vitablanca.ma\/produit\/dr-mercola-l-threonate-de-magnesium-90-capsules\/#breadcrumb","itemListElement":[{"@type":"ListItem","position":1,"name":"Home","item":"https:\/\/vitablanca.ma\/"},{"@type":"ListItem","position":2,"name":"Tous Les Produits","item":"https:\/\/vitablanca.ma\/tous-les-produits\/"},{"@type":"ListItem","position":3,"name":"Dr Mercola L-thr\u00e9onate de magn\u00e9sium &#8211; 90 Capsules"}]},{"@type":"WebSite","@id":"https:\/\/vitablanca.ma\/#website","url":"https:\/\/vitablanca.ma\/","name":"VitaBlanca.ma | Food supplements, health &amp; beauty in Morocco","description":"sell premium vitamins and supplements from USA &amp; Canada, New Zealand, Morocco (NOW Foods, Solgar, Manuka). Fast delivery anywhere in Morocco.","publisher":{"@id":"https:\/\/vitablanca.ma\/#organization"},"alternateName":"VitaBlanca.ma","potentialAction":[{"@type":"SearchAction","target":{"@type":"EntryPoint","urlTemplate":"https:\/\/vitablanca.ma\/?s={search_term_string}"},"query-input":{"@type":"PropertyValueSpecification","valueRequired":true,"valueName":"search_term_string"}}],"inLanguage":"en-US"},{"@type":"Organization","@id":"https:\/\/vitablanca.ma\/#organization","name":"VitaBlanca","url":"https:\/\/vitablanca.ma\/","logo":{"@type":"ImageObject","inLanguage":"en-US","@id":"https:\/\/vitablanca.ma\/#\/schema\/logo\/image\/","url":"https:\/\/vitablanca.ma\/wp-content\/uploads\/2025\/05\/cropped-vitablanca.png","contentUrl":"https:\/\/vitablanca.ma\/wp-content\/uploads\/2025\/05\/cropped-vitablanca.png","width":360,"height":67,"caption":"VitaBlanca"},"image":{"@id":"https:\/\/vitablanca.ma\/#\/schema\/logo\/image\/"},"sameAs":["https:\/\/www.facebook.com\/profile.php?id=61576678196717","https:\/\/www.tiktok.com\/@vitablanca.ma","https:\/\/www.instagram.com\/vitablanca.ma\/"]}]}},"jetpack_sharing_enabled":true,"_links":{"self":[{"href":"https:\/\/vitablanca.ma\/en\/wp-json\/wp\/v2\/product\/411","targetHints":{"allow":["GET"]}}],"collection":[{"href":"https:\/\/vitablanca.ma\/en\/wp-json\/wp\/v2\/product"}],"about":[{"href":"https:\/\/vitablanca.ma\/en\/wp-json\/wp\/v2\/types\/product"}],"wp:featuredmedia":[{"embeddable":true,"href":"https:\/\/vitablanca.ma\/en\/wp-json\/wp\/v2\/media\/412"}],"wp:attachment":[{"href":"https:\/\/vitablanca.ma\/en\/wp-json\/wp\/v2\/media?parent=411"}],"wp:term":[{"taxonomy":"product_brand","embeddable":true,"href":"https:\/\/vitablanca.ma\/en\/wp-json\/wp\/v2\/product_brand?post=411"},{"taxonomy":"product_cat","embeddable":true,"href":"https:\/\/vitablanca.ma\/en\/wp-json\/wp\/v2\/product_cat?post=411"},{"taxonomy":"product_tag","embeddable":true,"href":"https:\/\/vitablanca.ma\/en\/wp-json\/wp\/v2\/product_tag?post=411"}],"curies":[{"name":"wp","href":"https:\/\/api.w.org\/{rel}","templated":true}]}}